{"id":3889,"date":"2024-11-06T14:37:32","date_gmt":"2024-11-06T14:37:32","guid":{"rendered":"https:\/\/trevotech.com\/produto\/telehandlers-2\/"},"modified":"2025-08-05T09:55:08","modified_gmt":"2025-08-05T09:55:08","slug":"chariots-telescopiques","status":"publish","type":"product","link":"https:\/\/trevotech.com\/fr\/produto\/chariots-telescopiques\/","title":{"rendered":"Chariots T\u00e9lescopiques"},"content":{"rendered":"<p><span style=\"font-weight: 400;\">Les chariots t\u00e9lescopiques CLAAS, commercialis\u00e9s sous la s\u00e9rie SCORPION, sont des machines haute performance con\u00e7ues pour les travaux agricoles intensifs tels que le gerbage de balles, le chargement de c\u00e9r\u00e9ales et la manutention de mat\u00e9riaux lourds. D\u00e9velopp\u00e9e en partenariat avec Liebherr, la gamme SCORPION propose des mod\u00e8les avec des capacit\u00e9s de levage allant de 3,2 \u00e0 5,6 tonnes et des hauteurs de levage atteignant 9 m\u00e8tres, alliant agilit\u00e9 compacte et performance robuste. Parmi les caract\u00e9ristiques principales figurent le SMART LOADING pour optimiser les cycles de charge, la transmission hydrostatique VARIPOWER pour une acc\u00e9l\u00e9ration fluide, et des syst\u00e8mes de s\u00e9curit\u00e9 intelligents tels que la protection contre les surcharges. La cabine spacieuse assure une excellente visibilit\u00e9, des commandes ergonomiques et des options comme un ventilateur r\u00e9versible et une commande par joystick. Gr\u00e2ce \u00e0 une construction solide et \u00e0 l\u2019int\u00e9gration des outils num\u00e9riques CLAAS, les chariots SCORPION offrent efficacit\u00e9, confort et pr\u00e9cision.<\/span><\/p>\n<p><span style=\"font-weight: 400;\">Les chariots t\u00e9lescopiques CLAAS, commercialis\u00e9s sous la s\u00e9rie SCORPION, sont des machines haute performance con\u00e7ues pour les travaux agricoles intensifs tels que le gerbage de balles, le chargement de c\u00e9r\u00e9ales et la manutention de mat\u00e9riaux lourds. D\u00e9velopp\u00e9e en partenariat avec Liebherr, la gamme SCORPION propose des mod\u00e8les avec des capacit\u00e9s de levage allant de 3,2 \u00e0 5,6 tonnes et des hauteurs de levage atteignant 9 m\u00e8tres, alliant agilit\u00e9 compacte et performance robuste. Parmi les caract\u00e9ristiques principales figurent le SMART LOADING pour optimiser les cycles de charge, la transmission hydrostatique VARIPOWER pour une acc\u00e9l\u00e9ration fluide, et des syst\u00e8mes de s\u00e9curit\u00e9 intelligents tels que la protection contre les surcharges. La cabine spacieuse assure une excellente visibilit\u00e9, des commandes ergonomiques et des options comme un ventilateur r\u00e9versible et une commande par joystick. Gr\u00e2ce \u00e0 une construction solide et \u00e0 l\u2019int\u00e9gration des outils num\u00e9riques CLAAS, les chariots SCORPION offrent efficacit\u00e9, confort et pr\u00e9cision.<\/span><\/p>\n","protected":false},"excerpt":{"rendered":"<p><span style=\"font-weight: 400;\">Les chariots t\u00e9lescopiques CLAAS, commercialis\u00e9s sous la s\u00e9rie SCORPION, sont des machines haute performance con\u00e7ues pour les travaux agricoles intensifs tels que le gerbage de balles, le chargement de c\u00e9r\u00e9ales et la manutention de mat\u00e9riaux lourds. D\u00e9velopp\u00e9e en partenariat avec Liebherr, la gamme SCORPION propose des mod\u00e8les avec des capacit\u00e9s de levage allant de 3,2 \u00e0 5,6 tonnes et des hauteurs de levage atteignant 9 m\u00e8tres, alliant agilit\u00e9 compacte et performance robuste. Parmi les caract\u00e9ristiques principales figurent le SMART LOADING pour optimiser les cycles de charge, la transmission hydrostatique VARIPOWER pour une acc\u00e9l\u00e9ration fluide, et des syst\u00e8mes de s\u00e9curit\u00e9 intelligents tels que la protection contre les surcharges. La cabine spacieuse assure une excellente visibilit\u00e9, des commandes ergonomiques et des options comme un ventilateur r\u00e9versible et une commande par joystick. Gr\u00e2ce \u00e0 une construction solide et \u00e0 l\u2019int\u00e9gration des outils num\u00e9riques CLAAS, les chariots SCORPION offrent efficacit\u00e9, confort et pr\u00e9cision.<\/span><\/p>\n","protected":false},"featured_media":3886,"comment_status":"closed","ping_status":"closed","template":"","meta":{"_acf_changed":false},"product_brand":[],"product_cat":[458],"product_tag":[],"class_list":{"0":"post-3889","1":"product","2":"type-product","3":"status-publish","4":"has-post-thumbnail","6":"product_cat-sem-categoria-fr","7":"setores-agriculture","8":"marcas-claas","9":"tipo_produto-chariots-telescopiques","11":"first","12":"instock","13":"shipping-taxable","14":"product-type-simple"},"acf":[],"yoast_head":"<!-- This site is optimized with the Yoast SEO plugin v25.2 - https:\/\/yoast.com\/wordpress\/plugins\/seo\/ -->\n<title>Chariots T\u00e9lescopiques Claas - Trevotech Group<\/title>\n<meta name=\"description\" content=\"Les chariots t\u00e9lescopiques CLAAS, commercialis\u00e9s sous la s\u00e9rie SCORPION, sont des machines haute performance con\u00e7ues pour les...\" \/>\n<meta name=\"robots\" content=\"index, follow, max-snippet:-1, max-image-preview:large, max-video-preview:-1\" \/>\n<link rel=\"canonical\" href=\"https:\/\/trevotech.com\/fr\/produto\/chariots-telescopiques\/\" \/>\n<meta property=\"og:locale\" content=\"fr_FR\" \/>\n<meta property=\"og:type\" content=\"article\" \/>\n<meta property=\"og:title\" content=\"Chariots T\u00e9lescopiques Claas - Trevotech Group\" \/>\n<meta property=\"og:description\" content=\"Les chariots t\u00e9lescopiques CLAAS, commercialis\u00e9s sous la s\u00e9rie SCORPION, sont des machines haute performance con\u00e7ues pour les...\" \/>\n<meta property=\"og:url\" content=\"https:\/\/trevotech.com\/fr\/produto\/chariots-telescopiques\/\" \/>\n<meta property=\"og:site_name\" content=\"Trevotech Group\" \/>\n<meta property=\"article:modified_time\" content=\"2025-08-05T09:55:08+00:00\" \/>\n<meta property=\"og:image\" content=\"https:\/\/trevotech.com\/wp-content\/uploads\/2025\/07\/claas-01.webp\" \/>\n\t<meta property=\"og:image:width\" content=\"1000\" \/>\n\t<meta property=\"og:image:height\" content=\"1000\" \/>\n\t<meta property=\"og:image:type\" content=\"image\/webp\" \/>\n<meta name=\"twitter:card\" content=\"summary_large_image\" \/>\n<meta name=\"twitter:label1\" content=\"Dur\u00e9e de lecture estim\u00e9e\" \/>\n\t<meta name=\"twitter:data1\" content=\"2 minutes\" \/>\n<script type=\"application\/ld+json\" class=\"yoast-schema-graph\">{\"@context\":\"https:\/\/schema.org\",\"@graph\":[{\"@type\":\"WebPage\",\"@id\":\"https:\/\/trevotech.com\/fr\/produto\/chariots-telescopiques\/\",\"url\":\"https:\/\/trevotech.com\/fr\/produto\/chariots-telescopiques\/\",\"name\":\"Chariots T\u00e9lescopiques Claas - Trevotech Group\",\"isPartOf\":{\"@id\":\"https:\/\/trevotech.com\/fr\/#website\"},\"primaryImageOfPage\":{\"@id\":\"https:\/\/trevotech.com\/fr\/produto\/chariots-telescopiques\/#primaryimage\"},\"image\":{\"@id\":\"https:\/\/trevotech.com\/fr\/produto\/chariots-telescopiques\/#primaryimage\"},\"thumbnailUrl\":\"https:\/\/trevotech.com\/wp-content\/uploads\/2025\/07\/claas-01.webp\",\"datePublished\":\"2024-11-06T14:37:32+00:00\",\"dateModified\":\"2025-08-05T09:55:08+00:00\",\"description\":\"Les chariots t\u00e9lescopiques CLAAS, commercialis\u00e9s sous la s\u00e9rie SCORPION, sont des machines haute performance con\u00e7ues pour les...\",\"breadcrumb\":{\"@id\":\"https:\/\/trevotech.com\/fr\/produto\/chariots-telescopiques\/#breadcrumb\"},\"inLanguage\":\"fr-FR\",\"potentialAction\":[{\"@type\":\"ReadAction\",\"target\":[\"https:\/\/trevotech.com\/fr\/produto\/chariots-telescopiques\/\"]}]},{\"@type\":\"ImageObject\",\"inLanguage\":\"fr-FR\",\"@id\":\"https:\/\/trevotech.com\/fr\/produto\/chariots-telescopiques\/#primaryimage\",\"url\":\"https:\/\/trevotech.com\/wp-content\/uploads\/2025\/07\/claas-01.webp\",\"contentUrl\":\"https:\/\/trevotech.com\/wp-content\/uploads\/2025\/07\/claas-01.webp\",\"width\":1000,\"height\":1000,\"caption\":\"Manipuladores Telesc\u00f3picos\"},{\"@type\":\"BreadcrumbList\",\"@id\":\"https:\/\/trevotech.com\/fr\/produto\/chariots-telescopiques\/#breadcrumb\",\"itemListElement\":[{\"@type\":\"ListItem\",\"position\":1,\"name\":\"In\u00edcio\",\"item\":\"https:\/\/trevotech.com\/fr\/\"},{\"@type\":\"ListItem\",\"position\":2,\"name\":\"Produits\",\"item\":\"https:\/\/trevotech.com\/fr\/shop\/\"},{\"@type\":\"ListItem\",\"position\":3,\"name\":\"Chariots T\u00e9lescopiques\"}]},{\"@type\":\"WebSite\",\"@id\":\"https:\/\/trevotech.com\/fr\/#website\",\"url\":\"https:\/\/trevotech.com\/fr\/\",\"name\":\"Trevotech Group\",\"description\":\"\",\"potentialAction\":[{\"@type\":\"SearchAction\",\"target\":{\"@type\":\"EntryPoint\",\"urlTemplate\":\"https:\/\/trevotech.com\/fr\/?s={search_term_string}\"},\"query-input\":{\"@type\":\"PropertyValueSpecification\",\"valueRequired\":true,\"valueName\":\"search_term_string\"}}],\"inLanguage\":\"fr-FR\"}]}<\/script>\n<!-- \/ Yoast SEO plugin. -->","yoast_head_json":{"title":"Chariots T\u00e9lescopiques Claas - Trevotech Group","description":"Les chariots t\u00e9lescopiques CLAAS, commercialis\u00e9s sous la s\u00e9rie SCORPION, sont des machines haute performance con\u00e7ues pour les...","robots":{"index":"index","follow":"follow","max-snippet":"max-snippet:-1","max-image-preview":"max-image-preview:large","max-video-preview":"max-video-preview:-1"},"canonical":"https:\/\/trevotech.com\/fr\/produto\/chariots-telescopiques\/","og_locale":"fr_FR","og_type":"article","og_title":"Chariots T\u00e9lescopiques Claas - Trevotech Group","og_description":"Les chariots t\u00e9lescopiques CLAAS, commercialis\u00e9s sous la s\u00e9rie SCORPION, sont des machines haute performance con\u00e7ues pour les...","og_url":"https:\/\/trevotech.com\/fr\/produto\/chariots-telescopiques\/","og_site_name":"Trevotech Group","article_modified_time":"2025-08-05T09:55:08+00:00","og_image":[{"width":1000,"height":1000,"url":"https:\/\/trevotech.com\/wp-content\/uploads\/2025\/07\/claas-01.webp","type":"image\/webp"}],"twitter_card":"summary_large_image","twitter_misc":{"Dur\u00e9e de lecture estim\u00e9e":"2 minutes"},"schema":{"@context":"https:\/\/schema.org","@graph":[{"@type":"WebPage","@id":"https:\/\/trevotech.com\/fr\/produto\/chariots-telescopiques\/","url":"https:\/\/trevotech.com\/fr\/produto\/chariots-telescopiques\/","name":"Chariots T\u00e9lescopiques Claas - Trevotech Group","isPartOf":{"@id":"https:\/\/trevotech.com\/fr\/#website"},"primaryImageOfPage":{"@id":"https:\/\/trevotech.com\/fr\/produto\/chariots-telescopiques\/#primaryimage"},"image":{"@id":"https:\/\/trevotech.com\/fr\/produto\/chariots-telescopiques\/#primaryimage"},"thumbnailUrl":"https:\/\/trevotech.com\/wp-content\/uploads\/2025\/07\/claas-01.webp","datePublished":"2024-11-06T14:37:32+00:00","dateModified":"2025-08-05T09:55:08+00:00","description":"Les chariots t\u00e9lescopiques CLAAS, commercialis\u00e9s sous la s\u00e9rie SCORPION, sont des machines haute performance con\u00e7ues pour les...","breadcrumb":{"@id":"https:\/\/trevotech.com\/fr\/produto\/chariots-telescopiques\/#breadcrumb"},"inLanguage":"fr-FR","potentialAction":[{"@type":"ReadAction","target":["https:\/\/trevotech.com\/fr\/produto\/chariots-telescopiques\/"]}]},{"@type":"ImageObject","inLanguage":"fr-FR","@id":"https:\/\/trevotech.com\/fr\/produto\/chariots-telescopiques\/#primaryimage","url":"https:\/\/trevotech.com\/wp-content\/uploads\/2025\/07\/claas-01.webp","contentUrl":"https:\/\/trevotech.com\/wp-content\/uploads\/2025\/07\/claas-01.webp","width":1000,"height":1000,"caption":"Manipuladores Telesc\u00f3picos"},{"@type":"BreadcrumbList","@id":"https:\/\/trevotech.com\/fr\/produto\/chariots-telescopiques\/#breadcrumb","itemListElement":[{"@type":"ListItem","position":1,"name":"In\u00edcio","item":"https:\/\/trevotech.com\/fr\/"},{"@type":"ListItem","position":2,"name":"Produits","item":"https:\/\/trevotech.com\/fr\/shop\/"},{"@type":"ListItem","position":3,"name":"Chariots T\u00e9lescopiques"}]},{"@type":"WebSite","@id":"https:\/\/trevotech.com\/fr\/#website","url":"https:\/\/trevotech.com\/fr\/","name":"Trevotech Group","description":"","potentialAction":[{"@type":"SearchAction","target":{"@type":"EntryPoint","urlTemplate":"https:\/\/trevotech.com\/fr\/?s={search_term_string}"},"query-input":{"@type":"PropertyValueSpecification","valueRequired":true,"valueName":"search_term_string"}}],"inLanguage":"fr-FR"}]}},"_links":{"self":[{"href":"https:\/\/trevotech.com\/fr\/wp-json\/wp\/v2\/product\/3889","targetHints":{"allow":["GET"]}}],"collection":[{"href":"https:\/\/trevotech.com\/fr\/wp-json\/wp\/v2\/product"}],"about":[{"href":"https:\/\/trevotech.com\/fr\/wp-json\/wp\/v2\/types\/product"}],"replies":[{"embeddable":true,"href":"https:\/\/trevotech.com\/fr\/wp-json\/wp\/v2\/comments?post=3889"}],"wp:featuredmedia":[{"embeddable":true,"href":"https:\/\/trevotech.com\/fr\/wp-json\/wp\/v2\/media\/3886"}],"wp:attachment":[{"href":"https:\/\/trevotech.com\/fr\/wp-json\/wp\/v2\/media?parent=3889"}],"wp:term":[{"taxonomy":"product_brand","embeddable":true,"href":"https:\/\/trevotech.com\/fr\/wp-json\/wp\/v2\/product_brand?post=3889"},{"taxonomy":"product_cat","embeddable":true,"href":"https:\/\/trevotech.com\/fr\/wp-json\/wp\/v2\/product_cat?post=3889"},{"taxonomy":"product_tag","embeddable":true,"href":"https:\/\/trevotech.com\/fr\/wp-json\/wp\/v2\/product_tag?post=3889"}],"curies":[{"name":"wp","href":"https:\/\/api.w.org\/{rel}","templated":true}]}}