{"id":3898,"date":"2024-11-06T14:36:37","date_gmt":"2024-11-06T14:36:37","guid":{"rendered":"https:\/\/trevotech.com\/produto\/transport-trailers\/"},"modified":"2025-08-05T09:58:18","modified_gmt":"2025-08-05T09:58:18","slug":"remorques-de-transport","status":"publish","type":"product","link":"https:\/\/trevotech.com\/fr\/produto\/remorques-de-transport\/","title":{"rendered":"Remorques de Transport"},"content":{"rendered":"<p><span style=\"font-weight: 400;\">Les remorques de transport CLAAS, commercialis\u00e9es sous la s\u00e9rie CARGOS, sont des remorques \u00e0 haute capacit\u00e9 con\u00e7ues pour le transport et le chargement de fourrage. Les s\u00e9ries CARGOS 700 et 9000 r\u00e9pondent \u00e0 des besoins diff\u00e9rents : la 700 combine chargement et transport (autochargeuses), tandis que la 9000 est con\u00e7ue uniquement pour le transport, avec des volumes atteignant 51 m\u00b3 (DIN). Ces remorques disposent d\u2019un ch\u00e2ssis robuste, d\u2019un essieu hydraulique s\u2019adaptant au terrain, et de pneus larges r\u00e9duisant la compaction du sol. Les mod\u00e8les autochargeurs int\u00e8grent des pick-up performants, des unit\u00e9s de coupe jusqu\u2019\u00e0 40 couteaux, et des entra\u00eenements intelligents assurant une r\u00e9colte douce et efficace. Compatibles avec les tracteurs et ensileuses CLAAS, les remorques CARGOS allient productivit\u00e9, fiabilit\u00e9 et rendement.<\/span><\/p>\n<p><span style=\"font-weight: 400;\">Les remorques de transport CLAAS, commercialis\u00e9es sous la s\u00e9rie CARGOS, sont des remorques \u00e0 haute capacit\u00e9 con\u00e7ues pour le transport et le chargement de fourrage. Les s\u00e9ries CARGOS 700 et 9000 r\u00e9pondent \u00e0 des besoins diff\u00e9rents : la 700 combine chargement et transport (autochargeuses), tandis que la 9000 est con\u00e7ue uniquement pour le transport, avec des volumes atteignant 51 m\u00b3 (DIN). Ces remorques disposent d\u2019un ch\u00e2ssis robuste, d\u2019un essieu hydraulique s\u2019adaptant au terrain, et de pneus larges r\u00e9duisant la compaction du sol. Les mod\u00e8les autochargeurs int\u00e8grent des pick-up performants, des unit\u00e9s de coupe jusqu\u2019\u00e0 40 couteaux, et des entra\u00eenements intelligents assurant une r\u00e9colte douce et efficace. Compatibles avec les tracteurs et ensileuses CLAAS, les remorques CARGOS allient productivit\u00e9, fiabilit\u00e9 et rendement.<\/span><\/p>\n","protected":false},"excerpt":{"rendered":"<p><span style=\"font-weight: 400;\">Les remorques de transport CLAAS, commercialis\u00e9es sous la s\u00e9rie CARGOS, sont des remorques \u00e0 haute capacit\u00e9 con\u00e7ues pour le transport et le chargement de fourrage. Les s\u00e9ries CARGOS 700 et 9000 r\u00e9pondent \u00e0 des besoins diff\u00e9rents : la 700 combine chargement et transport (autochargeuses), tandis que la 9000 est con\u00e7ue uniquement pour le transport, avec des volumes atteignant 51 m\u00b3 (DIN). Ces remorques disposent d\u2019un ch\u00e2ssis robuste, d\u2019un essieu hydraulique s\u2019adaptant au terrain, et de pneus larges r\u00e9duisant la compaction du sol. Les mod\u00e8les autochargeurs int\u00e8grent des pick-up performants, des unit\u00e9s de coupe jusqu\u2019\u00e0 40 couteaux, et des entra\u00eenements intelligents assurant une r\u00e9colte douce et efficace. Compatibles avec les tracteurs et ensileuses CLAAS, les remorques CARGOS allient productivit\u00e9, fiabilit\u00e9 et rendement.<\/span><\/p>\n","protected":false},"featured_media":3895,"comment_status":"closed","ping_status":"closed","template":"","meta":{"_acf_changed":false},"product_brand":[],"product_cat":[458],"product_tag":[],"class_list":{"0":"post-3898","1":"product","2":"type-product","3":"status-publish","4":"has-post-thumbnail","6":"product_cat-sem-categoria-fr","7":"setores-agriculture","8":"marcas-claas","9":"tipo_produto-remorques-de-transport","11":"first","12":"instock","13":"shipping-taxable","14":"product-type-simple"},"acf":[],"yoast_head":"<!-- This site is optimized with the Yoast SEO plugin v25.2 - https:\/\/yoast.com\/wordpress\/plugins\/seo\/ -->\n<title>Remorques de Transport Claas - Trevotech Group<\/title>\n<meta name=\"description\" content=\"Les remorques de transport CLAAS, commercialis\u00e9es sous la s\u00e9rie CARGOS, sont des remorques \u00e0 haute capacit\u00e9 con\u00e7ues pour le transport...\" \/>\n<meta name=\"robots\" content=\"index, follow, max-snippet:-1, max-image-preview:large, max-video-preview:-1\" \/>\n<link rel=\"canonical\" href=\"https:\/\/trevotech.com\/fr\/produto\/remorques-de-transport\/\" \/>\n<meta property=\"og:locale\" content=\"fr_FR\" \/>\n<meta property=\"og:type\" content=\"article\" \/>\n<meta property=\"og:title\" content=\"Remorques de Transport Claas - Trevotech Group\" \/>\n<meta property=\"og:description\" content=\"Les remorques de transport CLAAS, commercialis\u00e9es sous la s\u00e9rie CARGOS, sont des remorques \u00e0 haute capacit\u00e9 con\u00e7ues pour le transport...\" \/>\n<meta property=\"og:url\" content=\"https:\/\/trevotech.com\/fr\/produto\/remorques-de-transport\/\" \/>\n<meta property=\"og:site_name\" content=\"Trevotech Group\" \/>\n<meta property=\"article:modified_time\" content=\"2025-08-05T09:58:18+00:00\" \/>\n<meta property=\"og:image\" content=\"https:\/\/trevotech.com\/wp-content\/uploads\/2025\/07\/claas-02.webp\" \/>\n\t<meta property=\"og:image:width\" content=\"1000\" \/>\n\t<meta property=\"og:image:height\" content=\"1000\" \/>\n\t<meta property=\"og:image:type\" content=\"image\/webp\" \/>\n<meta name=\"twitter:card\" content=\"summary_large_image\" \/>\n<meta name=\"twitter:label1\" content=\"Dur\u00e9e de lecture estim\u00e9e\" \/>\n\t<meta name=\"twitter:data1\" content=\"2 minutes\" \/>\n<script type=\"application\/ld+json\" class=\"yoast-schema-graph\">{\"@context\":\"https:\/\/schema.org\",\"@graph\":[{\"@type\":\"WebPage\",\"@id\":\"https:\/\/trevotech.com\/fr\/produto\/remorques-de-transport\/\",\"url\":\"https:\/\/trevotech.com\/fr\/produto\/remorques-de-transport\/\",\"name\":\"Remorques de Transport Claas - Trevotech Group\",\"isPartOf\":{\"@id\":\"https:\/\/trevotech.com\/fr\/#website\"},\"primaryImageOfPage\":{\"@id\":\"https:\/\/trevotech.com\/fr\/produto\/remorques-de-transport\/#primaryimage\"},\"image\":{\"@id\":\"https:\/\/trevotech.com\/fr\/produto\/remorques-de-transport\/#primaryimage\"},\"thumbnailUrl\":\"https:\/\/trevotech.com\/wp-content\/uploads\/2025\/07\/claas-02.webp\",\"datePublished\":\"2024-11-06T14:36:37+00:00\",\"dateModified\":\"2025-08-05T09:58:18+00:00\",\"description\":\"Les remorques de transport CLAAS, commercialis\u00e9es sous la s\u00e9rie CARGOS, sont des remorques \u00e0 haute capacit\u00e9 con\u00e7ues pour le transport...\",\"breadcrumb\":{\"@id\":\"https:\/\/trevotech.com\/fr\/produto\/remorques-de-transport\/#breadcrumb\"},\"inLanguage\":\"fr-FR\",\"potentialAction\":[{\"@type\":\"ReadAction\",\"target\":[\"https:\/\/trevotech.com\/fr\/produto\/remorques-de-transport\/\"]}]},{\"@type\":\"ImageObject\",\"inLanguage\":\"fr-FR\",\"@id\":\"https:\/\/trevotech.com\/fr\/produto\/remorques-de-transport\/#primaryimage\",\"url\":\"https:\/\/trevotech.com\/wp-content\/uploads\/2025\/07\/claas-02.webp\",\"contentUrl\":\"https:\/\/trevotech.com\/wp-content\/uploads\/2025\/07\/claas-02.webp\",\"width\":1000,\"height\":1000,\"caption\":\"Reboques de Transporte\"},{\"@type\":\"BreadcrumbList\",\"@id\":\"https:\/\/trevotech.com\/fr\/produto\/remorques-de-transport\/#breadcrumb\",\"itemListElement\":[{\"@type\":\"ListItem\",\"position\":1,\"name\":\"In\u00edcio\",\"item\":\"https:\/\/trevotech.com\/fr\/\"},{\"@type\":\"ListItem\",\"position\":2,\"name\":\"Produits\",\"item\":\"https:\/\/trevotech.com\/fr\/shop\/\"},{\"@type\":\"ListItem\",\"position\":3,\"name\":\"Remorques de Transport\"}]},{\"@type\":\"WebSite\",\"@id\":\"https:\/\/trevotech.com\/fr\/#website\",\"url\":\"https:\/\/trevotech.com\/fr\/\",\"name\":\"Trevotech Group\",\"description\":\"\",\"potentialAction\":[{\"@type\":\"SearchAction\",\"target\":{\"@type\":\"EntryPoint\",\"urlTemplate\":\"https:\/\/trevotech.com\/fr\/?s={search_term_string}\"},\"query-input\":{\"@type\":\"PropertyValueSpecification\",\"valueRequired\":true,\"valueName\":\"search_term_string\"}}],\"inLanguage\":\"fr-FR\"}]}<\/script>\n<!-- \/ Yoast SEO plugin. -->","yoast_head_json":{"title":"Remorques de Transport Claas - Trevotech Group","description":"Les remorques de transport CLAAS, commercialis\u00e9es sous la s\u00e9rie CARGOS, sont des remorques \u00e0 haute capacit\u00e9 con\u00e7ues pour le transport...","robots":{"index":"index","follow":"follow","max-snippet":"max-snippet:-1","max-image-preview":"max-image-preview:large","max-video-preview":"max-video-preview:-1"},"canonical":"https:\/\/trevotech.com\/fr\/produto\/remorques-de-transport\/","og_locale":"fr_FR","og_type":"article","og_title":"Remorques de Transport Claas - Trevotech Group","og_description":"Les remorques de transport CLAAS, commercialis\u00e9es sous la s\u00e9rie CARGOS, sont des remorques \u00e0 haute capacit\u00e9 con\u00e7ues pour le transport...","og_url":"https:\/\/trevotech.com\/fr\/produto\/remorques-de-transport\/","og_site_name":"Trevotech Group","article_modified_time":"2025-08-05T09:58:18+00:00","og_image":[{"width":1000,"height":1000,"url":"https:\/\/trevotech.com\/wp-content\/uploads\/2025\/07\/claas-02.webp","type":"image\/webp"}],"twitter_card":"summary_large_image","twitter_misc":{"Dur\u00e9e de lecture estim\u00e9e":"2 minutes"},"schema":{"@context":"https:\/\/schema.org","@graph":[{"@type":"WebPage","@id":"https:\/\/trevotech.com\/fr\/produto\/remorques-de-transport\/","url":"https:\/\/trevotech.com\/fr\/produto\/remorques-de-transport\/","name":"Remorques de Transport Claas - Trevotech Group","isPartOf":{"@id":"https:\/\/trevotech.com\/fr\/#website"},"primaryImageOfPage":{"@id":"https:\/\/trevotech.com\/fr\/produto\/remorques-de-transport\/#primaryimage"},"image":{"@id":"https:\/\/trevotech.com\/fr\/produto\/remorques-de-transport\/#primaryimage"},"thumbnailUrl":"https:\/\/trevotech.com\/wp-content\/uploads\/2025\/07\/claas-02.webp","datePublished":"2024-11-06T14:36:37+00:00","dateModified":"2025-08-05T09:58:18+00:00","description":"Les remorques de transport CLAAS, commercialis\u00e9es sous la s\u00e9rie CARGOS, sont des remorques \u00e0 haute capacit\u00e9 con\u00e7ues pour le transport...","breadcrumb":{"@id":"https:\/\/trevotech.com\/fr\/produto\/remorques-de-transport\/#breadcrumb"},"inLanguage":"fr-FR","potentialAction":[{"@type":"ReadAction","target":["https:\/\/trevotech.com\/fr\/produto\/remorques-de-transport\/"]}]},{"@type":"ImageObject","inLanguage":"fr-FR","@id":"https:\/\/trevotech.com\/fr\/produto\/remorques-de-transport\/#primaryimage","url":"https:\/\/trevotech.com\/wp-content\/uploads\/2025\/07\/claas-02.webp","contentUrl":"https:\/\/trevotech.com\/wp-content\/uploads\/2025\/07\/claas-02.webp","width":1000,"height":1000,"caption":"Reboques de Transporte"},{"@type":"BreadcrumbList","@id":"https:\/\/trevotech.com\/fr\/produto\/remorques-de-transport\/#breadcrumb","itemListElement":[{"@type":"ListItem","position":1,"name":"In\u00edcio","item":"https:\/\/trevotech.com\/fr\/"},{"@type":"ListItem","position":2,"name":"Produits","item":"https:\/\/trevotech.com\/fr\/shop\/"},{"@type":"ListItem","position":3,"name":"Remorques de Transport"}]},{"@type":"WebSite","@id":"https:\/\/trevotech.com\/fr\/#website","url":"https:\/\/trevotech.com\/fr\/","name":"Trevotech Group","description":"","potentialAction":[{"@type":"SearchAction","target":{"@type":"EntryPoint","urlTemplate":"https:\/\/trevotech.com\/fr\/?s={search_term_string}"},"query-input":{"@type":"PropertyValueSpecification","valueRequired":true,"valueName":"search_term_string"}}],"inLanguage":"fr-FR"}]}},"_links":{"self":[{"href":"https:\/\/trevotech.com\/fr\/wp-json\/wp\/v2\/product\/3898","targetHints":{"allow":["GET"]}}],"collection":[{"href":"https:\/\/trevotech.com\/fr\/wp-json\/wp\/v2\/product"}],"about":[{"href":"https:\/\/trevotech.com\/fr\/wp-json\/wp\/v2\/types\/product"}],"replies":[{"embeddable":true,"href":"https:\/\/trevotech.com\/fr\/wp-json\/wp\/v2\/comments?post=3898"}],"wp:featuredmedia":[{"embeddable":true,"href":"https:\/\/trevotech.com\/fr\/wp-json\/wp\/v2\/media\/3895"}],"wp:attachment":[{"href":"https:\/\/trevotech.com\/fr\/wp-json\/wp\/v2\/media?parent=3898"}],"wp:term":[{"taxonomy":"product_brand","embeddable":true,"href":"https:\/\/trevotech.com\/fr\/wp-json\/wp\/v2\/product_brand?post=3898"},{"taxonomy":"product_cat","embeddable":true,"href":"https:\/\/trevotech.com\/fr\/wp-json\/wp\/v2\/product_cat?post=3898"},{"taxonomy":"product_tag","embeddable":true,"href":"https:\/\/trevotech.com\/fr\/wp-json\/wp\/v2\/product_tag?post=3898"}],"curies":[{"name":"wp","href":"https:\/\/api.w.org\/{rel}","templated":true}]}}