{"id":3899,"date":"2024-10-24T08:59:55","date_gmt":"2024-10-24T08:59:55","guid":{"rendered":"https:\/\/trevotech.com\/produto\/single-drum-vibratory-rollers\/"},"modified":"2025-08-05T10:06:38","modified_gmt":"2025-08-05T10:06:38","slug":"rouleaux-vibrants-monocylindres","status":"publish","type":"product","link":"https:\/\/trevotech.com\/fr\/produto\/rouleaux-vibrants-monocylindres\/","title":{"rendered":"Rouleaux Vibrants Monocylindres"},"content":{"rendered":"<p><span style=\"font-weight: 400;\">Les Rouleaux Vibrants Monocylindres Dynapac sont con\u00e7us pour offrir une performance de compactage sup\u00e9rieure sur diff\u00e9rents types de surfaces, notamment le sol, le gravier et l\u2019asphalte.<\/span><span style=\"font-weight: 400;\"><br \/>\n<\/span><span style=\"font-weight: 400;\">Gr\u00e2ce \u00e0 leur m\u00e9canisme vibrant puissant, ils assurent un compactage rapide et efficace, garantissant une finition uniforme de haute qualit\u00e9, adapt\u00e9e aussi bien aux petits qu\u2019aux grands projets.<\/span><span style=\"font-weight: 400;\"><br \/>\n<\/span><span style=\"font-weight: 400;\">Avec des configurations de compactage ajustables, une man\u0153uvrabilit\u00e9 optimis\u00e9e et une construction robuste, ces rouleaux sont capables de s\u2019adapter aux conditions les plus difficiles.<\/span><span style=\"font-weight: 400;\"><br \/>\n<\/span><span style=\"font-weight: 400;\">Leur conception durable, combin\u00e9e \u00e0 une technologie moderne, en fait le choix id\u00e9al pour les entrepreneurs \u00e0 la recherche d\u2019un rendement optimal et d\u2019une efficacit\u00e9 \u00e9conomique dans les environnements les plus exigeants.<\/span><\/p>\n<p><span style=\"font-weight: 400;\">Les Rouleaux Vibrants Monocylindres Dynapac sont con\u00e7us pour offrir une performance de compactage sup\u00e9rieure sur diff\u00e9rents types de surfaces, notamment le sol, le gravier et l\u2019asphalte.<\/span><span style=\"font-weight: 400;\"><br \/>\n<\/span><span style=\"font-weight: 400;\">Gr\u00e2ce \u00e0 leur m\u00e9canisme vibrant puissant, ils assurent un compactage rapide et efficace, garantissant une finition uniforme de haute qualit\u00e9, adapt\u00e9e aussi bien aux petits qu\u2019aux grands projets.<\/span><span style=\"font-weight: 400;\"><br \/>\n<\/span><span style=\"font-weight: 400;\">Avec des configurations de compactage ajustables, une man\u0153uvrabilit\u00e9 optimis\u00e9e et une construction robuste, ces rouleaux sont capables de s\u2019adapter aux conditions les plus difficiles.<\/span><span style=\"font-weight: 400;\"><br \/>\n<\/span><span style=\"font-weight: 400;\">Leur conception durable, combin\u00e9e \u00e0 une technologie moderne, en fait le choix id\u00e9al pour les entrepreneurs \u00e0 la recherche d\u2019un rendement optimal et d\u2019une efficacit\u00e9 \u00e9conomique dans les environnements les plus exigeants.<\/span><\/p>\n","protected":false},"excerpt":{"rendered":"<p><span style=\"font-weight: 400;\">Les Rouleaux Vibrants Monocylindres Dynapac sont con\u00e7us pour offrir une performance de compactage sup\u00e9rieure sur diff\u00e9rents types de surfaces, notamment le sol, le gravier et l\u2019asphalte.<\/span><span style=\"font-weight: 400;\"><br \/>\n<\/span><span style=\"font-weight: 400;\">Gr\u00e2ce \u00e0 leur m\u00e9canisme vibrant puissant, ils assurent un compactage rapide et efficace, garantissant une finition uniforme de haute qualit\u00e9, adapt\u00e9e aussi bien aux petits qu\u2019aux grands projets.<\/span><span style=\"font-weight: 400;\"><br \/>\n<\/span><span style=\"font-weight: 400;\">Avec des configurations de compactage ajustables, une man\u0153uvrabilit\u00e9 optimis\u00e9e et une construction robuste, ces rouleaux sont capables de s\u2019adapter aux conditions les plus difficiles.<\/span><span style=\"font-weight: 400;\"><br \/>\n<\/span><span style=\"font-weight: 400;\">Leur conception durable, combin\u00e9e \u00e0 une technologie moderne, en fait le choix id\u00e9al pour les entrepreneurs \u00e0 la recherche d\u2019un rendement optimal et d\u2019une efficacit\u00e9 \u00e9conomique dans les environnements les plus exigeants.<\/span><\/p>\n","protected":false},"featured_media":3900,"comment_status":"open","ping_status":"closed","template":"","meta":{"_acf_changed":false},"product_brand":[],"product_cat":[458],"product_tag":[],"class_list":{"0":"post-3899","1":"product","2":"type-product","3":"status-publish","4":"has-post-thumbnail","6":"product_cat-sem-categoria-fr","7":"setores-construction-et-mines","8":"marcas-dynapac","9":"tipo_produto-rouleaux-vibrants-monocylindres","11":"first","12":"instock","13":"shipping-taxable","14":"product-type-simple"},"acf":[],"yoast_head":"<!-- This site is optimized with the Yoast SEO plugin v25.2 - https:\/\/yoast.com\/wordpress\/plugins\/seo\/ -->\n<title>Rouleaux Vibrants Monocylindres Dynapac - Trevotech Group<\/title>\n<meta name=\"description\" content=\"Les Rouleaux Vibrants Monocylindres Dynapac sont con\u00e7us pour offrir une performance de compactage sup\u00e9rieure sur diff\u00e9rents types de surfaces...\" \/>\n<meta name=\"robots\" content=\"index, follow, max-snippet:-1, max-image-preview:large, max-video-preview:-1\" \/>\n<link rel=\"canonical\" href=\"https:\/\/trevotech.com\/fr\/produto\/rouleaux-vibrants-monocylindres\/\" \/>\n<meta property=\"og:locale\" content=\"fr_FR\" \/>\n<meta property=\"og:type\" content=\"article\" \/>\n<meta property=\"og:title\" content=\"Rouleaux Vibrants Monocylindres Dynapac - Trevotech Group\" \/>\n<meta property=\"og:description\" content=\"Les Rouleaux Vibrants Monocylindres Dynapac sont con\u00e7us pour offrir une performance de compactage sup\u00e9rieure sur diff\u00e9rents types de surfaces...\" \/>\n<meta property=\"og:url\" content=\"https:\/\/trevotech.com\/fr\/produto\/rouleaux-vibrants-monocylindres\/\" \/>\n<meta property=\"og:site_name\" content=\"Trevotech Group\" \/>\n<meta property=\"article:modified_time\" content=\"2025-08-05T10:06:38+00:00\" \/>\n<meta property=\"og:image\" content=\"https:\/\/trevotech.com\/wp-content\/uploads\/2024\/10\/DYNAPAC_Rolos-Vibratorios-de-Tambor-Unico.webp\" \/>\n\t<meta property=\"og:image:width\" content=\"1000\" \/>\n\t<meta property=\"og:image:height\" content=\"1000\" \/>\n\t<meta property=\"og:image:type\" content=\"image\/webp\" \/>\n<meta name=\"twitter:card\" content=\"summary_large_image\" \/>\n<meta name=\"twitter:label1\" content=\"Dur\u00e9e de lecture estim\u00e9e\" \/>\n\t<meta name=\"twitter:data1\" content=\"2 minutes\" \/>\n<script type=\"application\/ld+json\" class=\"yoast-schema-graph\">{\"@context\":\"https:\/\/schema.org\",\"@graph\":[{\"@type\":\"WebPage\",\"@id\":\"https:\/\/trevotech.com\/fr\/produto\/rouleaux-vibrants-monocylindres\/\",\"url\":\"https:\/\/trevotech.com\/fr\/produto\/rouleaux-vibrants-monocylindres\/\",\"name\":\"Rouleaux Vibrants Monocylindres Dynapac - Trevotech Group\",\"isPartOf\":{\"@id\":\"https:\/\/trevotech.com\/fr\/#website\"},\"primaryImageOfPage\":{\"@id\":\"https:\/\/trevotech.com\/fr\/produto\/rouleaux-vibrants-monocylindres\/#primaryimage\"},\"image\":{\"@id\":\"https:\/\/trevotech.com\/fr\/produto\/rouleaux-vibrants-monocylindres\/#primaryimage\"},\"thumbnailUrl\":\"https:\/\/trevotech.com\/wp-content\/uploads\/2024\/10\/DYNAPAC_Rolos-Vibratorios-de-Tambor-Unico.webp\",\"datePublished\":\"2024-10-24T08:59:55+00:00\",\"dateModified\":\"2025-08-05T10:06:38+00:00\",\"description\":\"Les Rouleaux Vibrants Monocylindres Dynapac sont con\u00e7us pour offrir une performance de compactage sup\u00e9rieure sur diff\u00e9rents types de surfaces...\",\"breadcrumb\":{\"@id\":\"https:\/\/trevotech.com\/fr\/produto\/rouleaux-vibrants-monocylindres\/#breadcrumb\"},\"inLanguage\":\"fr-FR\",\"potentialAction\":[{\"@type\":\"ReadAction\",\"target\":[\"https:\/\/trevotech.com\/fr\/produto\/rouleaux-vibrants-monocylindres\/\"]}]},{\"@type\":\"ImageObject\",\"inLanguage\":\"fr-FR\",\"@id\":\"https:\/\/trevotech.com\/fr\/produto\/rouleaux-vibrants-monocylindres\/#primaryimage\",\"url\":\"https:\/\/trevotech.com\/wp-content\/uploads\/2024\/10\/DYNAPAC_Rolos-Vibratorios-de-Tambor-Unico.webp\",\"contentUrl\":\"https:\/\/trevotech.com\/wp-content\/uploads\/2024\/10\/DYNAPAC_Rolos-Vibratorios-de-Tambor-Unico.webp\",\"width\":1000,\"height\":1000,\"caption\":\"Single Drum Vibratory Rollers\"},{\"@type\":\"BreadcrumbList\",\"@id\":\"https:\/\/trevotech.com\/fr\/produto\/rouleaux-vibrants-monocylindres\/#breadcrumb\",\"itemListElement\":[{\"@type\":\"ListItem\",\"position\":1,\"name\":\"In\u00edcio\",\"item\":\"https:\/\/trevotech.com\/fr\/\"},{\"@type\":\"ListItem\",\"position\":2,\"name\":\"Produits\",\"item\":\"https:\/\/trevotech.com\/fr\/shop\/\"},{\"@type\":\"ListItem\",\"position\":3,\"name\":\"Rouleaux Vibrants Monocylindres\"}]},{\"@type\":\"WebSite\",\"@id\":\"https:\/\/trevotech.com\/fr\/#website\",\"url\":\"https:\/\/trevotech.com\/fr\/\",\"name\":\"Trevotech Group\",\"description\":\"\",\"potentialAction\":[{\"@type\":\"SearchAction\",\"target\":{\"@type\":\"EntryPoint\",\"urlTemplate\":\"https:\/\/trevotech.com\/fr\/?s={search_term_string}\"},\"query-input\":{\"@type\":\"PropertyValueSpecification\",\"valueRequired\":true,\"valueName\":\"search_term_string\"}}],\"inLanguage\":\"fr-FR\"}]}<\/script>\n<!-- \/ Yoast SEO plugin. -->","yoast_head_json":{"title":"Rouleaux Vibrants Monocylindres Dynapac - Trevotech Group","description":"Les Rouleaux Vibrants Monocylindres Dynapac sont con\u00e7us pour offrir une performance de compactage sup\u00e9rieure sur diff\u00e9rents types de surfaces...","robots":{"index":"index","follow":"follow","max-snippet":"max-snippet:-1","max-image-preview":"max-image-preview:large","max-video-preview":"max-video-preview:-1"},"canonical":"https:\/\/trevotech.com\/fr\/produto\/rouleaux-vibrants-monocylindres\/","og_locale":"fr_FR","og_type":"article","og_title":"Rouleaux Vibrants Monocylindres Dynapac - Trevotech Group","og_description":"Les Rouleaux Vibrants Monocylindres Dynapac sont con\u00e7us pour offrir une performance de compactage sup\u00e9rieure sur diff\u00e9rents types de surfaces...","og_url":"https:\/\/trevotech.com\/fr\/produto\/rouleaux-vibrants-monocylindres\/","og_site_name":"Trevotech Group","article_modified_time":"2025-08-05T10:06:38+00:00","og_image":[{"width":1000,"height":1000,"url":"https:\/\/trevotech.com\/wp-content\/uploads\/2024\/10\/DYNAPAC_Rolos-Vibratorios-de-Tambor-Unico.webp","type":"image\/webp"}],"twitter_card":"summary_large_image","twitter_misc":{"Dur\u00e9e de lecture estim\u00e9e":"2 minutes"},"schema":{"@context":"https:\/\/schema.org","@graph":[{"@type":"WebPage","@id":"https:\/\/trevotech.com\/fr\/produto\/rouleaux-vibrants-monocylindres\/","url":"https:\/\/trevotech.com\/fr\/produto\/rouleaux-vibrants-monocylindres\/","name":"Rouleaux Vibrants Monocylindres Dynapac - Trevotech Group","isPartOf":{"@id":"https:\/\/trevotech.com\/fr\/#website"},"primaryImageOfPage":{"@id":"https:\/\/trevotech.com\/fr\/produto\/rouleaux-vibrants-monocylindres\/#primaryimage"},"image":{"@id":"https:\/\/trevotech.com\/fr\/produto\/rouleaux-vibrants-monocylindres\/#primaryimage"},"thumbnailUrl":"https:\/\/trevotech.com\/wp-content\/uploads\/2024\/10\/DYNAPAC_Rolos-Vibratorios-de-Tambor-Unico.webp","datePublished":"2024-10-24T08:59:55+00:00","dateModified":"2025-08-05T10:06:38+00:00","description":"Les Rouleaux Vibrants Monocylindres Dynapac sont con\u00e7us pour offrir une performance de compactage sup\u00e9rieure sur diff\u00e9rents types de surfaces...","breadcrumb":{"@id":"https:\/\/trevotech.com\/fr\/produto\/rouleaux-vibrants-monocylindres\/#breadcrumb"},"inLanguage":"fr-FR","potentialAction":[{"@type":"ReadAction","target":["https:\/\/trevotech.com\/fr\/produto\/rouleaux-vibrants-monocylindres\/"]}]},{"@type":"ImageObject","inLanguage":"fr-FR","@id":"https:\/\/trevotech.com\/fr\/produto\/rouleaux-vibrants-monocylindres\/#primaryimage","url":"https:\/\/trevotech.com\/wp-content\/uploads\/2024\/10\/DYNAPAC_Rolos-Vibratorios-de-Tambor-Unico.webp","contentUrl":"https:\/\/trevotech.com\/wp-content\/uploads\/2024\/10\/DYNAPAC_Rolos-Vibratorios-de-Tambor-Unico.webp","width":1000,"height":1000,"caption":"Single Drum Vibratory Rollers"},{"@type":"BreadcrumbList","@id":"https:\/\/trevotech.com\/fr\/produto\/rouleaux-vibrants-monocylindres\/#breadcrumb","itemListElement":[{"@type":"ListItem","position":1,"name":"In\u00edcio","item":"https:\/\/trevotech.com\/fr\/"},{"@type":"ListItem","position":2,"name":"Produits","item":"https:\/\/trevotech.com\/fr\/shop\/"},{"@type":"ListItem","position":3,"name":"Rouleaux Vibrants Monocylindres"}]},{"@type":"WebSite","@id":"https:\/\/trevotech.com\/fr\/#website","url":"https:\/\/trevotech.com\/fr\/","name":"Trevotech Group","description":"","potentialAction":[{"@type":"SearchAction","target":{"@type":"EntryPoint","urlTemplate":"https:\/\/trevotech.com\/fr\/?s={search_term_string}"},"query-input":{"@type":"PropertyValueSpecification","valueRequired":true,"valueName":"search_term_string"}}],"inLanguage":"fr-FR"}]}},"_links":{"self":[{"href":"https:\/\/trevotech.com\/fr\/wp-json\/wp\/v2\/product\/3899","targetHints":{"allow":["GET"]}}],"collection":[{"href":"https:\/\/trevotech.com\/fr\/wp-json\/wp\/v2\/product"}],"about":[{"href":"https:\/\/trevotech.com\/fr\/wp-json\/wp\/v2\/types\/product"}],"replies":[{"embeddable":true,"href":"https:\/\/trevotech.com\/fr\/wp-json\/wp\/v2\/comments?post=3899"}],"wp:featuredmedia":[{"embeddable":true,"href":"https:\/\/trevotech.com\/fr\/wp-json\/wp\/v2\/media\/3900"}],"wp:attachment":[{"href":"https:\/\/trevotech.com\/fr\/wp-json\/wp\/v2\/media?parent=3899"}],"wp:term":[{"taxonomy":"product_brand","embeddable":true,"href":"https:\/\/trevotech.com\/fr\/wp-json\/wp\/v2\/product_brand?post=3899"},{"taxonomy":"product_cat","embeddable":true,"href":"https:\/\/trevotech.com\/fr\/wp-json\/wp\/v2\/product_cat?post=3899"},{"taxonomy":"product_tag","embeddable":true,"href":"https:\/\/trevotech.com\/fr\/wp-json\/wp\/v2\/product_tag?post=3899"}],"curies":[{"name":"wp","href":"https:\/\/api.w.org\/{rel}","templated":true}]}}