{"id":3902,"date":"2024-10-24T08:58:24","date_gmt":"2024-10-24T08:58:24","guid":{"rendered":"https:\/\/trevotech.com\/produto\/double-drum-vibratory-rollers\/"},"modified":"2025-08-05T10:11:04","modified_gmt":"2025-08-05T10:11:04","slug":"rouleaux-vibrants-double-cylindres","status":"publish","type":"product","link":"https:\/\/trevotech.com\/fr\/produto\/rouleaux-vibrants-double-cylindres\/","title":{"rendered":"Rouleaux Vibrants Double Cylindres"},"content":{"rendered":"<p><span style=\"font-weight: 400;\">Les Rouleaux Vibrants Double Cylindres Dynapac assurent un compactage uniforme sur toute la largeur de travail, rendant ces machines id\u00e9ales pour l\u2019asphalte, les parkings et les projets d\u2019infrastructure \u00e0 grande \u00e9chelle.<\/span><span style=\"font-weight: 400;\"><br \/>\n<\/span><span style=\"font-weight: 400;\">Gr\u00e2ce \u00e0 deux tambours vibrants, ils garantissent une efficacit\u00e9 accrue, r\u00e9duisant le nombre de passages n\u00e9cessaires tout en augmentant la productivit\u00e9.<\/span><span style=\"font-weight: 400;\"><br \/>\n<\/span><span style=\"font-weight: 400;\">La technologie innovante Dynapac permet un r\u00e9glage pr\u00e9cis des vibrations, optimisant les performances et la consommation de carburant tout en limitant l\u2019usure de l\u2019\u00e9quipement.<\/span><span style=\"font-weight: 400;\"><br \/>\n<\/span><span style=\"font-weight: 400;\">Con\u00e7us pour \u00eatre robustes, faciles \u00e0 man\u0153uvrer et ergonomiques, ces rouleaux sont un choix fiable pour les entrepreneurs qui recherchent une solution de compactage \u00e9conomique, durable et de haute qualit\u00e9.<\/span><\/p>\n<p><span style=\"font-weight: 400;\">Les Rouleaux Vibrants Double Cylindres Dynapac assurent un compactage uniforme sur toute la largeur de travail, rendant ces machines id\u00e9ales pour l\u2019asphalte, les parkings et les projets d\u2019infrastructure \u00e0 grande \u00e9chelle.<\/span><span style=\"font-weight: 400;\"><br \/>\n<\/span><span style=\"font-weight: 400;\">Gr\u00e2ce \u00e0 deux tambours vibrants, ils garantissent une efficacit\u00e9 accrue, r\u00e9duisant le nombre de passages n\u00e9cessaires tout en augmentant la productivit\u00e9.<\/span><span style=\"font-weight: 400;\"><br \/>\n<\/span><span style=\"font-weight: 400;\">La technologie innovante Dynapac permet un r\u00e9glage pr\u00e9cis des vibrations, optimisant les performances et la consommation de carburant tout en limitant l\u2019usure de l\u2019\u00e9quipement.<\/span><span style=\"font-weight: 400;\"><br \/>\n<\/span><span style=\"font-weight: 400;\">Con\u00e7us pour \u00eatre robustes, faciles \u00e0 man\u0153uvrer et ergonomiques, ces rouleaux sont un choix fiable pour les entrepreneurs qui recherchent une solution de compactage \u00e9conomique, durable et de haute qualit\u00e9.<\/span><\/p>\n<p>&nbsp;<\/p>\n","protected":false},"excerpt":{"rendered":"<p><span style=\"font-weight: 400;\">Les Rouleaux Vibrants Double Cylindres Dynapac assurent un compactage uniforme sur toute la largeur de travail, rendant ces machines id\u00e9ales pour l\u2019asphalte, les parkings et les projets d\u2019infrastructure \u00e0 grande \u00e9chelle.<\/span><span style=\"font-weight: 400;\"><br \/>\n<\/span><span style=\"font-weight: 400;\">Gr\u00e2ce \u00e0 deux tambours vibrants, ils garantissent une efficacit\u00e9 accrue, r\u00e9duisant le nombre de passages n\u00e9cessaires tout en augmentant la productivit\u00e9.<\/span><span style=\"font-weight: 400;\"><br \/>\n<\/span><span style=\"font-weight: 400;\">La technologie innovante Dynapac permet un r\u00e9glage pr\u00e9cis des vibrations, optimisant les performances et la consommation de carburant tout en limitant l\u2019usure de l\u2019\u00e9quipement.<\/span><span style=\"font-weight: 400;\"><br \/>\n<\/span><span style=\"font-weight: 400;\">Con\u00e7us pour \u00eatre robustes, faciles \u00e0 man\u0153uvrer et ergonomiques, ces rouleaux sont un choix fiable pour les entrepreneurs qui recherchent une solution de compactage \u00e9conomique, durable et de haute qualit\u00e9.<\/span><\/p>\n","protected":false},"featured_media":3904,"comment_status":"open","ping_status":"closed","template":"","meta":{"_acf_changed":false},"product_brand":[],"product_cat":[458],"product_tag":[],"class_list":{"0":"post-3902","1":"product","2":"type-product","3":"status-publish","4":"has-post-thumbnail","6":"product_cat-sem-categoria-fr","7":"setores-construction-et-mines","8":"marcas-dynapac","9":"tipo_produto-rouleaux-vibrants-double-cylindres","11":"first","12":"instock","13":"shipping-taxable","14":"product-type-simple"},"acf":[],"yoast_head":"<!-- This site is optimized with the Yoast SEO plugin v25.2 - https:\/\/yoast.com\/wordpress\/plugins\/seo\/ -->\n<title>Rouleaux Vibrants Double Cylindres Dynapac - Trevotech Group<\/title>\n<meta name=\"description\" content=\"Les Rouleaux Vibrants Double Cylindres Dynapac assurent un compactage uniforme sur toute la largeur de travail, rendant ces machines id\u00e9ales...\" \/>\n<meta name=\"robots\" content=\"index, follow, max-snippet:-1, max-image-preview:large, max-video-preview:-1\" \/>\n<link rel=\"canonical\" href=\"https:\/\/trevotech.com\/fr\/produto\/rouleaux-vibrants-double-cylindres\/\" \/>\n<meta property=\"og:locale\" content=\"fr_FR\" \/>\n<meta property=\"og:type\" content=\"article\" \/>\n<meta property=\"og:title\" content=\"Rouleaux Vibrants Double Cylindres Dynapac - Trevotech Group\" \/>\n<meta property=\"og:description\" content=\"Les Rouleaux Vibrants Double Cylindres Dynapac assurent un compactage uniforme sur toute la largeur de travail, rendant ces machines id\u00e9ales...\" \/>\n<meta property=\"og:url\" content=\"https:\/\/trevotech.com\/fr\/produto\/rouleaux-vibrants-double-cylindres\/\" \/>\n<meta property=\"og:site_name\" content=\"Trevotech Group\" \/>\n<meta property=\"article:modified_time\" content=\"2025-08-05T10:11:04+00:00\" \/>\n<meta property=\"og:image\" content=\"https:\/\/trevotech.com\/wp-content\/uploads\/2024\/10\/Dynapac_CC1200VI_front-side01_960_720_75.webp\" \/>\n\t<meta property=\"og:image:width\" content=\"960\" \/>\n\t<meta property=\"og:image:height\" content=\"720\" \/>\n\t<meta property=\"og:image:type\" content=\"image\/webp\" \/>\n<meta name=\"twitter:card\" content=\"summary_large_image\" \/>\n<meta name=\"twitter:label1\" content=\"Dur\u00e9e de lecture estim\u00e9e\" \/>\n\t<meta name=\"twitter:data1\" content=\"2 minutes\" \/>\n<script type=\"application\/ld+json\" class=\"yoast-schema-graph\">{\"@context\":\"https:\/\/schema.org\",\"@graph\":[{\"@type\":\"WebPage\",\"@id\":\"https:\/\/trevotech.com\/fr\/produto\/rouleaux-vibrants-double-cylindres\/\",\"url\":\"https:\/\/trevotech.com\/fr\/produto\/rouleaux-vibrants-double-cylindres\/\",\"name\":\"Rouleaux Vibrants Double Cylindres Dynapac - Trevotech Group\",\"isPartOf\":{\"@id\":\"https:\/\/trevotech.com\/fr\/#website\"},\"primaryImageOfPage\":{\"@id\":\"https:\/\/trevotech.com\/fr\/produto\/rouleaux-vibrants-double-cylindres\/#primaryimage\"},\"image\":{\"@id\":\"https:\/\/trevotech.com\/fr\/produto\/rouleaux-vibrants-double-cylindres\/#primaryimage\"},\"thumbnailUrl\":\"https:\/\/trevotech.com\/wp-content\/uploads\/2024\/10\/Dynapac_CC1200VI_front-side01_960_720_75.webp\",\"datePublished\":\"2024-10-24T08:58:24+00:00\",\"dateModified\":\"2025-08-05T10:11:04+00:00\",\"description\":\"Les Rouleaux Vibrants Double Cylindres Dynapac assurent un compactage uniforme sur toute la largeur de travail, rendant ces machines id\u00e9ales...\",\"breadcrumb\":{\"@id\":\"https:\/\/trevotech.com\/fr\/produto\/rouleaux-vibrants-double-cylindres\/#breadcrumb\"},\"inLanguage\":\"fr-FR\",\"potentialAction\":[{\"@type\":\"ReadAction\",\"target\":[\"https:\/\/trevotech.com\/fr\/produto\/rouleaux-vibrants-double-cylindres\/\"]}]},{\"@type\":\"ImageObject\",\"inLanguage\":\"fr-FR\",\"@id\":\"https:\/\/trevotech.com\/fr\/produto\/rouleaux-vibrants-double-cylindres\/#primaryimage\",\"url\":\"https:\/\/trevotech.com\/wp-content\/uploads\/2024\/10\/Dynapac_CC1200VI_front-side01_960_720_75.webp\",\"contentUrl\":\"https:\/\/trevotech.com\/wp-content\/uploads\/2024\/10\/Dynapac_CC1200VI_front-side01_960_720_75.webp\",\"width\":960,\"height\":720,\"caption\":\"Double Drum Vibratory Rollers\"},{\"@type\":\"BreadcrumbList\",\"@id\":\"https:\/\/trevotech.com\/fr\/produto\/rouleaux-vibrants-double-cylindres\/#breadcrumb\",\"itemListElement\":[{\"@type\":\"ListItem\",\"position\":1,\"name\":\"In\u00edcio\",\"item\":\"https:\/\/trevotech.com\/fr\/\"},{\"@type\":\"ListItem\",\"position\":2,\"name\":\"Produits\",\"item\":\"https:\/\/trevotech.com\/fr\/shop\/\"},{\"@type\":\"ListItem\",\"position\":3,\"name\":\"Rouleaux Vibrants Double Cylindres\"}]},{\"@type\":\"WebSite\",\"@id\":\"https:\/\/trevotech.com\/fr\/#website\",\"url\":\"https:\/\/trevotech.com\/fr\/\",\"name\":\"Trevotech Group\",\"description\":\"\",\"potentialAction\":[{\"@type\":\"SearchAction\",\"target\":{\"@type\":\"EntryPoint\",\"urlTemplate\":\"https:\/\/trevotech.com\/fr\/?s={search_term_string}\"},\"query-input\":{\"@type\":\"PropertyValueSpecification\",\"valueRequired\":true,\"valueName\":\"search_term_string\"}}],\"inLanguage\":\"fr-FR\"}]}<\/script>\n<!-- \/ Yoast SEO plugin. -->","yoast_head_json":{"title":"Rouleaux Vibrants Double Cylindres Dynapac - Trevotech Group","description":"Les Rouleaux Vibrants Double Cylindres Dynapac assurent un compactage uniforme sur toute la largeur de travail, rendant ces machines id\u00e9ales...","robots":{"index":"index","follow":"follow","max-snippet":"max-snippet:-1","max-image-preview":"max-image-preview:large","max-video-preview":"max-video-preview:-1"},"canonical":"https:\/\/trevotech.com\/fr\/produto\/rouleaux-vibrants-double-cylindres\/","og_locale":"fr_FR","og_type":"article","og_title":"Rouleaux Vibrants Double Cylindres Dynapac - Trevotech Group","og_description":"Les Rouleaux Vibrants Double Cylindres Dynapac assurent un compactage uniforme sur toute la largeur de travail, rendant ces machines id\u00e9ales...","og_url":"https:\/\/trevotech.com\/fr\/produto\/rouleaux-vibrants-double-cylindres\/","og_site_name":"Trevotech Group","article_modified_time":"2025-08-05T10:11:04+00:00","og_image":[{"width":960,"height":720,"url":"https:\/\/trevotech.com\/wp-content\/uploads\/2024\/10\/Dynapac_CC1200VI_front-side01_960_720_75.webp","type":"image\/webp"}],"twitter_card":"summary_large_image","twitter_misc":{"Dur\u00e9e de lecture estim\u00e9e":"2 minutes"},"schema":{"@context":"https:\/\/schema.org","@graph":[{"@type":"WebPage","@id":"https:\/\/trevotech.com\/fr\/produto\/rouleaux-vibrants-double-cylindres\/","url":"https:\/\/trevotech.com\/fr\/produto\/rouleaux-vibrants-double-cylindres\/","name":"Rouleaux Vibrants Double Cylindres Dynapac - Trevotech Group","isPartOf":{"@id":"https:\/\/trevotech.com\/fr\/#website"},"primaryImageOfPage":{"@id":"https:\/\/trevotech.com\/fr\/produto\/rouleaux-vibrants-double-cylindres\/#primaryimage"},"image":{"@id":"https:\/\/trevotech.com\/fr\/produto\/rouleaux-vibrants-double-cylindres\/#primaryimage"},"thumbnailUrl":"https:\/\/trevotech.com\/wp-content\/uploads\/2024\/10\/Dynapac_CC1200VI_front-side01_960_720_75.webp","datePublished":"2024-10-24T08:58:24+00:00","dateModified":"2025-08-05T10:11:04+00:00","description":"Les Rouleaux Vibrants Double Cylindres Dynapac assurent un compactage uniforme sur toute la largeur de travail, rendant ces machines id\u00e9ales...","breadcrumb":{"@id":"https:\/\/trevotech.com\/fr\/produto\/rouleaux-vibrants-double-cylindres\/#breadcrumb"},"inLanguage":"fr-FR","potentialAction":[{"@type":"ReadAction","target":["https:\/\/trevotech.com\/fr\/produto\/rouleaux-vibrants-double-cylindres\/"]}]},{"@type":"ImageObject","inLanguage":"fr-FR","@id":"https:\/\/trevotech.com\/fr\/produto\/rouleaux-vibrants-double-cylindres\/#primaryimage","url":"https:\/\/trevotech.com\/wp-content\/uploads\/2024\/10\/Dynapac_CC1200VI_front-side01_960_720_75.webp","contentUrl":"https:\/\/trevotech.com\/wp-content\/uploads\/2024\/10\/Dynapac_CC1200VI_front-side01_960_720_75.webp","width":960,"height":720,"caption":"Double Drum Vibratory Rollers"},{"@type":"BreadcrumbList","@id":"https:\/\/trevotech.com\/fr\/produto\/rouleaux-vibrants-double-cylindres\/#breadcrumb","itemListElement":[{"@type":"ListItem","position":1,"name":"In\u00edcio","item":"https:\/\/trevotech.com\/fr\/"},{"@type":"ListItem","position":2,"name":"Produits","item":"https:\/\/trevotech.com\/fr\/shop\/"},{"@type":"ListItem","position":3,"name":"Rouleaux Vibrants Double Cylindres"}]},{"@type":"WebSite","@id":"https:\/\/trevotech.com\/fr\/#website","url":"https:\/\/trevotech.com\/fr\/","name":"Trevotech Group","description":"","potentialAction":[{"@type":"SearchAction","target":{"@type":"EntryPoint","urlTemplate":"https:\/\/trevotech.com\/fr\/?s={search_term_string}"},"query-input":{"@type":"PropertyValueSpecification","valueRequired":true,"valueName":"search_term_string"}}],"inLanguage":"fr-FR"}]}},"_links":{"self":[{"href":"https:\/\/trevotech.com\/fr\/wp-json\/wp\/v2\/product\/3902","targetHints":{"allow":["GET"]}}],"collection":[{"href":"https:\/\/trevotech.com\/fr\/wp-json\/wp\/v2\/product"}],"about":[{"href":"https:\/\/trevotech.com\/fr\/wp-json\/wp\/v2\/types\/product"}],"replies":[{"embeddable":true,"href":"https:\/\/trevotech.com\/fr\/wp-json\/wp\/v2\/comments?post=3902"}],"wp:featuredmedia":[{"embeddable":true,"href":"https:\/\/trevotech.com\/fr\/wp-json\/wp\/v2\/media\/3904"}],"wp:attachment":[{"href":"https:\/\/trevotech.com\/fr\/wp-json\/wp\/v2\/media?parent=3902"}],"wp:term":[{"taxonomy":"product_brand","embeddable":true,"href":"https:\/\/trevotech.com\/fr\/wp-json\/wp\/v2\/product_brand?post=3902"},{"taxonomy":"product_cat","embeddable":true,"href":"https:\/\/trevotech.com\/fr\/wp-json\/wp\/v2\/product_cat?post=3902"},{"taxonomy":"product_tag","embeddable":true,"href":"https:\/\/trevotech.com\/fr\/wp-json\/wp\/v2\/product_tag?post=3902"}],"curies":[{"name":"wp","href":"https:\/\/api.w.org\/{rel}","templated":true}]}}