{"id":3906,"date":"2024-10-24T08:56:37","date_gmt":"2024-10-24T08:56:37","guid":{"rendered":"https:\/\/trevotech.com\/produto\/pneumatic-tire-rollers\/"},"modified":"2025-08-05T10:11:59","modified_gmt":"2025-08-05T10:11:59","slug":"rouleaux-pneumatiques","status":"publish","type":"product","link":"https:\/\/trevotech.com\/fr\/produto\/rouleaux-pneumatiques\/","title":{"rendered":"Rouleaux Pneumatiques"},"content":{"rendered":"<p><span style=\"font-weight: 400;\">Les rouleaux pneumatiques Dynapac sont con\u00e7us pour un compactage de haute qualit\u00e9, particuli\u00e8rement efficace dans la pose d\u2019asphalte, o\u00f9 r\u00e9gularit\u00e9 et densit\u00e9 homog\u00e8ne sont essentielles.<\/span><\/p>\n<p><span style=\"font-weight: 400;\">Dot\u00e9s de plusieurs pneus assurant une r\u00e9partition uniforme du poids, ils garantissent une finition lisse et uniforme, tout en r\u00e9duisant les risques de d\u00e9t\u00e9rioration de la surface.<\/span><\/p>\n<p><span style=\"font-weight: 400;\">La pression des pneus peut \u00eatre ajust\u00e9e pour un contr\u00f4le pr\u00e9cis de la force de compactage, ce qui permet d\u2019adapter les performances \u00e0 chaque type de mat\u00e9riau.<\/span><\/p>\n<p><span style=\"font-weight: 400;\">Ces rouleaux se distinguent par leur robustesse, leur efficacit\u00e9 \u00e9nerg\u00e9tique et leur facilit\u00e9 d\u2019utilisation, ce qui en fait le choix privil\u00e9gi\u00e9 des entrepreneurs \u00e0 la recherche de fiabilit\u00e9, de performance et de rentabilit\u00e9.<\/span><\/p>\n<p><span style=\"font-weight: 400;\">Leur polyvalence les rend id\u00e9aux aussi bien pour les travaux urbains que pour les grands projets routiers.<\/span><\/p>\n<p><span style=\"font-weight: 400;\">Les rouleaux pneumatiques Dynapac sont con\u00e7us pour un compactage de haute qualit\u00e9, particuli\u00e8rement efficace dans la pose d\u2019asphalte, o\u00f9 r\u00e9gularit\u00e9 et densit\u00e9 homog\u00e8ne sont essentielles.<\/span><\/p>\n<p><span style=\"font-weight: 400;\">Dot\u00e9s de plusieurs pneus assurant une r\u00e9partition uniforme du poids, ils garantissent une finition lisse et uniforme, tout en r\u00e9duisant les risques de d\u00e9t\u00e9rioration de la surface.<\/span><\/p>\n<p><span style=\"font-weight: 400;\">La pression des pneus peut \u00eatre ajust\u00e9e pour un contr\u00f4le pr\u00e9cis de la force de compactage, ce qui permet d\u2019adapter les performances \u00e0 chaque type de mat\u00e9riau.<\/span><\/p>\n<p><span style=\"font-weight: 400;\">Ces rouleaux se distinguent par leur robustesse, leur efficacit\u00e9 \u00e9nerg\u00e9tique et leur facilit\u00e9 d\u2019utilisation, ce qui en fait le choix privil\u00e9gi\u00e9 des entrepreneurs \u00e0 la recherche de fiabilit\u00e9, de performance et de rentabilit\u00e9.<\/span><\/p>\n<p><span style=\"font-weight: 400;\">Leur polyvalence les rend id\u00e9aux aussi bien pour les travaux urbains que pour les grands projets routiers.<\/span><\/p>\n","protected":false},"excerpt":{"rendered":"<p><span style=\"font-weight: 400;\">Les rouleaux pneumatiques Dynapac sont con\u00e7us pour un compactage de haute qualit\u00e9, particuli\u00e8rement efficace dans la pose d\u2019asphalte, o\u00f9 r\u00e9gularit\u00e9 et densit\u00e9 homog\u00e8ne sont essentielles.<\/span><\/p>\n<p><span style=\"font-weight: 400;\">Dot\u00e9s de plusieurs pneus assurant une r\u00e9partition uniforme du poids, ils garantissent une finition lisse et uniforme, tout en r\u00e9duisant les risques de d\u00e9t\u00e9rioration de la surface.<\/span><\/p>\n<p><span style=\"font-weight: 400;\">La pression des pneus peut \u00eatre ajust\u00e9e pour un contr\u00f4le pr\u00e9cis de la force de compactage, ce qui permet d\u2019adapter les performances \u00e0 chaque type de mat\u00e9riau.<\/span><\/p>\n<p><span style=\"font-weight: 400;\">Ces rouleaux se distinguent par leur robustesse, leur efficacit\u00e9 \u00e9nerg\u00e9tique et leur facilit\u00e9 d\u2019utilisation, ce qui en fait le choix privil\u00e9gi\u00e9 des entrepreneurs \u00e0 la recherche de fiabilit\u00e9, de performance et de rentabilit\u00e9.<\/span><\/p>\n<p><span style=\"font-weight: 400;\">Leur polyvalence les rend id\u00e9aux aussi bien pour les travaux urbains que pour les grands projets routiers.<\/span><\/p>\n","protected":false},"featured_media":3907,"comment_status":"open","ping_status":"closed","template":"","meta":{"_acf_changed":false},"product_brand":[],"product_cat":[458],"product_tag":[],"class_list":{"0":"post-3906","1":"product","2":"type-product","3":"status-publish","4":"has-post-thumbnail","6":"product_cat-sem-categoria-fr","7":"setores-construction-et-mines","8":"marcas-dynapac","9":"tipo_produto-rouleaux-pneumatiques","11":"first","12":"instock","13":"shipping-taxable","14":"product-type-simple"},"acf":[],"yoast_head":"<!-- This site is optimized with the Yoast SEO plugin v25.2 - https:\/\/yoast.com\/wordpress\/plugins\/seo\/ -->\n<title>Rouleaux Pneumatiques Dynapac - Trevotech Group<\/title>\n<meta name=\"description\" content=\"Les rouleaux pneumatiques Dynapac sont con\u00e7us pour un compactage de haute qualit\u00e9, particuli\u00e8rement efficace dans la pose d\u2019asphalte, o\u00f9...\" \/>\n<meta name=\"robots\" content=\"index, follow, max-snippet:-1, max-image-preview:large, max-video-preview:-1\" \/>\n<link rel=\"canonical\" href=\"https:\/\/trevotech.com\/fr\/produto\/rouleaux-pneumatiques\/\" \/>\n<meta property=\"og:locale\" content=\"fr_FR\" \/>\n<meta property=\"og:type\" content=\"article\" \/>\n<meta property=\"og:title\" content=\"Rouleaux Pneumatiques Dynapac - Trevotech Group\" \/>\n<meta property=\"og:description\" content=\"Les rouleaux pneumatiques Dynapac sont con\u00e7us pour un compactage de haute qualit\u00e9, particuli\u00e8rement efficace dans la pose d\u2019asphalte, o\u00f9...\" \/>\n<meta property=\"og:url\" content=\"https:\/\/trevotech.com\/fr\/produto\/rouleaux-pneumatiques\/\" \/>\n<meta property=\"og:site_name\" content=\"Trevotech Group\" \/>\n<meta property=\"article:modified_time\" content=\"2025-08-05T10:11:59+00:00\" \/>\n<meta property=\"og:image\" content=\"https:\/\/trevotech.com\/wp-content\/uploads\/2024\/10\/DYNAPAC_Rolos-Pneumaticos.webp\" \/>\n\t<meta property=\"og:image:width\" content=\"1000\" \/>\n\t<meta property=\"og:image:height\" content=\"1000\" \/>\n\t<meta property=\"og:image:type\" content=\"image\/webp\" \/>\n<meta name=\"twitter:card\" content=\"summary_large_image\" \/>\n<meta name=\"twitter:label1\" content=\"Dur\u00e9e de lecture estim\u00e9e\" \/>\n\t<meta name=\"twitter:data1\" content=\"2 minutes\" \/>\n<script type=\"application\/ld+json\" class=\"yoast-schema-graph\">{\"@context\":\"https:\/\/schema.org\",\"@graph\":[{\"@type\":\"WebPage\",\"@id\":\"https:\/\/trevotech.com\/fr\/produto\/rouleaux-pneumatiques\/\",\"url\":\"https:\/\/trevotech.com\/fr\/produto\/rouleaux-pneumatiques\/\",\"name\":\"Rouleaux Pneumatiques Dynapac - Trevotech Group\",\"isPartOf\":{\"@id\":\"https:\/\/trevotech.com\/fr\/#website\"},\"primaryImageOfPage\":{\"@id\":\"https:\/\/trevotech.com\/fr\/produto\/rouleaux-pneumatiques\/#primaryimage\"},\"image\":{\"@id\":\"https:\/\/trevotech.com\/fr\/produto\/rouleaux-pneumatiques\/#primaryimage\"},\"thumbnailUrl\":\"https:\/\/trevotech.com\/wp-content\/uploads\/2024\/10\/DYNAPAC_Rolos-Pneumaticos.webp\",\"datePublished\":\"2024-10-24T08:56:37+00:00\",\"dateModified\":\"2025-08-05T10:11:59+00:00\",\"description\":\"Les rouleaux pneumatiques Dynapac sont con\u00e7us pour un compactage de haute qualit\u00e9, particuli\u00e8rement efficace dans la pose d\u2019asphalte, o\u00f9...\",\"breadcrumb\":{\"@id\":\"https:\/\/trevotech.com\/fr\/produto\/rouleaux-pneumatiques\/#breadcrumb\"},\"inLanguage\":\"fr-FR\",\"potentialAction\":[{\"@type\":\"ReadAction\",\"target\":[\"https:\/\/trevotech.com\/fr\/produto\/rouleaux-pneumatiques\/\"]}]},{\"@type\":\"ImageObject\",\"inLanguage\":\"fr-FR\",\"@id\":\"https:\/\/trevotech.com\/fr\/produto\/rouleaux-pneumatiques\/#primaryimage\",\"url\":\"https:\/\/trevotech.com\/wp-content\/uploads\/2024\/10\/DYNAPAC_Rolos-Pneumaticos.webp\",\"contentUrl\":\"https:\/\/trevotech.com\/wp-content\/uploads\/2024\/10\/DYNAPAC_Rolos-Pneumaticos.webp\",\"width\":1000,\"height\":1000,\"caption\":\"Pneumatic Tire Rollers\"},{\"@type\":\"BreadcrumbList\",\"@id\":\"https:\/\/trevotech.com\/fr\/produto\/rouleaux-pneumatiques\/#breadcrumb\",\"itemListElement\":[{\"@type\":\"ListItem\",\"position\":1,\"name\":\"In\u00edcio\",\"item\":\"https:\/\/trevotech.com\/fr\/\"},{\"@type\":\"ListItem\",\"position\":2,\"name\":\"Produits\",\"item\":\"https:\/\/trevotech.com\/fr\/shop\/\"},{\"@type\":\"ListItem\",\"position\":3,\"name\":\"Rouleaux Pneumatiques\"}]},{\"@type\":\"WebSite\",\"@id\":\"https:\/\/trevotech.com\/fr\/#website\",\"url\":\"https:\/\/trevotech.com\/fr\/\",\"name\":\"Trevotech Group\",\"description\":\"\",\"potentialAction\":[{\"@type\":\"SearchAction\",\"target\":{\"@type\":\"EntryPoint\",\"urlTemplate\":\"https:\/\/trevotech.com\/fr\/?s={search_term_string}\"},\"query-input\":{\"@type\":\"PropertyValueSpecification\",\"valueRequired\":true,\"valueName\":\"search_term_string\"}}],\"inLanguage\":\"fr-FR\"}]}<\/script>\n<!-- \/ Yoast SEO plugin. -->","yoast_head_json":{"title":"Rouleaux Pneumatiques Dynapac - Trevotech Group","description":"Les rouleaux pneumatiques Dynapac sont con\u00e7us pour un compactage de haute qualit\u00e9, particuli\u00e8rement efficace dans la pose d\u2019asphalte, o\u00f9...","robots":{"index":"index","follow":"follow","max-snippet":"max-snippet:-1","max-image-preview":"max-image-preview:large","max-video-preview":"max-video-preview:-1"},"canonical":"https:\/\/trevotech.com\/fr\/produto\/rouleaux-pneumatiques\/","og_locale":"fr_FR","og_type":"article","og_title":"Rouleaux Pneumatiques Dynapac - Trevotech Group","og_description":"Les rouleaux pneumatiques Dynapac sont con\u00e7us pour un compactage de haute qualit\u00e9, particuli\u00e8rement efficace dans la pose d\u2019asphalte, o\u00f9...","og_url":"https:\/\/trevotech.com\/fr\/produto\/rouleaux-pneumatiques\/","og_site_name":"Trevotech Group","article_modified_time":"2025-08-05T10:11:59+00:00","og_image":[{"width":1000,"height":1000,"url":"https:\/\/trevotech.com\/wp-content\/uploads\/2024\/10\/DYNAPAC_Rolos-Pneumaticos.webp","type":"image\/webp"}],"twitter_card":"summary_large_image","twitter_misc":{"Dur\u00e9e de lecture estim\u00e9e":"2 minutes"},"schema":{"@context":"https:\/\/schema.org","@graph":[{"@type":"WebPage","@id":"https:\/\/trevotech.com\/fr\/produto\/rouleaux-pneumatiques\/","url":"https:\/\/trevotech.com\/fr\/produto\/rouleaux-pneumatiques\/","name":"Rouleaux Pneumatiques Dynapac - Trevotech Group","isPartOf":{"@id":"https:\/\/trevotech.com\/fr\/#website"},"primaryImageOfPage":{"@id":"https:\/\/trevotech.com\/fr\/produto\/rouleaux-pneumatiques\/#primaryimage"},"image":{"@id":"https:\/\/trevotech.com\/fr\/produto\/rouleaux-pneumatiques\/#primaryimage"},"thumbnailUrl":"https:\/\/trevotech.com\/wp-content\/uploads\/2024\/10\/DYNAPAC_Rolos-Pneumaticos.webp","datePublished":"2024-10-24T08:56:37+00:00","dateModified":"2025-08-05T10:11:59+00:00","description":"Les rouleaux pneumatiques Dynapac sont con\u00e7us pour un compactage de haute qualit\u00e9, particuli\u00e8rement efficace dans la pose d\u2019asphalte, o\u00f9...","breadcrumb":{"@id":"https:\/\/trevotech.com\/fr\/produto\/rouleaux-pneumatiques\/#breadcrumb"},"inLanguage":"fr-FR","potentialAction":[{"@type":"ReadAction","target":["https:\/\/trevotech.com\/fr\/produto\/rouleaux-pneumatiques\/"]}]},{"@type":"ImageObject","inLanguage":"fr-FR","@id":"https:\/\/trevotech.com\/fr\/produto\/rouleaux-pneumatiques\/#primaryimage","url":"https:\/\/trevotech.com\/wp-content\/uploads\/2024\/10\/DYNAPAC_Rolos-Pneumaticos.webp","contentUrl":"https:\/\/trevotech.com\/wp-content\/uploads\/2024\/10\/DYNAPAC_Rolos-Pneumaticos.webp","width":1000,"height":1000,"caption":"Pneumatic Tire Rollers"},{"@type":"BreadcrumbList","@id":"https:\/\/trevotech.com\/fr\/produto\/rouleaux-pneumatiques\/#breadcrumb","itemListElement":[{"@type":"ListItem","position":1,"name":"In\u00edcio","item":"https:\/\/trevotech.com\/fr\/"},{"@type":"ListItem","position":2,"name":"Produits","item":"https:\/\/trevotech.com\/fr\/shop\/"},{"@type":"ListItem","position":3,"name":"Rouleaux Pneumatiques"}]},{"@type":"WebSite","@id":"https:\/\/trevotech.com\/fr\/#website","url":"https:\/\/trevotech.com\/fr\/","name":"Trevotech Group","description":"","potentialAction":[{"@type":"SearchAction","target":{"@type":"EntryPoint","urlTemplate":"https:\/\/trevotech.com\/fr\/?s={search_term_string}"},"query-input":{"@type":"PropertyValueSpecification","valueRequired":true,"valueName":"search_term_string"}}],"inLanguage":"fr-FR"}]}},"_links":{"self":[{"href":"https:\/\/trevotech.com\/fr\/wp-json\/wp\/v2\/product\/3906","targetHints":{"allow":["GET"]}}],"collection":[{"href":"https:\/\/trevotech.com\/fr\/wp-json\/wp\/v2\/product"}],"about":[{"href":"https:\/\/trevotech.com\/fr\/wp-json\/wp\/v2\/types\/product"}],"replies":[{"embeddable":true,"href":"https:\/\/trevotech.com\/fr\/wp-json\/wp\/v2\/comments?post=3906"}],"wp:featuredmedia":[{"embeddable":true,"href":"https:\/\/trevotech.com\/fr\/wp-json\/wp\/v2\/media\/3907"}],"wp:attachment":[{"href":"https:\/\/trevotech.com\/fr\/wp-json\/wp\/v2\/media?parent=3906"}],"wp:term":[{"taxonomy":"product_brand","embeddable":true,"href":"https:\/\/trevotech.com\/fr\/wp-json\/wp\/v2\/product_brand?post=3906"},{"taxonomy":"product_cat","embeddable":true,"href":"https:\/\/trevotech.com\/fr\/wp-json\/wp\/v2\/product_cat?post=3906"},{"taxonomy":"product_tag","embeddable":true,"href":"https:\/\/trevotech.com\/fr\/wp-json\/wp\/v2\/product_tag?post=3906"}],"curies":[{"name":"wp","href":"https:\/\/api.w.org\/{rel}","templated":true}]}}