{"id":3909,"date":"2024-10-24T08:55:04","date_gmt":"2024-10-24T08:55:04","guid":{"rendered":"https:\/\/trevotech.com\/produto\/combi-rollers\/"},"modified":"2025-08-05T10:12:51","modified_gmt":"2025-08-05T10:12:51","slug":"rouleaux-combines","status":"publish","type":"product","link":"https:\/\/trevotech.com\/fr\/produto\/rouleaux-combines\/","title":{"rendered":"Rouleaux Combin\u00e9s"},"content":{"rendered":"<p><span style=\"font-weight: 400;\">Les rouleaux combin\u00e9s Dynapac associent un tambour lisse et un tambour pied de mouton pour offrir une solution polyvalente de compactage adapt\u00e9e \u00e0 un large \u00e9ventail d\u2019applications.<\/span><\/p>\n<p><span style=\"font-weight: 400;\">Ce design hybride permet d\u2019alterner facilement entre diff\u00e9rents types de surface \u2014 asphalte, sol ou gravier \u2014 selon les besoins du chantier.<\/span><\/p>\n<p><span style=\"font-weight: 400;\">Le tambour lisse est id\u00e9al pour une finition de haute qualit\u00e9 sur l\u2019asphalte, tandis que le tambour padfoot est parfait pour compacter le sol et les sous-couches, assurant une densit\u00e9 et une stabilit\u00e9 maximales.<\/span><\/p>\n<p><span style=\"font-weight: 400;\">\u00c9quip\u00e9s de syst\u00e8mes avanc\u00e9s de contr\u00f4le des vibrations, ces rouleaux combin\u00e9s optimisent la consommation de carburant, la pr\u00e9cision du compactage et le confort de l\u2019op\u00e9rateur. Leur robustesse et leur flexibilit\u00e9 en font un outil essentiel pour les entrepreneurs aux besoins vari\u00e9s.<\/span><\/p>\n<p><span style=\"font-weight: 400;\">Les rouleaux combin\u00e9s Dynapac associent un tambour lisse et un tambour pied de mouton pour offrir une solution polyvalente de compactage adapt\u00e9e \u00e0 un large \u00e9ventail d\u2019applications.<\/span><\/p>\n<p><span style=\"font-weight: 400;\">Ce design hybride permet d\u2019alterner facilement entre diff\u00e9rents types de surface \u2014 asphalte, sol ou gravier \u2014 selon les besoins du chantier.<\/span><\/p>\n<p><span style=\"font-weight: 400;\">Le tambour lisse est id\u00e9al pour une finition de haute qualit\u00e9 sur l\u2019asphalte, tandis que le tambour padfoot est parfait pour compacter le sol et les sous-couches, assurant une densit\u00e9 et une stabilit\u00e9 maximales.<\/span><\/p>\n<p><span style=\"font-weight: 400;\">\u00c9quip\u00e9s de syst\u00e8mes avanc\u00e9s de contr\u00f4le des vibrations, ces rouleaux combin\u00e9s optimisent la consommation de carburant, la pr\u00e9cision du compactage et le confort de l\u2019op\u00e9rateur. Leur robustesse et leur flexibilit\u00e9 en font un outil essentiel pour les entrepreneurs aux besoins vari\u00e9s.<\/span><\/p>\n","protected":false},"excerpt":{"rendered":"<p><span style=\"font-weight: 400;\">Les rouleaux combin\u00e9s Dynapac associent un tambour lisse et un tambour pied de mouton pour offrir une solution polyvalente de compactage adapt\u00e9e \u00e0 un large \u00e9ventail d\u2019applications.<\/span><\/p>\n<p><span style=\"font-weight: 400;\">Ce design hybride permet d\u2019alterner facilement entre diff\u00e9rents types de surface \u2014 asphalte, sol ou gravier \u2014 selon les besoins du chantier.<\/span><\/p>\n<p><span style=\"font-weight: 400;\">Le tambour lisse est id\u00e9al pour une finition de haute qualit\u00e9 sur l\u2019asphalte, tandis que le tambour padfoot est parfait pour compacter le sol et les sous-couches, assurant une densit\u00e9 et une stabilit\u00e9 maximales.<\/span><\/p>\n<p><span style=\"font-weight: 400;\">\u00c9quip\u00e9s de syst\u00e8mes avanc\u00e9s de contr\u00f4le des vibrations, ces rouleaux combin\u00e9s optimisent la consommation de carburant, la pr\u00e9cision du compactage et le confort de l\u2019op\u00e9rateur. Leur robustesse et leur flexibilit\u00e9 en font un outil essentiel pour les entrepreneurs aux besoins vari\u00e9s.<\/span><\/p>\n","protected":false},"featured_media":3910,"comment_status":"open","ping_status":"closed","template":"","meta":{"_acf_changed":false},"product_brand":[],"product_cat":[458],"product_tag":[],"class_list":{"0":"post-3909","1":"product","2":"type-product","3":"status-publish","4":"has-post-thumbnail","6":"product_cat-sem-categoria-fr","7":"setores-construction-et-mines","8":"marcas-dynapac","9":"tipo_produto-rouleaux-combines","11":"first","12":"instock","13":"shipping-taxable","14":"product-type-simple"},"acf":[],"yoast_head":"<!-- This site is optimized with the Yoast SEO plugin v25.2 - https:\/\/yoast.com\/wordpress\/plugins\/seo\/ -->\n<title>Rouleaux Combin\u00e9s Dynapac - Trevotech Group<\/title>\n<meta name=\"description\" content=\"Les rouleaux combin\u00e9s Dynapac associent un tambour lisse et un tambour pied de mouton pour offrir une solution polyvalente de...\" \/>\n<meta name=\"robots\" content=\"index, follow, max-snippet:-1, max-image-preview:large, max-video-preview:-1\" \/>\n<link rel=\"canonical\" href=\"https:\/\/trevotech.com\/fr\/produto\/rouleaux-combines\/\" \/>\n<meta property=\"og:locale\" content=\"fr_FR\" \/>\n<meta property=\"og:type\" content=\"article\" \/>\n<meta property=\"og:title\" content=\"Rouleaux Combin\u00e9s Dynapac - Trevotech Group\" \/>\n<meta property=\"og:description\" content=\"Les rouleaux combin\u00e9s Dynapac associent un tambour lisse et un tambour pied de mouton pour offrir une solution polyvalente de...\" \/>\n<meta property=\"og:url\" content=\"https:\/\/trevotech.com\/fr\/produto\/rouleaux-combines\/\" \/>\n<meta property=\"og:site_name\" content=\"Trevotech Group\" \/>\n<meta property=\"article:modified_time\" content=\"2025-08-05T10:12:51+00:00\" \/>\n<meta property=\"og:image\" content=\"https:\/\/trevotech.com\/wp-content\/uploads\/2024\/10\/DYNAPAC_Rolos-Combinados.webp\" \/>\n\t<meta property=\"og:image:width\" content=\"1000\" \/>\n\t<meta property=\"og:image:height\" content=\"1000\" \/>\n\t<meta property=\"og:image:type\" content=\"image\/webp\" \/>\n<meta name=\"twitter:card\" content=\"summary_large_image\" \/>\n<meta name=\"twitter:label1\" content=\"Dur\u00e9e de lecture estim\u00e9e\" \/>\n\t<meta name=\"twitter:data1\" content=\"2 minutes\" \/>\n<script type=\"application\/ld+json\" class=\"yoast-schema-graph\">{\"@context\":\"https:\/\/schema.org\",\"@graph\":[{\"@type\":\"WebPage\",\"@id\":\"https:\/\/trevotech.com\/fr\/produto\/rouleaux-combines\/\",\"url\":\"https:\/\/trevotech.com\/fr\/produto\/rouleaux-combines\/\",\"name\":\"Rouleaux Combin\u00e9s Dynapac - Trevotech Group\",\"isPartOf\":{\"@id\":\"https:\/\/trevotech.com\/fr\/#website\"},\"primaryImageOfPage\":{\"@id\":\"https:\/\/trevotech.com\/fr\/produto\/rouleaux-combines\/#primaryimage\"},\"image\":{\"@id\":\"https:\/\/trevotech.com\/fr\/produto\/rouleaux-combines\/#primaryimage\"},\"thumbnailUrl\":\"https:\/\/trevotech.com\/wp-content\/uploads\/2024\/10\/DYNAPAC_Rolos-Combinados.webp\",\"datePublished\":\"2024-10-24T08:55:04+00:00\",\"dateModified\":\"2025-08-05T10:12:51+00:00\",\"description\":\"Les rouleaux combin\u00e9s Dynapac associent un tambour lisse et un tambour pied de mouton pour offrir une solution polyvalente de...\",\"breadcrumb\":{\"@id\":\"https:\/\/trevotech.com\/fr\/produto\/rouleaux-combines\/#breadcrumb\"},\"inLanguage\":\"fr-FR\",\"potentialAction\":[{\"@type\":\"ReadAction\",\"target\":[\"https:\/\/trevotech.com\/fr\/produto\/rouleaux-combines\/\"]}]},{\"@type\":\"ImageObject\",\"inLanguage\":\"fr-FR\",\"@id\":\"https:\/\/trevotech.com\/fr\/produto\/rouleaux-combines\/#primaryimage\",\"url\":\"https:\/\/trevotech.com\/wp-content\/uploads\/2024\/10\/DYNAPAC_Rolos-Combinados.webp\",\"contentUrl\":\"https:\/\/trevotech.com\/wp-content\/uploads\/2024\/10\/DYNAPAC_Rolos-Combinados.webp\",\"width\":1000,\"height\":1000,\"caption\":\"Combi Rollers\"},{\"@type\":\"BreadcrumbList\",\"@id\":\"https:\/\/trevotech.com\/fr\/produto\/rouleaux-combines\/#breadcrumb\",\"itemListElement\":[{\"@type\":\"ListItem\",\"position\":1,\"name\":\"In\u00edcio\",\"item\":\"https:\/\/trevotech.com\/fr\/\"},{\"@type\":\"ListItem\",\"position\":2,\"name\":\"Produits\",\"item\":\"https:\/\/trevotech.com\/fr\/shop\/\"},{\"@type\":\"ListItem\",\"position\":3,\"name\":\"Rouleaux Combin\u00e9s\"}]},{\"@type\":\"WebSite\",\"@id\":\"https:\/\/trevotech.com\/fr\/#website\",\"url\":\"https:\/\/trevotech.com\/fr\/\",\"name\":\"Trevotech Group\",\"description\":\"\",\"potentialAction\":[{\"@type\":\"SearchAction\",\"target\":{\"@type\":\"EntryPoint\",\"urlTemplate\":\"https:\/\/trevotech.com\/fr\/?s={search_term_string}\"},\"query-input\":{\"@type\":\"PropertyValueSpecification\",\"valueRequired\":true,\"valueName\":\"search_term_string\"}}],\"inLanguage\":\"fr-FR\"}]}<\/script>\n<!-- \/ Yoast SEO plugin. -->","yoast_head_json":{"title":"Rouleaux Combin\u00e9s Dynapac - Trevotech Group","description":"Les rouleaux combin\u00e9s Dynapac associent un tambour lisse et un tambour pied de mouton pour offrir une solution polyvalente de...","robots":{"index":"index","follow":"follow","max-snippet":"max-snippet:-1","max-image-preview":"max-image-preview:large","max-video-preview":"max-video-preview:-1"},"canonical":"https:\/\/trevotech.com\/fr\/produto\/rouleaux-combines\/","og_locale":"fr_FR","og_type":"article","og_title":"Rouleaux Combin\u00e9s Dynapac - Trevotech Group","og_description":"Les rouleaux combin\u00e9s Dynapac associent un tambour lisse et un tambour pied de mouton pour offrir une solution polyvalente de...","og_url":"https:\/\/trevotech.com\/fr\/produto\/rouleaux-combines\/","og_site_name":"Trevotech Group","article_modified_time":"2025-08-05T10:12:51+00:00","og_image":[{"width":1000,"height":1000,"url":"https:\/\/trevotech.com\/wp-content\/uploads\/2024\/10\/DYNAPAC_Rolos-Combinados.webp","type":"image\/webp"}],"twitter_card":"summary_large_image","twitter_misc":{"Dur\u00e9e de lecture estim\u00e9e":"2 minutes"},"schema":{"@context":"https:\/\/schema.org","@graph":[{"@type":"WebPage","@id":"https:\/\/trevotech.com\/fr\/produto\/rouleaux-combines\/","url":"https:\/\/trevotech.com\/fr\/produto\/rouleaux-combines\/","name":"Rouleaux Combin\u00e9s Dynapac - Trevotech Group","isPartOf":{"@id":"https:\/\/trevotech.com\/fr\/#website"},"primaryImageOfPage":{"@id":"https:\/\/trevotech.com\/fr\/produto\/rouleaux-combines\/#primaryimage"},"image":{"@id":"https:\/\/trevotech.com\/fr\/produto\/rouleaux-combines\/#primaryimage"},"thumbnailUrl":"https:\/\/trevotech.com\/wp-content\/uploads\/2024\/10\/DYNAPAC_Rolos-Combinados.webp","datePublished":"2024-10-24T08:55:04+00:00","dateModified":"2025-08-05T10:12:51+00:00","description":"Les rouleaux combin\u00e9s Dynapac associent un tambour lisse et un tambour pied de mouton pour offrir une solution polyvalente de...","breadcrumb":{"@id":"https:\/\/trevotech.com\/fr\/produto\/rouleaux-combines\/#breadcrumb"},"inLanguage":"fr-FR","potentialAction":[{"@type":"ReadAction","target":["https:\/\/trevotech.com\/fr\/produto\/rouleaux-combines\/"]}]},{"@type":"ImageObject","inLanguage":"fr-FR","@id":"https:\/\/trevotech.com\/fr\/produto\/rouleaux-combines\/#primaryimage","url":"https:\/\/trevotech.com\/wp-content\/uploads\/2024\/10\/DYNAPAC_Rolos-Combinados.webp","contentUrl":"https:\/\/trevotech.com\/wp-content\/uploads\/2024\/10\/DYNAPAC_Rolos-Combinados.webp","width":1000,"height":1000,"caption":"Combi Rollers"},{"@type":"BreadcrumbList","@id":"https:\/\/trevotech.com\/fr\/produto\/rouleaux-combines\/#breadcrumb","itemListElement":[{"@type":"ListItem","position":1,"name":"In\u00edcio","item":"https:\/\/trevotech.com\/fr\/"},{"@type":"ListItem","position":2,"name":"Produits","item":"https:\/\/trevotech.com\/fr\/shop\/"},{"@type":"ListItem","position":3,"name":"Rouleaux Combin\u00e9s"}]},{"@type":"WebSite","@id":"https:\/\/trevotech.com\/fr\/#website","url":"https:\/\/trevotech.com\/fr\/","name":"Trevotech Group","description":"","potentialAction":[{"@type":"SearchAction","target":{"@type":"EntryPoint","urlTemplate":"https:\/\/trevotech.com\/fr\/?s={search_term_string}"},"query-input":{"@type":"PropertyValueSpecification","valueRequired":true,"valueName":"search_term_string"}}],"inLanguage":"fr-FR"}]}},"_links":{"self":[{"href":"https:\/\/trevotech.com\/fr\/wp-json\/wp\/v2\/product\/3909","targetHints":{"allow":["GET"]}}],"collection":[{"href":"https:\/\/trevotech.com\/fr\/wp-json\/wp\/v2\/product"}],"about":[{"href":"https:\/\/trevotech.com\/fr\/wp-json\/wp\/v2\/types\/product"}],"replies":[{"embeddable":true,"href":"https:\/\/trevotech.com\/fr\/wp-json\/wp\/v2\/comments?post=3909"}],"wp:featuredmedia":[{"embeddable":true,"href":"https:\/\/trevotech.com\/fr\/wp-json\/wp\/v2\/media\/3910"}],"wp:attachment":[{"href":"https:\/\/trevotech.com\/fr\/wp-json\/wp\/v2\/media?parent=3909"}],"wp:term":[{"taxonomy":"product_brand","embeddable":true,"href":"https:\/\/trevotech.com\/fr\/wp-json\/wp\/v2\/product_brand?post=3909"},{"taxonomy":"product_cat","embeddable":true,"href":"https:\/\/trevotech.com\/fr\/wp-json\/wp\/v2\/product_cat?post=3909"},{"taxonomy":"product_tag","embeddable":true,"href":"https:\/\/trevotech.com\/fr\/wp-json\/wp\/v2\/product_tag?post=3909"}],"curies":[{"name":"wp","href":"https:\/\/api.w.org\/{rel}","templated":true}]}}