{"id":3912,"date":"2024-10-24T08:53:38","date_gmt":"2024-10-24T08:53:38","guid":{"rendered":"https:\/\/trevotech.com\/produto\/city-pavers\/"},"modified":"2025-08-05T10:14:50","modified_gmt":"2025-08-05T10:14:50","slug":"finisseurs-urbains","status":"publish","type":"product","link":"https:\/\/trevotech.com\/fr\/produto\/finisseurs-urbains\/","title":{"rendered":"Finisseurs Urbains"},"content":{"rendered":"<p><span style=\"font-weight: 400;\">Les finisseurs urbains Dynapac ont \u00e9t\u00e9 sp\u00e9cialement con\u00e7us pour r\u00e9pondre aux exigences de la construction routi\u00e8re en milieu urbain, en combinant format compact et excellente man\u0153uvrabilit\u00e9 sans compromettre la performance.<\/span><\/p>\n<p><span style=\"font-weight: 400;\">Id\u00e9als pour les rues \u00e9troites, les zones r\u00e9sidentielles et les travaux d&rsquo;infrastructure urbaine, ces finisseurs sont adapt\u00e9s aux espaces confin\u00e9s tout en garantissant une qualit\u00e9 exceptionnelle dans la pose d\u2019asphalte.<\/span><\/p>\n<p><span style=\"font-weight: 400;\">Malgr\u00e9 leur taille r\u00e9duite, ils int\u00e8grent des technologies avanc\u00e9es assurant une couche r\u00e9guli\u00e8re et homog\u00e8ne, avec une pose pr\u00e9cise. Faciles \u00e0 utiliser, \u00e9conomiques et efficaces en carburant, ces finisseurs repr\u00e9sentent une solution intelligente pour les entrepreneurs op\u00e9rant en milieu urbain, o\u00f9 agilit\u00e9 et fiabilit\u00e9 sont primordiales.<\/span><\/p>\n<p><span style=\"font-weight: 400;\">Les finisseurs urbains Dynapac ont \u00e9t\u00e9 sp\u00e9cialement con\u00e7us pour r\u00e9pondre aux exigences de la construction routi\u00e8re en milieu urbain, en combinant format compact et excellente man\u0153uvrabilit\u00e9 sans compromettre la performance.<\/span><\/p>\n<p><span style=\"font-weight: 400;\">Id\u00e9als pour les rues \u00e9troites, les zones r\u00e9sidentielles et les travaux d&rsquo;infrastructure urbaine, ces finisseurs sont adapt\u00e9s aux espaces confin\u00e9s tout en garantissant une qualit\u00e9 exceptionnelle dans la pose d\u2019asphalte.<\/span><\/p>\n<p><span style=\"font-weight: 400;\">Malgr\u00e9 leur taille r\u00e9duite, ils int\u00e8grent des technologies avanc\u00e9es assurant une couche r\u00e9guli\u00e8re et homog\u00e8ne, avec une pose pr\u00e9cise. Faciles \u00e0 utiliser, \u00e9conomiques et efficaces en carburant, ces finisseurs repr\u00e9sentent une solution intelligente pour les entrepreneurs op\u00e9rant en milieu urbain, o\u00f9 agilit\u00e9 et fiabilit\u00e9 sont primordiales.<\/span><\/p>\n","protected":false},"excerpt":{"rendered":"<p><span style=\"font-weight: 400;\">Les finisseurs urbains Dynapac ont \u00e9t\u00e9 sp\u00e9cialement con\u00e7us pour r\u00e9pondre aux exigences de la construction routi\u00e8re en milieu urbain, en combinant format compact et excellente man\u0153uvrabilit\u00e9 sans compromettre la performance.<\/span><\/p>\n<p><span style=\"font-weight: 400;\">Id\u00e9als pour les rues \u00e9troites, les zones r\u00e9sidentielles et les travaux d&rsquo;infrastructure urbaine, ces finisseurs sont adapt\u00e9s aux espaces confin\u00e9s tout en garantissant une qualit\u00e9 exceptionnelle dans la pose d\u2019asphalte.<\/span><\/p>\n<p><span style=\"font-weight: 400;\">Malgr\u00e9 leur taille r\u00e9duite, ils int\u00e8grent des technologies avanc\u00e9es assurant une couche r\u00e9guli\u00e8re et homog\u00e8ne, avec une pose pr\u00e9cise. Faciles \u00e0 utiliser, \u00e9conomiques et efficaces en carburant, ces finisseurs repr\u00e9sentent une solution intelligente pour les entrepreneurs op\u00e9rant en milieu urbain, o\u00f9 agilit\u00e9 et fiabilit\u00e9 sont primordiales.<\/span><\/p>\n","protected":false},"featured_media":3913,"comment_status":"open","ping_status":"closed","template":"","meta":{"_acf_changed":false},"product_brand":[],"product_cat":[458],"product_tag":[],"class_list":{"0":"post-3912","1":"product","2":"type-product","3":"status-publish","4":"has-post-thumbnail","6":"product_cat-sem-categoria-fr","7":"setores-construction-et-mines","8":"marcas-dynapac","9":"tipo_produto-finisseurs-urbains","11":"first","12":"instock","13":"shipping-taxable","14":"product-type-simple"},"acf":[],"yoast_head":"<!-- This site is optimized with the Yoast SEO plugin v25.2 - https:\/\/yoast.com\/wordpress\/plugins\/seo\/ -->\n<title>Finisseurs Urbains Dynapac - Trevotech Group<\/title>\n<meta name=\"description\" content=\"Les finisseurs urbains Dynapac ont \u00e9t\u00e9 sp\u00e9cialement con\u00e7us pour r\u00e9pondre aux exigences de la construction routi\u00e8re en milieu urbain, en...\" \/>\n<meta name=\"robots\" content=\"index, follow, max-snippet:-1, max-image-preview:large, max-video-preview:-1\" \/>\n<link rel=\"canonical\" href=\"https:\/\/trevotech.com\/fr\/produto\/finisseurs-urbains\/\" \/>\n<meta property=\"og:locale\" content=\"fr_FR\" \/>\n<meta property=\"og:type\" content=\"article\" \/>\n<meta property=\"og:title\" content=\"Finisseurs Urbains Dynapac - Trevotech Group\" \/>\n<meta property=\"og:description\" content=\"Les finisseurs urbains Dynapac ont \u00e9t\u00e9 sp\u00e9cialement con\u00e7us pour r\u00e9pondre aux exigences de la construction routi\u00e8re en milieu urbain, en...\" \/>\n<meta property=\"og:url\" content=\"https:\/\/trevotech.com\/fr\/produto\/finisseurs-urbains\/\" \/>\n<meta property=\"og:site_name\" content=\"Trevotech Group\" \/>\n<meta property=\"article:modified_time\" content=\"2025-08-05T10:14:50+00:00\" \/>\n<meta property=\"og:image\" content=\"https:\/\/trevotech.com\/wp-content\/uploads\/2024\/10\/DYNAPAC_Pavimentadoras-Urbanas.webp\" \/>\n\t<meta property=\"og:image:width\" content=\"1000\" \/>\n\t<meta property=\"og:image:height\" content=\"1000\" \/>\n\t<meta property=\"og:image:type\" content=\"image\/webp\" \/>\n<meta name=\"twitter:card\" content=\"summary_large_image\" \/>\n<meta name=\"twitter:label1\" content=\"Dur\u00e9e de lecture estim\u00e9e\" \/>\n\t<meta name=\"twitter:data1\" content=\"2 minutes\" \/>\n<script type=\"application\/ld+json\" class=\"yoast-schema-graph\">{\"@context\":\"https:\/\/schema.org\",\"@graph\":[{\"@type\":\"WebPage\",\"@id\":\"https:\/\/trevotech.com\/fr\/produto\/finisseurs-urbains\/\",\"url\":\"https:\/\/trevotech.com\/fr\/produto\/finisseurs-urbains\/\",\"name\":\"Finisseurs Urbains Dynapac - Trevotech Group\",\"isPartOf\":{\"@id\":\"https:\/\/trevotech.com\/fr\/#website\"},\"primaryImageOfPage\":{\"@id\":\"https:\/\/trevotech.com\/fr\/produto\/finisseurs-urbains\/#primaryimage\"},\"image\":{\"@id\":\"https:\/\/trevotech.com\/fr\/produto\/finisseurs-urbains\/#primaryimage\"},\"thumbnailUrl\":\"https:\/\/trevotech.com\/wp-content\/uploads\/2024\/10\/DYNAPAC_Pavimentadoras-Urbanas.webp\",\"datePublished\":\"2024-10-24T08:53:38+00:00\",\"dateModified\":\"2025-08-05T10:14:50+00:00\",\"description\":\"Les finisseurs urbains Dynapac ont \u00e9t\u00e9 sp\u00e9cialement con\u00e7us pour r\u00e9pondre aux exigences de la construction routi\u00e8re en milieu urbain, en...\",\"breadcrumb\":{\"@id\":\"https:\/\/trevotech.com\/fr\/produto\/finisseurs-urbains\/#breadcrumb\"},\"inLanguage\":\"fr-FR\",\"potentialAction\":[{\"@type\":\"ReadAction\",\"target\":[\"https:\/\/trevotech.com\/fr\/produto\/finisseurs-urbains\/\"]}]},{\"@type\":\"ImageObject\",\"inLanguage\":\"fr-FR\",\"@id\":\"https:\/\/trevotech.com\/fr\/produto\/finisseurs-urbains\/#primaryimage\",\"url\":\"https:\/\/trevotech.com\/wp-content\/uploads\/2024\/10\/DYNAPAC_Pavimentadoras-Urbanas.webp\",\"contentUrl\":\"https:\/\/trevotech.com\/wp-content\/uploads\/2024\/10\/DYNAPAC_Pavimentadoras-Urbanas.webp\",\"width\":1000,\"height\":1000,\"caption\":\"City Pavers\"},{\"@type\":\"BreadcrumbList\",\"@id\":\"https:\/\/trevotech.com\/fr\/produto\/finisseurs-urbains\/#breadcrumb\",\"itemListElement\":[{\"@type\":\"ListItem\",\"position\":1,\"name\":\"In\u00edcio\",\"item\":\"https:\/\/trevotech.com\/fr\/\"},{\"@type\":\"ListItem\",\"position\":2,\"name\":\"Produits\",\"item\":\"https:\/\/trevotech.com\/fr\/shop\/\"},{\"@type\":\"ListItem\",\"position\":3,\"name\":\"Finisseurs Urbains\"}]},{\"@type\":\"WebSite\",\"@id\":\"https:\/\/trevotech.com\/fr\/#website\",\"url\":\"https:\/\/trevotech.com\/fr\/\",\"name\":\"Trevotech Group\",\"description\":\"\",\"potentialAction\":[{\"@type\":\"SearchAction\",\"target\":{\"@type\":\"EntryPoint\",\"urlTemplate\":\"https:\/\/trevotech.com\/fr\/?s={search_term_string}\"},\"query-input\":{\"@type\":\"PropertyValueSpecification\",\"valueRequired\":true,\"valueName\":\"search_term_string\"}}],\"inLanguage\":\"fr-FR\"}]}<\/script>\n<!-- \/ Yoast SEO plugin. -->","yoast_head_json":{"title":"Finisseurs Urbains Dynapac - Trevotech Group","description":"Les finisseurs urbains Dynapac ont \u00e9t\u00e9 sp\u00e9cialement con\u00e7us pour r\u00e9pondre aux exigences de la construction routi\u00e8re en milieu urbain, en...","robots":{"index":"index","follow":"follow","max-snippet":"max-snippet:-1","max-image-preview":"max-image-preview:large","max-video-preview":"max-video-preview:-1"},"canonical":"https:\/\/trevotech.com\/fr\/produto\/finisseurs-urbains\/","og_locale":"fr_FR","og_type":"article","og_title":"Finisseurs Urbains Dynapac - Trevotech Group","og_description":"Les finisseurs urbains Dynapac ont \u00e9t\u00e9 sp\u00e9cialement con\u00e7us pour r\u00e9pondre aux exigences de la construction routi\u00e8re en milieu urbain, en...","og_url":"https:\/\/trevotech.com\/fr\/produto\/finisseurs-urbains\/","og_site_name":"Trevotech Group","article_modified_time":"2025-08-05T10:14:50+00:00","og_image":[{"width":1000,"height":1000,"url":"https:\/\/trevotech.com\/wp-content\/uploads\/2024\/10\/DYNAPAC_Pavimentadoras-Urbanas.webp","type":"image\/webp"}],"twitter_card":"summary_large_image","twitter_misc":{"Dur\u00e9e de lecture estim\u00e9e":"2 minutes"},"schema":{"@context":"https:\/\/schema.org","@graph":[{"@type":"WebPage","@id":"https:\/\/trevotech.com\/fr\/produto\/finisseurs-urbains\/","url":"https:\/\/trevotech.com\/fr\/produto\/finisseurs-urbains\/","name":"Finisseurs Urbains Dynapac - Trevotech Group","isPartOf":{"@id":"https:\/\/trevotech.com\/fr\/#website"},"primaryImageOfPage":{"@id":"https:\/\/trevotech.com\/fr\/produto\/finisseurs-urbains\/#primaryimage"},"image":{"@id":"https:\/\/trevotech.com\/fr\/produto\/finisseurs-urbains\/#primaryimage"},"thumbnailUrl":"https:\/\/trevotech.com\/wp-content\/uploads\/2024\/10\/DYNAPAC_Pavimentadoras-Urbanas.webp","datePublished":"2024-10-24T08:53:38+00:00","dateModified":"2025-08-05T10:14:50+00:00","description":"Les finisseurs urbains Dynapac ont \u00e9t\u00e9 sp\u00e9cialement con\u00e7us pour r\u00e9pondre aux exigences de la construction routi\u00e8re en milieu urbain, en...","breadcrumb":{"@id":"https:\/\/trevotech.com\/fr\/produto\/finisseurs-urbains\/#breadcrumb"},"inLanguage":"fr-FR","potentialAction":[{"@type":"ReadAction","target":["https:\/\/trevotech.com\/fr\/produto\/finisseurs-urbains\/"]}]},{"@type":"ImageObject","inLanguage":"fr-FR","@id":"https:\/\/trevotech.com\/fr\/produto\/finisseurs-urbains\/#primaryimage","url":"https:\/\/trevotech.com\/wp-content\/uploads\/2024\/10\/DYNAPAC_Pavimentadoras-Urbanas.webp","contentUrl":"https:\/\/trevotech.com\/wp-content\/uploads\/2024\/10\/DYNAPAC_Pavimentadoras-Urbanas.webp","width":1000,"height":1000,"caption":"City Pavers"},{"@type":"BreadcrumbList","@id":"https:\/\/trevotech.com\/fr\/produto\/finisseurs-urbains\/#breadcrumb","itemListElement":[{"@type":"ListItem","position":1,"name":"In\u00edcio","item":"https:\/\/trevotech.com\/fr\/"},{"@type":"ListItem","position":2,"name":"Produits","item":"https:\/\/trevotech.com\/fr\/shop\/"},{"@type":"ListItem","position":3,"name":"Finisseurs Urbains"}]},{"@type":"WebSite","@id":"https:\/\/trevotech.com\/fr\/#website","url":"https:\/\/trevotech.com\/fr\/","name":"Trevotech Group","description":"","potentialAction":[{"@type":"SearchAction","target":{"@type":"EntryPoint","urlTemplate":"https:\/\/trevotech.com\/fr\/?s={search_term_string}"},"query-input":{"@type":"PropertyValueSpecification","valueRequired":true,"valueName":"search_term_string"}}],"inLanguage":"fr-FR"}]}},"_links":{"self":[{"href":"https:\/\/trevotech.com\/fr\/wp-json\/wp\/v2\/product\/3912","targetHints":{"allow":["GET"]}}],"collection":[{"href":"https:\/\/trevotech.com\/fr\/wp-json\/wp\/v2\/product"}],"about":[{"href":"https:\/\/trevotech.com\/fr\/wp-json\/wp\/v2\/types\/product"}],"replies":[{"embeddable":true,"href":"https:\/\/trevotech.com\/fr\/wp-json\/wp\/v2\/comments?post=3912"}],"wp:featuredmedia":[{"embeddable":true,"href":"https:\/\/trevotech.com\/fr\/wp-json\/wp\/v2\/media\/3913"}],"wp:attachment":[{"href":"https:\/\/trevotech.com\/fr\/wp-json\/wp\/v2\/media?parent=3912"}],"wp:term":[{"taxonomy":"product_brand","embeddable":true,"href":"https:\/\/trevotech.com\/fr\/wp-json\/wp\/v2\/product_brand?post=3912"},{"taxonomy":"product_cat","embeddable":true,"href":"https:\/\/trevotech.com\/fr\/wp-json\/wp\/v2\/product_cat?post=3912"},{"taxonomy":"product_tag","embeddable":true,"href":"https:\/\/trevotech.com\/fr\/wp-json\/wp\/v2\/product_tag?post=3912"}],"curies":[{"name":"wp","href":"https:\/\/api.w.org\/{rel}","templated":true}]}}