{"id":3915,"date":"2024-10-24T08:52:22","date_gmt":"2024-10-24T08:52:22","guid":{"rendered":"https:\/\/trevotech.com\/produto\/compact-pavers\/"},"modified":"2025-08-05T10:15:50","modified_gmt":"2025-08-05T10:15:50","slug":"finisseurs-compacts","status":"publish","type":"product","link":"https:\/\/trevotech.com\/fr\/produto\/finisseurs-compacts\/","title":{"rendered":"Finisseurs Compacts"},"content":{"rendered":"<p><span style=\"font-weight: 400;\">\u00a0Les finisseurs compacts Dynapac ont \u00e9t\u00e9 con\u00e7us pour offrir une performance exceptionnelle dans une large gamme d\u2019applications routi\u00e8res, notamment dans les espaces restreints ou difficiles d\u2019acc\u00e8s.<\/span><span style=\"font-weight: 400;\"><br \/>\n<\/span><span style=\"font-weight: 400;\"> Con\u00e7us pour la polyvalence, ils fournissent des r\u00e9sultats fiables dans les projets de voirie de petite \u00e0 moyenne taille, les rues urbaines et les parkings. Gr\u00e2ce \u00e0 une technologie avanc\u00e9e de gestion des mat\u00e9riaux, \u00e0 une qualit\u00e9 uniforme des couches de b\u00e9ton bitumineux et \u00e0 une pose efficace de l\u2019asphalte, ces machines garantissent une productivit\u00e9 \u00e9lev\u00e9e tout en r\u00e9duisant la consommation de carburant.<\/span><span style=\"font-weight: 400;\"><br \/>\n<\/span><span style=\"font-weight: 400;\"> Avec une man\u0153uvrabilit\u00e9 exceptionnelle, des composants robustes et des commandes simples \u00e0 utiliser, les finisseurs compacts Dynapac offrent une solution \u00e9conomique aux entrepreneurs recherchant performance et rentabilit\u00e9 sur chaque chantier.<\/span><\/p>\n<p><span style=\"font-weight: 400;\">\u00a0Les finisseurs compacts Dynapac ont \u00e9t\u00e9 con\u00e7us pour offrir une performance exceptionnelle dans une large gamme d\u2019applications routi\u00e8res, notamment dans les espaces restreints ou difficiles d\u2019acc\u00e8s.<\/span><span style=\"font-weight: 400;\"><br \/>\n<\/span><span style=\"font-weight: 400;\"> Con\u00e7us pour la polyvalence, ils fournissent des r\u00e9sultats fiables dans les projets de voirie de petite \u00e0 moyenne taille, les rues urbaines et les parkings. Gr\u00e2ce \u00e0 une technologie avanc\u00e9e de gestion des mat\u00e9riaux, \u00e0 une qualit\u00e9 uniforme des couches de b\u00e9ton bitumineux et \u00e0 une pose efficace de l\u2019asphalte, ces machines garantissent une productivit\u00e9 \u00e9lev\u00e9e tout en r\u00e9duisant la consommation de carburant.<\/span><span style=\"font-weight: 400;\"><br \/>\n<\/span><span style=\"font-weight: 400;\"> Avec une man\u0153uvrabilit\u00e9 exceptionnelle, des composants robustes et des commandes simples \u00e0 utiliser, les finisseurs compacts Dynapac offrent une solution \u00e9conomique aux entrepreneurs recherchant performance et rentabilit\u00e9 sur chaque chantier.<\/span><\/p>\n","protected":false},"excerpt":{"rendered":"<p><span style=\"font-weight: 400;\">\u00a0Les finisseurs compacts Dynapac ont \u00e9t\u00e9 con\u00e7us pour offrir une performance exceptionnelle dans une large gamme d\u2019applications routi\u00e8res, notamment dans les espaces restreints ou difficiles d\u2019acc\u00e8s.<\/span><span style=\"font-weight: 400;\"><br \/>\n<\/span><span style=\"font-weight: 400;\"> Con\u00e7us pour la polyvalence, ils fournissent des r\u00e9sultats fiables dans les projets de voirie de petite \u00e0 moyenne taille, les rues urbaines et les parkings. Gr\u00e2ce \u00e0 une technologie avanc\u00e9e de gestion des mat\u00e9riaux, \u00e0 une qualit\u00e9 uniforme des couches de b\u00e9ton bitumineux et \u00e0 une pose efficace de l\u2019asphalte, ces machines garantissent une productivit\u00e9 \u00e9lev\u00e9e tout en r\u00e9duisant la consommation de carburant.<\/span><span style=\"font-weight: 400;\"><br \/>\n<\/span><span style=\"font-weight: 400;\"> Avec une man\u0153uvrabilit\u00e9 exceptionnelle, des composants robustes et des commandes simples \u00e0 utiliser, les finisseurs compacts Dynapac offrent une solution \u00e9conomique aux entrepreneurs recherchant performance et rentabilit\u00e9 sur chaque chantier.<\/span><\/p>\n","protected":false},"featured_media":3916,"comment_status":"open","ping_status":"closed","template":"","meta":{"_acf_changed":false},"product_brand":[],"product_cat":[458],"product_tag":[],"class_list":{"0":"post-3915","1":"product","2":"type-product","3":"status-publish","4":"has-post-thumbnail","6":"product_cat-sem-categoria-fr","7":"setores-construction-et-mines","8":"marcas-dynapac","9":"tipo_produto-finisseurs-compacts","11":"first","12":"instock","13":"shipping-taxable","14":"product-type-simple"},"acf":[],"yoast_head":"<!-- This site is optimized with the Yoast SEO plugin v25.2 - https:\/\/yoast.com\/wordpress\/plugins\/seo\/ -->\n<title>Finisseurs Compacts Dynapac - Trevotech Group<\/title>\n<meta name=\"description\" content=\"Les finisseurs compacts Dynapac ont \u00e9t\u00e9 con\u00e7us pour offrir une performance exceptionnelle dans une large gamme d\u2019applications...\" \/>\n<meta name=\"robots\" content=\"index, follow, max-snippet:-1, max-image-preview:large, max-video-preview:-1\" \/>\n<link rel=\"canonical\" href=\"https:\/\/trevotech.com\/fr\/produto\/finisseurs-compacts\/\" \/>\n<meta property=\"og:locale\" content=\"fr_FR\" \/>\n<meta property=\"og:type\" content=\"article\" \/>\n<meta property=\"og:title\" content=\"Finisseurs Compacts Dynapac - Trevotech Group\" \/>\n<meta property=\"og:description\" content=\"Les finisseurs compacts Dynapac ont \u00e9t\u00e9 con\u00e7us pour offrir une performance exceptionnelle dans une large gamme d\u2019applications...\" \/>\n<meta property=\"og:url\" content=\"https:\/\/trevotech.com\/fr\/produto\/finisseurs-compacts\/\" \/>\n<meta property=\"og:site_name\" content=\"Trevotech Group\" \/>\n<meta property=\"article:modified_time\" content=\"2025-08-05T10:15:50+00:00\" \/>\n<meta property=\"og:image\" content=\"https:\/\/trevotech.com\/wp-content\/uploads\/2024\/10\/DYNAPAC_Pavimentadoras-Compactas.webp\" \/>\n\t<meta property=\"og:image:width\" content=\"1000\" \/>\n\t<meta property=\"og:image:height\" content=\"1000\" \/>\n\t<meta property=\"og:image:type\" content=\"image\/webp\" \/>\n<meta name=\"twitter:card\" content=\"summary_large_image\" \/>\n<meta name=\"twitter:label1\" content=\"Dur\u00e9e de lecture estim\u00e9e\" \/>\n\t<meta name=\"twitter:data1\" content=\"2 minutes\" \/>\n<script type=\"application\/ld+json\" class=\"yoast-schema-graph\">{\"@context\":\"https:\/\/schema.org\",\"@graph\":[{\"@type\":\"WebPage\",\"@id\":\"https:\/\/trevotech.com\/fr\/produto\/finisseurs-compacts\/\",\"url\":\"https:\/\/trevotech.com\/fr\/produto\/finisseurs-compacts\/\",\"name\":\"Finisseurs Compacts Dynapac - Trevotech Group\",\"isPartOf\":{\"@id\":\"https:\/\/trevotech.com\/fr\/#website\"},\"primaryImageOfPage\":{\"@id\":\"https:\/\/trevotech.com\/fr\/produto\/finisseurs-compacts\/#primaryimage\"},\"image\":{\"@id\":\"https:\/\/trevotech.com\/fr\/produto\/finisseurs-compacts\/#primaryimage\"},\"thumbnailUrl\":\"https:\/\/trevotech.com\/wp-content\/uploads\/2024\/10\/DYNAPAC_Pavimentadoras-Compactas.webp\",\"datePublished\":\"2024-10-24T08:52:22+00:00\",\"dateModified\":\"2025-08-05T10:15:50+00:00\",\"description\":\"Les finisseurs compacts Dynapac ont \u00e9t\u00e9 con\u00e7us pour offrir une performance exceptionnelle dans une large gamme d\u2019applications...\",\"breadcrumb\":{\"@id\":\"https:\/\/trevotech.com\/fr\/produto\/finisseurs-compacts\/#breadcrumb\"},\"inLanguage\":\"fr-FR\",\"potentialAction\":[{\"@type\":\"ReadAction\",\"target\":[\"https:\/\/trevotech.com\/fr\/produto\/finisseurs-compacts\/\"]}]},{\"@type\":\"ImageObject\",\"inLanguage\":\"fr-FR\",\"@id\":\"https:\/\/trevotech.com\/fr\/produto\/finisseurs-compacts\/#primaryimage\",\"url\":\"https:\/\/trevotech.com\/wp-content\/uploads\/2024\/10\/DYNAPAC_Pavimentadoras-Compactas.webp\",\"contentUrl\":\"https:\/\/trevotech.com\/wp-content\/uploads\/2024\/10\/DYNAPAC_Pavimentadoras-Compactas.webp\",\"width\":1000,\"height\":1000,\"caption\":\"Compact Pavers\"},{\"@type\":\"BreadcrumbList\",\"@id\":\"https:\/\/trevotech.com\/fr\/produto\/finisseurs-compacts\/#breadcrumb\",\"itemListElement\":[{\"@type\":\"ListItem\",\"position\":1,\"name\":\"In\u00edcio\",\"item\":\"https:\/\/trevotech.com\/fr\/\"},{\"@type\":\"ListItem\",\"position\":2,\"name\":\"Produits\",\"item\":\"https:\/\/trevotech.com\/fr\/shop\/\"},{\"@type\":\"ListItem\",\"position\":3,\"name\":\"Finisseurs Compacts\"}]},{\"@type\":\"WebSite\",\"@id\":\"https:\/\/trevotech.com\/fr\/#website\",\"url\":\"https:\/\/trevotech.com\/fr\/\",\"name\":\"Trevotech Group\",\"description\":\"\",\"potentialAction\":[{\"@type\":\"SearchAction\",\"target\":{\"@type\":\"EntryPoint\",\"urlTemplate\":\"https:\/\/trevotech.com\/fr\/?s={search_term_string}\"},\"query-input\":{\"@type\":\"PropertyValueSpecification\",\"valueRequired\":true,\"valueName\":\"search_term_string\"}}],\"inLanguage\":\"fr-FR\"}]}<\/script>\n<!-- \/ Yoast SEO plugin. -->","yoast_head_json":{"title":"Finisseurs Compacts Dynapac - Trevotech Group","description":"Les finisseurs compacts Dynapac ont \u00e9t\u00e9 con\u00e7us pour offrir une performance exceptionnelle dans une large gamme d\u2019applications...","robots":{"index":"index","follow":"follow","max-snippet":"max-snippet:-1","max-image-preview":"max-image-preview:large","max-video-preview":"max-video-preview:-1"},"canonical":"https:\/\/trevotech.com\/fr\/produto\/finisseurs-compacts\/","og_locale":"fr_FR","og_type":"article","og_title":"Finisseurs Compacts Dynapac - Trevotech Group","og_description":"Les finisseurs compacts Dynapac ont \u00e9t\u00e9 con\u00e7us pour offrir une performance exceptionnelle dans une large gamme d\u2019applications...","og_url":"https:\/\/trevotech.com\/fr\/produto\/finisseurs-compacts\/","og_site_name":"Trevotech Group","article_modified_time":"2025-08-05T10:15:50+00:00","og_image":[{"width":1000,"height":1000,"url":"https:\/\/trevotech.com\/wp-content\/uploads\/2024\/10\/DYNAPAC_Pavimentadoras-Compactas.webp","type":"image\/webp"}],"twitter_card":"summary_large_image","twitter_misc":{"Dur\u00e9e de lecture estim\u00e9e":"2 minutes"},"schema":{"@context":"https:\/\/schema.org","@graph":[{"@type":"WebPage","@id":"https:\/\/trevotech.com\/fr\/produto\/finisseurs-compacts\/","url":"https:\/\/trevotech.com\/fr\/produto\/finisseurs-compacts\/","name":"Finisseurs Compacts Dynapac - Trevotech Group","isPartOf":{"@id":"https:\/\/trevotech.com\/fr\/#website"},"primaryImageOfPage":{"@id":"https:\/\/trevotech.com\/fr\/produto\/finisseurs-compacts\/#primaryimage"},"image":{"@id":"https:\/\/trevotech.com\/fr\/produto\/finisseurs-compacts\/#primaryimage"},"thumbnailUrl":"https:\/\/trevotech.com\/wp-content\/uploads\/2024\/10\/DYNAPAC_Pavimentadoras-Compactas.webp","datePublished":"2024-10-24T08:52:22+00:00","dateModified":"2025-08-05T10:15:50+00:00","description":"Les finisseurs compacts Dynapac ont \u00e9t\u00e9 con\u00e7us pour offrir une performance exceptionnelle dans une large gamme d\u2019applications...","breadcrumb":{"@id":"https:\/\/trevotech.com\/fr\/produto\/finisseurs-compacts\/#breadcrumb"},"inLanguage":"fr-FR","potentialAction":[{"@type":"ReadAction","target":["https:\/\/trevotech.com\/fr\/produto\/finisseurs-compacts\/"]}]},{"@type":"ImageObject","inLanguage":"fr-FR","@id":"https:\/\/trevotech.com\/fr\/produto\/finisseurs-compacts\/#primaryimage","url":"https:\/\/trevotech.com\/wp-content\/uploads\/2024\/10\/DYNAPAC_Pavimentadoras-Compactas.webp","contentUrl":"https:\/\/trevotech.com\/wp-content\/uploads\/2024\/10\/DYNAPAC_Pavimentadoras-Compactas.webp","width":1000,"height":1000,"caption":"Compact Pavers"},{"@type":"BreadcrumbList","@id":"https:\/\/trevotech.com\/fr\/produto\/finisseurs-compacts\/#breadcrumb","itemListElement":[{"@type":"ListItem","position":1,"name":"In\u00edcio","item":"https:\/\/trevotech.com\/fr\/"},{"@type":"ListItem","position":2,"name":"Produits","item":"https:\/\/trevotech.com\/fr\/shop\/"},{"@type":"ListItem","position":3,"name":"Finisseurs Compacts"}]},{"@type":"WebSite","@id":"https:\/\/trevotech.com\/fr\/#website","url":"https:\/\/trevotech.com\/fr\/","name":"Trevotech Group","description":"","potentialAction":[{"@type":"SearchAction","target":{"@type":"EntryPoint","urlTemplate":"https:\/\/trevotech.com\/fr\/?s={search_term_string}"},"query-input":{"@type":"PropertyValueSpecification","valueRequired":true,"valueName":"search_term_string"}}],"inLanguage":"fr-FR"}]}},"_links":{"self":[{"href":"https:\/\/trevotech.com\/fr\/wp-json\/wp\/v2\/product\/3915","targetHints":{"allow":["GET"]}}],"collection":[{"href":"https:\/\/trevotech.com\/fr\/wp-json\/wp\/v2\/product"}],"about":[{"href":"https:\/\/trevotech.com\/fr\/wp-json\/wp\/v2\/types\/product"}],"replies":[{"embeddable":true,"href":"https:\/\/trevotech.com\/fr\/wp-json\/wp\/v2\/comments?post=3915"}],"wp:featuredmedia":[{"embeddable":true,"href":"https:\/\/trevotech.com\/fr\/wp-json\/wp\/v2\/media\/3916"}],"wp:attachment":[{"href":"https:\/\/trevotech.com\/fr\/wp-json\/wp\/v2\/media?parent=3915"}],"wp:term":[{"taxonomy":"product_brand","embeddable":true,"href":"https:\/\/trevotech.com\/fr\/wp-json\/wp\/v2\/product_brand?post=3915"},{"taxonomy":"product_cat","embeddable":true,"href":"https:\/\/trevotech.com\/fr\/wp-json\/wp\/v2\/product_cat?post=3915"},{"taxonomy":"product_tag","embeddable":true,"href":"https:\/\/trevotech.com\/fr\/wp-json\/wp\/v2\/product_tag?post=3915"}],"curies":[{"name":"wp","href":"https:\/\/api.w.org\/{rel}","templated":true}]}}