{"id":3918,"date":"2024-10-24T08:51:10","date_gmt":"2024-10-24T08:51:10","guid":{"rendered":"https:\/\/trevotech.com\/produto\/commercial-pavers\/"},"modified":"2025-08-05T10:16:34","modified_gmt":"2025-08-05T10:16:34","slug":"finisseurs-commerciaux","status":"publish","type":"product","link":"https:\/\/trevotech.com\/fr\/produto\/finisseurs-commerciaux\/","title":{"rendered":"Finisseurs Commerciaux"},"content":{"rendered":"<p><span style=\"font-weight: 400;\">Les finisseurs commerciaux Dynapac sont con\u00e7us pour une efficacit\u00e9 maximale dans les projets de construction routi\u00e8re \u00e0 grande \u00e9chelle, offrant une durabilit\u00e9 remarquable et une productivit\u00e9 \u00e9lev\u00e9e.<\/span><\/p>\n<p><span style=\"font-weight: 400;\">Con\u00e7us pour les autoroutes, les grandes art\u00e8res urbaines et les applications industrielles, ces finisseurs associent technologie avanc\u00e9e et ing\u00e9nierie robuste pour g\u00e9rer de gros volumes d\u2019asphalte avec pr\u00e9cision et constance.<\/span><\/p>\n<p><span style=\"font-weight: 400;\">Ils garantissent une finition lisse et de haute qualit\u00e9, m\u00eame dans des conditions exigeantes. Avec des commandes conviviales, des syst\u00e8mes am\u00e9lior\u00e9s de flux de mat\u00e9riaux et une consommation optimis\u00e9e, ces machines repr\u00e9sentent une solution rentable pour les grands travaux routiers.<\/span><\/p>\n<p><span style=\"font-weight: 400;\">Leur conception robuste et leurs fonctionnalit\u00e9s avanc\u00e9es font des finisseurs commerciaux Dynapac un choix de r\u00e9f\u00e9rence pour les projets n\u00e9cessitant \u00e0 la fois haute capacit\u00e9 et qualit\u00e9 sup\u00e9rieure.<\/span><\/p>\n<p><span style=\"font-weight: 400;\">Les finisseurs commerciaux Dynapac sont con\u00e7us pour une efficacit\u00e9 maximale dans les projets de construction routi\u00e8re \u00e0 grande \u00e9chelle, offrant une durabilit\u00e9 remarquable et une productivit\u00e9 \u00e9lev\u00e9e.<\/span><\/p>\n<p><span style=\"font-weight: 400;\">Con\u00e7us pour les autoroutes, les grandes art\u00e8res urbaines et les applications industrielles, ces finisseurs associent technologie avanc\u00e9e et ing\u00e9nierie robuste pour g\u00e9rer de gros volumes d\u2019asphalte avec pr\u00e9cision et constance.<\/span><\/p>\n<p><span style=\"font-weight: 400;\">Ils garantissent une finition lisse et de haute qualit\u00e9, m\u00eame dans des conditions exigeantes. Avec des commandes conviviales, des syst\u00e8mes am\u00e9lior\u00e9s de flux de mat\u00e9riaux et une consommation optimis\u00e9e, ces machines repr\u00e9sentent une solution rentable pour les grands travaux routiers.<\/span><\/p>\n<p><span style=\"font-weight: 400;\">Leur conception robuste et leurs fonctionnalit\u00e9s avanc\u00e9es font des finisseurs commerciaux Dynapac un choix de r\u00e9f\u00e9rence pour les projets n\u00e9cessitant \u00e0 la fois haute capacit\u00e9 et qualit\u00e9 sup\u00e9rieure.<\/span><\/p>\n","protected":false},"excerpt":{"rendered":"<p><span style=\"font-weight: 400;\">Les finisseurs commerciaux Dynapac sont con\u00e7us pour une efficacit\u00e9 maximale dans les projets de construction routi\u00e8re \u00e0 grande \u00e9chelle, offrant une durabilit\u00e9 remarquable et une productivit\u00e9 \u00e9lev\u00e9e.<\/span><\/p>\n<p><span style=\"font-weight: 400;\">Con\u00e7us pour les autoroutes, les grandes art\u00e8res urbaines et les applications industrielles, ces finisseurs associent technologie avanc\u00e9e et ing\u00e9nierie robuste pour g\u00e9rer de gros volumes d\u2019asphalte avec pr\u00e9cision et constance.<\/span><\/p>\n<p><span style=\"font-weight: 400;\">Ils garantissent une finition lisse et de haute qualit\u00e9, m\u00eame dans des conditions exigeantes. Avec des commandes conviviales, des syst\u00e8mes am\u00e9lior\u00e9s de flux de mat\u00e9riaux et une consommation optimis\u00e9e, ces machines repr\u00e9sentent une solution rentable pour les grands travaux routiers.<\/span><\/p>\n<p><span style=\"font-weight: 400;\">Leur conception robuste et leurs fonctionnalit\u00e9s avanc\u00e9es font des finisseurs commerciaux Dynapac un choix de r\u00e9f\u00e9rence pour les projets n\u00e9cessitant \u00e0 la fois haute capacit\u00e9 et qualit\u00e9 sup\u00e9rieure.<\/span><\/p>\n","protected":false},"featured_media":3919,"comment_status":"open","ping_status":"closed","template":"","meta":{"_acf_changed":false},"product_brand":[],"product_cat":[458],"product_tag":[],"class_list":{"0":"post-3918","1":"product","2":"type-product","3":"status-publish","4":"has-post-thumbnail","6":"product_cat-sem-categoria-fr","7":"setores-construction-et-mines","8":"marcas-dynapac","9":"tipo_produto-finisseurs-commerciaux","11":"first","12":"instock","13":"shipping-taxable","14":"product-type-simple"},"acf":[],"yoast_head":"<!-- This site is optimized with the Yoast SEO plugin v25.2 - https:\/\/yoast.com\/wordpress\/plugins\/seo\/ -->\n<title>Finisseurs Commerciaux Dynapac - Trevotech Group<\/title>\n<meta name=\"description\" content=\"Les finisseurs commerciaux Dynapac sont con\u00e7us pour une efficacit\u00e9 maximale dans les projets de construction routi\u00e8re \u00e0 grande \u00e9chelle, ...\" \/>\n<meta name=\"robots\" content=\"index, follow, max-snippet:-1, max-image-preview:large, max-video-preview:-1\" \/>\n<link rel=\"canonical\" href=\"https:\/\/trevotech.com\/fr\/produto\/finisseurs-commerciaux\/\" \/>\n<meta property=\"og:locale\" content=\"fr_FR\" \/>\n<meta property=\"og:type\" content=\"article\" \/>\n<meta property=\"og:title\" content=\"Finisseurs Commerciaux Dynapac - Trevotech Group\" \/>\n<meta property=\"og:description\" content=\"Les finisseurs commerciaux Dynapac sont con\u00e7us pour une efficacit\u00e9 maximale dans les projets de construction routi\u00e8re \u00e0 grande \u00e9chelle, ...\" \/>\n<meta property=\"og:url\" content=\"https:\/\/trevotech.com\/fr\/produto\/finisseurs-commerciaux\/\" \/>\n<meta property=\"og:site_name\" content=\"Trevotech Group\" \/>\n<meta property=\"article:modified_time\" content=\"2025-08-05T10:16:34+00:00\" \/>\n<meta property=\"og:image\" content=\"https:\/\/trevotech.com\/wp-content\/uploads\/2024\/10\/DYNAPAC_Pavimentadoras-Comerciais.webp\" \/>\n\t<meta property=\"og:image:width\" content=\"1000\" \/>\n\t<meta property=\"og:image:height\" content=\"1000\" \/>\n\t<meta property=\"og:image:type\" content=\"image\/webp\" \/>\n<meta name=\"twitter:card\" content=\"summary_large_image\" \/>\n<meta name=\"twitter:label1\" content=\"Dur\u00e9e de lecture estim\u00e9e\" \/>\n\t<meta name=\"twitter:data1\" content=\"2 minutes\" \/>\n<script type=\"application\/ld+json\" class=\"yoast-schema-graph\">{\"@context\":\"https:\/\/schema.org\",\"@graph\":[{\"@type\":\"WebPage\",\"@id\":\"https:\/\/trevotech.com\/fr\/produto\/finisseurs-commerciaux\/\",\"url\":\"https:\/\/trevotech.com\/fr\/produto\/finisseurs-commerciaux\/\",\"name\":\"Finisseurs Commerciaux Dynapac - Trevotech Group\",\"isPartOf\":{\"@id\":\"https:\/\/trevotech.com\/fr\/#website\"},\"primaryImageOfPage\":{\"@id\":\"https:\/\/trevotech.com\/fr\/produto\/finisseurs-commerciaux\/#primaryimage\"},\"image\":{\"@id\":\"https:\/\/trevotech.com\/fr\/produto\/finisseurs-commerciaux\/#primaryimage\"},\"thumbnailUrl\":\"https:\/\/trevotech.com\/wp-content\/uploads\/2024\/10\/DYNAPAC_Pavimentadoras-Comerciais.webp\",\"datePublished\":\"2024-10-24T08:51:10+00:00\",\"dateModified\":\"2025-08-05T10:16:34+00:00\",\"description\":\"Les finisseurs commerciaux Dynapac sont con\u00e7us pour une efficacit\u00e9 maximale dans les projets de construction routi\u00e8re \u00e0 grande \u00e9chelle, ...\",\"breadcrumb\":{\"@id\":\"https:\/\/trevotech.com\/fr\/produto\/finisseurs-commerciaux\/#breadcrumb\"},\"inLanguage\":\"fr-FR\",\"potentialAction\":[{\"@type\":\"ReadAction\",\"target\":[\"https:\/\/trevotech.com\/fr\/produto\/finisseurs-commerciaux\/\"]}]},{\"@type\":\"ImageObject\",\"inLanguage\":\"fr-FR\",\"@id\":\"https:\/\/trevotech.com\/fr\/produto\/finisseurs-commerciaux\/#primaryimage\",\"url\":\"https:\/\/trevotech.com\/wp-content\/uploads\/2024\/10\/DYNAPAC_Pavimentadoras-Comerciais.webp\",\"contentUrl\":\"https:\/\/trevotech.com\/wp-content\/uploads\/2024\/10\/DYNAPAC_Pavimentadoras-Comerciais.webp\",\"width\":1000,\"height\":1000,\"caption\":\"Commercial Pavers\"},{\"@type\":\"BreadcrumbList\",\"@id\":\"https:\/\/trevotech.com\/fr\/produto\/finisseurs-commerciaux\/#breadcrumb\",\"itemListElement\":[{\"@type\":\"ListItem\",\"position\":1,\"name\":\"In\u00edcio\",\"item\":\"https:\/\/trevotech.com\/fr\/\"},{\"@type\":\"ListItem\",\"position\":2,\"name\":\"Produits\",\"item\":\"https:\/\/trevotech.com\/fr\/shop\/\"},{\"@type\":\"ListItem\",\"position\":3,\"name\":\"Finisseurs Commerciaux\"}]},{\"@type\":\"WebSite\",\"@id\":\"https:\/\/trevotech.com\/fr\/#website\",\"url\":\"https:\/\/trevotech.com\/fr\/\",\"name\":\"Trevotech Group\",\"description\":\"\",\"potentialAction\":[{\"@type\":\"SearchAction\",\"target\":{\"@type\":\"EntryPoint\",\"urlTemplate\":\"https:\/\/trevotech.com\/fr\/?s={search_term_string}\"},\"query-input\":{\"@type\":\"PropertyValueSpecification\",\"valueRequired\":true,\"valueName\":\"search_term_string\"}}],\"inLanguage\":\"fr-FR\"}]}<\/script>\n<!-- \/ Yoast SEO plugin. -->","yoast_head_json":{"title":"Finisseurs Commerciaux Dynapac - Trevotech Group","description":"Les finisseurs commerciaux Dynapac sont con\u00e7us pour une efficacit\u00e9 maximale dans les projets de construction routi\u00e8re \u00e0 grande \u00e9chelle, ...","robots":{"index":"index","follow":"follow","max-snippet":"max-snippet:-1","max-image-preview":"max-image-preview:large","max-video-preview":"max-video-preview:-1"},"canonical":"https:\/\/trevotech.com\/fr\/produto\/finisseurs-commerciaux\/","og_locale":"fr_FR","og_type":"article","og_title":"Finisseurs Commerciaux Dynapac - Trevotech Group","og_description":"Les finisseurs commerciaux Dynapac sont con\u00e7us pour une efficacit\u00e9 maximale dans les projets de construction routi\u00e8re \u00e0 grande \u00e9chelle, ...","og_url":"https:\/\/trevotech.com\/fr\/produto\/finisseurs-commerciaux\/","og_site_name":"Trevotech Group","article_modified_time":"2025-08-05T10:16:34+00:00","og_image":[{"width":1000,"height":1000,"url":"https:\/\/trevotech.com\/wp-content\/uploads\/2024\/10\/DYNAPAC_Pavimentadoras-Comerciais.webp","type":"image\/webp"}],"twitter_card":"summary_large_image","twitter_misc":{"Dur\u00e9e de lecture estim\u00e9e":"2 minutes"},"schema":{"@context":"https:\/\/schema.org","@graph":[{"@type":"WebPage","@id":"https:\/\/trevotech.com\/fr\/produto\/finisseurs-commerciaux\/","url":"https:\/\/trevotech.com\/fr\/produto\/finisseurs-commerciaux\/","name":"Finisseurs Commerciaux Dynapac - Trevotech Group","isPartOf":{"@id":"https:\/\/trevotech.com\/fr\/#website"},"primaryImageOfPage":{"@id":"https:\/\/trevotech.com\/fr\/produto\/finisseurs-commerciaux\/#primaryimage"},"image":{"@id":"https:\/\/trevotech.com\/fr\/produto\/finisseurs-commerciaux\/#primaryimage"},"thumbnailUrl":"https:\/\/trevotech.com\/wp-content\/uploads\/2024\/10\/DYNAPAC_Pavimentadoras-Comerciais.webp","datePublished":"2024-10-24T08:51:10+00:00","dateModified":"2025-08-05T10:16:34+00:00","description":"Les finisseurs commerciaux Dynapac sont con\u00e7us pour une efficacit\u00e9 maximale dans les projets de construction routi\u00e8re \u00e0 grande \u00e9chelle, ...","breadcrumb":{"@id":"https:\/\/trevotech.com\/fr\/produto\/finisseurs-commerciaux\/#breadcrumb"},"inLanguage":"fr-FR","potentialAction":[{"@type":"ReadAction","target":["https:\/\/trevotech.com\/fr\/produto\/finisseurs-commerciaux\/"]}]},{"@type":"ImageObject","inLanguage":"fr-FR","@id":"https:\/\/trevotech.com\/fr\/produto\/finisseurs-commerciaux\/#primaryimage","url":"https:\/\/trevotech.com\/wp-content\/uploads\/2024\/10\/DYNAPAC_Pavimentadoras-Comerciais.webp","contentUrl":"https:\/\/trevotech.com\/wp-content\/uploads\/2024\/10\/DYNAPAC_Pavimentadoras-Comerciais.webp","width":1000,"height":1000,"caption":"Commercial Pavers"},{"@type":"BreadcrumbList","@id":"https:\/\/trevotech.com\/fr\/produto\/finisseurs-commerciaux\/#breadcrumb","itemListElement":[{"@type":"ListItem","position":1,"name":"In\u00edcio","item":"https:\/\/trevotech.com\/fr\/"},{"@type":"ListItem","position":2,"name":"Produits","item":"https:\/\/trevotech.com\/fr\/shop\/"},{"@type":"ListItem","position":3,"name":"Finisseurs Commerciaux"}]},{"@type":"WebSite","@id":"https:\/\/trevotech.com\/fr\/#website","url":"https:\/\/trevotech.com\/fr\/","name":"Trevotech Group","description":"","potentialAction":[{"@type":"SearchAction","target":{"@type":"EntryPoint","urlTemplate":"https:\/\/trevotech.com\/fr\/?s={search_term_string}"},"query-input":{"@type":"PropertyValueSpecification","valueRequired":true,"valueName":"search_term_string"}}],"inLanguage":"fr-FR"}]}},"_links":{"self":[{"href":"https:\/\/trevotech.com\/fr\/wp-json\/wp\/v2\/product\/3918","targetHints":{"allow":["GET"]}}],"collection":[{"href":"https:\/\/trevotech.com\/fr\/wp-json\/wp\/v2\/product"}],"about":[{"href":"https:\/\/trevotech.com\/fr\/wp-json\/wp\/v2\/types\/product"}],"replies":[{"embeddable":true,"href":"https:\/\/trevotech.com\/fr\/wp-json\/wp\/v2\/comments?post=3918"}],"wp:featuredmedia":[{"embeddable":true,"href":"https:\/\/trevotech.com\/fr\/wp-json\/wp\/v2\/media\/3919"}],"wp:attachment":[{"href":"https:\/\/trevotech.com\/fr\/wp-json\/wp\/v2\/media?parent=3918"}],"wp:term":[{"taxonomy":"product_brand","embeddable":true,"href":"https:\/\/trevotech.com\/fr\/wp-json\/wp\/v2\/product_brand?post=3918"},{"taxonomy":"product_cat","embeddable":true,"href":"https:\/\/trevotech.com\/fr\/wp-json\/wp\/v2\/product_cat?post=3918"},{"taxonomy":"product_tag","embeddable":true,"href":"https:\/\/trevotech.com\/fr\/wp-json\/wp\/v2\/product_tag?post=3918"}],"curies":[{"name":"wp","href":"https:\/\/api.w.org\/{rel}","templated":true}]}}