{"id":3920,"date":"2024-10-24T08:47:50","date_gmt":"2024-10-24T08:47:50","guid":{"rendered":"https:\/\/trevotech.com\/produto\/mini-pavers\/"},"modified":"2025-08-05T10:17:33","modified_gmt":"2025-08-05T10:17:33","slug":"mini-finisseurs","status":"publish","type":"product","link":"https:\/\/trevotech.com\/fr\/produto\/mini-finisseurs\/","title":{"rendered":"Mini Finisseurs"},"content":{"rendered":"<p><span style=\"font-weight: 400;\">Les mini finisseurs Dynapac sont con\u00e7us pour offrir des performances \u00e9lev\u00e9es et une grande pr\u00e9cision dans les projets de construction routi\u00e8re de petite \u00e0 moyenne envergure. Compacts, ils sont id\u00e9aux pour les r\u00e9parations de voirie urbaine, les trottoirs, les pistes cyclables et les travaux dans les zones r\u00e9sidentielles.<\/span><\/p>\n<p><span style=\"font-weight: 400;\">Dot\u00e9s de fonctionnalit\u00e9s avanc\u00e9es, les mini finisseurs garantissent une excellente qualit\u00e9 et r\u00e9gularit\u00e9 de la couche d\u2019asphalte. Leur conception ergonomique assure une grande maniabilit\u00e9 pour les entrepreneurs, tout en offrant une faible consommation de carburant et des co\u00fbts d\u2019exploitation r\u00e9duits.<\/span><\/p>\n<p><span style=\"font-weight: 400;\">Avec des commandes intuitives et une construction robuste, les mini finisseurs Dynapac sont une solution efficace pour les projets n\u00e9cessitant \u00e0 la fois flexibilit\u00e9 et hauts standards de finition.<\/span><\/p>\n<p><span style=\"font-weight: 400;\">Les mini finisseurs Dynapac sont con\u00e7us pour offrir des performances \u00e9lev\u00e9es et une grande pr\u00e9cision dans les projets de construction routi\u00e8re de petite \u00e0 moyenne envergure. Compacts, ils sont id\u00e9aux pour les r\u00e9parations de voirie urbaine, les trottoirs, les pistes cyclables et les travaux dans les zones r\u00e9sidentielles.<\/span><\/p>\n<p><span style=\"font-weight: 400;\">Dot\u00e9s de fonctionnalit\u00e9s avanc\u00e9es,\u00a0 garantissent une excellente qualit\u00e9 et r\u00e9gularit\u00e9 de la couche d\u2019asphalte. Leur conception ergonomique assure une grande maniabilit\u00e9 pour les entrepreneurs, tout en offrant une faible consommation de carburant et des co\u00fbts d\u2019exploitation r\u00e9duits.<\/span><\/p>\n<p><span style=\"font-weight: 400;\">Avec des commandes intuitives et une construction robuste, les mini finisseurs Dynapac sont une solution efficace pour les projets n\u00e9cessitant \u00e0 la fois flexibilit\u00e9 et hauts standards de finition.<\/span><\/p>\n","protected":false},"excerpt":{"rendered":"<p><span style=\"font-weight: 400;\">Les mini finisseurs Dynapac sont con\u00e7us pour offrir des performances \u00e9lev\u00e9es et une grande pr\u00e9cision dans les projets de construction routi\u00e8re de petite \u00e0 moyenne envergure. Compacts, ils sont id\u00e9aux pour les r\u00e9parations de voirie urbaine, les trottoirs, les pistes cyclables et les travaux dans les zones r\u00e9sidentielles.<\/span><\/p>\n<p><span style=\"font-weight: 400;\">Dot\u00e9s de fonctionnalit\u00e9s avanc\u00e9es, les mini finisseurs garantissent une excellente qualit\u00e9 et r\u00e9gularit\u00e9 de la couche d\u2019asphalte. Leur conception ergonomique assure une grande maniabilit\u00e9 pour les entrepreneurs, tout en offrant une faible consommation de carburant et des co\u00fbts d\u2019exploitation r\u00e9duits.<\/span><\/p>\n<p><span style=\"font-weight: 400;\">Avec des commandes intuitives et une construction robuste, les mini finisseurs Dynapac sont une solution efficace pour les projets n\u00e9cessitant \u00e0 la fois flexibilit\u00e9 et hauts standards de finition.<\/span><\/p>\n","protected":false},"featured_media":3921,"comment_status":"open","ping_status":"closed","template":"","meta":{"_acf_changed":false},"product_brand":[],"product_cat":[458],"product_tag":[],"class_list":{"0":"post-3920","1":"product","2":"type-product","3":"status-publish","4":"has-post-thumbnail","6":"product_cat-sem-categoria-fr","7":"setores-construction-et-mines","8":"marcas-dynapac","9":"tipo_produto-mini-finisseurs","11":"first","12":"instock","13":"shipping-taxable","14":"product-type-simple"},"acf":[],"yoast_head":"<!-- This site is optimized with the Yoast SEO plugin v25.2 - https:\/\/yoast.com\/wordpress\/plugins\/seo\/ -->\n<title>Mini Finisseurs Dynapac - Trevotech Group<\/title>\n<meta name=\"description\" content=\"Les mini finisseurs Dynapac sont con\u00e7us pour offrir des performances \u00e9lev\u00e9es et une grande pr\u00e9cision dans les projets de construction...\" \/>\n<meta name=\"robots\" content=\"index, follow, max-snippet:-1, max-image-preview:large, max-video-preview:-1\" \/>\n<link rel=\"canonical\" href=\"https:\/\/trevotech.com\/fr\/produto\/mini-finisseurs\/\" \/>\n<meta property=\"og:locale\" content=\"fr_FR\" \/>\n<meta property=\"og:type\" content=\"article\" \/>\n<meta property=\"og:title\" content=\"Mini Finisseurs Dynapac - Trevotech Group\" \/>\n<meta property=\"og:description\" content=\"Les mini finisseurs Dynapac sont con\u00e7us pour offrir des performances \u00e9lev\u00e9es et une grande pr\u00e9cision dans les projets de construction...\" \/>\n<meta property=\"og:url\" content=\"https:\/\/trevotech.com\/fr\/produto\/mini-finisseurs\/\" \/>\n<meta property=\"og:site_name\" content=\"Trevotech Group\" \/>\n<meta property=\"article:modified_time\" content=\"2025-08-05T10:17:33+00:00\" \/>\n<meta property=\"og:image\" content=\"https:\/\/trevotech.com\/wp-content\/uploads\/2024\/10\/DYNAPAC_Mini-Pavimentadoras.webp\" \/>\n\t<meta property=\"og:image:width\" content=\"1000\" \/>\n\t<meta property=\"og:image:height\" content=\"1000\" \/>\n\t<meta property=\"og:image:type\" content=\"image\/webp\" \/>\n<meta name=\"twitter:card\" content=\"summary_large_image\" \/>\n<meta name=\"twitter:label1\" content=\"Dur\u00e9e de lecture estim\u00e9e\" \/>\n\t<meta name=\"twitter:data1\" content=\"2 minutes\" \/>\n<script type=\"application\/ld+json\" class=\"yoast-schema-graph\">{\"@context\":\"https:\/\/schema.org\",\"@graph\":[{\"@type\":\"WebPage\",\"@id\":\"https:\/\/trevotech.com\/fr\/produto\/mini-finisseurs\/\",\"url\":\"https:\/\/trevotech.com\/fr\/produto\/mini-finisseurs\/\",\"name\":\"Mini Finisseurs Dynapac - Trevotech Group\",\"isPartOf\":{\"@id\":\"https:\/\/trevotech.com\/fr\/#website\"},\"primaryImageOfPage\":{\"@id\":\"https:\/\/trevotech.com\/fr\/produto\/mini-finisseurs\/#primaryimage\"},\"image\":{\"@id\":\"https:\/\/trevotech.com\/fr\/produto\/mini-finisseurs\/#primaryimage\"},\"thumbnailUrl\":\"https:\/\/trevotech.com\/wp-content\/uploads\/2024\/10\/DYNAPAC_Mini-Pavimentadoras.webp\",\"datePublished\":\"2024-10-24T08:47:50+00:00\",\"dateModified\":\"2025-08-05T10:17:33+00:00\",\"description\":\"Les mini finisseurs Dynapac sont con\u00e7us pour offrir des performances \u00e9lev\u00e9es et une grande pr\u00e9cision dans les projets de construction...\",\"breadcrumb\":{\"@id\":\"https:\/\/trevotech.com\/fr\/produto\/mini-finisseurs\/#breadcrumb\"},\"inLanguage\":\"fr-FR\",\"potentialAction\":[{\"@type\":\"ReadAction\",\"target\":[\"https:\/\/trevotech.com\/fr\/produto\/mini-finisseurs\/\"]}]},{\"@type\":\"ImageObject\",\"inLanguage\":\"fr-FR\",\"@id\":\"https:\/\/trevotech.com\/fr\/produto\/mini-finisseurs\/#primaryimage\",\"url\":\"https:\/\/trevotech.com\/wp-content\/uploads\/2024\/10\/DYNAPAC_Mini-Pavimentadoras.webp\",\"contentUrl\":\"https:\/\/trevotech.com\/wp-content\/uploads\/2024\/10\/DYNAPAC_Mini-Pavimentadoras.webp\",\"width\":1000,\"height\":1000,\"caption\":\"Mini Pavers\"},{\"@type\":\"BreadcrumbList\",\"@id\":\"https:\/\/trevotech.com\/fr\/produto\/mini-finisseurs\/#breadcrumb\",\"itemListElement\":[{\"@type\":\"ListItem\",\"position\":1,\"name\":\"In\u00edcio\",\"item\":\"https:\/\/trevotech.com\/fr\/\"},{\"@type\":\"ListItem\",\"position\":2,\"name\":\"Produits\",\"item\":\"https:\/\/trevotech.com\/fr\/shop\/\"},{\"@type\":\"ListItem\",\"position\":3,\"name\":\"Mini Finisseurs\"}]},{\"@type\":\"WebSite\",\"@id\":\"https:\/\/trevotech.com\/fr\/#website\",\"url\":\"https:\/\/trevotech.com\/fr\/\",\"name\":\"Trevotech Group\",\"description\":\"\",\"potentialAction\":[{\"@type\":\"SearchAction\",\"target\":{\"@type\":\"EntryPoint\",\"urlTemplate\":\"https:\/\/trevotech.com\/fr\/?s={search_term_string}\"},\"query-input\":{\"@type\":\"PropertyValueSpecification\",\"valueRequired\":true,\"valueName\":\"search_term_string\"}}],\"inLanguage\":\"fr-FR\"}]}<\/script>\n<!-- \/ Yoast SEO plugin. -->","yoast_head_json":{"title":"Mini Finisseurs Dynapac - Trevotech Group","description":"Les mini finisseurs Dynapac sont con\u00e7us pour offrir des performances \u00e9lev\u00e9es et une grande pr\u00e9cision dans les projets de construction...","robots":{"index":"index","follow":"follow","max-snippet":"max-snippet:-1","max-image-preview":"max-image-preview:large","max-video-preview":"max-video-preview:-1"},"canonical":"https:\/\/trevotech.com\/fr\/produto\/mini-finisseurs\/","og_locale":"fr_FR","og_type":"article","og_title":"Mini Finisseurs Dynapac - Trevotech Group","og_description":"Les mini finisseurs Dynapac sont con\u00e7us pour offrir des performances \u00e9lev\u00e9es et une grande pr\u00e9cision dans les projets de construction...","og_url":"https:\/\/trevotech.com\/fr\/produto\/mini-finisseurs\/","og_site_name":"Trevotech Group","article_modified_time":"2025-08-05T10:17:33+00:00","og_image":[{"width":1000,"height":1000,"url":"https:\/\/trevotech.com\/wp-content\/uploads\/2024\/10\/DYNAPAC_Mini-Pavimentadoras.webp","type":"image\/webp"}],"twitter_card":"summary_large_image","twitter_misc":{"Dur\u00e9e de lecture estim\u00e9e":"2 minutes"},"schema":{"@context":"https:\/\/schema.org","@graph":[{"@type":"WebPage","@id":"https:\/\/trevotech.com\/fr\/produto\/mini-finisseurs\/","url":"https:\/\/trevotech.com\/fr\/produto\/mini-finisseurs\/","name":"Mini Finisseurs Dynapac - Trevotech Group","isPartOf":{"@id":"https:\/\/trevotech.com\/fr\/#website"},"primaryImageOfPage":{"@id":"https:\/\/trevotech.com\/fr\/produto\/mini-finisseurs\/#primaryimage"},"image":{"@id":"https:\/\/trevotech.com\/fr\/produto\/mini-finisseurs\/#primaryimage"},"thumbnailUrl":"https:\/\/trevotech.com\/wp-content\/uploads\/2024\/10\/DYNAPAC_Mini-Pavimentadoras.webp","datePublished":"2024-10-24T08:47:50+00:00","dateModified":"2025-08-05T10:17:33+00:00","description":"Les mini finisseurs Dynapac sont con\u00e7us pour offrir des performances \u00e9lev\u00e9es et une grande pr\u00e9cision dans les projets de construction...","breadcrumb":{"@id":"https:\/\/trevotech.com\/fr\/produto\/mini-finisseurs\/#breadcrumb"},"inLanguage":"fr-FR","potentialAction":[{"@type":"ReadAction","target":["https:\/\/trevotech.com\/fr\/produto\/mini-finisseurs\/"]}]},{"@type":"ImageObject","inLanguage":"fr-FR","@id":"https:\/\/trevotech.com\/fr\/produto\/mini-finisseurs\/#primaryimage","url":"https:\/\/trevotech.com\/wp-content\/uploads\/2024\/10\/DYNAPAC_Mini-Pavimentadoras.webp","contentUrl":"https:\/\/trevotech.com\/wp-content\/uploads\/2024\/10\/DYNAPAC_Mini-Pavimentadoras.webp","width":1000,"height":1000,"caption":"Mini Pavers"},{"@type":"BreadcrumbList","@id":"https:\/\/trevotech.com\/fr\/produto\/mini-finisseurs\/#breadcrumb","itemListElement":[{"@type":"ListItem","position":1,"name":"In\u00edcio","item":"https:\/\/trevotech.com\/fr\/"},{"@type":"ListItem","position":2,"name":"Produits","item":"https:\/\/trevotech.com\/fr\/shop\/"},{"@type":"ListItem","position":3,"name":"Mini Finisseurs"}]},{"@type":"WebSite","@id":"https:\/\/trevotech.com\/fr\/#website","url":"https:\/\/trevotech.com\/fr\/","name":"Trevotech Group","description":"","potentialAction":[{"@type":"SearchAction","target":{"@type":"EntryPoint","urlTemplate":"https:\/\/trevotech.com\/fr\/?s={search_term_string}"},"query-input":{"@type":"PropertyValueSpecification","valueRequired":true,"valueName":"search_term_string"}}],"inLanguage":"fr-FR"}]}},"_links":{"self":[{"href":"https:\/\/trevotech.com\/fr\/wp-json\/wp\/v2\/product\/3920","targetHints":{"allow":["GET"]}}],"collection":[{"href":"https:\/\/trevotech.com\/fr\/wp-json\/wp\/v2\/product"}],"about":[{"href":"https:\/\/trevotech.com\/fr\/wp-json\/wp\/v2\/types\/product"}],"replies":[{"embeddable":true,"href":"https:\/\/trevotech.com\/fr\/wp-json\/wp\/v2\/comments?post=3920"}],"wp:featuredmedia":[{"embeddable":true,"href":"https:\/\/trevotech.com\/fr\/wp-json\/wp\/v2\/media\/3921"}],"wp:attachment":[{"href":"https:\/\/trevotech.com\/fr\/wp-json\/wp\/v2\/media?parent=3920"}],"wp:term":[{"taxonomy":"product_brand","embeddable":true,"href":"https:\/\/trevotech.com\/fr\/wp-json\/wp\/v2\/product_brand?post=3920"},{"taxonomy":"product_cat","embeddable":true,"href":"https:\/\/trevotech.com\/fr\/wp-json\/wp\/v2\/product_cat?post=3920"},{"taxonomy":"product_tag","embeddable":true,"href":"https:\/\/trevotech.com\/fr\/wp-json\/wp\/v2\/product_tag?post=3920"}],"curies":[{"name":"wp","href":"https:\/\/api.w.org\/{rel}","templated":true}]}}