{"id":3923,"date":"2024-11-06T15:15:19","date_gmt":"2024-11-06T15:15:19","guid":{"rendered":"https:\/\/trevotech.com\/produto\/industrial-and-portable-generators\/"},"modified":"2025-08-05T10:18:44","modified_gmt":"2025-08-05T10:18:44","slug":"groupes-electrogenes","status":"publish","type":"product","link":"https:\/\/trevotech.com\/fr\/produto\/groupes-electrogenes\/","title":{"rendered":"Groupes \u00c9lectrog\u00e8nes"},"content":{"rendered":"<p>Generac propose une large gamme de solutions \u00e9nerg\u00e9tiques, allant des groupes \u00e9lectrog\u00e8nes industriels aux mod\u00e8les portables.<br \/>\nLes groupes \u00e9lectrog\u00e8nes industriels Generac sont con\u00e7us pour assurer une alimentation \u00e9lectrique continue et fiable dans les environnements commerciaux et industriels, id\u00e9als pour les grandes infrastructures telles que les h\u00f4tels, centres commerciaux, copropri\u00e9t\u00e9s, h\u00f4pitaux, usines, etc. Disponibles en diff\u00e9rentes puissances, avec options diesel ou gaz naturel, ces g\u00e9n\u00e9rateurs garantissent le fonctionnement ininterrompu des \u00e9quipements essentiels en cas de panne du r\u00e9seau.<br \/>\nLes groupes \u00e9lectrog\u00e8nes portables Generac sont parfaits pour des besoins plus modestes, comme les \u00e9v\u00e9nements en plein air, les chantiers de construction ou comme source d\u2019\u00e9nergie de secours pour les habitations. Compacts et faciles \u00e0 transporter, ils fonctionnent g\u00e9n\u00e9ralement \u00e0 l\u2019essence et fournissent l\u2019\u00e9nergie n\u00e9cessaire aux appareils m\u00e9nagers et \u00e9quipements \u00e9lectroniques. Une solution pratique et efficace pour de nombreuses situations.<\/p>\n<p><span style=\"font-weight: 400;\">Generac propose une large gamme de solutions \u00e9nerg\u00e9tiques, allant des groupes \u00e9lectrog\u00e8nes industriels aux mod\u00e8les portables.<\/span><span style=\"font-weight: 400;\"><br \/>\n<\/span><span style=\"font-weight: 400;\">Les groupes \u00e9lectrog\u00e8nes industriels Generac sont con\u00e7us pour assurer une alimentation \u00e9lectrique continue et fiable dans les environnements commerciaux et industriels, id\u00e9als pour les grandes infrastructures telles que les h\u00f4tels, centres commerciaux, copropri\u00e9t\u00e9s, h\u00f4pitaux, usines, etc. Disponibles en diff\u00e9rentes puissances, avec options diesel ou gaz naturel, ces g\u00e9n\u00e9rateurs garantissent le fonctionnement ininterrompu des \u00e9quipements essentiels en cas de panne du r\u00e9seau.<\/span><span style=\"font-weight: 400;\"><br \/>\n<\/span><span style=\"font-weight: 400;\">Les groupes \u00e9lectrog\u00e8nes portables Generac sont parfaits pour des besoins plus modestes, comme les \u00e9v\u00e9nements en plein air, les chantiers de construction ou comme source d\u2019\u00e9nergie de secours pour les habitations. Compacts et faciles \u00e0 transporter, ils fonctionnent g\u00e9n\u00e9ralement \u00e0 l\u2019essence et fournissent l\u2019\u00e9nergie n\u00e9cessaire aux appareils m\u00e9nagers et \u00e9quipements \u00e9lectroniques. Une solution pratique et efficace pour de nombreuses situations.<\/span><\/p>\n","protected":false},"excerpt":{"rendered":"<p><span style=\"font-weight: 400;\">Generac propose une large gamme de solutions \u00e9nerg\u00e9tiques, allant des groupes \u00e9lectrog\u00e8nes industriels aux mod\u00e8les portables.<\/span><span style=\"font-weight: 400;\"><br \/>\n<\/span><span style=\"font-weight: 400;\">Les groupes \u00e9lectrog\u00e8nes industriels Generac sont con\u00e7us pour assurer une alimentation \u00e9lectrique continue et fiable dans les environnements commerciaux et industriels, id\u00e9als pour les grandes infrastructures telles que les h\u00f4tels, centres commerciaux, copropri\u00e9t\u00e9s, h\u00f4pitaux, usines, etc. Disponibles en diff\u00e9rentes puissances, avec options diesel ou gaz naturel, ces g\u00e9n\u00e9rateurs garantissent le fonctionnement ininterrompu des \u00e9quipements essentiels en cas de panne du r\u00e9seau.<\/span><span style=\"font-weight: 400;\"><br \/>\n<\/span><span style=\"font-weight: 400;\">Les groupes \u00e9lectrog\u00e8nes portables Generac sont parfaits pour des besoins plus modestes, comme les \u00e9v\u00e9nements en plein air, les chantiers de construction ou comme source d\u2019\u00e9nergie de secours pour les habitations. Compacts et faciles \u00e0 transporter, ils fonctionnent g\u00e9n\u00e9ralement \u00e0 l\u2019essence et fournissent l\u2019\u00e9nergie n\u00e9cessaire aux appareils m\u00e9nagers et \u00e9quipements \u00e9lectroniques. Une solution pratique et efficace pour de nombreuses situations.<\/span><\/p>\n","protected":false},"featured_media":3924,"comment_status":"open","ping_status":"closed","template":"","meta":{"_acf_changed":false},"product_brand":[],"product_cat":[458],"product_tag":[],"class_list":{"0":"post-3923","1":"product","2":"type-product","3":"status-publish","4":"has-post-thumbnail","6":"product_cat-sem-categoria-fr","7":"setores-construction-et-mines","8":"setores-industrie","9":"setores-petrole-et-gaz","10":"marcas-generac","11":"tipo_produto-groupes-electrogenes","13":"first","14":"instock","15":"shipping-taxable","16":"product-type-simple"},"acf":[],"yoast_head":"<!-- This site is optimized with the Yoast SEO plugin v25.2 - https:\/\/yoast.com\/wordpress\/plugins\/seo\/ -->\n<title>Groupes \u00c9lectrog\u00e8nes Generac - Trevotech Group<\/title>\n<meta name=\"description\" content=\"Generac propose une large gamme de solutions \u00e9nerg\u00e9tiques, allant des groupes \u00e9lectrog\u00e8nes industriels aux mod\u00e8les portables...\" \/>\n<meta name=\"robots\" content=\"index, follow, max-snippet:-1, max-image-preview:large, max-video-preview:-1\" \/>\n<link rel=\"canonical\" href=\"https:\/\/trevotech.com\/fr\/produto\/groupes-electrogenes\/\" \/>\n<meta property=\"og:locale\" content=\"fr_FR\" \/>\n<meta property=\"og:type\" content=\"article\" \/>\n<meta property=\"og:title\" content=\"Groupes \u00c9lectrog\u00e8nes Generac - Trevotech Group\" \/>\n<meta property=\"og:description\" content=\"Generac propose une large gamme de solutions \u00e9nerg\u00e9tiques, allant des groupes \u00e9lectrog\u00e8nes industriels aux mod\u00e8les portables...\" \/>\n<meta property=\"og:url\" content=\"https:\/\/trevotech.com\/fr\/produto\/groupes-electrogenes\/\" \/>\n<meta property=\"og:site_name\" content=\"Trevotech Group\" \/>\n<meta property=\"article:modified_time\" content=\"2025-08-05T10:18:44+00:00\" \/>\n<meta property=\"og:image\" content=\"https:\/\/trevotech.com\/wp-content\/uploads\/2024\/11\/image-4-1.webp\" \/>\n\t<meta property=\"og:image:width\" content=\"1000\" \/>\n\t<meta property=\"og:image:height\" content=\"1000\" \/>\n\t<meta property=\"og:image:type\" content=\"image\/webp\" \/>\n<meta name=\"twitter:card\" content=\"summary_large_image\" \/>\n<meta name=\"twitter:label1\" content=\"Dur\u00e9e de lecture estim\u00e9e\" \/>\n\t<meta name=\"twitter:data1\" content=\"2 minutes\" \/>\n<script type=\"application\/ld+json\" class=\"yoast-schema-graph\">{\"@context\":\"https:\/\/schema.org\",\"@graph\":[{\"@type\":\"WebPage\",\"@id\":\"https:\/\/trevotech.com\/fr\/produto\/groupes-electrogenes\/\",\"url\":\"https:\/\/trevotech.com\/fr\/produto\/groupes-electrogenes\/\",\"name\":\"Groupes \u00c9lectrog\u00e8nes Generac - Trevotech Group\",\"isPartOf\":{\"@id\":\"https:\/\/trevotech.com\/fr\/#website\"},\"primaryImageOfPage\":{\"@id\":\"https:\/\/trevotech.com\/fr\/produto\/groupes-electrogenes\/#primaryimage\"},\"image\":{\"@id\":\"https:\/\/trevotech.com\/fr\/produto\/groupes-electrogenes\/#primaryimage\"},\"thumbnailUrl\":\"https:\/\/trevotech.com\/wp-content\/uploads\/2024\/11\/image-4-1.webp\",\"datePublished\":\"2024-11-06T15:15:19+00:00\",\"dateModified\":\"2025-08-05T10:18:44+00:00\",\"description\":\"Generac propose une large gamme de solutions \u00e9nerg\u00e9tiques, allant des groupes \u00e9lectrog\u00e8nes industriels aux mod\u00e8les portables...\",\"breadcrumb\":{\"@id\":\"https:\/\/trevotech.com\/fr\/produto\/groupes-electrogenes\/#breadcrumb\"},\"inLanguage\":\"fr-FR\",\"potentialAction\":[{\"@type\":\"ReadAction\",\"target\":[\"https:\/\/trevotech.com\/fr\/produto\/groupes-electrogenes\/\"]}]},{\"@type\":\"ImageObject\",\"inLanguage\":\"fr-FR\",\"@id\":\"https:\/\/trevotech.com\/fr\/produto\/groupes-electrogenes\/#primaryimage\",\"url\":\"https:\/\/trevotech.com\/wp-content\/uploads\/2024\/11\/image-4-1.webp\",\"contentUrl\":\"https:\/\/trevotech.com\/wp-content\/uploads\/2024\/11\/image-4-1.webp\",\"width\":1000,\"height\":1000,\"caption\":\"Industrial Generators and Portable Generators\"},{\"@type\":\"BreadcrumbList\",\"@id\":\"https:\/\/trevotech.com\/fr\/produto\/groupes-electrogenes\/#breadcrumb\",\"itemListElement\":[{\"@type\":\"ListItem\",\"position\":1,\"name\":\"In\u00edcio\",\"item\":\"https:\/\/trevotech.com\/fr\/\"},{\"@type\":\"ListItem\",\"position\":2,\"name\":\"Produits\",\"item\":\"https:\/\/trevotech.com\/fr\/shop\/\"},{\"@type\":\"ListItem\",\"position\":3,\"name\":\"Groupes \u00c9lectrog\u00e8nes\"}]},{\"@type\":\"WebSite\",\"@id\":\"https:\/\/trevotech.com\/fr\/#website\",\"url\":\"https:\/\/trevotech.com\/fr\/\",\"name\":\"Trevotech Group\",\"description\":\"\",\"potentialAction\":[{\"@type\":\"SearchAction\",\"target\":{\"@type\":\"EntryPoint\",\"urlTemplate\":\"https:\/\/trevotech.com\/fr\/?s={search_term_string}\"},\"query-input\":{\"@type\":\"PropertyValueSpecification\",\"valueRequired\":true,\"valueName\":\"search_term_string\"}}],\"inLanguage\":\"fr-FR\"}]}<\/script>\n<!-- \/ Yoast SEO plugin. -->","yoast_head_json":{"title":"Groupes \u00c9lectrog\u00e8nes Generac - Trevotech Group","description":"Generac propose une large gamme de solutions \u00e9nerg\u00e9tiques, allant des groupes \u00e9lectrog\u00e8nes industriels aux mod\u00e8les portables...","robots":{"index":"index","follow":"follow","max-snippet":"max-snippet:-1","max-image-preview":"max-image-preview:large","max-video-preview":"max-video-preview:-1"},"canonical":"https:\/\/trevotech.com\/fr\/produto\/groupes-electrogenes\/","og_locale":"fr_FR","og_type":"article","og_title":"Groupes \u00c9lectrog\u00e8nes Generac - Trevotech Group","og_description":"Generac propose une large gamme de solutions \u00e9nerg\u00e9tiques, allant des groupes \u00e9lectrog\u00e8nes industriels aux mod\u00e8les portables...","og_url":"https:\/\/trevotech.com\/fr\/produto\/groupes-electrogenes\/","og_site_name":"Trevotech Group","article_modified_time":"2025-08-05T10:18:44+00:00","og_image":[{"width":1000,"height":1000,"url":"https:\/\/trevotech.com\/wp-content\/uploads\/2024\/11\/image-4-1.webp","type":"image\/webp"}],"twitter_card":"summary_large_image","twitter_misc":{"Dur\u00e9e de lecture estim\u00e9e":"2 minutes"},"schema":{"@context":"https:\/\/schema.org","@graph":[{"@type":"WebPage","@id":"https:\/\/trevotech.com\/fr\/produto\/groupes-electrogenes\/","url":"https:\/\/trevotech.com\/fr\/produto\/groupes-electrogenes\/","name":"Groupes \u00c9lectrog\u00e8nes Generac - Trevotech Group","isPartOf":{"@id":"https:\/\/trevotech.com\/fr\/#website"},"primaryImageOfPage":{"@id":"https:\/\/trevotech.com\/fr\/produto\/groupes-electrogenes\/#primaryimage"},"image":{"@id":"https:\/\/trevotech.com\/fr\/produto\/groupes-electrogenes\/#primaryimage"},"thumbnailUrl":"https:\/\/trevotech.com\/wp-content\/uploads\/2024\/11\/image-4-1.webp","datePublished":"2024-11-06T15:15:19+00:00","dateModified":"2025-08-05T10:18:44+00:00","description":"Generac propose une large gamme de solutions \u00e9nerg\u00e9tiques, allant des groupes \u00e9lectrog\u00e8nes industriels aux mod\u00e8les portables...","breadcrumb":{"@id":"https:\/\/trevotech.com\/fr\/produto\/groupes-electrogenes\/#breadcrumb"},"inLanguage":"fr-FR","potentialAction":[{"@type":"ReadAction","target":["https:\/\/trevotech.com\/fr\/produto\/groupes-electrogenes\/"]}]},{"@type":"ImageObject","inLanguage":"fr-FR","@id":"https:\/\/trevotech.com\/fr\/produto\/groupes-electrogenes\/#primaryimage","url":"https:\/\/trevotech.com\/wp-content\/uploads\/2024\/11\/image-4-1.webp","contentUrl":"https:\/\/trevotech.com\/wp-content\/uploads\/2024\/11\/image-4-1.webp","width":1000,"height":1000,"caption":"Industrial Generators and Portable Generators"},{"@type":"BreadcrumbList","@id":"https:\/\/trevotech.com\/fr\/produto\/groupes-electrogenes\/#breadcrumb","itemListElement":[{"@type":"ListItem","position":1,"name":"In\u00edcio","item":"https:\/\/trevotech.com\/fr\/"},{"@type":"ListItem","position":2,"name":"Produits","item":"https:\/\/trevotech.com\/fr\/shop\/"},{"@type":"ListItem","position":3,"name":"Groupes \u00c9lectrog\u00e8nes"}]},{"@type":"WebSite","@id":"https:\/\/trevotech.com\/fr\/#website","url":"https:\/\/trevotech.com\/fr\/","name":"Trevotech Group","description":"","potentialAction":[{"@type":"SearchAction","target":{"@type":"EntryPoint","urlTemplate":"https:\/\/trevotech.com\/fr\/?s={search_term_string}"},"query-input":{"@type":"PropertyValueSpecification","valueRequired":true,"valueName":"search_term_string"}}],"inLanguage":"fr-FR"}]}},"_links":{"self":[{"href":"https:\/\/trevotech.com\/fr\/wp-json\/wp\/v2\/product\/3923","targetHints":{"allow":["GET"]}}],"collection":[{"href":"https:\/\/trevotech.com\/fr\/wp-json\/wp\/v2\/product"}],"about":[{"href":"https:\/\/trevotech.com\/fr\/wp-json\/wp\/v2\/types\/product"}],"replies":[{"embeddable":true,"href":"https:\/\/trevotech.com\/fr\/wp-json\/wp\/v2\/comments?post=3923"}],"wp:featuredmedia":[{"embeddable":true,"href":"https:\/\/trevotech.com\/fr\/wp-json\/wp\/v2\/media\/3924"}],"wp:attachment":[{"href":"https:\/\/trevotech.com\/fr\/wp-json\/wp\/v2\/media?parent=3923"}],"wp:term":[{"taxonomy":"product_brand","embeddable":true,"href":"https:\/\/trevotech.com\/fr\/wp-json\/wp\/v2\/product_brand?post=3923"},{"taxonomy":"product_cat","embeddable":true,"href":"https:\/\/trevotech.com\/fr\/wp-json\/wp\/v2\/product_cat?post=3923"},{"taxonomy":"product_tag","embeddable":true,"href":"https:\/\/trevotech.com\/fr\/wp-json\/wp\/v2\/product_tag?post=3923"}],"curies":[{"name":"wp","href":"https:\/\/api.w.org\/{rel}","templated":true}]}}