{"id":3926,"date":"2024-11-06T15:13:46","date_gmt":"2024-11-06T15:13:46","guid":{"rendered":"https:\/\/trevotech.com\/produto\/lighting-towers\/"},"modified":"2025-08-05T10:20:18","modified_gmt":"2025-08-05T10:20:18","slug":"tours-declairage","status":"publish","type":"product","link":"https:\/\/trevotech.com\/fr\/produto\/tours-declairage\/","title":{"rendered":"Tours d\u2019\u00c9clairage"},"content":{"rendered":"<p><span style=\"font-weight: 400;\">Generac propose \u00e9galement des tours d\u2019\u00e9clairage robustes et performantes, id\u00e9ales pour garantir un \u00e9clairage de haute qualit\u00e9 dans les zones de travail ou en milieux isol\u00e9s.<\/span><span style=\"font-weight: 400;\"><br \/>\n<\/span><span style=\"font-weight: 400;\">Elles sont particuli\u00e8rement utiles sur les chantiers, lors d\u2019\u00e9v\u00e9nements ext\u00e9rieurs, dans les zones industrielles ou dans les situations d\u2019urgence o\u00f9 la visibilit\u00e9 nocturne ou par faible luminosit\u00e9 est cruciale.<\/span><span style=\"font-weight: 400;\"><br \/>\n<\/span><span style=\"font-weight: 400;\">Dot\u00e9es de lampes \u00e0 d\u00e9charge haute intensit\u00e9 ou de LED puissants, ces tours offrent une couverture lumineuse large et uniforme, assurant s\u00e9curit\u00e9 et productivit\u00e9. Aliment\u00e9es par des g\u00e9n\u00e9rateurs diesel ou essence, elles constituent une source d\u2019\u00e9nergie autonome et mobile, id\u00e9ale pour des environnements exigeants. Leur durabilit\u00e9, facilit\u00e9 de transport et fiabilit\u00e9 font des tours d\u2019\u00e9clairage Generac une solution efficace et \u00e9conomique pour \u00e9clairer tout type d\u2019espace de travail.<\/span><\/p>\n<p><span style=\"font-weight: 400;\">Generac propose \u00e9galement des tours d\u2019\u00e9clairage robustes et performantes, id\u00e9ales pour garantir un \u00e9clairage de haute qualit\u00e9 dans les zones de travail ou en milieux isol\u00e9s.<\/span><span style=\"font-weight: 400;\"><br \/>\n<\/span><span style=\"font-weight: 400;\">Elles sont particuli\u00e8rement utiles sur les chantiers, lors d\u2019\u00e9v\u00e9nements ext\u00e9rieurs, dans les zones industrielles ou dans les situations d\u2019urgence o\u00f9 la visibilit\u00e9 nocturne ou par faible luminosit\u00e9 est cruciale.<\/span><span style=\"font-weight: 400;\"><br \/>\n<\/span><span style=\"font-weight: 400;\">Dot\u00e9es de lampes \u00e0 d\u00e9charge haute intensit\u00e9 ou de LED puissants, ces tours offrent une couverture lumineuse large et uniforme, assurant s\u00e9curit\u00e9 et productivit\u00e9. Aliment\u00e9es par des g\u00e9n\u00e9rateurs diesel ou essence, elles constituent une source d\u2019\u00e9nergie autonome et mobile, id\u00e9ale pour des environnements exigeants. Leur durabilit\u00e9, facilit\u00e9 de transport et fiabilit\u00e9 font des tours d\u2019\u00e9clairage Generac une solution efficace et \u00e9conomique pour \u00e9clairer tout type d\u2019espace de travail.<\/span><\/p>\n","protected":false},"excerpt":{"rendered":"<p><span style=\"font-weight: 400;\">Generac propose \u00e9galement des tours d\u2019\u00e9clairage robustes et performantes, id\u00e9ales pour garantir un \u00e9clairage de haute qualit\u00e9 dans les zones de travail ou en milieux isol\u00e9s.<\/span><span style=\"font-weight: 400;\"><br \/>\n<\/span><span style=\"font-weight: 400;\">Elles sont particuli\u00e8rement utiles sur les chantiers, lors d\u2019\u00e9v\u00e9nements ext\u00e9rieurs, dans les zones industrielles ou dans les situations d\u2019urgence o\u00f9 la visibilit\u00e9 nocturne ou par faible luminosit\u00e9 est cruciale.<\/span><span style=\"font-weight: 400;\"><br \/>\n<\/span><span style=\"font-weight: 400;\">Dot\u00e9es de lampes \u00e0 d\u00e9charge haute intensit\u00e9 ou de LED puissants, ces tours offrent une couverture lumineuse large et uniforme, assurant s\u00e9curit\u00e9 et productivit\u00e9. Aliment\u00e9es par des g\u00e9n\u00e9rateurs diesel ou essence, elles constituent une source d\u2019\u00e9nergie autonome et mobile, id\u00e9ale pour des environnements exigeants. Leur durabilit\u00e9, facilit\u00e9 de transport et fiabilit\u00e9 font des tours d\u2019\u00e9clairage Generac une solution efficace et \u00e9conomique pour \u00e9clairer tout type d\u2019espace de travail.<\/span><\/p>\n","protected":false},"featured_media":3927,"comment_status":"open","ping_status":"closed","template":"","meta":{"_acf_changed":false},"product_brand":[],"product_cat":[458],"product_tag":[],"class_list":{"0":"post-3926","1":"product","2":"type-product","3":"status-publish","4":"has-post-thumbnail","6":"product_cat-sem-categoria-fr","7":"setores-construction-et-mines","8":"setores-industrie","9":"setores-petrole-et-gaz","10":"marcas-generac","11":"tipo_produto-tours-declairage","13":"first","14":"instock","15":"shipping-taxable","16":"product-type-simple"},"acf":[],"yoast_head":"<!-- This site is optimized with the Yoast SEO plugin v25.2 - https:\/\/yoast.com\/wordpress\/plugins\/seo\/ -->\n<title>Tours d\u2019\u00c9clairage Generac - Trevotech Group<\/title>\n<meta name=\"description\" content=\"Generac propose \u00e9galement des tours d\u2019\u00e9clairage robustes et performantes, id\u00e9ales pour garantir un \u00e9clairage de haute qualit\u00e9 dans les zones ...\" \/>\n<meta name=\"robots\" content=\"index, follow, max-snippet:-1, max-image-preview:large, max-video-preview:-1\" \/>\n<link rel=\"canonical\" href=\"https:\/\/trevotech.com\/fr\/produto\/tours-declairage\/\" \/>\n<meta property=\"og:locale\" content=\"fr_FR\" \/>\n<meta property=\"og:type\" content=\"article\" \/>\n<meta property=\"og:title\" content=\"Tours d\u2019\u00c9clairage Generac - Trevotech Group\" \/>\n<meta property=\"og:description\" content=\"Generac propose \u00e9galement des tours d\u2019\u00e9clairage robustes et performantes, id\u00e9ales pour garantir un \u00e9clairage de haute qualit\u00e9 dans les zones ...\" \/>\n<meta property=\"og:url\" content=\"https:\/\/trevotech.com\/fr\/produto\/tours-declairage\/\" \/>\n<meta property=\"og:site_name\" content=\"Trevotech Group\" \/>\n<meta property=\"article:modified_time\" content=\"2025-08-05T10:20:18+00:00\" \/>\n<meta property=\"og:image\" content=\"https:\/\/trevotech.com\/wp-content\/uploads\/2024\/11\/image-8.webp\" \/>\n\t<meta property=\"og:image:width\" content=\"1000\" \/>\n\t<meta property=\"og:image:height\" content=\"1000\" \/>\n\t<meta property=\"og:image:type\" content=\"image\/webp\" \/>\n<meta name=\"twitter:card\" content=\"summary_large_image\" \/>\n<meta name=\"twitter:label1\" content=\"Dur\u00e9e de lecture estim\u00e9e\" \/>\n\t<meta name=\"twitter:data1\" content=\"2 minutes\" \/>\n<script type=\"application\/ld+json\" class=\"yoast-schema-graph\">{\"@context\":\"https:\/\/schema.org\",\"@graph\":[{\"@type\":\"WebPage\",\"@id\":\"https:\/\/trevotech.com\/fr\/produto\/tours-declairage\/\",\"url\":\"https:\/\/trevotech.com\/fr\/produto\/tours-declairage\/\",\"name\":\"Tours d\u2019\u00c9clairage Generac - Trevotech Group\",\"isPartOf\":{\"@id\":\"https:\/\/trevotech.com\/fr\/#website\"},\"primaryImageOfPage\":{\"@id\":\"https:\/\/trevotech.com\/fr\/produto\/tours-declairage\/#primaryimage\"},\"image\":{\"@id\":\"https:\/\/trevotech.com\/fr\/produto\/tours-declairage\/#primaryimage\"},\"thumbnailUrl\":\"https:\/\/trevotech.com\/wp-content\/uploads\/2024\/11\/image-8.webp\",\"datePublished\":\"2024-11-06T15:13:46+00:00\",\"dateModified\":\"2025-08-05T10:20:18+00:00\",\"description\":\"Generac propose \u00e9galement des tours d\u2019\u00e9clairage robustes et performantes, id\u00e9ales pour garantir un \u00e9clairage de haute qualit\u00e9 dans les zones ...\",\"breadcrumb\":{\"@id\":\"https:\/\/trevotech.com\/fr\/produto\/tours-declairage\/#breadcrumb\"},\"inLanguage\":\"fr-FR\",\"potentialAction\":[{\"@type\":\"ReadAction\",\"target\":[\"https:\/\/trevotech.com\/fr\/produto\/tours-declairage\/\"]}]},{\"@type\":\"ImageObject\",\"inLanguage\":\"fr-FR\",\"@id\":\"https:\/\/trevotech.com\/fr\/produto\/tours-declairage\/#primaryimage\",\"url\":\"https:\/\/trevotech.com\/wp-content\/uploads\/2024\/11\/image-8.webp\",\"contentUrl\":\"https:\/\/trevotech.com\/wp-content\/uploads\/2024\/11\/image-8.webp\",\"width\":1000,\"height\":1000,\"caption\":\"Lighting Towers\"},{\"@type\":\"BreadcrumbList\",\"@id\":\"https:\/\/trevotech.com\/fr\/produto\/tours-declairage\/#breadcrumb\",\"itemListElement\":[{\"@type\":\"ListItem\",\"position\":1,\"name\":\"In\u00edcio\",\"item\":\"https:\/\/trevotech.com\/fr\/\"},{\"@type\":\"ListItem\",\"position\":2,\"name\":\"Produits\",\"item\":\"https:\/\/trevotech.com\/fr\/shop\/\"},{\"@type\":\"ListItem\",\"position\":3,\"name\":\"Tours d\u2019\u00c9clairage\"}]},{\"@type\":\"WebSite\",\"@id\":\"https:\/\/trevotech.com\/fr\/#website\",\"url\":\"https:\/\/trevotech.com\/fr\/\",\"name\":\"Trevotech Group\",\"description\":\"\",\"potentialAction\":[{\"@type\":\"SearchAction\",\"target\":{\"@type\":\"EntryPoint\",\"urlTemplate\":\"https:\/\/trevotech.com\/fr\/?s={search_term_string}\"},\"query-input\":{\"@type\":\"PropertyValueSpecification\",\"valueRequired\":true,\"valueName\":\"search_term_string\"}}],\"inLanguage\":\"fr-FR\"}]}<\/script>\n<!-- \/ Yoast SEO plugin. -->","yoast_head_json":{"title":"Tours d\u2019\u00c9clairage Generac - Trevotech Group","description":"Generac propose \u00e9galement des tours d\u2019\u00e9clairage robustes et performantes, id\u00e9ales pour garantir un \u00e9clairage de haute qualit\u00e9 dans les zones ...","robots":{"index":"index","follow":"follow","max-snippet":"max-snippet:-1","max-image-preview":"max-image-preview:large","max-video-preview":"max-video-preview:-1"},"canonical":"https:\/\/trevotech.com\/fr\/produto\/tours-declairage\/","og_locale":"fr_FR","og_type":"article","og_title":"Tours d\u2019\u00c9clairage Generac - Trevotech Group","og_description":"Generac propose \u00e9galement des tours d\u2019\u00e9clairage robustes et performantes, id\u00e9ales pour garantir un \u00e9clairage de haute qualit\u00e9 dans les zones ...","og_url":"https:\/\/trevotech.com\/fr\/produto\/tours-declairage\/","og_site_name":"Trevotech Group","article_modified_time":"2025-08-05T10:20:18+00:00","og_image":[{"width":1000,"height":1000,"url":"https:\/\/trevotech.com\/wp-content\/uploads\/2024\/11\/image-8.webp","type":"image\/webp"}],"twitter_card":"summary_large_image","twitter_misc":{"Dur\u00e9e de lecture estim\u00e9e":"2 minutes"},"schema":{"@context":"https:\/\/schema.org","@graph":[{"@type":"WebPage","@id":"https:\/\/trevotech.com\/fr\/produto\/tours-declairage\/","url":"https:\/\/trevotech.com\/fr\/produto\/tours-declairage\/","name":"Tours d\u2019\u00c9clairage Generac - Trevotech Group","isPartOf":{"@id":"https:\/\/trevotech.com\/fr\/#website"},"primaryImageOfPage":{"@id":"https:\/\/trevotech.com\/fr\/produto\/tours-declairage\/#primaryimage"},"image":{"@id":"https:\/\/trevotech.com\/fr\/produto\/tours-declairage\/#primaryimage"},"thumbnailUrl":"https:\/\/trevotech.com\/wp-content\/uploads\/2024\/11\/image-8.webp","datePublished":"2024-11-06T15:13:46+00:00","dateModified":"2025-08-05T10:20:18+00:00","description":"Generac propose \u00e9galement des tours d\u2019\u00e9clairage robustes et performantes, id\u00e9ales pour garantir un \u00e9clairage de haute qualit\u00e9 dans les zones ...","breadcrumb":{"@id":"https:\/\/trevotech.com\/fr\/produto\/tours-declairage\/#breadcrumb"},"inLanguage":"fr-FR","potentialAction":[{"@type":"ReadAction","target":["https:\/\/trevotech.com\/fr\/produto\/tours-declairage\/"]}]},{"@type":"ImageObject","inLanguage":"fr-FR","@id":"https:\/\/trevotech.com\/fr\/produto\/tours-declairage\/#primaryimage","url":"https:\/\/trevotech.com\/wp-content\/uploads\/2024\/11\/image-8.webp","contentUrl":"https:\/\/trevotech.com\/wp-content\/uploads\/2024\/11\/image-8.webp","width":1000,"height":1000,"caption":"Lighting Towers"},{"@type":"BreadcrumbList","@id":"https:\/\/trevotech.com\/fr\/produto\/tours-declairage\/#breadcrumb","itemListElement":[{"@type":"ListItem","position":1,"name":"In\u00edcio","item":"https:\/\/trevotech.com\/fr\/"},{"@type":"ListItem","position":2,"name":"Produits","item":"https:\/\/trevotech.com\/fr\/shop\/"},{"@type":"ListItem","position":3,"name":"Tours d\u2019\u00c9clairage"}]},{"@type":"WebSite","@id":"https:\/\/trevotech.com\/fr\/#website","url":"https:\/\/trevotech.com\/fr\/","name":"Trevotech Group","description":"","potentialAction":[{"@type":"SearchAction","target":{"@type":"EntryPoint","urlTemplate":"https:\/\/trevotech.com\/fr\/?s={search_term_string}"},"query-input":{"@type":"PropertyValueSpecification","valueRequired":true,"valueName":"search_term_string"}}],"inLanguage":"fr-FR"}]}},"_links":{"self":[{"href":"https:\/\/trevotech.com\/fr\/wp-json\/wp\/v2\/product\/3926","targetHints":{"allow":["GET"]}}],"collection":[{"href":"https:\/\/trevotech.com\/fr\/wp-json\/wp\/v2\/product"}],"about":[{"href":"https:\/\/trevotech.com\/fr\/wp-json\/wp\/v2\/types\/product"}],"replies":[{"embeddable":true,"href":"https:\/\/trevotech.com\/fr\/wp-json\/wp\/v2\/comments?post=3926"}],"wp:featuredmedia":[{"embeddable":true,"href":"https:\/\/trevotech.com\/fr\/wp-json\/wp\/v2\/media\/3927"}],"wp:attachment":[{"href":"https:\/\/trevotech.com\/fr\/wp-json\/wp\/v2\/media?parent=3926"}],"wp:term":[{"taxonomy":"product_brand","embeddable":true,"href":"https:\/\/trevotech.com\/fr\/wp-json\/wp\/v2\/product_brand?post=3926"},{"taxonomy":"product_cat","embeddable":true,"href":"https:\/\/trevotech.com\/fr\/wp-json\/wp\/v2\/product_cat?post=3926"},{"taxonomy":"product_tag","embeddable":true,"href":"https:\/\/trevotech.com\/fr\/wp-json\/wp\/v2\/product_tag?post=3926"}],"curies":[{"name":"wp","href":"https:\/\/api.w.org\/{rel}","templated":true}]}}