{"id":3947,"date":"2024-12-18T11:58:44","date_gmt":"2024-12-18T11:58:44","guid":{"rendered":"https:\/\/trevotech.com\/produto\/tires-for-buses\/"},"modified":"2025-08-05T10:40:21","modified_gmt":"2025-08-05T10:40:21","slug":"pneus-pour-autobus","status":"publish","type":"product","link":"https:\/\/trevotech.com\/fr\/produto\/pneus-pour-autobus\/","title":{"rendered":"Pneus pour Autobus"},"content":{"rendered":"<p><span style=\"font-weight: 400;\">Les pneus Giti pour autobus sont con\u00e7us pour garantir une s\u00e9curit\u00e9 maximale, une grande durabilit\u00e9 et une efficacit\u00e9 optimale, m\u00eame sur les itin\u00e9raires les plus exigeants. Gr\u00e2ce \u00e0 une technologie de pointe et une construction robuste, ils assurent une excellente traction, une long\u00e9vit\u00e9 accrue et un confort sup\u00e9rieur pour les passagers comme pour les conducteurs.<\/span><span style=\"font-weight: 400;\"><br \/>\n<\/span><span style=\"font-weight: 400;\">Parfaits pour les flottes urbaines, interurbaines ou longue distance, les pneus Giti allient performance et conception durable, contribuant \u00e0 la r\u00e9duction des co\u00fbts d\u2019exploitation tout en maintenant les plus hauts standards de qualit\u00e9.<\/span><\/p>\n<p><span style=\"font-weight: 400;\">Les pneus Giti pour autobus sont con\u00e7us pour garantir une s\u00e9curit\u00e9 maximale, une grande durabilit\u00e9 et une efficacit\u00e9 optimale, m\u00eame sur les itin\u00e9raires les plus exigeants. Gr\u00e2ce \u00e0 une technologie de pointe et une construction robuste, ils assurent une excellente traction, une long\u00e9vit\u00e9 accrue et un confort sup\u00e9rieur pour les passagers comme pour les conducteurs.<\/span><span style=\"font-weight: 400;\"><br \/>\n<\/span><span style=\"font-weight: 400;\">Parfaits pour les flottes urbaines, interurbaines ou longue distance, les pneus Giti allient performance et conception durable, contribuant \u00e0 la r\u00e9duction des co\u00fbts d\u2019exploitation tout en maintenant les plus hauts standards de qualit\u00e9.<\/span><\/p>\n<p><span style=\"font-weight: 400;\">Les pneus Giti pour autobus sont con\u00e7us pour garantir une s\u00e9curit\u00e9 maximale, une grande durabilit\u00e9 et une efficacit\u00e9 optimale, m\u00eame sur les itin\u00e9raires les plus exigeants. Gr\u00e2ce \u00e0 une technologie de pointe et une construction robuste, ils assurent une excellente traction, une long\u00e9vit\u00e9 accrue et un confort sup\u00e9rieur pour les passagers comme pour les conducteurs.<\/span><span style=\"font-weight: 400;\"><br \/>\n<\/span><span style=\"font-weight: 400;\">Parfaits pour les flottes urbaines, interurbaines ou longue distance, les pneus Giti allient performance et conception durable, contribuant \u00e0 la r\u00e9duction des co\u00fbts d\u2019exploitation tout en maintenant les plus hauts standards de qualit\u00e9.<\/span><\/p>\n","protected":false},"excerpt":{"rendered":"<p><span style=\"font-weight: 400;\">Les pneus Giti pour autobus sont con\u00e7us pour garantir une s\u00e9curit\u00e9 maximale, une grande durabilit\u00e9 et une efficacit\u00e9 optimale, m\u00eame sur les itin\u00e9raires les plus exigeants. Gr\u00e2ce \u00e0 une technologie de pointe et une construction robuste, ils assurent une excellente traction, une long\u00e9vit\u00e9 accrue et un confort sup\u00e9rieur pour les passagers comme pour les conducteurs.<\/span><span style=\"font-weight: 400;\"><br \/>\n<\/span><span style=\"font-weight: 400;\">Parfaits pour les flottes urbaines, interurbaines ou longue distance, les pneus Giti allient performance et conception durable, contribuant \u00e0 la r\u00e9duction des co\u00fbts d\u2019exploitation tout en maintenant les plus hauts standards de qualit\u00e9.<\/span><\/p>\n","protected":false},"featured_media":3948,"comment_status":"open","ping_status":"closed","template":"","meta":{"_acf_changed":false},"product_brand":[],"product_cat":[458],"product_tag":[],"class_list":{"0":"post-3947","1":"product","2":"type-product","3":"status-publish","4":"has-post-thumbnail","6":"product_cat-sem-categoria-fr","7":"setores-automobile","8":"tipo_produto-pneus-pour-autobus","10":"first","11":"instock","12":"shipping-taxable","13":"product-type-simple"},"acf":[],"yoast_head":"<!-- This site is optimized with the Yoast SEO plugin v25.2 - https:\/\/yoast.com\/wordpress\/plugins\/seo\/ -->\n<title>Pneus pour Autobus Giti - Trevotech Group<\/title>\n<meta name=\"description\" content=\"Les pneus Giti pour autobus sont con\u00e7us pour garantir une s\u00e9curit\u00e9 maximale, une grande durabilit\u00e9 et une efficacit\u00e9 optimale, m\u00eame...\" \/>\n<meta name=\"robots\" content=\"index, follow, max-snippet:-1, max-image-preview:large, max-video-preview:-1\" \/>\n<link rel=\"canonical\" href=\"https:\/\/trevotech.com\/fr\/produto\/pneus-pour-autobus\/\" \/>\n<meta property=\"og:locale\" content=\"fr_FR\" \/>\n<meta property=\"og:type\" content=\"article\" \/>\n<meta property=\"og:title\" content=\"Pneus pour Autobus Giti - Trevotech Group\" \/>\n<meta property=\"og:description\" content=\"Les pneus Giti pour autobus sont con\u00e7us pour garantir une s\u00e9curit\u00e9 maximale, une grande durabilit\u00e9 et une efficacit\u00e9 optimale, m\u00eame...\" \/>\n<meta property=\"og:url\" content=\"https:\/\/trevotech.com\/fr\/produto\/pneus-pour-autobus\/\" \/>\n<meta property=\"og:site_name\" content=\"Trevotech Group\" \/>\n<meta property=\"article:modified_time\" content=\"2025-08-05T10:40:21+00:00\" \/>\n<meta property=\"og:image\" content=\"https:\/\/trevotech.com\/wp-content\/uploads\/2024\/12\/Giti-03.webp\" \/>\n\t<meta property=\"og:image:width\" content=\"1000\" \/>\n\t<meta property=\"og:image:height\" content=\"1000\" \/>\n\t<meta property=\"og:image:type\" content=\"image\/webp\" \/>\n<meta name=\"twitter:card\" content=\"summary_large_image\" \/>\n<meta name=\"twitter:label1\" content=\"Dur\u00e9e de lecture estim\u00e9e\" \/>\n\t<meta name=\"twitter:data1\" content=\"2 minutes\" \/>\n<script type=\"application\/ld+json\" class=\"yoast-schema-graph\">{\"@context\":\"https:\/\/schema.org\",\"@graph\":[{\"@type\":\"WebPage\",\"@id\":\"https:\/\/trevotech.com\/fr\/produto\/pneus-pour-autobus\/\",\"url\":\"https:\/\/trevotech.com\/fr\/produto\/pneus-pour-autobus\/\",\"name\":\"Pneus pour Autobus Giti - Trevotech Group\",\"isPartOf\":{\"@id\":\"https:\/\/trevotech.com\/fr\/#website\"},\"primaryImageOfPage\":{\"@id\":\"https:\/\/trevotech.com\/fr\/produto\/pneus-pour-autobus\/#primaryimage\"},\"image\":{\"@id\":\"https:\/\/trevotech.com\/fr\/produto\/pneus-pour-autobus\/#primaryimage\"},\"thumbnailUrl\":\"https:\/\/trevotech.com\/wp-content\/uploads\/2024\/12\/Giti-03.webp\",\"datePublished\":\"2024-12-18T11:58:44+00:00\",\"dateModified\":\"2025-08-05T10:40:21+00:00\",\"description\":\"Les pneus Giti pour autobus sont con\u00e7us pour garantir une s\u00e9curit\u00e9 maximale, une grande durabilit\u00e9 et une efficacit\u00e9 optimale, m\u00eame...\",\"breadcrumb\":{\"@id\":\"https:\/\/trevotech.com\/fr\/produto\/pneus-pour-autobus\/#breadcrumb\"},\"inLanguage\":\"fr-FR\",\"potentialAction\":[{\"@type\":\"ReadAction\",\"target\":[\"https:\/\/trevotech.com\/fr\/produto\/pneus-pour-autobus\/\"]}]},{\"@type\":\"ImageObject\",\"inLanguage\":\"fr-FR\",\"@id\":\"https:\/\/trevotech.com\/fr\/produto\/pneus-pour-autobus\/#primaryimage\",\"url\":\"https:\/\/trevotech.com\/wp-content\/uploads\/2024\/12\/Giti-03.webp\",\"contentUrl\":\"https:\/\/trevotech.com\/wp-content\/uploads\/2024\/12\/Giti-03.webp\",\"width\":1000,\"height\":1000,\"caption\":\"Tires for Buses\"},{\"@type\":\"BreadcrumbList\",\"@id\":\"https:\/\/trevotech.com\/fr\/produto\/pneus-pour-autobus\/#breadcrumb\",\"itemListElement\":[{\"@type\":\"ListItem\",\"position\":1,\"name\":\"In\u00edcio\",\"item\":\"https:\/\/trevotech.com\/fr\/\"},{\"@type\":\"ListItem\",\"position\":2,\"name\":\"Produits\",\"item\":\"https:\/\/trevotech.com\/fr\/shop\/\"},{\"@type\":\"ListItem\",\"position\":3,\"name\":\"Pneus pour Autobus\"}]},{\"@type\":\"WebSite\",\"@id\":\"https:\/\/trevotech.com\/fr\/#website\",\"url\":\"https:\/\/trevotech.com\/fr\/\",\"name\":\"Trevotech Group\",\"description\":\"\",\"potentialAction\":[{\"@type\":\"SearchAction\",\"target\":{\"@type\":\"EntryPoint\",\"urlTemplate\":\"https:\/\/trevotech.com\/fr\/?s={search_term_string}\"},\"query-input\":{\"@type\":\"PropertyValueSpecification\",\"valueRequired\":true,\"valueName\":\"search_term_string\"}}],\"inLanguage\":\"fr-FR\"}]}<\/script>\n<!-- \/ Yoast SEO plugin. -->","yoast_head_json":{"title":"Pneus pour Autobus Giti - Trevotech Group","description":"Les pneus Giti pour autobus sont con\u00e7us pour garantir une s\u00e9curit\u00e9 maximale, une grande durabilit\u00e9 et une efficacit\u00e9 optimale, m\u00eame...","robots":{"index":"index","follow":"follow","max-snippet":"max-snippet:-1","max-image-preview":"max-image-preview:large","max-video-preview":"max-video-preview:-1"},"canonical":"https:\/\/trevotech.com\/fr\/produto\/pneus-pour-autobus\/","og_locale":"fr_FR","og_type":"article","og_title":"Pneus pour Autobus Giti - Trevotech Group","og_description":"Les pneus Giti pour autobus sont con\u00e7us pour garantir une s\u00e9curit\u00e9 maximale, une grande durabilit\u00e9 et une efficacit\u00e9 optimale, m\u00eame...","og_url":"https:\/\/trevotech.com\/fr\/produto\/pneus-pour-autobus\/","og_site_name":"Trevotech Group","article_modified_time":"2025-08-05T10:40:21+00:00","og_image":[{"width":1000,"height":1000,"url":"https:\/\/trevotech.com\/wp-content\/uploads\/2024\/12\/Giti-03.webp","type":"image\/webp"}],"twitter_card":"summary_large_image","twitter_misc":{"Dur\u00e9e de lecture estim\u00e9e":"2 minutes"},"schema":{"@context":"https:\/\/schema.org","@graph":[{"@type":"WebPage","@id":"https:\/\/trevotech.com\/fr\/produto\/pneus-pour-autobus\/","url":"https:\/\/trevotech.com\/fr\/produto\/pneus-pour-autobus\/","name":"Pneus pour Autobus Giti - Trevotech Group","isPartOf":{"@id":"https:\/\/trevotech.com\/fr\/#website"},"primaryImageOfPage":{"@id":"https:\/\/trevotech.com\/fr\/produto\/pneus-pour-autobus\/#primaryimage"},"image":{"@id":"https:\/\/trevotech.com\/fr\/produto\/pneus-pour-autobus\/#primaryimage"},"thumbnailUrl":"https:\/\/trevotech.com\/wp-content\/uploads\/2024\/12\/Giti-03.webp","datePublished":"2024-12-18T11:58:44+00:00","dateModified":"2025-08-05T10:40:21+00:00","description":"Les pneus Giti pour autobus sont con\u00e7us pour garantir une s\u00e9curit\u00e9 maximale, une grande durabilit\u00e9 et une efficacit\u00e9 optimale, m\u00eame...","breadcrumb":{"@id":"https:\/\/trevotech.com\/fr\/produto\/pneus-pour-autobus\/#breadcrumb"},"inLanguage":"fr-FR","potentialAction":[{"@type":"ReadAction","target":["https:\/\/trevotech.com\/fr\/produto\/pneus-pour-autobus\/"]}]},{"@type":"ImageObject","inLanguage":"fr-FR","@id":"https:\/\/trevotech.com\/fr\/produto\/pneus-pour-autobus\/#primaryimage","url":"https:\/\/trevotech.com\/wp-content\/uploads\/2024\/12\/Giti-03.webp","contentUrl":"https:\/\/trevotech.com\/wp-content\/uploads\/2024\/12\/Giti-03.webp","width":1000,"height":1000,"caption":"Tires for Buses"},{"@type":"BreadcrumbList","@id":"https:\/\/trevotech.com\/fr\/produto\/pneus-pour-autobus\/#breadcrumb","itemListElement":[{"@type":"ListItem","position":1,"name":"In\u00edcio","item":"https:\/\/trevotech.com\/fr\/"},{"@type":"ListItem","position":2,"name":"Produits","item":"https:\/\/trevotech.com\/fr\/shop\/"},{"@type":"ListItem","position":3,"name":"Pneus pour Autobus"}]},{"@type":"WebSite","@id":"https:\/\/trevotech.com\/fr\/#website","url":"https:\/\/trevotech.com\/fr\/","name":"Trevotech Group","description":"","potentialAction":[{"@type":"SearchAction","target":{"@type":"EntryPoint","urlTemplate":"https:\/\/trevotech.com\/fr\/?s={search_term_string}"},"query-input":{"@type":"PropertyValueSpecification","valueRequired":true,"valueName":"search_term_string"}}],"inLanguage":"fr-FR"}]}},"_links":{"self":[{"href":"https:\/\/trevotech.com\/fr\/wp-json\/wp\/v2\/product\/3947","targetHints":{"allow":["GET"]}}],"collection":[{"href":"https:\/\/trevotech.com\/fr\/wp-json\/wp\/v2\/product"}],"about":[{"href":"https:\/\/trevotech.com\/fr\/wp-json\/wp\/v2\/types\/product"}],"replies":[{"embeddable":true,"href":"https:\/\/trevotech.com\/fr\/wp-json\/wp\/v2\/comments?post=3947"}],"wp:featuredmedia":[{"embeddable":true,"href":"https:\/\/trevotech.com\/fr\/wp-json\/wp\/v2\/media\/3948"}],"wp:attachment":[{"href":"https:\/\/trevotech.com\/fr\/wp-json\/wp\/v2\/media?parent=3947"}],"wp:term":[{"taxonomy":"product_brand","embeddable":true,"href":"https:\/\/trevotech.com\/fr\/wp-json\/wp\/v2\/product_brand?post=3947"},{"taxonomy":"product_cat","embeddable":true,"href":"https:\/\/trevotech.com\/fr\/wp-json\/wp\/v2\/product_cat?post=3947"},{"taxonomy":"product_tag","embeddable":true,"href":"https:\/\/trevotech.com\/fr\/wp-json\/wp\/v2\/product_tag?post=3947"}],"curies":[{"name":"wp","href":"https:\/\/api.w.org\/{rel}","templated":true}]}}