{"id":3950,"date":"2024-12-18T11:04:47","date_gmt":"2024-12-18T11:04:47","guid":{"rendered":"https:\/\/trevotech.com\/produto\/tires-for-vehicles\/"},"modified":"2025-08-05T10:44:36","modified_gmt":"2025-08-05T10:44:36","slug":"pneus-pour-vehicules-legers","status":"publish","type":"product","link":"https:\/\/trevotech.com\/fr\/produto\/pneus-pour-vehicules-legers\/","title":{"rendered":"Pneus pour v\u00e9hicules l\u00e9gers (voitures et 4&#215;4)"},"content":{"rendered":"<p><span style=\"font-weight: 400;\">Les Pneus pour v\u00e9hicules l\u00e9gers <a href=\"https:\/\/trevotech.com\/fr\/marques\/giti\/\">Giti<\/a> sont con\u00e7us pour offrir une durabilit\u00e9 et des performances incomparables. Avec une adh\u00e9rence sup\u00e9rieure, une maniabilit\u00e9 irr\u00e9prochable et une r\u00e9sistance maximale sur tous les types de terrains, ces pneus sont id\u00e9aux aussi bien pour les parcours exigeants que pour les autoroutes.<\/span><span style=\"font-weight: 400;\"><br \/>\n<\/span><span style=\"font-weight: 400;\">Les pneus Giti offrent un \u00e9quilibre parfait entre robustesse et confort, s\u2019imposant comme le choix id\u00e9al en mati\u00e8re de qualit\u00e9 et d\u2019investissement.<\/span><\/p>\n<p><span style=\"font-weight: 400;\">Les Pneus pour v\u00e9hicules l\u00e9gers Giti sont con\u00e7us pour offrir une durabilit\u00e9 et des performances incomparables. Avec une adh\u00e9rence sup\u00e9rieure, une maniabilit\u00e9 irr\u00e9prochable et une r\u00e9sistance maximale sur tous les types de terrains, ces pneus sont id\u00e9aux aussi bien pour les parcours exigeants que pour les autoroutes.<\/span><span style=\"font-weight: 400;\"><br \/>\n<\/span><span style=\"font-weight: 400;\">Les pneus Giti offrent un \u00e9quilibre parfait entre robustesse et confort, s\u2019imposant comme le choix id\u00e9al en mati\u00e8re de qualit\u00e9 et d\u2019investissement.<\/span><\/p>\n<p><span style=\"font-weight: 400;\">Les pneus Giti sont con\u00e7us pour offrir une durabilit\u00e9 et des performances incomparables. Avec une adh\u00e9rence sup\u00e9rieure, une maniabilit\u00e9 irr\u00e9prochable et une r\u00e9sistance maximale sur tous les types de terrains, ces pneus sont id\u00e9aux aussi bien pour les parcours exigeants que pour les autoroutes.<\/span><span style=\"font-weight: 400;\"><br \/>\n<\/span><span style=\"font-weight: 400;\">Les pneus Giti offrent un \u00e9quilibre parfait entre robustesse et confort, s\u2019imposant comme le choix id\u00e9al en mati\u00e8re de qualit\u00e9 et d\u2019investissement.<\/span><\/p>\n","protected":false},"excerpt":{"rendered":"<p><span style=\"font-weight: 400;\">Les pneus Giti sont con\u00e7us pour offrir une durabilit\u00e9 et des performances incomparables. Avec une adh\u00e9rence sup\u00e9rieure, une maniabilit\u00e9 irr\u00e9prochable et une r\u00e9sistance maximale sur tous les types de terrains, ces pneus sont id\u00e9aux aussi bien pour les parcours exigeants que pour les autoroutes.<\/span><span style=\"font-weight: 400;\"><br \/>\n<\/span><span style=\"font-weight: 400;\">Les pneus Giti offrent un \u00e9quilibre parfait entre robustesse et confort, s\u2019imposant comme le choix id\u00e9al en mati\u00e8re de qualit\u00e9 et d\u2019investissement.<\/span><\/p>\n","protected":false},"featured_media":3951,"comment_status":"open","ping_status":"closed","template":"","meta":{"_acf_changed":false},"product_brand":[],"product_cat":[458],"product_tag":[],"class_list":{"0":"post-3950","1":"product","2":"type-product","3":"status-publish","4":"has-post-thumbnail","6":"product_cat-sem-categoria-fr","7":"setores-automobile","8":"tipo_produto-pneus-pour-voitures-legeres","10":"first","11":"instock","12":"shipping-taxable","13":"product-type-simple"},"acf":[],"yoast_head":"<!-- This site is optimized with the Yoast SEO plugin v25.2 - https:\/\/yoast.com\/wordpress\/plugins\/seo\/ -->\n<title>Pneus pour v\u00e9hicules l\u00e9gers (voitures et 4x4) Giti - Trevotech Group<\/title>\n<meta name=\"description\" content=\"Les Pneus pour v\u00e9hicules l\u00e9gers Giti sont con\u00e7us pour offrir une durabilit\u00e9 et des performances incomparables. Avec une adh\u00e9rence...\" \/>\n<meta name=\"robots\" content=\"index, follow, max-snippet:-1, max-image-preview:large, max-video-preview:-1\" \/>\n<link rel=\"canonical\" href=\"https:\/\/trevotech.com\/fr\/produto\/pneus-pour-vehicules-legers\/\" \/>\n<meta property=\"og:locale\" content=\"fr_FR\" \/>\n<meta property=\"og:type\" content=\"article\" \/>\n<meta property=\"og:title\" content=\"Pneus pour v\u00e9hicules l\u00e9gers (voitures et 4x4) Giti - Trevotech Group\" \/>\n<meta property=\"og:description\" content=\"Les Pneus pour v\u00e9hicules l\u00e9gers Giti sont con\u00e7us pour offrir une durabilit\u00e9 et des performances incomparables. Avec une adh\u00e9rence...\" \/>\n<meta property=\"og:url\" content=\"https:\/\/trevotech.com\/fr\/produto\/pneus-pour-vehicules-legers\/\" \/>\n<meta property=\"og:site_name\" content=\"Trevotech Group\" \/>\n<meta property=\"article:modified_time\" content=\"2025-08-05T10:44:36+00:00\" \/>\n<meta property=\"og:image\" content=\"https:\/\/trevotech.com\/wp-content\/uploads\/2024\/12\/Giti-02.webp\" \/>\n\t<meta property=\"og:image:width\" content=\"1000\" \/>\n\t<meta property=\"og:image:height\" content=\"1000\" \/>\n\t<meta property=\"og:image:type\" content=\"image\/webp\" \/>\n<meta name=\"twitter:card\" content=\"summary_large_image\" \/>\n<meta name=\"twitter:label1\" content=\"Dur\u00e9e de lecture estim\u00e9e\" \/>\n\t<meta name=\"twitter:data1\" content=\"2 minutes\" \/>\n<script type=\"application\/ld+json\" class=\"yoast-schema-graph\">{\"@context\":\"https:\/\/schema.org\",\"@graph\":[{\"@type\":\"WebPage\",\"@id\":\"https:\/\/trevotech.com\/fr\/produto\/pneus-pour-vehicules-legers\/\",\"url\":\"https:\/\/trevotech.com\/fr\/produto\/pneus-pour-vehicules-legers\/\",\"name\":\"Pneus pour v\u00e9hicules l\u00e9gers (voitures et 4x4) Giti - Trevotech Group\",\"isPartOf\":{\"@id\":\"https:\/\/trevotech.com\/fr\/#website\"},\"primaryImageOfPage\":{\"@id\":\"https:\/\/trevotech.com\/fr\/produto\/pneus-pour-vehicules-legers\/#primaryimage\"},\"image\":{\"@id\":\"https:\/\/trevotech.com\/fr\/produto\/pneus-pour-vehicules-legers\/#primaryimage\"},\"thumbnailUrl\":\"https:\/\/trevotech.com\/wp-content\/uploads\/2024\/12\/Giti-02.webp\",\"datePublished\":\"2024-12-18T11:04:47+00:00\",\"dateModified\":\"2025-08-05T10:44:36+00:00\",\"description\":\"Les Pneus pour v\u00e9hicules l\u00e9gers Giti sont con\u00e7us pour offrir une durabilit\u00e9 et des performances incomparables. Avec une adh\u00e9rence...\",\"breadcrumb\":{\"@id\":\"https:\/\/trevotech.com\/fr\/produto\/pneus-pour-vehicules-legers\/#breadcrumb\"},\"inLanguage\":\"fr-FR\",\"potentialAction\":[{\"@type\":\"ReadAction\",\"target\":[\"https:\/\/trevotech.com\/fr\/produto\/pneus-pour-vehicules-legers\/\"]}]},{\"@type\":\"ImageObject\",\"inLanguage\":\"fr-FR\",\"@id\":\"https:\/\/trevotech.com\/fr\/produto\/pneus-pour-vehicules-legers\/#primaryimage\",\"url\":\"https:\/\/trevotech.com\/wp-content\/uploads\/2024\/12\/Giti-02.webp\",\"contentUrl\":\"https:\/\/trevotech.com\/wp-content\/uploads\/2024\/12\/Giti-02.webp\",\"width\":1000,\"height\":1000,\"caption\":\"Tires for Vehicles\"},{\"@type\":\"BreadcrumbList\",\"@id\":\"https:\/\/trevotech.com\/fr\/produto\/pneus-pour-vehicules-legers\/#breadcrumb\",\"itemListElement\":[{\"@type\":\"ListItem\",\"position\":1,\"name\":\"In\u00edcio\",\"item\":\"https:\/\/trevotech.com\/fr\/\"},{\"@type\":\"ListItem\",\"position\":2,\"name\":\"Produits\",\"item\":\"https:\/\/trevotech.com\/fr\/shop\/\"},{\"@type\":\"ListItem\",\"position\":3,\"name\":\"Pneus pour v\u00e9hicules l\u00e9gers (voitures et 4&#215;4)\"}]},{\"@type\":\"WebSite\",\"@id\":\"https:\/\/trevotech.com\/fr\/#website\",\"url\":\"https:\/\/trevotech.com\/fr\/\",\"name\":\"Trevotech Group\",\"description\":\"\",\"potentialAction\":[{\"@type\":\"SearchAction\",\"target\":{\"@type\":\"EntryPoint\",\"urlTemplate\":\"https:\/\/trevotech.com\/fr\/?s={search_term_string}\"},\"query-input\":{\"@type\":\"PropertyValueSpecification\",\"valueRequired\":true,\"valueName\":\"search_term_string\"}}],\"inLanguage\":\"fr-FR\"}]}<\/script>\n<!-- \/ Yoast SEO plugin. -->","yoast_head_json":{"title":"Pneus pour v\u00e9hicules l\u00e9gers (voitures et 4x4) Giti - Trevotech Group","description":"Les Pneus pour v\u00e9hicules l\u00e9gers Giti sont con\u00e7us pour offrir une durabilit\u00e9 et des performances incomparables. Avec une adh\u00e9rence...","robots":{"index":"index","follow":"follow","max-snippet":"max-snippet:-1","max-image-preview":"max-image-preview:large","max-video-preview":"max-video-preview:-1"},"canonical":"https:\/\/trevotech.com\/fr\/produto\/pneus-pour-vehicules-legers\/","og_locale":"fr_FR","og_type":"article","og_title":"Pneus pour v\u00e9hicules l\u00e9gers (voitures et 4x4) Giti - Trevotech Group","og_description":"Les Pneus pour v\u00e9hicules l\u00e9gers Giti sont con\u00e7us pour offrir une durabilit\u00e9 et des performances incomparables. Avec une adh\u00e9rence...","og_url":"https:\/\/trevotech.com\/fr\/produto\/pneus-pour-vehicules-legers\/","og_site_name":"Trevotech Group","article_modified_time":"2025-08-05T10:44:36+00:00","og_image":[{"width":1000,"height":1000,"url":"https:\/\/trevotech.com\/wp-content\/uploads\/2024\/12\/Giti-02.webp","type":"image\/webp"}],"twitter_card":"summary_large_image","twitter_misc":{"Dur\u00e9e de lecture estim\u00e9e":"2 minutes"},"schema":{"@context":"https:\/\/schema.org","@graph":[{"@type":"WebPage","@id":"https:\/\/trevotech.com\/fr\/produto\/pneus-pour-vehicules-legers\/","url":"https:\/\/trevotech.com\/fr\/produto\/pneus-pour-vehicules-legers\/","name":"Pneus pour v\u00e9hicules l\u00e9gers (voitures et 4x4) Giti - Trevotech Group","isPartOf":{"@id":"https:\/\/trevotech.com\/fr\/#website"},"primaryImageOfPage":{"@id":"https:\/\/trevotech.com\/fr\/produto\/pneus-pour-vehicules-legers\/#primaryimage"},"image":{"@id":"https:\/\/trevotech.com\/fr\/produto\/pneus-pour-vehicules-legers\/#primaryimage"},"thumbnailUrl":"https:\/\/trevotech.com\/wp-content\/uploads\/2024\/12\/Giti-02.webp","datePublished":"2024-12-18T11:04:47+00:00","dateModified":"2025-08-05T10:44:36+00:00","description":"Les Pneus pour v\u00e9hicules l\u00e9gers Giti sont con\u00e7us pour offrir une durabilit\u00e9 et des performances incomparables. Avec une adh\u00e9rence...","breadcrumb":{"@id":"https:\/\/trevotech.com\/fr\/produto\/pneus-pour-vehicules-legers\/#breadcrumb"},"inLanguage":"fr-FR","potentialAction":[{"@type":"ReadAction","target":["https:\/\/trevotech.com\/fr\/produto\/pneus-pour-vehicules-legers\/"]}]},{"@type":"ImageObject","inLanguage":"fr-FR","@id":"https:\/\/trevotech.com\/fr\/produto\/pneus-pour-vehicules-legers\/#primaryimage","url":"https:\/\/trevotech.com\/wp-content\/uploads\/2024\/12\/Giti-02.webp","contentUrl":"https:\/\/trevotech.com\/wp-content\/uploads\/2024\/12\/Giti-02.webp","width":1000,"height":1000,"caption":"Tires for Vehicles"},{"@type":"BreadcrumbList","@id":"https:\/\/trevotech.com\/fr\/produto\/pneus-pour-vehicules-legers\/#breadcrumb","itemListElement":[{"@type":"ListItem","position":1,"name":"In\u00edcio","item":"https:\/\/trevotech.com\/fr\/"},{"@type":"ListItem","position":2,"name":"Produits","item":"https:\/\/trevotech.com\/fr\/shop\/"},{"@type":"ListItem","position":3,"name":"Pneus pour v\u00e9hicules l\u00e9gers (voitures et 4&#215;4)"}]},{"@type":"WebSite","@id":"https:\/\/trevotech.com\/fr\/#website","url":"https:\/\/trevotech.com\/fr\/","name":"Trevotech Group","description":"","potentialAction":[{"@type":"SearchAction","target":{"@type":"EntryPoint","urlTemplate":"https:\/\/trevotech.com\/fr\/?s={search_term_string}"},"query-input":{"@type":"PropertyValueSpecification","valueRequired":true,"valueName":"search_term_string"}}],"inLanguage":"fr-FR"}]}},"_links":{"self":[{"href":"https:\/\/trevotech.com\/fr\/wp-json\/wp\/v2\/product\/3950","targetHints":{"allow":["GET"]}}],"collection":[{"href":"https:\/\/trevotech.com\/fr\/wp-json\/wp\/v2\/product"}],"about":[{"href":"https:\/\/trevotech.com\/fr\/wp-json\/wp\/v2\/types\/product"}],"replies":[{"embeddable":true,"href":"https:\/\/trevotech.com\/fr\/wp-json\/wp\/v2\/comments?post=3950"}],"wp:featuredmedia":[{"embeddable":true,"href":"https:\/\/trevotech.com\/fr\/wp-json\/wp\/v2\/media\/3951"}],"wp:attachment":[{"href":"https:\/\/trevotech.com\/fr\/wp-json\/wp\/v2\/media?parent=3950"}],"wp:term":[{"taxonomy":"product_brand","embeddable":true,"href":"https:\/\/trevotech.com\/fr\/wp-json\/wp\/v2\/product_brand?post=3950"},{"taxonomy":"product_cat","embeddable":true,"href":"https:\/\/trevotech.com\/fr\/wp-json\/wp\/v2\/product_cat?post=3950"},{"taxonomy":"product_tag","embeddable":true,"href":"https:\/\/trevotech.com\/fr\/wp-json\/wp\/v2\/product_tag?post=3950"}],"curies":[{"name":"wp","href":"https:\/\/api.w.org\/{rel}","templated":true}]}}