{"id":3953,"date":"2024-11-06T15:46:48","date_gmt":"2024-11-06T15:46:48","guid":{"rendered":"https:\/\/trevotech.com\/produto\/beet-technology\/"},"modified":"2025-08-05T10:53:03","modified_gmt":"2025-08-05T10:53:03","slug":"equipements-de-culture-de-betteraves","status":"publish","type":"product","link":"https:\/\/trevotech.com\/fr\/produto\/equipements-de-culture-de-betteraves\/","title":{"rendered":"\u00c9quipements de Culture de Betteraves"},"content":{"rendered":"<p><span style=\"font-weight: 400;\">La culture de betteraves <a href=\"https:\/\/trevotech.com\/fr\/marques\/grimme-fr\/\">GRIMME<\/a> fournit des solutions hautes performances pour la culture de la betterave sucri\u00e8re, combinant pr\u00e9cision, productivit\u00e9 et respect du produit. Pour le semis, la <\/span><i><span style=\"font-weight: 400;\">Matrix 1200<\/span><\/i><span style=\"font-weight: 400;\"> permet un placement pr\u00e9cis des graines et une lev\u00e9e homog\u00e8ne, avec des largeurs de travail jusqu\u2019\u00e0 12 m\u00e8tres et une compatibilit\u00e9 ISOBUS pour une gestion intelligente. C\u00f4t\u00e9 r\u00e9colte, GRIMME propose des mod\u00e8les train\u00e9s comme la <\/span><i><span style=\"font-weight: 400;\">ROOTSTER 604<\/span><\/i><span style=\"font-weight: 400;\">, dot\u00e9e d\u2019un syst\u00e8me efficace d\u2019arrachage avec d\u00e9fanage int\u00e9gr\u00e9, id\u00e9ale pour les exploitations de taille moyenne. Pour les grandes cultures, les mod\u00e8les automoteurs <\/span><i><span style=\"font-weight: 400;\">MAXTRON 620<\/span><\/i><span style=\"font-weight: 400;\"> et <\/span><i><span style=\"font-weight: 400;\">REXOR 6300 Platinum<\/span><\/i><span style=\"font-weight: 400;\"> sont \u00e9quip\u00e9s de dispositifs \u00e0 6 ou 8 rangs, de moteurs puissants, de transmissions enti\u00e8rement hydrauliques et de tr\u00e9mies allant jusqu\u2019\u00e0 45 m\u00b3. Ces machines assurent un rendement \u00e9lev\u00e9 avec une faible compaction du sol, un contr\u00f4le pr\u00e9cis de la profondeur et un excellent nettoyage gr\u00e2ce aux turbines et syst\u00e8mes r\u00e9glables. Les solutions GRIMME pour la betterave sont con\u00e7ues pour offrir fiabilit\u00e9, efficacit\u00e9 et protection optimale des cultures.<\/span><\/p>\n<p><span style=\"font-weight: 400;\">La culture de betteraves GRIMME fournit des solutions hautes performances pour la culture de la betterave sucri\u00e8re, combinant pr\u00e9cision, productivit\u00e9 et respect du produit. Pour le semis, la <\/span><i><span style=\"font-weight: 400;\">Matrix 1200<\/span><\/i><span style=\"font-weight: 400;\"> permet un placement pr\u00e9cis des graines et une lev\u00e9e homog\u00e8ne, avec des largeurs de travail jusqu\u2019\u00e0 12 m\u00e8tres et une compatibilit\u00e9 ISOBUS pour une gestion intelligente. C\u00f4t\u00e9 r\u00e9colte, GRIMME propose des mod\u00e8les train\u00e9s comme la <\/span><i><span style=\"font-weight: 400;\">ROOTSTER 604<\/span><\/i><span style=\"font-weight: 400;\">, dot\u00e9e d\u2019un syst\u00e8me efficace d\u2019arrachage avec d\u00e9fanage int\u00e9gr\u00e9, id\u00e9ale pour les exploitations de taille moyenne. Pour les grandes cultures, les mod\u00e8les automoteurs <\/span><i><span style=\"font-weight: 400;\">MAXTRON 620<\/span><\/i><span style=\"font-weight: 400;\"> et <\/span><i><span style=\"font-weight: 400;\">REXOR 6300 Platinum<\/span><\/i><span style=\"font-weight: 400;\"> sont \u00e9quip\u00e9s de dispositifs \u00e0 6 ou 8 rangs, de moteurs puissants, de transmissions enti\u00e8rement hydrauliques et de tr\u00e9mies allant jusqu\u2019\u00e0 45 m\u00b3. Ces machines assurent un rendement \u00e9lev\u00e9 avec une faible compaction du sol, un contr\u00f4le pr\u00e9cis de la profondeur et un excellent nettoyage gr\u00e2ce aux turbines et syst\u00e8mes r\u00e9glables. Les solutions GRIMME pour la betterave sont con\u00e7ues pour offrir fiabilit\u00e9, efficacit\u00e9 et protection optimale des cultures.<\/span><\/p>\n","protected":false},"excerpt":{"rendered":"<p><span style=\"font-weight: 400;\">La technologie de la betterave GRIMME fournit des solutions hautes performances pour la culture de la betterave sucri\u00e8re, combinant pr\u00e9cision, productivit\u00e9 et respect du produit. Pour le semis, la <\/span><i><span style=\"font-weight: 400;\">Matrix 1200<\/span><\/i><span style=\"font-weight: 400;\"> permet un placement pr\u00e9cis des graines et une lev\u00e9e homog\u00e8ne, avec des largeurs de travail jusqu\u2019\u00e0 12 m\u00e8tres et une compatibilit\u00e9 ISOBUS pour une gestion intelligente. C\u00f4t\u00e9 r\u00e9colte, GRIMME propose des mod\u00e8les train\u00e9s comme la <\/span><i><span style=\"font-weight: 400;\">ROOTSTER 604<\/span><\/i><span style=\"font-weight: 400;\">, dot\u00e9e d\u2019un syst\u00e8me efficace d\u2019arrachage avec d\u00e9fanage int\u00e9gr\u00e9, id\u00e9ale pour les exploitations de taille moyenne. Pour les grandes cultures, les mod\u00e8les automoteurs <\/span><i><span style=\"font-weight: 400;\">MAXTRON 620<\/span><\/i><span style=\"font-weight: 400;\"> et <\/span><i><span style=\"font-weight: 400;\">REXOR 6300 Platinum<\/span><\/i><span style=\"font-weight: 400;\"> sont \u00e9quip\u00e9s de dispositifs \u00e0 6 ou 8 rangs, de moteurs puissants, de transmissions enti\u00e8rement hydrauliques et de tr\u00e9mies allant jusqu\u2019\u00e0 45 m\u00b3. Ces machines assurent un rendement \u00e9lev\u00e9 avec une faible compaction du sol, un contr\u00f4le pr\u00e9cis de la profondeur et un excellent nettoyage gr\u00e2ce aux turbines et syst\u00e8mes r\u00e9glables. Les solutions GRIMME pour la betterave sont con\u00e7ues pour offrir fiabilit\u00e9, efficacit\u00e9 et protection optimale des cultures.<\/span><\/p>\n","protected":false},"featured_media":3835,"comment_status":"open","ping_status":"closed","template":"","meta":{"_acf_changed":false},"product_brand":[],"product_cat":[458],"product_tag":[],"class_list":{"0":"post-3953","1":"product","2":"type-product","3":"status-publish","4":"has-post-thumbnail","6":"product_cat-sem-categoria-fr","7":"setores-agriculture","8":"marcas-grimme","9":"tipo_produto-equipements-de-culture-de-betteraves","11":"first","12":"instock","13":"shipping-taxable","14":"product-type-simple"},"acf":[],"yoast_head":"<!-- This site is optimized with the Yoast SEO plugin v25.2 - https:\/\/yoast.com\/wordpress\/plugins\/seo\/ -->\n<title>\u00c9quipements de Culture de Betteraves Grimme - Trevotech Group<\/title>\n<meta name=\"description\" content=\"La technologie de la betterave GRIMME fournit des solutions hautes performances pour la culture de la betterave sucri\u00e8re, combinant...\" \/>\n<meta name=\"robots\" content=\"index, follow, max-snippet:-1, max-image-preview:large, max-video-preview:-1\" \/>\n<link rel=\"canonical\" href=\"https:\/\/trevotech.com\/fr\/produto\/equipements-de-culture-de-betteraves\/\" \/>\n<meta property=\"og:locale\" content=\"fr_FR\" \/>\n<meta property=\"og:type\" content=\"article\" \/>\n<meta property=\"og:title\" content=\"\u00c9quipements de Culture de Betteraves Grimme - Trevotech Group\" \/>\n<meta property=\"og:description\" content=\"La technologie de la betterave GRIMME fournit des solutions hautes performances pour la culture de la betterave sucri\u00e8re, combinant...\" \/>\n<meta property=\"og:url\" content=\"https:\/\/trevotech.com\/fr\/produto\/equipements-de-culture-de-betteraves\/\" \/>\n<meta property=\"og:site_name\" content=\"Trevotech Group\" \/>\n<meta property=\"article:modified_time\" content=\"2025-08-05T10:53:03+00:00\" \/>\n<meta property=\"og:image\" content=\"https:\/\/trevotech.com\/wp-content\/uploads\/2024\/11\/Grimme-01.webp\" \/>\n\t<meta property=\"og:image:width\" content=\"1000\" \/>\n\t<meta property=\"og:image:height\" content=\"1000\" \/>\n\t<meta property=\"og:image:type\" content=\"image\/webp\" \/>\n<meta name=\"twitter:card\" content=\"summary_large_image\" \/>\n<meta name=\"twitter:label1\" content=\"Dur\u00e9e de lecture estim\u00e9e\" \/>\n\t<meta name=\"twitter:data1\" content=\"3 minutes\" \/>\n<script type=\"application\/ld+json\" class=\"yoast-schema-graph\">{\"@context\":\"https:\/\/schema.org\",\"@graph\":[{\"@type\":\"WebPage\",\"@id\":\"https:\/\/trevotech.com\/fr\/produto\/equipements-de-culture-de-betteraves\/\",\"url\":\"https:\/\/trevotech.com\/fr\/produto\/equipements-de-culture-de-betteraves\/\",\"name\":\"\u00c9quipements de Culture de Betteraves Grimme - Trevotech Group\",\"isPartOf\":{\"@id\":\"https:\/\/trevotech.com\/fr\/#website\"},\"primaryImageOfPage\":{\"@id\":\"https:\/\/trevotech.com\/fr\/produto\/equipements-de-culture-de-betteraves\/#primaryimage\"},\"image\":{\"@id\":\"https:\/\/trevotech.com\/fr\/produto\/equipements-de-culture-de-betteraves\/#primaryimage\"},\"thumbnailUrl\":\"https:\/\/trevotech.com\/wp-content\/uploads\/2024\/11\/Grimme-01.webp\",\"datePublished\":\"2024-11-06T15:46:48+00:00\",\"dateModified\":\"2025-08-05T10:53:03+00:00\",\"description\":\"La technologie de la betterave GRIMME fournit des solutions hautes performances pour la culture de la betterave sucri\u00e8re, combinant...\",\"breadcrumb\":{\"@id\":\"https:\/\/trevotech.com\/fr\/produto\/equipements-de-culture-de-betteraves\/#breadcrumb\"},\"inLanguage\":\"fr-FR\",\"potentialAction\":[{\"@type\":\"ReadAction\",\"target\":[\"https:\/\/trevotech.com\/fr\/produto\/equipements-de-culture-de-betteraves\/\"]}]},{\"@type\":\"ImageObject\",\"inLanguage\":\"fr-FR\",\"@id\":\"https:\/\/trevotech.com\/fr\/produto\/equipements-de-culture-de-betteraves\/#primaryimage\",\"url\":\"https:\/\/trevotech.com\/wp-content\/uploads\/2024\/11\/Grimme-01.webp\",\"contentUrl\":\"https:\/\/trevotech.com\/wp-content\/uploads\/2024\/11\/Grimme-01.webp\",\"width\":1000,\"height\":1000,\"caption\":\"Equipamentos de Cultivo de Beterrabas\"},{\"@type\":\"BreadcrumbList\",\"@id\":\"https:\/\/trevotech.com\/fr\/produto\/equipements-de-culture-de-betteraves\/#breadcrumb\",\"itemListElement\":[{\"@type\":\"ListItem\",\"position\":1,\"name\":\"In\u00edcio\",\"item\":\"https:\/\/trevotech.com\/fr\/\"},{\"@type\":\"ListItem\",\"position\":2,\"name\":\"Produits\",\"item\":\"https:\/\/trevotech.com\/fr\/shop\/\"},{\"@type\":\"ListItem\",\"position\":3,\"name\":\"\u00c9quipements de Culture de Betteraves\"}]},{\"@type\":\"WebSite\",\"@id\":\"https:\/\/trevotech.com\/fr\/#website\",\"url\":\"https:\/\/trevotech.com\/fr\/\",\"name\":\"Trevotech Group\",\"description\":\"\",\"potentialAction\":[{\"@type\":\"SearchAction\",\"target\":{\"@type\":\"EntryPoint\",\"urlTemplate\":\"https:\/\/trevotech.com\/fr\/?s={search_term_string}\"},\"query-input\":{\"@type\":\"PropertyValueSpecification\",\"valueRequired\":true,\"valueName\":\"search_term_string\"}}],\"inLanguage\":\"fr-FR\"}]}<\/script>\n<!-- \/ Yoast SEO plugin. -->","yoast_head_json":{"title":"\u00c9quipements de Culture de Betteraves Grimme - Trevotech Group","description":"La technologie de la betterave GRIMME fournit des solutions hautes performances pour la culture de la betterave sucri\u00e8re, combinant...","robots":{"index":"index","follow":"follow","max-snippet":"max-snippet:-1","max-image-preview":"max-image-preview:large","max-video-preview":"max-video-preview:-1"},"canonical":"https:\/\/trevotech.com\/fr\/produto\/equipements-de-culture-de-betteraves\/","og_locale":"fr_FR","og_type":"article","og_title":"\u00c9quipements de Culture de Betteraves Grimme - Trevotech Group","og_description":"La technologie de la betterave GRIMME fournit des solutions hautes performances pour la culture de la betterave sucri\u00e8re, combinant...","og_url":"https:\/\/trevotech.com\/fr\/produto\/equipements-de-culture-de-betteraves\/","og_site_name":"Trevotech Group","article_modified_time":"2025-08-05T10:53:03+00:00","og_image":[{"width":1000,"height":1000,"url":"https:\/\/trevotech.com\/wp-content\/uploads\/2024\/11\/Grimme-01.webp","type":"image\/webp"}],"twitter_card":"summary_large_image","twitter_misc":{"Dur\u00e9e de lecture estim\u00e9e":"3 minutes"},"schema":{"@context":"https:\/\/schema.org","@graph":[{"@type":"WebPage","@id":"https:\/\/trevotech.com\/fr\/produto\/equipements-de-culture-de-betteraves\/","url":"https:\/\/trevotech.com\/fr\/produto\/equipements-de-culture-de-betteraves\/","name":"\u00c9quipements de Culture de Betteraves Grimme - Trevotech Group","isPartOf":{"@id":"https:\/\/trevotech.com\/fr\/#website"},"primaryImageOfPage":{"@id":"https:\/\/trevotech.com\/fr\/produto\/equipements-de-culture-de-betteraves\/#primaryimage"},"image":{"@id":"https:\/\/trevotech.com\/fr\/produto\/equipements-de-culture-de-betteraves\/#primaryimage"},"thumbnailUrl":"https:\/\/trevotech.com\/wp-content\/uploads\/2024\/11\/Grimme-01.webp","datePublished":"2024-11-06T15:46:48+00:00","dateModified":"2025-08-05T10:53:03+00:00","description":"La technologie de la betterave GRIMME fournit des solutions hautes performances pour la culture de la betterave sucri\u00e8re, combinant...","breadcrumb":{"@id":"https:\/\/trevotech.com\/fr\/produto\/equipements-de-culture-de-betteraves\/#breadcrumb"},"inLanguage":"fr-FR","potentialAction":[{"@type":"ReadAction","target":["https:\/\/trevotech.com\/fr\/produto\/equipements-de-culture-de-betteraves\/"]}]},{"@type":"ImageObject","inLanguage":"fr-FR","@id":"https:\/\/trevotech.com\/fr\/produto\/equipements-de-culture-de-betteraves\/#primaryimage","url":"https:\/\/trevotech.com\/wp-content\/uploads\/2024\/11\/Grimme-01.webp","contentUrl":"https:\/\/trevotech.com\/wp-content\/uploads\/2024\/11\/Grimme-01.webp","width":1000,"height":1000,"caption":"Equipamentos de Cultivo de Beterrabas"},{"@type":"BreadcrumbList","@id":"https:\/\/trevotech.com\/fr\/produto\/equipements-de-culture-de-betteraves\/#breadcrumb","itemListElement":[{"@type":"ListItem","position":1,"name":"In\u00edcio","item":"https:\/\/trevotech.com\/fr\/"},{"@type":"ListItem","position":2,"name":"Produits","item":"https:\/\/trevotech.com\/fr\/shop\/"},{"@type":"ListItem","position":3,"name":"\u00c9quipements de Culture de Betteraves"}]},{"@type":"WebSite","@id":"https:\/\/trevotech.com\/fr\/#website","url":"https:\/\/trevotech.com\/fr\/","name":"Trevotech Group","description":"","potentialAction":[{"@type":"SearchAction","target":{"@type":"EntryPoint","urlTemplate":"https:\/\/trevotech.com\/fr\/?s={search_term_string}"},"query-input":{"@type":"PropertyValueSpecification","valueRequired":true,"valueName":"search_term_string"}}],"inLanguage":"fr-FR"}]}},"_links":{"self":[{"href":"https:\/\/trevotech.com\/fr\/wp-json\/wp\/v2\/product\/3953","targetHints":{"allow":["GET"]}}],"collection":[{"href":"https:\/\/trevotech.com\/fr\/wp-json\/wp\/v2\/product"}],"about":[{"href":"https:\/\/trevotech.com\/fr\/wp-json\/wp\/v2\/types\/product"}],"replies":[{"embeddable":true,"href":"https:\/\/trevotech.com\/fr\/wp-json\/wp\/v2\/comments?post=3953"}],"wp:featuredmedia":[{"embeddable":true,"href":"https:\/\/trevotech.com\/fr\/wp-json\/wp\/v2\/media\/3835"}],"wp:attachment":[{"href":"https:\/\/trevotech.com\/fr\/wp-json\/wp\/v2\/media?parent=3953"}],"wp:term":[{"taxonomy":"product_brand","embeddable":true,"href":"https:\/\/trevotech.com\/fr\/wp-json\/wp\/v2\/product_brand?post=3953"},{"taxonomy":"product_cat","embeddable":true,"href":"https:\/\/trevotech.com\/fr\/wp-json\/wp\/v2\/product_cat?post=3953"},{"taxonomy":"product_tag","embeddable":true,"href":"https:\/\/trevotech.com\/fr\/wp-json\/wp\/v2\/product_tag?post=3953"}],"curies":[{"name":"wp","href":"https:\/\/api.w.org\/{rel}","templated":true}]}}