{"id":3955,"date":"2024-11-06T15:45:08","date_gmt":"2024-11-06T15:45:08","guid":{"rendered":"https:\/\/trevotech.com\/produto\/vegetable-technology\/"},"modified":"2025-08-05T10:54:12","modified_gmt":"2025-08-05T10:54:12","slug":"equipements-de-culture-de-legumes","status":"publish","type":"product","link":"https:\/\/trevotech.com\/fr\/produto\/equipements-de-culture-de-legumes\/","title":{"rendered":"\u00c9quipements de Culture de L\u00e9gumes"},"content":{"rendered":"<p><span style=\"font-weight: 400;\">La gamme de Culture de L\u00e9gumes de GRIMME propose des machines sp\u00e9cialis\u00e9es pour la r\u00e9colte douce et efficace de carottes, oignons, choux, poireaux, haricots verts, c\u00e9leri et patates douces. Gr\u00e2ce \u00e0 sa filiale <\/span><i><span style=\"font-weight: 400;\">ASA-Lift<\/span><\/i><span style=\"font-weight: 400;\">, GRIMME offre des solutions adapt\u00e9es aux besoins sp\u00e9cifiques de chaque culture. Pour la r\u00e9colte des carottes, les mod\u00e8les <\/span><i><span style=\"font-weight: 400;\">ASA-Lift CM-1000<\/span><\/i><span style=\"font-weight: 400;\"> et la s\u00e9rie <\/span><i><span style=\"font-weight: 400;\">T-300<\/span><\/i><span style=\"font-weight: 400;\"> sont \u00e9quip\u00e9s de r\u00e9glages hydrauliques de profondeur, de rouleaux en caoutchouc \u00e0 l\u2019entr\u00e9e et de syst\u00e8mes de guidage automatique sur le rang. Pour les oignons, les arracheuses <\/span><i><span style=\"font-weight: 400;\">ASA-Lift ON-800<\/span><\/i><span style=\"font-weight: 400;\"> permettent l\u2019enroulement et l\u2019arrachage doux avec turbines ajustables. La r\u00e9colteuse de choux CSH-600 assure une coupe nette avec transfert sur convoyeur vers des caisses ou remorques. Pour le poireau et le c\u00e9leri, des \u00e9l\u00e9vateurs et unit\u00e9s de coupe flexibles sont disponibles. Quant \u00e0 la patate douce, les machines sont con\u00e7ues avec des tapis larges et des roues \u00e0 faible pression pour un arrachage en douceur, sans endommager les tubercules. Toutes les solutions GRIMME pour l\u00e9gumes mettent l\u2019accent sur la pr\u00e9cision, la simplicit\u00e9 d\u2019utilisation et la personnalisation, r\u00e9pondant ainsi aux attentes des producteurs de l\u00e9gumes \u00e0 grande \u00e9chelle.<\/span><\/p>\n<p><span style=\"font-weight: 400;\">La gamme de Culture de L\u00e9gumes de GRIMME propose des machines sp\u00e9cialis\u00e9es pour la r\u00e9colte douce et efficace de carottes, oignons, choux, poireaux, haricots verts, c\u00e9leri et patates douces. Gr\u00e2ce \u00e0 sa filiale <\/span><i><span style=\"font-weight: 400;\">ASA-Lift<\/span><\/i><span style=\"font-weight: 400;\">, GRIMME offre des solutions adapt\u00e9es aux besoins sp\u00e9cifiques de chaque culture. Pour la r\u00e9colte des carottes, les mod\u00e8les <\/span><i><span style=\"font-weight: 400;\">ASA-Lift CM-1000<\/span><\/i><span style=\"font-weight: 400;\"> et la s\u00e9rie <\/span><i><span style=\"font-weight: 400;\">T-300<\/span><\/i><span style=\"font-weight: 400;\"> sont \u00e9quip\u00e9s de r\u00e9glages hydrauliques de profondeur, de rouleaux en caoutchouc \u00e0 l\u2019entr\u00e9e et de syst\u00e8mes de guidage automatique sur le rang. Pour les oignons, les arracheuses <\/span><i><span style=\"font-weight: 400;\">ASA-Lift ON-800<\/span><\/i><span style=\"font-weight: 400;\"> permettent l\u2019enroulement et l\u2019arrachage doux avec turbines ajustables. La r\u00e9colteuse de choux CSH-600 assure une coupe nette avec transfert sur convoyeur vers des caisses ou remorques. Pour le poireau et le c\u00e9leri, des \u00e9l\u00e9vateurs et unit\u00e9s de coupe flexibles sont disponibles. Quant \u00e0 la patate douce, les machines sont con\u00e7ues avec des tapis larges et des roues \u00e0 faible pression pour un arrachage en douceur, sans endommager les tubercules. Toutes les solutions GRIMME pour l\u00e9gumes mettent l\u2019accent sur la pr\u00e9cision, la simplicit\u00e9 d\u2019utilisation et la personnalisation, r\u00e9pondant ainsi aux attentes des producteurs de l\u00e9gumes \u00e0 grande \u00e9chelle.<\/span><\/p>\n","protected":false},"excerpt":{"rendered":"<p><span style=\"font-weight: 400;\">La gamme de technologies pour l\u00e9gumes de GRIMME propose des machines sp\u00e9cialis\u00e9es pour la r\u00e9colte douce et efficace de carottes, oignons, choux, poireaux, haricots verts, c\u00e9leri et patates douces. Gr\u00e2ce \u00e0 sa filiale <\/span><i><span style=\"font-weight: 400;\">ASA-Lift<\/span><\/i><span style=\"font-weight: 400;\">, GRIMME offre des solutions adapt\u00e9es aux besoins sp\u00e9cifiques de chaque culture. Pour la r\u00e9colte des carottes, les mod\u00e8les <\/span><i><span style=\"font-weight: 400;\">ASA-Lift CM-1000<\/span><\/i><span style=\"font-weight: 400;\"> et la s\u00e9rie <\/span><i><span style=\"font-weight: 400;\">T-300<\/span><\/i><span style=\"font-weight: 400;\"> sont \u00e9quip\u00e9s de r\u00e9glages hydrauliques de profondeur, de rouleaux en caoutchouc \u00e0 l\u2019entr\u00e9e et de syst\u00e8mes de guidage automatique sur le rang. Pour les oignons, les arracheuses <\/span><i><span style=\"font-weight: 400;\">ASA-Lift ON-800<\/span><\/i><span style=\"font-weight: 400;\"> permettent l\u2019enroulement et l\u2019arrachage doux avec turbines ajustables. La r\u00e9colteuse de choux CSH-600 assure une coupe nette avec transfert sur convoyeur vers des caisses ou remorques. Pour le poireau et le c\u00e9leri, des \u00e9l\u00e9vateurs et unit\u00e9s de coupe flexibles sont disponibles. Quant \u00e0 la patate douce, les machines sont con\u00e7ues avec des tapis larges et des roues \u00e0 faible pression pour un arrachage en douceur, sans endommager les tubercules. Toutes les solutions GRIMME pour l\u00e9gumes mettent l\u2019accent sur la pr\u00e9cision, la simplicit\u00e9 d\u2019utilisation et la personnalisation, r\u00e9pondant ainsi aux attentes des producteurs de l\u00e9gumes \u00e0 grande \u00e9chelle.<\/span><\/p>\n","protected":false},"featured_media":3838,"comment_status":"open","ping_status":"closed","template":"","meta":{"_acf_changed":false},"product_brand":[],"product_cat":[458],"product_tag":[],"class_list":{"0":"post-3955","1":"product","2":"type-product","3":"status-publish","4":"has-post-thumbnail","6":"product_cat-sem-categoria-fr","7":"setores-agriculture","8":"marcas-grimme","9":"tipo_produto-equipements-de-culture-de-legumes","11":"first","12":"instock","13":"shipping-taxable","14":"product-type-simple"},"acf":[],"yoast_head":"<!-- This site is optimized with the Yoast SEO plugin v25.2 - https:\/\/yoast.com\/wordpress\/plugins\/seo\/ -->\n<title>\u00c9quipements de Culture de L\u00e9gumes Grimme - Trevotech Group<\/title>\n<meta name=\"description\" content=\"La gamme de Culture de L\u00e9gumes de GRIMME propose des machines sp\u00e9cialis\u00e9es pour la r\u00e9colte douce et efficace de carottes,...,\" \/>\n<meta name=\"robots\" content=\"index, follow, max-snippet:-1, max-image-preview:large, max-video-preview:-1\" \/>\n<link rel=\"canonical\" href=\"https:\/\/trevotech.com\/fr\/produto\/equipements-de-culture-de-legumes\/\" \/>\n<meta property=\"og:locale\" content=\"fr_FR\" \/>\n<meta property=\"og:type\" content=\"article\" \/>\n<meta property=\"og:title\" content=\"\u00c9quipements de Culture de L\u00e9gumes Grimme - Trevotech Group\" \/>\n<meta property=\"og:description\" content=\"La gamme de Culture de L\u00e9gumes de GRIMME propose des machines sp\u00e9cialis\u00e9es pour la r\u00e9colte douce et efficace de carottes,...,\" \/>\n<meta property=\"og:url\" content=\"https:\/\/trevotech.com\/fr\/produto\/equipements-de-culture-de-legumes\/\" \/>\n<meta property=\"og:site_name\" content=\"Trevotech Group\" \/>\n<meta property=\"article:modified_time\" content=\"2025-08-05T10:54:12+00:00\" \/>\n<meta property=\"og:image\" content=\"https:\/\/trevotech.com\/wp-content\/uploads\/2024\/11\/Grimme-02.webp\" \/>\n\t<meta property=\"og:image:width\" content=\"1000\" \/>\n\t<meta property=\"og:image:height\" content=\"1000\" \/>\n\t<meta property=\"og:image:type\" content=\"image\/webp\" \/>\n<meta name=\"twitter:card\" content=\"summary_large_image\" \/>\n<meta name=\"twitter:label1\" content=\"Dur\u00e9e de lecture estim\u00e9e\" \/>\n\t<meta name=\"twitter:data1\" content=\"3 minutes\" \/>\n<script type=\"application\/ld+json\" class=\"yoast-schema-graph\">{\"@context\":\"https:\/\/schema.org\",\"@graph\":[{\"@type\":\"WebPage\",\"@id\":\"https:\/\/trevotech.com\/fr\/produto\/equipements-de-culture-de-legumes\/\",\"url\":\"https:\/\/trevotech.com\/fr\/produto\/equipements-de-culture-de-legumes\/\",\"name\":\"\u00c9quipements de Culture de L\u00e9gumes Grimme - Trevotech Group\",\"isPartOf\":{\"@id\":\"https:\/\/trevotech.com\/fr\/#website\"},\"primaryImageOfPage\":{\"@id\":\"https:\/\/trevotech.com\/fr\/produto\/equipements-de-culture-de-legumes\/#primaryimage\"},\"image\":{\"@id\":\"https:\/\/trevotech.com\/fr\/produto\/equipements-de-culture-de-legumes\/#primaryimage\"},\"thumbnailUrl\":\"https:\/\/trevotech.com\/wp-content\/uploads\/2024\/11\/Grimme-02.webp\",\"datePublished\":\"2024-11-06T15:45:08+00:00\",\"dateModified\":\"2025-08-05T10:54:12+00:00\",\"description\":\"La gamme de Culture de L\u00e9gumes de GRIMME propose des machines sp\u00e9cialis\u00e9es pour la r\u00e9colte douce et efficace de carottes,...,\",\"breadcrumb\":{\"@id\":\"https:\/\/trevotech.com\/fr\/produto\/equipements-de-culture-de-legumes\/#breadcrumb\"},\"inLanguage\":\"fr-FR\",\"potentialAction\":[{\"@type\":\"ReadAction\",\"target\":[\"https:\/\/trevotech.com\/fr\/produto\/equipements-de-culture-de-legumes\/\"]}]},{\"@type\":\"ImageObject\",\"inLanguage\":\"fr-FR\",\"@id\":\"https:\/\/trevotech.com\/fr\/produto\/equipements-de-culture-de-legumes\/#primaryimage\",\"url\":\"https:\/\/trevotech.com\/wp-content\/uploads\/2024\/11\/Grimme-02.webp\",\"contentUrl\":\"https:\/\/trevotech.com\/wp-content\/uploads\/2024\/11\/Grimme-02.webp\",\"width\":1000,\"height\":1000,\"caption\":\"Equipamentos de Cultivo de Hort\u00edcolas\"},{\"@type\":\"BreadcrumbList\",\"@id\":\"https:\/\/trevotech.com\/fr\/produto\/equipements-de-culture-de-legumes\/#breadcrumb\",\"itemListElement\":[{\"@type\":\"ListItem\",\"position\":1,\"name\":\"In\u00edcio\",\"item\":\"https:\/\/trevotech.com\/fr\/\"},{\"@type\":\"ListItem\",\"position\":2,\"name\":\"Produits\",\"item\":\"https:\/\/trevotech.com\/fr\/shop\/\"},{\"@type\":\"ListItem\",\"position\":3,\"name\":\"\u00c9quipements de Culture de L\u00e9gumes\"}]},{\"@type\":\"WebSite\",\"@id\":\"https:\/\/trevotech.com\/fr\/#website\",\"url\":\"https:\/\/trevotech.com\/fr\/\",\"name\":\"Trevotech Group\",\"description\":\"\",\"potentialAction\":[{\"@type\":\"SearchAction\",\"target\":{\"@type\":\"EntryPoint\",\"urlTemplate\":\"https:\/\/trevotech.com\/fr\/?s={search_term_string}\"},\"query-input\":{\"@type\":\"PropertyValueSpecification\",\"valueRequired\":true,\"valueName\":\"search_term_string\"}}],\"inLanguage\":\"fr-FR\"}]}<\/script>\n<!-- \/ Yoast SEO plugin. -->","yoast_head_json":{"title":"\u00c9quipements de Culture de L\u00e9gumes Grimme - Trevotech Group","description":"La gamme de Culture de L\u00e9gumes de GRIMME propose des machines sp\u00e9cialis\u00e9es pour la r\u00e9colte douce et efficace de carottes,...,","robots":{"index":"index","follow":"follow","max-snippet":"max-snippet:-1","max-image-preview":"max-image-preview:large","max-video-preview":"max-video-preview:-1"},"canonical":"https:\/\/trevotech.com\/fr\/produto\/equipements-de-culture-de-legumes\/","og_locale":"fr_FR","og_type":"article","og_title":"\u00c9quipements de Culture de L\u00e9gumes Grimme - Trevotech Group","og_description":"La gamme de Culture de L\u00e9gumes de GRIMME propose des machines sp\u00e9cialis\u00e9es pour la r\u00e9colte douce et efficace de carottes,...,","og_url":"https:\/\/trevotech.com\/fr\/produto\/equipements-de-culture-de-legumes\/","og_site_name":"Trevotech Group","article_modified_time":"2025-08-05T10:54:12+00:00","og_image":[{"width":1000,"height":1000,"url":"https:\/\/trevotech.com\/wp-content\/uploads\/2024\/11\/Grimme-02.webp","type":"image\/webp"}],"twitter_card":"summary_large_image","twitter_misc":{"Dur\u00e9e de lecture estim\u00e9e":"3 minutes"},"schema":{"@context":"https:\/\/schema.org","@graph":[{"@type":"WebPage","@id":"https:\/\/trevotech.com\/fr\/produto\/equipements-de-culture-de-legumes\/","url":"https:\/\/trevotech.com\/fr\/produto\/equipements-de-culture-de-legumes\/","name":"\u00c9quipements de Culture de L\u00e9gumes Grimme - Trevotech Group","isPartOf":{"@id":"https:\/\/trevotech.com\/fr\/#website"},"primaryImageOfPage":{"@id":"https:\/\/trevotech.com\/fr\/produto\/equipements-de-culture-de-legumes\/#primaryimage"},"image":{"@id":"https:\/\/trevotech.com\/fr\/produto\/equipements-de-culture-de-legumes\/#primaryimage"},"thumbnailUrl":"https:\/\/trevotech.com\/wp-content\/uploads\/2024\/11\/Grimme-02.webp","datePublished":"2024-11-06T15:45:08+00:00","dateModified":"2025-08-05T10:54:12+00:00","description":"La gamme de Culture de L\u00e9gumes de GRIMME propose des machines sp\u00e9cialis\u00e9es pour la r\u00e9colte douce et efficace de carottes,...,","breadcrumb":{"@id":"https:\/\/trevotech.com\/fr\/produto\/equipements-de-culture-de-legumes\/#breadcrumb"},"inLanguage":"fr-FR","potentialAction":[{"@type":"ReadAction","target":["https:\/\/trevotech.com\/fr\/produto\/equipements-de-culture-de-legumes\/"]}]},{"@type":"ImageObject","inLanguage":"fr-FR","@id":"https:\/\/trevotech.com\/fr\/produto\/equipements-de-culture-de-legumes\/#primaryimage","url":"https:\/\/trevotech.com\/wp-content\/uploads\/2024\/11\/Grimme-02.webp","contentUrl":"https:\/\/trevotech.com\/wp-content\/uploads\/2024\/11\/Grimme-02.webp","width":1000,"height":1000,"caption":"Equipamentos de Cultivo de Hort\u00edcolas"},{"@type":"BreadcrumbList","@id":"https:\/\/trevotech.com\/fr\/produto\/equipements-de-culture-de-legumes\/#breadcrumb","itemListElement":[{"@type":"ListItem","position":1,"name":"In\u00edcio","item":"https:\/\/trevotech.com\/fr\/"},{"@type":"ListItem","position":2,"name":"Produits","item":"https:\/\/trevotech.com\/fr\/shop\/"},{"@type":"ListItem","position":3,"name":"\u00c9quipements de Culture de L\u00e9gumes"}]},{"@type":"WebSite","@id":"https:\/\/trevotech.com\/fr\/#website","url":"https:\/\/trevotech.com\/fr\/","name":"Trevotech Group","description":"","potentialAction":[{"@type":"SearchAction","target":{"@type":"EntryPoint","urlTemplate":"https:\/\/trevotech.com\/fr\/?s={search_term_string}"},"query-input":{"@type":"PropertyValueSpecification","valueRequired":true,"valueName":"search_term_string"}}],"inLanguage":"fr-FR"}]}},"_links":{"self":[{"href":"https:\/\/trevotech.com\/fr\/wp-json\/wp\/v2\/product\/3955","targetHints":{"allow":["GET"]}}],"collection":[{"href":"https:\/\/trevotech.com\/fr\/wp-json\/wp\/v2\/product"}],"about":[{"href":"https:\/\/trevotech.com\/fr\/wp-json\/wp\/v2\/types\/product"}],"replies":[{"embeddable":true,"href":"https:\/\/trevotech.com\/fr\/wp-json\/wp\/v2\/comments?post=3955"}],"wp:featuredmedia":[{"embeddable":true,"href":"https:\/\/trevotech.com\/fr\/wp-json\/wp\/v2\/media\/3838"}],"wp:attachment":[{"href":"https:\/\/trevotech.com\/fr\/wp-json\/wp\/v2\/media?parent=3955"}],"wp:term":[{"taxonomy":"product_brand","embeddable":true,"href":"https:\/\/trevotech.com\/fr\/wp-json\/wp\/v2\/product_brand?post=3955"},{"taxonomy":"product_cat","embeddable":true,"href":"https:\/\/trevotech.com\/fr\/wp-json\/wp\/v2\/product_cat?post=3955"},{"taxonomy":"product_tag","embeddable":true,"href":"https:\/\/trevotech.com\/fr\/wp-json\/wp\/v2\/product_tag?post=3955"}],"curies":[{"name":"wp","href":"https:\/\/api.w.org\/{rel}","templated":true}]}}