{"id":3957,"date":"2024-11-06T15:35:36","date_gmt":"2024-11-06T15:35:36","guid":{"rendered":"https:\/\/trevotech.com\/produto\/digital-solutions-2\/"},"modified":"2025-08-05T10:55:09","modified_gmt":"2025-08-05T10:55:09","slug":"solutions-numeriques-2","status":"publish","type":"product","link":"https:\/\/trevotech.com\/fr\/produto\/solutions-numeriques-2\/","title":{"rendered":"Solutions Num\u00e9riques"},"content":{"rendered":"<p><span style=\"font-weight: 400;\">Les i-systems de GRIMME forment une suite de solutions num\u00e9riques puissantes, con\u00e7ues pour optimiser les performances des machines, simplifier les op\u00e9rations et favoriser une agriculture de pr\u00e9cision. Au c\u0153ur du syst\u00e8me se trouve la plateforme myGRIMME, qui permet d\u2019acc\u00e9der \u00e0 la documentation des machines, aux informations de service et \u00e0 des outils num\u00e9riques pour la configuration et la maintenance. Le syst\u00e8me vid\u00e9o GRIMME SmartView offre une visibilit\u00e9 optimale gr\u00e2ce \u00e0 plusieurs cam\u00e9ras et \u00e0 un \u00e9cran tactile intuitif, id\u00e9al pour surveiller en temps r\u00e9el les zones cl\u00e9s de la machine. Pour les applications de pr\u00e9cision, les fonctions Section Control, application \u00e0 dose variable (VRA) et ajustement automatique de la profondeur sont int\u00e9gr\u00e9es \u00e0 de nombreux mod\u00e8les GRIMME. L\u2019outil GRIMME DataExchange permet un transfert fluide des donn\u00e9es entre les machines, les logiciels de gestion de l\u2019exploitation et les terminaux via USB ou connexion sans fil. Compatibles ISOBUS et dot\u00e9s de syst\u00e8mes d\u2019assistance automatis\u00e9s, ces outils num\u00e9riques r\u00e9duisent la fatigue de l\u2019op\u00e9rateur, am\u00e9liorent la productivit\u00e9 et soutiennent une prise de d\u00e9cision \u00e9clair\u00e9e sur le terrain. Les technologies GRIMME refl\u00e8tent un engagement clair envers l\u2019innovation et l\u2019agriculture de demain.<\/span><\/p>\n<p><span style=\"font-weight: 400;\">Les i-systems de GRIMME forment une suite de solutions num\u00e9riques puissantes, con\u00e7ues pour optimiser les performances des machines, simplifier les op\u00e9rations et favoriser une agriculture de pr\u00e9cision. Au c\u0153ur du syst\u00e8me se trouve la plateforme myGRIMME, qui permet d\u2019acc\u00e9der \u00e0 la documentation des machines, aux informations de service et \u00e0 des outils num\u00e9riques pour la configuration et la maintenance. Le syst\u00e8me vid\u00e9o GRIMME SmartView offre une visibilit\u00e9 optimale gr\u00e2ce \u00e0 plusieurs cam\u00e9ras et \u00e0 un \u00e9cran tactile intuitif, id\u00e9al pour surveiller en temps r\u00e9el les zones cl\u00e9s de la machine. Pour les applications de pr\u00e9cision, les fonctions Section Control, application \u00e0 dose variable (VRA) et ajustement automatique de la profondeur sont int\u00e9gr\u00e9es \u00e0 de nombreux mod\u00e8les GRIMME. L\u2019outil GRIMME DataExchange permet un transfert fluide des donn\u00e9es entre les machines, les logiciels de gestion de l\u2019exploitation et les terminaux via USB ou connexion sans fil. Compatibles ISOBUS et dot\u00e9s de syst\u00e8mes d\u2019assistance automatis\u00e9s, ces outils num\u00e9riques r\u00e9duisent la fatigue de l\u2019op\u00e9rateur, am\u00e9liorent la productivit\u00e9 et soutiennent une prise de d\u00e9cision \u00e9clair\u00e9e sur le terrain. Les technologies GRIMME refl\u00e8tent un engagement clair envers l\u2019innovation et l\u2019agriculture de demain.<\/span><\/p>\n","protected":false},"excerpt":{"rendered":"<p><span style=\"font-weight: 400;\">Les i-systems de GRIMME forment une suite de solutions num\u00e9riques puissantes, con\u00e7ues pour optimiser les performances des machines, simplifier les op\u00e9rations et favoriser une agriculture de pr\u00e9cision. Au c\u0153ur du syst\u00e8me se trouve la plateforme myGRIMME, qui permet d\u2019acc\u00e9der \u00e0 la documentation des machines, aux informations de service et \u00e0 des outils num\u00e9riques pour la configuration et la maintenance. Le syst\u00e8me vid\u00e9o GRIMME SmartView offre une visibilit\u00e9 optimale gr\u00e2ce \u00e0 plusieurs cam\u00e9ras et \u00e0 un \u00e9cran tactile intuitif, id\u00e9al pour surveiller en temps r\u00e9el les zones cl\u00e9s de la machine. Pour les applications de pr\u00e9cision, les fonctions Section Control, application \u00e0 dose variable (VRA) et ajustement automatique de la profondeur sont int\u00e9gr\u00e9es \u00e0 de nombreux mod\u00e8les GRIMME. L\u2019outil GRIMME DataExchange permet un transfert fluide des donn\u00e9es entre les machines, les logiciels de gestion de l\u2019exploitation et les terminaux via USB ou connexion sans fil. Compatibles ISOBUS et dot\u00e9s de syst\u00e8mes d\u2019assistance automatis\u00e9s, ces outils num\u00e9riques r\u00e9duisent la fatigue de l\u2019op\u00e9rateur, am\u00e9liorent la productivit\u00e9 et soutiennent une prise de d\u00e9cision \u00e9clair\u00e9e sur le terrain. Les technologies GRIMME refl\u00e8tent un engagement clair envers l\u2019innovation et l\u2019agriculture de demain.<\/span><\/p>\n","protected":false},"featured_media":3958,"comment_status":"open","ping_status":"closed","template":"","meta":{"_acf_changed":false},"product_brand":[],"product_cat":[458],"product_tag":[],"class_list":{"0":"post-3957","1":"product","2":"type-product","3":"status-publish","4":"has-post-thumbnail","6":"product_cat-sem-categoria-fr","7":"setores-agriculture","8":"marcas-grimme","9":"tipo_produto-solutions-numeriques","11":"first","12":"instock","13":"shipping-taxable","14":"product-type-simple"},"acf":[],"yoast_head":"<!-- This site is optimized with the Yoast SEO plugin v25.2 - https:\/\/yoast.com\/wordpress\/plugins\/seo\/ -->\n<title>Solutions Num\u00e9riques Grimme - Trevotech Group<\/title>\n<meta name=\"description\" content=\"Les i-systems de GRIMME forment une suite de solutions num\u00e9riques puissantes, con\u00e7ues pour optimiser les performances des machines,...\" \/>\n<meta name=\"robots\" content=\"index, follow, max-snippet:-1, max-image-preview:large, max-video-preview:-1\" \/>\n<link rel=\"canonical\" href=\"https:\/\/trevotech.com\/fr\/produto\/solutions-numeriques-2\/\" \/>\n<meta property=\"og:locale\" content=\"fr_FR\" \/>\n<meta property=\"og:type\" content=\"article\" \/>\n<meta property=\"og:title\" content=\"Solutions Num\u00e9riques Grimme - Trevotech Group\" \/>\n<meta property=\"og:description\" content=\"Les i-systems de GRIMME forment une suite de solutions num\u00e9riques puissantes, con\u00e7ues pour optimiser les performances des machines,...\" \/>\n<meta property=\"og:url\" content=\"https:\/\/trevotech.com\/fr\/produto\/solutions-numeriques-2\/\" \/>\n<meta property=\"og:site_name\" content=\"Trevotech Group\" \/>\n<meta property=\"article:modified_time\" content=\"2025-08-05T10:55:09+00:00\" \/>\n<meta property=\"og:image\" content=\"https:\/\/trevotech.com\/wp-content\/uploads\/2024\/11\/image-12.webp\" \/>\n\t<meta property=\"og:image:width\" content=\"1000\" \/>\n\t<meta property=\"og:image:height\" content=\"1000\" \/>\n\t<meta property=\"og:image:type\" content=\"image\/webp\" \/>\n<meta name=\"twitter:card\" content=\"summary_large_image\" \/>\n<meta name=\"twitter:label1\" content=\"Dur\u00e9e de lecture estim\u00e9e\" \/>\n\t<meta name=\"twitter:data1\" content=\"3 minutes\" \/>\n<script type=\"application\/ld+json\" class=\"yoast-schema-graph\">{\"@context\":\"https:\/\/schema.org\",\"@graph\":[{\"@type\":\"WebPage\",\"@id\":\"https:\/\/trevotech.com\/fr\/produto\/solutions-numeriques-2\/\",\"url\":\"https:\/\/trevotech.com\/fr\/produto\/solutions-numeriques-2\/\",\"name\":\"Solutions Num\u00e9riques Grimme - Trevotech Group\",\"isPartOf\":{\"@id\":\"https:\/\/trevotech.com\/fr\/#website\"},\"primaryImageOfPage\":{\"@id\":\"https:\/\/trevotech.com\/fr\/produto\/solutions-numeriques-2\/#primaryimage\"},\"image\":{\"@id\":\"https:\/\/trevotech.com\/fr\/produto\/solutions-numeriques-2\/#primaryimage\"},\"thumbnailUrl\":\"https:\/\/trevotech.com\/wp-content\/uploads\/2024\/11\/image-12.webp\",\"datePublished\":\"2024-11-06T15:35:36+00:00\",\"dateModified\":\"2025-08-05T10:55:09+00:00\",\"description\":\"Les i-systems de GRIMME forment une suite de solutions num\u00e9riques puissantes, con\u00e7ues pour optimiser les performances des machines,...\",\"breadcrumb\":{\"@id\":\"https:\/\/trevotech.com\/fr\/produto\/solutions-numeriques-2\/#breadcrumb\"},\"inLanguage\":\"fr-FR\",\"potentialAction\":[{\"@type\":\"ReadAction\",\"target\":[\"https:\/\/trevotech.com\/fr\/produto\/solutions-numeriques-2\/\"]}]},{\"@type\":\"ImageObject\",\"inLanguage\":\"fr-FR\",\"@id\":\"https:\/\/trevotech.com\/fr\/produto\/solutions-numeriques-2\/#primaryimage\",\"url\":\"https:\/\/trevotech.com\/wp-content\/uploads\/2024\/11\/image-12.webp\",\"contentUrl\":\"https:\/\/trevotech.com\/wp-content\/uploads\/2024\/11\/image-12.webp\",\"width\":1000,\"height\":1000,\"caption\":\"Digital Solutions\"},{\"@type\":\"BreadcrumbList\",\"@id\":\"https:\/\/trevotech.com\/fr\/produto\/solutions-numeriques-2\/#breadcrumb\",\"itemListElement\":[{\"@type\":\"ListItem\",\"position\":1,\"name\":\"In\u00edcio\",\"item\":\"https:\/\/trevotech.com\/fr\/\"},{\"@type\":\"ListItem\",\"position\":2,\"name\":\"Produits\",\"item\":\"https:\/\/trevotech.com\/fr\/shop\/\"},{\"@type\":\"ListItem\",\"position\":3,\"name\":\"Solutions Num\u00e9riques\"}]},{\"@type\":\"WebSite\",\"@id\":\"https:\/\/trevotech.com\/fr\/#website\",\"url\":\"https:\/\/trevotech.com\/fr\/\",\"name\":\"Trevotech Group\",\"description\":\"\",\"potentialAction\":[{\"@type\":\"SearchAction\",\"target\":{\"@type\":\"EntryPoint\",\"urlTemplate\":\"https:\/\/trevotech.com\/fr\/?s={search_term_string}\"},\"query-input\":{\"@type\":\"PropertyValueSpecification\",\"valueRequired\":true,\"valueName\":\"search_term_string\"}}],\"inLanguage\":\"fr-FR\"}]}<\/script>\n<!-- \/ Yoast SEO plugin. -->","yoast_head_json":{"title":"Solutions Num\u00e9riques Grimme - Trevotech Group","description":"Les i-systems de GRIMME forment une suite de solutions num\u00e9riques puissantes, con\u00e7ues pour optimiser les performances des machines,...","robots":{"index":"index","follow":"follow","max-snippet":"max-snippet:-1","max-image-preview":"max-image-preview:large","max-video-preview":"max-video-preview:-1"},"canonical":"https:\/\/trevotech.com\/fr\/produto\/solutions-numeriques-2\/","og_locale":"fr_FR","og_type":"article","og_title":"Solutions Num\u00e9riques Grimme - Trevotech Group","og_description":"Les i-systems de GRIMME forment une suite de solutions num\u00e9riques puissantes, con\u00e7ues pour optimiser les performances des machines,...","og_url":"https:\/\/trevotech.com\/fr\/produto\/solutions-numeriques-2\/","og_site_name":"Trevotech Group","article_modified_time":"2025-08-05T10:55:09+00:00","og_image":[{"width":1000,"height":1000,"url":"https:\/\/trevotech.com\/wp-content\/uploads\/2024\/11\/image-12.webp","type":"image\/webp"}],"twitter_card":"summary_large_image","twitter_misc":{"Dur\u00e9e de lecture estim\u00e9e":"3 minutes"},"schema":{"@context":"https:\/\/schema.org","@graph":[{"@type":"WebPage","@id":"https:\/\/trevotech.com\/fr\/produto\/solutions-numeriques-2\/","url":"https:\/\/trevotech.com\/fr\/produto\/solutions-numeriques-2\/","name":"Solutions Num\u00e9riques Grimme - Trevotech Group","isPartOf":{"@id":"https:\/\/trevotech.com\/fr\/#website"},"primaryImageOfPage":{"@id":"https:\/\/trevotech.com\/fr\/produto\/solutions-numeriques-2\/#primaryimage"},"image":{"@id":"https:\/\/trevotech.com\/fr\/produto\/solutions-numeriques-2\/#primaryimage"},"thumbnailUrl":"https:\/\/trevotech.com\/wp-content\/uploads\/2024\/11\/image-12.webp","datePublished":"2024-11-06T15:35:36+00:00","dateModified":"2025-08-05T10:55:09+00:00","description":"Les i-systems de GRIMME forment une suite de solutions num\u00e9riques puissantes, con\u00e7ues pour optimiser les performances des machines,...","breadcrumb":{"@id":"https:\/\/trevotech.com\/fr\/produto\/solutions-numeriques-2\/#breadcrumb"},"inLanguage":"fr-FR","potentialAction":[{"@type":"ReadAction","target":["https:\/\/trevotech.com\/fr\/produto\/solutions-numeriques-2\/"]}]},{"@type":"ImageObject","inLanguage":"fr-FR","@id":"https:\/\/trevotech.com\/fr\/produto\/solutions-numeriques-2\/#primaryimage","url":"https:\/\/trevotech.com\/wp-content\/uploads\/2024\/11\/image-12.webp","contentUrl":"https:\/\/trevotech.com\/wp-content\/uploads\/2024\/11\/image-12.webp","width":1000,"height":1000,"caption":"Digital Solutions"},{"@type":"BreadcrumbList","@id":"https:\/\/trevotech.com\/fr\/produto\/solutions-numeriques-2\/#breadcrumb","itemListElement":[{"@type":"ListItem","position":1,"name":"In\u00edcio","item":"https:\/\/trevotech.com\/fr\/"},{"@type":"ListItem","position":2,"name":"Produits","item":"https:\/\/trevotech.com\/fr\/shop\/"},{"@type":"ListItem","position":3,"name":"Solutions Num\u00e9riques"}]},{"@type":"WebSite","@id":"https:\/\/trevotech.com\/fr\/#website","url":"https:\/\/trevotech.com\/fr\/","name":"Trevotech Group","description":"","potentialAction":[{"@type":"SearchAction","target":{"@type":"EntryPoint","urlTemplate":"https:\/\/trevotech.com\/fr\/?s={search_term_string}"},"query-input":{"@type":"PropertyValueSpecification","valueRequired":true,"valueName":"search_term_string"}}],"inLanguage":"fr-FR"}]}},"_links":{"self":[{"href":"https:\/\/trevotech.com\/fr\/wp-json\/wp\/v2\/product\/3957","targetHints":{"allow":["GET"]}}],"collection":[{"href":"https:\/\/trevotech.com\/fr\/wp-json\/wp\/v2\/product"}],"about":[{"href":"https:\/\/trevotech.com\/fr\/wp-json\/wp\/v2\/types\/product"}],"replies":[{"embeddable":true,"href":"https:\/\/trevotech.com\/fr\/wp-json\/wp\/v2\/comments?post=3957"}],"wp:featuredmedia":[{"embeddable":true,"href":"https:\/\/trevotech.com\/fr\/wp-json\/wp\/v2\/media\/3958"}],"wp:attachment":[{"href":"https:\/\/trevotech.com\/fr\/wp-json\/wp\/v2\/media?parent=3957"}],"wp:term":[{"taxonomy":"product_brand","embeddable":true,"href":"https:\/\/trevotech.com\/fr\/wp-json\/wp\/v2\/product_brand?post=3957"},{"taxonomy":"product_cat","embeddable":true,"href":"https:\/\/trevotech.com\/fr\/wp-json\/wp\/v2\/product_cat?post=3957"},{"taxonomy":"product_tag","embeddable":true,"href":"https:\/\/trevotech.com\/fr\/wp-json\/wp\/v2\/product_tag?post=3957"}],"curies":[{"name":"wp","href":"https:\/\/api.w.org\/{rel}","templated":true}]}}