{"id":3960,"date":"2024-10-24T10:00:04","date_gmt":"2024-10-24T10:00:04","guid":{"rendered":"https:\/\/trevotech.com\/produto\/forklifts\/"},"modified":"2025-07-31T15:53:12","modified_gmt":"2025-07-31T15:53:12","slug":"chariots-elevateurs-traditionnels-et-electriques","status":"publish","type":"product","link":"https:\/\/trevotech.com\/fr\/produto\/chariots-elevateurs-traditionnels-et-electriques\/","title":{"rendered":"Chariots \u00c9l\u00e9vateurs Traditionnels et \u00c9lectriques"},"content":{"rendered":"<p><span style=\"font-weight: 400;\"><a href=\"https:\/\/trevotech.com\/fr\/marques\/konecranes-fr\/\">Konecranes<\/a> propose une gamme professionnelle de chariots \u00e9l\u00e9vateurs, incluant des mod\u00e8les traditionnels et \u00e9lectriques, con\u00e7us pour am\u00e9liorer la manutention de charges dans divers secteurs industriels. Les capacit\u00e9s de levage varient de 10 \u00e0 18 tonnes, 18 \u00e0 33 tonnes et 37 \u00e0 65 tonnes.<\/span><span style=\"font-weight: 400;\"><br \/>\n<\/span><span style=\"font-weight: 400;\">Ces chariots sont construits pour offrir robustesse, maniabilit\u00e9 et pr\u00e9cision de levage, avec un design ergonomique adapt\u00e9 \u00e0 une utilisation en int\u00e9rieur comme en ext\u00e9rieur \u2014 dans les entrep\u00f4ts, usines, ports et autres environnements industriels exigeants.<\/span><\/p>\n<p><span style=\"font-weight: 400;\">Konecranes propose une gamme professionnelle de chariots \u00e9l\u00e9vateurs, incluant des mod\u00e8les traditionnels et \u00e9lectriques, con\u00e7us pour am\u00e9liorer la manutention de charges dans divers secteurs industriels. Les capacit\u00e9s de levage varient de 10 \u00e0 18 tonnes, 18 \u00e0 33 tonnes et 37 \u00e0 65 tonnes.<\/span><span style=\"font-weight: 400;\"><br \/>\n<\/span><span style=\"font-weight: 400;\">Ces chariots sont construits pour offrir robustesse, maniabilit\u00e9 et pr\u00e9cision de levage, avec un design ergonomique adapt\u00e9 \u00e0 une utilisation en int\u00e9rieur comme en ext\u00e9rieur \u2014 dans les entrep\u00f4ts, usines, ports et autres environnements industriels exigeants.<\/span><\/p>\n<p><span style=\"font-weight: 400;\">Konecranes propose une gamme professionnelle de chariots \u00e9l\u00e9vateurs, incluant des mod\u00e8les traditionnels et \u00e9lectriques, con\u00e7us pour am\u00e9liorer la manutention de charges dans divers secteurs industriels. Les capacit\u00e9s de levage varient de 10 \u00e0 18 tonnes, 18 \u00e0 33 tonnes et 37 \u00e0 65 tonnes.<\/span><span style=\"font-weight: 400;\"><br \/>\n<\/span><span style=\"font-weight: 400;\">Ces chariots sont construits pour offrir robustesse, maniabilit\u00e9 et pr\u00e9cision de levage, avec un design ergonomique adapt\u00e9 \u00e0 une utilisation en int\u00e9rieur comme en ext\u00e9rieur \u2014 dans les entrep\u00f4ts, usines, ports et autres environnements industriels exigeants.<\/span><\/p>\n","protected":false},"excerpt":{"rendered":"<p><span style=\"font-weight: 400;\">Konecranes propose une gamme professionnelle de chariots \u00e9l\u00e9vateurs, incluant des mod\u00e8les traditionnels et \u00e9lectriques, con\u00e7us pour am\u00e9liorer la manutention de charges dans divers secteurs industriels. Les capacit\u00e9s de levage varient de 10 \u00e0 18 tonnes, 18 \u00e0 33 tonnes et 37 \u00e0 65 tonnes.<\/span><span style=\"font-weight: 400;\"><br \/>\n<\/span><span style=\"font-weight: 400;\">Ces chariots sont construits pour offrir robustesse, maniabilit\u00e9 et pr\u00e9cision de levage, avec un design ergonomique adapt\u00e9 \u00e0 une utilisation en int\u00e9rieur comme en ext\u00e9rieur \u2014 dans les entrep\u00f4ts, usines, ports et autres environnements industriels exigeants.<\/span><\/p>\n","protected":false},"featured_media":3961,"comment_status":"open","ping_status":"closed","template":"","meta":{"_acf_changed":false},"product_brand":[],"product_cat":[458],"product_tag":[],"class_list":{"0":"post-3960","1":"product","2":"type-product","3":"status-publish","4":"has-post-thumbnail","6":"product_cat-sem-categoria-fr","7":"setores-manutention","8":"marcas-konecranes","9":"tipo_produto-chariots-elevateurs","11":"first","12":"instock","13":"shipping-taxable","14":"product-type-simple"},"acf":[],"yoast_head":"<!-- This site is optimized with the Yoast SEO plugin v25.2 - https:\/\/yoast.com\/wordpress\/plugins\/seo\/ -->\n<title>Chariots \u00c9l\u00e9vateurs Traditionnels et \u00c9lectriques Konecranes - Trevotech Group<\/title>\n<meta name=\"description\" content=\"Konecranes propose une gamme professionnelle de chariots \u00e9l\u00e9vateurs, incluant des mod\u00e8les traditionnels et \u00e9lectriques, con\u00e7us pour...\" \/>\n<meta name=\"robots\" content=\"index, follow, max-snippet:-1, max-image-preview:large, max-video-preview:-1\" \/>\n<link rel=\"canonical\" href=\"https:\/\/trevotech.com\/fr\/produto\/chariots-elevateurs-traditionnels-et-electriques\/\" \/>\n<meta property=\"og:locale\" content=\"fr_FR\" \/>\n<meta property=\"og:type\" content=\"article\" \/>\n<meta property=\"og:title\" content=\"Chariots \u00c9l\u00e9vateurs Traditionnels et \u00c9lectriques Konecranes - Trevotech Group\" \/>\n<meta property=\"og:description\" content=\"Konecranes propose une gamme professionnelle de chariots \u00e9l\u00e9vateurs, incluant des mod\u00e8les traditionnels et \u00e9lectriques, con\u00e7us pour...\" \/>\n<meta property=\"og:url\" content=\"https:\/\/trevotech.com\/fr\/produto\/chariots-elevateurs-traditionnels-et-electriques\/\" \/>\n<meta property=\"og:site_name\" content=\"Trevotech Group\" \/>\n<meta property=\"article:modified_time\" content=\"2025-07-31T15:53:12+00:00\" \/>\n<meta property=\"og:image\" content=\"https:\/\/trevotech.com\/wp-content\/uploads\/2024\/10\/KONECRANES_Empilhadores.webp\" \/>\n\t<meta property=\"og:image:width\" content=\"1000\" \/>\n\t<meta property=\"og:image:height\" content=\"1000\" \/>\n\t<meta property=\"og:image:type\" content=\"image\/webp\" \/>\n<meta name=\"twitter:card\" content=\"summary_large_image\" \/>\n<meta name=\"twitter:label1\" content=\"Dur\u00e9e de lecture estim\u00e9e\" \/>\n\t<meta name=\"twitter:data1\" content=\"2 minutes\" \/>\n<script type=\"application\/ld+json\" class=\"yoast-schema-graph\">{\"@context\":\"https:\/\/schema.org\",\"@graph\":[{\"@type\":\"WebPage\",\"@id\":\"https:\/\/trevotech.com\/fr\/produto\/chariots-elevateurs-traditionnels-et-electriques\/\",\"url\":\"https:\/\/trevotech.com\/fr\/produto\/chariots-elevateurs-traditionnels-et-electriques\/\",\"name\":\"Chariots \u00c9l\u00e9vateurs Traditionnels et \u00c9lectriques Konecranes - Trevotech Group\",\"isPartOf\":{\"@id\":\"https:\/\/trevotech.com\/fr\/#website\"},\"primaryImageOfPage\":{\"@id\":\"https:\/\/trevotech.com\/fr\/produto\/chariots-elevateurs-traditionnels-et-electriques\/#primaryimage\"},\"image\":{\"@id\":\"https:\/\/trevotech.com\/fr\/produto\/chariots-elevateurs-traditionnels-et-electriques\/#primaryimage\"},\"thumbnailUrl\":\"https:\/\/trevotech.com\/wp-content\/uploads\/2024\/10\/KONECRANES_Empilhadores.webp\",\"datePublished\":\"2024-10-24T10:00:04+00:00\",\"dateModified\":\"2025-07-31T15:53:12+00:00\",\"description\":\"Konecranes propose une gamme professionnelle de chariots \u00e9l\u00e9vateurs, incluant des mod\u00e8les traditionnels et \u00e9lectriques, con\u00e7us pour...\",\"breadcrumb\":{\"@id\":\"https:\/\/trevotech.com\/fr\/produto\/chariots-elevateurs-traditionnels-et-electriques\/#breadcrumb\"},\"inLanguage\":\"fr-FR\",\"potentialAction\":[{\"@type\":\"ReadAction\",\"target\":[\"https:\/\/trevotech.com\/fr\/produto\/chariots-elevateurs-traditionnels-et-electriques\/\"]}]},{\"@type\":\"ImageObject\",\"inLanguage\":\"fr-FR\",\"@id\":\"https:\/\/trevotech.com\/fr\/produto\/chariots-elevateurs-traditionnels-et-electriques\/#primaryimage\",\"url\":\"https:\/\/trevotech.com\/wp-content\/uploads\/2024\/10\/KONECRANES_Empilhadores.webp\",\"contentUrl\":\"https:\/\/trevotech.com\/wp-content\/uploads\/2024\/10\/KONECRANES_Empilhadores.webp\",\"width\":1000,\"height\":1000,\"caption\":\"Forklifts & Electric Forklifts\"},{\"@type\":\"BreadcrumbList\",\"@id\":\"https:\/\/trevotech.com\/fr\/produto\/chariots-elevateurs-traditionnels-et-electriques\/#breadcrumb\",\"itemListElement\":[{\"@type\":\"ListItem\",\"position\":1,\"name\":\"In\u00edcio\",\"item\":\"https:\/\/trevotech.com\/fr\/\"},{\"@type\":\"ListItem\",\"position\":2,\"name\":\"Produits\",\"item\":\"https:\/\/trevotech.com\/fr\/shop\/\"},{\"@type\":\"ListItem\",\"position\":3,\"name\":\"Chariots \u00c9l\u00e9vateurs Traditionnels et \u00c9lectriques\"}]},{\"@type\":\"WebSite\",\"@id\":\"https:\/\/trevotech.com\/fr\/#website\",\"url\":\"https:\/\/trevotech.com\/fr\/\",\"name\":\"Trevotech Group\",\"description\":\"\",\"potentialAction\":[{\"@type\":\"SearchAction\",\"target\":{\"@type\":\"EntryPoint\",\"urlTemplate\":\"https:\/\/trevotech.com\/fr\/?s={search_term_string}\"},\"query-input\":{\"@type\":\"PropertyValueSpecification\",\"valueRequired\":true,\"valueName\":\"search_term_string\"}}],\"inLanguage\":\"fr-FR\"}]}<\/script>\n<!-- \/ Yoast SEO plugin. -->","yoast_head_json":{"title":"Chariots \u00c9l\u00e9vateurs Traditionnels et \u00c9lectriques Konecranes - Trevotech Group","description":"Konecranes propose une gamme professionnelle de chariots \u00e9l\u00e9vateurs, incluant des mod\u00e8les traditionnels et \u00e9lectriques, con\u00e7us pour...","robots":{"index":"index","follow":"follow","max-snippet":"max-snippet:-1","max-image-preview":"max-image-preview:large","max-video-preview":"max-video-preview:-1"},"canonical":"https:\/\/trevotech.com\/fr\/produto\/chariots-elevateurs-traditionnels-et-electriques\/","og_locale":"fr_FR","og_type":"article","og_title":"Chariots \u00c9l\u00e9vateurs Traditionnels et \u00c9lectriques Konecranes - Trevotech Group","og_description":"Konecranes propose une gamme professionnelle de chariots \u00e9l\u00e9vateurs, incluant des mod\u00e8les traditionnels et \u00e9lectriques, con\u00e7us pour...","og_url":"https:\/\/trevotech.com\/fr\/produto\/chariots-elevateurs-traditionnels-et-electriques\/","og_site_name":"Trevotech Group","article_modified_time":"2025-07-31T15:53:12+00:00","og_image":[{"width":1000,"height":1000,"url":"https:\/\/trevotech.com\/wp-content\/uploads\/2024\/10\/KONECRANES_Empilhadores.webp","type":"image\/webp"}],"twitter_card":"summary_large_image","twitter_misc":{"Dur\u00e9e de lecture estim\u00e9e":"2 minutes"},"schema":{"@context":"https:\/\/schema.org","@graph":[{"@type":"WebPage","@id":"https:\/\/trevotech.com\/fr\/produto\/chariots-elevateurs-traditionnels-et-electriques\/","url":"https:\/\/trevotech.com\/fr\/produto\/chariots-elevateurs-traditionnels-et-electriques\/","name":"Chariots \u00c9l\u00e9vateurs Traditionnels et \u00c9lectriques Konecranes - Trevotech Group","isPartOf":{"@id":"https:\/\/trevotech.com\/fr\/#website"},"primaryImageOfPage":{"@id":"https:\/\/trevotech.com\/fr\/produto\/chariots-elevateurs-traditionnels-et-electriques\/#primaryimage"},"image":{"@id":"https:\/\/trevotech.com\/fr\/produto\/chariots-elevateurs-traditionnels-et-electriques\/#primaryimage"},"thumbnailUrl":"https:\/\/trevotech.com\/wp-content\/uploads\/2024\/10\/KONECRANES_Empilhadores.webp","datePublished":"2024-10-24T10:00:04+00:00","dateModified":"2025-07-31T15:53:12+00:00","description":"Konecranes propose une gamme professionnelle de chariots \u00e9l\u00e9vateurs, incluant des mod\u00e8les traditionnels et \u00e9lectriques, con\u00e7us pour...","breadcrumb":{"@id":"https:\/\/trevotech.com\/fr\/produto\/chariots-elevateurs-traditionnels-et-electriques\/#breadcrumb"},"inLanguage":"fr-FR","potentialAction":[{"@type":"ReadAction","target":["https:\/\/trevotech.com\/fr\/produto\/chariots-elevateurs-traditionnels-et-electriques\/"]}]},{"@type":"ImageObject","inLanguage":"fr-FR","@id":"https:\/\/trevotech.com\/fr\/produto\/chariots-elevateurs-traditionnels-et-electriques\/#primaryimage","url":"https:\/\/trevotech.com\/wp-content\/uploads\/2024\/10\/KONECRANES_Empilhadores.webp","contentUrl":"https:\/\/trevotech.com\/wp-content\/uploads\/2024\/10\/KONECRANES_Empilhadores.webp","width":1000,"height":1000,"caption":"Forklifts & Electric Forklifts"},{"@type":"BreadcrumbList","@id":"https:\/\/trevotech.com\/fr\/produto\/chariots-elevateurs-traditionnels-et-electriques\/#breadcrumb","itemListElement":[{"@type":"ListItem","position":1,"name":"In\u00edcio","item":"https:\/\/trevotech.com\/fr\/"},{"@type":"ListItem","position":2,"name":"Produits","item":"https:\/\/trevotech.com\/fr\/shop\/"},{"@type":"ListItem","position":3,"name":"Chariots \u00c9l\u00e9vateurs Traditionnels et \u00c9lectriques"}]},{"@type":"WebSite","@id":"https:\/\/trevotech.com\/fr\/#website","url":"https:\/\/trevotech.com\/fr\/","name":"Trevotech Group","description":"","potentialAction":[{"@type":"SearchAction","target":{"@type":"EntryPoint","urlTemplate":"https:\/\/trevotech.com\/fr\/?s={search_term_string}"},"query-input":{"@type":"PropertyValueSpecification","valueRequired":true,"valueName":"search_term_string"}}],"inLanguage":"fr-FR"}]}},"_links":{"self":[{"href":"https:\/\/trevotech.com\/fr\/wp-json\/wp\/v2\/product\/3960","targetHints":{"allow":["GET"]}}],"collection":[{"href":"https:\/\/trevotech.com\/fr\/wp-json\/wp\/v2\/product"}],"about":[{"href":"https:\/\/trevotech.com\/fr\/wp-json\/wp\/v2\/types\/product"}],"replies":[{"embeddable":true,"href":"https:\/\/trevotech.com\/fr\/wp-json\/wp\/v2\/comments?post=3960"}],"wp:featuredmedia":[{"embeddable":true,"href":"https:\/\/trevotech.com\/fr\/wp-json\/wp\/v2\/media\/3961"}],"wp:attachment":[{"href":"https:\/\/trevotech.com\/fr\/wp-json\/wp\/v2\/media?parent=3960"}],"wp:term":[{"taxonomy":"product_brand","embeddable":true,"href":"https:\/\/trevotech.com\/fr\/wp-json\/wp\/v2\/product_brand?post=3960"},{"taxonomy":"product_cat","embeddable":true,"href":"https:\/\/trevotech.com\/fr\/wp-json\/wp\/v2\/product_cat?post=3960"},{"taxonomy":"product_tag","embeddable":true,"href":"https:\/\/trevotech.com\/fr\/wp-json\/wp\/v2\/product_tag?post=3960"}],"curies":[{"name":"wp","href":"https:\/\/api.w.org\/{rel}","templated":true}]}}