{"id":3963,"date":"2024-10-24T09:55:41","date_gmt":"2024-10-24T09:55:41","guid":{"rendered":"https:\/\/trevotech.com\/produto\/reach-stackers\/"},"modified":"2025-08-05T10:57:56","modified_gmt":"2025-08-05T10:57:56","slug":"gerbeurs-a-bras-telescopique","status":"publish","type":"product","link":"https:\/\/trevotech.com\/fr\/produto\/gerbeurs-a-bras-telescopique\/","title":{"rendered":"Gerbeurs \u00e0 Bras T\u00e9lescopique"},"content":{"rendered":"<p><span style=\"font-weight: 400;\"><a href=\"https:\/\/trevotech.com\/fr\/marques\/konecranes-fr\/\">Konecranes<\/a> propose une gamme polyvalente de Gerbeurs \u00e0 Bras T\u00e9lescopique con\u00e7us pour diverses applications de manutention de conteneurs et de charges lourdes :<\/span><\/p>\n<ul>\n<li style=\"font-weight: 400;\" aria-level=\"1\"><span style=\"font-weight: 400;\">Manutention portuaire,<\/span><\/li>\n<li style=\"font-weight: 400;\" aria-level=\"1\"><span style=\"font-weight: 400;\">Transport intermodal,<\/span><\/li>\n<li style=\"font-weight: 400;\" aria-level=\"1\"><span style=\"font-weight: 400;\">Op\u00e9rations fluviales (barge),<\/span><\/li>\n<li style=\"font-weight: 400;\" aria-level=\"1\"><span style=\"font-weight: 400;\">Ou encore manutention industrielle.<\/span><\/li>\n<\/ul>\n<p><span style=\"font-weight: 400;\">Ces machines sont reconnues pour leur haute capacit\u00e9 de levage, leur excellente man\u0153uvrabilit\u00e9 et leur grande pr\u00e9cision, ce qui en fait des \u00e9quipements id\u00e9aux pour transf\u00e9rer des conteneurs entre camions, trains et navires.<\/span><span style=\"font-weight: 400;\"><br \/>\n<\/span><span style=\"font-weight: 400;\"> Adapt\u00e9s \u00e0 des environnements industriels vari\u00e9s, ils sont con\u00e7us avec un design ergonomique, des caract\u00e9ristiques de s\u00e9curit\u00e9 avanc\u00e9es et des options personnalisables.<\/span><span style=\"font-weight: 400;\"><br \/>\n<\/span><span style=\"font-weight: 400;\"> Les reach stackers Konecranes augmentent la productivit\u00e9, r\u00e9duisent les co\u00fbts d\u2019exploitation et garantissent une manutention s\u00fbre et efficace dans les conditions les plus exigeantes.<\/span><span style=\"font-weight: 400;\"><br \/>\n<\/span><\/p>\n<p><span style=\"font-weight: 400;\">Konecranes propose une gamme polyvalente de Gerbeurs \u00e0 Bras T\u00e9lescopique con\u00e7us pour diverses applications de manutention de conteneurs et de charges lourdes :<\/span><\/p>\n<ul>\n<li style=\"font-weight: 400;\" aria-level=\"1\"><span style=\"font-weight: 400;\">Manutention portuaire,<\/span><\/li>\n<li style=\"font-weight: 400;\" aria-level=\"1\"><span style=\"font-weight: 400;\">Transport intermodal,<\/span><\/li>\n<li style=\"font-weight: 400;\" aria-level=\"1\"><span style=\"font-weight: 400;\">Op\u00e9rations fluviales (barge),<\/span><\/li>\n<li style=\"font-weight: 400;\" aria-level=\"1\"><span style=\"font-weight: 400;\">Ou encore manutention industrielle.<\/span><\/li>\n<\/ul>\n<p><span style=\"font-weight: 400;\">Ces machines sont reconnues pour leur haute capacit\u00e9 de levage, leur excellente man\u0153uvrabilit\u00e9 et leur grande pr\u00e9cision, ce qui en fait des \u00e9quipements id\u00e9aux pour transf\u00e9rer des conteneurs entre camions, trains et navires.<\/span><span style=\"font-weight: 400;\"><br \/>\n<\/span><span style=\"font-weight: 400;\"> Adapt\u00e9s \u00e0 des environnements industriels vari\u00e9s, ils sont con\u00e7us avec un design ergonomique, des caract\u00e9ristiques de s\u00e9curit\u00e9 avanc\u00e9es et des options personnalisables.<\/span><span style=\"font-weight: 400;\"><br \/>\n<\/span><span style=\"font-weight: 400;\"> Les reach stackers Konecranes augmentent la productivit\u00e9, r\u00e9duisent les co\u00fbts d\u2019exploitation et garantissent une manutention s\u00fbre et efficace dans les conditions les plus exigeantes.<\/span><span style=\"font-weight: 400;\"><br \/>\n<\/span><\/p>\n","protected":false},"excerpt":{"rendered":"<p><span style=\"font-weight: 400;\">Konecranes propose une gamme polyvalente de reach stackers con\u00e7us pour diverses applications de manutention de conteneurs et de charges lourdes :<\/span><\/p>\n<ul>\n<li style=\"font-weight: 400;\" aria-level=\"1\"><span style=\"font-weight: 400;\">Manutention portuaire,<\/span><\/li>\n<li style=\"font-weight: 400;\" aria-level=\"1\"><span style=\"font-weight: 400;\">Transport intermodal,<\/span><\/li>\n<li style=\"font-weight: 400;\" aria-level=\"1\"><span style=\"font-weight: 400;\">Op\u00e9rations fluviales (barge),<\/span><\/li>\n<li style=\"font-weight: 400;\" aria-level=\"1\"><span style=\"font-weight: 400;\">Ou encore manutention industrielle.<\/span><\/li>\n<\/ul>\n<p><span style=\"font-weight: 400;\">Ces machines sont reconnues pour leur haute capacit\u00e9 de levage, leur excellente man\u0153uvrabilit\u00e9 et leur grande pr\u00e9cision, ce qui en fait des \u00e9quipements id\u00e9aux pour transf\u00e9rer des conteneurs entre camions, trains et navires.<\/span><span style=\"font-weight: 400;\"><br \/>\n<\/span><span style=\"font-weight: 400;\"> Adapt\u00e9s \u00e0 des environnements industriels vari\u00e9s, ils sont con\u00e7us avec un design ergonomique, des caract\u00e9ristiques de s\u00e9curit\u00e9 avanc\u00e9es et des options personnalisables.<\/span><span style=\"font-weight: 400;\"><br \/>\n<\/span><span style=\"font-weight: 400;\"> Les reach stackers Konecranes augmentent la productivit\u00e9, r\u00e9duisent les co\u00fbts d\u2019exploitation et garantissent une manutention s\u00fbre et efficace dans les conditions les plus exigeantes.<\/span><span style=\"font-weight: 400;\"><br \/>\n<\/span><\/p>\n","protected":false},"featured_media":3803,"comment_status":"open","ping_status":"closed","template":"","meta":{"_acf_changed":false},"product_brand":[],"product_cat":[458],"product_tag":[],"class_list":{"0":"post-3963","1":"product","2":"type-product","3":"status-publish","4":"has-post-thumbnail","6":"product_cat-sem-categoria-fr","7":"setores-manutention","8":"marcas-konecranes","9":"tipo_produto-gerbeurs-a-bras-telescopique","11":"first","12":"instock","13":"shipping-taxable","14":"product-type-simple"},"acf":[],"yoast_head":"<!-- This site is optimized with the Yoast SEO plugin v25.2 - https:\/\/yoast.com\/wordpress\/plugins\/seo\/ -->\n<title>Gerbeurs \u00e0 Bras T\u00e9lescopique Konecranes - Trevotech Group<\/title>\n<meta name=\"description\" content=\"Konecranes propose une gamme polyvalente de Gerbeurs \u00e0 Bras T\u00e9lescopique con\u00e7us pour diverses applications de manutention de conteneurs...\" \/>\n<meta name=\"robots\" content=\"index, follow, max-snippet:-1, max-image-preview:large, max-video-preview:-1\" \/>\n<link rel=\"canonical\" href=\"https:\/\/trevotech.com\/fr\/produto\/gerbeurs-a-bras-telescopique\/\" \/>\n<meta property=\"og:locale\" content=\"fr_FR\" \/>\n<meta property=\"og:type\" content=\"article\" \/>\n<meta property=\"og:title\" content=\"Gerbeurs \u00e0 Bras T\u00e9lescopique Konecranes - Trevotech Group\" \/>\n<meta property=\"og:description\" content=\"Konecranes propose une gamme polyvalente de Gerbeurs \u00e0 Bras T\u00e9lescopique con\u00e7us pour diverses applications de manutention de conteneurs...\" \/>\n<meta property=\"og:url\" content=\"https:\/\/trevotech.com\/fr\/produto\/gerbeurs-a-bras-telescopique\/\" \/>\n<meta property=\"og:site_name\" content=\"Trevotech Group\" \/>\n<meta property=\"article:modified_time\" content=\"2025-08-05T10:57:56+00:00\" \/>\n<meta property=\"og:image\" content=\"https:\/\/trevotech.com\/wp-content\/uploads\/2024\/10\/KONECRANES_Reach-Stackers.webp\" \/>\n\t<meta property=\"og:image:width\" content=\"1000\" \/>\n\t<meta property=\"og:image:height\" content=\"1000\" \/>\n\t<meta property=\"og:image:type\" content=\"image\/webp\" \/>\n<meta name=\"twitter:card\" content=\"summary_large_image\" \/>\n<meta name=\"twitter:label1\" content=\"Dur\u00e9e de lecture estim\u00e9e\" \/>\n\t<meta name=\"twitter:data1\" content=\"2 minutes\" \/>\n<script type=\"application\/ld+json\" class=\"yoast-schema-graph\">{\"@context\":\"https:\/\/schema.org\",\"@graph\":[{\"@type\":\"WebPage\",\"@id\":\"https:\/\/trevotech.com\/fr\/produto\/gerbeurs-a-bras-telescopique\/\",\"url\":\"https:\/\/trevotech.com\/fr\/produto\/gerbeurs-a-bras-telescopique\/\",\"name\":\"Gerbeurs \u00e0 Bras T\u00e9lescopique Konecranes - Trevotech Group\",\"isPartOf\":{\"@id\":\"https:\/\/trevotech.com\/fr\/#website\"},\"primaryImageOfPage\":{\"@id\":\"https:\/\/trevotech.com\/fr\/produto\/gerbeurs-a-bras-telescopique\/#primaryimage\"},\"image\":{\"@id\":\"https:\/\/trevotech.com\/fr\/produto\/gerbeurs-a-bras-telescopique\/#primaryimage\"},\"thumbnailUrl\":\"https:\/\/trevotech.com\/wp-content\/uploads\/2024\/10\/KONECRANES_Reach-Stackers.webp\",\"datePublished\":\"2024-10-24T09:55:41+00:00\",\"dateModified\":\"2025-08-05T10:57:56+00:00\",\"description\":\"Konecranes propose une gamme polyvalente de Gerbeurs \u00e0 Bras T\u00e9lescopique con\u00e7us pour diverses applications de manutention de conteneurs...\",\"breadcrumb\":{\"@id\":\"https:\/\/trevotech.com\/fr\/produto\/gerbeurs-a-bras-telescopique\/#breadcrumb\"},\"inLanguage\":\"fr-FR\",\"potentialAction\":[{\"@type\":\"ReadAction\",\"target\":[\"https:\/\/trevotech.com\/fr\/produto\/gerbeurs-a-bras-telescopique\/\"]}]},{\"@type\":\"ImageObject\",\"inLanguage\":\"fr-FR\",\"@id\":\"https:\/\/trevotech.com\/fr\/produto\/gerbeurs-a-bras-telescopique\/#primaryimage\",\"url\":\"https:\/\/trevotech.com\/wp-content\/uploads\/2024\/10\/KONECRANES_Reach-Stackers.webp\",\"contentUrl\":\"https:\/\/trevotech.com\/wp-content\/uploads\/2024\/10\/KONECRANES_Reach-Stackers.webp\",\"width\":1000,\"height\":1000,\"caption\":\"Reach Stackers Konecranes\"},{\"@type\":\"BreadcrumbList\",\"@id\":\"https:\/\/trevotech.com\/fr\/produto\/gerbeurs-a-bras-telescopique\/#breadcrumb\",\"itemListElement\":[{\"@type\":\"ListItem\",\"position\":1,\"name\":\"In\u00edcio\",\"item\":\"https:\/\/trevotech.com\/fr\/\"},{\"@type\":\"ListItem\",\"position\":2,\"name\":\"Produits\",\"item\":\"https:\/\/trevotech.com\/fr\/shop\/\"},{\"@type\":\"ListItem\",\"position\":3,\"name\":\"Gerbeurs \u00e0 Bras T\u00e9lescopique\"}]},{\"@type\":\"WebSite\",\"@id\":\"https:\/\/trevotech.com\/fr\/#website\",\"url\":\"https:\/\/trevotech.com\/fr\/\",\"name\":\"Trevotech Group\",\"description\":\"\",\"potentialAction\":[{\"@type\":\"SearchAction\",\"target\":{\"@type\":\"EntryPoint\",\"urlTemplate\":\"https:\/\/trevotech.com\/fr\/?s={search_term_string}\"},\"query-input\":{\"@type\":\"PropertyValueSpecification\",\"valueRequired\":true,\"valueName\":\"search_term_string\"}}],\"inLanguage\":\"fr-FR\"}]}<\/script>\n<!-- \/ Yoast SEO plugin. -->","yoast_head_json":{"title":"Gerbeurs \u00e0 Bras T\u00e9lescopique Konecranes - Trevotech Group","description":"Konecranes propose une gamme polyvalente de Gerbeurs \u00e0 Bras T\u00e9lescopique con\u00e7us pour diverses applications de manutention de conteneurs...","robots":{"index":"index","follow":"follow","max-snippet":"max-snippet:-1","max-image-preview":"max-image-preview:large","max-video-preview":"max-video-preview:-1"},"canonical":"https:\/\/trevotech.com\/fr\/produto\/gerbeurs-a-bras-telescopique\/","og_locale":"fr_FR","og_type":"article","og_title":"Gerbeurs \u00e0 Bras T\u00e9lescopique Konecranes - Trevotech Group","og_description":"Konecranes propose une gamme polyvalente de Gerbeurs \u00e0 Bras T\u00e9lescopique con\u00e7us pour diverses applications de manutention de conteneurs...","og_url":"https:\/\/trevotech.com\/fr\/produto\/gerbeurs-a-bras-telescopique\/","og_site_name":"Trevotech Group","article_modified_time":"2025-08-05T10:57:56+00:00","og_image":[{"width":1000,"height":1000,"url":"https:\/\/trevotech.com\/wp-content\/uploads\/2024\/10\/KONECRANES_Reach-Stackers.webp","type":"image\/webp"}],"twitter_card":"summary_large_image","twitter_misc":{"Dur\u00e9e de lecture estim\u00e9e":"2 minutes"},"schema":{"@context":"https:\/\/schema.org","@graph":[{"@type":"WebPage","@id":"https:\/\/trevotech.com\/fr\/produto\/gerbeurs-a-bras-telescopique\/","url":"https:\/\/trevotech.com\/fr\/produto\/gerbeurs-a-bras-telescopique\/","name":"Gerbeurs \u00e0 Bras T\u00e9lescopique Konecranes - Trevotech Group","isPartOf":{"@id":"https:\/\/trevotech.com\/fr\/#website"},"primaryImageOfPage":{"@id":"https:\/\/trevotech.com\/fr\/produto\/gerbeurs-a-bras-telescopique\/#primaryimage"},"image":{"@id":"https:\/\/trevotech.com\/fr\/produto\/gerbeurs-a-bras-telescopique\/#primaryimage"},"thumbnailUrl":"https:\/\/trevotech.com\/wp-content\/uploads\/2024\/10\/KONECRANES_Reach-Stackers.webp","datePublished":"2024-10-24T09:55:41+00:00","dateModified":"2025-08-05T10:57:56+00:00","description":"Konecranes propose une gamme polyvalente de Gerbeurs \u00e0 Bras T\u00e9lescopique con\u00e7us pour diverses applications de manutention de conteneurs...","breadcrumb":{"@id":"https:\/\/trevotech.com\/fr\/produto\/gerbeurs-a-bras-telescopique\/#breadcrumb"},"inLanguage":"fr-FR","potentialAction":[{"@type":"ReadAction","target":["https:\/\/trevotech.com\/fr\/produto\/gerbeurs-a-bras-telescopique\/"]}]},{"@type":"ImageObject","inLanguage":"fr-FR","@id":"https:\/\/trevotech.com\/fr\/produto\/gerbeurs-a-bras-telescopique\/#primaryimage","url":"https:\/\/trevotech.com\/wp-content\/uploads\/2024\/10\/KONECRANES_Reach-Stackers.webp","contentUrl":"https:\/\/trevotech.com\/wp-content\/uploads\/2024\/10\/KONECRANES_Reach-Stackers.webp","width":1000,"height":1000,"caption":"Reach Stackers Konecranes"},{"@type":"BreadcrumbList","@id":"https:\/\/trevotech.com\/fr\/produto\/gerbeurs-a-bras-telescopique\/#breadcrumb","itemListElement":[{"@type":"ListItem","position":1,"name":"In\u00edcio","item":"https:\/\/trevotech.com\/fr\/"},{"@type":"ListItem","position":2,"name":"Produits","item":"https:\/\/trevotech.com\/fr\/shop\/"},{"@type":"ListItem","position":3,"name":"Gerbeurs \u00e0 Bras T\u00e9lescopique"}]},{"@type":"WebSite","@id":"https:\/\/trevotech.com\/fr\/#website","url":"https:\/\/trevotech.com\/fr\/","name":"Trevotech Group","description":"","potentialAction":[{"@type":"SearchAction","target":{"@type":"EntryPoint","urlTemplate":"https:\/\/trevotech.com\/fr\/?s={search_term_string}"},"query-input":{"@type":"PropertyValueSpecification","valueRequired":true,"valueName":"search_term_string"}}],"inLanguage":"fr-FR"}]}},"_links":{"self":[{"href":"https:\/\/trevotech.com\/fr\/wp-json\/wp\/v2\/product\/3963","targetHints":{"allow":["GET"]}}],"collection":[{"href":"https:\/\/trevotech.com\/fr\/wp-json\/wp\/v2\/product"}],"about":[{"href":"https:\/\/trevotech.com\/fr\/wp-json\/wp\/v2\/types\/product"}],"replies":[{"embeddable":true,"href":"https:\/\/trevotech.com\/fr\/wp-json\/wp\/v2\/comments?post=3963"}],"wp:featuredmedia":[{"embeddable":true,"href":"https:\/\/trevotech.com\/fr\/wp-json\/wp\/v2\/media\/3803"}],"wp:attachment":[{"href":"https:\/\/trevotech.com\/fr\/wp-json\/wp\/v2\/media?parent=3963"}],"wp:term":[{"taxonomy":"product_brand","embeddable":true,"href":"https:\/\/trevotech.com\/fr\/wp-json\/wp\/v2\/product_brand?post=3963"},{"taxonomy":"product_cat","embeddable":true,"href":"https:\/\/trevotech.com\/fr\/wp-json\/wp\/v2\/product_cat?post=3963"},{"taxonomy":"product_tag","embeddable":true,"href":"https:\/\/trevotech.com\/fr\/wp-json\/wp\/v2\/product_tag?post=3963"}],"curies":[{"name":"wp","href":"https:\/\/api.w.org\/{rel}","templated":true}]}}