{"id":3968,"date":"2024-10-24T09:40:32","date_gmt":"2024-10-24T09:40:32","guid":{"rendered":"https:\/\/trevotech.com\/produto\/laden-container-handlers\/"},"modified":"2025-08-05T11:05:44","modified_gmt":"2025-08-05T11:05:44","slug":"manipulateurs-de-conteneurs-pleins","status":"publish","type":"product","link":"https:\/\/trevotech.com\/fr\/produto\/manipulateurs-de-conteneurs-pleins\/","title":{"rendered":"Manipulateurs de Conteneurs Pleins"},"content":{"rendered":"<p><span style=\"font-weight: 400;\">Konecranes propose des gerbeurs de conteneurs pleins compatibles avec le HVO100, con\u00e7us pour la manutention intensive de conteneurs charg\u00e9s dans les ports, terminaux et zones industrielles.<\/span><span style=\"font-weight: 400;\"><br \/>\n<\/span><span style=\"font-weight: 400;\">Ils sont adapt\u00e9s aux applications lourdes et \u00e0 forte productivit\u00e9, avec une capacit\u00e9 de levage \u00e9lev\u00e9e et une manipulation pr\u00e9cise.<\/span><span style=\"font-weight: 400;\"><br \/>\n<\/span><span style=\"font-weight: 400;\">La compatibilit\u00e9 avec le HVO100 (huile v\u00e9g\u00e9tale hydrotrait\u00e9e) permet une alternative durable au diesel, r\u00e9duisant les \u00e9missions de CO\u2082 sans compromis sur les performances.<\/span><\/p>\n<p><span style=\"font-weight: 400;\">\u00c9quip\u00e9s de syst\u00e8mes hydrauliques performants, de commandes ergonomiques et de fonctions de s\u00e9curit\u00e9 avanc\u00e9es, ces gerbeurs assurent un fonctionnement fluide et confortable.<\/span><span style=\"font-weight: 400;\"><br \/>\n<\/span><span style=\"font-weight: 400;\">Solides, puissants et \u00e9cologiques, ils sont id\u00e9aux pour les entreprises cherchant \u00e0 conjuguer efficacit\u00e9 et durabilit\u00e9 dans leurs op\u00e9rations.<\/span><\/p>\n<p><span style=\"font-weight: 400;\">Konecranes propose des gerbeurs de conteneurs pleins compatibles avec le HVO100, con\u00e7us pour la manutention intensive de conteneurs charg\u00e9s dans les ports, terminaux et zones industrielles.<\/span><span style=\"font-weight: 400;\"><br \/>\n<\/span><span style=\"font-weight: 400;\">Ils sont adapt\u00e9s aux applications lourdes et \u00e0 forte productivit\u00e9, avec une capacit\u00e9 de levage \u00e9lev\u00e9e et une manipulation pr\u00e9cise.<\/span><span style=\"font-weight: 400;\"><br \/>\n<\/span><span style=\"font-weight: 400;\">La compatibilit\u00e9 avec le HVO100 (huile v\u00e9g\u00e9tale hydrotrait\u00e9e) permet une alternative durable au diesel, r\u00e9duisant les \u00e9missions de CO\u2082 sans compromis sur les performances.<\/span><\/p>\n<p><span style=\"font-weight: 400;\">\u00c9quip\u00e9s de syst\u00e8mes hydrauliques performants, de commandes ergonomiques et de fonctions de s\u00e9curit\u00e9 avanc\u00e9es, ces gerbeurs assurent un fonctionnement fluide et confortable.<\/span><span style=\"font-weight: 400;\"><br \/>\n<\/span><span style=\"font-weight: 400;\">Solides, puissants et \u00e9cologiques, ils sont id\u00e9aux pour les entreprises cherchant \u00e0 conjuguer efficacit\u00e9 et durabilit\u00e9 dans leurs op\u00e9rations.<\/span><\/p>\n<p><span style=\"font-weight: 400;\">Konecranes propose des gerbeurs de conteneurs pleins compatibles avec le HVO100, con\u00e7us pour la manutention intensive de conteneurs charg\u00e9s dans les ports, terminaux et zones industrielles.<\/span><span style=\"font-weight: 400;\"><br \/>\n<\/span><span style=\"font-weight: 400;\">Ils sont adapt\u00e9s aux applications lourdes et \u00e0 forte productivit\u00e9, avec une capacit\u00e9 de levage \u00e9lev\u00e9e et une manipulation pr\u00e9cise.<\/span><span style=\"font-weight: 400;\"><br \/>\n<\/span><span style=\"font-weight: 400;\">La compatibilit\u00e9 avec le HVO100 (huile v\u00e9g\u00e9tale hydrotrait\u00e9e) permet une alternative durable au diesel, r\u00e9duisant les \u00e9missions de CO\u2082 sans compromis sur les performances.<\/span><\/p>\n<p><span style=\"font-weight: 400;\">\u00c9quip\u00e9s de syst\u00e8mes hydrauliques performants, de commandes ergonomiques et de fonctions de s\u00e9curit\u00e9 avanc\u00e9es, ces gerbeurs assurent un fonctionnement fluide et confortable.<\/span><span style=\"font-weight: 400;\"><br \/>\n<\/span><span style=\"font-weight: 400;\">Solides, puissants et \u00e9cologiques, ils sont id\u00e9aux pour les entreprises cherchant \u00e0 conjuguer efficacit\u00e9 et durabilit\u00e9 dans leurs op\u00e9rations.<\/span><\/p>\n","protected":false},"excerpt":{"rendered":"<p><span style=\"font-weight: 400;\">Konecranes propose des gerbeurs de conteneurs pleins compatibles avec le HVO100, con\u00e7us pour la manutention intensive de conteneurs charg\u00e9s dans les ports, terminaux et zones industrielles.<\/span><span style=\"font-weight: 400;\"><br \/>\n<\/span><span style=\"font-weight: 400;\">Ils sont adapt\u00e9s aux applications lourdes et \u00e0 forte productivit\u00e9, avec une capacit\u00e9 de levage \u00e9lev\u00e9e et une manipulation pr\u00e9cise.<\/span><span style=\"font-weight: 400;\"><br \/>\n<\/span><span style=\"font-weight: 400;\">La compatibilit\u00e9 avec le HVO100 (huile v\u00e9g\u00e9tale hydrotrait\u00e9e) permet une alternative durable au diesel, r\u00e9duisant les \u00e9missions de CO\u2082 sans compromis sur les performances.<\/span><\/p>\n<p><span style=\"font-weight: 400;\">\u00c9quip\u00e9s de syst\u00e8mes hydrauliques performants, de commandes ergonomiques et de fonctions de s\u00e9curit\u00e9 avanc\u00e9es, ces gerbeurs assurent un fonctionnement fluide et confortable.<\/span><span style=\"font-weight: 400;\"><br \/>\n<\/span><span style=\"font-weight: 400;\">Solides, puissants et \u00e9cologiques, ils sont id\u00e9aux pour les entreprises cherchant \u00e0 conjuguer efficacit\u00e9 et durabilit\u00e9 dans leurs op\u00e9rations.<\/span><\/p>\n","protected":false},"featured_media":3806,"comment_status":"open","ping_status":"closed","template":"","meta":{"_acf_changed":false},"product_brand":[],"product_cat":[458],"product_tag":[],"class_list":{"0":"post-3968","1":"product","2":"type-product","3":"status-publish","4":"has-post-thumbnail","6":"product_cat-sem-categoria-fr","7":"setores-manutention","8":"marcas-konecranes","9":"tipo_produto-manipulateurs-de-conteneurs-pleins","11":"first","12":"instock","13":"shipping-taxable","14":"product-type-simple"},"acf":[],"yoast_head":"<!-- This site is optimized with the Yoast SEO plugin v25.2 - https:\/\/yoast.com\/wordpress\/plugins\/seo\/ -->\n<title>Manipulateurs de Conteneurs Pleins Konecranes - Trevotech Group<\/title>\n<meta name=\"description\" content=\"Konecranes propose des gerbeurs de conteneurs pleins compatibles avec le HVO100, con\u00e7us pour la manutention intensive de conteneurs...\" \/>\n<meta name=\"robots\" content=\"index, follow, max-snippet:-1, max-image-preview:large, max-video-preview:-1\" \/>\n<link rel=\"canonical\" href=\"https:\/\/trevotech.com\/fr\/produto\/manipulateurs-de-conteneurs-pleins\/\" \/>\n<meta property=\"og:locale\" content=\"fr_FR\" \/>\n<meta property=\"og:type\" content=\"article\" \/>\n<meta property=\"og:title\" content=\"Manipulateurs de Conteneurs Pleins Konecranes - Trevotech Group\" \/>\n<meta property=\"og:description\" content=\"Konecranes propose des gerbeurs de conteneurs pleins compatibles avec le HVO100, con\u00e7us pour la manutention intensive de conteneurs...\" \/>\n<meta property=\"og:url\" content=\"https:\/\/trevotech.com\/fr\/produto\/manipulateurs-de-conteneurs-pleins\/\" \/>\n<meta property=\"og:site_name\" content=\"Trevotech Group\" \/>\n<meta property=\"article:modified_time\" content=\"2025-08-05T11:05:44+00:00\" \/>\n<meta property=\"og:image\" content=\"https:\/\/trevotech.com\/wp-content\/uploads\/2024\/10\/KONECRANES_Manipuladores-de-Contentores.webp\" \/>\n\t<meta property=\"og:image:width\" content=\"1000\" \/>\n\t<meta property=\"og:image:height\" content=\"1000\" \/>\n\t<meta property=\"og:image:type\" content=\"image\/webp\" \/>\n<meta name=\"twitter:card\" content=\"summary_large_image\" \/>\n<meta name=\"twitter:label1\" content=\"Dur\u00e9e de lecture estim\u00e9e\" \/>\n\t<meta name=\"twitter:data1\" content=\"3 minutes\" \/>\n<script type=\"application\/ld+json\" class=\"yoast-schema-graph\">{\"@context\":\"https:\/\/schema.org\",\"@graph\":[{\"@type\":\"WebPage\",\"@id\":\"https:\/\/trevotech.com\/fr\/produto\/manipulateurs-de-conteneurs-pleins\/\",\"url\":\"https:\/\/trevotech.com\/fr\/produto\/manipulateurs-de-conteneurs-pleins\/\",\"name\":\"Manipulateurs de Conteneurs Pleins Konecranes - Trevotech Group\",\"isPartOf\":{\"@id\":\"https:\/\/trevotech.com\/fr\/#website\"},\"primaryImageOfPage\":{\"@id\":\"https:\/\/trevotech.com\/fr\/produto\/manipulateurs-de-conteneurs-pleins\/#primaryimage\"},\"image\":{\"@id\":\"https:\/\/trevotech.com\/fr\/produto\/manipulateurs-de-conteneurs-pleins\/#primaryimage\"},\"thumbnailUrl\":\"https:\/\/trevotech.com\/wp-content\/uploads\/2024\/10\/KONECRANES_Manipuladores-de-Contentores.webp\",\"datePublished\":\"2024-10-24T09:40:32+00:00\",\"dateModified\":\"2025-08-05T11:05:44+00:00\",\"description\":\"Konecranes propose des gerbeurs de conteneurs pleins compatibles avec le HVO100, con\u00e7us pour la manutention intensive de conteneurs...\",\"breadcrumb\":{\"@id\":\"https:\/\/trevotech.com\/fr\/produto\/manipulateurs-de-conteneurs-pleins\/#breadcrumb\"},\"inLanguage\":\"fr-FR\",\"potentialAction\":[{\"@type\":\"ReadAction\",\"target\":[\"https:\/\/trevotech.com\/fr\/produto\/manipulateurs-de-conteneurs-pleins\/\"]}]},{\"@type\":\"ImageObject\",\"inLanguage\":\"fr-FR\",\"@id\":\"https:\/\/trevotech.com\/fr\/produto\/manipulateurs-de-conteneurs-pleins\/#primaryimage\",\"url\":\"https:\/\/trevotech.com\/wp-content\/uploads\/2024\/10\/KONECRANES_Manipuladores-de-Contentores.webp\",\"contentUrl\":\"https:\/\/trevotech.com\/wp-content\/uploads\/2024\/10\/KONECRANES_Manipuladores-de-Contentores.webp\",\"width\":1000,\"height\":1000,\"caption\":\"Manipuladores de Contentores\"},{\"@type\":\"BreadcrumbList\",\"@id\":\"https:\/\/trevotech.com\/fr\/produto\/manipulateurs-de-conteneurs-pleins\/#breadcrumb\",\"itemListElement\":[{\"@type\":\"ListItem\",\"position\":1,\"name\":\"In\u00edcio\",\"item\":\"https:\/\/trevotech.com\/fr\/\"},{\"@type\":\"ListItem\",\"position\":2,\"name\":\"Produits\",\"item\":\"https:\/\/trevotech.com\/fr\/shop\/\"},{\"@type\":\"ListItem\",\"position\":3,\"name\":\"Manipulateurs de Conteneurs Pleins\"}]},{\"@type\":\"WebSite\",\"@id\":\"https:\/\/trevotech.com\/fr\/#website\",\"url\":\"https:\/\/trevotech.com\/fr\/\",\"name\":\"Trevotech Group\",\"description\":\"\",\"potentialAction\":[{\"@type\":\"SearchAction\",\"target\":{\"@type\":\"EntryPoint\",\"urlTemplate\":\"https:\/\/trevotech.com\/fr\/?s={search_term_string}\"},\"query-input\":{\"@type\":\"PropertyValueSpecification\",\"valueRequired\":true,\"valueName\":\"search_term_string\"}}],\"inLanguage\":\"fr-FR\"}]}<\/script>\n<!-- \/ Yoast SEO plugin. -->","yoast_head_json":{"title":"Manipulateurs de Conteneurs Pleins Konecranes - Trevotech Group","description":"Konecranes propose des gerbeurs de conteneurs pleins compatibles avec le HVO100, con\u00e7us pour la manutention intensive de conteneurs...","robots":{"index":"index","follow":"follow","max-snippet":"max-snippet:-1","max-image-preview":"max-image-preview:large","max-video-preview":"max-video-preview:-1"},"canonical":"https:\/\/trevotech.com\/fr\/produto\/manipulateurs-de-conteneurs-pleins\/","og_locale":"fr_FR","og_type":"article","og_title":"Manipulateurs de Conteneurs Pleins Konecranes - Trevotech Group","og_description":"Konecranes propose des gerbeurs de conteneurs pleins compatibles avec le HVO100, con\u00e7us pour la manutention intensive de conteneurs...","og_url":"https:\/\/trevotech.com\/fr\/produto\/manipulateurs-de-conteneurs-pleins\/","og_site_name":"Trevotech Group","article_modified_time":"2025-08-05T11:05:44+00:00","og_image":[{"width":1000,"height":1000,"url":"https:\/\/trevotech.com\/wp-content\/uploads\/2024\/10\/KONECRANES_Manipuladores-de-Contentores.webp","type":"image\/webp"}],"twitter_card":"summary_large_image","twitter_misc":{"Dur\u00e9e de lecture estim\u00e9e":"3 minutes"},"schema":{"@context":"https:\/\/schema.org","@graph":[{"@type":"WebPage","@id":"https:\/\/trevotech.com\/fr\/produto\/manipulateurs-de-conteneurs-pleins\/","url":"https:\/\/trevotech.com\/fr\/produto\/manipulateurs-de-conteneurs-pleins\/","name":"Manipulateurs de Conteneurs Pleins Konecranes - Trevotech Group","isPartOf":{"@id":"https:\/\/trevotech.com\/fr\/#website"},"primaryImageOfPage":{"@id":"https:\/\/trevotech.com\/fr\/produto\/manipulateurs-de-conteneurs-pleins\/#primaryimage"},"image":{"@id":"https:\/\/trevotech.com\/fr\/produto\/manipulateurs-de-conteneurs-pleins\/#primaryimage"},"thumbnailUrl":"https:\/\/trevotech.com\/wp-content\/uploads\/2024\/10\/KONECRANES_Manipuladores-de-Contentores.webp","datePublished":"2024-10-24T09:40:32+00:00","dateModified":"2025-08-05T11:05:44+00:00","description":"Konecranes propose des gerbeurs de conteneurs pleins compatibles avec le HVO100, con\u00e7us pour la manutention intensive de conteneurs...","breadcrumb":{"@id":"https:\/\/trevotech.com\/fr\/produto\/manipulateurs-de-conteneurs-pleins\/#breadcrumb"},"inLanguage":"fr-FR","potentialAction":[{"@type":"ReadAction","target":["https:\/\/trevotech.com\/fr\/produto\/manipulateurs-de-conteneurs-pleins\/"]}]},{"@type":"ImageObject","inLanguage":"fr-FR","@id":"https:\/\/trevotech.com\/fr\/produto\/manipulateurs-de-conteneurs-pleins\/#primaryimage","url":"https:\/\/trevotech.com\/wp-content\/uploads\/2024\/10\/KONECRANES_Manipuladores-de-Contentores.webp","contentUrl":"https:\/\/trevotech.com\/wp-content\/uploads\/2024\/10\/KONECRANES_Manipuladores-de-Contentores.webp","width":1000,"height":1000,"caption":"Manipuladores de Contentores"},{"@type":"BreadcrumbList","@id":"https:\/\/trevotech.com\/fr\/produto\/manipulateurs-de-conteneurs-pleins\/#breadcrumb","itemListElement":[{"@type":"ListItem","position":1,"name":"In\u00edcio","item":"https:\/\/trevotech.com\/fr\/"},{"@type":"ListItem","position":2,"name":"Produits","item":"https:\/\/trevotech.com\/fr\/shop\/"},{"@type":"ListItem","position":3,"name":"Manipulateurs de Conteneurs Pleins"}]},{"@type":"WebSite","@id":"https:\/\/trevotech.com\/fr\/#website","url":"https:\/\/trevotech.com\/fr\/","name":"Trevotech Group","description":"","potentialAction":[{"@type":"SearchAction","target":{"@type":"EntryPoint","urlTemplate":"https:\/\/trevotech.com\/fr\/?s={search_term_string}"},"query-input":{"@type":"PropertyValueSpecification","valueRequired":true,"valueName":"search_term_string"}}],"inLanguage":"fr-FR"}]}},"_links":{"self":[{"href":"https:\/\/trevotech.com\/fr\/wp-json\/wp\/v2\/product\/3968","targetHints":{"allow":["GET"]}}],"collection":[{"href":"https:\/\/trevotech.com\/fr\/wp-json\/wp\/v2\/product"}],"about":[{"href":"https:\/\/trevotech.com\/fr\/wp-json\/wp\/v2\/types\/product"}],"replies":[{"embeddable":true,"href":"https:\/\/trevotech.com\/fr\/wp-json\/wp\/v2\/comments?post=3968"}],"wp:featuredmedia":[{"embeddable":true,"href":"https:\/\/trevotech.com\/fr\/wp-json\/wp\/v2\/media\/3806"}],"wp:attachment":[{"href":"https:\/\/trevotech.com\/fr\/wp-json\/wp\/v2\/media?parent=3968"}],"wp:term":[{"taxonomy":"product_brand","embeddable":true,"href":"https:\/\/trevotech.com\/fr\/wp-json\/wp\/v2\/product_brand?post=3968"},{"taxonomy":"product_cat","embeddable":true,"href":"https:\/\/trevotech.com\/fr\/wp-json\/wp\/v2\/product_cat?post=3968"},{"taxonomy":"product_tag","embeddable":true,"href":"https:\/\/trevotech.com\/fr\/wp-json\/wp\/v2\/product_tag?post=3968"}],"curies":[{"name":"wp","href":"https:\/\/api.w.org\/{rel}","templated":true}]}}