{"id":3973,"date":"2025-03-11T16:18:53","date_gmt":"2025-03-11T16:18:53","guid":{"rendered":"https:\/\/trevotech.com\/produto\/ktm-brabus\/"},"modified":"2025-07-31T17:15:10","modified_gmt":"2025-07-31T17:15:10","slug":"ktm-brabus","status":"publish","type":"product","link":"https:\/\/trevotech.com\/fr\/produto\/ktm-brabus\/","title":{"rendered":"KTM Brabus"},"content":{"rendered":"<p>La <a href=\"https:\/\/trevotech.com\/fr\/marques\/ktm-fr\/\">KTM<\/a> Brabus 1300 R allie performance extr\u00eame et design exclusif, apportant l\u2019\u00e9l\u00e9gance BRABUS \u00e0 l\u2019univers des motos haute performance. Dot\u00e9 d\u2019une ing\u00e9nierie de pointe et de d\u00e9tails raffin\u00e9s, ce mod\u00e8le est le choix id\u00e9al pour ceux qui recherchent puissance, style et exclusivit\u00e9.<\/p>\n<p>Inspir\u00e9e de l\u2019h\u00e9ritage de la KTM BRABUS 1300 R dans le secteur automobile, cette moto offre une exp\u00e9rience de conduite in\u00e9gal\u00e9e, combinant technologie avanc\u00e9e, mat\u00e9riaux haut de gamme et design agressif qui se d\u00e9marque sur toutes les routes.<\/p>\n<p>Chaque d\u00e9tail de la Brabus 1300 R a \u00e9t\u00e9 m\u00e9ticuleusement con\u00e7u pour offrir une fusion parfaite entre luxe et performance. Produite en s\u00e9rie limit\u00e9e, ce mod\u00e8le exclusif garantit une exp\u00e9rience de conduite unique pour les v\u00e9ritables passionn\u00e9s de vitesse.<\/p>\n<p>La KTM Brabus 1300 R allie performance extr\u00eame et design exclusif, apportant l\u2019\u00e9l\u00e9gance BRABUS \u00e0 l\u2019univers des motos haute performance. Dot\u00e9 d\u2019une ing\u00e9nierie de pointe et de d\u00e9tails raffin\u00e9s, ce mod\u00e8le est le choix id\u00e9al pour ceux qui recherchent puissance, style et exclusivit\u00e9.<\/p>\n<p>Inspir\u00e9e de l\u2019h\u00e9ritage de la KTM BRABUS 1300 R dans le secteur automobile, cette moto offre une exp\u00e9rience de conduite in\u00e9gal\u00e9e, combinant technologie avanc\u00e9e, mat\u00e9riaux haut de gamme et design agressif qui se d\u00e9marque sur toutes les routes.<\/p>\n<p>Chaque d\u00e9tail de la Brabus 1300 R a \u00e9t\u00e9 m\u00e9ticuleusement con\u00e7u pour offrir une fusion parfaite entre luxe et performance. Produite en s\u00e9rie limit\u00e9e, ce mod\u00e8le exclusif garantit une exp\u00e9rience de conduite unique pour les v\u00e9ritables passionn\u00e9s de vitesse.<\/p>\n<p>Inspir\u00e9e de l\u2019h\u00e9ritage de la KTM BRABUS 1300 R dans le secteur automobile, cette moto offre une exp\u00e9rience de conduite in\u00e9gal\u00e9e, combinant technologie avanc\u00e9e, mat\u00e9riaux haut de gamme et design agressif qui se d\u00e9marque sur toutes les routes.<\/p>\n<p>Chaque d\u00e9tail de la Brabus 1300 R a \u00e9t\u00e9 m\u00e9ticuleusement con\u00e7u pour offrir une fusion parfaite entre luxe et performance. Produite en s\u00e9rie limit\u00e9e, ce mod\u00e8le exclusif garantit une exp\u00e9rience de conduite unique pour les v\u00e9ritables passionn\u00e9s de vitesse.<\/p>\n","protected":false},"excerpt":{"rendered":"<p>La KTM Brabus 1300 R allie performance extr\u00eame et design exclusif, apportant l\u2019\u00e9l\u00e9gance BRABUS \u00e0 l\u2019univers des motos haute performance. Dot\u00e9 d\u2019une ing\u00e9nierie de pointe et de d\u00e9tails raffin\u00e9s, ce mod\u00e8le est le choix id\u00e9al pour ceux qui recherchent puissance, style et exclusivit\u00e9.<\/p>\n<p>Inspir\u00e9e de l\u2019h\u00e9ritage de la KTM BRABUS 1300 R dans le secteur automobile, cette moto offre une exp\u00e9rience de conduite in\u00e9gal\u00e9e, combinant technologie avanc\u00e9e, mat\u00e9riaux haut de gamme et design agressif qui se d\u00e9marque sur toutes les routes.<\/p>\n<p>Chaque d\u00e9tail de la Brabus 1300 R a \u00e9t\u00e9 m\u00e9ticuleusement con\u00e7u pour offrir une fusion parfaite entre luxe et performance. Produite en s\u00e9rie limit\u00e9e, ce mod\u00e8le exclusif garantit une exp\u00e9rience de conduite unique pour les v\u00e9ritables passionn\u00e9s de vitesse.<\/p>\n","protected":false},"featured_media":3974,"comment_status":"closed","ping_status":"closed","template":"","meta":{"_acf_changed":false},"product_brand":[],"product_cat":[],"product_tag":[],"class_list":{"0":"post-3973","1":"product","2":"type-product","3":"status-publish","4":"has-post-thumbnail","6":"setores-automobile","7":"marcas-ktm","8":"tipo_produto-ktm-brabus-fr","10":"first","11":"instock","12":"shipping-taxable","13":"product-type-simple"},"acf":[],"yoast_head":"<!-- This site is optimized with the Yoast SEO plugin v25.2 - https:\/\/yoast.com\/wordpress\/plugins\/seo\/ -->\n<title>KTM Brabus - Trevotech Group<\/title>\n<meta name=\"description\" content=\"La KTM Brabus 1300 R allie performance extr\u00eame et design exclusif, apportant l\u2019\u00e9l\u00e9gance BRABUS \u00e0 l\u2019univers des motos haute performance...\" \/>\n<meta name=\"robots\" content=\"index, follow, max-snippet:-1, max-image-preview:large, max-video-preview:-1\" \/>\n<link rel=\"canonical\" href=\"https:\/\/trevotech.com\/fr\/produto\/ktm-brabus\/\" \/>\n<meta property=\"og:locale\" content=\"fr_FR\" \/>\n<meta property=\"og:type\" content=\"article\" \/>\n<meta property=\"og:title\" content=\"KTM Brabus - Trevotech Group\" \/>\n<meta property=\"og:description\" content=\"La KTM Brabus 1300 R allie performance extr\u00eame et design exclusif, apportant l\u2019\u00e9l\u00e9gance BRABUS \u00e0 l\u2019univers des motos haute performance...\" \/>\n<meta property=\"og:url\" content=\"https:\/\/trevotech.com\/fr\/produto\/ktm-brabus\/\" \/>\n<meta property=\"og:site_name\" content=\"Trevotech Group\" \/>\n<meta property=\"article:modified_time\" content=\"2025-07-31T17:15:10+00:00\" \/>\n<meta property=\"og:image\" content=\"https:\/\/trevotech.com\/wp-content\/uploads\/2025\/03\/KTM-09-1024x1024.png\" \/>\n\t<meta property=\"og:image:width\" content=\"1024\" \/>\n\t<meta property=\"og:image:height\" content=\"1024\" \/>\n\t<meta property=\"og:image:type\" content=\"image\/png\" \/>\n<meta name=\"twitter:card\" content=\"summary_large_image\" \/>\n<meta name=\"twitter:label1\" content=\"Dur\u00e9e de lecture estim\u00e9e\" \/>\n\t<meta name=\"twitter:data1\" content=\"2 minutes\" \/>\n<script type=\"application\/ld+json\" class=\"yoast-schema-graph\">{\"@context\":\"https:\/\/schema.org\",\"@graph\":[{\"@type\":\"WebPage\",\"@id\":\"https:\/\/trevotech.com\/fr\/produto\/ktm-brabus\/\",\"url\":\"https:\/\/trevotech.com\/fr\/produto\/ktm-brabus\/\",\"name\":\"KTM Brabus - Trevotech Group\",\"isPartOf\":{\"@id\":\"https:\/\/trevotech.com\/fr\/#website\"},\"primaryImageOfPage\":{\"@id\":\"https:\/\/trevotech.com\/fr\/produto\/ktm-brabus\/#primaryimage\"},\"image\":{\"@id\":\"https:\/\/trevotech.com\/fr\/produto\/ktm-brabus\/#primaryimage\"},\"thumbnailUrl\":\"https:\/\/trevotech.com\/wp-content\/uploads\/2025\/03\/KTM-09.png\",\"datePublished\":\"2025-03-11T16:18:53+00:00\",\"dateModified\":\"2025-07-31T17:15:10+00:00\",\"description\":\"La KTM Brabus 1300 R allie performance extr\u00eame et design exclusif, apportant l\u2019\u00e9l\u00e9gance BRABUS \u00e0 l\u2019univers des motos haute performance...\",\"breadcrumb\":{\"@id\":\"https:\/\/trevotech.com\/fr\/produto\/ktm-brabus\/#breadcrumb\"},\"inLanguage\":\"fr-FR\",\"potentialAction\":[{\"@type\":\"ReadAction\",\"target\":[\"https:\/\/trevotech.com\/fr\/produto\/ktm-brabus\/\"]}]},{\"@type\":\"ImageObject\",\"inLanguage\":\"fr-FR\",\"@id\":\"https:\/\/trevotech.com\/fr\/produto\/ktm-brabus\/#primaryimage\",\"url\":\"https:\/\/trevotech.com\/wp-content\/uploads\/2025\/03\/KTM-09.png\",\"contentUrl\":\"https:\/\/trevotech.com\/wp-content\/uploads\/2025\/03\/KTM-09.png\",\"width\":4167,\"height\":4167,\"caption\":\"KTM BRABUS 1300 R\"},{\"@type\":\"BreadcrumbList\",\"@id\":\"https:\/\/trevotech.com\/fr\/produto\/ktm-brabus\/#breadcrumb\",\"itemListElement\":[{\"@type\":\"ListItem\",\"position\":1,\"name\":\"In\u00edcio\",\"item\":\"https:\/\/trevotech.com\/fr\/\"},{\"@type\":\"ListItem\",\"position\":2,\"name\":\"Produits\",\"item\":\"https:\/\/trevotech.com\/fr\/shop\/\"},{\"@type\":\"ListItem\",\"position\":3,\"name\":\"KTM Brabus\"}]},{\"@type\":\"WebSite\",\"@id\":\"https:\/\/trevotech.com\/fr\/#website\",\"url\":\"https:\/\/trevotech.com\/fr\/\",\"name\":\"Trevotech Group\",\"description\":\"\",\"potentialAction\":[{\"@type\":\"SearchAction\",\"target\":{\"@type\":\"EntryPoint\",\"urlTemplate\":\"https:\/\/trevotech.com\/fr\/?s={search_term_string}\"},\"query-input\":{\"@type\":\"PropertyValueSpecification\",\"valueRequired\":true,\"valueName\":\"search_term_string\"}}],\"inLanguage\":\"fr-FR\"}]}<\/script>\n<!-- \/ Yoast SEO plugin. -->","yoast_head_json":{"title":"KTM Brabus - Trevotech Group","description":"La KTM Brabus 1300 R allie performance extr\u00eame et design exclusif, apportant l\u2019\u00e9l\u00e9gance BRABUS \u00e0 l\u2019univers des motos haute performance...","robots":{"index":"index","follow":"follow","max-snippet":"max-snippet:-1","max-image-preview":"max-image-preview:large","max-video-preview":"max-video-preview:-1"},"canonical":"https:\/\/trevotech.com\/fr\/produto\/ktm-brabus\/","og_locale":"fr_FR","og_type":"article","og_title":"KTM Brabus - Trevotech Group","og_description":"La KTM Brabus 1300 R allie performance extr\u00eame et design exclusif, apportant l\u2019\u00e9l\u00e9gance BRABUS \u00e0 l\u2019univers des motos haute performance...","og_url":"https:\/\/trevotech.com\/fr\/produto\/ktm-brabus\/","og_site_name":"Trevotech Group","article_modified_time":"2025-07-31T17:15:10+00:00","og_image":[{"width":1024,"height":1024,"url":"https:\/\/trevotech.com\/wp-content\/uploads\/2025\/03\/KTM-09-1024x1024.png","type":"image\/png"}],"twitter_card":"summary_large_image","twitter_misc":{"Dur\u00e9e de lecture estim\u00e9e":"2 minutes"},"schema":{"@context":"https:\/\/schema.org","@graph":[{"@type":"WebPage","@id":"https:\/\/trevotech.com\/fr\/produto\/ktm-brabus\/","url":"https:\/\/trevotech.com\/fr\/produto\/ktm-brabus\/","name":"KTM Brabus - Trevotech Group","isPartOf":{"@id":"https:\/\/trevotech.com\/fr\/#website"},"primaryImageOfPage":{"@id":"https:\/\/trevotech.com\/fr\/produto\/ktm-brabus\/#primaryimage"},"image":{"@id":"https:\/\/trevotech.com\/fr\/produto\/ktm-brabus\/#primaryimage"},"thumbnailUrl":"https:\/\/trevotech.com\/wp-content\/uploads\/2025\/03\/KTM-09.png","datePublished":"2025-03-11T16:18:53+00:00","dateModified":"2025-07-31T17:15:10+00:00","description":"La KTM Brabus 1300 R allie performance extr\u00eame et design exclusif, apportant l\u2019\u00e9l\u00e9gance BRABUS \u00e0 l\u2019univers des motos haute performance...","breadcrumb":{"@id":"https:\/\/trevotech.com\/fr\/produto\/ktm-brabus\/#breadcrumb"},"inLanguage":"fr-FR","potentialAction":[{"@type":"ReadAction","target":["https:\/\/trevotech.com\/fr\/produto\/ktm-brabus\/"]}]},{"@type":"ImageObject","inLanguage":"fr-FR","@id":"https:\/\/trevotech.com\/fr\/produto\/ktm-brabus\/#primaryimage","url":"https:\/\/trevotech.com\/wp-content\/uploads\/2025\/03\/KTM-09.png","contentUrl":"https:\/\/trevotech.com\/wp-content\/uploads\/2025\/03\/KTM-09.png","width":4167,"height":4167,"caption":"KTM BRABUS 1300 R"},{"@type":"BreadcrumbList","@id":"https:\/\/trevotech.com\/fr\/produto\/ktm-brabus\/#breadcrumb","itemListElement":[{"@type":"ListItem","position":1,"name":"In\u00edcio","item":"https:\/\/trevotech.com\/fr\/"},{"@type":"ListItem","position":2,"name":"Produits","item":"https:\/\/trevotech.com\/fr\/shop\/"},{"@type":"ListItem","position":3,"name":"KTM Brabus"}]},{"@type":"WebSite","@id":"https:\/\/trevotech.com\/fr\/#website","url":"https:\/\/trevotech.com\/fr\/","name":"Trevotech Group","description":"","potentialAction":[{"@type":"SearchAction","target":{"@type":"EntryPoint","urlTemplate":"https:\/\/trevotech.com\/fr\/?s={search_term_string}"},"query-input":{"@type":"PropertyValueSpecification","valueRequired":true,"valueName":"search_term_string"}}],"inLanguage":"fr-FR"}]}},"_links":{"self":[{"href":"https:\/\/trevotech.com\/fr\/wp-json\/wp\/v2\/product\/3973","targetHints":{"allow":["GET"]}}],"collection":[{"href":"https:\/\/trevotech.com\/fr\/wp-json\/wp\/v2\/product"}],"about":[{"href":"https:\/\/trevotech.com\/fr\/wp-json\/wp\/v2\/types\/product"}],"replies":[{"embeddable":true,"href":"https:\/\/trevotech.com\/fr\/wp-json\/wp\/v2\/comments?post=3973"}],"wp:featuredmedia":[{"embeddable":true,"href":"https:\/\/trevotech.com\/fr\/wp-json\/wp\/v2\/media\/3974"}],"wp:attachment":[{"href":"https:\/\/trevotech.com\/fr\/wp-json\/wp\/v2\/media?parent=3973"}],"wp:term":[{"taxonomy":"product_brand","embeddable":true,"href":"https:\/\/trevotech.com\/fr\/wp-json\/wp\/v2\/product_brand?post=3973"},{"taxonomy":"product_cat","embeddable":true,"href":"https:\/\/trevotech.com\/fr\/wp-json\/wp\/v2\/product_cat?post=3973"},{"taxonomy":"product_tag","embeddable":true,"href":"https:\/\/trevotech.com\/fr\/wp-json\/wp\/v2\/product_tag?post=3973"}],"curies":[{"name":"wp","href":"https:\/\/api.w.org\/{rel}","templated":true}]}}