{"id":3975,"date":"2024-11-07T20:41:49","date_gmt":"2024-11-07T20:41:49","guid":{"rendered":"https:\/\/trevotech.com\/produto\/ktm-cross-country\/"},"modified":"2025-08-05T11:13:57","modified_gmt":"2025-08-05T11:13:57","slug":"ktm-cross-country","status":"publish","type":"product","link":"https:\/\/trevotech.com\/fr\/produto\/ktm-cross-country\/","title":{"rendered":"KTM Cross Country"},"content":{"rendered":"<p><span style=\"font-weight: 400;\">Les mod\u00e8les<a href=\"https:\/\/trevotech.com\/fr\/marques\/ktm-fr\/\"> KTM<\/a> Cross Country sont con\u00e7us pour affronter les terrains les plus difficiles en tout-terrain, combinant vitesse, agilit\u00e9 et durabilit\u00e9 afin de r\u00e9pondre aux exigences des pilotes les plus comp\u00e9titifs.<\/span><span style=\"font-weight: 400;\"><br \/>\n<\/span><span style=\"font-weight: 400;\">Optimis\u00e9es pour les courses Cross Country, o\u00f9 l\u2019endurance et la maniabilit\u00e9 sont essentielles, ces motos comme la s\u00e9rie EXC sont \u00e9quip\u00e9es de moteurs puissants, de syst\u00e8mes de suspension avanc\u00e9s et de ch\u00e2ssis l\u00e9gers, garantissant des performances exceptionnelles sur tout type de terrain, des sentiers rocheux aux pistes boueuses.<\/span><span style=\"font-weight: 400;\"><br \/>\n<\/span><span style=\"font-weight: 400;\">L&rsquo;engagement de KTM envers l&rsquo;innovation se refl\u00e8te dans des mises \u00e0 jour constantes int\u00e9grant les derni\u00e8res technologies pour une meilleure r\u00e9partition de la puissance, un plus grand confort du pilote et une durabilit\u00e9 accrue.<\/span><span style=\"font-weight: 400;\"><br \/>\n<\/span><span style=\"font-weight: 400;\">Que ce soit pour la comp\u00e9tition ou les loisirs, les KTM Cross Country sont des machines taill\u00e9es pour relever tous les d\u00e9fis du tout-terrain.<\/span><\/p>\n<p><span style=\"font-weight: 400;\">Les mod\u00e8les KTM Cross Country sont con\u00e7us pour affronter les terrains les plus difficiles en tout-terrain, combinant vitesse, agilit\u00e9 et durabilit\u00e9 afin de r\u00e9pondre aux exigences des pilotes les plus comp\u00e9titifs.<\/span><span style=\"font-weight: 400;\"><br \/>\n<\/span><span style=\"font-weight: 400;\">Optimis\u00e9es pour les courses Cross Country, o\u00f9 l\u2019endurance et la maniabilit\u00e9 sont essentielles, ces motos comme la s\u00e9rie EXC sont \u00e9quip\u00e9es de moteurs puissants, de syst\u00e8mes de suspension avanc\u00e9s et de ch\u00e2ssis l\u00e9gers, garantissant des performances exceptionnelles sur tout type de terrain, des sentiers rocheux aux pistes boueuses.<\/span><span style=\"font-weight: 400;\"><br \/>\n<\/span><span style=\"font-weight: 400;\">L&rsquo;engagement de KTM envers l&rsquo;innovation se refl\u00e8te dans des mises \u00e0 jour constantes int\u00e9grant les derni\u00e8res technologies pour une meilleure r\u00e9partition de la puissance, un plus grand confort du pilote et une durabilit\u00e9 accrue.<\/span><span style=\"font-weight: 400;\"><br \/>\n<\/span><span style=\"font-weight: 400;\">Que ce soit pour la comp\u00e9tition ou les loisirs, les KTM Cross Country sont des machines taill\u00e9es pour relever tous les d\u00e9fis du tout-terrain.<\/span><\/p>\n","protected":false},"excerpt":{"rendered":"<p><span style=\"font-weight: 400;\">Les mod\u00e8les KTM Cross Country sont con\u00e7us pour affronter les terrains les plus difficiles en tout-terrain, combinant vitesse, agilit\u00e9 et durabilit\u00e9 afin de r\u00e9pondre aux exigences des pilotes les plus comp\u00e9titifs.<\/span><span style=\"font-weight: 400;\"><br \/>\n<\/span><span style=\"font-weight: 400;\">Optimis\u00e9es pour les courses Cross Country, o\u00f9 l\u2019endurance et la maniabilit\u00e9 sont essentielles, ces motos comme la s\u00e9rie EXC sont \u00e9quip\u00e9es de moteurs puissants, de syst\u00e8mes de suspension avanc\u00e9s et de ch\u00e2ssis l\u00e9gers, garantissant des performances exceptionnelles sur tout type de terrain, des sentiers rocheux aux pistes boueuses.<\/span><span style=\"font-weight: 400;\"><br \/>\n<\/span><span style=\"font-weight: 400;\">L&rsquo;engagement de KTM envers l&rsquo;innovation se refl\u00e8te dans des mises \u00e0 jour constantes int\u00e9grant les derni\u00e8res technologies pour une meilleure r\u00e9partition de la puissance, un plus grand confort du pilote et une durabilit\u00e9 accrue.<\/span><span style=\"font-weight: 400;\"><br \/>\n<\/span><span style=\"font-weight: 400;\">Que ce soit pour la comp\u00e9tition ou les loisirs, les KTM Cross Country sont des machines taill\u00e9es pour relever tous les d\u00e9fis du tout-terrain.<\/span><\/p>\n","protected":false},"featured_media":3976,"comment_status":"open","ping_status":"closed","template":"","meta":{"_acf_changed":false},"product_brand":[],"product_cat":[458],"product_tag":[],"class_list":{"0":"post-3975","1":"product","2":"type-product","3":"status-publish","4":"has-post-thumbnail","6":"product_cat-sem-categoria-fr","7":"setores-automobile","8":"setores-transport-et-logistique","9":"marcas-ktm","10":"tipo_produto-ktm-cross-country-fr","12":"first","13":"instock","14":"shipping-taxable","15":"product-type-simple"},"acf":[],"yoast_head":"<!-- This site is optimized with the Yoast SEO plugin v25.2 - https:\/\/yoast.com\/wordpress\/plugins\/seo\/ -->\n<title>KTM Cross Country - Trevotech Group<\/title>\n<meta name=\"description\" content=\"Les mod\u00e8les KTM Cross Country sont con\u00e7us pour affronter les terrains les plus difficiles en tout-terrain, combinant vitesse, agilit\u00e9 et...\" \/>\n<meta name=\"robots\" content=\"index, follow, max-snippet:-1, max-image-preview:large, max-video-preview:-1\" \/>\n<link rel=\"canonical\" href=\"https:\/\/trevotech.com\/fr\/produto\/ktm-cross-country\/\" \/>\n<meta property=\"og:locale\" content=\"fr_FR\" \/>\n<meta property=\"og:type\" content=\"article\" \/>\n<meta property=\"og:title\" content=\"KTM Cross Country - Trevotech Group\" \/>\n<meta property=\"og:description\" content=\"Les mod\u00e8les KTM Cross Country sont con\u00e7us pour affronter les terrains les plus difficiles en tout-terrain, combinant vitesse, agilit\u00e9 et...\" \/>\n<meta property=\"og:url\" content=\"https:\/\/trevotech.com\/fr\/produto\/ktm-cross-country\/\" \/>\n<meta property=\"og:site_name\" content=\"Trevotech Group\" \/>\n<meta property=\"article:modified_time\" content=\"2025-08-05T11:13:57+00:00\" \/>\n<meta property=\"og:image\" content=\"https:\/\/trevotech.com\/wp-content\/uploads\/2024\/11\/KTM-01-1.webp\" \/>\n\t<meta property=\"og:image:width\" content=\"1000\" \/>\n\t<meta property=\"og:image:height\" content=\"1000\" \/>\n\t<meta property=\"og:image:type\" content=\"image\/webp\" \/>\n<meta name=\"twitter:card\" content=\"summary_large_image\" \/>\n<meta name=\"twitter:label1\" content=\"Dur\u00e9e de lecture estim\u00e9e\" \/>\n\t<meta name=\"twitter:data1\" content=\"2 minutes\" \/>\n<script type=\"application\/ld+json\" class=\"yoast-schema-graph\">{\"@context\":\"https:\/\/schema.org\",\"@graph\":[{\"@type\":\"WebPage\",\"@id\":\"https:\/\/trevotech.com\/fr\/produto\/ktm-cross-country\/\",\"url\":\"https:\/\/trevotech.com\/fr\/produto\/ktm-cross-country\/\",\"name\":\"KTM Cross Country - Trevotech Group\",\"isPartOf\":{\"@id\":\"https:\/\/trevotech.com\/fr\/#website\"},\"primaryImageOfPage\":{\"@id\":\"https:\/\/trevotech.com\/fr\/produto\/ktm-cross-country\/#primaryimage\"},\"image\":{\"@id\":\"https:\/\/trevotech.com\/fr\/produto\/ktm-cross-country\/#primaryimage\"},\"thumbnailUrl\":\"https:\/\/trevotech.com\/wp-content\/uploads\/2024\/11\/KTM-01-1.webp\",\"datePublished\":\"2024-11-07T20:41:49+00:00\",\"dateModified\":\"2025-08-05T11:13:57+00:00\",\"description\":\"Les mod\u00e8les KTM Cross Country sont con\u00e7us pour affronter les terrains les plus difficiles en tout-terrain, combinant vitesse, agilit\u00e9 et...\",\"breadcrumb\":{\"@id\":\"https:\/\/trevotech.com\/fr\/produto\/ktm-cross-country\/#breadcrumb\"},\"inLanguage\":\"fr-FR\",\"potentialAction\":[{\"@type\":\"ReadAction\",\"target\":[\"https:\/\/trevotech.com\/fr\/produto\/ktm-cross-country\/\"]}]},{\"@type\":\"ImageObject\",\"inLanguage\":\"fr-FR\",\"@id\":\"https:\/\/trevotech.com\/fr\/produto\/ktm-cross-country\/#primaryimage\",\"url\":\"https:\/\/trevotech.com\/wp-content\/uploads\/2024\/11\/KTM-01-1.webp\",\"contentUrl\":\"https:\/\/trevotech.com\/wp-content\/uploads\/2024\/11\/KTM-01-1.webp\",\"width\":1000,\"height\":1000,\"caption\":\"KTM Cross Country\"},{\"@type\":\"BreadcrumbList\",\"@id\":\"https:\/\/trevotech.com\/fr\/produto\/ktm-cross-country\/#breadcrumb\",\"itemListElement\":[{\"@type\":\"ListItem\",\"position\":1,\"name\":\"In\u00edcio\",\"item\":\"https:\/\/trevotech.com\/fr\/\"},{\"@type\":\"ListItem\",\"position\":2,\"name\":\"Produits\",\"item\":\"https:\/\/trevotech.com\/fr\/shop\/\"},{\"@type\":\"ListItem\",\"position\":3,\"name\":\"KTM Cross Country\"}]},{\"@type\":\"WebSite\",\"@id\":\"https:\/\/trevotech.com\/fr\/#website\",\"url\":\"https:\/\/trevotech.com\/fr\/\",\"name\":\"Trevotech Group\",\"description\":\"\",\"potentialAction\":[{\"@type\":\"SearchAction\",\"target\":{\"@type\":\"EntryPoint\",\"urlTemplate\":\"https:\/\/trevotech.com\/fr\/?s={search_term_string}\"},\"query-input\":{\"@type\":\"PropertyValueSpecification\",\"valueRequired\":true,\"valueName\":\"search_term_string\"}}],\"inLanguage\":\"fr-FR\"}]}<\/script>\n<!-- \/ Yoast SEO plugin. -->","yoast_head_json":{"title":"KTM Cross Country - Trevotech Group","description":"Les mod\u00e8les KTM Cross Country sont con\u00e7us pour affronter les terrains les plus difficiles en tout-terrain, combinant vitesse, agilit\u00e9 et...","robots":{"index":"index","follow":"follow","max-snippet":"max-snippet:-1","max-image-preview":"max-image-preview:large","max-video-preview":"max-video-preview:-1"},"canonical":"https:\/\/trevotech.com\/fr\/produto\/ktm-cross-country\/","og_locale":"fr_FR","og_type":"article","og_title":"KTM Cross Country - Trevotech Group","og_description":"Les mod\u00e8les KTM Cross Country sont con\u00e7us pour affronter les terrains les plus difficiles en tout-terrain, combinant vitesse, agilit\u00e9 et...","og_url":"https:\/\/trevotech.com\/fr\/produto\/ktm-cross-country\/","og_site_name":"Trevotech Group","article_modified_time":"2025-08-05T11:13:57+00:00","og_image":[{"width":1000,"height":1000,"url":"https:\/\/trevotech.com\/wp-content\/uploads\/2024\/11\/KTM-01-1.webp","type":"image\/webp"}],"twitter_card":"summary_large_image","twitter_misc":{"Dur\u00e9e de lecture estim\u00e9e":"2 minutes"},"schema":{"@context":"https:\/\/schema.org","@graph":[{"@type":"WebPage","@id":"https:\/\/trevotech.com\/fr\/produto\/ktm-cross-country\/","url":"https:\/\/trevotech.com\/fr\/produto\/ktm-cross-country\/","name":"KTM Cross Country - Trevotech Group","isPartOf":{"@id":"https:\/\/trevotech.com\/fr\/#website"},"primaryImageOfPage":{"@id":"https:\/\/trevotech.com\/fr\/produto\/ktm-cross-country\/#primaryimage"},"image":{"@id":"https:\/\/trevotech.com\/fr\/produto\/ktm-cross-country\/#primaryimage"},"thumbnailUrl":"https:\/\/trevotech.com\/wp-content\/uploads\/2024\/11\/KTM-01-1.webp","datePublished":"2024-11-07T20:41:49+00:00","dateModified":"2025-08-05T11:13:57+00:00","description":"Les mod\u00e8les KTM Cross Country sont con\u00e7us pour affronter les terrains les plus difficiles en tout-terrain, combinant vitesse, agilit\u00e9 et...","breadcrumb":{"@id":"https:\/\/trevotech.com\/fr\/produto\/ktm-cross-country\/#breadcrumb"},"inLanguage":"fr-FR","potentialAction":[{"@type":"ReadAction","target":["https:\/\/trevotech.com\/fr\/produto\/ktm-cross-country\/"]}]},{"@type":"ImageObject","inLanguage":"fr-FR","@id":"https:\/\/trevotech.com\/fr\/produto\/ktm-cross-country\/#primaryimage","url":"https:\/\/trevotech.com\/wp-content\/uploads\/2024\/11\/KTM-01-1.webp","contentUrl":"https:\/\/trevotech.com\/wp-content\/uploads\/2024\/11\/KTM-01-1.webp","width":1000,"height":1000,"caption":"KTM Cross Country"},{"@type":"BreadcrumbList","@id":"https:\/\/trevotech.com\/fr\/produto\/ktm-cross-country\/#breadcrumb","itemListElement":[{"@type":"ListItem","position":1,"name":"In\u00edcio","item":"https:\/\/trevotech.com\/fr\/"},{"@type":"ListItem","position":2,"name":"Produits","item":"https:\/\/trevotech.com\/fr\/shop\/"},{"@type":"ListItem","position":3,"name":"KTM Cross Country"}]},{"@type":"WebSite","@id":"https:\/\/trevotech.com\/fr\/#website","url":"https:\/\/trevotech.com\/fr\/","name":"Trevotech Group","description":"","potentialAction":[{"@type":"SearchAction","target":{"@type":"EntryPoint","urlTemplate":"https:\/\/trevotech.com\/fr\/?s={search_term_string}"},"query-input":{"@type":"PropertyValueSpecification","valueRequired":true,"valueName":"search_term_string"}}],"inLanguage":"fr-FR"}]}},"_links":{"self":[{"href":"https:\/\/trevotech.com\/fr\/wp-json\/wp\/v2\/product\/3975","targetHints":{"allow":["GET"]}}],"collection":[{"href":"https:\/\/trevotech.com\/fr\/wp-json\/wp\/v2\/product"}],"about":[{"href":"https:\/\/trevotech.com\/fr\/wp-json\/wp\/v2\/types\/product"}],"replies":[{"embeddable":true,"href":"https:\/\/trevotech.com\/fr\/wp-json\/wp\/v2\/comments?post=3975"}],"wp:featuredmedia":[{"embeddable":true,"href":"https:\/\/trevotech.com\/fr\/wp-json\/wp\/v2\/media\/3976"}],"wp:attachment":[{"href":"https:\/\/trevotech.com\/fr\/wp-json\/wp\/v2\/media?parent=3975"}],"wp:term":[{"taxonomy":"product_brand","embeddable":true,"href":"https:\/\/trevotech.com\/fr\/wp-json\/wp\/v2\/product_brand?post=3975"},{"taxonomy":"product_cat","embeddable":true,"href":"https:\/\/trevotech.com\/fr\/wp-json\/wp\/v2\/product_cat?post=3975"},{"taxonomy":"product_tag","embeddable":true,"href":"https:\/\/trevotech.com\/fr\/wp-json\/wp\/v2\/product_tag?post=3975"}],"curies":[{"name":"wp","href":"https:\/\/api.w.org\/{rel}","templated":true}]}}