{"id":3977,"date":"2024-11-07T20:39:09","date_gmt":"2024-11-07T20:39:09","guid":{"rendered":"https:\/\/trevotech.com\/produto\/ktm-enduro\/"},"modified":"2025-08-05T11:14:48","modified_gmt":"2025-08-05T11:14:48","slug":"ktm-enduro","status":"publish","type":"product","link":"https:\/\/trevotech.com\/fr\/produto\/ktm-enduro\/","title":{"rendered":"KTM Enduro"},"content":{"rendered":"<p><span style=\"font-weight: 400;\">Les<a href=\"https:\/\/trevotech.com\/fr\/marques\/ktm-fr\/\"> KTM<\/a> Enduro sont con\u00e7ues pour exceller dans les conditions les plus extr\u00eames du tout-terrain, offrant des performances remarquables sur les pistes techniques et lors des longues courses.<\/span><span style=\"font-weight: 400;\"><br \/>\n<\/span><span style=\"font-weight: 400;\">Des mod\u00e8les tels que la KTM 300 EXC ou la 500 EXC-F proposent des moteurs 2 ou 4 temps puissants, offrant un couple impressionnant et une r\u00e9ponse rapide pour affronter les terrains les plus exigeants.<\/span><span style=\"font-weight: 400;\"><br \/>\n<\/span><span style=\"font-weight: 400;\">Gr\u00e2ce \u00e0 des suspensions haut de gamme, des ch\u00e2ssis l\u00e9gers et un design ergonomique, ces motos offrent un contr\u00f4le optimal et un confort sup\u00e9rieur.<\/span><span style=\"font-weight: 400;\"><br \/>\n<\/span><span style=\"font-weight: 400;\">Avec des technologies telles que l\u2019injection \u00e9lectronique et le contr\u00f4le de traction, KTM garantit une puissance ma\u00eetris\u00e9e et une excellente adh\u00e9rence.<\/span><span style=\"font-weight: 400;\"><br \/>\n<\/span><span style=\"font-weight: 400;\">Parfaites pour la comp\u00e9tition ou l\u2019aventure tout-terrain, les KTM Enduro rel\u00e8vent tous les d\u00e9fis avec aisance.<\/span><\/p>\n<p><span style=\"font-weight: 400;\">Les KTM Enduro sont con\u00e7ues pour exceller dans les conditions les plus extr\u00eames du tout-terrain, offrant des performances remarquables sur les pistes techniques et lors des longues courses.<\/span><span style=\"font-weight: 400;\"><br \/>\n<\/span><span style=\"font-weight: 400;\">Des mod\u00e8les tels que la KTM 300 EXC ou la 500 EXC-F proposent des moteurs 2 ou 4 temps puissants, offrant un couple impressionnant et une r\u00e9ponse rapide pour affronter les terrains les plus exigeants.<\/span><span style=\"font-weight: 400;\"><br \/>\n<\/span><span style=\"font-weight: 400;\">Gr\u00e2ce \u00e0 des suspensions haut de gamme, des ch\u00e2ssis l\u00e9gers et un design ergonomique, ces motos offrent un contr\u00f4le optimal et un confort sup\u00e9rieur.<\/span><span style=\"font-weight: 400;\"><br \/>\n<\/span><span style=\"font-weight: 400;\">Avec des technologies telles que l\u2019injection \u00e9lectronique et le contr\u00f4le de traction, KTM garantit une puissance ma\u00eetris\u00e9e et une excellente adh\u00e9rence.<\/span><span style=\"font-weight: 400;\"><br \/>\n<\/span><span style=\"font-weight: 400;\">Parfaites pour la comp\u00e9tition ou l\u2019aventure tout-terrain, les KTM Enduro rel\u00e8vent tous les d\u00e9fis avec aisance.<\/span><\/p>\n","protected":false},"excerpt":{"rendered":"<p><span style=\"font-weight: 400;\">Les KTM Enduro sont con\u00e7ues pour exceller dans les conditions les plus extr\u00eames du tout-terrain, offrant des performances remarquables sur les pistes techniques et lors des longues courses.<\/span><span style=\"font-weight: 400;\"><br \/>\n<\/span><span style=\"font-weight: 400;\">Des mod\u00e8les tels que la KTM 300 EXC ou la 500 EXC-F proposent des moteurs 2 ou 4 temps puissants, offrant un couple impressionnant et une r\u00e9ponse rapide pour affronter les terrains les plus exigeants.<\/span><span style=\"font-weight: 400;\"><br \/>\n<\/span><span style=\"font-weight: 400;\">Gr\u00e2ce \u00e0 des suspensions haut de gamme, des ch\u00e2ssis l\u00e9gers et un design ergonomique, ces motos offrent un contr\u00f4le optimal et un confort sup\u00e9rieur.<\/span><span style=\"font-weight: 400;\"><br \/>\n<\/span><span style=\"font-weight: 400;\">Avec des technologies telles que l\u2019injection \u00e9lectronique et le contr\u00f4le de traction, KTM garantit une puissance ma\u00eetris\u00e9e et une excellente adh\u00e9rence.<\/span><span style=\"font-weight: 400;\"><br \/>\n<\/span><span style=\"font-weight: 400;\">Parfaites pour la comp\u00e9tition ou l\u2019aventure tout-terrain, les KTM Enduro rel\u00e8vent tous les d\u00e9fis avec aisance.<\/span><\/p>\n","protected":false},"featured_media":3978,"comment_status":"open","ping_status":"closed","template":"","meta":{"_acf_changed":false},"product_brand":[],"product_cat":[458],"product_tag":[],"class_list":{"0":"post-3977","1":"product","2":"type-product","3":"status-publish","4":"has-post-thumbnail","6":"product_cat-sem-categoria-fr","7":"setores-automobile","8":"setores-transport-et-logistique","9":"marcas-ktm","10":"tipo_produto-ktm-enduro-fr","12":"first","13":"instock","14":"shipping-taxable","15":"product-type-simple"},"acf":[],"yoast_head":"<!-- This site is optimized with the Yoast SEO plugin v25.2 - https:\/\/yoast.com\/wordpress\/plugins\/seo\/ -->\n<title>KTM Enduro - Trevotech Group<\/title>\n<meta name=\"description\" content=\"Les KTM Enduro sont con\u00e7ues pour exceller dans les conditions les plus extr\u00eames du tout-terrain, offrant des performances remarquables...\" \/>\n<meta name=\"robots\" content=\"index, follow, max-snippet:-1, max-image-preview:large, max-video-preview:-1\" \/>\n<link rel=\"canonical\" href=\"https:\/\/trevotech.com\/fr\/produto\/ktm-enduro\/\" \/>\n<meta property=\"og:locale\" content=\"fr_FR\" \/>\n<meta property=\"og:type\" content=\"article\" \/>\n<meta property=\"og:title\" content=\"KTM Enduro - Trevotech Group\" \/>\n<meta property=\"og:description\" content=\"Les KTM Enduro sont con\u00e7ues pour exceller dans les conditions les plus extr\u00eames du tout-terrain, offrant des performances remarquables...\" \/>\n<meta property=\"og:url\" content=\"https:\/\/trevotech.com\/fr\/produto\/ktm-enduro\/\" \/>\n<meta property=\"og:site_name\" content=\"Trevotech Group\" \/>\n<meta property=\"article:modified_time\" content=\"2025-08-05T11:14:48+00:00\" \/>\n<meta property=\"og:image\" content=\"https:\/\/trevotech.com\/wp-content\/uploads\/2024\/11\/KTM-02-1.webp\" \/>\n\t<meta property=\"og:image:width\" content=\"1000\" \/>\n\t<meta property=\"og:image:height\" content=\"1000\" \/>\n\t<meta property=\"og:image:type\" content=\"image\/webp\" \/>\n<meta name=\"twitter:card\" content=\"summary_large_image\" \/>\n<meta name=\"twitter:label1\" content=\"Dur\u00e9e de lecture estim\u00e9e\" \/>\n\t<meta name=\"twitter:data1\" content=\"2 minutes\" \/>\n<script type=\"application\/ld+json\" class=\"yoast-schema-graph\">{\"@context\":\"https:\/\/schema.org\",\"@graph\":[{\"@type\":\"WebPage\",\"@id\":\"https:\/\/trevotech.com\/fr\/produto\/ktm-enduro\/\",\"url\":\"https:\/\/trevotech.com\/fr\/produto\/ktm-enduro\/\",\"name\":\"KTM Enduro - Trevotech Group\",\"isPartOf\":{\"@id\":\"https:\/\/trevotech.com\/fr\/#website\"},\"primaryImageOfPage\":{\"@id\":\"https:\/\/trevotech.com\/fr\/produto\/ktm-enduro\/#primaryimage\"},\"image\":{\"@id\":\"https:\/\/trevotech.com\/fr\/produto\/ktm-enduro\/#primaryimage\"},\"thumbnailUrl\":\"https:\/\/trevotech.com\/wp-content\/uploads\/2024\/11\/KTM-02-1.webp\",\"datePublished\":\"2024-11-07T20:39:09+00:00\",\"dateModified\":\"2025-08-05T11:14:48+00:00\",\"description\":\"Les KTM Enduro sont con\u00e7ues pour exceller dans les conditions les plus extr\u00eames du tout-terrain, offrant des performances remarquables...\",\"breadcrumb\":{\"@id\":\"https:\/\/trevotech.com\/fr\/produto\/ktm-enduro\/#breadcrumb\"},\"inLanguage\":\"fr-FR\",\"potentialAction\":[{\"@type\":\"ReadAction\",\"target\":[\"https:\/\/trevotech.com\/fr\/produto\/ktm-enduro\/\"]}]},{\"@type\":\"ImageObject\",\"inLanguage\":\"fr-FR\",\"@id\":\"https:\/\/trevotech.com\/fr\/produto\/ktm-enduro\/#primaryimage\",\"url\":\"https:\/\/trevotech.com\/wp-content\/uploads\/2024\/11\/KTM-02-1.webp\",\"contentUrl\":\"https:\/\/trevotech.com\/wp-content\/uploads\/2024\/11\/KTM-02-1.webp\",\"width\":1000,\"height\":1000,\"caption\":\"KTM Enduro\"},{\"@type\":\"BreadcrumbList\",\"@id\":\"https:\/\/trevotech.com\/fr\/produto\/ktm-enduro\/#breadcrumb\",\"itemListElement\":[{\"@type\":\"ListItem\",\"position\":1,\"name\":\"In\u00edcio\",\"item\":\"https:\/\/trevotech.com\/fr\/\"},{\"@type\":\"ListItem\",\"position\":2,\"name\":\"Produits\",\"item\":\"https:\/\/trevotech.com\/fr\/shop\/\"},{\"@type\":\"ListItem\",\"position\":3,\"name\":\"KTM Enduro\"}]},{\"@type\":\"WebSite\",\"@id\":\"https:\/\/trevotech.com\/fr\/#website\",\"url\":\"https:\/\/trevotech.com\/fr\/\",\"name\":\"Trevotech Group\",\"description\":\"\",\"potentialAction\":[{\"@type\":\"SearchAction\",\"target\":{\"@type\":\"EntryPoint\",\"urlTemplate\":\"https:\/\/trevotech.com\/fr\/?s={search_term_string}\"},\"query-input\":{\"@type\":\"PropertyValueSpecification\",\"valueRequired\":true,\"valueName\":\"search_term_string\"}}],\"inLanguage\":\"fr-FR\"}]}<\/script>\n<!-- \/ Yoast SEO plugin. -->","yoast_head_json":{"title":"KTM Enduro - Trevotech Group","description":"Les KTM Enduro sont con\u00e7ues pour exceller dans les conditions les plus extr\u00eames du tout-terrain, offrant des performances remarquables...","robots":{"index":"index","follow":"follow","max-snippet":"max-snippet:-1","max-image-preview":"max-image-preview:large","max-video-preview":"max-video-preview:-1"},"canonical":"https:\/\/trevotech.com\/fr\/produto\/ktm-enduro\/","og_locale":"fr_FR","og_type":"article","og_title":"KTM Enduro - Trevotech Group","og_description":"Les KTM Enduro sont con\u00e7ues pour exceller dans les conditions les plus extr\u00eames du tout-terrain, offrant des performances remarquables...","og_url":"https:\/\/trevotech.com\/fr\/produto\/ktm-enduro\/","og_site_name":"Trevotech Group","article_modified_time":"2025-08-05T11:14:48+00:00","og_image":[{"width":1000,"height":1000,"url":"https:\/\/trevotech.com\/wp-content\/uploads\/2024\/11\/KTM-02-1.webp","type":"image\/webp"}],"twitter_card":"summary_large_image","twitter_misc":{"Dur\u00e9e de lecture estim\u00e9e":"2 minutes"},"schema":{"@context":"https:\/\/schema.org","@graph":[{"@type":"WebPage","@id":"https:\/\/trevotech.com\/fr\/produto\/ktm-enduro\/","url":"https:\/\/trevotech.com\/fr\/produto\/ktm-enduro\/","name":"KTM Enduro - Trevotech Group","isPartOf":{"@id":"https:\/\/trevotech.com\/fr\/#website"},"primaryImageOfPage":{"@id":"https:\/\/trevotech.com\/fr\/produto\/ktm-enduro\/#primaryimage"},"image":{"@id":"https:\/\/trevotech.com\/fr\/produto\/ktm-enduro\/#primaryimage"},"thumbnailUrl":"https:\/\/trevotech.com\/wp-content\/uploads\/2024\/11\/KTM-02-1.webp","datePublished":"2024-11-07T20:39:09+00:00","dateModified":"2025-08-05T11:14:48+00:00","description":"Les KTM Enduro sont con\u00e7ues pour exceller dans les conditions les plus extr\u00eames du tout-terrain, offrant des performances remarquables...","breadcrumb":{"@id":"https:\/\/trevotech.com\/fr\/produto\/ktm-enduro\/#breadcrumb"},"inLanguage":"fr-FR","potentialAction":[{"@type":"ReadAction","target":["https:\/\/trevotech.com\/fr\/produto\/ktm-enduro\/"]}]},{"@type":"ImageObject","inLanguage":"fr-FR","@id":"https:\/\/trevotech.com\/fr\/produto\/ktm-enduro\/#primaryimage","url":"https:\/\/trevotech.com\/wp-content\/uploads\/2024\/11\/KTM-02-1.webp","contentUrl":"https:\/\/trevotech.com\/wp-content\/uploads\/2024\/11\/KTM-02-1.webp","width":1000,"height":1000,"caption":"KTM Enduro"},{"@type":"BreadcrumbList","@id":"https:\/\/trevotech.com\/fr\/produto\/ktm-enduro\/#breadcrumb","itemListElement":[{"@type":"ListItem","position":1,"name":"In\u00edcio","item":"https:\/\/trevotech.com\/fr\/"},{"@type":"ListItem","position":2,"name":"Produits","item":"https:\/\/trevotech.com\/fr\/shop\/"},{"@type":"ListItem","position":3,"name":"KTM Enduro"}]},{"@type":"WebSite","@id":"https:\/\/trevotech.com\/fr\/#website","url":"https:\/\/trevotech.com\/fr\/","name":"Trevotech Group","description":"","potentialAction":[{"@type":"SearchAction","target":{"@type":"EntryPoint","urlTemplate":"https:\/\/trevotech.com\/fr\/?s={search_term_string}"},"query-input":{"@type":"PropertyValueSpecification","valueRequired":true,"valueName":"search_term_string"}}],"inLanguage":"fr-FR"}]}},"_links":{"self":[{"href":"https:\/\/trevotech.com\/fr\/wp-json\/wp\/v2\/product\/3977","targetHints":{"allow":["GET"]}}],"collection":[{"href":"https:\/\/trevotech.com\/fr\/wp-json\/wp\/v2\/product"}],"about":[{"href":"https:\/\/trevotech.com\/fr\/wp-json\/wp\/v2\/types\/product"}],"replies":[{"embeddable":true,"href":"https:\/\/trevotech.com\/fr\/wp-json\/wp\/v2\/comments?post=3977"}],"wp:featuredmedia":[{"embeddable":true,"href":"https:\/\/trevotech.com\/fr\/wp-json\/wp\/v2\/media\/3978"}],"wp:attachment":[{"href":"https:\/\/trevotech.com\/fr\/wp-json\/wp\/v2\/media?parent=3977"}],"wp:term":[{"taxonomy":"product_brand","embeddable":true,"href":"https:\/\/trevotech.com\/fr\/wp-json\/wp\/v2\/product_brand?post=3977"},{"taxonomy":"product_cat","embeddable":true,"href":"https:\/\/trevotech.com\/fr\/wp-json\/wp\/v2\/product_cat?post=3977"},{"taxonomy":"product_tag","embeddable":true,"href":"https:\/\/trevotech.com\/fr\/wp-json\/wp\/v2\/product_tag?post=3977"}],"curies":[{"name":"wp","href":"https:\/\/api.w.org\/{rel}","templated":true}]}}