{"id":3980,"date":"2024-11-07T20:37:11","date_gmt":"2024-11-07T20:37:11","guid":{"rendered":"https:\/\/trevotech.com\/produto\/ktm-naked-bike\/"},"modified":"2025-08-05T11:15:36","modified_gmt":"2025-08-05T11:15:36","slug":"ktm-naked-bike","status":"publish","type":"product","link":"https:\/\/trevotech.com\/fr\/produto\/ktm-naked-bike\/","title":{"rendered":"KTM Naked Bike"},"content":{"rendered":"<p><span style=\"font-weight: 400;\">Les <a href=\"https:\/\/trevotech.com\/fr\/marques\/ktm-fr\/\">KTM<\/a> Naked Bike, comme la c\u00e9l\u00e8bre 1290 Super Duke R, sont con\u00e7ues pour offrir une puissance brute, une agilit\u00e9 impressionnante et un design audacieux dans un format \u00e9pur\u00e9.<\/span><span style=\"font-weight: 400;\"><br \/>\n<\/span><span style=\"font-weight: 400;\">Elles combinent les performances agressives d\u2019une moto sportive avec le confort et la polyvalence d\u2019un mod\u00e8le standard, id\u00e9ales pour les trajets urbains comme pour les routes sinueuses.<\/span><span style=\"font-weight: 400;\"><br \/>\n<\/span><span style=\"font-weight: 400;\">Dot\u00e9es de moteurs puissants \u2014 souvent V-Twin ou LC8 \u2014 elles offrent une acc\u00e9l\u00e9ration foudroyante, une maniabilit\u00e9 pr\u00e9cise et une exp\u00e9rience de conduite \u00e9lectrisante.<\/span><span style=\"font-weight: 400;\"><br \/>\n<\/span><span style=\"font-weight: 400;\">Leur design minimaliste, angulaire et leur ch\u00e2ssis l\u00e9ger offrent une esth\u00e9tique distinctive et des performances exceptionnelles.<\/span><span style=\"font-weight: 400;\"><br \/>\n<\/span><span style=\"font-weight: 400;\">Parfaites pour les motards \u00e0 la recherche de sensations fortes sur route ouverte, les KTM Naked Bike incarnent puissance ma\u00eetris\u00e9e et libert\u00e9.<\/span><\/p>\n<p><span style=\"font-weight: 400;\">Les KTM Naked Bike, comme la c\u00e9l\u00e8bre 1290 Super Duke R, sont con\u00e7ues pour offrir une puissance brute, une agilit\u00e9 impressionnante et un design audacieux dans un format \u00e9pur\u00e9.<\/span><span style=\"font-weight: 400;\"><br \/>\n<\/span><span style=\"font-weight: 400;\">Elles combinent les performances agressives d\u2019une moto sportive avec le confort et la polyvalence d\u2019un mod\u00e8le standard, id\u00e9ales pour les trajets urbains comme pour les routes sinueuses.<\/span><span style=\"font-weight: 400;\"><br \/>\n<\/span><span style=\"font-weight: 400;\">Dot\u00e9es de moteurs puissants \u2014 souvent V-Twin ou LC8 \u2014 elles offrent une acc\u00e9l\u00e9ration foudroyante, une maniabilit\u00e9 pr\u00e9cise et une exp\u00e9rience de conduite \u00e9lectrisante.<\/span><span style=\"font-weight: 400;\"><br \/>\n<\/span><span style=\"font-weight: 400;\">Leur design minimaliste, angulaire et leur ch\u00e2ssis l\u00e9ger offrent une esth\u00e9tique distinctive et des performances exceptionnelles.<\/span><span style=\"font-weight: 400;\"><br \/>\n<\/span><span style=\"font-weight: 400;\">Parfaites pour les motards \u00e0 la recherche de sensations fortes sur route ouverte, les KTM Naked Bike incarnent puissance ma\u00eetris\u00e9e et libert\u00e9.<\/span><\/p>\n<p><span style=\"font-weight: 400;\">Les KTM Naked Bike, comme la c\u00e9l\u00e8bre 1290 Super Duke R, sont con\u00e7ues pour offrir une puissance brute, une agilit\u00e9 impressionnante et un design audacieux dans un format \u00e9pur\u00e9.<\/span><span style=\"font-weight: 400;\"><br \/>\n<\/span><span style=\"font-weight: 400;\">Elles combinent les performances agressives d\u2019une moto sportive avec le confort et la polyvalence d\u2019un mod\u00e8le standard, id\u00e9ales pour les trajets urbains comme pour les routes sinueuses.<\/span><span style=\"font-weight: 400;\"><br \/>\n<\/span><span style=\"font-weight: 400;\">Dot\u00e9es de moteurs puissants \u2014 souvent V-Twin ou LC8 \u2014 elles offrent une acc\u00e9l\u00e9ration foudroyante, une maniabilit\u00e9 pr\u00e9cise et une exp\u00e9rience de conduite \u00e9lectrisante.<\/span><span style=\"font-weight: 400;\"><br \/>\n<\/span><span style=\"font-weight: 400;\">Leur design minimaliste, angulaire et leur ch\u00e2ssis l\u00e9ger offrent une esth\u00e9tique distinctive et des performances exceptionnelles.<\/span><span style=\"font-weight: 400;\"><br \/>\n<\/span><span style=\"font-weight: 400;\">Parfaites pour les motards \u00e0 la recherche de sensations fortes sur route ouverte, les KTM Naked Bike incarnent puissance ma\u00eetris\u00e9e et libert\u00e9.<\/span><\/p>\n","protected":false},"excerpt":{"rendered":"<p><span style=\"font-weight: 400;\">Les KTM Naked Bike, comme la c\u00e9l\u00e8bre 1290 Super Duke R, sont con\u00e7ues pour offrir une puissance brute, une agilit\u00e9 impressionnante et un design audacieux dans un format \u00e9pur\u00e9.<\/span><span style=\"font-weight: 400;\"><br \/>\n<\/span><span style=\"font-weight: 400;\">Elles combinent les performances agressives d\u2019une moto sportive avec le confort et la polyvalence d\u2019un mod\u00e8le standard, id\u00e9ales pour les trajets urbains comme pour les routes sinueuses.<\/span><span style=\"font-weight: 400;\"><br \/>\n<\/span><span style=\"font-weight: 400;\">Dot\u00e9es de moteurs puissants \u2014 souvent V-Twin ou LC8 \u2014 elles offrent une acc\u00e9l\u00e9ration foudroyante, une maniabilit\u00e9 pr\u00e9cise et une exp\u00e9rience de conduite \u00e9lectrisante.<\/span><span style=\"font-weight: 400;\"><br \/>\n<\/span><span style=\"font-weight: 400;\">Leur design minimaliste, angulaire et leur ch\u00e2ssis l\u00e9ger offrent une esth\u00e9tique distinctive et des performances exceptionnelles.<\/span><span style=\"font-weight: 400;\"><br \/>\n<\/span><span style=\"font-weight: 400;\">Parfaites pour les motards \u00e0 la recherche de sensations fortes sur route ouverte, les KTM Naked Bike incarnent puissance ma\u00eetris\u00e9e et libert\u00e9.<\/span><\/p>\n","protected":false},"featured_media":3981,"comment_status":"open","ping_status":"closed","template":"","meta":{"_acf_changed":false},"product_brand":[],"product_cat":[458],"product_tag":[],"class_list":{"0":"post-3980","1":"product","2":"type-product","3":"status-publish","4":"has-post-thumbnail","6":"product_cat-sem-categoria-fr","7":"setores-automobile","8":"setores-transport-et-logistique","9":"marcas-ktm","10":"tipo_produto-ktm-naked-bike-fr","12":"first","13":"instock","14":"shipping-taxable","15":"product-type-simple"},"acf":[],"yoast_head":"<!-- This site is optimized with the Yoast SEO plugin v25.2 - https:\/\/yoast.com\/wordpress\/plugins\/seo\/ -->\n<title>KTM Naked Bike - Trevotech Group<\/title>\n<meta name=\"description\" content=\"Les KTM Naked Bike, comme la c\u00e9l\u00e8bre 1290 Super Duke R, sont con\u00e7ues pour offrir une puissance brute, une agilit\u00e9 impressionnante et un...\" \/>\n<meta name=\"robots\" content=\"index, follow, max-snippet:-1, max-image-preview:large, max-video-preview:-1\" \/>\n<link rel=\"canonical\" href=\"https:\/\/trevotech.com\/fr\/produto\/ktm-naked-bike\/\" \/>\n<meta property=\"og:locale\" content=\"fr_FR\" \/>\n<meta property=\"og:type\" content=\"article\" \/>\n<meta property=\"og:title\" content=\"KTM Naked Bike - Trevotech Group\" \/>\n<meta property=\"og:description\" content=\"Les KTM Naked Bike, comme la c\u00e9l\u00e8bre 1290 Super Duke R, sont con\u00e7ues pour offrir une puissance brute, une agilit\u00e9 impressionnante et un...\" \/>\n<meta property=\"og:url\" content=\"https:\/\/trevotech.com\/fr\/produto\/ktm-naked-bike\/\" \/>\n<meta property=\"og:site_name\" content=\"Trevotech Group\" \/>\n<meta property=\"article:modified_time\" content=\"2025-08-05T11:15:36+00:00\" \/>\n<meta property=\"og:image\" content=\"https:\/\/trevotech.com\/wp-content\/uploads\/2024\/11\/KTM-03.webp\" \/>\n\t<meta property=\"og:image:width\" content=\"1000\" \/>\n\t<meta property=\"og:image:height\" content=\"1000\" \/>\n\t<meta property=\"og:image:type\" content=\"image\/webp\" \/>\n<meta name=\"twitter:card\" content=\"summary_large_image\" \/>\n<meta name=\"twitter:label1\" content=\"Dur\u00e9e de lecture estim\u00e9e\" \/>\n\t<meta name=\"twitter:data1\" content=\"3 minutes\" \/>\n<script type=\"application\/ld+json\" class=\"yoast-schema-graph\">{\"@context\":\"https:\/\/schema.org\",\"@graph\":[{\"@type\":\"WebPage\",\"@id\":\"https:\/\/trevotech.com\/fr\/produto\/ktm-naked-bike\/\",\"url\":\"https:\/\/trevotech.com\/fr\/produto\/ktm-naked-bike\/\",\"name\":\"KTM Naked Bike - Trevotech Group\",\"isPartOf\":{\"@id\":\"https:\/\/trevotech.com\/fr\/#website\"},\"primaryImageOfPage\":{\"@id\":\"https:\/\/trevotech.com\/fr\/produto\/ktm-naked-bike\/#primaryimage\"},\"image\":{\"@id\":\"https:\/\/trevotech.com\/fr\/produto\/ktm-naked-bike\/#primaryimage\"},\"thumbnailUrl\":\"https:\/\/trevotech.com\/wp-content\/uploads\/2024\/11\/KTM-03.webp\",\"datePublished\":\"2024-11-07T20:37:11+00:00\",\"dateModified\":\"2025-08-05T11:15:36+00:00\",\"description\":\"Les KTM Naked Bike, comme la c\u00e9l\u00e8bre 1290 Super Duke R, sont con\u00e7ues pour offrir une puissance brute, une agilit\u00e9 impressionnante et un...\",\"breadcrumb\":{\"@id\":\"https:\/\/trevotech.com\/fr\/produto\/ktm-naked-bike\/#breadcrumb\"},\"inLanguage\":\"fr-FR\",\"potentialAction\":[{\"@type\":\"ReadAction\",\"target\":[\"https:\/\/trevotech.com\/fr\/produto\/ktm-naked-bike\/\"]}]},{\"@type\":\"ImageObject\",\"inLanguage\":\"fr-FR\",\"@id\":\"https:\/\/trevotech.com\/fr\/produto\/ktm-naked-bike\/#primaryimage\",\"url\":\"https:\/\/trevotech.com\/wp-content\/uploads\/2024\/11\/KTM-03.webp\",\"contentUrl\":\"https:\/\/trevotech.com\/wp-content\/uploads\/2024\/11\/KTM-03.webp\",\"width\":1000,\"height\":1000,\"caption\":\"KTM Naked Bike\"},{\"@type\":\"BreadcrumbList\",\"@id\":\"https:\/\/trevotech.com\/fr\/produto\/ktm-naked-bike\/#breadcrumb\",\"itemListElement\":[{\"@type\":\"ListItem\",\"position\":1,\"name\":\"In\u00edcio\",\"item\":\"https:\/\/trevotech.com\/fr\/\"},{\"@type\":\"ListItem\",\"position\":2,\"name\":\"Produits\",\"item\":\"https:\/\/trevotech.com\/fr\/shop\/\"},{\"@type\":\"ListItem\",\"position\":3,\"name\":\"KTM Naked Bike\"}]},{\"@type\":\"WebSite\",\"@id\":\"https:\/\/trevotech.com\/fr\/#website\",\"url\":\"https:\/\/trevotech.com\/fr\/\",\"name\":\"Trevotech Group\",\"description\":\"\",\"potentialAction\":[{\"@type\":\"SearchAction\",\"target\":{\"@type\":\"EntryPoint\",\"urlTemplate\":\"https:\/\/trevotech.com\/fr\/?s={search_term_string}\"},\"query-input\":{\"@type\":\"PropertyValueSpecification\",\"valueRequired\":true,\"valueName\":\"search_term_string\"}}],\"inLanguage\":\"fr-FR\"}]}<\/script>\n<!-- \/ Yoast SEO plugin. -->","yoast_head_json":{"title":"KTM Naked Bike - Trevotech Group","description":"Les KTM Naked Bike, comme la c\u00e9l\u00e8bre 1290 Super Duke R, sont con\u00e7ues pour offrir une puissance brute, une agilit\u00e9 impressionnante et un...","robots":{"index":"index","follow":"follow","max-snippet":"max-snippet:-1","max-image-preview":"max-image-preview:large","max-video-preview":"max-video-preview:-1"},"canonical":"https:\/\/trevotech.com\/fr\/produto\/ktm-naked-bike\/","og_locale":"fr_FR","og_type":"article","og_title":"KTM Naked Bike - Trevotech Group","og_description":"Les KTM Naked Bike, comme la c\u00e9l\u00e8bre 1290 Super Duke R, sont con\u00e7ues pour offrir une puissance brute, une agilit\u00e9 impressionnante et un...","og_url":"https:\/\/trevotech.com\/fr\/produto\/ktm-naked-bike\/","og_site_name":"Trevotech Group","article_modified_time":"2025-08-05T11:15:36+00:00","og_image":[{"width":1000,"height":1000,"url":"https:\/\/trevotech.com\/wp-content\/uploads\/2024\/11\/KTM-03.webp","type":"image\/webp"}],"twitter_card":"summary_large_image","twitter_misc":{"Dur\u00e9e de lecture estim\u00e9e":"3 minutes"},"schema":{"@context":"https:\/\/schema.org","@graph":[{"@type":"WebPage","@id":"https:\/\/trevotech.com\/fr\/produto\/ktm-naked-bike\/","url":"https:\/\/trevotech.com\/fr\/produto\/ktm-naked-bike\/","name":"KTM Naked Bike - Trevotech Group","isPartOf":{"@id":"https:\/\/trevotech.com\/fr\/#website"},"primaryImageOfPage":{"@id":"https:\/\/trevotech.com\/fr\/produto\/ktm-naked-bike\/#primaryimage"},"image":{"@id":"https:\/\/trevotech.com\/fr\/produto\/ktm-naked-bike\/#primaryimage"},"thumbnailUrl":"https:\/\/trevotech.com\/wp-content\/uploads\/2024\/11\/KTM-03.webp","datePublished":"2024-11-07T20:37:11+00:00","dateModified":"2025-08-05T11:15:36+00:00","description":"Les KTM Naked Bike, comme la c\u00e9l\u00e8bre 1290 Super Duke R, sont con\u00e7ues pour offrir une puissance brute, une agilit\u00e9 impressionnante et un...","breadcrumb":{"@id":"https:\/\/trevotech.com\/fr\/produto\/ktm-naked-bike\/#breadcrumb"},"inLanguage":"fr-FR","potentialAction":[{"@type":"ReadAction","target":["https:\/\/trevotech.com\/fr\/produto\/ktm-naked-bike\/"]}]},{"@type":"ImageObject","inLanguage":"fr-FR","@id":"https:\/\/trevotech.com\/fr\/produto\/ktm-naked-bike\/#primaryimage","url":"https:\/\/trevotech.com\/wp-content\/uploads\/2024\/11\/KTM-03.webp","contentUrl":"https:\/\/trevotech.com\/wp-content\/uploads\/2024\/11\/KTM-03.webp","width":1000,"height":1000,"caption":"KTM Naked Bike"},{"@type":"BreadcrumbList","@id":"https:\/\/trevotech.com\/fr\/produto\/ktm-naked-bike\/#breadcrumb","itemListElement":[{"@type":"ListItem","position":1,"name":"In\u00edcio","item":"https:\/\/trevotech.com\/fr\/"},{"@type":"ListItem","position":2,"name":"Produits","item":"https:\/\/trevotech.com\/fr\/shop\/"},{"@type":"ListItem","position":3,"name":"KTM Naked Bike"}]},{"@type":"WebSite","@id":"https:\/\/trevotech.com\/fr\/#website","url":"https:\/\/trevotech.com\/fr\/","name":"Trevotech Group","description":"","potentialAction":[{"@type":"SearchAction","target":{"@type":"EntryPoint","urlTemplate":"https:\/\/trevotech.com\/fr\/?s={search_term_string}"},"query-input":{"@type":"PropertyValueSpecification","valueRequired":true,"valueName":"search_term_string"}}],"inLanguage":"fr-FR"}]}},"_links":{"self":[{"href":"https:\/\/trevotech.com\/fr\/wp-json\/wp\/v2\/product\/3980","targetHints":{"allow":["GET"]}}],"collection":[{"href":"https:\/\/trevotech.com\/fr\/wp-json\/wp\/v2\/product"}],"about":[{"href":"https:\/\/trevotech.com\/fr\/wp-json\/wp\/v2\/types\/product"}],"replies":[{"embeddable":true,"href":"https:\/\/trevotech.com\/fr\/wp-json\/wp\/v2\/comments?post=3980"}],"wp:featuredmedia":[{"embeddable":true,"href":"https:\/\/trevotech.com\/fr\/wp-json\/wp\/v2\/media\/3981"}],"wp:attachment":[{"href":"https:\/\/trevotech.com\/fr\/wp-json\/wp\/v2\/media?parent=3980"}],"wp:term":[{"taxonomy":"product_brand","embeddable":true,"href":"https:\/\/trevotech.com\/fr\/wp-json\/wp\/v2\/product_brand?post=3980"},{"taxonomy":"product_cat","embeddable":true,"href":"https:\/\/trevotech.com\/fr\/wp-json\/wp\/v2\/product_cat?post=3980"},{"taxonomy":"product_tag","embeddable":true,"href":"https:\/\/trevotech.com\/fr\/wp-json\/wp\/v2\/product_tag?post=3980"}],"curies":[{"name":"wp","href":"https:\/\/api.w.org\/{rel}","templated":true}]}}