{"id":3984,"date":"2024-11-07T20:34:22","date_gmt":"2024-11-07T20:34:22","guid":{"rendered":"https:\/\/trevotech.com\/produto\/ktm-travel\/"},"modified":"2025-08-05T11:39:56","modified_gmt":"2025-08-05T11:39:56","slug":"ktm-travel","status":"publish","type":"product","link":"https:\/\/trevotech.com\/fr\/produto\/ktm-travel\/","title":{"rendered":"KTM Travel"},"content":{"rendered":"<p><span style=\"font-weight: 400;\">Les KTM Travel, telles que les 1290 Super Adventure et 890 Adventure, sont pens\u00e9es pour les longs trajets et les voyages d\u2019aventure, combinant confort routier et capacit\u00e9s tout-terrain.<\/span><span style=\"font-weight: 400;\"><br \/>\n<\/span><span style=\"font-weight: 400;\">\u00c9quip\u00e9es de moteurs puissants, de suspensions performantes et de ch\u00e2ssis robustes, elles s\u2019adaptent aussi bien aux autoroutes qu\u2019aux pistes accident\u00e9es.<\/span><span style=\"font-weight: 400;\"><br \/>\n<\/span><span style=\"font-weight: 400;\">Con\u00e7ues pour le confort, elles int\u00e8grent une ergonomie r\u00e9glable, de grands r\u00e9servoirs pour une grande autonomie, ainsi que des technologies comme les modes de conduite, le contr\u00f4le de traction et des syst\u00e8mes de freinage avanc\u00e9s.<\/span><span style=\"font-weight: 400;\"><br \/>\n<\/span><span style=\"font-weight: 400;\">Polyvalentes, elles sont id\u00e9ales pour les explorateurs d\u00e9sireux de traverser continents et contr\u00e9es recul\u00e9es.<\/span><span style=\"font-weight: 400;\"><br \/>\n<\/span><span style=\"font-weight: 400;\">Les KTM Travel offrent un parfait \u00e9quilibre entre performance, confort et fiabilit\u00e9, pour les passionn\u00e9s de voyages au long cours.<\/span><\/p>\n<p><span style=\"font-weight: 400;\">Les <a href=\"https:\/\/trevotech.com\/fr\/marques\/ktm-fr\/\">KTM<\/a> Travel, telles que les 1290 Super Adventure et 890 Adventure, sont pens\u00e9es pour les longs trajets et les voyages d\u2019aventure, combinant confort routier et capacit\u00e9s tout-terrain.<\/span><span style=\"font-weight: 400;\"><br \/>\n<\/span><span style=\"font-weight: 400;\">\u00c9quip\u00e9es de moteurs puissants, de suspensions performantes et de ch\u00e2ssis robustes, elles s\u2019adaptent aussi bien aux autoroutes qu\u2019aux pistes accident\u00e9es.<\/span><span style=\"font-weight: 400;\"><br \/>\n<\/span><span style=\"font-weight: 400;\">Con\u00e7ues pour le confort, elles int\u00e8grent une ergonomie r\u00e9glable, de grands r\u00e9servoirs pour une grande autonomie, ainsi que des technologies comme les modes de conduite, le contr\u00f4le de traction et des syst\u00e8mes de freinage avanc\u00e9s.<\/span><span style=\"font-weight: 400;\"><br \/>\n<\/span><span style=\"font-weight: 400;\">Polyvalentes, elles sont id\u00e9ales pour les explorateurs d\u00e9sireux de traverser continents et contr\u00e9es recul\u00e9es.<\/span><span style=\"font-weight: 400;\"><br \/>\n<\/span><span style=\"font-weight: 400;\">Les KTM Travel offrent un parfait \u00e9quilibre entre performance, confort et fiabilit\u00e9, pour les passionn\u00e9s de voyages au long cours.<\/span><\/p>\n<p><span style=\"font-weight: 400;\">Les KTM Travel, telles que les 1290 Super Adventure et 890 Adventure, sont pens\u00e9es pour les longs trajets et les voyages d\u2019aventure, combinant confort routier et capacit\u00e9s tout-terrain.<\/span><span style=\"font-weight: 400;\"><br \/>\n<\/span><span style=\"font-weight: 400;\">\u00c9quip\u00e9es de moteurs puissants, de suspensions performantes et de ch\u00e2ssis robustes, elles s\u2019adaptent aussi bien aux autoroutes qu\u2019aux pistes accident\u00e9es.<\/span><span style=\"font-weight: 400;\"><br \/>\n<\/span><span style=\"font-weight: 400;\">Con\u00e7ues pour le confort, elles int\u00e8grent une ergonomie r\u00e9glable, de grands r\u00e9servoirs pour une grande autonomie, ainsi que des technologies comme les modes de conduite, le contr\u00f4le de traction et des syst\u00e8mes de freinage avanc\u00e9s.<\/span><span style=\"font-weight: 400;\"><br \/>\n<\/span><span style=\"font-weight: 400;\">Polyvalentes, elles sont id\u00e9ales pour les explorateurs d\u00e9sireux de traverser continents et contr\u00e9es recul\u00e9es.<\/span><span style=\"font-weight: 400;\"><br \/>\n<\/span><span style=\"font-weight: 400;\">Les KTM Travel offrent un parfait \u00e9quilibre entre performance, confort et fiabilit\u00e9, pour les passionn\u00e9s de voyages au long cours.<\/span><\/p>\n","protected":false},"excerpt":{"rendered":"<p><span style=\"font-weight: 400;\">Les KTM Travel, telles que les 1290 Super Adventure et 890 Adventure, sont pens\u00e9es pour les longs trajets et les voyages d\u2019aventure, combinant confort routier et capacit\u00e9s tout-terrain.<\/span><span style=\"font-weight: 400;\"><br \/>\n<\/span><span style=\"font-weight: 400;\">\u00c9quip\u00e9es de moteurs puissants, de suspensions performantes et de ch\u00e2ssis robustes, elles s\u2019adaptent aussi bien aux autoroutes qu\u2019aux pistes accident\u00e9es.<\/span><span style=\"font-weight: 400;\"><br \/>\n<\/span><span style=\"font-weight: 400;\">Con\u00e7ues pour le confort, elles int\u00e8grent une ergonomie r\u00e9glable, de grands r\u00e9servoirs pour une grande autonomie, ainsi que des technologies comme les modes de conduite, le contr\u00f4le de traction et des syst\u00e8mes de freinage avanc\u00e9s.<\/span><span style=\"font-weight: 400;\"><br \/>\n<\/span><span style=\"font-weight: 400;\">Polyvalentes, elles sont id\u00e9ales pour les explorateurs d\u00e9sireux de traverser continents et contr\u00e9es recul\u00e9es.<\/span><span style=\"font-weight: 400;\"><br \/>\n<\/span><span style=\"font-weight: 400;\">Les KTM Travel offrent un parfait \u00e9quilibre entre performance, confort et fiabilit\u00e9, pour les passionn\u00e9s de voyages au long cours.<\/span><\/p>\n","protected":false},"featured_media":3985,"comment_status":"open","ping_status":"closed","template":"","meta":{"_acf_changed":false},"product_brand":[],"product_cat":[458],"product_tag":[],"class_list":{"0":"post-3984","1":"product","2":"type-product","3":"status-publish","4":"has-post-thumbnail","6":"product_cat-sem-categoria-fr","7":"setores-automobile","8":"setores-transport-et-logistique","9":"marcas-ktm","10":"tipo_produto-ktm-travel-fr","12":"first","13":"instock","14":"shipping-taxable","15":"product-type-simple"},"acf":[],"yoast_head":"<!-- This site is optimized with the Yoast SEO plugin v25.2 - https:\/\/yoast.com\/wordpress\/plugins\/seo\/ -->\n<title>KTM Travel - Trevotech Group<\/title>\n<meta name=\"description\" content=\"Les KTM Travel, telles que les 1290 Super Adventure et 890 Adventure, sont pens\u00e9es pour les longs trajets et les voyages d\u2019aventure, combinant...\" \/>\n<meta name=\"robots\" content=\"index, follow, max-snippet:-1, max-image-preview:large, max-video-preview:-1\" \/>\n<link rel=\"canonical\" href=\"https:\/\/trevotech.com\/fr\/produto\/ktm-travel\/\" \/>\n<meta property=\"og:locale\" content=\"fr_FR\" \/>\n<meta property=\"og:type\" content=\"article\" \/>\n<meta property=\"og:title\" content=\"KTM Travel - Trevotech Group\" \/>\n<meta property=\"og:description\" content=\"Les KTM Travel, telles que les 1290 Super Adventure et 890 Adventure, sont pens\u00e9es pour les longs trajets et les voyages d\u2019aventure, combinant...\" \/>\n<meta property=\"og:url\" content=\"https:\/\/trevotech.com\/fr\/produto\/ktm-travel\/\" \/>\n<meta property=\"og:site_name\" content=\"Trevotech Group\" \/>\n<meta property=\"article:modified_time\" content=\"2025-08-05T11:39:56+00:00\" \/>\n<meta property=\"og:image\" content=\"https:\/\/trevotech.com\/wp-content\/uploads\/2024\/11\/KTM-04-1.webp\" \/>\n\t<meta property=\"og:image:width\" content=\"1000\" \/>\n\t<meta property=\"og:image:height\" content=\"1000\" \/>\n\t<meta property=\"og:image:type\" content=\"image\/webp\" \/>\n<meta name=\"twitter:card\" content=\"summary_large_image\" \/>\n<meta name=\"twitter:label1\" content=\"Dur\u00e9e de lecture estim\u00e9e\" \/>\n\t<meta name=\"twitter:data1\" content=\"3 minutes\" \/>\n<script type=\"application\/ld+json\" class=\"yoast-schema-graph\">{\"@context\":\"https:\/\/schema.org\",\"@graph\":[{\"@type\":\"WebPage\",\"@id\":\"https:\/\/trevotech.com\/fr\/produto\/ktm-travel\/\",\"url\":\"https:\/\/trevotech.com\/fr\/produto\/ktm-travel\/\",\"name\":\"KTM Travel - Trevotech Group\",\"isPartOf\":{\"@id\":\"https:\/\/trevotech.com\/fr\/#website\"},\"primaryImageOfPage\":{\"@id\":\"https:\/\/trevotech.com\/fr\/produto\/ktm-travel\/#primaryimage\"},\"image\":{\"@id\":\"https:\/\/trevotech.com\/fr\/produto\/ktm-travel\/#primaryimage\"},\"thumbnailUrl\":\"https:\/\/trevotech.com\/wp-content\/uploads\/2024\/11\/KTM-04-1.webp\",\"datePublished\":\"2024-11-07T20:34:22+00:00\",\"dateModified\":\"2025-08-05T11:39:56+00:00\",\"description\":\"Les KTM Travel, telles que les 1290 Super Adventure et 890 Adventure, sont pens\u00e9es pour les longs trajets et les voyages d\u2019aventure, combinant...\",\"breadcrumb\":{\"@id\":\"https:\/\/trevotech.com\/fr\/produto\/ktm-travel\/#breadcrumb\"},\"inLanguage\":\"fr-FR\",\"potentialAction\":[{\"@type\":\"ReadAction\",\"target\":[\"https:\/\/trevotech.com\/fr\/produto\/ktm-travel\/\"]}]},{\"@type\":\"ImageObject\",\"inLanguage\":\"fr-FR\",\"@id\":\"https:\/\/trevotech.com\/fr\/produto\/ktm-travel\/#primaryimage\",\"url\":\"https:\/\/trevotech.com\/wp-content\/uploads\/2024\/11\/KTM-04-1.webp\",\"contentUrl\":\"https:\/\/trevotech.com\/wp-content\/uploads\/2024\/11\/KTM-04-1.webp\",\"width\":1000,\"height\":1000,\"caption\":\"KTM Travel\"},{\"@type\":\"BreadcrumbList\",\"@id\":\"https:\/\/trevotech.com\/fr\/produto\/ktm-travel\/#breadcrumb\",\"itemListElement\":[{\"@type\":\"ListItem\",\"position\":1,\"name\":\"In\u00edcio\",\"item\":\"https:\/\/trevotech.com\/fr\/\"},{\"@type\":\"ListItem\",\"position\":2,\"name\":\"Produits\",\"item\":\"https:\/\/trevotech.com\/fr\/shop\/\"},{\"@type\":\"ListItem\",\"position\":3,\"name\":\"KTM Travel\"}]},{\"@type\":\"WebSite\",\"@id\":\"https:\/\/trevotech.com\/fr\/#website\",\"url\":\"https:\/\/trevotech.com\/fr\/\",\"name\":\"Trevotech Group\",\"description\":\"\",\"potentialAction\":[{\"@type\":\"SearchAction\",\"target\":{\"@type\":\"EntryPoint\",\"urlTemplate\":\"https:\/\/trevotech.com\/fr\/?s={search_term_string}\"},\"query-input\":{\"@type\":\"PropertyValueSpecification\",\"valueRequired\":true,\"valueName\":\"search_term_string\"}}],\"inLanguage\":\"fr-FR\"}]}<\/script>\n<!-- \/ Yoast SEO plugin. -->","yoast_head_json":{"title":"KTM Travel - Trevotech Group","description":"Les KTM Travel, telles que les 1290 Super Adventure et 890 Adventure, sont pens\u00e9es pour les longs trajets et les voyages d\u2019aventure, combinant...","robots":{"index":"index","follow":"follow","max-snippet":"max-snippet:-1","max-image-preview":"max-image-preview:large","max-video-preview":"max-video-preview:-1"},"canonical":"https:\/\/trevotech.com\/fr\/produto\/ktm-travel\/","og_locale":"fr_FR","og_type":"article","og_title":"KTM Travel - Trevotech Group","og_description":"Les KTM Travel, telles que les 1290 Super Adventure et 890 Adventure, sont pens\u00e9es pour les longs trajets et les voyages d\u2019aventure, combinant...","og_url":"https:\/\/trevotech.com\/fr\/produto\/ktm-travel\/","og_site_name":"Trevotech Group","article_modified_time":"2025-08-05T11:39:56+00:00","og_image":[{"width":1000,"height":1000,"url":"https:\/\/trevotech.com\/wp-content\/uploads\/2024\/11\/KTM-04-1.webp","type":"image\/webp"}],"twitter_card":"summary_large_image","twitter_misc":{"Dur\u00e9e de lecture estim\u00e9e":"3 minutes"},"schema":{"@context":"https:\/\/schema.org","@graph":[{"@type":"WebPage","@id":"https:\/\/trevotech.com\/fr\/produto\/ktm-travel\/","url":"https:\/\/trevotech.com\/fr\/produto\/ktm-travel\/","name":"KTM Travel - Trevotech Group","isPartOf":{"@id":"https:\/\/trevotech.com\/fr\/#website"},"primaryImageOfPage":{"@id":"https:\/\/trevotech.com\/fr\/produto\/ktm-travel\/#primaryimage"},"image":{"@id":"https:\/\/trevotech.com\/fr\/produto\/ktm-travel\/#primaryimage"},"thumbnailUrl":"https:\/\/trevotech.com\/wp-content\/uploads\/2024\/11\/KTM-04-1.webp","datePublished":"2024-11-07T20:34:22+00:00","dateModified":"2025-08-05T11:39:56+00:00","description":"Les KTM Travel, telles que les 1290 Super Adventure et 890 Adventure, sont pens\u00e9es pour les longs trajets et les voyages d\u2019aventure, combinant...","breadcrumb":{"@id":"https:\/\/trevotech.com\/fr\/produto\/ktm-travel\/#breadcrumb"},"inLanguage":"fr-FR","potentialAction":[{"@type":"ReadAction","target":["https:\/\/trevotech.com\/fr\/produto\/ktm-travel\/"]}]},{"@type":"ImageObject","inLanguage":"fr-FR","@id":"https:\/\/trevotech.com\/fr\/produto\/ktm-travel\/#primaryimage","url":"https:\/\/trevotech.com\/wp-content\/uploads\/2024\/11\/KTM-04-1.webp","contentUrl":"https:\/\/trevotech.com\/wp-content\/uploads\/2024\/11\/KTM-04-1.webp","width":1000,"height":1000,"caption":"KTM Travel"},{"@type":"BreadcrumbList","@id":"https:\/\/trevotech.com\/fr\/produto\/ktm-travel\/#breadcrumb","itemListElement":[{"@type":"ListItem","position":1,"name":"In\u00edcio","item":"https:\/\/trevotech.com\/fr\/"},{"@type":"ListItem","position":2,"name":"Produits","item":"https:\/\/trevotech.com\/fr\/shop\/"},{"@type":"ListItem","position":3,"name":"KTM Travel"}]},{"@type":"WebSite","@id":"https:\/\/trevotech.com\/fr\/#website","url":"https:\/\/trevotech.com\/fr\/","name":"Trevotech Group","description":"","potentialAction":[{"@type":"SearchAction","target":{"@type":"EntryPoint","urlTemplate":"https:\/\/trevotech.com\/fr\/?s={search_term_string}"},"query-input":{"@type":"PropertyValueSpecification","valueRequired":true,"valueName":"search_term_string"}}],"inLanguage":"fr-FR"}]}},"_links":{"self":[{"href":"https:\/\/trevotech.com\/fr\/wp-json\/wp\/v2\/product\/3984","targetHints":{"allow":["GET"]}}],"collection":[{"href":"https:\/\/trevotech.com\/fr\/wp-json\/wp\/v2\/product"}],"about":[{"href":"https:\/\/trevotech.com\/fr\/wp-json\/wp\/v2\/types\/product"}],"replies":[{"embeddable":true,"href":"https:\/\/trevotech.com\/fr\/wp-json\/wp\/v2\/comments?post=3984"}],"wp:featuredmedia":[{"embeddable":true,"href":"https:\/\/trevotech.com\/fr\/wp-json\/wp\/v2\/media\/3985"}],"wp:attachment":[{"href":"https:\/\/trevotech.com\/fr\/wp-json\/wp\/v2\/media?parent=3984"}],"wp:term":[{"taxonomy":"product_brand","embeddable":true,"href":"https:\/\/trevotech.com\/fr\/wp-json\/wp\/v2\/product_brand?post=3984"},{"taxonomy":"product_cat","embeddable":true,"href":"https:\/\/trevotech.com\/fr\/wp-json\/wp\/v2\/product_cat?post=3984"},{"taxonomy":"product_tag","embeddable":true,"href":"https:\/\/trevotech.com\/fr\/wp-json\/wp\/v2\/product_tag?post=3984"}],"curies":[{"name":"wp","href":"https:\/\/api.w.org\/{rel}","templated":true}]}}