{"id":3987,"date":"2024-11-07T20:33:07","date_gmt":"2024-11-07T20:33:07","guid":{"rendered":"https:\/\/trevotech.com\/produto\/ktm-sports-tourer\/"},"modified":"2025-08-05T11:40:19","modified_gmt":"2025-08-05T11:40:19","slug":"ktm-sports-tourer","status":"publish","type":"product","link":"https:\/\/trevotech.com\/fr\/produto\/ktm-sports-tourer\/","title":{"rendered":"KTM Sports Tourer"},"content":{"rendered":"<p><span style=\"font-weight: 400;\">Les <a href=\"http:\/\/Les KTM Sports Tourer, comme la 1290 Super Duke GT, sont con\u00e7ues pour allier le dynamisme d\u2019une moto sportive \u00e0 la praticit\u00e9 d\u2019une moto de grand tourisme. Elles sont dot\u00e9es de moteurs puissants (souvent V-Twin ou LC8), offrant des acc\u00e9l\u00e9rations impressionnantes et une vitesse \u00e9lev\u00e9e. Ces motos disposent \u00e9galement de suspensions avanc\u00e9es, de selles ergonomiques et d\u2019\u00e9l\u00e9ments pens\u00e9s pour le confort, comme de larges r\u00e9servoirs et des pare-brise r\u00e9glables. Avec des technologies telles que le r\u00e9gulateur de vitesse, les modes de conduite multiples et les suspensions \u00e9lectroniques, elles assurent une exp\u00e9rience de conduite sportive tout en restant adapt\u00e9es aux longs trajets. Id\u00e9ales pour les motards exigeants qui veulent performance et confort sur la m\u00eame machine.\">KTM<\/a> Sports Tourer, comme la 1290 Super Duke GT, sont con\u00e7ues pour allier le dynamisme d\u2019une moto sportive \u00e0 la praticit\u00e9 d\u2019une moto de grand tourisme.<\/span><span style=\"font-weight: 400;\"><br \/>\n<\/span><span style=\"font-weight: 400;\">Elles sont dot\u00e9es de moteurs puissants (souvent V-Twin ou LC8), offrant des acc\u00e9l\u00e9rations impressionnantes et une vitesse \u00e9lev\u00e9e.<\/span><span style=\"font-weight: 400;\"><br \/>\n<\/span><span style=\"font-weight: 400;\">Ces motos disposent \u00e9galement de suspensions avanc\u00e9es, de selles ergonomiques et d\u2019\u00e9l\u00e9ments pens\u00e9s pour le confort, comme de larges r\u00e9servoirs et des pare-brise r\u00e9glables.<\/span><span style=\"font-weight: 400;\"><br \/>\n<\/span><span style=\"font-weight: 400;\">Avec des technologies telles que le r\u00e9gulateur de vitesse, les modes de conduite multiples et les suspensions \u00e9lectroniques, elles assurent une exp\u00e9rience de conduite sportive tout en restant adapt\u00e9es aux longs trajets.<\/span><span style=\"font-weight: 400;\"><br \/>\n<\/span><span style=\"font-weight: 400;\">Id\u00e9ales pour les motards exigeants qui veulent performance et confort sur la m\u00eame machine.<\/span><\/p>\n<p><span style=\"font-weight: 400;\">Les KTM Sports Tourer, comme la 1290 Super Duke GT, sont con\u00e7ues pour allier le dynamisme d\u2019une moto sportive \u00e0 la praticit\u00e9 d\u2019une moto de grand tourisme.<\/span><span style=\"font-weight: 400;\"><br \/>\n<\/span><span style=\"font-weight: 400;\">Elles sont dot\u00e9es de moteurs puissants (souvent V-Twin ou LC8), offrant des acc\u00e9l\u00e9rations impressionnantes et une vitesse \u00e9lev\u00e9e.<\/span><span style=\"font-weight: 400;\"><br \/>\n<\/span><span style=\"font-weight: 400;\">Ces motos disposent \u00e9galement de suspensions avanc\u00e9es, de selles ergonomiques et d\u2019\u00e9l\u00e9ments pens\u00e9s pour le confort, comme de larges r\u00e9servoirs et des pare-brise r\u00e9glables.<\/span><span style=\"font-weight: 400;\"><br \/>\n<\/span><span style=\"font-weight: 400;\">Avec des technologies telles que le r\u00e9gulateur de vitesse, les modes de conduite multiples et les suspensions \u00e9lectroniques, elles assurent une exp\u00e9rience de conduite sportive tout en restant adapt\u00e9es aux longs trajets.<\/span><span style=\"font-weight: 400;\"><br \/>\n<\/span><span style=\"font-weight: 400;\">Id\u00e9ales pour les motards exigeants qui veulent performance et confort sur la m\u00eame machine.<\/span><\/p>\n<p><span style=\"font-weight: 400;\">Les KTM Sports Tourer, comme la 1290 Super Duke GT, sont con\u00e7ues pour allier le dynamisme d\u2019une moto sportive \u00e0 la praticit\u00e9 d\u2019une moto de grand tourisme.<\/span><span style=\"font-weight: 400;\"><br \/>\n<\/span><span style=\"font-weight: 400;\">Elles sont dot\u00e9es de moteurs puissants (souvent V-Twin ou LC8), offrant des acc\u00e9l\u00e9rations impressionnantes et une vitesse \u00e9lev\u00e9e.<\/span><span style=\"font-weight: 400;\"><br \/>\n<\/span><span style=\"font-weight: 400;\">Ces motos disposent \u00e9galement de suspensions avanc\u00e9es, de selles ergonomiques et d\u2019\u00e9l\u00e9ments pens\u00e9s pour le confort, comme de larges r\u00e9servoirs et des pare-brise r\u00e9glables.<\/span><span style=\"font-weight: 400;\"><br \/>\n<\/span><span style=\"font-weight: 400;\">Avec des technologies telles que le r\u00e9gulateur de vitesse, les modes de conduite multiples et les suspensions \u00e9lectroniques, elles assurent une exp\u00e9rience de conduite sportive tout en restant adapt\u00e9es aux longs trajets.<\/span><span style=\"font-weight: 400;\"><br \/>\n<\/span><span style=\"font-weight: 400;\">Id\u00e9ales pour les motards exigeants qui veulent performance et confort sur la m\u00eame machine.<\/span><\/p>\n","protected":false},"excerpt":{"rendered":"<p><span style=\"font-weight: 400;\">Les KTM Sports Tourer, comme la 1290 Super Duke GT, sont con\u00e7ues pour allier le dynamisme d\u2019une moto sportive \u00e0 la praticit\u00e9 d\u2019une moto de grand tourisme.<\/span><span style=\"font-weight: 400;\"><br \/>\n<\/span><span style=\"font-weight: 400;\">Elles sont dot\u00e9es de moteurs puissants (souvent V-Twin ou LC8), offrant des acc\u00e9l\u00e9rations impressionnantes et une vitesse \u00e9lev\u00e9e.<\/span><span style=\"font-weight: 400;\"><br \/>\n<\/span><span style=\"font-weight: 400;\">Ces motos disposent \u00e9galement de suspensions avanc\u00e9es, de selles ergonomiques et d\u2019\u00e9l\u00e9ments pens\u00e9s pour le confort, comme de larges r\u00e9servoirs et des pare-brise r\u00e9glables.<\/span><span style=\"font-weight: 400;\"><br \/>\n<\/span><span style=\"font-weight: 400;\">Avec des technologies telles que le r\u00e9gulateur de vitesse, les modes de conduite multiples et les suspensions \u00e9lectroniques, elles assurent une exp\u00e9rience de conduite sportive tout en restant adapt\u00e9es aux longs trajets.<\/span><span style=\"font-weight: 400;\"><br \/>\n<\/span><span style=\"font-weight: 400;\">Id\u00e9ales pour les motards exigeants qui veulent performance et confort sur la m\u00eame machine.<\/span><\/p>\n","protected":false},"featured_media":3988,"comment_status":"open","ping_status":"closed","template":"","meta":{"_acf_changed":false},"product_brand":[],"product_cat":[458],"product_tag":[],"class_list":{"0":"post-3987","1":"product","2":"type-product","3":"status-publish","4":"has-post-thumbnail","6":"product_cat-sem-categoria-fr","7":"setores-automobile","8":"setores-transport-et-logistique","9":"marcas-ktm","10":"tipo_produto-ktm-sports-tourer-fr","12":"first","13":"instock","14":"shipping-taxable","15":"product-type-simple"},"acf":[],"yoast_head":"<!-- This site is optimized with the Yoast SEO plugin v25.2 - https:\/\/yoast.com\/wordpress\/plugins\/seo\/ -->\n<title>KTM Sports Tourer - Trevotech Group<\/title>\n<meta name=\"description\" content=\"Les KTM Sports Tourer, comme la 1290 Super Duke GT, sont con\u00e7ues pour allier le dynamisme d\u2019une moto sportive \u00e0 la praticit\u00e9 d\u2019une...\" \/>\n<meta name=\"robots\" content=\"index, follow, max-snippet:-1, max-image-preview:large, max-video-preview:-1\" \/>\n<link rel=\"canonical\" href=\"https:\/\/trevotech.com\/fr\/produto\/ktm-sports-tourer\/\" \/>\n<meta property=\"og:locale\" content=\"fr_FR\" \/>\n<meta property=\"og:type\" content=\"article\" \/>\n<meta property=\"og:title\" content=\"KTM Sports Tourer - Trevotech Group\" \/>\n<meta property=\"og:description\" content=\"Les KTM Sports Tourer, comme la 1290 Super Duke GT, sont con\u00e7ues pour allier le dynamisme d\u2019une moto sportive \u00e0 la praticit\u00e9 d\u2019une...\" \/>\n<meta property=\"og:url\" content=\"https:\/\/trevotech.com\/fr\/produto\/ktm-sports-tourer\/\" \/>\n<meta property=\"og:site_name\" content=\"Trevotech Group\" \/>\n<meta property=\"article:modified_time\" content=\"2025-08-05T11:40:19+00:00\" \/>\n<meta property=\"og:image\" content=\"https:\/\/trevotech.com\/wp-content\/uploads\/2024\/11\/KTM-05.webp\" \/>\n\t<meta property=\"og:image:width\" content=\"1000\" \/>\n\t<meta property=\"og:image:height\" content=\"1000\" \/>\n\t<meta property=\"og:image:type\" content=\"image\/webp\" \/>\n<meta name=\"twitter:card\" content=\"summary_large_image\" \/>\n<meta name=\"twitter:label1\" content=\"Dur\u00e9e de lecture estim\u00e9e\" \/>\n\t<meta name=\"twitter:data1\" content=\"3 minutes\" \/>\n<script type=\"application\/ld+json\" class=\"yoast-schema-graph\">{\"@context\":\"https:\/\/schema.org\",\"@graph\":[{\"@type\":\"WebPage\",\"@id\":\"https:\/\/trevotech.com\/fr\/produto\/ktm-sports-tourer\/\",\"url\":\"https:\/\/trevotech.com\/fr\/produto\/ktm-sports-tourer\/\",\"name\":\"KTM Sports Tourer - Trevotech Group\",\"isPartOf\":{\"@id\":\"https:\/\/trevotech.com\/fr\/#website\"},\"primaryImageOfPage\":{\"@id\":\"https:\/\/trevotech.com\/fr\/produto\/ktm-sports-tourer\/#primaryimage\"},\"image\":{\"@id\":\"https:\/\/trevotech.com\/fr\/produto\/ktm-sports-tourer\/#primaryimage\"},\"thumbnailUrl\":\"https:\/\/trevotech.com\/wp-content\/uploads\/2024\/11\/KTM-05.webp\",\"datePublished\":\"2024-11-07T20:33:07+00:00\",\"dateModified\":\"2025-08-05T11:40:19+00:00\",\"description\":\"Les KTM Sports Tourer, comme la 1290 Super Duke GT, sont con\u00e7ues pour allier le dynamisme d\u2019une moto sportive \u00e0 la praticit\u00e9 d\u2019une...\",\"breadcrumb\":{\"@id\":\"https:\/\/trevotech.com\/fr\/produto\/ktm-sports-tourer\/#breadcrumb\"},\"inLanguage\":\"fr-FR\",\"potentialAction\":[{\"@type\":\"ReadAction\",\"target\":[\"https:\/\/trevotech.com\/fr\/produto\/ktm-sports-tourer\/\"]}]},{\"@type\":\"ImageObject\",\"inLanguage\":\"fr-FR\",\"@id\":\"https:\/\/trevotech.com\/fr\/produto\/ktm-sports-tourer\/#primaryimage\",\"url\":\"https:\/\/trevotech.com\/wp-content\/uploads\/2024\/11\/KTM-05.webp\",\"contentUrl\":\"https:\/\/trevotech.com\/wp-content\/uploads\/2024\/11\/KTM-05.webp\",\"width\":1000,\"height\":1000,\"caption\":\"KTM Sports Tourer\"},{\"@type\":\"BreadcrumbList\",\"@id\":\"https:\/\/trevotech.com\/fr\/produto\/ktm-sports-tourer\/#breadcrumb\",\"itemListElement\":[{\"@type\":\"ListItem\",\"position\":1,\"name\":\"In\u00edcio\",\"item\":\"https:\/\/trevotech.com\/fr\/\"},{\"@type\":\"ListItem\",\"position\":2,\"name\":\"Produits\",\"item\":\"https:\/\/trevotech.com\/fr\/shop\/\"},{\"@type\":\"ListItem\",\"position\":3,\"name\":\"KTM Sports Tourer\"}]},{\"@type\":\"WebSite\",\"@id\":\"https:\/\/trevotech.com\/fr\/#website\",\"url\":\"https:\/\/trevotech.com\/fr\/\",\"name\":\"Trevotech Group\",\"description\":\"\",\"potentialAction\":[{\"@type\":\"SearchAction\",\"target\":{\"@type\":\"EntryPoint\",\"urlTemplate\":\"https:\/\/trevotech.com\/fr\/?s={search_term_string}\"},\"query-input\":{\"@type\":\"PropertyValueSpecification\",\"valueRequired\":true,\"valueName\":\"search_term_string\"}}],\"inLanguage\":\"fr-FR\"}]}<\/script>\n<!-- \/ Yoast SEO plugin. -->","yoast_head_json":{"title":"KTM Sports Tourer - Trevotech Group","description":"Les KTM Sports Tourer, comme la 1290 Super Duke GT, sont con\u00e7ues pour allier le dynamisme d\u2019une moto sportive \u00e0 la praticit\u00e9 d\u2019une...","robots":{"index":"index","follow":"follow","max-snippet":"max-snippet:-1","max-image-preview":"max-image-preview:large","max-video-preview":"max-video-preview:-1"},"canonical":"https:\/\/trevotech.com\/fr\/produto\/ktm-sports-tourer\/","og_locale":"fr_FR","og_type":"article","og_title":"KTM Sports Tourer - Trevotech Group","og_description":"Les KTM Sports Tourer, comme la 1290 Super Duke GT, sont con\u00e7ues pour allier le dynamisme d\u2019une moto sportive \u00e0 la praticit\u00e9 d\u2019une...","og_url":"https:\/\/trevotech.com\/fr\/produto\/ktm-sports-tourer\/","og_site_name":"Trevotech Group","article_modified_time":"2025-08-05T11:40:19+00:00","og_image":[{"width":1000,"height":1000,"url":"https:\/\/trevotech.com\/wp-content\/uploads\/2024\/11\/KTM-05.webp","type":"image\/webp"}],"twitter_card":"summary_large_image","twitter_misc":{"Dur\u00e9e de lecture estim\u00e9e":"3 minutes"},"schema":{"@context":"https:\/\/schema.org","@graph":[{"@type":"WebPage","@id":"https:\/\/trevotech.com\/fr\/produto\/ktm-sports-tourer\/","url":"https:\/\/trevotech.com\/fr\/produto\/ktm-sports-tourer\/","name":"KTM Sports Tourer - Trevotech Group","isPartOf":{"@id":"https:\/\/trevotech.com\/fr\/#website"},"primaryImageOfPage":{"@id":"https:\/\/trevotech.com\/fr\/produto\/ktm-sports-tourer\/#primaryimage"},"image":{"@id":"https:\/\/trevotech.com\/fr\/produto\/ktm-sports-tourer\/#primaryimage"},"thumbnailUrl":"https:\/\/trevotech.com\/wp-content\/uploads\/2024\/11\/KTM-05.webp","datePublished":"2024-11-07T20:33:07+00:00","dateModified":"2025-08-05T11:40:19+00:00","description":"Les KTM Sports Tourer, comme la 1290 Super Duke GT, sont con\u00e7ues pour allier le dynamisme d\u2019une moto sportive \u00e0 la praticit\u00e9 d\u2019une...","breadcrumb":{"@id":"https:\/\/trevotech.com\/fr\/produto\/ktm-sports-tourer\/#breadcrumb"},"inLanguage":"fr-FR","potentialAction":[{"@type":"ReadAction","target":["https:\/\/trevotech.com\/fr\/produto\/ktm-sports-tourer\/"]}]},{"@type":"ImageObject","inLanguage":"fr-FR","@id":"https:\/\/trevotech.com\/fr\/produto\/ktm-sports-tourer\/#primaryimage","url":"https:\/\/trevotech.com\/wp-content\/uploads\/2024\/11\/KTM-05.webp","contentUrl":"https:\/\/trevotech.com\/wp-content\/uploads\/2024\/11\/KTM-05.webp","width":1000,"height":1000,"caption":"KTM Sports Tourer"},{"@type":"BreadcrumbList","@id":"https:\/\/trevotech.com\/fr\/produto\/ktm-sports-tourer\/#breadcrumb","itemListElement":[{"@type":"ListItem","position":1,"name":"In\u00edcio","item":"https:\/\/trevotech.com\/fr\/"},{"@type":"ListItem","position":2,"name":"Produits","item":"https:\/\/trevotech.com\/fr\/shop\/"},{"@type":"ListItem","position":3,"name":"KTM Sports Tourer"}]},{"@type":"WebSite","@id":"https:\/\/trevotech.com\/fr\/#website","url":"https:\/\/trevotech.com\/fr\/","name":"Trevotech Group","description":"","potentialAction":[{"@type":"SearchAction","target":{"@type":"EntryPoint","urlTemplate":"https:\/\/trevotech.com\/fr\/?s={search_term_string}"},"query-input":{"@type":"PropertyValueSpecification","valueRequired":true,"valueName":"search_term_string"}}],"inLanguage":"fr-FR"}]}},"_links":{"self":[{"href":"https:\/\/trevotech.com\/fr\/wp-json\/wp\/v2\/product\/3987","targetHints":{"allow":["GET"]}}],"collection":[{"href":"https:\/\/trevotech.com\/fr\/wp-json\/wp\/v2\/product"}],"about":[{"href":"https:\/\/trevotech.com\/fr\/wp-json\/wp\/v2\/types\/product"}],"replies":[{"embeddable":true,"href":"https:\/\/trevotech.com\/fr\/wp-json\/wp\/v2\/comments?post=3987"}],"wp:featuredmedia":[{"embeddable":true,"href":"https:\/\/trevotech.com\/fr\/wp-json\/wp\/v2\/media\/3988"}],"wp:attachment":[{"href":"https:\/\/trevotech.com\/fr\/wp-json\/wp\/v2\/media?parent=3987"}],"wp:term":[{"taxonomy":"product_brand","embeddable":true,"href":"https:\/\/trevotech.com\/fr\/wp-json\/wp\/v2\/product_brand?post=3987"},{"taxonomy":"product_cat","embeddable":true,"href":"https:\/\/trevotech.com\/fr\/wp-json\/wp\/v2\/product_cat?post=3987"},{"taxonomy":"product_tag","embeddable":true,"href":"https:\/\/trevotech.com\/fr\/wp-json\/wp\/v2\/product_tag?post=3987"}],"curies":[{"name":"wp","href":"https:\/\/api.w.org\/{rel}","templated":true}]}}