{"id":3990,"date":"2024-11-07T20:27:06","date_gmt":"2024-11-07T20:27:06","guid":{"rendered":"https:\/\/trevotech.com\/produto\/ktm-ride\/"},"modified":"2025-08-05T11:58:14","modified_gmt":"2025-08-05T11:58:14","slug":"ktm-ride","status":"publish","type":"product","link":"https:\/\/trevotech.com\/fr\/produto\/ktm-ride\/","title":{"rendered":"KTM E-ride"},"content":{"rendered":"<p><span style=\"font-weight: 400;\">La gamme KTM E-Ride repr\u00e9sente l\u2019engagement de la marque dans la mobilit\u00e9 \u00e9lectrique, avec des motos \u00e9cologiques et performantes pour un usage urbain et tout-terrain.<\/span><span style=\"font-weight: 400;\"><br \/>\n<\/span><span style=\"font-weight: 400;\">Des mod\u00e8les comme la <a href=\"https:\/\/trevotech.com\/fr\/marques\/ktm-fr\/\">KTM<\/a> Freeride E-XC offrent la m\u00eame robustesse et maniabilit\u00e9 que les versions thermiques, mais avec la puissance silencieuse du moteur \u00e9lectrique.<\/span><span style=\"font-weight: 400;\"><br \/>\n<\/span><span style=\"font-weight: 400;\">Dot\u00e9es de batteries longue dur\u00e9e, de suspensions \u00e9volu\u00e9es et d\u2019un couple instantan\u00e9, ces motos permettent des aventures prolong\u00e9es sans essence.<\/span><span style=\"font-weight: 400;\"><br \/>\n<\/span><span style=\"font-weight: 400;\">Face \u00e0 la mont\u00e9e de la mobilit\u00e9 durable, les mod\u00e8les E-Ride t\u00e9moignent de l\u2019innovation KTM en mati\u00e8re de technologie verte dans le monde de la moto.<\/span><\/p>\n<p><span style=\"font-weight: 400;\">La gamme KTM E-Ride repr\u00e9sente l\u2019engagement de la marque dans la mobilit\u00e9 \u00e9lectrique, avec des motos \u00e9cologiques et performantes pour un usage urbain et tout-terrain.<\/span><span style=\"font-weight: 400;\"><br \/>\n<\/span><span style=\"font-weight: 400;\">Des mod\u00e8les comme la KTM Freeride E-XC offrent la m\u00eame robustesse et maniabilit\u00e9 que les versions thermiques, mais avec la puissance silencieuse du moteur \u00e9lectrique.<\/span><span style=\"font-weight: 400;\"><br \/>\n<\/span><span style=\"font-weight: 400;\">Dot\u00e9es de batteries longue dur\u00e9e, de suspensions \u00e9volu\u00e9es et d\u2019un couple instantan\u00e9, ces motos permettent des aventures prolong\u00e9es sans essence.<\/span><span style=\"font-weight: 400;\"><br \/>\n<\/span><span style=\"font-weight: 400;\">Face \u00e0 la mont\u00e9e de la mobilit\u00e9 durable, les mod\u00e8les E-Ride t\u00e9moignent de l\u2019innovation KTM en mati\u00e8re de technologie verte dans le monde de la moto.<\/span><\/p>\n<p><span style=\"font-weight: 400;\">La gamme KTM E-Ride repr\u00e9sente l\u2019engagement de la marque dans la mobilit\u00e9 \u00e9lectrique, avec des motos \u00e9cologiques et performantes pour un usage urbain et tout-terrain.<\/span><span style=\"font-weight: 400;\"><br \/>\n<\/span><span style=\"font-weight: 400;\">Des mod\u00e8les comme la KTM Freeride E-XC offrent la m\u00eame robustesse et maniabilit\u00e9 que les versions thermiques, mais avec la puissance silencieuse du moteur \u00e9lectrique.<\/span><span style=\"font-weight: 400;\"><br \/>\n<\/span><span style=\"font-weight: 400;\">Dot\u00e9es de batteries longue dur\u00e9e, de suspensions \u00e9volu\u00e9es et d\u2019un couple instantan\u00e9, ces motos permettent des aventures prolong\u00e9es sans essence.<\/span><span style=\"font-weight: 400;\"><br \/>\n<\/span><span style=\"font-weight: 400;\">Face \u00e0 la mont\u00e9e de la mobilit\u00e9 durable, les mod\u00e8les E-Ride t\u00e9moignent de l\u2019innovation KTM en mati\u00e8re de technologie verte dans le monde de la moto.<\/span><\/p>\n","protected":false},"excerpt":{"rendered":"<p><span style=\"font-weight: 400;\">La gamme KTM E-Ride repr\u00e9sente l\u2019engagement de la marque dans la mobilit\u00e9 \u00e9lectrique, avec des motos \u00e9cologiques et performantes pour un usage urbain et tout-terrain.<\/span><span style=\"font-weight: 400;\"><br \/>\n<\/span><span style=\"font-weight: 400;\">Des mod\u00e8les comme la KTM Freeride E-XC offrent la m\u00eame robustesse et maniabilit\u00e9 que les versions thermiques, mais avec la puissance silencieuse du moteur \u00e9lectrique.<\/span><span style=\"font-weight: 400;\"><br \/>\n<\/span><span style=\"font-weight: 400;\">Dot\u00e9es de batteries longue dur\u00e9e, de suspensions \u00e9volu\u00e9es et d\u2019un couple instantan\u00e9, ces motos permettent des aventures prolong\u00e9es sans essence.<\/span><span style=\"font-weight: 400;\"><br \/>\n<\/span><span style=\"font-weight: 400;\">Face \u00e0 la mont\u00e9e de la mobilit\u00e9 durable, les mod\u00e8les E-Ride t\u00e9moignent de l\u2019innovation KTM en mati\u00e8re de technologie verte dans le monde de la moto.<\/span><\/p>\n","protected":false},"featured_media":3991,"comment_status":"open","ping_status":"closed","template":"","meta":{"_acf_changed":false},"product_brand":[],"product_cat":[458],"product_tag":[],"class_list":{"0":"post-3990","1":"product","2":"type-product","3":"status-publish","4":"has-post-thumbnail","6":"product_cat-sem-categoria-fr","7":"setores-automobile","8":"setores-transport-et-logistique","9":"marcas-ktm","10":"tipo_produto-ktm-e-ride-fr","12":"first","13":"instock","14":"shipping-taxable","15":"product-type-simple"},"acf":[],"yoast_head":"<!-- This site is optimized with the Yoast SEO plugin v25.2 - https:\/\/yoast.com\/wordpress\/plugins\/seo\/ -->\n<title>KTM E-ride - Trevotech Group<\/title>\n<meta name=\"description\" content=\"La gamme KTM E-Ride repr\u00e9sente l\u2019engagement de la marque dans la mobilit\u00e9 \u00e9lectrique, avec des motos \u00e9cologiques et performantes pour...\" \/>\n<meta name=\"robots\" content=\"index, follow, max-snippet:-1, max-image-preview:large, max-video-preview:-1\" \/>\n<link rel=\"canonical\" href=\"https:\/\/trevotech.com\/fr\/produto\/ktm-ride\/\" \/>\n<meta property=\"og:locale\" content=\"fr_FR\" \/>\n<meta property=\"og:type\" content=\"article\" \/>\n<meta property=\"og:title\" content=\"KTM E-ride - Trevotech Group\" \/>\n<meta property=\"og:description\" content=\"La gamme KTM E-Ride repr\u00e9sente l\u2019engagement de la marque dans la mobilit\u00e9 \u00e9lectrique, avec des motos \u00e9cologiques et performantes pour...\" \/>\n<meta property=\"og:url\" content=\"https:\/\/trevotech.com\/fr\/produto\/ktm-ride\/\" \/>\n<meta property=\"og:site_name\" content=\"Trevotech Group\" \/>\n<meta property=\"article:modified_time\" content=\"2025-08-05T11:58:14+00:00\" \/>\n<meta property=\"og:image\" content=\"https:\/\/trevotech.com\/wp-content\/uploads\/2024\/11\/KTM-07-1.webp\" \/>\n\t<meta property=\"og:image:width\" content=\"1000\" \/>\n\t<meta property=\"og:image:height\" content=\"1000\" \/>\n\t<meta property=\"og:image:type\" content=\"image\/webp\" \/>\n<meta name=\"twitter:card\" content=\"summary_large_image\" \/>\n<meta name=\"twitter:label1\" content=\"Dur\u00e9e de lecture estim\u00e9e\" \/>\n\t<meta name=\"twitter:data1\" content=\"2 minutes\" \/>\n<script type=\"application\/ld+json\" class=\"yoast-schema-graph\">{\"@context\":\"https:\/\/schema.org\",\"@graph\":[{\"@type\":\"WebPage\",\"@id\":\"https:\/\/trevotech.com\/fr\/produto\/ktm-ride\/\",\"url\":\"https:\/\/trevotech.com\/fr\/produto\/ktm-ride\/\",\"name\":\"KTM E-ride - Trevotech Group\",\"isPartOf\":{\"@id\":\"https:\/\/trevotech.com\/fr\/#website\"},\"primaryImageOfPage\":{\"@id\":\"https:\/\/trevotech.com\/fr\/produto\/ktm-ride\/#primaryimage\"},\"image\":{\"@id\":\"https:\/\/trevotech.com\/fr\/produto\/ktm-ride\/#primaryimage\"},\"thumbnailUrl\":\"https:\/\/trevotech.com\/wp-content\/uploads\/2024\/11\/KTM-07-1.webp\",\"datePublished\":\"2024-11-07T20:27:06+00:00\",\"dateModified\":\"2025-08-05T11:58:14+00:00\",\"description\":\"La gamme KTM E-Ride repr\u00e9sente l\u2019engagement de la marque dans la mobilit\u00e9 \u00e9lectrique, avec des motos \u00e9cologiques et performantes pour...\",\"breadcrumb\":{\"@id\":\"https:\/\/trevotech.com\/fr\/produto\/ktm-ride\/#breadcrumb\"},\"inLanguage\":\"fr-FR\",\"potentialAction\":[{\"@type\":\"ReadAction\",\"target\":[\"https:\/\/trevotech.com\/fr\/produto\/ktm-ride\/\"]}]},{\"@type\":\"ImageObject\",\"inLanguage\":\"fr-FR\",\"@id\":\"https:\/\/trevotech.com\/fr\/produto\/ktm-ride\/#primaryimage\",\"url\":\"https:\/\/trevotech.com\/wp-content\/uploads\/2024\/11\/KTM-07-1.webp\",\"contentUrl\":\"https:\/\/trevotech.com\/wp-content\/uploads\/2024\/11\/KTM-07-1.webp\",\"width\":1000,\"height\":1000,\"caption\":\"KTM E-ride\"},{\"@type\":\"BreadcrumbList\",\"@id\":\"https:\/\/trevotech.com\/fr\/produto\/ktm-ride\/#breadcrumb\",\"itemListElement\":[{\"@type\":\"ListItem\",\"position\":1,\"name\":\"In\u00edcio\",\"item\":\"https:\/\/trevotech.com\/fr\/\"},{\"@type\":\"ListItem\",\"position\":2,\"name\":\"Produits\",\"item\":\"https:\/\/trevotech.com\/fr\/shop\/\"},{\"@type\":\"ListItem\",\"position\":3,\"name\":\"KTM E-ride\"}]},{\"@type\":\"WebSite\",\"@id\":\"https:\/\/trevotech.com\/fr\/#website\",\"url\":\"https:\/\/trevotech.com\/fr\/\",\"name\":\"Trevotech Group\",\"description\":\"\",\"potentialAction\":[{\"@type\":\"SearchAction\",\"target\":{\"@type\":\"EntryPoint\",\"urlTemplate\":\"https:\/\/trevotech.com\/fr\/?s={search_term_string}\"},\"query-input\":{\"@type\":\"PropertyValueSpecification\",\"valueRequired\":true,\"valueName\":\"search_term_string\"}}],\"inLanguage\":\"fr-FR\"}]}<\/script>\n<!-- \/ Yoast SEO plugin. -->","yoast_head_json":{"title":"KTM E-ride - Trevotech Group","description":"La gamme KTM E-Ride repr\u00e9sente l\u2019engagement de la marque dans la mobilit\u00e9 \u00e9lectrique, avec des motos \u00e9cologiques et performantes pour...","robots":{"index":"index","follow":"follow","max-snippet":"max-snippet:-1","max-image-preview":"max-image-preview:large","max-video-preview":"max-video-preview:-1"},"canonical":"https:\/\/trevotech.com\/fr\/produto\/ktm-ride\/","og_locale":"fr_FR","og_type":"article","og_title":"KTM E-ride - Trevotech Group","og_description":"La gamme KTM E-Ride repr\u00e9sente l\u2019engagement de la marque dans la mobilit\u00e9 \u00e9lectrique, avec des motos \u00e9cologiques et performantes pour...","og_url":"https:\/\/trevotech.com\/fr\/produto\/ktm-ride\/","og_site_name":"Trevotech Group","article_modified_time":"2025-08-05T11:58:14+00:00","og_image":[{"width":1000,"height":1000,"url":"https:\/\/trevotech.com\/wp-content\/uploads\/2024\/11\/KTM-07-1.webp","type":"image\/webp"}],"twitter_card":"summary_large_image","twitter_misc":{"Dur\u00e9e de lecture estim\u00e9e":"2 minutes"},"schema":{"@context":"https:\/\/schema.org","@graph":[{"@type":"WebPage","@id":"https:\/\/trevotech.com\/fr\/produto\/ktm-ride\/","url":"https:\/\/trevotech.com\/fr\/produto\/ktm-ride\/","name":"KTM E-ride - Trevotech Group","isPartOf":{"@id":"https:\/\/trevotech.com\/fr\/#website"},"primaryImageOfPage":{"@id":"https:\/\/trevotech.com\/fr\/produto\/ktm-ride\/#primaryimage"},"image":{"@id":"https:\/\/trevotech.com\/fr\/produto\/ktm-ride\/#primaryimage"},"thumbnailUrl":"https:\/\/trevotech.com\/wp-content\/uploads\/2024\/11\/KTM-07-1.webp","datePublished":"2024-11-07T20:27:06+00:00","dateModified":"2025-08-05T11:58:14+00:00","description":"La gamme KTM E-Ride repr\u00e9sente l\u2019engagement de la marque dans la mobilit\u00e9 \u00e9lectrique, avec des motos \u00e9cologiques et performantes pour...","breadcrumb":{"@id":"https:\/\/trevotech.com\/fr\/produto\/ktm-ride\/#breadcrumb"},"inLanguage":"fr-FR","potentialAction":[{"@type":"ReadAction","target":["https:\/\/trevotech.com\/fr\/produto\/ktm-ride\/"]}]},{"@type":"ImageObject","inLanguage":"fr-FR","@id":"https:\/\/trevotech.com\/fr\/produto\/ktm-ride\/#primaryimage","url":"https:\/\/trevotech.com\/wp-content\/uploads\/2024\/11\/KTM-07-1.webp","contentUrl":"https:\/\/trevotech.com\/wp-content\/uploads\/2024\/11\/KTM-07-1.webp","width":1000,"height":1000,"caption":"KTM E-ride"},{"@type":"BreadcrumbList","@id":"https:\/\/trevotech.com\/fr\/produto\/ktm-ride\/#breadcrumb","itemListElement":[{"@type":"ListItem","position":1,"name":"In\u00edcio","item":"https:\/\/trevotech.com\/fr\/"},{"@type":"ListItem","position":2,"name":"Produits","item":"https:\/\/trevotech.com\/fr\/shop\/"},{"@type":"ListItem","position":3,"name":"KTM E-ride"}]},{"@type":"WebSite","@id":"https:\/\/trevotech.com\/fr\/#website","url":"https:\/\/trevotech.com\/fr\/","name":"Trevotech Group","description":"","potentialAction":[{"@type":"SearchAction","target":{"@type":"EntryPoint","urlTemplate":"https:\/\/trevotech.com\/fr\/?s={search_term_string}"},"query-input":{"@type":"PropertyValueSpecification","valueRequired":true,"valueName":"search_term_string"}}],"inLanguage":"fr-FR"}]}},"_links":{"self":[{"href":"https:\/\/trevotech.com\/fr\/wp-json\/wp\/v2\/product\/3990","targetHints":{"allow":["GET"]}}],"collection":[{"href":"https:\/\/trevotech.com\/fr\/wp-json\/wp\/v2\/product"}],"about":[{"href":"https:\/\/trevotech.com\/fr\/wp-json\/wp\/v2\/types\/product"}],"replies":[{"embeddable":true,"href":"https:\/\/trevotech.com\/fr\/wp-json\/wp\/v2\/comments?post=3990"}],"wp:featuredmedia":[{"embeddable":true,"href":"https:\/\/trevotech.com\/fr\/wp-json\/wp\/v2\/media\/3991"}],"wp:attachment":[{"href":"https:\/\/trevotech.com\/fr\/wp-json\/wp\/v2\/media?parent=3990"}],"wp:term":[{"taxonomy":"product_brand","embeddable":true,"href":"https:\/\/trevotech.com\/fr\/wp-json\/wp\/v2\/product_brand?post=3990"},{"taxonomy":"product_cat","embeddable":true,"href":"https:\/\/trevotech.com\/fr\/wp-json\/wp\/v2\/product_cat?post=3990"},{"taxonomy":"product_tag","embeddable":true,"href":"https:\/\/trevotech.com\/fr\/wp-json\/wp\/v2\/product_tag?post=3990"}],"curies":[{"name":"wp","href":"https:\/\/api.w.org\/{rel}","templated":true}]}}