{"id":3995,"date":"2024-11-07T21:00:20","date_gmt":"2024-11-07T21:00:20","guid":{"rendered":"https:\/\/trevotech.com\/produto\/crop-equipments\/"},"modified":"2025-08-05T12:09:54","modified_gmt":"2025-08-05T12:09:54","slug":"equipements-pour-les-cultures","status":"publish","type":"product","link":"https:\/\/trevotech.com\/fr\/produto\/equipements-pour-les-cultures\/","title":{"rendered":"\u00c9quipements Pour les Cultures"},"content":{"rendered":"<p><span style=\"font-weight: 400;\">La gamme d\u2019\u00e9quipements pour les cultures de KUHN est con\u00e7ue pour offrir pr\u00e9cision, durabilit\u00e9 et hautes performances \u00e0 toutes les \u00e9tapes de la pr\u00e9paration du sol et des soins aux cultures. Elle comprend des outils de travail du sol avanc\u00e9s tels que les <\/span><i><span style=\"font-weight: 400;\">Optimer<\/span><\/i><span style=\"font-weight: 400;\"> et <\/span><i><span style=\"font-weight: 400;\">Prolander<\/span><\/i><span style=\"font-weight: 400;\">, con\u00e7us pour des pr\u00e9parations superficielles ou profondes, avec des largeurs de travail r\u00e9glables allant jusqu\u2019\u00e0 6 m\u00e8tres. Les semoirs, comme les mod\u00e8les <\/span><i><span style=\"font-weight: 400;\">Espro<\/span><\/i><span style=\"font-weight: 400;\"> et <\/span><i><span style=\"font-weight: 400;\">Maxima 3<\/span><\/i><span style=\"font-weight: 400;\">, allient vitesse de semis \u00e9lev\u00e9e, contr\u00f4le pr\u00e9cis de la profondeur et placement optimal des graines, disponibles en versions m\u00e9caniques ou pneumatiques. Les \u00e9pandeurs d\u2019engrais, dont la s\u00e9rie <\/span><i><span style=\"font-weight: 400;\">Axis<\/span><\/i><span style=\"font-weight: 400;\">, permettent une application \u00e0 dose variable, avec des largeurs de travail pouvant atteindre 50 m\u00e8tres et des syst\u00e8mes de pes\u00e9e int\u00e9gr\u00e9s pour plus de pr\u00e9cision. Les pulv\u00e9risateurs KUHN, comme les mod\u00e8les <\/span><i><span style=\"font-weight: 400;\">Lexis<\/span><\/i><span style=\"font-weight: 400;\"> et <\/span><i><span style=\"font-weight: 400;\">Altis 2<\/span><\/i><span style=\"font-weight: 400;\">, sont \u00e9quip\u00e9s de buses de haute pr\u00e9cision, compatibles ISOBUS, et de r\u00e9servoirs d\u2019une capacit\u00e9 allant de 1 200 \u00e0 plus de 4 000 litres, id\u00e9als pour une protection efficace des cultures. Ensemble, ces machines offrent une solution compl\u00e8te et connect\u00e9e pour l\u2019agriculture moderne, garantissant un rendement optimal et une efficacit\u00e9 op\u00e9rationnelle accrue.<\/span><\/p>\n<p><span style=\"font-weight: 400;\">La gamme d\u2019\u00e9quipements pour les cultures de KUHN est con\u00e7ue pour offrir pr\u00e9cision, durabilit\u00e9 et hautes performances \u00e0 toutes les \u00e9tapes de la pr\u00e9paration du sol et des soins aux cultures. Elle comprend des outils de travail du sol avanc\u00e9s tels que les <\/span><i><span style=\"font-weight: 400;\">Optimer<\/span><\/i><span style=\"font-weight: 400;\"> et <\/span><i><span style=\"font-weight: 400;\">Prolander<\/span><\/i><span style=\"font-weight: 400;\">, con\u00e7us pour des pr\u00e9parations superficielles ou profondes, avec des largeurs de travail r\u00e9glables allant jusqu\u2019\u00e0 6 m\u00e8tres. Les semoirs, comme les mod\u00e8les <\/span><i><span style=\"font-weight: 400;\">Espro<\/span><\/i><span style=\"font-weight: 400;\"> et <\/span><i><span style=\"font-weight: 400;\">Maxima 3<\/span><\/i><span style=\"font-weight: 400;\">, allient vitesse de semis \u00e9lev\u00e9e, contr\u00f4le pr\u00e9cis de la profondeur et placement optimal des graines, disponibles en versions m\u00e9caniques ou pneumatiques. Les \u00e9pandeurs d\u2019engrais, dont la s\u00e9rie <\/span><i><span style=\"font-weight: 400;\">Axis<\/span><\/i><span style=\"font-weight: 400;\">, permettent une application \u00e0 dose variable, avec des largeurs de travail pouvant atteindre 50 m\u00e8tres et des syst\u00e8mes de pes\u00e9e int\u00e9gr\u00e9s pour plus de pr\u00e9cision. Les pulv\u00e9risateurs KUHN, comme les mod\u00e8les <\/span><i><span style=\"font-weight: 400;\">Lexis<\/span><\/i><span style=\"font-weight: 400;\"> et <\/span><i><span style=\"font-weight: 400;\">Altis 2<\/span><\/i><span style=\"font-weight: 400;\">, sont \u00e9quip\u00e9s de buses de haute pr\u00e9cision, compatibles ISOBUS, et de r\u00e9servoirs d\u2019une capacit\u00e9 allant de 1 200 \u00e0 plus de 4 000 litres, id\u00e9als pour une protection efficace des cultures. Ensemble, ces machines offrent une solution compl\u00e8te et connect\u00e9e pour l\u2019agriculture moderne, garantissant un rendement optimal et une efficacit\u00e9 op\u00e9rationnelle accrue.<\/span><\/p>\n","protected":false},"excerpt":{"rendered":"<p><span style=\"font-weight: 400;\">La gamme d\u2019\u00e9quipements pour les cultures de KUHN est con\u00e7ue pour offrir pr\u00e9cision, durabilit\u00e9 et hautes performances \u00e0 toutes les \u00e9tapes de la pr\u00e9paration du sol et des soins aux cultures. Elle comprend des outils de travail du sol avanc\u00e9s tels que les <\/span><i><span style=\"font-weight: 400;\">Optimer<\/span><\/i><span style=\"font-weight: 400;\"> et <\/span><i><span style=\"font-weight: 400;\">Prolander<\/span><\/i><span style=\"font-weight: 400;\">, con\u00e7us pour des pr\u00e9parations superficielles ou profondes, avec des largeurs de travail r\u00e9glables allant jusqu\u2019\u00e0 6 m\u00e8tres. Les semoirs, comme les mod\u00e8les <\/span><i><span style=\"font-weight: 400;\">Espro<\/span><\/i><span style=\"font-weight: 400;\"> et <\/span><i><span style=\"font-weight: 400;\">Maxima 3<\/span><\/i><span style=\"font-weight: 400;\">, allient vitesse de semis \u00e9lev\u00e9e, contr\u00f4le pr\u00e9cis de la profondeur et placement optimal des graines, disponibles en versions m\u00e9caniques ou pneumatiques. Les \u00e9pandeurs d\u2019engrais, dont la s\u00e9rie <\/span><i><span style=\"font-weight: 400;\">Axis<\/span><\/i><span style=\"font-weight: 400;\">, permettent une application \u00e0 dose variable, avec des largeurs de travail pouvant atteindre 50 m\u00e8tres et des syst\u00e8mes de pes\u00e9e int\u00e9gr\u00e9s pour plus de pr\u00e9cision. Les pulv\u00e9risateurs KUHN, comme les mod\u00e8les <\/span><i><span style=\"font-weight: 400;\">Lexis<\/span><\/i><span style=\"font-weight: 400;\"> et <\/span><i><span style=\"font-weight: 400;\">Altis 2<\/span><\/i><span style=\"font-weight: 400;\">, sont \u00e9quip\u00e9s de buses de haute pr\u00e9cision, compatibles ISOBUS, et de r\u00e9servoirs d\u2019une capacit\u00e9 allant de 1 200 \u00e0 plus de 4 000 litres, id\u00e9als pour une protection efficace des cultures. Ensemble, ces machines offrent une solution compl\u00e8te et connect\u00e9e pour l\u2019agriculture moderne, garantissant un rendement optimal et une efficacit\u00e9 op\u00e9rationnelle accrue.<\/span><\/p>\n","protected":false},"featured_media":3996,"comment_status":"open","ping_status":"closed","template":"","meta":{"_acf_changed":false},"product_brand":[],"product_cat":[458],"product_tag":[],"class_list":{"0":"post-3995","1":"product","2":"type-product","3":"status-publish","4":"has-post-thumbnail","6":"product_cat-sem-categoria-fr","7":"setores-agriculture","8":"marcas-kuhn","9":"tipo_produto-equipements-pour-les-cultures","11":"first","12":"instock","13":"shipping-taxable","14":"product-type-simple"},"acf":[],"yoast_head":"<!-- This site is optimized with the Yoast SEO plugin v25.2 - https:\/\/yoast.com\/wordpress\/plugins\/seo\/ -->\n<title>\u00c9quipements Pour les Cultures Kuhn - Trevotech Group<\/title>\n<meta name=\"description\" content=\"La gamme d\u2019\u00e9quipements pour les cultures de KUHN est con\u00e7ue pour offrir pr\u00e9cision, durabilit\u00e9 et hautes performances \u00e0 toutes les \u00e9tapes...\" \/>\n<meta name=\"robots\" content=\"index, follow, max-snippet:-1, max-image-preview:large, max-video-preview:-1\" \/>\n<link rel=\"canonical\" href=\"https:\/\/trevotech.com\/fr\/produto\/equipements-pour-les-cultures\/\" \/>\n<meta property=\"og:locale\" content=\"fr_FR\" \/>\n<meta property=\"og:type\" content=\"article\" \/>\n<meta property=\"og:title\" content=\"\u00c9quipements Pour les Cultures Kuhn - Trevotech Group\" \/>\n<meta property=\"og:description\" content=\"La gamme d\u2019\u00e9quipements pour les cultures de KUHN est con\u00e7ue pour offrir pr\u00e9cision, durabilit\u00e9 et hautes performances \u00e0 toutes les \u00e9tapes...\" \/>\n<meta property=\"og:url\" content=\"https:\/\/trevotech.com\/fr\/produto\/equipements-pour-les-cultures\/\" \/>\n<meta property=\"og:site_name\" content=\"Trevotech Group\" \/>\n<meta property=\"article:modified_time\" content=\"2025-08-05T12:09:54+00:00\" \/>\n<meta property=\"og:image\" content=\"https:\/\/trevotech.com\/wp-content\/uploads\/2024\/11\/KUHN-01-e1741862068800.webp\" \/>\n\t<meta property=\"og:image:width\" content=\"1000\" \/>\n\t<meta property=\"og:image:height\" content=\"1000\" \/>\n\t<meta property=\"og:image:type\" content=\"image\/webp\" \/>\n<meta name=\"twitter:card\" content=\"summary_large_image\" \/>\n<meta name=\"twitter:label1\" content=\"Dur\u00e9e de lecture estim\u00e9e\" \/>\n\t<meta name=\"twitter:data1\" content=\"3 minutes\" \/>\n<script type=\"application\/ld+json\" class=\"yoast-schema-graph\">{\"@context\":\"https:\/\/schema.org\",\"@graph\":[{\"@type\":\"WebPage\",\"@id\":\"https:\/\/trevotech.com\/fr\/produto\/equipements-pour-les-cultures\/\",\"url\":\"https:\/\/trevotech.com\/fr\/produto\/equipements-pour-les-cultures\/\",\"name\":\"\u00c9quipements Pour les Cultures Kuhn - Trevotech Group\",\"isPartOf\":{\"@id\":\"https:\/\/trevotech.com\/fr\/#website\"},\"primaryImageOfPage\":{\"@id\":\"https:\/\/trevotech.com\/fr\/produto\/equipements-pour-les-cultures\/#primaryimage\"},\"image\":{\"@id\":\"https:\/\/trevotech.com\/fr\/produto\/equipements-pour-les-cultures\/#primaryimage\"},\"thumbnailUrl\":\"https:\/\/trevotech.com\/wp-content\/uploads\/2024\/11\/KUHN-01-e1741862068800.webp\",\"datePublished\":\"2024-11-07T21:00:20+00:00\",\"dateModified\":\"2025-08-05T12:09:54+00:00\",\"description\":\"La gamme d\u2019\u00e9quipements pour les cultures de KUHN est con\u00e7ue pour offrir pr\u00e9cision, durabilit\u00e9 et hautes performances \u00e0 toutes les \u00e9tapes...\",\"breadcrumb\":{\"@id\":\"https:\/\/trevotech.com\/fr\/produto\/equipements-pour-les-cultures\/#breadcrumb\"},\"inLanguage\":\"fr-FR\",\"potentialAction\":[{\"@type\":\"ReadAction\",\"target\":[\"https:\/\/trevotech.com\/fr\/produto\/equipements-pour-les-cultures\/\"]}]},{\"@type\":\"ImageObject\",\"inLanguage\":\"fr-FR\",\"@id\":\"https:\/\/trevotech.com\/fr\/produto\/equipements-pour-les-cultures\/#primaryimage\",\"url\":\"https:\/\/trevotech.com\/wp-content\/uploads\/2024\/11\/KUHN-01-e1741862068800.webp\",\"contentUrl\":\"https:\/\/trevotech.com\/wp-content\/uploads\/2024\/11\/KUHN-01-e1741862068800.webp\",\"width\":1000,\"height\":1000,\"caption\":\"Cutting Machines\"},{\"@type\":\"BreadcrumbList\",\"@id\":\"https:\/\/trevotech.com\/fr\/produto\/equipements-pour-les-cultures\/#breadcrumb\",\"itemListElement\":[{\"@type\":\"ListItem\",\"position\":1,\"name\":\"In\u00edcio\",\"item\":\"https:\/\/trevotech.com\/fr\/\"},{\"@type\":\"ListItem\",\"position\":2,\"name\":\"Produits\",\"item\":\"https:\/\/trevotech.com\/fr\/shop\/\"},{\"@type\":\"ListItem\",\"position\":3,\"name\":\"\u00c9quipements Pour les Cultures\"}]},{\"@type\":\"WebSite\",\"@id\":\"https:\/\/trevotech.com\/fr\/#website\",\"url\":\"https:\/\/trevotech.com\/fr\/\",\"name\":\"Trevotech Group\",\"description\":\"\",\"potentialAction\":[{\"@type\":\"SearchAction\",\"target\":{\"@type\":\"EntryPoint\",\"urlTemplate\":\"https:\/\/trevotech.com\/fr\/?s={search_term_string}\"},\"query-input\":{\"@type\":\"PropertyValueSpecification\",\"valueRequired\":true,\"valueName\":\"search_term_string\"}}],\"inLanguage\":\"fr-FR\"}]}<\/script>\n<!-- \/ Yoast SEO plugin. -->","yoast_head_json":{"title":"\u00c9quipements Pour les Cultures Kuhn - Trevotech Group","description":"La gamme d\u2019\u00e9quipements pour les cultures de KUHN est con\u00e7ue pour offrir pr\u00e9cision, durabilit\u00e9 et hautes performances \u00e0 toutes les \u00e9tapes...","robots":{"index":"index","follow":"follow","max-snippet":"max-snippet:-1","max-image-preview":"max-image-preview:large","max-video-preview":"max-video-preview:-1"},"canonical":"https:\/\/trevotech.com\/fr\/produto\/equipements-pour-les-cultures\/","og_locale":"fr_FR","og_type":"article","og_title":"\u00c9quipements Pour les Cultures Kuhn - Trevotech Group","og_description":"La gamme d\u2019\u00e9quipements pour les cultures de KUHN est con\u00e7ue pour offrir pr\u00e9cision, durabilit\u00e9 et hautes performances \u00e0 toutes les \u00e9tapes...","og_url":"https:\/\/trevotech.com\/fr\/produto\/equipements-pour-les-cultures\/","og_site_name":"Trevotech Group","article_modified_time":"2025-08-05T12:09:54+00:00","og_image":[{"width":1000,"height":1000,"url":"https:\/\/trevotech.com\/wp-content\/uploads\/2024\/11\/KUHN-01-e1741862068800.webp","type":"image\/webp"}],"twitter_card":"summary_large_image","twitter_misc":{"Dur\u00e9e de lecture estim\u00e9e":"3 minutes"},"schema":{"@context":"https:\/\/schema.org","@graph":[{"@type":"WebPage","@id":"https:\/\/trevotech.com\/fr\/produto\/equipements-pour-les-cultures\/","url":"https:\/\/trevotech.com\/fr\/produto\/equipements-pour-les-cultures\/","name":"\u00c9quipements Pour les Cultures Kuhn - Trevotech Group","isPartOf":{"@id":"https:\/\/trevotech.com\/fr\/#website"},"primaryImageOfPage":{"@id":"https:\/\/trevotech.com\/fr\/produto\/equipements-pour-les-cultures\/#primaryimage"},"image":{"@id":"https:\/\/trevotech.com\/fr\/produto\/equipements-pour-les-cultures\/#primaryimage"},"thumbnailUrl":"https:\/\/trevotech.com\/wp-content\/uploads\/2024\/11\/KUHN-01-e1741862068800.webp","datePublished":"2024-11-07T21:00:20+00:00","dateModified":"2025-08-05T12:09:54+00:00","description":"La gamme d\u2019\u00e9quipements pour les cultures de KUHN est con\u00e7ue pour offrir pr\u00e9cision, durabilit\u00e9 et hautes performances \u00e0 toutes les \u00e9tapes...","breadcrumb":{"@id":"https:\/\/trevotech.com\/fr\/produto\/equipements-pour-les-cultures\/#breadcrumb"},"inLanguage":"fr-FR","potentialAction":[{"@type":"ReadAction","target":["https:\/\/trevotech.com\/fr\/produto\/equipements-pour-les-cultures\/"]}]},{"@type":"ImageObject","inLanguage":"fr-FR","@id":"https:\/\/trevotech.com\/fr\/produto\/equipements-pour-les-cultures\/#primaryimage","url":"https:\/\/trevotech.com\/wp-content\/uploads\/2024\/11\/KUHN-01-e1741862068800.webp","contentUrl":"https:\/\/trevotech.com\/wp-content\/uploads\/2024\/11\/KUHN-01-e1741862068800.webp","width":1000,"height":1000,"caption":"Cutting Machines"},{"@type":"BreadcrumbList","@id":"https:\/\/trevotech.com\/fr\/produto\/equipements-pour-les-cultures\/#breadcrumb","itemListElement":[{"@type":"ListItem","position":1,"name":"In\u00edcio","item":"https:\/\/trevotech.com\/fr\/"},{"@type":"ListItem","position":2,"name":"Produits","item":"https:\/\/trevotech.com\/fr\/shop\/"},{"@type":"ListItem","position":3,"name":"\u00c9quipements Pour les Cultures"}]},{"@type":"WebSite","@id":"https:\/\/trevotech.com\/fr\/#website","url":"https:\/\/trevotech.com\/fr\/","name":"Trevotech Group","description":"","potentialAction":[{"@type":"SearchAction","target":{"@type":"EntryPoint","urlTemplate":"https:\/\/trevotech.com\/fr\/?s={search_term_string}"},"query-input":{"@type":"PropertyValueSpecification","valueRequired":true,"valueName":"search_term_string"}}],"inLanguage":"fr-FR"}]}},"_links":{"self":[{"href":"https:\/\/trevotech.com\/fr\/wp-json\/wp\/v2\/product\/3995","targetHints":{"allow":["GET"]}}],"collection":[{"href":"https:\/\/trevotech.com\/fr\/wp-json\/wp\/v2\/product"}],"about":[{"href":"https:\/\/trevotech.com\/fr\/wp-json\/wp\/v2\/types\/product"}],"replies":[{"embeddable":true,"href":"https:\/\/trevotech.com\/fr\/wp-json\/wp\/v2\/comments?post=3995"}],"wp:featuredmedia":[{"embeddable":true,"href":"https:\/\/trevotech.com\/fr\/wp-json\/wp\/v2\/media\/3996"}],"wp:attachment":[{"href":"https:\/\/trevotech.com\/fr\/wp-json\/wp\/v2\/media?parent=3995"}],"wp:term":[{"taxonomy":"product_brand","embeddable":true,"href":"https:\/\/trevotech.com\/fr\/wp-json\/wp\/v2\/product_brand?post=3995"},{"taxonomy":"product_cat","embeddable":true,"href":"https:\/\/trevotech.com\/fr\/wp-json\/wp\/v2\/product_cat?post=3995"},{"taxonomy":"product_tag","embeddable":true,"href":"https:\/\/trevotech.com\/fr\/wp-json\/wp\/v2\/product_tag?post=3995"}],"curies":[{"name":"wp","href":"https:\/\/api.w.org\/{rel}","templated":true}]}}