{"id":3998,"date":"2024-11-07T20:59:05","date_gmt":"2024-11-07T20:59:05","guid":{"rendered":"https:\/\/trevotech.com\/produto\/hay-and-forage-equipment\/"},"modified":"2025-08-05T12:11:33","modified_gmt":"2025-08-05T12:11:33","slug":"equipements-pour-le-foin-et-le-fourrage","status":"publish","type":"product","link":"https:\/\/trevotech.com\/fr\/produto\/equipements-pour-le-foin-et-le-fourrage\/","title":{"rendered":"\u00c9quipements Pour Le Foin Et Le Fourrage"},"content":{"rendered":"<p><span style=\"font-weight: 400;\">KUHN est un leader mondial dans le domaine des \u00e9quipements pour le foin et le fourrage, proposant des solutions robustes et innovantes pour la fauche, le fanage, l\u2019andainage, le pressage et l\u2019enrubannage. La gamme comprend des faucheuses hautes performances telles que les s\u00e9ries <\/span><i><span style=\"font-weight: 400;\">GMD<\/span><\/i><span style=\"font-weight: 400;\"> et <\/span><i><span style=\"font-weight: 400;\">FC<\/span><\/i><span style=\"font-weight: 400;\">, disponibles en versions port\u00e9es ou tra\u00een\u00e9es, avec des largeurs de travail allant de 1,6 \u00e0 plus de 10 m\u00e8tres, et des options avec conditionneurs pour un s\u00e9chage acc\u00e9l\u00e9r\u00e9. Pour un fanage efficace, KUHN propose les faneuses de la s\u00e9rie <\/span><i><span style=\"font-weight: 400;\">GF<\/span><\/i><span style=\"font-weight: 400;\">, avec diff\u00e9rentes configurations de rotors et des largeurs de travail allant jusqu\u2019\u00e0 17,8 m\u00e8tres. Les andaineurs et regroupeurs, tels que les s\u00e9ries <\/span><i><span style=\"font-weight: 400;\">GA<\/span><\/i><span style=\"font-weight: 400;\"> et <\/span><i><span style=\"font-weight: 400;\">MM<\/span><\/i><span style=\"font-weight: 400;\">, garantissent des andains propres et r\u00e9guliers, avec syst\u00e8mes de d\u00e9pose centrale ou lat\u00e9rale. Les c\u00e9l\u00e8bres presses \u00e0 balles KUHN, comme les s\u00e9ries <\/span><i><span style=\"font-weight: 400;\">VB<\/span><\/i><span style=\"font-weight: 400;\"> et <\/span><i><span style=\"font-weight: 400;\">FB<\/span><\/i><span style=\"font-weight: 400;\">, sont disponibles avec chambre fixe ou variable, int\u00e9grant des rotors d\u2019alimentation et des syst\u00e8mes de densit\u00e9 progressive pour des balles r\u00e9guli\u00e8res et de haute qualit\u00e9. Enfin, les enrubanneuses des s\u00e9ries <\/span><i><span style=\"font-weight: 400;\">RW<\/span><\/i><span style=\"font-weight: 400;\"> et <\/span><i><span style=\"font-weight: 400;\">SW<\/span><\/i><span style=\"font-weight: 400;\"> assurent une application rapide et homog\u00e8ne du film plastique, pr\u00e9servant la qualit\u00e9 du fourrage. Les \u00e9quipements pour le foin et le fourrage de KUHN sont con\u00e7us pour les agriculteurs exigeants en mati\u00e8re de productivit\u00e9, de fiabilit\u00e9 et de qualit\u00e9 alimentaire.<\/span><\/p>\n<p><span style=\"font-weight: 400;\">KUHN est un leader mondial dans le domaine des \u00e9quipements pour le foin et le fourrage, proposant des solutions robustes et innovantes pour la fauche, le fanage, l\u2019andainage, le pressage et l\u2019enrubannage. La gamme comprend des faucheuses hautes performances telles que les s\u00e9ries <\/span><i><span style=\"font-weight: 400;\">GMD<\/span><\/i><span style=\"font-weight: 400;\"> et <\/span><i><span style=\"font-weight: 400;\">FC<\/span><\/i><span style=\"font-weight: 400;\">, disponibles en versions port\u00e9es ou tra\u00een\u00e9es, avec des largeurs de travail allant de 1,6 \u00e0 plus de 10 m\u00e8tres, et des options avec conditionneurs pour un s\u00e9chage acc\u00e9l\u00e9r\u00e9. Pour un fanage efficace, KUHN propose les faneuses de la s\u00e9rie <\/span><i><span style=\"font-weight: 400;\">GF<\/span><\/i><span style=\"font-weight: 400;\">, avec diff\u00e9rentes configurations de rotors et des largeurs de travail allant jusqu\u2019\u00e0 17,8 m\u00e8tres. Les andaineurs et regroupeurs, tels que les s\u00e9ries <\/span><i><span style=\"font-weight: 400;\">GA<\/span><\/i><span style=\"font-weight: 400;\"> et <\/span><i><span style=\"font-weight: 400;\">MM<\/span><\/i><span style=\"font-weight: 400;\">, garantissent des andains propres et r\u00e9guliers, avec syst\u00e8mes de d\u00e9pose centrale ou lat\u00e9rale. Les c\u00e9l\u00e8bres presses \u00e0 balles KUHN, comme les s\u00e9ries <\/span><i><span style=\"font-weight: 400;\">VB<\/span><\/i><span style=\"font-weight: 400;\"> et <\/span><i><span style=\"font-weight: 400;\">FB<\/span><\/i><span style=\"font-weight: 400;\">, sont disponibles avec chambre fixe ou variable, int\u00e9grant des rotors d\u2019alimentation et des syst\u00e8mes de densit\u00e9 progressive pour des balles r\u00e9guli\u00e8res et de haute qualit\u00e9. Enfin, les enrubanneuses des s\u00e9ries <\/span><i><span style=\"font-weight: 400;\">RW<\/span><\/i><span style=\"font-weight: 400;\"> et <\/span><i><span style=\"font-weight: 400;\">SW<\/span><\/i><span style=\"font-weight: 400;\"> assurent une application rapide et homog\u00e8ne du film plastique, pr\u00e9servant la qualit\u00e9 du fourrage. Les \u00e9quipements pour le foin et le fourrage de KUHN sont con\u00e7us pour les agriculteurs exigeants en mati\u00e8re de productivit\u00e9, de fiabilit\u00e9 et de qualit\u00e9 alimentaire.<\/span><\/p>\n","protected":false},"excerpt":{"rendered":"<p><span style=\"font-weight: 400;\">KUHN est un leader mondial dans le domaine des \u00e9quipements pour le foin et le fourrage, proposant des solutions robustes et innovantes pour la fauche, le fanage, l\u2019andainage, le pressage et l\u2019enrubannage. La gamme comprend des faucheuses hautes performances telles que les s\u00e9ries <\/span><i><span style=\"font-weight: 400;\">GMD<\/span><\/i><span style=\"font-weight: 400;\"> et <\/span><i><span style=\"font-weight: 400;\">FC<\/span><\/i><span style=\"font-weight: 400;\">, disponibles en versions port\u00e9es ou tra\u00een\u00e9es, avec des largeurs de travail allant de 1,6 \u00e0 plus de 10 m\u00e8tres, et des options avec conditionneurs pour un s\u00e9chage acc\u00e9l\u00e9r\u00e9. Pour un fanage efficace, KUHN propose les faneuses de la s\u00e9rie <\/span><i><span style=\"font-weight: 400;\">GF<\/span><\/i><span style=\"font-weight: 400;\">, avec diff\u00e9rentes configurations de rotors et des largeurs de travail allant jusqu\u2019\u00e0 17,8 m\u00e8tres. Les andaineurs et regroupeurs, tels que les s\u00e9ries <\/span><i><span style=\"font-weight: 400;\">GA<\/span><\/i><span style=\"font-weight: 400;\"> et <\/span><i><span style=\"font-weight: 400;\">MM<\/span><\/i><span style=\"font-weight: 400;\">, garantissent des andains propres et r\u00e9guliers, avec syst\u00e8mes de d\u00e9pose centrale ou lat\u00e9rale. Les c\u00e9l\u00e8bres presses \u00e0 balles KUHN, comme les s\u00e9ries <\/span><i><span style=\"font-weight: 400;\">VB<\/span><\/i><span style=\"font-weight: 400;\"> et <\/span><i><span style=\"font-weight: 400;\">FB<\/span><\/i><span style=\"font-weight: 400;\">, sont disponibles avec chambre fixe ou variable, int\u00e9grant des rotors d\u2019alimentation et des syst\u00e8mes de densit\u00e9 progressive pour des balles r\u00e9guli\u00e8res et de haute qualit\u00e9. Enfin, les enrubanneuses des s\u00e9ries <\/span><i><span style=\"font-weight: 400;\">RW<\/span><\/i><span style=\"font-weight: 400;\"> et <\/span><i><span style=\"font-weight: 400;\">SW<\/span><\/i><span style=\"font-weight: 400;\"> assurent une application rapide et homog\u00e8ne du film plastique, pr\u00e9servant la qualit\u00e9 du fourrage. Les \u00e9quipements pour le foin et le fourrage de KUHN sont con\u00e7us pour les agriculteurs exigeants en mati\u00e8re de productivit\u00e9, de fiabilit\u00e9 et de qualit\u00e9 alimentaire.<\/span><\/p>\n","protected":false},"featured_media":3999,"comment_status":"open","ping_status":"closed","template":"","meta":{"_acf_changed":false},"product_brand":[],"product_cat":[458],"product_tag":[],"class_list":{"0":"post-3998","1":"product","2":"type-product","3":"status-publish","4":"has-post-thumbnail","6":"product_cat-sem-categoria-fr","7":"setores-agriculture","8":"marcas-kuhn","9":"tipo_produto-equipements-pour-le-foin-et-le-fourrage","11":"first","12":"instock","13":"shipping-taxable","14":"product-type-simple"},"acf":[],"yoast_head":"<!-- This site is optimized with the Yoast SEO plugin v25.2 - https:\/\/yoast.com\/wordpress\/plugins\/seo\/ -->\n<title>\u00c9quipements Pour Le Foin Et Le Fourrage Kuhn - Trevotech Group<\/title>\n<meta name=\"description\" content=\"KUHN est un leader mondial dans le domaine des \u00e9quipements pour le foin et le fourrage, proposant des solutions robustes et...\" \/>\n<meta name=\"robots\" content=\"index, follow, max-snippet:-1, max-image-preview:large, max-video-preview:-1\" \/>\n<link rel=\"canonical\" href=\"https:\/\/trevotech.com\/fr\/produto\/equipements-pour-le-foin-et-le-fourrage\/\" \/>\n<meta property=\"og:locale\" content=\"fr_FR\" \/>\n<meta property=\"og:type\" content=\"article\" \/>\n<meta property=\"og:title\" content=\"\u00c9quipements Pour Le Foin Et Le Fourrage Kuhn - Trevotech Group\" \/>\n<meta property=\"og:description\" content=\"KUHN est un leader mondial dans le domaine des \u00e9quipements pour le foin et le fourrage, proposant des solutions robustes et...\" \/>\n<meta property=\"og:url\" content=\"https:\/\/trevotech.com\/fr\/produto\/equipements-pour-le-foin-et-le-fourrage\/\" \/>\n<meta property=\"og:site_name\" content=\"Trevotech Group\" \/>\n<meta property=\"article:modified_time\" content=\"2025-08-05T12:11:33+00:00\" \/>\n<meta property=\"og:image\" content=\"https:\/\/trevotech.com\/wp-content\/uploads\/2024\/11\/KUHN-02.webp\" \/>\n\t<meta property=\"og:image:width\" content=\"1000\" \/>\n\t<meta property=\"og:image:height\" content=\"1000\" \/>\n\t<meta property=\"og:image:type\" content=\"image\/webp\" \/>\n<meta name=\"twitter:card\" content=\"summary_large_image\" \/>\n<meta name=\"twitter:label1\" content=\"Dur\u00e9e de lecture estim\u00e9e\" \/>\n\t<meta name=\"twitter:data1\" content=\"3 minutes\" \/>\n<script type=\"application\/ld+json\" class=\"yoast-schema-graph\">{\"@context\":\"https:\/\/schema.org\",\"@graph\":[{\"@type\":\"WebPage\",\"@id\":\"https:\/\/trevotech.com\/fr\/produto\/equipements-pour-le-foin-et-le-fourrage\/\",\"url\":\"https:\/\/trevotech.com\/fr\/produto\/equipements-pour-le-foin-et-le-fourrage\/\",\"name\":\"\u00c9quipements Pour Le Foin Et Le Fourrage Kuhn - Trevotech Group\",\"isPartOf\":{\"@id\":\"https:\/\/trevotech.com\/fr\/#website\"},\"primaryImageOfPage\":{\"@id\":\"https:\/\/trevotech.com\/fr\/produto\/equipements-pour-le-foin-et-le-fourrage\/#primaryimage\"},\"image\":{\"@id\":\"https:\/\/trevotech.com\/fr\/produto\/equipements-pour-le-foin-et-le-fourrage\/#primaryimage\"},\"thumbnailUrl\":\"https:\/\/trevotech.com\/wp-content\/uploads\/2024\/11\/KUHN-02.webp\",\"datePublished\":\"2024-11-07T20:59:05+00:00\",\"dateModified\":\"2025-08-05T12:11:33+00:00\",\"description\":\"KUHN est un leader mondial dans le domaine des \u00e9quipements pour le foin et le fourrage, proposant des solutions robustes et...\",\"breadcrumb\":{\"@id\":\"https:\/\/trevotech.com\/fr\/produto\/equipements-pour-le-foin-et-le-fourrage\/#breadcrumb\"},\"inLanguage\":\"fr-FR\",\"potentialAction\":[{\"@type\":\"ReadAction\",\"target\":[\"https:\/\/trevotech.com\/fr\/produto\/equipements-pour-le-foin-et-le-fourrage\/\"]}]},{\"@type\":\"ImageObject\",\"inLanguage\":\"fr-FR\",\"@id\":\"https:\/\/trevotech.com\/fr\/produto\/equipements-pour-le-foin-et-le-fourrage\/#primaryimage\",\"url\":\"https:\/\/trevotech.com\/wp-content\/uploads\/2024\/11\/KUHN-02.webp\",\"contentUrl\":\"https:\/\/trevotech.com\/wp-content\/uploads\/2024\/11\/KUHN-02.webp\",\"width\":1000,\"height\":1000,\"caption\":\"Hay & Forage Machinery\"},{\"@type\":\"BreadcrumbList\",\"@id\":\"https:\/\/trevotech.com\/fr\/produto\/equipements-pour-le-foin-et-le-fourrage\/#breadcrumb\",\"itemListElement\":[{\"@type\":\"ListItem\",\"position\":1,\"name\":\"In\u00edcio\",\"item\":\"https:\/\/trevotech.com\/fr\/\"},{\"@type\":\"ListItem\",\"position\":2,\"name\":\"Produits\",\"item\":\"https:\/\/trevotech.com\/fr\/shop\/\"},{\"@type\":\"ListItem\",\"position\":3,\"name\":\"\u00c9quipements Pour Le Foin Et Le Fourrage\"}]},{\"@type\":\"WebSite\",\"@id\":\"https:\/\/trevotech.com\/fr\/#website\",\"url\":\"https:\/\/trevotech.com\/fr\/\",\"name\":\"Trevotech Group\",\"description\":\"\",\"potentialAction\":[{\"@type\":\"SearchAction\",\"target\":{\"@type\":\"EntryPoint\",\"urlTemplate\":\"https:\/\/trevotech.com\/fr\/?s={search_term_string}\"},\"query-input\":{\"@type\":\"PropertyValueSpecification\",\"valueRequired\":true,\"valueName\":\"search_term_string\"}}],\"inLanguage\":\"fr-FR\"}]}<\/script>\n<!-- \/ Yoast SEO plugin. -->","yoast_head_json":{"title":"\u00c9quipements Pour Le Foin Et Le Fourrage Kuhn - Trevotech Group","description":"KUHN est un leader mondial dans le domaine des \u00e9quipements pour le foin et le fourrage, proposant des solutions robustes et...","robots":{"index":"index","follow":"follow","max-snippet":"max-snippet:-1","max-image-preview":"max-image-preview:large","max-video-preview":"max-video-preview:-1"},"canonical":"https:\/\/trevotech.com\/fr\/produto\/equipements-pour-le-foin-et-le-fourrage\/","og_locale":"fr_FR","og_type":"article","og_title":"\u00c9quipements Pour Le Foin Et Le Fourrage Kuhn - Trevotech Group","og_description":"KUHN est un leader mondial dans le domaine des \u00e9quipements pour le foin et le fourrage, proposant des solutions robustes et...","og_url":"https:\/\/trevotech.com\/fr\/produto\/equipements-pour-le-foin-et-le-fourrage\/","og_site_name":"Trevotech Group","article_modified_time":"2025-08-05T12:11:33+00:00","og_image":[{"width":1000,"height":1000,"url":"https:\/\/trevotech.com\/wp-content\/uploads\/2024\/11\/KUHN-02.webp","type":"image\/webp"}],"twitter_card":"summary_large_image","twitter_misc":{"Dur\u00e9e de lecture estim\u00e9e":"3 minutes"},"schema":{"@context":"https:\/\/schema.org","@graph":[{"@type":"WebPage","@id":"https:\/\/trevotech.com\/fr\/produto\/equipements-pour-le-foin-et-le-fourrage\/","url":"https:\/\/trevotech.com\/fr\/produto\/equipements-pour-le-foin-et-le-fourrage\/","name":"\u00c9quipements Pour Le Foin Et Le Fourrage Kuhn - Trevotech Group","isPartOf":{"@id":"https:\/\/trevotech.com\/fr\/#website"},"primaryImageOfPage":{"@id":"https:\/\/trevotech.com\/fr\/produto\/equipements-pour-le-foin-et-le-fourrage\/#primaryimage"},"image":{"@id":"https:\/\/trevotech.com\/fr\/produto\/equipements-pour-le-foin-et-le-fourrage\/#primaryimage"},"thumbnailUrl":"https:\/\/trevotech.com\/wp-content\/uploads\/2024\/11\/KUHN-02.webp","datePublished":"2024-11-07T20:59:05+00:00","dateModified":"2025-08-05T12:11:33+00:00","description":"KUHN est un leader mondial dans le domaine des \u00e9quipements pour le foin et le fourrage, proposant des solutions robustes et...","breadcrumb":{"@id":"https:\/\/trevotech.com\/fr\/produto\/equipements-pour-le-foin-et-le-fourrage\/#breadcrumb"},"inLanguage":"fr-FR","potentialAction":[{"@type":"ReadAction","target":["https:\/\/trevotech.com\/fr\/produto\/equipements-pour-le-foin-et-le-fourrage\/"]}]},{"@type":"ImageObject","inLanguage":"fr-FR","@id":"https:\/\/trevotech.com\/fr\/produto\/equipements-pour-le-foin-et-le-fourrage\/#primaryimage","url":"https:\/\/trevotech.com\/wp-content\/uploads\/2024\/11\/KUHN-02.webp","contentUrl":"https:\/\/trevotech.com\/wp-content\/uploads\/2024\/11\/KUHN-02.webp","width":1000,"height":1000,"caption":"Hay & Forage Machinery"},{"@type":"BreadcrumbList","@id":"https:\/\/trevotech.com\/fr\/produto\/equipements-pour-le-foin-et-le-fourrage\/#breadcrumb","itemListElement":[{"@type":"ListItem","position":1,"name":"In\u00edcio","item":"https:\/\/trevotech.com\/fr\/"},{"@type":"ListItem","position":2,"name":"Produits","item":"https:\/\/trevotech.com\/fr\/shop\/"},{"@type":"ListItem","position":3,"name":"\u00c9quipements Pour Le Foin Et Le Fourrage"}]},{"@type":"WebSite","@id":"https:\/\/trevotech.com\/fr\/#website","url":"https:\/\/trevotech.com\/fr\/","name":"Trevotech Group","description":"","potentialAction":[{"@type":"SearchAction","target":{"@type":"EntryPoint","urlTemplate":"https:\/\/trevotech.com\/fr\/?s={search_term_string}"},"query-input":{"@type":"PropertyValueSpecification","valueRequired":true,"valueName":"search_term_string"}}],"inLanguage":"fr-FR"}]}},"_links":{"self":[{"href":"https:\/\/trevotech.com\/fr\/wp-json\/wp\/v2\/product\/3998","targetHints":{"allow":["GET"]}}],"collection":[{"href":"https:\/\/trevotech.com\/fr\/wp-json\/wp\/v2\/product"}],"about":[{"href":"https:\/\/trevotech.com\/fr\/wp-json\/wp\/v2\/types\/product"}],"replies":[{"embeddable":true,"href":"https:\/\/trevotech.com\/fr\/wp-json\/wp\/v2\/comments?post=3998"}],"wp:featuredmedia":[{"embeddable":true,"href":"https:\/\/trevotech.com\/fr\/wp-json\/wp\/v2\/media\/3999"}],"wp:attachment":[{"href":"https:\/\/trevotech.com\/fr\/wp-json\/wp\/v2\/media?parent=3998"}],"wp:term":[{"taxonomy":"product_brand","embeddable":true,"href":"https:\/\/trevotech.com\/fr\/wp-json\/wp\/v2\/product_brand?post=3998"},{"taxonomy":"product_cat","embeddable":true,"href":"https:\/\/trevotech.com\/fr\/wp-json\/wp\/v2\/product_cat?post=3998"},{"taxonomy":"product_tag","embeddable":true,"href":"https:\/\/trevotech.com\/fr\/wp-json\/wp\/v2\/product_tag?post=3998"}],"curies":[{"name":"wp","href":"https:\/\/api.w.org\/{rel}","templated":true}]}}