{"id":4001,"date":"2024-11-07T20:57:13","date_gmt":"2024-11-07T20:57:13","guid":{"rendered":"https:\/\/trevotech.com\/produto\/livestock-equipments\/"},"modified":"2025-08-05T12:14:03","modified_gmt":"2025-08-05T12:14:03","slug":"pour-lelevage","status":"publish","type":"product","link":"https:\/\/trevotech.com\/fr\/produto\/pour-lelevage\/","title":{"rendered":"\u00c9quipements Pour l\u2019\u00c9levage"},"content":{"rendered":"<p><span style=\"font-weight: 400;\">KUHN propose une gamme compl\u00e8te d\u2019\u00e9quipements pour l\u2019\u00e9levage, con\u00e7us pour am\u00e9liorer l\u2019efficacit\u00e9 de l\u2019alimentation, la gestion de la liti\u00e8re et le bien-\u00eatre global des animaux dans les exploitations modernes. Au c\u0153ur de cette offre se trouvent les m\u00e9langeuses TRM (ration totale m\u00e9lang\u00e9e), telles que les s\u00e9ries <\/span><i><span style=\"font-weight: 400;\">PROFILE<\/span><\/i><span style=\"font-weight: 400;\"> et <\/span><i><span style=\"font-weight: 400;\">SPW Intense<\/span><\/i><span style=\"font-weight: 400;\">, disponibles avec une ou deux vis, avec des capacit\u00e9s allant de 4 \u00e0 plus de 30 m\u00b3. Ces m\u00e9langeuses assurent une ration homog\u00e8ne et une distribution pr\u00e9cise, avec des mod\u00e8les automoteurs, tra\u00een\u00e9s ou stationnaires. KUHN propose \u00e9galement des \u00e9pandeurs de fumier, comme les s\u00e9ries <\/span><i><span style=\"font-weight: 400;\">ProTwin Slinger<\/span><\/i><span style=\"font-weight: 400;\"> et <\/span><i><span style=\"font-weight: 400;\">SP<\/span><\/i><span style=\"font-weight: 400;\">, reconnus pour leurs sch\u00e9mas de r\u00e9partition pr\u00e9cis et leur grande capacit\u00e9 \u2013 id\u00e9als pour le fumier solide ou semi-liquide. Pour la gestion de la liti\u00e8re, les pailleuses, notamment la gamme <\/span><i><span style=\"font-weight: 400;\">Primor<\/span><\/i><span style=\"font-weight: 400;\">, permettent une distribution rapide et homog\u00e8ne de la paille dans les stabulations ou enclos, avec des mod\u00e8les adapt\u00e9s aux balles rondes ou rectangulaires. Ensemble, les solutions KUHN pour l\u2019\u00e9levage optimisent les processus d\u2019alimentation et d\u2019hygi\u00e8ne tout en r\u00e9duisant la main-d\u2019\u0153uvre et le gaspillage.<\/span><\/p>\n<p><span style=\"font-weight: 400;\">KUHN propose une gamme compl\u00e8te d\u2019\u00e9quipements pour l\u2019\u00e9levage, con\u00e7us pour am\u00e9liorer l\u2019efficacit\u00e9 de l\u2019alimentation, la gestion de la liti\u00e8re et le bien-\u00eatre global des animaux dans les exploitations modernes. Au c\u0153ur de cette offre se trouvent les m\u00e9langeuses TRM (ration totale m\u00e9lang\u00e9e), telles que les s\u00e9ries <\/span><i><span style=\"font-weight: 400;\">PROFILE<\/span><\/i><span style=\"font-weight: 400;\"> et <\/span><i><span style=\"font-weight: 400;\">SPW Intense<\/span><\/i><span style=\"font-weight: 400;\">, disponibles avec une ou deux vis, avec des capacit\u00e9s allant de 4 \u00e0 plus de 30 m\u00b3. Ces m\u00e9langeuses assurent une ration homog\u00e8ne et une distribution pr\u00e9cise, avec des mod\u00e8les automoteurs, tra\u00een\u00e9s ou stationnaires. KUHN propose \u00e9galement des \u00e9pandeurs de fumier, comme les s\u00e9ries <\/span><i><span style=\"font-weight: 400;\">ProTwin Slinger<\/span><\/i><span style=\"font-weight: 400;\"> et <\/span><i><span style=\"font-weight: 400;\">SP<\/span><\/i><span style=\"font-weight: 400;\">, reconnus pour leurs sch\u00e9mas de r\u00e9partition pr\u00e9cis et leur grande capacit\u00e9 \u2013 id\u00e9als pour le fumier solide ou semi-liquide. Pour la gestion de la liti\u00e8re, les pailleuses, notamment la gamme <\/span><i><span style=\"font-weight: 400;\">Primor<\/span><\/i><span style=\"font-weight: 400;\">, permettent une distribution rapide et homog\u00e8ne de la paille dans les stabulations ou enclos, avec des mod\u00e8les adapt\u00e9s aux balles rondes ou rectangulaires. Ensemble, les solutions KUHN pour l\u2019\u00e9levage optimisent les processus d\u2019alimentation et d\u2019hygi\u00e8ne tout en r\u00e9duisant la main-d\u2019\u0153uvre et le gaspillage.<\/span><\/p>\n","protected":false},"excerpt":{"rendered":"<p><span style=\"font-weight: 400;\">KUHN propose une gamme compl\u00e8te d\u2019\u00e9quipements pour l\u2019\u00e9levage, con\u00e7us pour am\u00e9liorer l\u2019efficacit\u00e9 de l\u2019alimentation, la gestion de la liti\u00e8re et le bien-\u00eatre global des animaux dans les exploitations modernes. Au c\u0153ur de cette offre se trouvent les m\u00e9langeuses TRM (ration totale m\u00e9lang\u00e9e), telles que les s\u00e9ries <\/span><i><span style=\"font-weight: 400;\">PROFILE<\/span><\/i><span style=\"font-weight: 400;\"> et <\/span><i><span style=\"font-weight: 400;\">SPW Intense<\/span><\/i><span style=\"font-weight: 400;\">, disponibles avec une ou deux vis, avec des capacit\u00e9s allant de 4 \u00e0 plus de 30 m\u00b3. Ces m\u00e9langeuses assurent une ration homog\u00e8ne et une distribution pr\u00e9cise, avec des mod\u00e8les automoteurs, tra\u00een\u00e9s ou stationnaires. KUHN propose \u00e9galement des \u00e9pandeurs de fumier, comme les s\u00e9ries <\/span><i><span style=\"font-weight: 400;\">ProTwin Slinger<\/span><\/i><span style=\"font-weight: 400;\"> et <\/span><i><span style=\"font-weight: 400;\">SP<\/span><\/i><span style=\"font-weight: 400;\">, reconnus pour leurs sch\u00e9mas de r\u00e9partition pr\u00e9cis et leur grande capacit\u00e9 \u2013 id\u00e9als pour le fumier solide ou semi-liquide. Pour la gestion de la liti\u00e8re, les pailleuses, notamment la gamme <\/span><i><span style=\"font-weight: 400;\">Primor<\/span><\/i><span style=\"font-weight: 400;\">, permettent une distribution rapide et homog\u00e8ne de la paille dans les stabulations ou enclos, avec des mod\u00e8les adapt\u00e9s aux balles rondes ou rectangulaires. Ensemble, les solutions KUHN pour l\u2019\u00e9levage optimisent les processus d\u2019alimentation et d\u2019hygi\u00e8ne tout en r\u00e9duisant la main-d\u2019\u0153uvre et le gaspillage.<\/span><\/p>\n","protected":false},"featured_media":4003,"comment_status":"open","ping_status":"closed","template":"","meta":{"_acf_changed":false},"product_brand":[],"product_cat":[458],"product_tag":[],"class_list":{"0":"post-4001","1":"product","2":"type-product","3":"status-publish","4":"has-post-thumbnail","6":"product_cat-sem-categoria-fr","7":"setores-agriculture","8":"marcas-kuhn","9":"tipo_produto-equipements-pour-lelevage","11":"first","12":"instock","13":"shipping-taxable","14":"product-type-simple"},"acf":[],"yoast_head":"<!-- This site is optimized with the Yoast SEO plugin v25.2 - https:\/\/yoast.com\/wordpress\/plugins\/seo\/ -->\n<title>\u00c9quipements Pour l\u2019\u00c9levage Kuhn - Trevotech Group<\/title>\n<meta name=\"description\" content=\"KUHN propose une gamme compl\u00e8te d\u2019\u00e9quipements pour l\u2019\u00e9levage, con\u00e7us pour am\u00e9liorer l\u2019efficacit\u00e9 de l\u2019alimentation, la gestion de...\" \/>\n<meta name=\"robots\" content=\"index, follow, max-snippet:-1, max-image-preview:large, max-video-preview:-1\" \/>\n<link rel=\"canonical\" href=\"https:\/\/trevotech.com\/fr\/produto\/pour-lelevage\/\" \/>\n<meta property=\"og:locale\" content=\"fr_FR\" \/>\n<meta property=\"og:type\" content=\"article\" \/>\n<meta property=\"og:title\" content=\"\u00c9quipements Pour l\u2019\u00c9levage Kuhn - Trevotech Group\" \/>\n<meta property=\"og:description\" content=\"KUHN propose une gamme compl\u00e8te d\u2019\u00e9quipements pour l\u2019\u00e9levage, con\u00e7us pour am\u00e9liorer l\u2019efficacit\u00e9 de l\u2019alimentation, la gestion de...\" \/>\n<meta property=\"og:url\" content=\"https:\/\/trevotech.com\/fr\/produto\/pour-lelevage\/\" \/>\n<meta property=\"og:site_name\" content=\"Trevotech Group\" \/>\n<meta property=\"article:modified_time\" content=\"2025-08-05T12:14:03+00:00\" \/>\n<meta property=\"og:image\" content=\"https:\/\/trevotech.com\/wp-content\/uploads\/2024\/11\/KUHN-06.webp\" \/>\n\t<meta property=\"og:image:width\" content=\"1000\" \/>\n\t<meta property=\"og:image:height\" content=\"1000\" \/>\n\t<meta property=\"og:image:type\" content=\"image\/webp\" \/>\n<meta name=\"twitter:card\" content=\"summary_large_image\" \/>\n<meta name=\"twitter:label1\" content=\"Dur\u00e9e de lecture estim\u00e9e\" \/>\n\t<meta name=\"twitter:data1\" content=\"3 minutes\" \/>\n<script type=\"application\/ld+json\" class=\"yoast-schema-graph\">{\"@context\":\"https:\/\/schema.org\",\"@graph\":[{\"@type\":\"WebPage\",\"@id\":\"https:\/\/trevotech.com\/fr\/produto\/pour-lelevage\/\",\"url\":\"https:\/\/trevotech.com\/fr\/produto\/pour-lelevage\/\",\"name\":\"\u00c9quipements Pour l\u2019\u00c9levage Kuhn - Trevotech Group\",\"isPartOf\":{\"@id\":\"https:\/\/trevotech.com\/fr\/#website\"},\"primaryImageOfPage\":{\"@id\":\"https:\/\/trevotech.com\/fr\/produto\/pour-lelevage\/#primaryimage\"},\"image\":{\"@id\":\"https:\/\/trevotech.com\/fr\/produto\/pour-lelevage\/#primaryimage\"},\"thumbnailUrl\":\"https:\/\/trevotech.com\/wp-content\/uploads\/2024\/11\/KUHN-06.webp\",\"datePublished\":\"2024-11-07T20:57:13+00:00\",\"dateModified\":\"2025-08-05T12:14:03+00:00\",\"description\":\"KUHN propose une gamme compl\u00e8te d\u2019\u00e9quipements pour l\u2019\u00e9levage, con\u00e7us pour am\u00e9liorer l\u2019efficacit\u00e9 de l\u2019alimentation, la gestion de...\",\"breadcrumb\":{\"@id\":\"https:\/\/trevotech.com\/fr\/produto\/pour-lelevage\/#breadcrumb\"},\"inLanguage\":\"fr-FR\",\"potentialAction\":[{\"@type\":\"ReadAction\",\"target\":[\"https:\/\/trevotech.com\/fr\/produto\/pour-lelevage\/\"]}]},{\"@type\":\"ImageObject\",\"inLanguage\":\"fr-FR\",\"@id\":\"https:\/\/trevotech.com\/fr\/produto\/pour-lelevage\/#primaryimage\",\"url\":\"https:\/\/trevotech.com\/wp-content\/uploads\/2024\/11\/KUHN-06.webp\",\"contentUrl\":\"https:\/\/trevotech.com\/wp-content\/uploads\/2024\/11\/KUHN-06.webp\",\"width\":1000,\"height\":1000,\"caption\":\"TRM Mixers\"},{\"@type\":\"BreadcrumbList\",\"@id\":\"https:\/\/trevotech.com\/fr\/produto\/pour-lelevage\/#breadcrumb\",\"itemListElement\":[{\"@type\":\"ListItem\",\"position\":1,\"name\":\"In\u00edcio\",\"item\":\"https:\/\/trevotech.com\/fr\/\"},{\"@type\":\"ListItem\",\"position\":2,\"name\":\"Produits\",\"item\":\"https:\/\/trevotech.com\/fr\/shop\/\"},{\"@type\":\"ListItem\",\"position\":3,\"name\":\"\u00c9quipements Pour l\u2019\u00c9levage\"}]},{\"@type\":\"WebSite\",\"@id\":\"https:\/\/trevotech.com\/fr\/#website\",\"url\":\"https:\/\/trevotech.com\/fr\/\",\"name\":\"Trevotech Group\",\"description\":\"\",\"potentialAction\":[{\"@type\":\"SearchAction\",\"target\":{\"@type\":\"EntryPoint\",\"urlTemplate\":\"https:\/\/trevotech.com\/fr\/?s={search_term_string}\"},\"query-input\":{\"@type\":\"PropertyValueSpecification\",\"valueRequired\":true,\"valueName\":\"search_term_string\"}}],\"inLanguage\":\"fr-FR\"}]}<\/script>\n<!-- \/ Yoast SEO plugin. -->","yoast_head_json":{"title":"\u00c9quipements Pour l\u2019\u00c9levage Kuhn - Trevotech Group","description":"KUHN propose une gamme compl\u00e8te d\u2019\u00e9quipements pour l\u2019\u00e9levage, con\u00e7us pour am\u00e9liorer l\u2019efficacit\u00e9 de l\u2019alimentation, la gestion de...","robots":{"index":"index","follow":"follow","max-snippet":"max-snippet:-1","max-image-preview":"max-image-preview:large","max-video-preview":"max-video-preview:-1"},"canonical":"https:\/\/trevotech.com\/fr\/produto\/pour-lelevage\/","og_locale":"fr_FR","og_type":"article","og_title":"\u00c9quipements Pour l\u2019\u00c9levage Kuhn - Trevotech Group","og_description":"KUHN propose une gamme compl\u00e8te d\u2019\u00e9quipements pour l\u2019\u00e9levage, con\u00e7us pour am\u00e9liorer l\u2019efficacit\u00e9 de l\u2019alimentation, la gestion de...","og_url":"https:\/\/trevotech.com\/fr\/produto\/pour-lelevage\/","og_site_name":"Trevotech Group","article_modified_time":"2025-08-05T12:14:03+00:00","og_image":[{"width":1000,"height":1000,"url":"https:\/\/trevotech.com\/wp-content\/uploads\/2024\/11\/KUHN-06.webp","type":"image\/webp"}],"twitter_card":"summary_large_image","twitter_misc":{"Dur\u00e9e de lecture estim\u00e9e":"3 minutes"},"schema":{"@context":"https:\/\/schema.org","@graph":[{"@type":"WebPage","@id":"https:\/\/trevotech.com\/fr\/produto\/pour-lelevage\/","url":"https:\/\/trevotech.com\/fr\/produto\/pour-lelevage\/","name":"\u00c9quipements Pour l\u2019\u00c9levage Kuhn - Trevotech Group","isPartOf":{"@id":"https:\/\/trevotech.com\/fr\/#website"},"primaryImageOfPage":{"@id":"https:\/\/trevotech.com\/fr\/produto\/pour-lelevage\/#primaryimage"},"image":{"@id":"https:\/\/trevotech.com\/fr\/produto\/pour-lelevage\/#primaryimage"},"thumbnailUrl":"https:\/\/trevotech.com\/wp-content\/uploads\/2024\/11\/KUHN-06.webp","datePublished":"2024-11-07T20:57:13+00:00","dateModified":"2025-08-05T12:14:03+00:00","description":"KUHN propose une gamme compl\u00e8te d\u2019\u00e9quipements pour l\u2019\u00e9levage, con\u00e7us pour am\u00e9liorer l\u2019efficacit\u00e9 de l\u2019alimentation, la gestion de...","breadcrumb":{"@id":"https:\/\/trevotech.com\/fr\/produto\/pour-lelevage\/#breadcrumb"},"inLanguage":"fr-FR","potentialAction":[{"@type":"ReadAction","target":["https:\/\/trevotech.com\/fr\/produto\/pour-lelevage\/"]}]},{"@type":"ImageObject","inLanguage":"fr-FR","@id":"https:\/\/trevotech.com\/fr\/produto\/pour-lelevage\/#primaryimage","url":"https:\/\/trevotech.com\/wp-content\/uploads\/2024\/11\/KUHN-06.webp","contentUrl":"https:\/\/trevotech.com\/wp-content\/uploads\/2024\/11\/KUHN-06.webp","width":1000,"height":1000,"caption":"TRM Mixers"},{"@type":"BreadcrumbList","@id":"https:\/\/trevotech.com\/fr\/produto\/pour-lelevage\/#breadcrumb","itemListElement":[{"@type":"ListItem","position":1,"name":"In\u00edcio","item":"https:\/\/trevotech.com\/fr\/"},{"@type":"ListItem","position":2,"name":"Produits","item":"https:\/\/trevotech.com\/fr\/shop\/"},{"@type":"ListItem","position":3,"name":"\u00c9quipements Pour l\u2019\u00c9levage"}]},{"@type":"WebSite","@id":"https:\/\/trevotech.com\/fr\/#website","url":"https:\/\/trevotech.com\/fr\/","name":"Trevotech Group","description":"","potentialAction":[{"@type":"SearchAction","target":{"@type":"EntryPoint","urlTemplate":"https:\/\/trevotech.com\/fr\/?s={search_term_string}"},"query-input":{"@type":"PropertyValueSpecification","valueRequired":true,"valueName":"search_term_string"}}],"inLanguage":"fr-FR"}]}},"_links":{"self":[{"href":"https:\/\/trevotech.com\/fr\/wp-json\/wp\/v2\/product\/4001","targetHints":{"allow":["GET"]}}],"collection":[{"href":"https:\/\/trevotech.com\/fr\/wp-json\/wp\/v2\/product"}],"about":[{"href":"https:\/\/trevotech.com\/fr\/wp-json\/wp\/v2\/types\/product"}],"replies":[{"embeddable":true,"href":"https:\/\/trevotech.com\/fr\/wp-json\/wp\/v2\/comments?post=4001"}],"wp:featuredmedia":[{"embeddable":true,"href":"https:\/\/trevotech.com\/fr\/wp-json\/wp\/v2\/media\/4003"}],"wp:attachment":[{"href":"https:\/\/trevotech.com\/fr\/wp-json\/wp\/v2\/media?parent=4001"}],"wp:term":[{"taxonomy":"product_brand","embeddable":true,"href":"https:\/\/trevotech.com\/fr\/wp-json\/wp\/v2\/product_brand?post=4001"},{"taxonomy":"product_cat","embeddable":true,"href":"https:\/\/trevotech.com\/fr\/wp-json\/wp\/v2\/product_cat?post=4001"},{"taxonomy":"product_tag","embeddable":true,"href":"https:\/\/trevotech.com\/fr\/wp-json\/wp\/v2\/product_tag?post=4001"}],"curies":[{"name":"wp","href":"https:\/\/api.w.org\/{rel}","templated":true}]}}