{"id":4005,"date":"2024-11-07T20:55:40","date_gmt":"2024-11-07T20:55:40","guid":{"rendered":"https:\/\/trevotech.com\/produto\/landscape-and-road-maintenance-equipments\/"},"modified":"2025-08-05T12:15:33","modified_gmt":"2025-08-05T12:15:33","slug":"equipements-pour-lentretien-des-paysages-et-des-routes","status":"publish","type":"product","link":"https:\/\/trevotech.com\/fr\/produto\/equipements-pour-lentretien-des-paysages-et-des-routes\/","title":{"rendered":"\u00c9quipements Pour l\u2019Entretien Des Paysages Et Des Routes"},"content":{"rendered":"<p><span style=\"font-weight: 400;\">Les \u00e9quipements KUHN pour l\u2019entretien des paysages et des routes sont con\u00e7us pour r\u00e9pondre aux besoins des entrepreneurs professionnels, des collectivit\u00e9s locales et des agriculteurs n\u00e9cessitant un contr\u00f4le efficace de la v\u00e9g\u00e9tation et un entretien r\u00e9gulier des bords de routes. La gamme comprend des broyeurs robustes, tels que les s\u00e9ries <\/span><i><span style=\"font-weight: 400;\">BC<\/span><\/i><span style=\"font-weight: 400;\">, <\/span><i><span style=\"font-weight: 400;\">BP<\/span><\/i><span style=\"font-weight: 400;\"> et <\/span><i><span style=\"font-weight: 400;\">BK<\/span><\/i><span style=\"font-weight: 400;\">, con\u00e7us pour le broyage de l\u2019herbe, des broussailles et des r\u00e9sidus de culture, avec des largeurs de travail de 1,5 \u00e0 plus de 6 m\u00e8tres. Ces machines offrent une hauteur de coupe r\u00e9glable, une structure renforc\u00e9e et des rotors de grande capacit\u00e9 assurant une performance durable. KUHN propose \u00e9galement des faucheuses d\u2019accotement et de foss\u00e9s, comme les mod\u00e8les <\/span><i><span style=\"font-weight: 400;\">SPRINGLONG<\/span><\/i><span style=\"font-weight: 400;\"> et <\/span><i><span style=\"font-weight: 400;\">PRO-LONGER GII<\/span><\/i><span style=\"font-weight: 400;\">, qui offrent une grande port\u00e9e et une pr\u00e9cision remarquable pour l\u2019entretien des talus, foss\u00e9s et bords de route. Dot\u00e9es de bras hydrauliques, de syst\u00e8mes d\u2019\u00e9vitement d\u2019obstacles et compatibles avec diff\u00e9rentes tailles de tracteurs, ces machines garantissent s\u00e9curit\u00e9, efficacit\u00e9 et qualit\u00e9 de coupe, m\u00eame dans des conditions difficiles. Les \u00e9quipements KUHN pour les espaces naturels et urbains sont un choix fiable pour maintenir des environnements propres et bien entretenus.<\/span><\/p>\n<p><span style=\"font-weight: 400;\">Les \u00e9quipements KUHN pour l\u2019entretien des paysages et des routes sont con\u00e7us pour r\u00e9pondre aux besoins des entrepreneurs professionnels, des collectivit\u00e9s locales et des agriculteurs n\u00e9cessitant un contr\u00f4le efficace de la v\u00e9g\u00e9tation et un entretien r\u00e9gulier des bords de routes. La gamme comprend des broyeurs robustes, tels que les s\u00e9ries <\/span><i><span style=\"font-weight: 400;\">BC<\/span><\/i><span style=\"font-weight: 400;\">, <\/span><i><span style=\"font-weight: 400;\">BP<\/span><\/i><span style=\"font-weight: 400;\"> et <\/span><i><span style=\"font-weight: 400;\">BK<\/span><\/i><span style=\"font-weight: 400;\">, con\u00e7us pour le broyage de l\u2019herbe, des broussailles et des r\u00e9sidus de culture, avec des largeurs de travail de 1,5 \u00e0 plus de 6 m\u00e8tres. Ces machines offrent une hauteur de coupe r\u00e9glable, une structure renforc\u00e9e et des rotors de grande capacit\u00e9 assurant une performance durable. KUHN propose \u00e9galement des faucheuses d\u2019accotement et de foss\u00e9s, comme les mod\u00e8les <\/span><i><span style=\"font-weight: 400;\">SPRINGLONG<\/span><\/i><span style=\"font-weight: 400;\"> et <\/span><i><span style=\"font-weight: 400;\">PRO-LONGER GII<\/span><\/i><span style=\"font-weight: 400;\">, qui offrent une grande port\u00e9e et une pr\u00e9cision remarquable pour l\u2019entretien des talus, foss\u00e9s et bords de route. Dot\u00e9es de bras hydrauliques, de syst\u00e8mes d\u2019\u00e9vitement d\u2019obstacles et compatibles avec diff\u00e9rentes tailles de tracteurs, ces machines garantissent s\u00e9curit\u00e9, efficacit\u00e9 et qualit\u00e9 de coupe, m\u00eame dans des conditions difficiles. Les \u00e9quipements KUHN pour les espaces naturels et urbains sont un choix fiable pour maintenir des environnements propres et bien entretenus.<\/span><\/p>\n","protected":false},"excerpt":{"rendered":"<p><span style=\"font-weight: 400;\">Les \u00e9quipements KUHN pour l\u2019entretien des paysages et des routes sont con\u00e7us pour r\u00e9pondre aux besoins des entrepreneurs professionnels, des collectivit\u00e9s locales et des agriculteurs n\u00e9cessitant un contr\u00f4le efficace de la v\u00e9g\u00e9tation et un entretien r\u00e9gulier des bords de routes. La gamme comprend des broyeurs robustes, tels que les s\u00e9ries <\/span><i><span style=\"font-weight: 400;\">BC<\/span><\/i><span style=\"font-weight: 400;\">, <\/span><i><span style=\"font-weight: 400;\">BP<\/span><\/i><span style=\"font-weight: 400;\"> et <\/span><i><span style=\"font-weight: 400;\">BK<\/span><\/i><span style=\"font-weight: 400;\">, con\u00e7us pour le broyage de l\u2019herbe, des broussailles et des r\u00e9sidus de culture, avec des largeurs de travail de 1,5 \u00e0 plus de 6 m\u00e8tres. Ces machines offrent une hauteur de coupe r\u00e9glable, une structure renforc\u00e9e et des rotors de grande capacit\u00e9 assurant une performance durable. KUHN propose \u00e9galement des faucheuses d\u2019accotement et de foss\u00e9s, comme les mod\u00e8les <\/span><i><span style=\"font-weight: 400;\">SPRINGLONG<\/span><\/i><span style=\"font-weight: 400;\"> et <\/span><i><span style=\"font-weight: 400;\">PRO-LONGER GII<\/span><\/i><span style=\"font-weight: 400;\">, qui offrent une grande port\u00e9e et une pr\u00e9cision remarquable pour l\u2019entretien des talus, foss\u00e9s et bords de route. Dot\u00e9es de bras hydrauliques, de syst\u00e8mes d\u2019\u00e9vitement d\u2019obstacles et compatibles avec diff\u00e9rentes tailles de tracteurs, ces machines garantissent s\u00e9curit\u00e9, efficacit\u00e9 et qualit\u00e9 de coupe, m\u00eame dans des conditions difficiles. Les \u00e9quipements KUHN pour les espaces naturels et urbains sont un choix fiable pour maintenir des environnements propres et bien entretenus.<\/span><\/p>\n","protected":false},"featured_media":3847,"comment_status":"open","ping_status":"closed","template":"","meta":{"_acf_changed":false},"product_brand":[],"product_cat":[458],"product_tag":[],"class_list":{"0":"post-4005","1":"product","2":"type-product","3":"status-publish","4":"has-post-thumbnail","6":"product_cat-sem-categoria-fr","7":"setores-agriculture","8":"marcas-kuhn","9":"tipo_produto-equipements-pour-lentretien-des-paysages-et-des-routes","11":"first","12":"instock","13":"shipping-taxable","14":"product-type-simple"},"acf":[],"yoast_head":"<!-- This site is optimized with the Yoast SEO plugin v25.2 - https:\/\/yoast.com\/wordpress\/plugins\/seo\/ -->\n<title>\u00c9quipements Pour l\u2019Entretien Des Paysages Et Des Routes Kuhn - Trevotech Group<\/title>\n<meta name=\"description\" content=\"Les \u00e9quipements KUHN pour l\u2019entretien des paysages et des routes sont con\u00e7us pour r\u00e9pondre aux besoins des entrepreneurs professionnels, des...\" \/>\n<meta name=\"robots\" content=\"index, follow, max-snippet:-1, max-image-preview:large, max-video-preview:-1\" \/>\n<link rel=\"canonical\" href=\"https:\/\/trevotech.com\/fr\/produto\/equipements-pour-lentretien-des-paysages-et-des-routes\/\" \/>\n<meta property=\"og:locale\" content=\"fr_FR\" \/>\n<meta property=\"og:type\" content=\"article\" \/>\n<meta property=\"og:title\" content=\"\u00c9quipements Pour l\u2019Entretien Des Paysages Et Des Routes Kuhn - Trevotech Group\" \/>\n<meta property=\"og:description\" content=\"Les \u00e9quipements KUHN pour l\u2019entretien des paysages et des routes sont con\u00e7us pour r\u00e9pondre aux besoins des entrepreneurs professionnels, des...\" \/>\n<meta property=\"og:url\" content=\"https:\/\/trevotech.com\/fr\/produto\/equipements-pour-lentretien-des-paysages-et-des-routes\/\" \/>\n<meta property=\"og:site_name\" content=\"Trevotech Group\" \/>\n<meta property=\"article:modified_time\" content=\"2025-08-05T12:15:33+00:00\" \/>\n<meta property=\"og:image\" content=\"https:\/\/trevotech.com\/wp-content\/uploads\/2024\/11\/Grimme.png\" \/>\n\t<meta property=\"og:image:width\" content=\"1000\" \/>\n\t<meta property=\"og:image:height\" content=\"1000\" \/>\n\t<meta property=\"og:image:type\" content=\"image\/png\" \/>\n<meta name=\"twitter:card\" content=\"summary_large_image\" \/>\n<meta name=\"twitter:label1\" content=\"Dur\u00e9e de lecture estim\u00e9e\" \/>\n\t<meta name=\"twitter:data1\" content=\"3 minutes\" \/>\n<script type=\"application\/ld+json\" class=\"yoast-schema-graph\">{\"@context\":\"https:\/\/schema.org\",\"@graph\":[{\"@type\":\"WebPage\",\"@id\":\"https:\/\/trevotech.com\/fr\/produto\/equipements-pour-lentretien-des-paysages-et-des-routes\/\",\"url\":\"https:\/\/trevotech.com\/fr\/produto\/equipements-pour-lentretien-des-paysages-et-des-routes\/\",\"name\":\"\u00c9quipements Pour l\u2019Entretien Des Paysages Et Des Routes Kuhn - Trevotech Group\",\"isPartOf\":{\"@id\":\"https:\/\/trevotech.com\/fr\/#website\"},\"primaryImageOfPage\":{\"@id\":\"https:\/\/trevotech.com\/fr\/produto\/equipements-pour-lentretien-des-paysages-et-des-routes\/#primaryimage\"},\"image\":{\"@id\":\"https:\/\/trevotech.com\/fr\/produto\/equipements-pour-lentretien-des-paysages-et-des-routes\/#primaryimage\"},\"thumbnailUrl\":\"https:\/\/trevotech.com\/wp-content\/uploads\/2024\/11\/Grimme.png\",\"datePublished\":\"2024-11-07T20:55:40+00:00\",\"dateModified\":\"2025-08-05T12:15:33+00:00\",\"description\":\"Les \u00e9quipements KUHN pour l\u2019entretien des paysages et des routes sont con\u00e7us pour r\u00e9pondre aux besoins des entrepreneurs professionnels, des...\",\"breadcrumb\":{\"@id\":\"https:\/\/trevotech.com\/fr\/produto\/equipements-pour-lentretien-des-paysages-et-des-routes\/#breadcrumb\"},\"inLanguage\":\"fr-FR\",\"potentialAction\":[{\"@type\":\"ReadAction\",\"target\":[\"https:\/\/trevotech.com\/fr\/produto\/equipements-pour-lentretien-des-paysages-et-des-routes\/\"]}]},{\"@type\":\"ImageObject\",\"inLanguage\":\"fr-FR\",\"@id\":\"https:\/\/trevotech.com\/fr\/produto\/equipements-pour-lentretien-des-paysages-et-des-routes\/#primaryimage\",\"url\":\"https:\/\/trevotech.com\/wp-content\/uploads\/2024\/11\/Grimme.png\",\"contentUrl\":\"https:\/\/trevotech.com\/wp-content\/uploads\/2024\/11\/Grimme.png\",\"width\":1000,\"height\":1000,\"caption\":\"Equipamentos de manuten\u00e7\u00e3o de espa\u00e7os e estradas\"},{\"@type\":\"BreadcrumbList\",\"@id\":\"https:\/\/trevotech.com\/fr\/produto\/equipements-pour-lentretien-des-paysages-et-des-routes\/#breadcrumb\",\"itemListElement\":[{\"@type\":\"ListItem\",\"position\":1,\"name\":\"In\u00edcio\",\"item\":\"https:\/\/trevotech.com\/fr\/\"},{\"@type\":\"ListItem\",\"position\":2,\"name\":\"Produits\",\"item\":\"https:\/\/trevotech.com\/fr\/shop\/\"},{\"@type\":\"ListItem\",\"position\":3,\"name\":\"\u00c9quipements Pour l\u2019Entretien Des Paysages Et Des Routes\"}]},{\"@type\":\"WebSite\",\"@id\":\"https:\/\/trevotech.com\/fr\/#website\",\"url\":\"https:\/\/trevotech.com\/fr\/\",\"name\":\"Trevotech Group\",\"description\":\"\",\"potentialAction\":[{\"@type\":\"SearchAction\",\"target\":{\"@type\":\"EntryPoint\",\"urlTemplate\":\"https:\/\/trevotech.com\/fr\/?s={search_term_string}\"},\"query-input\":{\"@type\":\"PropertyValueSpecification\",\"valueRequired\":true,\"valueName\":\"search_term_string\"}}],\"inLanguage\":\"fr-FR\"}]}<\/script>\n<!-- \/ Yoast SEO plugin. -->","yoast_head_json":{"title":"\u00c9quipements Pour l\u2019Entretien Des Paysages Et Des Routes Kuhn - Trevotech Group","description":"Les \u00e9quipements KUHN pour l\u2019entretien des paysages et des routes sont con\u00e7us pour r\u00e9pondre aux besoins des entrepreneurs professionnels, des...","robots":{"index":"index","follow":"follow","max-snippet":"max-snippet:-1","max-image-preview":"max-image-preview:large","max-video-preview":"max-video-preview:-1"},"canonical":"https:\/\/trevotech.com\/fr\/produto\/equipements-pour-lentretien-des-paysages-et-des-routes\/","og_locale":"fr_FR","og_type":"article","og_title":"\u00c9quipements Pour l\u2019Entretien Des Paysages Et Des Routes Kuhn - Trevotech Group","og_description":"Les \u00e9quipements KUHN pour l\u2019entretien des paysages et des routes sont con\u00e7us pour r\u00e9pondre aux besoins des entrepreneurs professionnels, des...","og_url":"https:\/\/trevotech.com\/fr\/produto\/equipements-pour-lentretien-des-paysages-et-des-routes\/","og_site_name":"Trevotech Group","article_modified_time":"2025-08-05T12:15:33+00:00","og_image":[{"width":1000,"height":1000,"url":"https:\/\/trevotech.com\/wp-content\/uploads\/2024\/11\/Grimme.png","type":"image\/png"}],"twitter_card":"summary_large_image","twitter_misc":{"Dur\u00e9e de lecture estim\u00e9e":"3 minutes"},"schema":{"@context":"https:\/\/schema.org","@graph":[{"@type":"WebPage","@id":"https:\/\/trevotech.com\/fr\/produto\/equipements-pour-lentretien-des-paysages-et-des-routes\/","url":"https:\/\/trevotech.com\/fr\/produto\/equipements-pour-lentretien-des-paysages-et-des-routes\/","name":"\u00c9quipements Pour l\u2019Entretien Des Paysages Et Des Routes Kuhn - Trevotech Group","isPartOf":{"@id":"https:\/\/trevotech.com\/fr\/#website"},"primaryImageOfPage":{"@id":"https:\/\/trevotech.com\/fr\/produto\/equipements-pour-lentretien-des-paysages-et-des-routes\/#primaryimage"},"image":{"@id":"https:\/\/trevotech.com\/fr\/produto\/equipements-pour-lentretien-des-paysages-et-des-routes\/#primaryimage"},"thumbnailUrl":"https:\/\/trevotech.com\/wp-content\/uploads\/2024\/11\/Grimme.png","datePublished":"2024-11-07T20:55:40+00:00","dateModified":"2025-08-05T12:15:33+00:00","description":"Les \u00e9quipements KUHN pour l\u2019entretien des paysages et des routes sont con\u00e7us pour r\u00e9pondre aux besoins des entrepreneurs professionnels, des...","breadcrumb":{"@id":"https:\/\/trevotech.com\/fr\/produto\/equipements-pour-lentretien-des-paysages-et-des-routes\/#breadcrumb"},"inLanguage":"fr-FR","potentialAction":[{"@type":"ReadAction","target":["https:\/\/trevotech.com\/fr\/produto\/equipements-pour-lentretien-des-paysages-et-des-routes\/"]}]},{"@type":"ImageObject","inLanguage":"fr-FR","@id":"https:\/\/trevotech.com\/fr\/produto\/equipements-pour-lentretien-des-paysages-et-des-routes\/#primaryimage","url":"https:\/\/trevotech.com\/wp-content\/uploads\/2024\/11\/Grimme.png","contentUrl":"https:\/\/trevotech.com\/wp-content\/uploads\/2024\/11\/Grimme.png","width":1000,"height":1000,"caption":"Equipamentos de manuten\u00e7\u00e3o de espa\u00e7os e estradas"},{"@type":"BreadcrumbList","@id":"https:\/\/trevotech.com\/fr\/produto\/equipements-pour-lentretien-des-paysages-et-des-routes\/#breadcrumb","itemListElement":[{"@type":"ListItem","position":1,"name":"In\u00edcio","item":"https:\/\/trevotech.com\/fr\/"},{"@type":"ListItem","position":2,"name":"Produits","item":"https:\/\/trevotech.com\/fr\/shop\/"},{"@type":"ListItem","position":3,"name":"\u00c9quipements Pour l\u2019Entretien Des Paysages Et Des Routes"}]},{"@type":"WebSite","@id":"https:\/\/trevotech.com\/fr\/#website","url":"https:\/\/trevotech.com\/fr\/","name":"Trevotech Group","description":"","potentialAction":[{"@type":"SearchAction","target":{"@type":"EntryPoint","urlTemplate":"https:\/\/trevotech.com\/fr\/?s={search_term_string}"},"query-input":{"@type":"PropertyValueSpecification","valueRequired":true,"valueName":"search_term_string"}}],"inLanguage":"fr-FR"}]}},"_links":{"self":[{"href":"https:\/\/trevotech.com\/fr\/wp-json\/wp\/v2\/product\/4005","targetHints":{"allow":["GET"]}}],"collection":[{"href":"https:\/\/trevotech.com\/fr\/wp-json\/wp\/v2\/product"}],"about":[{"href":"https:\/\/trevotech.com\/fr\/wp-json\/wp\/v2\/types\/product"}],"replies":[{"embeddable":true,"href":"https:\/\/trevotech.com\/fr\/wp-json\/wp\/v2\/comments?post=4005"}],"wp:featuredmedia":[{"embeddable":true,"href":"https:\/\/trevotech.com\/fr\/wp-json\/wp\/v2\/media\/3847"}],"wp:attachment":[{"href":"https:\/\/trevotech.com\/fr\/wp-json\/wp\/v2\/media?parent=4005"}],"wp:term":[{"taxonomy":"product_brand","embeddable":true,"href":"https:\/\/trevotech.com\/fr\/wp-json\/wp\/v2\/product_brand?post=4005"},{"taxonomy":"product_cat","embeddable":true,"href":"https:\/\/trevotech.com\/fr\/wp-json\/wp\/v2\/product_cat?post=4005"},{"taxonomy":"product_tag","embeddable":true,"href":"https:\/\/trevotech.com\/fr\/wp-json\/wp\/v2\/product_tag?post=4005"}],"curies":[{"name":"wp","href":"https:\/\/api.w.org\/{rel}","templated":true}]}}