{"id":4008,"date":"2024-11-07T20:48:25","date_gmt":"2024-11-07T20:48:25","guid":{"rendered":"https:\/\/trevotech.com\/produto\/kuhn-digital-solutions\/"},"modified":"2025-07-31T18:22:03","modified_gmt":"2025-07-31T18:22:03","slug":"solutions-numeriques-4","status":"publish","type":"product","link":"https:\/\/trevotech.com\/fr\/produto\/solutions-numeriques-4\/","title":{"rendered":"Solutions Num\u00e9riques"},"content":{"rendered":"<p><span style=\"font-weight: 400;\">Les Solutions Num\u00e9riques et connect\u00e9es de KUHN offrent aux agriculteurs des technologies intelligentes, simples d\u2019utilisation, qui am\u00e9liorent l\u2019efficacit\u00e9, la pr\u00e9cision et le contr\u00f4le de toutes les op\u00e9rations agricoles. Au c\u0153ur de cette offre se trouvent les terminaux CCI 800 et CCI 1200, \u00e9crans tactiles compatibles ISOBUS qui centralisent le contr\u00f4le des machines et la gestion des donn\u00e9es. Ces terminaux prennent en charge des fonctions telles que le contr\u00f4le de section, l\u2019application \u00e0 dose variable et la documentation des t\u00e2ches, garantissant une utilisation optimale des ressources et une r\u00e9duction des pertes. Gr\u00e2ce \u00e0 KUHN Connect, les utilisateurs peuvent acc\u00e9der \u00e0 distance aux donn\u00e9es de performance des machines, recevoir des alertes de maintenance et effectuer des diagnostics, ce qui am\u00e9liore la disponibilit\u00e9 et la prise de d\u00e9cision. En compl\u00e9ment, KUHN Assist donne un acc\u00e8s num\u00e9rique rapide aux r\u00e9glages des machines, tutoriels et recommandations d\u2019ajustement. Ensemble, ces outils constituent un \u00e9cosyst\u00e8me complet de solutions intelligentes pour une agriculture plus productive et simplifi\u00e9e.<\/span><\/p>\n<p><span style=\"font-weight: 400;\">Les Solutions Num\u00e9riques et connect\u00e9es de KUHN offrent aux agriculteurs des technologies intelligentes, simples d\u2019utilisation, qui am\u00e9liorent l\u2019efficacit\u00e9, la pr\u00e9cision et le contr\u00f4le de toutes les op\u00e9rations agricoles. Au c\u0153ur de cette offre se trouvent les terminaux CCI 800 et CCI 1200, \u00e9crans tactiles compatibles ISOBUS qui centralisent le contr\u00f4le des machines et la gestion des donn\u00e9es. Ces terminaux prennent en charge des fonctions telles que le contr\u00f4le de section, l\u2019application \u00e0 dose variable et la documentation des t\u00e2ches, garantissant une utilisation optimale des ressources et une r\u00e9duction des pertes. Gr\u00e2ce \u00e0 <a href=\"https:\/\/trevotech.com\/fr\/marques\/kuhn-fr\/\">KUHN<\/a> Connect, les utilisateurs peuvent acc\u00e9der \u00e0 distance aux donn\u00e9es de performance des machines, recevoir des alertes de maintenance et effectuer des diagnostics, ce qui am\u00e9liore la disponibilit\u00e9 et la prise de d\u00e9cision. En compl\u00e9ment, KUHN Assist donne un acc\u00e8s num\u00e9rique rapide aux r\u00e9glages des machines, tutoriels et recommandations d\u2019ajustement. Ensemble, ces outils constituent un \u00e9cosyst\u00e8me complet de solutions intelligentes pour une agriculture plus productive et simplifi\u00e9e.<\/span><\/p>\n","protected":false},"excerpt":{"rendered":"<p><span style=\"font-weight: 400;\">Les solutions \u00e9lectroniques et connect\u00e9es de KUHN offrent aux agriculteurs des technologies intelligentes, simples d\u2019utilisation, qui am\u00e9liorent l\u2019efficacit\u00e9, la pr\u00e9cision et le contr\u00f4le de toutes les op\u00e9rations agricoles. Au c\u0153ur de cette offre se trouvent les terminaux CCI 800 et CCI 1200, \u00e9crans tactiles compatibles ISOBUS qui centralisent le contr\u00f4le des machines et la gestion des donn\u00e9es. Ces terminaux prennent en charge des fonctions telles que le contr\u00f4le de section, l\u2019application \u00e0 dose variable et la documentation des t\u00e2ches, garantissant une utilisation optimale des ressources et une r\u00e9duction des pertes. Gr\u00e2ce \u00e0 KUHN Connect, les utilisateurs peuvent acc\u00e9der \u00e0 distance aux donn\u00e9es de performance des machines, recevoir des alertes de maintenance et effectuer des diagnostics, ce qui am\u00e9liore la disponibilit\u00e9 et la prise de d\u00e9cision. En compl\u00e9ment, KUHN Assist donne un acc\u00e8s num\u00e9rique rapide aux r\u00e9glages des machines, tutoriels et recommandations d\u2019ajustement. Ensemble, ces outils constituent un \u00e9cosyst\u00e8me complet de solutions intelligentes pour une agriculture plus productive et simplifi\u00e9e.<\/span><\/p>\n","protected":false},"featured_media":3852,"comment_status":"open","ping_status":"closed","template":"","meta":{"_acf_changed":false},"product_brand":[],"product_cat":[458],"product_tag":[],"class_list":{"0":"post-4008","1":"product","2":"type-product","3":"status-publish","4":"has-post-thumbnail","6":"product_cat-sem-categoria-fr","7":"setores-agriculture","8":"marcas-kuhn","10":"first","11":"instock","12":"shipping-taxable","13":"product-type-simple"},"acf":[],"yoast_head":"<!-- This site is optimized with the Yoast SEO plugin v25.2 - https:\/\/yoast.com\/wordpress\/plugins\/seo\/ -->\n<title>Solutions Num\u00e9riques Kuhn - Trevotech Group<\/title>\n<meta name=\"description\" content=\"Les Solutions Num\u00e9riques et connect\u00e9es de KUHN offrent aux agriculteurs des technologies intelligentes, simples d\u2019utilisation, qui am\u00e9liorent...\" \/>\n<meta name=\"robots\" content=\"index, follow, max-snippet:-1, max-image-preview:large, max-video-preview:-1\" \/>\n<link rel=\"canonical\" href=\"https:\/\/trevotech.com\/fr\/produto\/solutions-numeriques-4\/\" \/>\n<meta property=\"og:locale\" content=\"fr_FR\" \/>\n<meta property=\"og:type\" content=\"article\" \/>\n<meta property=\"og:title\" content=\"Solutions Num\u00e9riques Kuhn - Trevotech Group\" \/>\n<meta property=\"og:description\" content=\"Les Solutions Num\u00e9riques et connect\u00e9es de KUHN offrent aux agriculteurs des technologies intelligentes, simples d\u2019utilisation, qui am\u00e9liorent...\" \/>\n<meta property=\"og:url\" content=\"https:\/\/trevotech.com\/fr\/produto\/solutions-numeriques-4\/\" \/>\n<meta property=\"og:site_name\" content=\"Trevotech Group\" \/>\n<meta property=\"article:modified_time\" content=\"2025-07-31T18:22:03+00:00\" \/>\n<meta property=\"og:image\" content=\"https:\/\/trevotech.com\/wp-content\/uploads\/2024\/11\/Grimme-04.png\" \/>\n\t<meta property=\"og:image:width\" content=\"1000\" \/>\n\t<meta property=\"og:image:height\" content=\"1000\" \/>\n\t<meta property=\"og:image:type\" content=\"image\/png\" \/>\n<meta name=\"twitter:card\" content=\"summary_large_image\" \/>\n<meta name=\"twitter:label1\" content=\"Dur\u00e9e de lecture estim\u00e9e\" \/>\n\t<meta name=\"twitter:data1\" content=\"2 minutes\" \/>\n<script type=\"application\/ld+json\" class=\"yoast-schema-graph\">{\"@context\":\"https:\/\/schema.org\",\"@graph\":[{\"@type\":\"WebPage\",\"@id\":\"https:\/\/trevotech.com\/fr\/produto\/solutions-numeriques-4\/\",\"url\":\"https:\/\/trevotech.com\/fr\/produto\/solutions-numeriques-4\/\",\"name\":\"Solutions Num\u00e9riques Kuhn - Trevotech Group\",\"isPartOf\":{\"@id\":\"https:\/\/trevotech.com\/fr\/#website\"},\"primaryImageOfPage\":{\"@id\":\"https:\/\/trevotech.com\/fr\/produto\/solutions-numeriques-4\/#primaryimage\"},\"image\":{\"@id\":\"https:\/\/trevotech.com\/fr\/produto\/solutions-numeriques-4\/#primaryimage\"},\"thumbnailUrl\":\"https:\/\/trevotech.com\/wp-content\/uploads\/2024\/11\/Grimme-04.png\",\"datePublished\":\"2024-11-07T20:48:25+00:00\",\"dateModified\":\"2025-07-31T18:22:03+00:00\",\"description\":\"Les Solutions Num\u00e9riques et connect\u00e9es de KUHN offrent aux agriculteurs des technologies intelligentes, simples d\u2019utilisation, qui am\u00e9liorent...\",\"breadcrumb\":{\"@id\":\"https:\/\/trevotech.com\/fr\/produto\/solutions-numeriques-4\/#breadcrumb\"},\"inLanguage\":\"fr-FR\",\"potentialAction\":[{\"@type\":\"ReadAction\",\"target\":[\"https:\/\/trevotech.com\/fr\/produto\/solutions-numeriques-4\/\"]}]},{\"@type\":\"ImageObject\",\"inLanguage\":\"fr-FR\",\"@id\":\"https:\/\/trevotech.com\/fr\/produto\/solutions-numeriques-4\/#primaryimage\",\"url\":\"https:\/\/trevotech.com\/wp-content\/uploads\/2024\/11\/Grimme-04.png\",\"contentUrl\":\"https:\/\/trevotech.com\/wp-content\/uploads\/2024\/11\/Grimme-04.png\",\"width\":1000,\"height\":1000,\"caption\":\"Solu\u00e7\u00f5es Digitais Kuhn\"},{\"@type\":\"BreadcrumbList\",\"@id\":\"https:\/\/trevotech.com\/fr\/produto\/solutions-numeriques-4\/#breadcrumb\",\"itemListElement\":[{\"@type\":\"ListItem\",\"position\":1,\"name\":\"In\u00edcio\",\"item\":\"https:\/\/trevotech.com\/fr\/\"},{\"@type\":\"ListItem\",\"position\":2,\"name\":\"Produits\",\"item\":\"https:\/\/trevotech.com\/fr\/shop\/\"},{\"@type\":\"ListItem\",\"position\":3,\"name\":\"Solutions Num\u00e9riques\"}]},{\"@type\":\"WebSite\",\"@id\":\"https:\/\/trevotech.com\/fr\/#website\",\"url\":\"https:\/\/trevotech.com\/fr\/\",\"name\":\"Trevotech Group\",\"description\":\"\",\"potentialAction\":[{\"@type\":\"SearchAction\",\"target\":{\"@type\":\"EntryPoint\",\"urlTemplate\":\"https:\/\/trevotech.com\/fr\/?s={search_term_string}\"},\"query-input\":{\"@type\":\"PropertyValueSpecification\",\"valueRequired\":true,\"valueName\":\"search_term_string\"}}],\"inLanguage\":\"fr-FR\"}]}<\/script>\n<!-- \/ Yoast SEO plugin. -->","yoast_head_json":{"title":"Solutions Num\u00e9riques Kuhn - Trevotech Group","description":"Les Solutions Num\u00e9riques et connect\u00e9es de KUHN offrent aux agriculteurs des technologies intelligentes, simples d\u2019utilisation, qui am\u00e9liorent...","robots":{"index":"index","follow":"follow","max-snippet":"max-snippet:-1","max-image-preview":"max-image-preview:large","max-video-preview":"max-video-preview:-1"},"canonical":"https:\/\/trevotech.com\/fr\/produto\/solutions-numeriques-4\/","og_locale":"fr_FR","og_type":"article","og_title":"Solutions Num\u00e9riques Kuhn - Trevotech Group","og_description":"Les Solutions Num\u00e9riques et connect\u00e9es de KUHN offrent aux agriculteurs des technologies intelligentes, simples d\u2019utilisation, qui am\u00e9liorent...","og_url":"https:\/\/trevotech.com\/fr\/produto\/solutions-numeriques-4\/","og_site_name":"Trevotech Group","article_modified_time":"2025-07-31T18:22:03+00:00","og_image":[{"width":1000,"height":1000,"url":"https:\/\/trevotech.com\/wp-content\/uploads\/2024\/11\/Grimme-04.png","type":"image\/png"}],"twitter_card":"summary_large_image","twitter_misc":{"Dur\u00e9e de lecture estim\u00e9e":"2 minutes"},"schema":{"@context":"https:\/\/schema.org","@graph":[{"@type":"WebPage","@id":"https:\/\/trevotech.com\/fr\/produto\/solutions-numeriques-4\/","url":"https:\/\/trevotech.com\/fr\/produto\/solutions-numeriques-4\/","name":"Solutions Num\u00e9riques Kuhn - Trevotech Group","isPartOf":{"@id":"https:\/\/trevotech.com\/fr\/#website"},"primaryImageOfPage":{"@id":"https:\/\/trevotech.com\/fr\/produto\/solutions-numeriques-4\/#primaryimage"},"image":{"@id":"https:\/\/trevotech.com\/fr\/produto\/solutions-numeriques-4\/#primaryimage"},"thumbnailUrl":"https:\/\/trevotech.com\/wp-content\/uploads\/2024\/11\/Grimme-04.png","datePublished":"2024-11-07T20:48:25+00:00","dateModified":"2025-07-31T18:22:03+00:00","description":"Les Solutions Num\u00e9riques et connect\u00e9es de KUHN offrent aux agriculteurs des technologies intelligentes, simples d\u2019utilisation, qui am\u00e9liorent...","breadcrumb":{"@id":"https:\/\/trevotech.com\/fr\/produto\/solutions-numeriques-4\/#breadcrumb"},"inLanguage":"fr-FR","potentialAction":[{"@type":"ReadAction","target":["https:\/\/trevotech.com\/fr\/produto\/solutions-numeriques-4\/"]}]},{"@type":"ImageObject","inLanguage":"fr-FR","@id":"https:\/\/trevotech.com\/fr\/produto\/solutions-numeriques-4\/#primaryimage","url":"https:\/\/trevotech.com\/wp-content\/uploads\/2024\/11\/Grimme-04.png","contentUrl":"https:\/\/trevotech.com\/wp-content\/uploads\/2024\/11\/Grimme-04.png","width":1000,"height":1000,"caption":"Solu\u00e7\u00f5es Digitais Kuhn"},{"@type":"BreadcrumbList","@id":"https:\/\/trevotech.com\/fr\/produto\/solutions-numeriques-4\/#breadcrumb","itemListElement":[{"@type":"ListItem","position":1,"name":"In\u00edcio","item":"https:\/\/trevotech.com\/fr\/"},{"@type":"ListItem","position":2,"name":"Produits","item":"https:\/\/trevotech.com\/fr\/shop\/"},{"@type":"ListItem","position":3,"name":"Solutions Num\u00e9riques"}]},{"@type":"WebSite","@id":"https:\/\/trevotech.com\/fr\/#website","url":"https:\/\/trevotech.com\/fr\/","name":"Trevotech Group","description":"","potentialAction":[{"@type":"SearchAction","target":{"@type":"EntryPoint","urlTemplate":"https:\/\/trevotech.com\/fr\/?s={search_term_string}"},"query-input":{"@type":"PropertyValueSpecification","valueRequired":true,"valueName":"search_term_string"}}],"inLanguage":"fr-FR"}]}},"_links":{"self":[{"href":"https:\/\/trevotech.com\/fr\/wp-json\/wp\/v2\/product\/4008","targetHints":{"allow":["GET"]}}],"collection":[{"href":"https:\/\/trevotech.com\/fr\/wp-json\/wp\/v2\/product"}],"about":[{"href":"https:\/\/trevotech.com\/fr\/wp-json\/wp\/v2\/types\/product"}],"replies":[{"embeddable":true,"href":"https:\/\/trevotech.com\/fr\/wp-json\/wp\/v2\/comments?post=4008"}],"wp:featuredmedia":[{"embeddable":true,"href":"https:\/\/trevotech.com\/fr\/wp-json\/wp\/v2\/media\/3852"}],"wp:attachment":[{"href":"https:\/\/trevotech.com\/fr\/wp-json\/wp\/v2\/media?parent=4008"}],"wp:term":[{"taxonomy":"product_brand","embeddable":true,"href":"https:\/\/trevotech.com\/fr\/wp-json\/wp\/v2\/product_brand?post=4008"},{"taxonomy":"product_cat","embeddable":true,"href":"https:\/\/trevotech.com\/fr\/wp-json\/wp\/v2\/product_cat?post=4008"},{"taxonomy":"product_tag","embeddable":true,"href":"https:\/\/trevotech.com\/fr\/wp-json\/wp\/v2\/product_tag?post=4008"}],"curies":[{"name":"wp","href":"https:\/\/api.w.org\/{rel}","templated":true}]}}