{"id":4011,"date":"2024-11-07T21:40:51","date_gmt":"2024-11-07T21:40:51","guid":{"rendered":"https:\/\/trevotech.com\/produto\/mobile-cranes\/"},"modified":"2025-08-05T12:24:15","modified_gmt":"2025-08-05T12:24:15","slug":"grues-mobiles-ltm","status":"publish","type":"product","link":"https:\/\/trevotech.com\/fr\/produto\/grues-mobiles-ltm\/","title":{"rendered":"Grues Mobiles LTM"},"content":{"rendered":"<p><span style=\"font-weight: 400;\">Les grues mobiles Liebherr sont reconnues mondialement pour leur excellence en ing\u00e9nierie, leur capacit\u00e9 de levage exceptionnelle et leur fiabilit\u00e9 dans les secteurs les plus exigeants.<\/span><span style=\"font-weight: 400;\"><br \/>\n<\/span><span style=\"font-weight: 400;\">Con\u00e7ues pour op\u00e9rer aussi bien en milieu urbain que sur terrains difficiles, la gamme s\u2019\u00e9tend de mod\u00e8les compacts \u00e0 deux essieux \u00e0 des unit\u00e9s puissantes \u00e0 neuf essieux, offrant ainsi une solution adapt\u00e9e \u00e0 chaque d\u00e9fi de levage.<\/span><span style=\"font-weight: 400;\"><br \/>\n<\/span><span style=\"font-weight: 400;\">Avec des capacit\u00e9s d\u00e9passant 1 200 tonnes, ces grues allient mobilit\u00e9, puissance et polyvalence pour r\u00e9pondre aux besoins des projets modernes dans la construction, les infrastructures, l\u2019\u00e9nergie et l\u2019industrie.<\/span><span style=\"font-weight: 400;\"><br \/>\n<\/span><span style=\"font-weight: 400;\">Dot\u00e9es de technologies avanc\u00e9es comme le syst\u00e8me intelligent LICCON2, le VarioBase\u00ae pour le calage asym\u00e9trique et le VarioBallast\u00ae pour des contrepoids adaptables, elles assurent une s\u00e9curit\u00e9, une performance et une efficacit\u00e9 accrues.<\/span><span style=\"font-weight: 400;\"><br \/>\n<\/span><span style=\"font-weight: 400;\">Leur transport ais\u00e9 et leur montage rapide en font des atouts majeurs pour les entreprises g\u00e9rant plusieurs chantiers ou op\u00e9rant dans des zones recul\u00e9es.<\/span><\/p>\n<p><span style=\"font-weight: 400;\">Les grues mobiles Liebherr sont reconnues mondialement pour leur excellence en ing\u00e9nierie, leur capacit\u00e9 de levage exceptionnelle et leur fiabilit\u00e9 dans les secteurs les plus exigeants.<\/span><span style=\"font-weight: 400;\"><br \/>\n<\/span><span style=\"font-weight: 400;\">Con\u00e7ues pour op\u00e9rer aussi bien en milieu urbain que sur terrains difficiles, la gamme s\u2019\u00e9tend de mod\u00e8les compacts \u00e0 deux essieux \u00e0 des unit\u00e9s puissantes \u00e0 neuf essieux, offrant ainsi une solution adapt\u00e9e \u00e0 chaque d\u00e9fi de levage.<\/span><span style=\"font-weight: 400;\"><br \/>\n<\/span><span style=\"font-weight: 400;\">Avec des capacit\u00e9s d\u00e9passant 1 200 tonnes, ces grues allient mobilit\u00e9, puissance et polyvalence pour r\u00e9pondre aux besoins des projets modernes dans la construction, les infrastructures, l\u2019\u00e9nergie et l\u2019industrie.<\/span><span style=\"font-weight: 400;\"><br \/>\n<\/span><span style=\"font-weight: 400;\">Dot\u00e9es de technologies avanc\u00e9es comme le syst\u00e8me intelligent LICCON2, le VarioBase\u00ae pour le calage asym\u00e9trique et le VarioBallast\u00ae pour des contrepoids adaptables, elles assurent une s\u00e9curit\u00e9, une performance et une efficacit\u00e9 accrues.<\/span><span style=\"font-weight: 400;\"><br \/>\n<\/span><span style=\"font-weight: 400;\">Leur transport ais\u00e9 et leur montage rapide en font des atouts majeurs pour les entreprises g\u00e9rant plusieurs chantiers ou op\u00e9rant dans des zones recul\u00e9es.<\/span><\/p>\n<p><span style=\"font-weight: 400;\">Les grues mobiles Liebherr sont reconnues mondialement pour leur excellence en ing\u00e9nierie, leur capacit\u00e9 de levage exceptionnelle et leur fiabilit\u00e9 dans les secteurs les plus exigeants.<\/span><span style=\"font-weight: 400;\"><br \/>\n<\/span><span style=\"font-weight: 400;\">Con\u00e7ues pour op\u00e9rer aussi bien en milieu urbain que sur terrains difficiles, la gamme s\u2019\u00e9tend de mod\u00e8les compacts \u00e0 deux essieux \u00e0 des unit\u00e9s puissantes \u00e0 neuf essieux, offrant ainsi une solution adapt\u00e9e \u00e0 chaque d\u00e9fi de levage.<\/span><span style=\"font-weight: 400;\"><br \/>\n<\/span><span style=\"font-weight: 400;\">Avec des capacit\u00e9s d\u00e9passant 1 200 tonnes, ces grues allient mobilit\u00e9, puissance et polyvalence pour r\u00e9pondre aux besoins des projets modernes dans la construction, les infrastructures, l\u2019\u00e9nergie et l\u2019industrie.<\/span><span style=\"font-weight: 400;\"><br \/>\n<\/span><span style=\"font-weight: 400;\">Dot\u00e9es de technologies avanc\u00e9es comme le syst\u00e8me intelligent LICCON2, le VarioBase\u00ae pour le calage asym\u00e9trique et le VarioBallast\u00ae pour des contrepoids adaptables, elles assurent une s\u00e9curit\u00e9, une performance et une efficacit\u00e9 accrues.<\/span><span style=\"font-weight: 400;\"><br \/>\n<\/span><span style=\"font-weight: 400;\">Leur transport ais\u00e9 et leur montage rapide en font des atouts majeurs pour les entreprises g\u00e9rant plusieurs chantiers ou op\u00e9rant dans des zones recul\u00e9es.<\/span><\/p>\n","protected":false},"excerpt":{"rendered":"<p><span style=\"font-weight: 400;\">Liebherr Mobile Cranes are renowned worldwide for their engineering excellence, superior lifting capacity, and unmatched reliability across the most demanding industries. Designed to perform in both urban environments and rugged terrains, Liebherr offers a broad range of models\u2014from compact two-axle units to heavy-duty nine-axle machines\u2014ensuring the right solution for every lifting challenge. With lifting capacities exceeding 1,200 tonnes, these cranes combine mobility, strength, and versatility to meet the needs of modern construction, infrastructure, energy, and industrial projects.<\/span><\/p>\n<p><span style=\"font-weight: 400;\">Equipped with advanced features such as the LICCON2 intelligent control system, VarioBase\u00ae for asymmetric outrigger positioning, and VarioBallast\u00ae for flexible counterweight configurations, Liebherr mobile cranes deliver enhanced safety, performance, and operational efficiency. These innovations allow operators to maximize lifting capacity in confined spaces while reducing setup time and increasing productivity on site. Their ease of transport and quick deployment make them especially valuable for companies managing multiple job sites or operating in remote locations.<\/span><\/p>\n","protected":false},"featured_media":4013,"comment_status":"open","ping_status":"closed","template":"","meta":{"_acf_changed":false},"product_brand":[],"product_cat":[458],"product_tag":[],"class_list":{"0":"post-4011","1":"product","2":"type-product","3":"status-publish","4":"has-post-thumbnail","6":"product_cat-sem-categoria-fr","7":"setores-construction-et-mines","8":"setores-manutention","9":"setores-petrole-et-gaz","10":"marcas-liebherr","11":"tipo_produto-grues-mobiles","13":"first","14":"instock","15":"shipping-taxable","16":"product-type-simple"},"acf":[],"yoast_head":"<!-- This site is optimized with the Yoast SEO plugin v25.2 - https:\/\/yoast.com\/wordpress\/plugins\/seo\/ -->\n<title>Grues Mobiles LTM Liebherr - Trevotech Group<\/title>\n<meta name=\"description\" content=\"Les grues mobiles Liebherr sont reconnues mondialement pour leur excellence en ing\u00e9nierie, leur capacit\u00e9 de levage exceptionnelle....\" \/>\n<meta name=\"robots\" content=\"index, follow, max-snippet:-1, max-image-preview:large, max-video-preview:-1\" \/>\n<link rel=\"canonical\" href=\"https:\/\/trevotech.com\/fr\/produto\/grues-mobiles-ltm\/\" \/>\n<meta property=\"og:locale\" content=\"fr_FR\" \/>\n<meta property=\"og:type\" content=\"article\" \/>\n<meta property=\"og:title\" content=\"Grues Mobiles LTM Liebherr - Trevotech Group\" \/>\n<meta property=\"og:description\" content=\"Les grues mobiles Liebherr sont reconnues mondialement pour leur excellence en ing\u00e9nierie, leur capacit\u00e9 de levage exceptionnelle....\" \/>\n<meta property=\"og:url\" content=\"https:\/\/trevotech.com\/fr\/produto\/grues-mobiles-ltm\/\" \/>\n<meta property=\"og:site_name\" content=\"Trevotech Group\" \/>\n<meta property=\"article:modified_time\" content=\"2025-08-05T12:24:15+00:00\" \/>\n<meta property=\"og:image\" content=\"https:\/\/trevotech.com\/wp-content\/uploads\/2024\/11\/main.webp\" \/>\n\t<meta property=\"og:image:width\" content=\"1000\" \/>\n\t<meta property=\"og:image:height\" content=\"1000\" \/>\n\t<meta property=\"og:image:type\" content=\"image\/webp\" \/>\n<meta name=\"twitter:card\" content=\"summary_large_image\" \/>\n<meta name=\"twitter:label1\" content=\"Dur\u00e9e de lecture estim\u00e9e\" \/>\n\t<meta name=\"twitter:data1\" content=\"3 minutes\" \/>\n<script type=\"application\/ld+json\" class=\"yoast-schema-graph\">{\"@context\":\"https:\/\/schema.org\",\"@graph\":[{\"@type\":\"WebPage\",\"@id\":\"https:\/\/trevotech.com\/fr\/produto\/grues-mobiles-ltm\/\",\"url\":\"https:\/\/trevotech.com\/fr\/produto\/grues-mobiles-ltm\/\",\"name\":\"Grues Mobiles LTM Liebherr - Trevotech Group\",\"isPartOf\":{\"@id\":\"https:\/\/trevotech.com\/fr\/#website\"},\"primaryImageOfPage\":{\"@id\":\"https:\/\/trevotech.com\/fr\/produto\/grues-mobiles-ltm\/#primaryimage\"},\"image\":{\"@id\":\"https:\/\/trevotech.com\/fr\/produto\/grues-mobiles-ltm\/#primaryimage\"},\"thumbnailUrl\":\"https:\/\/trevotech.com\/wp-content\/uploads\/2024\/11\/main.webp\",\"datePublished\":\"2024-11-07T21:40:51+00:00\",\"dateModified\":\"2025-08-05T12:24:15+00:00\",\"description\":\"Les grues mobiles Liebherr sont reconnues mondialement pour leur excellence en ing\u00e9nierie, leur capacit\u00e9 de levage exceptionnelle....\",\"breadcrumb\":{\"@id\":\"https:\/\/trevotech.com\/fr\/produto\/grues-mobiles-ltm\/#breadcrumb\"},\"inLanguage\":\"fr-FR\",\"potentialAction\":[{\"@type\":\"ReadAction\",\"target\":[\"https:\/\/trevotech.com\/fr\/produto\/grues-mobiles-ltm\/\"]}]},{\"@type\":\"ImageObject\",\"inLanguage\":\"fr-FR\",\"@id\":\"https:\/\/trevotech.com\/fr\/produto\/grues-mobiles-ltm\/#primaryimage\",\"url\":\"https:\/\/trevotech.com\/wp-content\/uploads\/2024\/11\/main.webp\",\"contentUrl\":\"https:\/\/trevotech.com\/wp-content\/uploads\/2024\/11\/main.webp\",\"width\":1000,\"height\":1000,\"caption\":\"Gruas M\u00f3veis\"},{\"@type\":\"BreadcrumbList\",\"@id\":\"https:\/\/trevotech.com\/fr\/produto\/grues-mobiles-ltm\/#breadcrumb\",\"itemListElement\":[{\"@type\":\"ListItem\",\"position\":1,\"name\":\"In\u00edcio\",\"item\":\"https:\/\/trevotech.com\/fr\/\"},{\"@type\":\"ListItem\",\"position\":2,\"name\":\"Produits\",\"item\":\"https:\/\/trevotech.com\/fr\/shop\/\"},{\"@type\":\"ListItem\",\"position\":3,\"name\":\"Grues Mobiles LTM\"}]},{\"@type\":\"WebSite\",\"@id\":\"https:\/\/trevotech.com\/fr\/#website\",\"url\":\"https:\/\/trevotech.com\/fr\/\",\"name\":\"Trevotech Group\",\"description\":\"\",\"potentialAction\":[{\"@type\":\"SearchAction\",\"target\":{\"@type\":\"EntryPoint\",\"urlTemplate\":\"https:\/\/trevotech.com\/fr\/?s={search_term_string}\"},\"query-input\":{\"@type\":\"PropertyValueSpecification\",\"valueRequired\":true,\"valueName\":\"search_term_string\"}}],\"inLanguage\":\"fr-FR\"}]}<\/script>\n<!-- \/ Yoast SEO plugin. -->","yoast_head_json":{"title":"Grues Mobiles LTM Liebherr - Trevotech Group","description":"Les grues mobiles Liebherr sont reconnues mondialement pour leur excellence en ing\u00e9nierie, leur capacit\u00e9 de levage exceptionnelle....","robots":{"index":"index","follow":"follow","max-snippet":"max-snippet:-1","max-image-preview":"max-image-preview:large","max-video-preview":"max-video-preview:-1"},"canonical":"https:\/\/trevotech.com\/fr\/produto\/grues-mobiles-ltm\/","og_locale":"fr_FR","og_type":"article","og_title":"Grues Mobiles LTM Liebherr - Trevotech Group","og_description":"Les grues mobiles Liebherr sont reconnues mondialement pour leur excellence en ing\u00e9nierie, leur capacit\u00e9 de levage exceptionnelle....","og_url":"https:\/\/trevotech.com\/fr\/produto\/grues-mobiles-ltm\/","og_site_name":"Trevotech Group","article_modified_time":"2025-08-05T12:24:15+00:00","og_image":[{"width":1000,"height":1000,"url":"https:\/\/trevotech.com\/wp-content\/uploads\/2024\/11\/main.webp","type":"image\/webp"}],"twitter_card":"summary_large_image","twitter_misc":{"Dur\u00e9e de lecture estim\u00e9e":"3 minutes"},"schema":{"@context":"https:\/\/schema.org","@graph":[{"@type":"WebPage","@id":"https:\/\/trevotech.com\/fr\/produto\/grues-mobiles-ltm\/","url":"https:\/\/trevotech.com\/fr\/produto\/grues-mobiles-ltm\/","name":"Grues Mobiles LTM Liebherr - Trevotech Group","isPartOf":{"@id":"https:\/\/trevotech.com\/fr\/#website"},"primaryImageOfPage":{"@id":"https:\/\/trevotech.com\/fr\/produto\/grues-mobiles-ltm\/#primaryimage"},"image":{"@id":"https:\/\/trevotech.com\/fr\/produto\/grues-mobiles-ltm\/#primaryimage"},"thumbnailUrl":"https:\/\/trevotech.com\/wp-content\/uploads\/2024\/11\/main.webp","datePublished":"2024-11-07T21:40:51+00:00","dateModified":"2025-08-05T12:24:15+00:00","description":"Les grues mobiles Liebherr sont reconnues mondialement pour leur excellence en ing\u00e9nierie, leur capacit\u00e9 de levage exceptionnelle....","breadcrumb":{"@id":"https:\/\/trevotech.com\/fr\/produto\/grues-mobiles-ltm\/#breadcrumb"},"inLanguage":"fr-FR","potentialAction":[{"@type":"ReadAction","target":["https:\/\/trevotech.com\/fr\/produto\/grues-mobiles-ltm\/"]}]},{"@type":"ImageObject","inLanguage":"fr-FR","@id":"https:\/\/trevotech.com\/fr\/produto\/grues-mobiles-ltm\/#primaryimage","url":"https:\/\/trevotech.com\/wp-content\/uploads\/2024\/11\/main.webp","contentUrl":"https:\/\/trevotech.com\/wp-content\/uploads\/2024\/11\/main.webp","width":1000,"height":1000,"caption":"Gruas M\u00f3veis"},{"@type":"BreadcrumbList","@id":"https:\/\/trevotech.com\/fr\/produto\/grues-mobiles-ltm\/#breadcrumb","itemListElement":[{"@type":"ListItem","position":1,"name":"In\u00edcio","item":"https:\/\/trevotech.com\/fr\/"},{"@type":"ListItem","position":2,"name":"Produits","item":"https:\/\/trevotech.com\/fr\/shop\/"},{"@type":"ListItem","position":3,"name":"Grues Mobiles LTM"}]},{"@type":"WebSite","@id":"https:\/\/trevotech.com\/fr\/#website","url":"https:\/\/trevotech.com\/fr\/","name":"Trevotech Group","description":"","potentialAction":[{"@type":"SearchAction","target":{"@type":"EntryPoint","urlTemplate":"https:\/\/trevotech.com\/fr\/?s={search_term_string}"},"query-input":{"@type":"PropertyValueSpecification","valueRequired":true,"valueName":"search_term_string"}}],"inLanguage":"fr-FR"}]}},"_links":{"self":[{"href":"https:\/\/trevotech.com\/fr\/wp-json\/wp\/v2\/product\/4011","targetHints":{"allow":["GET"]}}],"collection":[{"href":"https:\/\/trevotech.com\/fr\/wp-json\/wp\/v2\/product"}],"about":[{"href":"https:\/\/trevotech.com\/fr\/wp-json\/wp\/v2\/types\/product"}],"replies":[{"embeddable":true,"href":"https:\/\/trevotech.com\/fr\/wp-json\/wp\/v2\/comments?post=4011"}],"wp:featuredmedia":[{"embeddable":true,"href":"https:\/\/trevotech.com\/fr\/wp-json\/wp\/v2\/media\/4013"}],"wp:attachment":[{"href":"https:\/\/trevotech.com\/fr\/wp-json\/wp\/v2\/media?parent=4011"}],"wp:term":[{"taxonomy":"product_brand","embeddable":true,"href":"https:\/\/trevotech.com\/fr\/wp-json\/wp\/v2\/product_brand?post=4011"},{"taxonomy":"product_cat","embeddable":true,"href":"https:\/\/trevotech.com\/fr\/wp-json\/wp\/v2\/product_cat?post=4011"},{"taxonomy":"product_tag","embeddable":true,"href":"https:\/\/trevotech.com\/fr\/wp-json\/wp\/v2\/product_tag?post=4011"}],"curies":[{"name":"wp","href":"https:\/\/api.w.org\/{rel}","templated":true}]}}