{"id":4015,"date":"2024-11-07T21:39:28","date_gmt":"2024-11-07T21:39:28","guid":{"rendered":"https:\/\/trevotech.com\/produto\/compact-cranes\/"},"modified":"2025-08-05T12:24:48","modified_gmt":"2025-08-05T12:24:48","slug":"grues-compactes-ltc","status":"publish","type":"product","link":"https:\/\/trevotech.com\/fr\/produto\/grues-compactes-ltc\/","title":{"rendered":"Grues Compactes LTC"},"content":{"rendered":"<p><span style=\"font-weight: 400;\">Les grues compactes Liebherr LTC sont con\u00e7ues pour les interventions dans des espaces restreints, l\u00e0 o\u00f9 les grues traditionnelles ne peuvent man\u0153uvrer.<\/span><span style=\"font-weight: 400;\"><br \/>\n<\/span><span style=\"font-weight: 400;\">Avec leur ch\u00e2ssis court, leur empattement r\u00e9duit et leur direction int\u00e9grale, elles offrent une mobilit\u00e9 exceptionnelle, id\u00e9ales pour les zones urbaines, les installations industrielles ou les interventions en int\u00e9rieur.<\/span><span style=\"font-weight: 400;\"><br \/>\n<\/span><span style=\"font-weight: 400;\">Malgr\u00e9 leur taille r\u00e9duite, elles disposent de capacit\u00e9s de levage impressionnantes gr\u00e2ce \u00e0 leurs fl\u00e8ches t\u00e9lescopiques performantes.<\/span><span style=\"font-weight: 400;\"><br \/>\n<\/span><span style=\"font-weight: 400;\">Leur cabine unique innovante, qui s\u2019\u00e9l\u00e8ve hydrauliquement pour devenir poste de commande, am\u00e9liore la visibilit\u00e9 et r\u00e9duit la longueur du v\u00e9hicule.<\/span><span style=\"font-weight: 400;\"><br \/>\n<\/span><span style=\"font-weight: 400;\">\u00c9quip\u00e9es du syst\u00e8me LICCON2 et de technologies de s\u00e9curit\u00e9 avanc\u00e9es (cam\u00e9ras int\u00e9gr\u00e9es, commande \u00e0 distance), les LTC garantissent des op\u00e9rations pr\u00e9cises et s\u00e9curis\u00e9es m\u00eame dans les conditions les plus contraignantes.<\/span><\/p>\n<p><span style=\"font-weight: 400;\">Les grues compactes Liebherr LTC sont con\u00e7ues pour les interventions dans des espaces restreints, l\u00e0 o\u00f9 les grues traditionnelles ne peuvent man\u0153uvrer.<\/span><span style=\"font-weight: 400;\"><br \/>\n<\/span><span style=\"font-weight: 400;\">Avec leur ch\u00e2ssis court, leur empattement r\u00e9duit et leur direction int\u00e9grale, elles offrent une mobilit\u00e9 exceptionnelle, id\u00e9ales pour les zones urbaines, les installations industrielles ou les interventions en int\u00e9rieur.<\/span><span style=\"font-weight: 400;\"><br \/>\n<\/span><span style=\"font-weight: 400;\">Malgr\u00e9 leur taille r\u00e9duite, elles disposent de capacit\u00e9s de levage impressionnantes gr\u00e2ce \u00e0 leurs fl\u00e8ches t\u00e9lescopiques performantes.<\/span><span style=\"font-weight: 400;\"><br \/>\n<\/span><span style=\"font-weight: 400;\">Leur cabine unique innovante, qui s\u2019\u00e9l\u00e8ve hydrauliquement pour devenir poste de commande, am\u00e9liore la visibilit\u00e9 et r\u00e9duit la longueur du v\u00e9hicule.<\/span><span style=\"font-weight: 400;\"><br \/>\n<\/span><span style=\"font-weight: 400;\">\u00c9quip\u00e9es du syst\u00e8me LICCON2 et de technologies de s\u00e9curit\u00e9 avanc\u00e9es (cam\u00e9ras int\u00e9gr\u00e9es, commande \u00e0 distance), les LTC garantissent des op\u00e9rations pr\u00e9cises et s\u00e9curis\u00e9es m\u00eame dans les conditions les plus contraignantes.<\/span><\/p>\n","protected":false},"excerpt":{"rendered":"<p><span style=\"font-weight: 400;\">Les grues compactes Liebherr LTC sont con\u00e7ues pour les interventions dans des espaces restreints, l\u00e0 o\u00f9 les grues traditionnelles ne peuvent man\u0153uvrer.<\/span><span style=\"font-weight: 400;\"><br \/>\n<\/span><span style=\"font-weight: 400;\">Avec leur ch\u00e2ssis court, leur empattement r\u00e9duit et leur direction int\u00e9grale, elles offrent une mobilit\u00e9 exceptionnelle, id\u00e9ales pour les zones urbaines, les installations industrielles ou les interventions en int\u00e9rieur.<\/span><span style=\"font-weight: 400;\"><br \/>\n<\/span><span style=\"font-weight: 400;\">Malgr\u00e9 leur taille r\u00e9duite, elles disposent de capacit\u00e9s de levage impressionnantes gr\u00e2ce \u00e0 leurs fl\u00e8ches t\u00e9lescopiques performantes.<\/span><span style=\"font-weight: 400;\"><br \/>\n<\/span><span style=\"font-weight: 400;\">Leur cabine unique innovante, qui s\u2019\u00e9l\u00e8ve hydrauliquement pour devenir poste de commande, am\u00e9liore la visibilit\u00e9 et r\u00e9duit la longueur du v\u00e9hicule.<\/span><span style=\"font-weight: 400;\"><br \/>\n<\/span><span style=\"font-weight: 400;\">\u00c9quip\u00e9es du syst\u00e8me LICCON2 et de technologies de s\u00e9curit\u00e9 avanc\u00e9es (cam\u00e9ras int\u00e9gr\u00e9es, commande \u00e0 distance), les LTC garantissent des op\u00e9rations pr\u00e9cises et s\u00e9curis\u00e9es m\u00eame dans les conditions les plus contraignantes.<\/span><\/p>\n","protected":false},"featured_media":4016,"comment_status":"open","ping_status":"closed","template":"","meta":{"_acf_changed":false},"product_brand":[],"product_cat":[458],"product_tag":[],"class_list":{"0":"post-4015","1":"product","2":"type-product","3":"status-publish","4":"has-post-thumbnail","6":"product_cat-sem-categoria-fr","7":"setores-construction-et-mines","8":"setores-manutention","9":"setores-petrole-et-gaz","10":"marcas-liebherr","11":"tipo_produto-grues-compactes-ltc","13":"first","14":"instock","15":"shipping-taxable","16":"product-type-simple"},"acf":[],"yoast_head":"<!-- This site is optimized with the Yoast SEO plugin v25.2 - https:\/\/yoast.com\/wordpress\/plugins\/seo\/ -->\n<title>Grues Compactes LTC Liebherr - Trevotech Group<\/title>\n<meta name=\"description\" content=\"Les grues compactes Liebherr LTC sont con\u00e7ues pour les interventions dans des espaces restreints, l\u00e0 o\u00f9 les grues traditionnelles ne peuvent...\" \/>\n<meta name=\"robots\" content=\"index, follow, max-snippet:-1, max-image-preview:large, max-video-preview:-1\" \/>\n<link rel=\"canonical\" href=\"https:\/\/trevotech.com\/fr\/produto\/grues-compactes-ltc\/\" \/>\n<meta property=\"og:locale\" content=\"fr_FR\" \/>\n<meta property=\"og:type\" content=\"article\" \/>\n<meta property=\"og:title\" content=\"Grues Compactes LTC Liebherr - Trevotech Group\" \/>\n<meta property=\"og:description\" content=\"Les grues compactes Liebherr LTC sont con\u00e7ues pour les interventions dans des espaces restreints, l\u00e0 o\u00f9 les grues traditionnelles ne peuvent...\" \/>\n<meta property=\"og:url\" content=\"https:\/\/trevotech.com\/fr\/produto\/grues-compactes-ltc\/\" \/>\n<meta property=\"og:site_name\" content=\"Trevotech Group\" \/>\n<meta property=\"article:modified_time\" content=\"2025-08-05T12:24:48+00:00\" \/>\n<meta property=\"og:image\" content=\"https:\/\/trevotech.com\/wp-content\/uploads\/2024\/11\/Liebherr-02.webp\" \/>\n\t<meta property=\"og:image:width\" content=\"1000\" \/>\n\t<meta property=\"og:image:height\" content=\"1000\" \/>\n\t<meta property=\"og:image:type\" content=\"image\/webp\" \/>\n<meta name=\"twitter:card\" content=\"summary_large_image\" \/>\n<meta name=\"twitter:label1\" content=\"Dur\u00e9e de lecture estim\u00e9e\" \/>\n\t<meta name=\"twitter:data1\" content=\"2 minutes\" \/>\n<script type=\"application\/ld+json\" class=\"yoast-schema-graph\">{\"@context\":\"https:\/\/schema.org\",\"@graph\":[{\"@type\":\"WebPage\",\"@id\":\"https:\/\/trevotech.com\/fr\/produto\/grues-compactes-ltc\/\",\"url\":\"https:\/\/trevotech.com\/fr\/produto\/grues-compactes-ltc\/\",\"name\":\"Grues Compactes LTC Liebherr - Trevotech Group\",\"isPartOf\":{\"@id\":\"https:\/\/trevotech.com\/fr\/#website\"},\"primaryImageOfPage\":{\"@id\":\"https:\/\/trevotech.com\/fr\/produto\/grues-compactes-ltc\/#primaryimage\"},\"image\":{\"@id\":\"https:\/\/trevotech.com\/fr\/produto\/grues-compactes-ltc\/#primaryimage\"},\"thumbnailUrl\":\"https:\/\/trevotech.com\/wp-content\/uploads\/2024\/11\/Liebherr-02.webp\",\"datePublished\":\"2024-11-07T21:39:28+00:00\",\"dateModified\":\"2025-08-05T12:24:48+00:00\",\"description\":\"Les grues compactes Liebherr LTC sont con\u00e7ues pour les interventions dans des espaces restreints, l\u00e0 o\u00f9 les grues traditionnelles ne peuvent...\",\"breadcrumb\":{\"@id\":\"https:\/\/trevotech.com\/fr\/produto\/grues-compactes-ltc\/#breadcrumb\"},\"inLanguage\":\"fr-FR\",\"potentialAction\":[{\"@type\":\"ReadAction\",\"target\":[\"https:\/\/trevotech.com\/fr\/produto\/grues-compactes-ltc\/\"]}]},{\"@type\":\"ImageObject\",\"inLanguage\":\"fr-FR\",\"@id\":\"https:\/\/trevotech.com\/fr\/produto\/grues-compactes-ltc\/#primaryimage\",\"url\":\"https:\/\/trevotech.com\/wp-content\/uploads\/2024\/11\/Liebherr-02.webp\",\"contentUrl\":\"https:\/\/trevotech.com\/wp-content\/uploads\/2024\/11\/Liebherr-02.webp\",\"width\":1000,\"height\":1000,\"caption\":\"Compact Cranes\"},{\"@type\":\"BreadcrumbList\",\"@id\":\"https:\/\/trevotech.com\/fr\/produto\/grues-compactes-ltc\/#breadcrumb\",\"itemListElement\":[{\"@type\":\"ListItem\",\"position\":1,\"name\":\"In\u00edcio\",\"item\":\"https:\/\/trevotech.com\/fr\/\"},{\"@type\":\"ListItem\",\"position\":2,\"name\":\"Produits\",\"item\":\"https:\/\/trevotech.com\/fr\/shop\/\"},{\"@type\":\"ListItem\",\"position\":3,\"name\":\"Grues Compactes LTC\"}]},{\"@type\":\"WebSite\",\"@id\":\"https:\/\/trevotech.com\/fr\/#website\",\"url\":\"https:\/\/trevotech.com\/fr\/\",\"name\":\"Trevotech Group\",\"description\":\"\",\"potentialAction\":[{\"@type\":\"SearchAction\",\"target\":{\"@type\":\"EntryPoint\",\"urlTemplate\":\"https:\/\/trevotech.com\/fr\/?s={search_term_string}\"},\"query-input\":{\"@type\":\"PropertyValueSpecification\",\"valueRequired\":true,\"valueName\":\"search_term_string\"}}],\"inLanguage\":\"fr-FR\"}]}<\/script>\n<!-- \/ Yoast SEO plugin. -->","yoast_head_json":{"title":"Grues Compactes LTC Liebherr - Trevotech Group","description":"Les grues compactes Liebherr LTC sont con\u00e7ues pour les interventions dans des espaces restreints, l\u00e0 o\u00f9 les grues traditionnelles ne peuvent...","robots":{"index":"index","follow":"follow","max-snippet":"max-snippet:-1","max-image-preview":"max-image-preview:large","max-video-preview":"max-video-preview:-1"},"canonical":"https:\/\/trevotech.com\/fr\/produto\/grues-compactes-ltc\/","og_locale":"fr_FR","og_type":"article","og_title":"Grues Compactes LTC Liebherr - Trevotech Group","og_description":"Les grues compactes Liebherr LTC sont con\u00e7ues pour les interventions dans des espaces restreints, l\u00e0 o\u00f9 les grues traditionnelles ne peuvent...","og_url":"https:\/\/trevotech.com\/fr\/produto\/grues-compactes-ltc\/","og_site_name":"Trevotech Group","article_modified_time":"2025-08-05T12:24:48+00:00","og_image":[{"width":1000,"height":1000,"url":"https:\/\/trevotech.com\/wp-content\/uploads\/2024\/11\/Liebherr-02.webp","type":"image\/webp"}],"twitter_card":"summary_large_image","twitter_misc":{"Dur\u00e9e de lecture estim\u00e9e":"2 minutes"},"schema":{"@context":"https:\/\/schema.org","@graph":[{"@type":"WebPage","@id":"https:\/\/trevotech.com\/fr\/produto\/grues-compactes-ltc\/","url":"https:\/\/trevotech.com\/fr\/produto\/grues-compactes-ltc\/","name":"Grues Compactes LTC Liebherr - Trevotech Group","isPartOf":{"@id":"https:\/\/trevotech.com\/fr\/#website"},"primaryImageOfPage":{"@id":"https:\/\/trevotech.com\/fr\/produto\/grues-compactes-ltc\/#primaryimage"},"image":{"@id":"https:\/\/trevotech.com\/fr\/produto\/grues-compactes-ltc\/#primaryimage"},"thumbnailUrl":"https:\/\/trevotech.com\/wp-content\/uploads\/2024\/11\/Liebherr-02.webp","datePublished":"2024-11-07T21:39:28+00:00","dateModified":"2025-08-05T12:24:48+00:00","description":"Les grues compactes Liebherr LTC sont con\u00e7ues pour les interventions dans des espaces restreints, l\u00e0 o\u00f9 les grues traditionnelles ne peuvent...","breadcrumb":{"@id":"https:\/\/trevotech.com\/fr\/produto\/grues-compactes-ltc\/#breadcrumb"},"inLanguage":"fr-FR","potentialAction":[{"@type":"ReadAction","target":["https:\/\/trevotech.com\/fr\/produto\/grues-compactes-ltc\/"]}]},{"@type":"ImageObject","inLanguage":"fr-FR","@id":"https:\/\/trevotech.com\/fr\/produto\/grues-compactes-ltc\/#primaryimage","url":"https:\/\/trevotech.com\/wp-content\/uploads\/2024\/11\/Liebherr-02.webp","contentUrl":"https:\/\/trevotech.com\/wp-content\/uploads\/2024\/11\/Liebherr-02.webp","width":1000,"height":1000,"caption":"Compact Cranes"},{"@type":"BreadcrumbList","@id":"https:\/\/trevotech.com\/fr\/produto\/grues-compactes-ltc\/#breadcrumb","itemListElement":[{"@type":"ListItem","position":1,"name":"In\u00edcio","item":"https:\/\/trevotech.com\/fr\/"},{"@type":"ListItem","position":2,"name":"Produits","item":"https:\/\/trevotech.com\/fr\/shop\/"},{"@type":"ListItem","position":3,"name":"Grues Compactes LTC"}]},{"@type":"WebSite","@id":"https:\/\/trevotech.com\/fr\/#website","url":"https:\/\/trevotech.com\/fr\/","name":"Trevotech Group","description":"","potentialAction":[{"@type":"SearchAction","target":{"@type":"EntryPoint","urlTemplate":"https:\/\/trevotech.com\/fr\/?s={search_term_string}"},"query-input":{"@type":"PropertyValueSpecification","valueRequired":true,"valueName":"search_term_string"}}],"inLanguage":"fr-FR"}]}},"_links":{"self":[{"href":"https:\/\/trevotech.com\/fr\/wp-json\/wp\/v2\/product\/4015","targetHints":{"allow":["GET"]}}],"collection":[{"href":"https:\/\/trevotech.com\/fr\/wp-json\/wp\/v2\/product"}],"about":[{"href":"https:\/\/trevotech.com\/fr\/wp-json\/wp\/v2\/types\/product"}],"replies":[{"embeddable":true,"href":"https:\/\/trevotech.com\/fr\/wp-json\/wp\/v2\/comments?post=4015"}],"wp:featuredmedia":[{"embeddable":true,"href":"https:\/\/trevotech.com\/fr\/wp-json\/wp\/v2\/media\/4016"}],"wp:attachment":[{"href":"https:\/\/trevotech.com\/fr\/wp-json\/wp\/v2\/media?parent=4015"}],"wp:term":[{"taxonomy":"product_brand","embeddable":true,"href":"https:\/\/trevotech.com\/fr\/wp-json\/wp\/v2\/product_brand?post=4015"},{"taxonomy":"product_cat","embeddable":true,"href":"https:\/\/trevotech.com\/fr\/wp-json\/wp\/v2\/product_cat?post=4015"},{"taxonomy":"product_tag","embeddable":true,"href":"https:\/\/trevotech.com\/fr\/wp-json\/wp\/v2\/product_tag?post=4015"}],"curies":[{"name":"wp","href":"https:\/\/api.w.org\/{rel}","templated":true}]}}