{"id":4020,"date":"2024-11-07T21:34:26","date_gmt":"2024-11-07T21:34:26","guid":{"rendered":"https:\/\/trevotech.com\/produto\/rough-terrain-cranes\/"},"modified":"2025-08-05T12:27:35","modified_gmt":"2025-08-05T12:27:35","slug":"grues-tout-terrain-lrt","status":"publish","type":"product","link":"https:\/\/trevotech.com\/fr\/produto\/grues-tout-terrain-lrt\/","title":{"rendered":"Grues Tout-Terrain (LRT)"},"content":{"rendered":"<p><span style=\"font-weight: 400;\">Les Grues Tout-Terrain LRT sont con\u00e7ues pour exceller sur les terrains accident\u00e9s et dans des environnements difficiles.<\/span><span style=\"font-weight: 400;\"><br \/>\n<\/span><span style=\"font-weight: 400;\">Gr\u00e2ce \u00e0 leurs essieux renforc\u00e9s et leurs pneus robustes, elles naviguent ais\u00e9ment hors route, id\u00e9ales pour les chantiers \u00e9loign\u00e9s, l\u2019exploitation mini\u00e8re ou les sites industriels.<\/span><span style=\"font-weight: 400;\"><br \/>\n<\/span><span style=\"font-weight: 400;\">Des mod\u00e8les comme le LRT 1100-2.1 (100 t de capacit\u00e9) combinent fl\u00e8che flexible, grande garde au sol et excellente stabilit\u00e9.<\/span><span style=\"font-weight: 400;\"><br \/>\n<\/span><span style=\"font-weight: 400;\">Leur conception compacte, leur puissance et leur technologie hydraulique avanc\u00e9e garantissent une man\u0153uvrabilit\u00e9 optimale et une s\u00e9curit\u00e9 maximale.<\/span><span style=\"font-weight: 400;\"><br \/>\n<\/span><span style=\"font-weight: 400;\">R\u00e9sistantes aux conditions climatiques extr\u00eames, elles assurent des performances fiables, m\u00eame dans les environnements les plus hostiles.<\/span><\/p>\n<p><span style=\"font-weight: 400;\">Les Grues Tout-Terrain LRT sont con\u00e7ues pour exceller sur les terrains accident\u00e9s et dans des environnements difficiles.<\/span><span style=\"font-weight: 400;\"><br \/>\n<\/span><span style=\"font-weight: 400;\">Gr\u00e2ce \u00e0 leurs essieux renforc\u00e9s et leurs pneus robustes, elles naviguent ais\u00e9ment hors route, id\u00e9ales pour les chantiers \u00e9loign\u00e9s, l\u2019exploitation mini\u00e8re ou les sites industriels.<\/span><span style=\"font-weight: 400;\"><br \/>\n<\/span><span style=\"font-weight: 400;\">Des mod\u00e8les comme le LRT 1100-2.1 (100 t de capacit\u00e9) combinent fl\u00e8che flexible, grande garde au sol et excellente stabilit\u00e9.<\/span><span style=\"font-weight: 400;\"><br \/>\n<\/span><span style=\"font-weight: 400;\">Leur conception compacte, leur puissance et leur technologie hydraulique avanc\u00e9e garantissent une man\u0153uvrabilit\u00e9 optimale et une s\u00e9curit\u00e9 maximale.<\/span><span style=\"font-weight: 400;\"><br \/>\n<\/span><span style=\"font-weight: 400;\">R\u00e9sistantes aux conditions climatiques extr\u00eames, elles assurent des performances fiables, m\u00eame dans les environnements les plus hostiles.<\/span><\/p>\n<p><span style=\"font-weight: 400;\">Les grues LRT sont con\u00e7ues pour exceller sur les terrains accident\u00e9s et dans des environnements difficiles.<\/span><span style=\"font-weight: 400;\"><br \/>\n<\/span><span style=\"font-weight: 400;\">Gr\u00e2ce \u00e0 leurs essieux renforc\u00e9s et leurs pneus robustes, elles naviguent ais\u00e9ment hors route, id\u00e9ales pour les chantiers \u00e9loign\u00e9s, l\u2019exploitation mini\u00e8re ou les sites industriels.<\/span><span style=\"font-weight: 400;\"><br \/>\n<\/span><span style=\"font-weight: 400;\">Des mod\u00e8les comme le LRT 1100-2.1 (100 t de capacit\u00e9) combinent fl\u00e8che flexible, grande garde au sol et excellente stabilit\u00e9.<\/span><span style=\"font-weight: 400;\"><br \/>\n<\/span><span style=\"font-weight: 400;\">Leur conception compacte, leur puissance et leur technologie hydraulique avanc\u00e9e garantissent une man\u0153uvrabilit\u00e9 optimale et une s\u00e9curit\u00e9 maximale.<\/span><span style=\"font-weight: 400;\"><br \/>\n<\/span><span style=\"font-weight: 400;\">R\u00e9sistantes aux conditions climatiques extr\u00eames, elles assurent des performances fiables, m\u00eame dans les environnements les plus hostiles.<\/span><\/p>\n","protected":false},"excerpt":{"rendered":"<p><span style=\"font-weight: 400;\">Les grues LRT sont con\u00e7ues pour exceller sur les terrains accident\u00e9s et dans des environnements difficiles.<\/span><span style=\"font-weight: 400;\"><br \/>\n<\/span><span style=\"font-weight: 400;\">Gr\u00e2ce \u00e0 leurs essieux renforc\u00e9s et leurs pneus robustes, elles naviguent ais\u00e9ment hors route, id\u00e9ales pour les chantiers \u00e9loign\u00e9s, l\u2019exploitation mini\u00e8re ou les sites industriels.<\/span><span style=\"font-weight: 400;\"><br \/>\n<\/span><span style=\"font-weight: 400;\">Des mod\u00e8les comme le LRT 1100-2.1 (100 t de capacit\u00e9) combinent fl\u00e8che flexible, grande garde au sol et excellente stabilit\u00e9.<\/span><span style=\"font-weight: 400;\"><br \/>\n<\/span><span style=\"font-weight: 400;\">Leur conception compacte, leur puissance et leur technologie hydraulique avanc\u00e9e garantissent une man\u0153uvrabilit\u00e9 optimale et une s\u00e9curit\u00e9 maximale.<\/span><span style=\"font-weight: 400;\"><br \/>\n<\/span><span style=\"font-weight: 400;\">R\u00e9sistantes aux conditions climatiques extr\u00eames, elles assurent des performances fiables, m\u00eame dans les environnements les plus hostiles.<\/span><\/p>\n","protected":false},"featured_media":3808,"comment_status":"open","ping_status":"closed","template":"","meta":{"_acf_changed":false},"product_brand":[],"product_cat":[458],"product_tag":[],"class_list":{"0":"post-4020","1":"product","2":"type-product","3":"status-publish","4":"has-post-thumbnail","6":"product_cat-sem-categoria-fr","7":"setores-construction-et-mines","8":"setores-manutention","9":"setores-petrole-et-gaz","10":"marcas-liebherr","11":"tipo_produto-grues-tout-terrain-lrt","13":"first","14":"instock","15":"shipping-taxable","16":"product-type-simple"},"acf":[],"yoast_head":"<!-- This site is optimized with the Yoast SEO plugin v25.2 - https:\/\/yoast.com\/wordpress\/plugins\/seo\/ -->\n<title>Grues Tout-Terrain (LRT) - Trevotech Group<\/title>\n<meta name=\"description\" content=\"Les Grues Tout-Terrain LRT sont con\u00e7ues pour exceller sur les terrains accident\u00e9s et dans des environnements difficiles.Gr\u00e2ce \u00e0 leurs essieux renforc\u00e9s...\" \/>\n<meta name=\"robots\" content=\"index, follow, max-snippet:-1, max-image-preview:large, max-video-preview:-1\" \/>\n<link rel=\"canonical\" href=\"https:\/\/trevotech.com\/fr\/produto\/grues-tout-terrain-lrt\/\" \/>\n<meta property=\"og:locale\" content=\"fr_FR\" \/>\n<meta property=\"og:type\" content=\"article\" \/>\n<meta property=\"og:title\" content=\"Grues Tout-Terrain (LRT) - Trevotech Group\" \/>\n<meta property=\"og:description\" content=\"Les Grues Tout-Terrain LRT sont con\u00e7ues pour exceller sur les terrains accident\u00e9s et dans des environnements difficiles.Gr\u00e2ce \u00e0 leurs essieux renforc\u00e9s...\" \/>\n<meta property=\"og:url\" content=\"https:\/\/trevotech.com\/fr\/produto\/grues-tout-terrain-lrt\/\" \/>\n<meta property=\"og:site_name\" content=\"Trevotech Group\" \/>\n<meta property=\"article:modified_time\" content=\"2025-08-05T12:27:35+00:00\" \/>\n<meta property=\"og:image\" content=\"https:\/\/trevotech.com\/wp-content\/uploads\/2024\/11\/Liebherr-04.webp\" \/>\n\t<meta property=\"og:image:width\" content=\"1000\" \/>\n\t<meta property=\"og:image:height\" content=\"1000\" \/>\n\t<meta property=\"og:image:type\" content=\"image\/webp\" \/>\n<meta name=\"twitter:card\" content=\"summary_large_image\" \/>\n<meta name=\"twitter:label1\" content=\"Dur\u00e9e de lecture estim\u00e9e\" \/>\n\t<meta name=\"twitter:data1\" content=\"2 minutes\" \/>\n<script type=\"application\/ld+json\" class=\"yoast-schema-graph\">{\"@context\":\"https:\/\/schema.org\",\"@graph\":[{\"@type\":\"WebPage\",\"@id\":\"https:\/\/trevotech.com\/fr\/produto\/grues-tout-terrain-lrt\/\",\"url\":\"https:\/\/trevotech.com\/fr\/produto\/grues-tout-terrain-lrt\/\",\"name\":\"Grues Tout-Terrain (LRT) - Trevotech Group\",\"isPartOf\":{\"@id\":\"https:\/\/trevotech.com\/fr\/#website\"},\"primaryImageOfPage\":{\"@id\":\"https:\/\/trevotech.com\/fr\/produto\/grues-tout-terrain-lrt\/#primaryimage\"},\"image\":{\"@id\":\"https:\/\/trevotech.com\/fr\/produto\/grues-tout-terrain-lrt\/#primaryimage\"},\"thumbnailUrl\":\"https:\/\/trevotech.com\/wp-content\/uploads\/2024\/11\/Liebherr-04.webp\",\"datePublished\":\"2024-11-07T21:34:26+00:00\",\"dateModified\":\"2025-08-05T12:27:35+00:00\",\"description\":\"Les Grues Tout-Terrain LRT sont con\u00e7ues pour exceller sur les terrains accident\u00e9s et dans des environnements difficiles.Gr\u00e2ce \u00e0 leurs essieux renforc\u00e9s...\",\"breadcrumb\":{\"@id\":\"https:\/\/trevotech.com\/fr\/produto\/grues-tout-terrain-lrt\/#breadcrumb\"},\"inLanguage\":\"fr-FR\",\"potentialAction\":[{\"@type\":\"ReadAction\",\"target\":[\"https:\/\/trevotech.com\/fr\/produto\/grues-tout-terrain-lrt\/\"]}]},{\"@type\":\"ImageObject\",\"inLanguage\":\"fr-FR\",\"@id\":\"https:\/\/trevotech.com\/fr\/produto\/grues-tout-terrain-lrt\/#primaryimage\",\"url\":\"https:\/\/trevotech.com\/wp-content\/uploads\/2024\/11\/Liebherr-04.webp\",\"contentUrl\":\"https:\/\/trevotech.com\/wp-content\/uploads\/2024\/11\/Liebherr-04.webp\",\"width\":1000,\"height\":1000,\"caption\":\"Gruas M\u00f3veis para Terrenos Acidentados\"},{\"@type\":\"BreadcrumbList\",\"@id\":\"https:\/\/trevotech.com\/fr\/produto\/grues-tout-terrain-lrt\/#breadcrumb\",\"itemListElement\":[{\"@type\":\"ListItem\",\"position\":1,\"name\":\"In\u00edcio\",\"item\":\"https:\/\/trevotech.com\/fr\/\"},{\"@type\":\"ListItem\",\"position\":2,\"name\":\"Produits\",\"item\":\"https:\/\/trevotech.com\/fr\/shop\/\"},{\"@type\":\"ListItem\",\"position\":3,\"name\":\"Grues Tout-Terrain (LRT)\"}]},{\"@type\":\"WebSite\",\"@id\":\"https:\/\/trevotech.com\/fr\/#website\",\"url\":\"https:\/\/trevotech.com\/fr\/\",\"name\":\"Trevotech Group\",\"description\":\"\",\"potentialAction\":[{\"@type\":\"SearchAction\",\"target\":{\"@type\":\"EntryPoint\",\"urlTemplate\":\"https:\/\/trevotech.com\/fr\/?s={search_term_string}\"},\"query-input\":{\"@type\":\"PropertyValueSpecification\",\"valueRequired\":true,\"valueName\":\"search_term_string\"}}],\"inLanguage\":\"fr-FR\"}]}<\/script>\n<!-- \/ Yoast SEO plugin. -->","yoast_head_json":{"title":"Grues Tout-Terrain (LRT) - Trevotech Group","description":"Les Grues Tout-Terrain LRT sont con\u00e7ues pour exceller sur les terrains accident\u00e9s et dans des environnements difficiles.Gr\u00e2ce \u00e0 leurs essieux renforc\u00e9s...","robots":{"index":"index","follow":"follow","max-snippet":"max-snippet:-1","max-image-preview":"max-image-preview:large","max-video-preview":"max-video-preview:-1"},"canonical":"https:\/\/trevotech.com\/fr\/produto\/grues-tout-terrain-lrt\/","og_locale":"fr_FR","og_type":"article","og_title":"Grues Tout-Terrain (LRT) - Trevotech Group","og_description":"Les Grues Tout-Terrain LRT sont con\u00e7ues pour exceller sur les terrains accident\u00e9s et dans des environnements difficiles.Gr\u00e2ce \u00e0 leurs essieux renforc\u00e9s...","og_url":"https:\/\/trevotech.com\/fr\/produto\/grues-tout-terrain-lrt\/","og_site_name":"Trevotech Group","article_modified_time":"2025-08-05T12:27:35+00:00","og_image":[{"width":1000,"height":1000,"url":"https:\/\/trevotech.com\/wp-content\/uploads\/2024\/11\/Liebherr-04.webp","type":"image\/webp"}],"twitter_card":"summary_large_image","twitter_misc":{"Dur\u00e9e de lecture estim\u00e9e":"2 minutes"},"schema":{"@context":"https:\/\/schema.org","@graph":[{"@type":"WebPage","@id":"https:\/\/trevotech.com\/fr\/produto\/grues-tout-terrain-lrt\/","url":"https:\/\/trevotech.com\/fr\/produto\/grues-tout-terrain-lrt\/","name":"Grues Tout-Terrain (LRT) - Trevotech Group","isPartOf":{"@id":"https:\/\/trevotech.com\/fr\/#website"},"primaryImageOfPage":{"@id":"https:\/\/trevotech.com\/fr\/produto\/grues-tout-terrain-lrt\/#primaryimage"},"image":{"@id":"https:\/\/trevotech.com\/fr\/produto\/grues-tout-terrain-lrt\/#primaryimage"},"thumbnailUrl":"https:\/\/trevotech.com\/wp-content\/uploads\/2024\/11\/Liebherr-04.webp","datePublished":"2024-11-07T21:34:26+00:00","dateModified":"2025-08-05T12:27:35+00:00","description":"Les Grues Tout-Terrain LRT sont con\u00e7ues pour exceller sur les terrains accident\u00e9s et dans des environnements difficiles.Gr\u00e2ce \u00e0 leurs essieux renforc\u00e9s...","breadcrumb":{"@id":"https:\/\/trevotech.com\/fr\/produto\/grues-tout-terrain-lrt\/#breadcrumb"},"inLanguage":"fr-FR","potentialAction":[{"@type":"ReadAction","target":["https:\/\/trevotech.com\/fr\/produto\/grues-tout-terrain-lrt\/"]}]},{"@type":"ImageObject","inLanguage":"fr-FR","@id":"https:\/\/trevotech.com\/fr\/produto\/grues-tout-terrain-lrt\/#primaryimage","url":"https:\/\/trevotech.com\/wp-content\/uploads\/2024\/11\/Liebherr-04.webp","contentUrl":"https:\/\/trevotech.com\/wp-content\/uploads\/2024\/11\/Liebherr-04.webp","width":1000,"height":1000,"caption":"Gruas M\u00f3veis para Terrenos Acidentados"},{"@type":"BreadcrumbList","@id":"https:\/\/trevotech.com\/fr\/produto\/grues-tout-terrain-lrt\/#breadcrumb","itemListElement":[{"@type":"ListItem","position":1,"name":"In\u00edcio","item":"https:\/\/trevotech.com\/fr\/"},{"@type":"ListItem","position":2,"name":"Produits","item":"https:\/\/trevotech.com\/fr\/shop\/"},{"@type":"ListItem","position":3,"name":"Grues Tout-Terrain (LRT)"}]},{"@type":"WebSite","@id":"https:\/\/trevotech.com\/fr\/#website","url":"https:\/\/trevotech.com\/fr\/","name":"Trevotech Group","description":"","potentialAction":[{"@type":"SearchAction","target":{"@type":"EntryPoint","urlTemplate":"https:\/\/trevotech.com\/fr\/?s={search_term_string}"},"query-input":{"@type":"PropertyValueSpecification","valueRequired":true,"valueName":"search_term_string"}}],"inLanguage":"fr-FR"}]}},"_links":{"self":[{"href":"https:\/\/trevotech.com\/fr\/wp-json\/wp\/v2\/product\/4020","targetHints":{"allow":["GET"]}}],"collection":[{"href":"https:\/\/trevotech.com\/fr\/wp-json\/wp\/v2\/product"}],"about":[{"href":"https:\/\/trevotech.com\/fr\/wp-json\/wp\/v2\/types\/product"}],"replies":[{"embeddable":true,"href":"https:\/\/trevotech.com\/fr\/wp-json\/wp\/v2\/comments?post=4020"}],"wp:featuredmedia":[{"embeddable":true,"href":"https:\/\/trevotech.com\/fr\/wp-json\/wp\/v2\/media\/3808"}],"wp:attachment":[{"href":"https:\/\/trevotech.com\/fr\/wp-json\/wp\/v2\/media?parent=4020"}],"wp:term":[{"taxonomy":"product_brand","embeddable":true,"href":"https:\/\/trevotech.com\/fr\/wp-json\/wp\/v2\/product_brand?post=4020"},{"taxonomy":"product_cat","embeddable":true,"href":"https:\/\/trevotech.com\/fr\/wp-json\/wp\/v2\/product_cat?post=4020"},{"taxonomy":"product_tag","embeddable":true,"href":"https:\/\/trevotech.com\/fr\/wp-json\/wp\/v2\/product_tag?post=4020"}],"curies":[{"name":"wp","href":"https:\/\/api.w.org\/{rel}","templated":true}]}}