{"id":4025,"date":"2024-11-07T21:29:47","date_gmt":"2024-11-07T21:29:47","guid":{"rendered":"https:\/\/trevotech.com\/produto\/mobile-construction-cranes\/"},"modified":"2025-08-05T12:29:55","modified_gmt":"2025-08-05T12:29:55","slug":"grues-mobiles-de-chantier-mk","status":"publish","type":"product","link":"https:\/\/trevotech.com\/fr\/produto\/grues-mobiles-de-chantier-mk\/","title":{"rendered":"Grues Mobiles de Chantier (MK)"},"content":{"rendered":"<p><span style=\"font-weight: 400;\">Les Grues Mobiles de Chantier MK Liebherr sont des grues mobiles \u00e0 tour, alliant la mobilit\u00e9 d\u2019un camion \u00e0 la performance d\u2019une grue \u00e0 fl\u00e8che en hauteur.<\/span><span style=\"font-weight: 400;\"><br \/>\n<\/span><span style=\"font-weight: 400;\">Des mod\u00e8les comme le MK 88 ou MK 110 peuvent lever jusqu\u2019\u00e0 120 tonnes, parfaits pour l\u2019assemblage de structures m\u00e9talliques, les fa\u00e7ades ou les \u00e9l\u00e9ments pr\u00e9fabriqu\u00e9s.<\/span><span style=\"font-weight: 400;\"><br \/>\n<\/span><span style=\"font-weight: 400;\">\u00c9quip\u00e9es de fl\u00e8ches t\u00e9lescopiques hydrauliques, elles assurent un excellent rayon d\u2019action et une grande flexibilit\u00e9, m\u00eame en centre-ville.<\/span><span style=\"font-weight: 400;\"><br \/>\n<\/span><span style=\"font-weight: 400;\">Leur capacit\u00e9 d\u2019auto-montage et leurs syst\u00e8mes intelligents en font des machines productives, pr\u00e9cises et rapides \u00e0 d\u00e9ployer sur les chantiers urbains complexes.<\/span><\/p>\n<p><span style=\"font-weight: 400;\">Les Grues Mobiles de Chantier MK Liebherr sont des grues mobiles \u00e0 tour, alliant la mobilit\u00e9 d\u2019un camion \u00e0 la performance d\u2019une grue \u00e0 fl\u00e8che en hauteur.<\/span><span style=\"font-weight: 400;\"><br \/>\n<\/span><span style=\"font-weight: 400;\">Des mod\u00e8les comme le MK 88 ou MK 110 peuvent lever jusqu\u2019\u00e0 120 tonnes, parfaits pour l\u2019assemblage de structures m\u00e9talliques, les fa\u00e7ades ou les \u00e9l\u00e9ments pr\u00e9fabriqu\u00e9s.<\/span><span style=\"font-weight: 400;\"><br \/>\n<\/span><span style=\"font-weight: 400;\">\u00c9quip\u00e9es de fl\u00e8ches t\u00e9lescopiques hydrauliques, elles assurent un excellent rayon d\u2019action et une grande flexibilit\u00e9, m\u00eame en centre-ville.<\/span><span style=\"font-weight: 400;\"><br \/>\n<\/span><span style=\"font-weight: 400;\">Leur capacit\u00e9 d\u2019auto-montage et leurs syst\u00e8mes intelligents en font des machines productives, pr\u00e9cises et rapides \u00e0 d\u00e9ployer sur les chantiers urbains complexes.<\/span><\/p>\n<p><span style=\"font-weight: 400;\">Les grues MK Liebherr sont des grues mobiles \u00e0 tour, alliant la mobilit\u00e9 d\u2019un camion \u00e0 la performance d\u2019une grue \u00e0 fl\u00e8che en hauteur.<\/span><span style=\"font-weight: 400;\"><br \/>\n<\/span><span style=\"font-weight: 400;\">Des mod\u00e8les comme le MK 88 ou MK 110 peuvent lever jusqu\u2019\u00e0 120 tonnes, parfaits pour l\u2019assemblage de structures m\u00e9talliques, les fa\u00e7ades ou les \u00e9l\u00e9ments pr\u00e9fabriqu\u00e9s.<\/span><span style=\"font-weight: 400;\"><br \/>\n<\/span><span style=\"font-weight: 400;\">\u00c9quip\u00e9es de fl\u00e8ches t\u00e9lescopiques hydrauliques, elles assurent un excellent rayon d\u2019action et une grande flexibilit\u00e9, m\u00eame en centre-ville.<\/span><span style=\"font-weight: 400;\"><br \/>\n<\/span><span style=\"font-weight: 400;\">Leur capacit\u00e9 d\u2019auto-montage et leurs syst\u00e8mes intelligents en font des machines productives, pr\u00e9cises et rapides \u00e0 d\u00e9ployer sur les chantiers urbains complexes.<\/span><\/p>\n","protected":false},"excerpt":{"rendered":"<p><span style=\"font-weight: 400;\">Les grues MK Liebherr sont des grues mobiles \u00e0 tour, alliant la mobilit\u00e9 d\u2019un camion \u00e0 la performance d\u2019une grue \u00e0 fl\u00e8che en hauteur.<\/span><span style=\"font-weight: 400;\"><br \/>\n<\/span><span style=\"font-weight: 400;\">Des mod\u00e8les comme le MK 88 ou MK 110 peuvent lever jusqu\u2019\u00e0 120 tonnes, parfaits pour l\u2019assemblage de structures m\u00e9talliques, les fa\u00e7ades ou les \u00e9l\u00e9ments pr\u00e9fabriqu\u00e9s.<\/span><span style=\"font-weight: 400;\"><br \/>\n<\/span><span style=\"font-weight: 400;\">\u00c9quip\u00e9es de fl\u00e8ches t\u00e9lescopiques hydrauliques, elles assurent un excellent rayon d\u2019action et une grande flexibilit\u00e9, m\u00eame en centre-ville.<\/span><span style=\"font-weight: 400;\"><br \/>\n<\/span><span style=\"font-weight: 400;\">Leur capacit\u00e9 d\u2019auto-montage et leurs syst\u00e8mes intelligents en font des machines productives, pr\u00e9cises et rapides \u00e0 d\u00e9ployer sur les chantiers urbains complexes.<\/span><\/p>\n","protected":false},"featured_media":4026,"comment_status":"open","ping_status":"closed","template":"","meta":{"_acf_changed":false},"product_brand":[],"product_cat":[458],"product_tag":[],"class_list":{"0":"post-4025","1":"product","2":"type-product","3":"status-publish","4":"has-post-thumbnail","6":"product_cat-sem-categoria-fr","7":"setores-construction-et-mines","8":"setores-manutention","9":"setores-petrole-et-gaz","10":"marcas-liebherr","11":"tipo_produto-grues-de-chantier-mobiles-mk","13":"first","14":"instock","15":"shipping-taxable","16":"product-type-simple"},"acf":[],"yoast_head":"<!-- This site is optimized with the Yoast SEO plugin v25.2 - https:\/\/yoast.com\/wordpress\/plugins\/seo\/ -->\n<title>Grues Mobiles de Chantier (MK) Liebherr - Trevotech Group<\/title>\n<meta name=\"description\" content=\"Les Grues Mobiles de Chantier MK Liebherr sont des grues mobiles \u00e0 tour, alliant la mobilit\u00e9 d\u2019un camion \u00e0 la performance d\u2019une grue \u00e0 fl\u00e8che...\" \/>\n<meta name=\"robots\" content=\"index, follow, max-snippet:-1, max-image-preview:large, max-video-preview:-1\" \/>\n<link rel=\"canonical\" href=\"https:\/\/trevotech.com\/fr\/produto\/grues-mobiles-de-chantier-mk\/\" \/>\n<meta property=\"og:locale\" content=\"fr_FR\" \/>\n<meta property=\"og:type\" content=\"article\" \/>\n<meta property=\"og:title\" content=\"Grues Mobiles de Chantier (MK) Liebherr - Trevotech Group\" \/>\n<meta property=\"og:description\" content=\"Les Grues Mobiles de Chantier MK Liebherr sont des grues mobiles \u00e0 tour, alliant la mobilit\u00e9 d\u2019un camion \u00e0 la performance d\u2019une grue \u00e0 fl\u00e8che...\" \/>\n<meta property=\"og:url\" content=\"https:\/\/trevotech.com\/fr\/produto\/grues-mobiles-de-chantier-mk\/\" \/>\n<meta property=\"og:site_name\" content=\"Trevotech Group\" \/>\n<meta property=\"article:modified_time\" content=\"2025-08-05T12:29:55+00:00\" \/>\n<meta property=\"og:image\" content=\"https:\/\/trevotech.com\/wp-content\/uploads\/2024\/11\/Liebherr-05.webp\" \/>\n\t<meta property=\"og:image:width\" content=\"1000\" \/>\n\t<meta property=\"og:image:height\" content=\"1000\" \/>\n\t<meta property=\"og:image:type\" content=\"image\/webp\" \/>\n<meta name=\"twitter:card\" content=\"summary_large_image\" \/>\n<meta name=\"twitter:label1\" content=\"Dur\u00e9e de lecture estim\u00e9e\" \/>\n\t<meta name=\"twitter:data1\" content=\"2 minutes\" \/>\n<script type=\"application\/ld+json\" class=\"yoast-schema-graph\">{\"@context\":\"https:\/\/schema.org\",\"@graph\":[{\"@type\":\"WebPage\",\"@id\":\"https:\/\/trevotech.com\/fr\/produto\/grues-mobiles-de-chantier-mk\/\",\"url\":\"https:\/\/trevotech.com\/fr\/produto\/grues-mobiles-de-chantier-mk\/\",\"name\":\"Grues Mobiles de Chantier (MK) Liebherr - Trevotech Group\",\"isPartOf\":{\"@id\":\"https:\/\/trevotech.com\/fr\/#website\"},\"primaryImageOfPage\":{\"@id\":\"https:\/\/trevotech.com\/fr\/produto\/grues-mobiles-de-chantier-mk\/#primaryimage\"},\"image\":{\"@id\":\"https:\/\/trevotech.com\/fr\/produto\/grues-mobiles-de-chantier-mk\/#primaryimage\"},\"thumbnailUrl\":\"https:\/\/trevotech.com\/wp-content\/uploads\/2024\/11\/Liebherr-05.webp\",\"datePublished\":\"2024-11-07T21:29:47+00:00\",\"dateModified\":\"2025-08-05T12:29:55+00:00\",\"description\":\"Les Grues Mobiles de Chantier MK Liebherr sont des grues mobiles \u00e0 tour, alliant la mobilit\u00e9 d\u2019un camion \u00e0 la performance d\u2019une grue \u00e0 fl\u00e8che...\",\"breadcrumb\":{\"@id\":\"https:\/\/trevotech.com\/fr\/produto\/grues-mobiles-de-chantier-mk\/#breadcrumb\"},\"inLanguage\":\"fr-FR\",\"potentialAction\":[{\"@type\":\"ReadAction\",\"target\":[\"https:\/\/trevotech.com\/fr\/produto\/grues-mobiles-de-chantier-mk\/\"]}]},{\"@type\":\"ImageObject\",\"inLanguage\":\"fr-FR\",\"@id\":\"https:\/\/trevotech.com\/fr\/produto\/grues-mobiles-de-chantier-mk\/#primaryimage\",\"url\":\"https:\/\/trevotech.com\/wp-content\/uploads\/2024\/11\/Liebherr-05.webp\",\"contentUrl\":\"https:\/\/trevotech.com\/wp-content\/uploads\/2024\/11\/Liebherr-05.webp\",\"width\":1000,\"height\":1000,\"caption\":\"Mobile Construction Cranes\"},{\"@type\":\"BreadcrumbList\",\"@id\":\"https:\/\/trevotech.com\/fr\/produto\/grues-mobiles-de-chantier-mk\/#breadcrumb\",\"itemListElement\":[{\"@type\":\"ListItem\",\"position\":1,\"name\":\"In\u00edcio\",\"item\":\"https:\/\/trevotech.com\/fr\/\"},{\"@type\":\"ListItem\",\"position\":2,\"name\":\"Produits\",\"item\":\"https:\/\/trevotech.com\/fr\/shop\/\"},{\"@type\":\"ListItem\",\"position\":3,\"name\":\"Grues Mobiles de Chantier (MK)\"}]},{\"@type\":\"WebSite\",\"@id\":\"https:\/\/trevotech.com\/fr\/#website\",\"url\":\"https:\/\/trevotech.com\/fr\/\",\"name\":\"Trevotech Group\",\"description\":\"\",\"potentialAction\":[{\"@type\":\"SearchAction\",\"target\":{\"@type\":\"EntryPoint\",\"urlTemplate\":\"https:\/\/trevotech.com\/fr\/?s={search_term_string}\"},\"query-input\":{\"@type\":\"PropertyValueSpecification\",\"valueRequired\":true,\"valueName\":\"search_term_string\"}}],\"inLanguage\":\"fr-FR\"}]}<\/script>\n<!-- \/ Yoast SEO plugin. -->","yoast_head_json":{"title":"Grues Mobiles de Chantier (MK) Liebherr - Trevotech Group","description":"Les Grues Mobiles de Chantier MK Liebherr sont des grues mobiles \u00e0 tour, alliant la mobilit\u00e9 d\u2019un camion \u00e0 la performance d\u2019une grue \u00e0 fl\u00e8che...","robots":{"index":"index","follow":"follow","max-snippet":"max-snippet:-1","max-image-preview":"max-image-preview:large","max-video-preview":"max-video-preview:-1"},"canonical":"https:\/\/trevotech.com\/fr\/produto\/grues-mobiles-de-chantier-mk\/","og_locale":"fr_FR","og_type":"article","og_title":"Grues Mobiles de Chantier (MK) Liebherr - Trevotech Group","og_description":"Les Grues Mobiles de Chantier MK Liebherr sont des grues mobiles \u00e0 tour, alliant la mobilit\u00e9 d\u2019un camion \u00e0 la performance d\u2019une grue \u00e0 fl\u00e8che...","og_url":"https:\/\/trevotech.com\/fr\/produto\/grues-mobiles-de-chantier-mk\/","og_site_name":"Trevotech Group","article_modified_time":"2025-08-05T12:29:55+00:00","og_image":[{"width":1000,"height":1000,"url":"https:\/\/trevotech.com\/wp-content\/uploads\/2024\/11\/Liebherr-05.webp","type":"image\/webp"}],"twitter_card":"summary_large_image","twitter_misc":{"Dur\u00e9e de lecture estim\u00e9e":"2 minutes"},"schema":{"@context":"https:\/\/schema.org","@graph":[{"@type":"WebPage","@id":"https:\/\/trevotech.com\/fr\/produto\/grues-mobiles-de-chantier-mk\/","url":"https:\/\/trevotech.com\/fr\/produto\/grues-mobiles-de-chantier-mk\/","name":"Grues Mobiles de Chantier (MK) Liebherr - Trevotech Group","isPartOf":{"@id":"https:\/\/trevotech.com\/fr\/#website"},"primaryImageOfPage":{"@id":"https:\/\/trevotech.com\/fr\/produto\/grues-mobiles-de-chantier-mk\/#primaryimage"},"image":{"@id":"https:\/\/trevotech.com\/fr\/produto\/grues-mobiles-de-chantier-mk\/#primaryimage"},"thumbnailUrl":"https:\/\/trevotech.com\/wp-content\/uploads\/2024\/11\/Liebherr-05.webp","datePublished":"2024-11-07T21:29:47+00:00","dateModified":"2025-08-05T12:29:55+00:00","description":"Les Grues Mobiles de Chantier MK Liebherr sont des grues mobiles \u00e0 tour, alliant la mobilit\u00e9 d\u2019un camion \u00e0 la performance d\u2019une grue \u00e0 fl\u00e8che...","breadcrumb":{"@id":"https:\/\/trevotech.com\/fr\/produto\/grues-mobiles-de-chantier-mk\/#breadcrumb"},"inLanguage":"fr-FR","potentialAction":[{"@type":"ReadAction","target":["https:\/\/trevotech.com\/fr\/produto\/grues-mobiles-de-chantier-mk\/"]}]},{"@type":"ImageObject","inLanguage":"fr-FR","@id":"https:\/\/trevotech.com\/fr\/produto\/grues-mobiles-de-chantier-mk\/#primaryimage","url":"https:\/\/trevotech.com\/wp-content\/uploads\/2024\/11\/Liebherr-05.webp","contentUrl":"https:\/\/trevotech.com\/wp-content\/uploads\/2024\/11\/Liebherr-05.webp","width":1000,"height":1000,"caption":"Mobile Construction Cranes"},{"@type":"BreadcrumbList","@id":"https:\/\/trevotech.com\/fr\/produto\/grues-mobiles-de-chantier-mk\/#breadcrumb","itemListElement":[{"@type":"ListItem","position":1,"name":"In\u00edcio","item":"https:\/\/trevotech.com\/fr\/"},{"@type":"ListItem","position":2,"name":"Produits","item":"https:\/\/trevotech.com\/fr\/shop\/"},{"@type":"ListItem","position":3,"name":"Grues Mobiles de Chantier (MK)"}]},{"@type":"WebSite","@id":"https:\/\/trevotech.com\/fr\/#website","url":"https:\/\/trevotech.com\/fr\/","name":"Trevotech Group","description":"","potentialAction":[{"@type":"SearchAction","target":{"@type":"EntryPoint","urlTemplate":"https:\/\/trevotech.com\/fr\/?s={search_term_string}"},"query-input":{"@type":"PropertyValueSpecification","valueRequired":true,"valueName":"search_term_string"}}],"inLanguage":"fr-FR"}]}},"_links":{"self":[{"href":"https:\/\/trevotech.com\/fr\/wp-json\/wp\/v2\/product\/4025","targetHints":{"allow":["GET"]}}],"collection":[{"href":"https:\/\/trevotech.com\/fr\/wp-json\/wp\/v2\/product"}],"about":[{"href":"https:\/\/trevotech.com\/fr\/wp-json\/wp\/v2\/types\/product"}],"replies":[{"embeddable":true,"href":"https:\/\/trevotech.com\/fr\/wp-json\/wp\/v2\/comments?post=4025"}],"wp:featuredmedia":[{"embeddable":true,"href":"https:\/\/trevotech.com\/fr\/wp-json\/wp\/v2\/media\/4026"}],"wp:attachment":[{"href":"https:\/\/trevotech.com\/fr\/wp-json\/wp\/v2\/media?parent=4025"}],"wp:term":[{"taxonomy":"product_brand","embeddable":true,"href":"https:\/\/trevotech.com\/fr\/wp-json\/wp\/v2\/product_brand?post=4025"},{"taxonomy":"product_cat","embeddable":true,"href":"https:\/\/trevotech.com\/fr\/wp-json\/wp\/v2\/product_cat?post=4025"},{"taxonomy":"product_tag","embeddable":true,"href":"https:\/\/trevotech.com\/fr\/wp-json\/wp\/v2\/product_tag?post=4025"}],"curies":[{"name":"wp","href":"https:\/\/api.w.org\/{rel}","templated":true}]}}