{"id":4034,"date":"2024-10-24T09:20:08","date_gmt":"2024-10-24T09:20:08","guid":{"rendered":"https:\/\/trevotech.com\/produto\/crawler-cranes\/"},"modified":"2025-08-05T14:15:22","modified_gmt":"2025-08-05T14:15:22","slug":"grues-sur-chenilles-lr","status":"publish","type":"product","link":"https:\/\/trevotech.com\/fr\/produto\/grues-sur-chenilles-lr\/","title":{"rendered":"Grues Sur Chenilles LR"},"content":{"rendered":"<p><span style=\"font-weight: 400;\">Les grues sur chenilles LR Liebherr sont con\u00e7ues pour les levages lourds dans des conditions extr\u00eames.<\/span><span style=\"font-weight: 400;\"><br \/>\n<\/span><span style=\"font-weight: 400;\">Avec leur ch\u00e2ssis \u00e0 chenilles, elles offrent une stabilit\u00e9 sup\u00e9rieure sur sol irr\u00e9gulier.<\/span><span style=\"font-weight: 400;\"><br \/>\n<\/span><span style=\"font-weight: 400;\">Des mod\u00e8les comme le LR 11000 peuvent lever jusqu\u2019\u00e0 1 000 tonnes, id\u00e9als pour le montage d\u2019\u00e9oliennes, les ponts ou les projets offshore.<\/span><span style=\"font-weight: 400;\"><br \/>\n<\/span><span style=\"font-weight: 400;\">Elles int\u00e8grent des fl\u00e8ches treillis modulaires et des syst\u00e8mes de s\u00e9curit\u00e9 comme l\u2019anti-sway et le contr\u00f4le de charge, garantissant pr\u00e9cision et fiabilit\u00e9.<\/span><\/p>\n<p><span style=\"font-weight: 400;\">Les grues sur chenilles LR Liebherr sont con\u00e7ues pour les levages lourds dans des conditions extr\u00eames.<\/span><span style=\"font-weight: 400;\"><br \/>\n<\/span><span style=\"font-weight: 400;\">Avec leur ch\u00e2ssis \u00e0 chenilles, elles offrent une stabilit\u00e9 sup\u00e9rieure sur sol irr\u00e9gulier.<\/span><span style=\"font-weight: 400;\"><br \/>\n<\/span><span style=\"font-weight: 400;\">Des mod\u00e8les comme le LR 11000 peuvent lever jusqu\u2019\u00e0 1 000 tonnes, id\u00e9als pour le montage d\u2019\u00e9oliennes, les ponts ou les projets offshore.<\/span><span style=\"font-weight: 400;\"><br \/>\n<\/span><span style=\"font-weight: 400;\">Elles int\u00e8grent des fl\u00e8ches treillis modulaires et des syst\u00e8mes de s\u00e9curit\u00e9 comme l\u2019anti-sway et le contr\u00f4le de charge, garantissant pr\u00e9cision et fiabilit\u00e9.<\/span><\/p>\n<p><span style=\"font-weight: 400;\">Les grues sur chenilles LR Liebherr sont con\u00e7ues pour les levages lourds dans des conditions extr\u00eames.<\/span><span style=\"font-weight: 400;\"><br \/>\n<\/span><span style=\"font-weight: 400;\">Avec leur ch\u00e2ssis \u00e0 chenilles, elles offrent une stabilit\u00e9 sup\u00e9rieure sur sol irr\u00e9gulier.<\/span><span style=\"font-weight: 400;\"><br \/>\n<\/span><span style=\"font-weight: 400;\">Des mod\u00e8les comme le LR 11000 peuvent lever jusqu\u2019\u00e0 1 000 tonnes, id\u00e9als pour le montage d\u2019\u00e9oliennes, les ponts ou les projets offshore.<\/span><span style=\"font-weight: 400;\"><br \/>\n<\/span><span style=\"font-weight: 400;\">Elles int\u00e8grent des fl\u00e8ches treillis modulaires et des syst\u00e8mes de s\u00e9curit\u00e9 comme l\u2019anti-sway et le contr\u00f4le de charge, garantissant pr\u00e9cision et fiabilit\u00e9.<\/span><\/p>\n","protected":false},"excerpt":{"rendered":"<p><span style=\"font-weight: 400;\">Les grues sur chenilles LR Liebherr sont con\u00e7ues pour les levages lourds dans des conditions extr\u00eames.<\/span><span style=\"font-weight: 400;\"><br \/>\n<\/span><span style=\"font-weight: 400;\">Avec leur ch\u00e2ssis \u00e0 chenilles, elles offrent une stabilit\u00e9 sup\u00e9rieure sur sol irr\u00e9gulier.<\/span><span style=\"font-weight: 400;\"><br \/>\n<\/span><span style=\"font-weight: 400;\">Des mod\u00e8les comme le LR 11000 peuvent lever jusqu\u2019\u00e0 1 000 tonnes, id\u00e9als pour le montage d\u2019\u00e9oliennes, les ponts ou les projets offshore.<\/span><span style=\"font-weight: 400;\"><br \/>\n<\/span><span style=\"font-weight: 400;\">Elles int\u00e8grent des fl\u00e8ches treillis modulaires et des syst\u00e8mes de s\u00e9curit\u00e9 comme l\u2019anti-sway et le contr\u00f4le de charge, garantissant pr\u00e9cision et fiabilit\u00e9.<\/span><\/p>\n","protected":false},"featured_media":4035,"comment_status":"open","ping_status":"closed","template":"","meta":{"_acf_changed":false},"product_brand":[],"product_cat":[458],"product_tag":[],"class_list":{"0":"post-4034","1":"product","2":"type-product","3":"status-publish","4":"has-post-thumbnail","6":"product_cat-sem-categoria-fr","7":"setores-construction-et-mines","8":"setores-manutention","9":"setores-petrole-et-gaz","10":"marcas-liebherr","11":"tipo_produto-grues-sur-chenilles-lr","13":"first","14":"instock","15":"shipping-taxable","16":"product-type-simple"},"acf":[],"yoast_head":"<!-- This site is optimized with the Yoast SEO plugin v25.2 - https:\/\/yoast.com\/wordpress\/plugins\/seo\/ -->\n<title>Grues Sur Chenilles LR Liebherr - Trevotech Group<\/title>\n<meta name=\"description\" content=\"Les grues sur chenilles LR Liebherr sont con\u00e7ues pour les levages lourds dans des conditions extr\u00eames.Avec leur ch\u00e2ssis \u00e0 chenilles, elles...\" \/>\n<meta name=\"robots\" content=\"index, follow, max-snippet:-1, max-image-preview:large, max-video-preview:-1\" \/>\n<link rel=\"canonical\" href=\"https:\/\/trevotech.com\/fr\/produto\/grues-sur-chenilles-lr\/\" \/>\n<meta property=\"og:locale\" content=\"fr_FR\" \/>\n<meta property=\"og:type\" content=\"article\" \/>\n<meta property=\"og:title\" content=\"Grues Sur Chenilles LR Liebherr - Trevotech Group\" \/>\n<meta property=\"og:description\" content=\"Les grues sur chenilles LR Liebherr sont con\u00e7ues pour les levages lourds dans des conditions extr\u00eames.Avec leur ch\u00e2ssis \u00e0 chenilles, elles...\" \/>\n<meta property=\"og:url\" content=\"https:\/\/trevotech.com\/fr\/produto\/grues-sur-chenilles-lr\/\" \/>\n<meta property=\"og:site_name\" content=\"Trevotech Group\" \/>\n<meta property=\"article:modified_time\" content=\"2025-08-05T14:15:22+00:00\" \/>\n<meta property=\"og:image\" content=\"https:\/\/trevotech.com\/wp-content\/uploads\/2024\/10\/LIEBHERR_Gruas-de-Rasto.webp\" \/>\n\t<meta property=\"og:image:width\" content=\"1000\" \/>\n\t<meta property=\"og:image:height\" content=\"1000\" \/>\n\t<meta property=\"og:image:type\" content=\"image\/webp\" \/>\n<meta name=\"twitter:card\" content=\"summary_large_image\" \/>\n<meta name=\"twitter:label1\" content=\"Dur\u00e9e de lecture estim\u00e9e\" \/>\n\t<meta name=\"twitter:data1\" content=\"2 minutes\" \/>\n<script type=\"application\/ld+json\" class=\"yoast-schema-graph\">{\"@context\":\"https:\/\/schema.org\",\"@graph\":[{\"@type\":\"WebPage\",\"@id\":\"https:\/\/trevotech.com\/fr\/produto\/grues-sur-chenilles-lr\/\",\"url\":\"https:\/\/trevotech.com\/fr\/produto\/grues-sur-chenilles-lr\/\",\"name\":\"Grues Sur Chenilles LR Liebherr - Trevotech Group\",\"isPartOf\":{\"@id\":\"https:\/\/trevotech.com\/fr\/#website\"},\"primaryImageOfPage\":{\"@id\":\"https:\/\/trevotech.com\/fr\/produto\/grues-sur-chenilles-lr\/#primaryimage\"},\"image\":{\"@id\":\"https:\/\/trevotech.com\/fr\/produto\/grues-sur-chenilles-lr\/#primaryimage\"},\"thumbnailUrl\":\"https:\/\/trevotech.com\/wp-content\/uploads\/2024\/10\/LIEBHERR_Gruas-de-Rasto.webp\",\"datePublished\":\"2024-10-24T09:20:08+00:00\",\"dateModified\":\"2025-08-05T14:15:22+00:00\",\"description\":\"Les grues sur chenilles LR Liebherr sont con\u00e7ues pour les levages lourds dans des conditions extr\u00eames.Avec leur ch\u00e2ssis \u00e0 chenilles, elles...\",\"breadcrumb\":{\"@id\":\"https:\/\/trevotech.com\/fr\/produto\/grues-sur-chenilles-lr\/#breadcrumb\"},\"inLanguage\":\"fr-FR\",\"potentialAction\":[{\"@type\":\"ReadAction\",\"target\":[\"https:\/\/trevotech.com\/fr\/produto\/grues-sur-chenilles-lr\/\"]}]},{\"@type\":\"ImageObject\",\"inLanguage\":\"fr-FR\",\"@id\":\"https:\/\/trevotech.com\/fr\/produto\/grues-sur-chenilles-lr\/#primaryimage\",\"url\":\"https:\/\/trevotech.com\/wp-content\/uploads\/2024\/10\/LIEBHERR_Gruas-de-Rasto.webp\",\"contentUrl\":\"https:\/\/trevotech.com\/wp-content\/uploads\/2024\/10\/LIEBHERR_Gruas-de-Rasto.webp\",\"width\":1000,\"height\":1000,\"caption\":\"Crawler Cranes\"},{\"@type\":\"BreadcrumbList\",\"@id\":\"https:\/\/trevotech.com\/fr\/produto\/grues-sur-chenilles-lr\/#breadcrumb\",\"itemListElement\":[{\"@type\":\"ListItem\",\"position\":1,\"name\":\"In\u00edcio\",\"item\":\"https:\/\/trevotech.com\/fr\/\"},{\"@type\":\"ListItem\",\"position\":2,\"name\":\"Produits\",\"item\":\"https:\/\/trevotech.com\/fr\/shop\/\"},{\"@type\":\"ListItem\",\"position\":3,\"name\":\"Grues Sur Chenilles LR\"}]},{\"@type\":\"WebSite\",\"@id\":\"https:\/\/trevotech.com\/fr\/#website\",\"url\":\"https:\/\/trevotech.com\/fr\/\",\"name\":\"Trevotech Group\",\"description\":\"\",\"potentialAction\":[{\"@type\":\"SearchAction\",\"target\":{\"@type\":\"EntryPoint\",\"urlTemplate\":\"https:\/\/trevotech.com\/fr\/?s={search_term_string}\"},\"query-input\":{\"@type\":\"PropertyValueSpecification\",\"valueRequired\":true,\"valueName\":\"search_term_string\"}}],\"inLanguage\":\"fr-FR\"}]}<\/script>\n<!-- \/ Yoast SEO plugin. -->","yoast_head_json":{"title":"Grues Sur Chenilles LR Liebherr - Trevotech Group","description":"Les grues sur chenilles LR Liebherr sont con\u00e7ues pour les levages lourds dans des conditions extr\u00eames.Avec leur ch\u00e2ssis \u00e0 chenilles, elles...","robots":{"index":"index","follow":"follow","max-snippet":"max-snippet:-1","max-image-preview":"max-image-preview:large","max-video-preview":"max-video-preview:-1"},"canonical":"https:\/\/trevotech.com\/fr\/produto\/grues-sur-chenilles-lr\/","og_locale":"fr_FR","og_type":"article","og_title":"Grues Sur Chenilles LR Liebherr - Trevotech Group","og_description":"Les grues sur chenilles LR Liebherr sont con\u00e7ues pour les levages lourds dans des conditions extr\u00eames.Avec leur ch\u00e2ssis \u00e0 chenilles, elles...","og_url":"https:\/\/trevotech.com\/fr\/produto\/grues-sur-chenilles-lr\/","og_site_name":"Trevotech Group","article_modified_time":"2025-08-05T14:15:22+00:00","og_image":[{"width":1000,"height":1000,"url":"https:\/\/trevotech.com\/wp-content\/uploads\/2024\/10\/LIEBHERR_Gruas-de-Rasto.webp","type":"image\/webp"}],"twitter_card":"summary_large_image","twitter_misc":{"Dur\u00e9e de lecture estim\u00e9e":"2 minutes"},"schema":{"@context":"https:\/\/schema.org","@graph":[{"@type":"WebPage","@id":"https:\/\/trevotech.com\/fr\/produto\/grues-sur-chenilles-lr\/","url":"https:\/\/trevotech.com\/fr\/produto\/grues-sur-chenilles-lr\/","name":"Grues Sur Chenilles LR Liebherr - Trevotech Group","isPartOf":{"@id":"https:\/\/trevotech.com\/fr\/#website"},"primaryImageOfPage":{"@id":"https:\/\/trevotech.com\/fr\/produto\/grues-sur-chenilles-lr\/#primaryimage"},"image":{"@id":"https:\/\/trevotech.com\/fr\/produto\/grues-sur-chenilles-lr\/#primaryimage"},"thumbnailUrl":"https:\/\/trevotech.com\/wp-content\/uploads\/2024\/10\/LIEBHERR_Gruas-de-Rasto.webp","datePublished":"2024-10-24T09:20:08+00:00","dateModified":"2025-08-05T14:15:22+00:00","description":"Les grues sur chenilles LR Liebherr sont con\u00e7ues pour les levages lourds dans des conditions extr\u00eames.Avec leur ch\u00e2ssis \u00e0 chenilles, elles...","breadcrumb":{"@id":"https:\/\/trevotech.com\/fr\/produto\/grues-sur-chenilles-lr\/#breadcrumb"},"inLanguage":"fr-FR","potentialAction":[{"@type":"ReadAction","target":["https:\/\/trevotech.com\/fr\/produto\/grues-sur-chenilles-lr\/"]}]},{"@type":"ImageObject","inLanguage":"fr-FR","@id":"https:\/\/trevotech.com\/fr\/produto\/grues-sur-chenilles-lr\/#primaryimage","url":"https:\/\/trevotech.com\/wp-content\/uploads\/2024\/10\/LIEBHERR_Gruas-de-Rasto.webp","contentUrl":"https:\/\/trevotech.com\/wp-content\/uploads\/2024\/10\/LIEBHERR_Gruas-de-Rasto.webp","width":1000,"height":1000,"caption":"Crawler Cranes"},{"@type":"BreadcrumbList","@id":"https:\/\/trevotech.com\/fr\/produto\/grues-sur-chenilles-lr\/#breadcrumb","itemListElement":[{"@type":"ListItem","position":1,"name":"In\u00edcio","item":"https:\/\/trevotech.com\/fr\/"},{"@type":"ListItem","position":2,"name":"Produits","item":"https:\/\/trevotech.com\/fr\/shop\/"},{"@type":"ListItem","position":3,"name":"Grues Sur Chenilles LR"}]},{"@type":"WebSite","@id":"https:\/\/trevotech.com\/fr\/#website","url":"https:\/\/trevotech.com\/fr\/","name":"Trevotech Group","description":"","potentialAction":[{"@type":"SearchAction","target":{"@type":"EntryPoint","urlTemplate":"https:\/\/trevotech.com\/fr\/?s={search_term_string}"},"query-input":{"@type":"PropertyValueSpecification","valueRequired":true,"valueName":"search_term_string"}}],"inLanguage":"fr-FR"}]}},"_links":{"self":[{"href":"https:\/\/trevotech.com\/fr\/wp-json\/wp\/v2\/product\/4034","targetHints":{"allow":["GET"]}}],"collection":[{"href":"https:\/\/trevotech.com\/fr\/wp-json\/wp\/v2\/product"}],"about":[{"href":"https:\/\/trevotech.com\/fr\/wp-json\/wp\/v2\/types\/product"}],"replies":[{"embeddable":true,"href":"https:\/\/trevotech.com\/fr\/wp-json\/wp\/v2\/comments?post=4034"}],"wp:featuredmedia":[{"embeddable":true,"href":"https:\/\/trevotech.com\/fr\/wp-json\/wp\/v2\/media\/4035"}],"wp:attachment":[{"href":"https:\/\/trevotech.com\/fr\/wp-json\/wp\/v2\/media?parent=4034"}],"wp:term":[{"taxonomy":"product_brand","embeddable":true,"href":"https:\/\/trevotech.com\/fr\/wp-json\/wp\/v2\/product_brand?post=4034"},{"taxonomy":"product_cat","embeddable":true,"href":"https:\/\/trevotech.com\/fr\/wp-json\/wp\/v2\/product_cat?post=4034"},{"taxonomy":"product_tag","embeddable":true,"href":"https:\/\/trevotech.com\/fr\/wp-json\/wp\/v2\/product_tag?post=4034"}],"curies":[{"name":"wp","href":"https:\/\/api.w.org\/{rel}","templated":true}]}}