{"id":4040,"date":"2024-11-13T13:00:49","date_gmt":"2024-11-13T13:00:49","guid":{"rendered":"https:\/\/trevotech.com\/produto\/forklift-trucks\/"},"modified":"2025-08-05T14:31:40","modified_gmt":"2025-08-05T14:31:40","slug":"chariots-elevateurs","status":"publish","type":"product","link":"https:\/\/trevotech.com\/fr\/produto\/chariots-elevateurs\/","title":{"rendered":"Chariots \u00c9l\u00e9vateurs"},"content":{"rendered":"<p><span style=\"font-weight: 400;\">Les chariots \u00e9l\u00e9vateurs Linde Material Handling sont reconnus pour leur efficacit\u00e9, leur durabilit\u00e9 et leur polyvalence, s\u2019adaptant \u00e0 divers besoins op\u00e9rationnels gr\u00e2ce \u00e0 une gamme compl\u00e8te de mod\u00e8les diesel, gaz et \u00e9lectriques.<\/span><span style=\"font-weight: 400;\"><br \/>\n<\/span><span style=\"font-weight: 400;\">Con\u00e7us pour des applications intensives, ces chariots offrent des capacit\u00e9s de charge impressionnantes, allant de 1,2 \u00e0 18 tonnes, assurant ainsi une gestion ais\u00e9e aussi bien des t\u00e2ches l\u00e9g\u00e8res que des op\u00e9rations lourdes.<\/span><\/p>\n<p><span style=\"font-weight: 400;\">Avec des hauteurs de levage pouvant atteindre jusqu\u2019\u00e0 6 m\u00e8tres, les chariots Linde garantissent des performances exceptionnelles dans les environnements d\u2019entrep\u00f4ts et industriels, permettant une manipulation fluide et s\u00e9curis\u00e9e des marchandises \u00e0 diff\u00e9rents niveaux.<\/span><span style=\"font-weight: 400;\"><br \/>\n<\/span><span style=\"font-weight: 400;\">Les mod\u00e8les diesel et gaz sont id\u00e9aux pour les travaux ext\u00e9rieurs et les op\u00e9rations intensives, tandis que la gamme \u00e9lectrique constitue une solution \u00e9cologique pour une utilisation en int\u00e9rieur, alliant pr\u00e9cision de man\u0153uvre et r\u00e9duction des \u00e9missions.<\/span><\/p>\n<p><span style=\"font-weight: 400;\">Les chariots \u00e9l\u00e9vateurs Linde Material Handling sont reconnus pour leur efficacit\u00e9, leur durabilit\u00e9 et leur polyvalence, s\u2019adaptant \u00e0 divers besoins op\u00e9rationnels gr\u00e2ce \u00e0 une gamme compl\u00e8te de mod\u00e8les diesel, gaz et \u00e9lectriques.<\/span><span style=\"font-weight: 400;\"><br \/>\n<\/span><span style=\"font-weight: 400;\">Con\u00e7us pour des applications intensives, ces chariots offrent des capacit\u00e9s de charge impressionnantes, allant de 1,2 \u00e0 18 tonnes, assurant ainsi une gestion ais\u00e9e aussi bien des t\u00e2ches l\u00e9g\u00e8res que des op\u00e9rations lourdes.<\/span><\/p>\n<p><span style=\"font-weight: 400;\">Avec des hauteurs de levage pouvant atteindre jusqu\u2019\u00e0 6 m\u00e8tres, les chariots Linde garantissent des performances exceptionnelles dans les environnements d\u2019entrep\u00f4ts et industriels, permettant une manipulation fluide et s\u00e9curis\u00e9e des marchandises \u00e0 diff\u00e9rents niveaux.<\/span><span style=\"font-weight: 400;\"><br \/>\n<\/span><span style=\"font-weight: 400;\">Les mod\u00e8les diesel et gaz sont id\u00e9aux pour les travaux ext\u00e9rieurs et les op\u00e9rations intensives, tandis que la gamme \u00e9lectrique constitue une solution \u00e9cologique pour une utilisation en int\u00e9rieur, alliant pr\u00e9cision de man\u0153uvre et r\u00e9duction des \u00e9missions.<\/span><\/p>\n","protected":false},"excerpt":{"rendered":"<p><span style=\"font-weight: 400;\">Les chariots \u00e9l\u00e9vateurs Linde Material Handling sont reconnus pour leur efficacit\u00e9, leur durabilit\u00e9 et leur polyvalence, s\u2019adaptant \u00e0 divers besoins op\u00e9rationnels gr\u00e2ce \u00e0 une gamme compl\u00e8te de mod\u00e8les diesel, gaz et \u00e9lectriques.<\/span><span style=\"font-weight: 400;\"><br \/>\n<\/span><span style=\"font-weight: 400;\">Con\u00e7us pour des applications intensives, ces chariots offrent des capacit\u00e9s de charge impressionnantes, allant de 1,2 \u00e0 18 tonnes, assurant ainsi une gestion ais\u00e9e aussi bien des t\u00e2ches l\u00e9g\u00e8res que des op\u00e9rations lourdes.<\/span><\/p>\n<p><span style=\"font-weight: 400;\">Avec des hauteurs de levage pouvant atteindre jusqu\u2019\u00e0 6 m\u00e8tres, les chariots Linde garantissent des performances exceptionnelles dans les environnements d\u2019entrep\u00f4ts et industriels, permettant une manipulation fluide et s\u00e9curis\u00e9e des marchandises \u00e0 diff\u00e9rents niveaux.<\/span><span style=\"font-weight: 400;\"><br \/>\n<\/span><span style=\"font-weight: 400;\">Les mod\u00e8les diesel et gaz sont id\u00e9aux pour les travaux ext\u00e9rieurs et les op\u00e9rations intensives, tandis que la gamme \u00e9lectrique constitue une solution \u00e9cologique pour une utilisation en int\u00e9rieur, alliant pr\u00e9cision de man\u0153uvre et r\u00e9duction des \u00e9missions.<\/span><\/p>\n","protected":false},"featured_media":4041,"comment_status":"open","ping_status":"closed","template":"","meta":{"_acf_changed":false},"product_brand":[],"product_cat":[458],"product_tag":[],"class_list":{"0":"post-4040","1":"product","2":"type-product","3":"status-publish","4":"has-post-thumbnail","6":"product_cat-sem-categoria-fr","7":"setores-manutention","8":"setores-petrole-et-gaz","9":"marcas-linde","10":"tipo_produto-chariots-elevateurs","12":"first","13":"instock","14":"shipping-taxable","15":"product-type-simple"},"acf":[],"yoast_head":"<!-- This site is optimized with the Yoast SEO plugin v25.2 - https:\/\/yoast.com\/wordpress\/plugins\/seo\/ -->\n<title>Chariots \u00c9l\u00e9vateurs Linde - Trevotech Group<\/title>\n<meta name=\"description\" content=\"Les chariots \u00e9l\u00e9vateurs Linde Material Handling sont reconnus pour leur efficacit\u00e9, leur durabilit\u00e9 et leur polyvalence, s\u2019adaptant \u00e0 divers besoins...\" \/>\n<meta name=\"robots\" content=\"index, follow, max-snippet:-1, max-image-preview:large, max-video-preview:-1\" \/>\n<link rel=\"canonical\" href=\"https:\/\/trevotech.com\/fr\/produto\/chariots-elevateurs\/\" \/>\n<meta property=\"og:locale\" content=\"fr_FR\" \/>\n<meta property=\"og:type\" content=\"article\" \/>\n<meta property=\"og:title\" content=\"Chariots \u00c9l\u00e9vateurs Linde - Trevotech Group\" \/>\n<meta property=\"og:description\" content=\"Les chariots \u00e9l\u00e9vateurs Linde Material Handling sont reconnus pour leur efficacit\u00e9, leur durabilit\u00e9 et leur polyvalence, s\u2019adaptant \u00e0 divers besoins...\" \/>\n<meta property=\"og:url\" content=\"https:\/\/trevotech.com\/fr\/produto\/chariots-elevateurs\/\" \/>\n<meta property=\"og:site_name\" content=\"Trevotech Group\" \/>\n<meta property=\"article:modified_time\" content=\"2025-08-05T14:31:40+00:00\" \/>\n<meta property=\"og:image\" content=\"https:\/\/trevotech.com\/wp-content\/uploads\/2024\/10\/Linde_Empilhadores-a-Gas-Diesel-e-Electricos.webp\" \/>\n\t<meta property=\"og:image:width\" content=\"1000\" \/>\n\t<meta property=\"og:image:height\" content=\"1000\" \/>\n\t<meta property=\"og:image:type\" content=\"image\/webp\" \/>\n<meta name=\"twitter:card\" content=\"summary_large_image\" \/>\n<meta name=\"twitter:label1\" content=\"Dur\u00e9e de lecture estim\u00e9e\" \/>\n\t<meta name=\"twitter:data1\" content=\"2 minutes\" \/>\n<script type=\"application\/ld+json\" class=\"yoast-schema-graph\">{\"@context\":\"https:\/\/schema.org\",\"@graph\":[{\"@type\":\"WebPage\",\"@id\":\"https:\/\/trevotech.com\/fr\/produto\/chariots-elevateurs\/\",\"url\":\"https:\/\/trevotech.com\/fr\/produto\/chariots-elevateurs\/\",\"name\":\"Chariots \u00c9l\u00e9vateurs Linde - Trevotech Group\",\"isPartOf\":{\"@id\":\"https:\/\/trevotech.com\/fr\/#website\"},\"primaryImageOfPage\":{\"@id\":\"https:\/\/trevotech.com\/fr\/produto\/chariots-elevateurs\/#primaryimage\"},\"image\":{\"@id\":\"https:\/\/trevotech.com\/fr\/produto\/chariots-elevateurs\/#primaryimage\"},\"thumbnailUrl\":\"https:\/\/trevotech.com\/wp-content\/uploads\/2024\/10\/Linde_Empilhadores-a-Gas-Diesel-e-Electricos.webp\",\"datePublished\":\"2024-11-13T13:00:49+00:00\",\"dateModified\":\"2025-08-05T14:31:40+00:00\",\"description\":\"Les chariots \u00e9l\u00e9vateurs Linde Material Handling sont reconnus pour leur efficacit\u00e9, leur durabilit\u00e9 et leur polyvalence, s\u2019adaptant \u00e0 divers besoins...\",\"breadcrumb\":{\"@id\":\"https:\/\/trevotech.com\/fr\/produto\/chariots-elevateurs\/#breadcrumb\"},\"inLanguage\":\"fr-FR\",\"potentialAction\":[{\"@type\":\"ReadAction\",\"target\":[\"https:\/\/trevotech.com\/fr\/produto\/chariots-elevateurs\/\"]}]},{\"@type\":\"ImageObject\",\"inLanguage\":\"fr-FR\",\"@id\":\"https:\/\/trevotech.com\/fr\/produto\/chariots-elevateurs\/#primaryimage\",\"url\":\"https:\/\/trevotech.com\/wp-content\/uploads\/2024\/10\/Linde_Empilhadores-a-Gas-Diesel-e-Electricos.webp\",\"contentUrl\":\"https:\/\/trevotech.com\/wp-content\/uploads\/2024\/10\/Linde_Empilhadores-a-Gas-Diesel-e-Electricos.webp\",\"width\":1000,\"height\":1000,\"caption\":\"Gas Diesel and Electric Forklifts\"},{\"@type\":\"BreadcrumbList\",\"@id\":\"https:\/\/trevotech.com\/fr\/produto\/chariots-elevateurs\/#breadcrumb\",\"itemListElement\":[{\"@type\":\"ListItem\",\"position\":1,\"name\":\"In\u00edcio\",\"item\":\"https:\/\/trevotech.com\/fr\/\"},{\"@type\":\"ListItem\",\"position\":2,\"name\":\"Produits\",\"item\":\"https:\/\/trevotech.com\/fr\/shop\/\"},{\"@type\":\"ListItem\",\"position\":3,\"name\":\"Chariots \u00c9l\u00e9vateurs\"}]},{\"@type\":\"WebSite\",\"@id\":\"https:\/\/trevotech.com\/fr\/#website\",\"url\":\"https:\/\/trevotech.com\/fr\/\",\"name\":\"Trevotech Group\",\"description\":\"\",\"potentialAction\":[{\"@type\":\"SearchAction\",\"target\":{\"@type\":\"EntryPoint\",\"urlTemplate\":\"https:\/\/trevotech.com\/fr\/?s={search_term_string}\"},\"query-input\":{\"@type\":\"PropertyValueSpecification\",\"valueRequired\":true,\"valueName\":\"search_term_string\"}}],\"inLanguage\":\"fr-FR\"}]}<\/script>\n<!-- \/ Yoast SEO plugin. -->","yoast_head_json":{"title":"Chariots \u00c9l\u00e9vateurs Linde - Trevotech Group","description":"Les chariots \u00e9l\u00e9vateurs Linde Material Handling sont reconnus pour leur efficacit\u00e9, leur durabilit\u00e9 et leur polyvalence, s\u2019adaptant \u00e0 divers besoins...","robots":{"index":"index","follow":"follow","max-snippet":"max-snippet:-1","max-image-preview":"max-image-preview:large","max-video-preview":"max-video-preview:-1"},"canonical":"https:\/\/trevotech.com\/fr\/produto\/chariots-elevateurs\/","og_locale":"fr_FR","og_type":"article","og_title":"Chariots \u00c9l\u00e9vateurs Linde - Trevotech Group","og_description":"Les chariots \u00e9l\u00e9vateurs Linde Material Handling sont reconnus pour leur efficacit\u00e9, leur durabilit\u00e9 et leur polyvalence, s\u2019adaptant \u00e0 divers besoins...","og_url":"https:\/\/trevotech.com\/fr\/produto\/chariots-elevateurs\/","og_site_name":"Trevotech Group","article_modified_time":"2025-08-05T14:31:40+00:00","og_image":[{"width":1000,"height":1000,"url":"https:\/\/trevotech.com\/wp-content\/uploads\/2024\/10\/Linde_Empilhadores-a-Gas-Diesel-e-Electricos.webp","type":"image\/webp"}],"twitter_card":"summary_large_image","twitter_misc":{"Dur\u00e9e de lecture estim\u00e9e":"2 minutes"},"schema":{"@context":"https:\/\/schema.org","@graph":[{"@type":"WebPage","@id":"https:\/\/trevotech.com\/fr\/produto\/chariots-elevateurs\/","url":"https:\/\/trevotech.com\/fr\/produto\/chariots-elevateurs\/","name":"Chariots \u00c9l\u00e9vateurs Linde - Trevotech Group","isPartOf":{"@id":"https:\/\/trevotech.com\/fr\/#website"},"primaryImageOfPage":{"@id":"https:\/\/trevotech.com\/fr\/produto\/chariots-elevateurs\/#primaryimage"},"image":{"@id":"https:\/\/trevotech.com\/fr\/produto\/chariots-elevateurs\/#primaryimage"},"thumbnailUrl":"https:\/\/trevotech.com\/wp-content\/uploads\/2024\/10\/Linde_Empilhadores-a-Gas-Diesel-e-Electricos.webp","datePublished":"2024-11-13T13:00:49+00:00","dateModified":"2025-08-05T14:31:40+00:00","description":"Les chariots \u00e9l\u00e9vateurs Linde Material Handling sont reconnus pour leur efficacit\u00e9, leur durabilit\u00e9 et leur polyvalence, s\u2019adaptant \u00e0 divers besoins...","breadcrumb":{"@id":"https:\/\/trevotech.com\/fr\/produto\/chariots-elevateurs\/#breadcrumb"},"inLanguage":"fr-FR","potentialAction":[{"@type":"ReadAction","target":["https:\/\/trevotech.com\/fr\/produto\/chariots-elevateurs\/"]}]},{"@type":"ImageObject","inLanguage":"fr-FR","@id":"https:\/\/trevotech.com\/fr\/produto\/chariots-elevateurs\/#primaryimage","url":"https:\/\/trevotech.com\/wp-content\/uploads\/2024\/10\/Linde_Empilhadores-a-Gas-Diesel-e-Electricos.webp","contentUrl":"https:\/\/trevotech.com\/wp-content\/uploads\/2024\/10\/Linde_Empilhadores-a-Gas-Diesel-e-Electricos.webp","width":1000,"height":1000,"caption":"Gas Diesel and Electric Forklifts"},{"@type":"BreadcrumbList","@id":"https:\/\/trevotech.com\/fr\/produto\/chariots-elevateurs\/#breadcrumb","itemListElement":[{"@type":"ListItem","position":1,"name":"In\u00edcio","item":"https:\/\/trevotech.com\/fr\/"},{"@type":"ListItem","position":2,"name":"Produits","item":"https:\/\/trevotech.com\/fr\/shop\/"},{"@type":"ListItem","position":3,"name":"Chariots \u00c9l\u00e9vateurs"}]},{"@type":"WebSite","@id":"https:\/\/trevotech.com\/fr\/#website","url":"https:\/\/trevotech.com\/fr\/","name":"Trevotech Group","description":"","potentialAction":[{"@type":"SearchAction","target":{"@type":"EntryPoint","urlTemplate":"https:\/\/trevotech.com\/fr\/?s={search_term_string}"},"query-input":{"@type":"PropertyValueSpecification","valueRequired":true,"valueName":"search_term_string"}}],"inLanguage":"fr-FR"}]}},"_links":{"self":[{"href":"https:\/\/trevotech.com\/fr\/wp-json\/wp\/v2\/product\/4040","targetHints":{"allow":["GET"]}}],"collection":[{"href":"https:\/\/trevotech.com\/fr\/wp-json\/wp\/v2\/product"}],"about":[{"href":"https:\/\/trevotech.com\/fr\/wp-json\/wp\/v2\/types\/product"}],"replies":[{"embeddable":true,"href":"https:\/\/trevotech.com\/fr\/wp-json\/wp\/v2\/comments?post=4040"}],"wp:featuredmedia":[{"embeddable":true,"href":"https:\/\/trevotech.com\/fr\/wp-json\/wp\/v2\/media\/4041"}],"wp:attachment":[{"href":"https:\/\/trevotech.com\/fr\/wp-json\/wp\/v2\/media?parent=4040"}],"wp:term":[{"taxonomy":"product_brand","embeddable":true,"href":"https:\/\/trevotech.com\/fr\/wp-json\/wp\/v2\/product_brand?post=4040"},{"taxonomy":"product_cat","embeddable":true,"href":"https:\/\/trevotech.com\/fr\/wp-json\/wp\/v2\/product_cat?post=4040"},{"taxonomy":"product_tag","embeddable":true,"href":"https:\/\/trevotech.com\/fr\/wp-json\/wp\/v2\/product_tag?post=4040"}],"curies":[{"name":"wp","href":"https:\/\/api.w.org\/{rel}","templated":true}]}}