{"id":4043,"date":"2024-11-13T12:03:47","date_gmt":"2024-11-13T12:03:47","guid":{"rendered":"https:\/\/trevotech.com\/produto\/automated-trucks\/"},"modified":"2025-08-05T14:28:17","modified_gmt":"2025-08-05T14:28:17","slug":"chariots-elevateurs-automatises","status":"publish","type":"product","link":"https:\/\/trevotech.com\/fr\/produto\/chariots-elevateurs-automatises\/","title":{"rendered":"Chariots \u00c9l\u00e9vateurs Automatis\u00e9s"},"content":{"rendered":"<p><span style=\"font-weight: 400;\">Fonctionnement continu, intelligent et sans conducteur : les Chariots \u00c9l\u00e9vateurs Automatis\u00e9s repr\u00e9sentent l\u2019avenir de la gestion efficace des flux de mat\u00e9riaux. En prenant en charge des t\u00e2ches de transport r\u00e9p\u00e9titives et exigeantes, ces syst\u00e8mes permettent aux collaborateurs de se concentrer sur des activit\u00e9s \u00e0 plus forte valeur ajout\u00e9e, tout en am\u00e9liorant l\u2019efficacit\u00e9 de la manutention et en r\u00e9duisant les erreurs et les accidents dans les entrep\u00f4ts.<\/span><span style=\"font-weight: 400;\"><br \/>\n<\/span><span style=\"font-weight: 400;\">Avec sa s\u00e9rie innovante MATIC de chariots \u00e9l\u00e9vateurs \u00e9lectriques, transpalettes et tracteurs de remorquage, Linde Material Handling propose des solutions d\u2019automatisation hautement avanc\u00e9es. Tous les mod\u00e8les sont \u00e9quip\u00e9s d\u2019une technologie de navigation intelligente et de syst\u00e8mes de s\u00e9curit\u00e9 de derni\u00e8re g\u00e9n\u00e9ration, garantissant un fonctionnement autonome fiable. De plus, ils offrent la flexibilit\u00e9 d\u2019une utilisation manuelle gr\u00e2ce \u00e0 des commandes classiques, lorsque cela est n\u00e9cessaire.<\/span><\/p>\n<p><span style=\"font-weight: 400;\">Fonctionnement continu, intelligent et sans conducteur : Chariots \u00c9l\u00e9vateurs Automatis\u00e9s repr\u00e9sentent l\u2019avenir de la gestion efficace des flux de mat\u00e9riaux. En prenant en charge des t\u00e2ches de transport r\u00e9p\u00e9titives et exigeantes, ces syst\u00e8mes permettent aux collaborateurs de se concentrer sur des activit\u00e9s \u00e0 plus forte valeur ajout\u00e9e, tout en am\u00e9liorant l\u2019efficacit\u00e9 de la manutention et en r\u00e9duisant les erreurs et les accidents dans les entrep\u00f4ts.<\/span><span style=\"font-weight: 400;\"><br \/>\n<\/span><span style=\"font-weight: 400;\">Avec sa s\u00e9rie innovante MATIC de chariots \u00e9l\u00e9vateurs \u00e9lectriques, transpalettes et tracteurs de remorquage, Linde Material Handling propose des solutions d\u2019automatisation hautement avanc\u00e9es. Tous les mod\u00e8les sont \u00e9quip\u00e9s d\u2019une technologie de navigation intelligente et de syst\u00e8mes de s\u00e9curit\u00e9 de derni\u00e8re g\u00e9n\u00e9ration, garantissant un fonctionnement autonome fiable. De plus, ils offrent la flexibilit\u00e9 d\u2019une utilisation manuelle gr\u00e2ce \u00e0 des commandes classiques, lorsque cela est n\u00e9cessaire.<\/span><\/p>\n","protected":false},"excerpt":{"rendered":"<p><span style=\"font-weight: 400;\">Fonctionnement continu, intelligent et sans conducteur : les \u00e9quipements logistiques automatis\u00e9s repr\u00e9sentent l\u2019avenir de la gestion efficace des flux de mat\u00e9riaux. En prenant en charge des t\u00e2ches de transport r\u00e9p\u00e9titives et exigeantes, ces syst\u00e8mes permettent aux collaborateurs de se concentrer sur des activit\u00e9s \u00e0 plus forte valeur ajout\u00e9e, tout en am\u00e9liorant l\u2019efficacit\u00e9 de la manutention et en r\u00e9duisant les erreurs et les accidents dans les entrep\u00f4ts.<\/span><span style=\"font-weight: 400;\"><br \/>\n<\/span><span style=\"font-weight: 400;\">Avec sa s\u00e9rie innovante MATIC de chariots \u00e9l\u00e9vateurs \u00e9lectriques, transpalettes et tracteurs de remorquage, Linde Material Handling propose des solutions d\u2019automatisation hautement avanc\u00e9es. Tous les mod\u00e8les sont \u00e9quip\u00e9s d\u2019une technologie de navigation intelligente et de syst\u00e8mes de s\u00e9curit\u00e9 de derni\u00e8re g\u00e9n\u00e9ration, garantissant un fonctionnement autonome fiable. De plus, ils offrent la flexibilit\u00e9 d\u2019une utilisation manuelle gr\u00e2ce \u00e0 des commandes classiques, lorsque cela est n\u00e9cessaire.<\/span><\/p>\n","protected":false},"featured_media":4044,"comment_status":"open","ping_status":"closed","template":"","meta":{"_acf_changed":false},"product_brand":[],"product_cat":[458],"product_tag":[],"class_list":{"0":"post-4043","1":"product","2":"type-product","3":"status-publish","4":"has-post-thumbnail","6":"product_cat-sem-categoria-fr","7":"setores-manutention","8":"setores-petrole-et-gaz","9":"marcas-linde","10":"tipo_produto-chariots-elevateurs-automatises","12":"first","13":"instock","14":"shipping-taxable","15":"product-type-simple"},"acf":[],"yoast_head":"<!-- This site is optimized with the Yoast SEO plugin v25.2 - https:\/\/yoast.com\/wordpress\/plugins\/seo\/ -->\n<title>Chariots \u00c9l\u00e9vateurs Automatis\u00e9s Linde - Trevotech Group<\/title>\n<meta name=\"description\" content=\"Fonctionnement continu, intelligent et sans conducteur : les chariots \u00c9l\u00e9vateurs Automatis\u00e9s repr\u00e9sentent l\u2019avenir de la gestion efficace des...\" \/>\n<meta name=\"robots\" content=\"index, follow, max-snippet:-1, max-image-preview:large, max-video-preview:-1\" \/>\n<link rel=\"canonical\" href=\"https:\/\/trevotech.com\/fr\/produto\/chariots-elevateurs-automatises\/\" \/>\n<meta property=\"og:locale\" content=\"fr_FR\" \/>\n<meta property=\"og:type\" content=\"article\" \/>\n<meta property=\"og:title\" content=\"Chariots \u00c9l\u00e9vateurs Automatis\u00e9s Linde - Trevotech Group\" \/>\n<meta property=\"og:description\" content=\"Fonctionnement continu, intelligent et sans conducteur : les chariots \u00c9l\u00e9vateurs Automatis\u00e9s repr\u00e9sentent l\u2019avenir de la gestion efficace des...\" \/>\n<meta property=\"og:url\" content=\"https:\/\/trevotech.com\/fr\/produto\/chariots-elevateurs-automatises\/\" \/>\n<meta property=\"og:site_name\" content=\"Trevotech Group\" \/>\n<meta property=\"article:modified_time\" content=\"2025-08-05T14:28:17+00:00\" \/>\n<meta property=\"og:image\" content=\"https:\/\/trevotech.com\/wp-content\/uploads\/2024\/11\/image-30.webp\" \/>\n\t<meta property=\"og:image:width\" content=\"1000\" \/>\n\t<meta property=\"og:image:height\" content=\"1000\" \/>\n\t<meta property=\"og:image:type\" content=\"image\/webp\" \/>\n<meta name=\"twitter:card\" content=\"summary_large_image\" \/>\n<meta name=\"twitter:label1\" content=\"Dur\u00e9e de lecture estim\u00e9e\" \/>\n\t<meta name=\"twitter:data1\" content=\"2 minutes\" \/>\n<script type=\"application\/ld+json\" class=\"yoast-schema-graph\">{\"@context\":\"https:\/\/schema.org\",\"@graph\":[{\"@type\":\"WebPage\",\"@id\":\"https:\/\/trevotech.com\/fr\/produto\/chariots-elevateurs-automatises\/\",\"url\":\"https:\/\/trevotech.com\/fr\/produto\/chariots-elevateurs-automatises\/\",\"name\":\"Chariots \u00c9l\u00e9vateurs Automatis\u00e9s Linde - Trevotech Group\",\"isPartOf\":{\"@id\":\"https:\/\/trevotech.com\/fr\/#website\"},\"primaryImageOfPage\":{\"@id\":\"https:\/\/trevotech.com\/fr\/produto\/chariots-elevateurs-automatises\/#primaryimage\"},\"image\":{\"@id\":\"https:\/\/trevotech.com\/fr\/produto\/chariots-elevateurs-automatises\/#primaryimage\"},\"thumbnailUrl\":\"https:\/\/trevotech.com\/wp-content\/uploads\/2024\/11\/image-30.webp\",\"datePublished\":\"2024-11-13T12:03:47+00:00\",\"dateModified\":\"2025-08-05T14:28:17+00:00\",\"description\":\"Fonctionnement continu, intelligent et sans conducteur : les chariots \u00c9l\u00e9vateurs Automatis\u00e9s repr\u00e9sentent l\u2019avenir de la gestion efficace des...\",\"breadcrumb\":{\"@id\":\"https:\/\/trevotech.com\/fr\/produto\/chariots-elevateurs-automatises\/#breadcrumb\"},\"inLanguage\":\"fr-FR\",\"potentialAction\":[{\"@type\":\"ReadAction\",\"target\":[\"https:\/\/trevotech.com\/fr\/produto\/chariots-elevateurs-automatises\/\"]}]},{\"@type\":\"ImageObject\",\"inLanguage\":\"fr-FR\",\"@id\":\"https:\/\/trevotech.com\/fr\/produto\/chariots-elevateurs-automatises\/#primaryimage\",\"url\":\"https:\/\/trevotech.com\/wp-content\/uploads\/2024\/11\/image-30.webp\",\"contentUrl\":\"https:\/\/trevotech.com\/wp-content\/uploads\/2024\/11\/image-30.webp\",\"width\":1000,\"height\":1000,\"caption\":\"Automated & Self Driving Forklifts\"},{\"@type\":\"BreadcrumbList\",\"@id\":\"https:\/\/trevotech.com\/fr\/produto\/chariots-elevateurs-automatises\/#breadcrumb\",\"itemListElement\":[{\"@type\":\"ListItem\",\"position\":1,\"name\":\"In\u00edcio\",\"item\":\"https:\/\/trevotech.com\/fr\/\"},{\"@type\":\"ListItem\",\"position\":2,\"name\":\"Produits\",\"item\":\"https:\/\/trevotech.com\/fr\/shop\/\"},{\"@type\":\"ListItem\",\"position\":3,\"name\":\"Chariots \u00c9l\u00e9vateurs Automatis\u00e9s\"}]},{\"@type\":\"WebSite\",\"@id\":\"https:\/\/trevotech.com\/fr\/#website\",\"url\":\"https:\/\/trevotech.com\/fr\/\",\"name\":\"Trevotech Group\",\"description\":\"\",\"potentialAction\":[{\"@type\":\"SearchAction\",\"target\":{\"@type\":\"EntryPoint\",\"urlTemplate\":\"https:\/\/trevotech.com\/fr\/?s={search_term_string}\"},\"query-input\":{\"@type\":\"PropertyValueSpecification\",\"valueRequired\":true,\"valueName\":\"search_term_string\"}}],\"inLanguage\":\"fr-FR\"}]}<\/script>\n<!-- \/ Yoast SEO plugin. -->","yoast_head_json":{"title":"Chariots \u00c9l\u00e9vateurs Automatis\u00e9s Linde - Trevotech Group","description":"Fonctionnement continu, intelligent et sans conducteur : les chariots \u00c9l\u00e9vateurs Automatis\u00e9s repr\u00e9sentent l\u2019avenir de la gestion efficace des...","robots":{"index":"index","follow":"follow","max-snippet":"max-snippet:-1","max-image-preview":"max-image-preview:large","max-video-preview":"max-video-preview:-1"},"canonical":"https:\/\/trevotech.com\/fr\/produto\/chariots-elevateurs-automatises\/","og_locale":"fr_FR","og_type":"article","og_title":"Chariots \u00c9l\u00e9vateurs Automatis\u00e9s Linde - Trevotech Group","og_description":"Fonctionnement continu, intelligent et sans conducteur : les chariots \u00c9l\u00e9vateurs Automatis\u00e9s repr\u00e9sentent l\u2019avenir de la gestion efficace des...","og_url":"https:\/\/trevotech.com\/fr\/produto\/chariots-elevateurs-automatises\/","og_site_name":"Trevotech Group","article_modified_time":"2025-08-05T14:28:17+00:00","og_image":[{"width":1000,"height":1000,"url":"https:\/\/trevotech.com\/wp-content\/uploads\/2024\/11\/image-30.webp","type":"image\/webp"}],"twitter_card":"summary_large_image","twitter_misc":{"Dur\u00e9e de lecture estim\u00e9e":"2 minutes"},"schema":{"@context":"https:\/\/schema.org","@graph":[{"@type":"WebPage","@id":"https:\/\/trevotech.com\/fr\/produto\/chariots-elevateurs-automatises\/","url":"https:\/\/trevotech.com\/fr\/produto\/chariots-elevateurs-automatises\/","name":"Chariots \u00c9l\u00e9vateurs Automatis\u00e9s Linde - Trevotech Group","isPartOf":{"@id":"https:\/\/trevotech.com\/fr\/#website"},"primaryImageOfPage":{"@id":"https:\/\/trevotech.com\/fr\/produto\/chariots-elevateurs-automatises\/#primaryimage"},"image":{"@id":"https:\/\/trevotech.com\/fr\/produto\/chariots-elevateurs-automatises\/#primaryimage"},"thumbnailUrl":"https:\/\/trevotech.com\/wp-content\/uploads\/2024\/11\/image-30.webp","datePublished":"2024-11-13T12:03:47+00:00","dateModified":"2025-08-05T14:28:17+00:00","description":"Fonctionnement continu, intelligent et sans conducteur : les chariots \u00c9l\u00e9vateurs Automatis\u00e9s repr\u00e9sentent l\u2019avenir de la gestion efficace des...","breadcrumb":{"@id":"https:\/\/trevotech.com\/fr\/produto\/chariots-elevateurs-automatises\/#breadcrumb"},"inLanguage":"fr-FR","potentialAction":[{"@type":"ReadAction","target":["https:\/\/trevotech.com\/fr\/produto\/chariots-elevateurs-automatises\/"]}]},{"@type":"ImageObject","inLanguage":"fr-FR","@id":"https:\/\/trevotech.com\/fr\/produto\/chariots-elevateurs-automatises\/#primaryimage","url":"https:\/\/trevotech.com\/wp-content\/uploads\/2024\/11\/image-30.webp","contentUrl":"https:\/\/trevotech.com\/wp-content\/uploads\/2024\/11\/image-30.webp","width":1000,"height":1000,"caption":"Automated & Self Driving Forklifts"},{"@type":"BreadcrumbList","@id":"https:\/\/trevotech.com\/fr\/produto\/chariots-elevateurs-automatises\/#breadcrumb","itemListElement":[{"@type":"ListItem","position":1,"name":"In\u00edcio","item":"https:\/\/trevotech.com\/fr\/"},{"@type":"ListItem","position":2,"name":"Produits","item":"https:\/\/trevotech.com\/fr\/shop\/"},{"@type":"ListItem","position":3,"name":"Chariots \u00c9l\u00e9vateurs Automatis\u00e9s"}]},{"@type":"WebSite","@id":"https:\/\/trevotech.com\/fr\/#website","url":"https:\/\/trevotech.com\/fr\/","name":"Trevotech Group","description":"","potentialAction":[{"@type":"SearchAction","target":{"@type":"EntryPoint","urlTemplate":"https:\/\/trevotech.com\/fr\/?s={search_term_string}"},"query-input":{"@type":"PropertyValueSpecification","valueRequired":true,"valueName":"search_term_string"}}],"inLanguage":"fr-FR"}]}},"_links":{"self":[{"href":"https:\/\/trevotech.com\/fr\/wp-json\/wp\/v2\/product\/4043","targetHints":{"allow":["GET"]}}],"collection":[{"href":"https:\/\/trevotech.com\/fr\/wp-json\/wp\/v2\/product"}],"about":[{"href":"https:\/\/trevotech.com\/fr\/wp-json\/wp\/v2\/types\/product"}],"replies":[{"embeddable":true,"href":"https:\/\/trevotech.com\/fr\/wp-json\/wp\/v2\/comments?post=4043"}],"wp:featuredmedia":[{"embeddable":true,"href":"https:\/\/trevotech.com\/fr\/wp-json\/wp\/v2\/media\/4044"}],"wp:attachment":[{"href":"https:\/\/trevotech.com\/fr\/wp-json\/wp\/v2\/media?parent=4043"}],"wp:term":[{"taxonomy":"product_brand","embeddable":true,"href":"https:\/\/trevotech.com\/fr\/wp-json\/wp\/v2\/product_brand?post=4043"},{"taxonomy":"product_cat","embeddable":true,"href":"https:\/\/trevotech.com\/fr\/wp-json\/wp\/v2\/product_cat?post=4043"},{"taxonomy":"product_tag","embeddable":true,"href":"https:\/\/trevotech.com\/fr\/wp-json\/wp\/v2\/product_tag?post=4043"}],"curies":[{"name":"wp","href":"https:\/\/api.w.org\/{rel}","templated":true}]}}