{"id":4046,"date":"2024-11-13T11:40:23","date_gmt":"2024-11-13T11:40:23","guid":{"rendered":"https:\/\/trevotech.com\/produto\/heavy-duty-forklifts\/"},"modified":"2025-08-05T14:38:09","modified_gmt":"2025-08-05T14:38:09","slug":"chariots-elevateurs-grande-capacite","status":"publish","type":"product","link":"https:\/\/trevotech.com\/fr\/produto\/chariots-elevateurs-grande-capacite\/","title":{"rendered":"Chariots \u00c9l\u00e9vateurs Grande capacit\u00e9"},"content":{"rendered":"<p><span style=\"font-weight: 400;\">Les Chariots \u00c9l\u00e9vateurs Grande capacit\u00e9 de Linde Material Handling sont des solutions robustes et polyvalentes pour les travaux n\u00e9cessitant un acc\u00e8s en hauteur, en toute s\u00e9curit\u00e9 et efficacit\u00e9.<\/span><span style=\"font-weight: 400;\"><br \/>\n<\/span><span style=\"font-weight: 400;\">Avec des capacit\u00e9s de charge allant jusqu\u2019\u00e0 2 tonnes et des hauteurs de levage atteignant 14 m\u00e8tres, elles sont id\u00e9ales pour les op\u00e9rations en entrep\u00f4ts, centres logistiques et installations industrielles.<\/span><\/p>\n<p><span style=\"font-weight: 400;\">Dot\u00e9es de m\u00e2ts \u00e0 haute stabilit\u00e9 et de syst\u00e8mes de commande avanc\u00e9s, elles assurent des mouvements pr\u00e9cis et s\u00e9curis\u00e9s, m\u00eame \u00e0 de grandes hauteurs.<\/span><span style=\"font-weight: 400;\"><br \/>\n<\/span><span style=\"font-weight: 400;\">Leur conception ergonomique met l\u2019accent sur le confort de l\u2019op\u00e9rateur, avec des plateformes spacieuses, des commandes intuitives et des dispositifs anti-vibration.<\/span><span style=\"font-weight: 400;\"><br \/>\n<\/span><span style=\"font-weight: 400;\">Des fonctions suppl\u00e9mentaires comme les capteurs de s\u00e9curit\u00e9, les freins automatiques et les options de guidage automatique renforcent la productivit\u00e9 et la protection.<\/span><span style=\"font-weight: 400;\"><br \/>\n<\/span><span style=\"font-weight: 400;\">Aliment\u00e9es par des moteurs \u00e9lectriques performants, ces plates-formes allient puissance, respect de l\u2019environnement et fiabilit\u00e9, faisant d\u2019elles une solution de choix pour les travaux de levage en hauteur.<\/span><\/p>\n<p><span style=\"font-weight: 400;\">Les Chariots \u00c9l\u00e9vateurs Grande capacit\u00e9 de Linde Material Handling sont des solutions robustes et polyvalentes pour les travaux n\u00e9cessitant un acc\u00e8s en hauteur, en toute s\u00e9curit\u00e9 et efficacit\u00e9.<\/span><span style=\"font-weight: 400;\"><br \/>\n<\/span><span style=\"font-weight: 400;\">Avec des capacit\u00e9s de charge allant jusqu\u2019\u00e0 2 tonnes et des hauteurs de levage atteignant 14 m\u00e8tres, elles sont id\u00e9ales pour les op\u00e9rations en entrep\u00f4ts, centres logistiques et installations industrielles.<\/span><\/p>\n<p><span style=\"font-weight: 400;\">Dot\u00e9es de m\u00e2ts \u00e0 haute stabilit\u00e9 et de syst\u00e8mes de commande avanc\u00e9s, elles assurent des mouvements pr\u00e9cis et s\u00e9curis\u00e9s, m\u00eame \u00e0 de grandes hauteurs.<\/span><span style=\"font-weight: 400;\"><br \/>\n<\/span><span style=\"font-weight: 400;\">Leur conception ergonomique met l\u2019accent sur le confort de l\u2019op\u00e9rateur, avec des plateformes spacieuses, des commandes intuitives et des dispositifs anti-vibration.<\/span><span style=\"font-weight: 400;\"><br \/>\n<\/span><span style=\"font-weight: 400;\">Des fonctions suppl\u00e9mentaires comme les capteurs de s\u00e9curit\u00e9, les freins automatiques et les options de guidage automatique renforcent la productivit\u00e9 et la protection.<\/span><span style=\"font-weight: 400;\"><br \/>\n<\/span><span style=\"font-weight: 400;\">Aliment\u00e9es par des moteurs \u00e9lectriques performants, ces plates-formes allient puissance, respect de l\u2019environnement et fiabilit\u00e9, faisant d\u2019elles une solution de choix pour les travaux de levage en hauteur.<\/span><\/p>\n","protected":false},"excerpt":{"rendered":"<p><span style=\"font-weight: 400;\">Les Chariots \u00c9l\u00e9vateurs Grande capacit\u00e9 de Linde Material Handling sont des solutions robustes et polyvalentes pour les travaux n\u00e9cessitant un acc\u00e8s en hauteur, en toute s\u00e9curit\u00e9 et efficacit\u00e9.<\/span><span style=\"font-weight: 400;\"><br \/>\n<\/span><span style=\"font-weight: 400;\">Avec des capacit\u00e9s de charge allant jusqu\u2019\u00e0 2 tonnes et des hauteurs de levage atteignant 14 m\u00e8tres, elles sont id\u00e9ales pour les op\u00e9rations en entrep\u00f4ts, centres logistiques et installations industrielles.<\/span><\/p>\n<p><span style=\"font-weight: 400;\">Dot\u00e9es de m\u00e2ts \u00e0 haute stabilit\u00e9 et de syst\u00e8mes de commande avanc\u00e9s, elles assurent des mouvements pr\u00e9cis et s\u00e9curis\u00e9s, m\u00eame \u00e0 de grandes hauteurs.<\/span><span style=\"font-weight: 400;\"><br \/>\n<\/span><span style=\"font-weight: 400;\">Leur conception ergonomique met l\u2019accent sur le confort de l\u2019op\u00e9rateur, avec des plateformes spacieuses, des commandes intuitives et des dispositifs anti-vibration.<\/span><span style=\"font-weight: 400;\"><br \/>\n<\/span><span style=\"font-weight: 400;\">Des fonctions suppl\u00e9mentaires comme les capteurs de s\u00e9curit\u00e9, les freins automatiques et les options de guidage automatique renforcent la productivit\u00e9 et la protection.<\/span><span style=\"font-weight: 400;\"><br \/>\n<\/span><span style=\"font-weight: 400;\">Aliment\u00e9es par des moteurs \u00e9lectriques performants, ces plates-formes allient puissance, respect de l\u2019environnement et fiabilit\u00e9, faisant d\u2019elles une solution de choix pour les travaux de levage en hauteur.<\/span><\/p>\n","protected":false},"featured_media":4047,"comment_status":"open","ping_status":"closed","template":"","meta":{"_acf_changed":false},"product_brand":[],"product_cat":[458],"product_tag":[],"class_list":{"0":"post-4046","1":"product","2":"type-product","3":"status-publish","4":"has-post-thumbnail","6":"product_cat-sem-categoria-fr","7":"setores-manutention","8":"setores-petrole-et-gaz","9":"marcas-linde","10":"tipo_produto-chariots-elevateurs-grande-capacite","12":"first","13":"instock","14":"shipping-taxable","15":"product-type-simple"},"acf":[],"yoast_head":"<!-- This site is optimized with the Yoast SEO plugin v25.2 - https:\/\/yoast.com\/wordpress\/plugins\/seo\/ -->\n<title>Chariots \u00c9l\u00e9vateurs Grande capacit\u00e9 Linde - Trevotech Group<\/title>\n<meta name=\"description\" content=\"Les Chariots \u00c9l\u00e9vateurs Grande capacit\u00e9 de Linde Material Handling sont des solutions robustes et polyvalentes pour les travaux n\u00e9cessitant un...\" \/>\n<meta name=\"robots\" content=\"index, follow, max-snippet:-1, max-image-preview:large, max-video-preview:-1\" \/>\n<link rel=\"canonical\" href=\"https:\/\/trevotech.com\/fr\/produto\/chariots-elevateurs-grande-capacite\/\" \/>\n<meta property=\"og:locale\" content=\"fr_FR\" \/>\n<meta property=\"og:type\" content=\"article\" \/>\n<meta property=\"og:title\" content=\"Chariots \u00c9l\u00e9vateurs Grande capacit\u00e9 Linde - Trevotech Group\" \/>\n<meta property=\"og:description\" content=\"Les Chariots \u00c9l\u00e9vateurs Grande capacit\u00e9 de Linde Material Handling sont des solutions robustes et polyvalentes pour les travaux n\u00e9cessitant un...\" \/>\n<meta property=\"og:url\" content=\"https:\/\/trevotech.com\/fr\/produto\/chariots-elevateurs-grande-capacite\/\" \/>\n<meta property=\"og:site_name\" content=\"Trevotech Group\" \/>\n<meta property=\"article:modified_time\" content=\"2025-08-05T14:38:09+00:00\" \/>\n<meta property=\"og:image\" content=\"https:\/\/trevotech.com\/wp-content\/uploads\/2024\/10\/Linde_Empilhadores-Contrapesados.webp\" \/>\n\t<meta property=\"og:image:width\" content=\"1000\" \/>\n\t<meta property=\"og:image:height\" content=\"1000\" \/>\n\t<meta property=\"og:image:type\" content=\"image\/webp\" \/>\n<meta name=\"twitter:card\" content=\"summary_large_image\" \/>\n<meta name=\"twitter:label1\" content=\"Dur\u00e9e de lecture estim\u00e9e\" \/>\n\t<meta name=\"twitter:data1\" content=\"2 minutes\" \/>\n<script type=\"application\/ld+json\" class=\"yoast-schema-graph\">{\"@context\":\"https:\/\/schema.org\",\"@graph\":[{\"@type\":\"WebPage\",\"@id\":\"https:\/\/trevotech.com\/fr\/produto\/chariots-elevateurs-grande-capacite\/\",\"url\":\"https:\/\/trevotech.com\/fr\/produto\/chariots-elevateurs-grande-capacite\/\",\"name\":\"Chariots \u00c9l\u00e9vateurs Grande capacit\u00e9 Linde - Trevotech Group\",\"isPartOf\":{\"@id\":\"https:\/\/trevotech.com\/fr\/#website\"},\"primaryImageOfPage\":{\"@id\":\"https:\/\/trevotech.com\/fr\/produto\/chariots-elevateurs-grande-capacite\/#primaryimage\"},\"image\":{\"@id\":\"https:\/\/trevotech.com\/fr\/produto\/chariots-elevateurs-grande-capacite\/#primaryimage\"},\"thumbnailUrl\":\"https:\/\/trevotech.com\/wp-content\/uploads\/2024\/10\/Linde_Empilhadores-Contrapesados.webp\",\"datePublished\":\"2024-11-13T11:40:23+00:00\",\"dateModified\":\"2025-08-05T14:38:09+00:00\",\"description\":\"Les Chariots \u00c9l\u00e9vateurs Grande capacit\u00e9 de Linde Material Handling sont des solutions robustes et polyvalentes pour les travaux n\u00e9cessitant un...\",\"breadcrumb\":{\"@id\":\"https:\/\/trevotech.com\/fr\/produto\/chariots-elevateurs-grande-capacite\/#breadcrumb\"},\"inLanguage\":\"fr-FR\",\"potentialAction\":[{\"@type\":\"ReadAction\",\"target\":[\"https:\/\/trevotech.com\/fr\/produto\/chariots-elevateurs-grande-capacite\/\"]}]},{\"@type\":\"ImageObject\",\"inLanguage\":\"fr-FR\",\"@id\":\"https:\/\/trevotech.com\/fr\/produto\/chariots-elevateurs-grande-capacite\/#primaryimage\",\"url\":\"https:\/\/trevotech.com\/wp-content\/uploads\/2024\/10\/Linde_Empilhadores-Contrapesados.webp\",\"contentUrl\":\"https:\/\/trevotech.com\/wp-content\/uploads\/2024\/10\/Linde_Empilhadores-Contrapesados.webp\",\"width\":1000,\"height\":1000,\"caption\":\"Heavy Duty Forklifts\"},{\"@type\":\"BreadcrumbList\",\"@id\":\"https:\/\/trevotech.com\/fr\/produto\/chariots-elevateurs-grande-capacite\/#breadcrumb\",\"itemListElement\":[{\"@type\":\"ListItem\",\"position\":1,\"name\":\"In\u00edcio\",\"item\":\"https:\/\/trevotech.com\/fr\/\"},{\"@type\":\"ListItem\",\"position\":2,\"name\":\"Produits\",\"item\":\"https:\/\/trevotech.com\/fr\/shop\/\"},{\"@type\":\"ListItem\",\"position\":3,\"name\":\"Chariots \u00c9l\u00e9vateurs Grande capacit\u00e9\"}]},{\"@type\":\"WebSite\",\"@id\":\"https:\/\/trevotech.com\/fr\/#website\",\"url\":\"https:\/\/trevotech.com\/fr\/\",\"name\":\"Trevotech Group\",\"description\":\"\",\"potentialAction\":[{\"@type\":\"SearchAction\",\"target\":{\"@type\":\"EntryPoint\",\"urlTemplate\":\"https:\/\/trevotech.com\/fr\/?s={search_term_string}\"},\"query-input\":{\"@type\":\"PropertyValueSpecification\",\"valueRequired\":true,\"valueName\":\"search_term_string\"}}],\"inLanguage\":\"fr-FR\"}]}<\/script>\n<!-- \/ Yoast SEO plugin. -->","yoast_head_json":{"title":"Chariots \u00c9l\u00e9vateurs Grande capacit\u00e9 Linde - Trevotech Group","description":"Les Chariots \u00c9l\u00e9vateurs Grande capacit\u00e9 de Linde Material Handling sont des solutions robustes et polyvalentes pour les travaux n\u00e9cessitant un...","robots":{"index":"index","follow":"follow","max-snippet":"max-snippet:-1","max-image-preview":"max-image-preview:large","max-video-preview":"max-video-preview:-1"},"canonical":"https:\/\/trevotech.com\/fr\/produto\/chariots-elevateurs-grande-capacite\/","og_locale":"fr_FR","og_type":"article","og_title":"Chariots \u00c9l\u00e9vateurs Grande capacit\u00e9 Linde - Trevotech Group","og_description":"Les Chariots \u00c9l\u00e9vateurs Grande capacit\u00e9 de Linde Material Handling sont des solutions robustes et polyvalentes pour les travaux n\u00e9cessitant un...","og_url":"https:\/\/trevotech.com\/fr\/produto\/chariots-elevateurs-grande-capacite\/","og_site_name":"Trevotech Group","article_modified_time":"2025-08-05T14:38:09+00:00","og_image":[{"width":1000,"height":1000,"url":"https:\/\/trevotech.com\/wp-content\/uploads\/2024\/10\/Linde_Empilhadores-Contrapesados.webp","type":"image\/webp"}],"twitter_card":"summary_large_image","twitter_misc":{"Dur\u00e9e de lecture estim\u00e9e":"2 minutes"},"schema":{"@context":"https:\/\/schema.org","@graph":[{"@type":"WebPage","@id":"https:\/\/trevotech.com\/fr\/produto\/chariots-elevateurs-grande-capacite\/","url":"https:\/\/trevotech.com\/fr\/produto\/chariots-elevateurs-grande-capacite\/","name":"Chariots \u00c9l\u00e9vateurs Grande capacit\u00e9 Linde - Trevotech Group","isPartOf":{"@id":"https:\/\/trevotech.com\/fr\/#website"},"primaryImageOfPage":{"@id":"https:\/\/trevotech.com\/fr\/produto\/chariots-elevateurs-grande-capacite\/#primaryimage"},"image":{"@id":"https:\/\/trevotech.com\/fr\/produto\/chariots-elevateurs-grande-capacite\/#primaryimage"},"thumbnailUrl":"https:\/\/trevotech.com\/wp-content\/uploads\/2024\/10\/Linde_Empilhadores-Contrapesados.webp","datePublished":"2024-11-13T11:40:23+00:00","dateModified":"2025-08-05T14:38:09+00:00","description":"Les Chariots \u00c9l\u00e9vateurs Grande capacit\u00e9 de Linde Material Handling sont des solutions robustes et polyvalentes pour les travaux n\u00e9cessitant un...","breadcrumb":{"@id":"https:\/\/trevotech.com\/fr\/produto\/chariots-elevateurs-grande-capacite\/#breadcrumb"},"inLanguage":"fr-FR","potentialAction":[{"@type":"ReadAction","target":["https:\/\/trevotech.com\/fr\/produto\/chariots-elevateurs-grande-capacite\/"]}]},{"@type":"ImageObject","inLanguage":"fr-FR","@id":"https:\/\/trevotech.com\/fr\/produto\/chariots-elevateurs-grande-capacite\/#primaryimage","url":"https:\/\/trevotech.com\/wp-content\/uploads\/2024\/10\/Linde_Empilhadores-Contrapesados.webp","contentUrl":"https:\/\/trevotech.com\/wp-content\/uploads\/2024\/10\/Linde_Empilhadores-Contrapesados.webp","width":1000,"height":1000,"caption":"Heavy Duty Forklifts"},{"@type":"BreadcrumbList","@id":"https:\/\/trevotech.com\/fr\/produto\/chariots-elevateurs-grande-capacite\/#breadcrumb","itemListElement":[{"@type":"ListItem","position":1,"name":"In\u00edcio","item":"https:\/\/trevotech.com\/fr\/"},{"@type":"ListItem","position":2,"name":"Produits","item":"https:\/\/trevotech.com\/fr\/shop\/"},{"@type":"ListItem","position":3,"name":"Chariots \u00c9l\u00e9vateurs Grande capacit\u00e9"}]},{"@type":"WebSite","@id":"https:\/\/trevotech.com\/fr\/#website","url":"https:\/\/trevotech.com\/fr\/","name":"Trevotech Group","description":"","potentialAction":[{"@type":"SearchAction","target":{"@type":"EntryPoint","urlTemplate":"https:\/\/trevotech.com\/fr\/?s={search_term_string}"},"query-input":{"@type":"PropertyValueSpecification","valueRequired":true,"valueName":"search_term_string"}}],"inLanguage":"fr-FR"}]}},"_links":{"self":[{"href":"https:\/\/trevotech.com\/fr\/wp-json\/wp\/v2\/product\/4046","targetHints":{"allow":["GET"]}}],"collection":[{"href":"https:\/\/trevotech.com\/fr\/wp-json\/wp\/v2\/product"}],"about":[{"href":"https:\/\/trevotech.com\/fr\/wp-json\/wp\/v2\/types\/product"}],"replies":[{"embeddable":true,"href":"https:\/\/trevotech.com\/fr\/wp-json\/wp\/v2\/comments?post=4046"}],"wp:featuredmedia":[{"embeddable":true,"href":"https:\/\/trevotech.com\/fr\/wp-json\/wp\/v2\/media\/4047"}],"wp:attachment":[{"href":"https:\/\/trevotech.com\/fr\/wp-json\/wp\/v2\/media?parent=4046"}],"wp:term":[{"taxonomy":"product_brand","embeddable":true,"href":"https:\/\/trevotech.com\/fr\/wp-json\/wp\/v2\/product_brand?post=4046"},{"taxonomy":"product_cat","embeddable":true,"href":"https:\/\/trevotech.com\/fr\/wp-json\/wp\/v2\/product_cat?post=4046"},{"taxonomy":"product_tag","embeddable":true,"href":"https:\/\/trevotech.com\/fr\/wp-json\/wp\/v2\/product_tag?post=4046"}],"curies":[{"name":"wp","href":"https:\/\/api.w.org\/{rel}","templated":true}]}}