{"id":4051,"date":"2024-11-08T10:09:15","date_gmt":"2024-11-08T10:09:15","guid":{"rendered":"https:\/\/trevotech.com\/produto\/mazda-cx-5\/"},"modified":"2025-08-05T14:54:30","modified_gmt":"2025-08-05T14:54:30","slug":"mazda-cx-5","status":"publish","type":"product","link":"https:\/\/trevotech.com\/fr\/produto\/mazda-cx-5\/","title":{"rendered":"Mazda CX-5"},"content":{"rendered":"<p><span style=\"font-weight: 400;\">Mazda est une marque automobile japonaise connue pour allier design sophistiqu\u00e9, technologie innovante et plaisir de conduite. Guid\u00e9e par sa philosophie Kodo \u2013 \u00ab L\u2019\u00e2me du mouvement \u00bb, Mazda cr\u00e9e des v\u00e9hicules au style affirm\u00e9 et aux performances dynamiques et efficientes.<\/span><span style=\"font-weight: 400;\"><br \/>\n<\/span><span style=\"font-weight: 400;\">Le Mazda CX-5 incarne parfaitement cette vision. Ce SUV de taille moyenne offre un \u00e9quilibre id\u00e9al entre espace, confort et agilit\u00e9. Gr\u00e2ce \u00e0 la technologie Skyactiv, le CX-5 assure une conduite puissante et \u00e9conomique, tandis que les syst\u00e8mes de s\u00e9curit\u00e9 avanc\u00e9s, tels que l\u2019i-Activsense, garantissent une tranquillit\u00e9 d\u2019esprit \u00e0 chaque trajet. Dot\u00e9 d\u2019un int\u00e9rieur premium, d\u2019une connectivit\u00e9 de pointe et d\u2019un design ext\u00e9rieur audacieux, le Mazda CX-5 est le choix id\u00e9al pour les familles et les aventuriers \u00e0 la recherche d\u2019un v\u00e9hicule alliant style et fonctionnalit\u00e9 sans compromis.<\/span><\/p>\n<p><span style=\"font-weight: 400;\"><a href=\"https:\/\/trevotech.com\/fr\/marques\/mazda-fr\/\">Mazda<\/a> est une marque automobile japonaise connue pour allier design sophistiqu\u00e9, technologie innovante et plaisir de conduite. Guid\u00e9e par sa philosophie Kodo \u2013 \u00ab L\u2019\u00e2me du mouvement \u00bb, Mazda cr\u00e9e des v\u00e9hicules au style affirm\u00e9 et aux performances dynamiques et efficientes.<\/span><span style=\"font-weight: 400;\"><br \/>\n<\/span><span style=\"font-weight: 400;\">Le Mazda CX-5 incarne parfaitement cette vision. Ce SUV de taille moyenne offre un \u00e9quilibre id\u00e9al entre espace, confort et agilit\u00e9. Gr\u00e2ce \u00e0 la technologie Skyactiv, le CX-5 assure une conduite puissante et \u00e9conomique, tandis que les syst\u00e8mes de s\u00e9curit\u00e9 avanc\u00e9s, tels que l\u2019i-Activsense, garantissent une tranquillit\u00e9 d\u2019esprit \u00e0 chaque trajet. Dot\u00e9 d\u2019un int\u00e9rieur premium, d\u2019une connectivit\u00e9 de pointe et d\u2019un design ext\u00e9rieur audacieux, le Mazda CX-5 est le choix id\u00e9al pour les familles et les aventuriers \u00e0 la recherche d\u2019un v\u00e9hicule alliant style et fonctionnalit\u00e9 sans compromis.<\/span><\/p>\n<p>&nbsp;<\/p>\n","protected":false},"excerpt":{"rendered":"<p><span style=\"font-weight: 400;\">Mazda CX-5 est une marque automobile japonaise connue pour allier design sophistiqu\u00e9, technologie innovante et plaisir de conduite. Guid\u00e9e par sa philosophie Kodo \u2013 \u00ab L\u2019\u00e2me du mouvement \u00bb, Mazda cr\u00e9e des v\u00e9hicules au style affirm\u00e9 et aux performances dynamiques et efficientes.<\/span><span style=\"font-weight: 400;\"><br \/>\n<\/span><span style=\"font-weight: 400;\">Le Mazda CX-5 incarne parfaitement cette vision. Ce SUV de taille moyenne offre un \u00e9quilibre id\u00e9al entre espace, confort et agilit\u00e9. Gr\u00e2ce \u00e0 la technologie Skyactiv, le CX-5 assure une conduite puissante et \u00e9conomique, tandis que les syst\u00e8mes de s\u00e9curit\u00e9 avanc\u00e9s, tels que l\u2019i-Activsense, garantissent une tranquillit\u00e9 d\u2019esprit \u00e0 chaque trajet. Dot\u00e9 d\u2019un int\u00e9rieur premium, d\u2019une connectivit\u00e9 de pointe et d\u2019un design ext\u00e9rieur audacieux, le Mazda CX-5 est le choix id\u00e9al pour les familles et les aventuriers \u00e0 la recherche d\u2019un v\u00e9hicule alliant style et fonctionnalit\u00e9 sans compromis.<\/span><\/p>\n","protected":false},"featured_media":4052,"comment_status":"open","ping_status":"closed","template":"","meta":{"_acf_changed":false},"product_brand":[],"product_cat":[458],"product_tag":[],"class_list":{"0":"post-4051","1":"product","2":"type-product","3":"status-publish","4":"has-post-thumbnail","6":"product_cat-sem-categoria-fr","7":"setores-automobile","8":"setores-transport-et-logistique","9":"marcas-mazda","10":"tipo_produto-mazda-cx-5-fr","12":"first","13":"instock","14":"shipping-taxable","15":"product-type-simple"},"acf":[],"yoast_head":"<!-- This site is optimized with the Yoast SEO plugin v25.2 - https:\/\/yoast.com\/wordpress\/plugins\/seo\/ -->\n<title>Mazda CX-5 - Trevotech Group<\/title>\n<meta name=\"description\" content=\"Mazda CX-5 est une marque automobile japonaise connue pour allier design sophistiqu\u00e9, technologie innovante et plaisir de conduite. Guid\u00e9e par...\" \/>\n<meta name=\"robots\" content=\"index, follow, max-snippet:-1, max-image-preview:large, max-video-preview:-1\" \/>\n<link rel=\"canonical\" href=\"https:\/\/trevotech.com\/fr\/produto\/mazda-cx-5\/\" \/>\n<meta property=\"og:locale\" content=\"fr_FR\" \/>\n<meta property=\"og:type\" content=\"article\" \/>\n<meta property=\"og:title\" content=\"Mazda CX-5 - Trevotech Group\" \/>\n<meta property=\"og:description\" content=\"Mazda CX-5 est une marque automobile japonaise connue pour allier design sophistiqu\u00e9, technologie innovante et plaisir de conduite. Guid\u00e9e par...\" \/>\n<meta property=\"og:url\" content=\"https:\/\/trevotech.com\/fr\/produto\/mazda-cx-5\/\" \/>\n<meta property=\"og:site_name\" content=\"Trevotech Group\" \/>\n<meta property=\"article:modified_time\" content=\"2025-08-05T14:54:30+00:00\" \/>\n<meta property=\"og:image\" content=\"https:\/\/trevotech.com\/wp-content\/uploads\/2024\/11\/mazda-03.webp\" \/>\n\t<meta property=\"og:image:width\" content=\"1000\" \/>\n\t<meta property=\"og:image:height\" content=\"1000\" \/>\n\t<meta property=\"og:image:type\" content=\"image\/webp\" \/>\n<meta name=\"twitter:card\" content=\"summary_large_image\" \/>\n<meta name=\"twitter:label1\" content=\"Dur\u00e9e de lecture estim\u00e9e\" \/>\n\t<meta name=\"twitter:data1\" content=\"2 minutes\" \/>\n<script type=\"application\/ld+json\" class=\"yoast-schema-graph\">{\"@context\":\"https:\/\/schema.org\",\"@graph\":[{\"@type\":\"WebPage\",\"@id\":\"https:\/\/trevotech.com\/fr\/produto\/mazda-cx-5\/\",\"url\":\"https:\/\/trevotech.com\/fr\/produto\/mazda-cx-5\/\",\"name\":\"Mazda CX-5 - Trevotech Group\",\"isPartOf\":{\"@id\":\"https:\/\/trevotech.com\/fr\/#website\"},\"primaryImageOfPage\":{\"@id\":\"https:\/\/trevotech.com\/fr\/produto\/mazda-cx-5\/#primaryimage\"},\"image\":{\"@id\":\"https:\/\/trevotech.com\/fr\/produto\/mazda-cx-5\/#primaryimage\"},\"thumbnailUrl\":\"https:\/\/trevotech.com\/wp-content\/uploads\/2024\/11\/mazda-03.webp\",\"datePublished\":\"2024-11-08T10:09:15+00:00\",\"dateModified\":\"2025-08-05T14:54:30+00:00\",\"description\":\"Mazda CX-5 est une marque automobile japonaise connue pour allier design sophistiqu\u00e9, technologie innovante et plaisir de conduite. Guid\u00e9e par...\",\"breadcrumb\":{\"@id\":\"https:\/\/trevotech.com\/fr\/produto\/mazda-cx-5\/#breadcrumb\"},\"inLanguage\":\"fr-FR\",\"potentialAction\":[{\"@type\":\"ReadAction\",\"target\":[\"https:\/\/trevotech.com\/fr\/produto\/mazda-cx-5\/\"]}]},{\"@type\":\"ImageObject\",\"inLanguage\":\"fr-FR\",\"@id\":\"https:\/\/trevotech.com\/fr\/produto\/mazda-cx-5\/#primaryimage\",\"url\":\"https:\/\/trevotech.com\/wp-content\/uploads\/2024\/11\/mazda-03.webp\",\"contentUrl\":\"https:\/\/trevotech.com\/wp-content\/uploads\/2024\/11\/mazda-03.webp\",\"width\":1000,\"height\":1000,\"caption\":\"Mazda CX-5\"},{\"@type\":\"BreadcrumbList\",\"@id\":\"https:\/\/trevotech.com\/fr\/produto\/mazda-cx-5\/#breadcrumb\",\"itemListElement\":[{\"@type\":\"ListItem\",\"position\":1,\"name\":\"In\u00edcio\",\"item\":\"https:\/\/trevotech.com\/fr\/\"},{\"@type\":\"ListItem\",\"position\":2,\"name\":\"Produits\",\"item\":\"https:\/\/trevotech.com\/fr\/shop\/\"},{\"@type\":\"ListItem\",\"position\":3,\"name\":\"Mazda CX-5\"}]},{\"@type\":\"WebSite\",\"@id\":\"https:\/\/trevotech.com\/fr\/#website\",\"url\":\"https:\/\/trevotech.com\/fr\/\",\"name\":\"Trevotech Group\",\"description\":\"\",\"potentialAction\":[{\"@type\":\"SearchAction\",\"target\":{\"@type\":\"EntryPoint\",\"urlTemplate\":\"https:\/\/trevotech.com\/fr\/?s={search_term_string}\"},\"query-input\":{\"@type\":\"PropertyValueSpecification\",\"valueRequired\":true,\"valueName\":\"search_term_string\"}}],\"inLanguage\":\"fr-FR\"}]}<\/script>\n<!-- \/ Yoast SEO plugin. -->","yoast_head_json":{"title":"Mazda CX-5 - Trevotech Group","description":"Mazda CX-5 est une marque automobile japonaise connue pour allier design sophistiqu\u00e9, technologie innovante et plaisir de conduite. Guid\u00e9e par...","robots":{"index":"index","follow":"follow","max-snippet":"max-snippet:-1","max-image-preview":"max-image-preview:large","max-video-preview":"max-video-preview:-1"},"canonical":"https:\/\/trevotech.com\/fr\/produto\/mazda-cx-5\/","og_locale":"fr_FR","og_type":"article","og_title":"Mazda CX-5 - Trevotech Group","og_description":"Mazda CX-5 est une marque automobile japonaise connue pour allier design sophistiqu\u00e9, technologie innovante et plaisir de conduite. Guid\u00e9e par...","og_url":"https:\/\/trevotech.com\/fr\/produto\/mazda-cx-5\/","og_site_name":"Trevotech Group","article_modified_time":"2025-08-05T14:54:30+00:00","og_image":[{"width":1000,"height":1000,"url":"https:\/\/trevotech.com\/wp-content\/uploads\/2024\/11\/mazda-03.webp","type":"image\/webp"}],"twitter_card":"summary_large_image","twitter_misc":{"Dur\u00e9e de lecture estim\u00e9e":"2 minutes"},"schema":{"@context":"https:\/\/schema.org","@graph":[{"@type":"WebPage","@id":"https:\/\/trevotech.com\/fr\/produto\/mazda-cx-5\/","url":"https:\/\/trevotech.com\/fr\/produto\/mazda-cx-5\/","name":"Mazda CX-5 - Trevotech Group","isPartOf":{"@id":"https:\/\/trevotech.com\/fr\/#website"},"primaryImageOfPage":{"@id":"https:\/\/trevotech.com\/fr\/produto\/mazda-cx-5\/#primaryimage"},"image":{"@id":"https:\/\/trevotech.com\/fr\/produto\/mazda-cx-5\/#primaryimage"},"thumbnailUrl":"https:\/\/trevotech.com\/wp-content\/uploads\/2024\/11\/mazda-03.webp","datePublished":"2024-11-08T10:09:15+00:00","dateModified":"2025-08-05T14:54:30+00:00","description":"Mazda CX-5 est une marque automobile japonaise connue pour allier design sophistiqu\u00e9, technologie innovante et plaisir de conduite. Guid\u00e9e par...","breadcrumb":{"@id":"https:\/\/trevotech.com\/fr\/produto\/mazda-cx-5\/#breadcrumb"},"inLanguage":"fr-FR","potentialAction":[{"@type":"ReadAction","target":["https:\/\/trevotech.com\/fr\/produto\/mazda-cx-5\/"]}]},{"@type":"ImageObject","inLanguage":"fr-FR","@id":"https:\/\/trevotech.com\/fr\/produto\/mazda-cx-5\/#primaryimage","url":"https:\/\/trevotech.com\/wp-content\/uploads\/2024\/11\/mazda-03.webp","contentUrl":"https:\/\/trevotech.com\/wp-content\/uploads\/2024\/11\/mazda-03.webp","width":1000,"height":1000,"caption":"Mazda CX-5"},{"@type":"BreadcrumbList","@id":"https:\/\/trevotech.com\/fr\/produto\/mazda-cx-5\/#breadcrumb","itemListElement":[{"@type":"ListItem","position":1,"name":"In\u00edcio","item":"https:\/\/trevotech.com\/fr\/"},{"@type":"ListItem","position":2,"name":"Produits","item":"https:\/\/trevotech.com\/fr\/shop\/"},{"@type":"ListItem","position":3,"name":"Mazda CX-5"}]},{"@type":"WebSite","@id":"https:\/\/trevotech.com\/fr\/#website","url":"https:\/\/trevotech.com\/fr\/","name":"Trevotech Group","description":"","potentialAction":[{"@type":"SearchAction","target":{"@type":"EntryPoint","urlTemplate":"https:\/\/trevotech.com\/fr\/?s={search_term_string}"},"query-input":{"@type":"PropertyValueSpecification","valueRequired":true,"valueName":"search_term_string"}}],"inLanguage":"fr-FR"}]}},"_links":{"self":[{"href":"https:\/\/trevotech.com\/fr\/wp-json\/wp\/v2\/product\/4051","targetHints":{"allow":["GET"]}}],"collection":[{"href":"https:\/\/trevotech.com\/fr\/wp-json\/wp\/v2\/product"}],"about":[{"href":"https:\/\/trevotech.com\/fr\/wp-json\/wp\/v2\/types\/product"}],"replies":[{"embeddable":true,"href":"https:\/\/trevotech.com\/fr\/wp-json\/wp\/v2\/comments?post=4051"}],"wp:featuredmedia":[{"embeddable":true,"href":"https:\/\/trevotech.com\/fr\/wp-json\/wp\/v2\/media\/4052"}],"wp:attachment":[{"href":"https:\/\/trevotech.com\/fr\/wp-json\/wp\/v2\/media?parent=4051"}],"wp:term":[{"taxonomy":"product_brand","embeddable":true,"href":"https:\/\/trevotech.com\/fr\/wp-json\/wp\/v2\/product_brand?post=4051"},{"taxonomy":"product_cat","embeddable":true,"href":"https:\/\/trevotech.com\/fr\/wp-json\/wp\/v2\/product_cat?post=4051"},{"taxonomy":"product_tag","embeddable":true,"href":"https:\/\/trevotech.com\/fr\/wp-json\/wp\/v2\/product_tag?post=4051"}],"curies":[{"name":"wp","href":"https:\/\/api.w.org\/{rel}","templated":true}]}}