{"id":4054,"date":"2024-11-08T09:58:19","date_gmt":"2024-11-08T09:58:19","guid":{"rendered":"https:\/\/trevotech.com\/produto\/mazda-cx-3\/"},"modified":"2025-08-05T14:54:49","modified_gmt":"2025-08-05T14:54:49","slug":"mazda-cx-3","status":"publish","type":"product","link":"https:\/\/trevotech.com\/fr\/produto\/mazda-cx-3\/","title":{"rendered":"Mazda CX-3"},"content":{"rendered":"<p><span style=\"font-weight: 400;\">Mazda CX-3 est une marque automobile japonaise qui se distingue par son design innovant, son excellence en ing\u00e9nierie et son engagement envers l\u2019exp\u00e9rience de conduite. Avec sa philosophie de design Kodo \u2013 \u00ab L\u2019\u00e2me du mouvement \u00bb, Mazda con\u00e7oit des v\u00e9hicules qui allient esth\u00e9tique raffin\u00e9e et performances dynamiques.<\/span><span style=\"font-weight: 400;\"><br \/>\n<\/span><span style=\"font-weight: 400;\">Le <a href=\"https:\/\/trevotech.com\/fr\/marques\/mazda-fr\/\">Mazda<\/a> CX-3 est un crossover compact qui incarne l\u2019\u00e9quilibre entre style, efficacit\u00e9 et praticit\u00e9. \u00c9quip\u00e9 de la technologie Skyactiv, le CX-3 offre une conduite agile et \u00e9conomique, tandis que son int\u00e9rieur moderne et confortable garantit une exp\u00e9rience haut de gamme. Avec ses lignes \u00e9l\u00e9gantes, ses syst\u00e8mes de s\u00e9curit\u00e9 avanc\u00e9s et sa connectivit\u00e9 de derni\u00e8re g\u00e9n\u00e9ration, le Mazda CX-3 est le choix id\u00e9al pour ceux qui recherchent un v\u00e9hicule polyvalent avec du caract\u00e8re.<\/span><\/p>\n<p><span style=\"font-weight: 400;\">\u00a0est une marque automobile japonaise qui se distingue par son design innovant, son excellence en ing\u00e9nierie et son engagement envers l\u2019exp\u00e9rience de conduite. Avec sa philosophie de design Kodo \u2013 \u00ab L\u2019\u00e2me du mouvement \u00bb, Mazda con\u00e7oit des v\u00e9hicules qui allient esth\u00e9tique raffin\u00e9e et performances dynamiques.<\/span><span style=\"font-weight: 400;\"><br \/>\n<\/span><span style=\"font-weight: 400;\">Le\u00a0 est un crossover compact qui incarne l\u2019\u00e9quilibre entre style, efficacit\u00e9 et praticit\u00e9. \u00c9quip\u00e9 de la technologie Skyactiv, le CX-3 offre une conduite agile et \u00e9conomique, tandis que son int\u00e9rieur moderne et confortable garantit une exp\u00e9rience haut de gamme. Avec ses lignes \u00e9l\u00e9gantes, ses syst\u00e8mes de s\u00e9curit\u00e9 avanc\u00e9s et sa connectivit\u00e9 de derni\u00e8re g\u00e9n\u00e9ration, le\u00a0 est le choix id\u00e9al pour ceux qui recherchent un v\u00e9hicule polyvalent avec du caract\u00e8re<\/span><\/p>\n<p><span style=\"font-weight: 400;\">Le\u00a0 est un crossover compact qui incarne l\u2019\u00e9quilibre entre style, efficacit\u00e9 et praticit\u00e9. \u00c9quip\u00e9 de la technologie Skyactiv, le CX-3 offre une conduite agile et \u00e9conomique, tandis que son int\u00e9rieur moderne et confortable garantit une exp\u00e9rience haut de gamme. Avec ses lignes \u00e9l\u00e9gantes, ses syst\u00e8mes de s\u00e9curit\u00e9 avanc\u00e9s et sa connectivit\u00e9 de derni\u00e8re g\u00e9n\u00e9ration, le\u00a0 est le choix id\u00e9al pour ceux qui recherchent un v\u00e9hicule polyvalent avec du caract\u00e8re.<\/span><\/p>\n","protected":false},"excerpt":{"rendered":"<p><span style=\"font-weight: 400;\">Mazda CX-3 est une marque automobile japonaise qui se distingue par son design innovant, son excellence en ing\u00e9nierie et son engagement envers l\u2019exp\u00e9rience de conduite. Avec sa philosophie de design Kodo \u2013 \u00ab L\u2019\u00e2me du mouvement \u00bb, Mazda con\u00e7oit des v\u00e9hicules qui allient esth\u00e9tique raffin\u00e9e et performances dynamiques.<\/span><span style=\"font-weight: 400;\"><br \/>\n<\/span><span style=\"font-weight: 400;\">Le Mazda CX-3 est un crossover compact qui incarne l\u2019\u00e9quilibre entre style, efficacit\u00e9 et praticit\u00e9. \u00c9quip\u00e9 de la technologie Skyactiv, le CX-3 offre une conduite agile et \u00e9conomique, tandis que son int\u00e9rieur moderne et confortable garantit une exp\u00e9rience haut de gamme. Avec ses lignes \u00e9l\u00e9gantes, ses syst\u00e8mes de s\u00e9curit\u00e9 avanc\u00e9s et sa connectivit\u00e9 de derni\u00e8re g\u00e9n\u00e9ration, le Mazda CX-3 est le choix id\u00e9al pour ceux qui recherchent un v\u00e9hicule polyvalent avec du caract\u00e8re.<\/span><\/p>\n","protected":false},"featured_media":4055,"comment_status":"open","ping_status":"closed","template":"","meta":{"_acf_changed":false},"product_brand":[],"product_cat":[458],"product_tag":[],"class_list":{"0":"post-4054","1":"product","2":"type-product","3":"status-publish","4":"has-post-thumbnail","6":"product_cat-sem-categoria-fr","7":"setores-automobile","8":"setores-transport-et-logistique","9":"marcas-mazda","10":"tipo_produto-mazda-cx-3-fr","12":"first","13":"instock","14":"shipping-taxable","15":"product-type-simple"},"acf":[],"yoast_head":"<!-- This site is optimized with the Yoast SEO plugin v25.2 - https:\/\/yoast.com\/wordpress\/plugins\/seo\/ -->\n<title>Mazda CX-3 - Trevotech Group<\/title>\n<meta name=\"description\" content=\"Mazda CX-3 est une marque automobile japonaise qui se distingue par son design innovant, son excellence en ing\u00e9nierie et son...\" \/>\n<meta name=\"robots\" content=\"index, follow, max-snippet:-1, max-image-preview:large, max-video-preview:-1\" \/>\n<link rel=\"canonical\" href=\"https:\/\/trevotech.com\/fr\/produto\/mazda-cx-3\/\" \/>\n<meta property=\"og:locale\" content=\"fr_FR\" \/>\n<meta property=\"og:type\" content=\"article\" \/>\n<meta property=\"og:title\" content=\"Mazda CX-3 - Trevotech Group\" \/>\n<meta property=\"og:description\" content=\"Mazda CX-3 est une marque automobile japonaise qui se distingue par son design innovant, son excellence en ing\u00e9nierie et son...\" \/>\n<meta property=\"og:url\" content=\"https:\/\/trevotech.com\/fr\/produto\/mazda-cx-3\/\" \/>\n<meta property=\"og:site_name\" content=\"Trevotech Group\" \/>\n<meta property=\"article:modified_time\" content=\"2025-08-05T14:54:49+00:00\" \/>\n<meta property=\"og:image\" content=\"https:\/\/trevotech.com\/wp-content\/uploads\/2024\/11\/mazda-02.webp\" \/>\n\t<meta property=\"og:image:width\" content=\"1000\" \/>\n\t<meta property=\"og:image:height\" content=\"1000\" \/>\n\t<meta property=\"og:image:type\" content=\"image\/webp\" \/>\n<meta name=\"twitter:card\" content=\"summary_large_image\" \/>\n<meta name=\"twitter:label1\" content=\"Dur\u00e9e de lecture estim\u00e9e\" \/>\n\t<meta name=\"twitter:data1\" content=\"2 minutes\" \/>\n<script type=\"application\/ld+json\" class=\"yoast-schema-graph\">{\"@context\":\"https:\/\/schema.org\",\"@graph\":[{\"@type\":\"WebPage\",\"@id\":\"https:\/\/trevotech.com\/fr\/produto\/mazda-cx-3\/\",\"url\":\"https:\/\/trevotech.com\/fr\/produto\/mazda-cx-3\/\",\"name\":\"Mazda CX-3 - Trevotech Group\",\"isPartOf\":{\"@id\":\"https:\/\/trevotech.com\/fr\/#website\"},\"primaryImageOfPage\":{\"@id\":\"https:\/\/trevotech.com\/fr\/produto\/mazda-cx-3\/#primaryimage\"},\"image\":{\"@id\":\"https:\/\/trevotech.com\/fr\/produto\/mazda-cx-3\/#primaryimage\"},\"thumbnailUrl\":\"https:\/\/trevotech.com\/wp-content\/uploads\/2024\/11\/mazda-02.webp\",\"datePublished\":\"2024-11-08T09:58:19+00:00\",\"dateModified\":\"2025-08-05T14:54:49+00:00\",\"description\":\"Mazda CX-3 est une marque automobile japonaise qui se distingue par son design innovant, son excellence en ing\u00e9nierie et son...\",\"breadcrumb\":{\"@id\":\"https:\/\/trevotech.com\/fr\/produto\/mazda-cx-3\/#breadcrumb\"},\"inLanguage\":\"fr-FR\",\"potentialAction\":[{\"@type\":\"ReadAction\",\"target\":[\"https:\/\/trevotech.com\/fr\/produto\/mazda-cx-3\/\"]}]},{\"@type\":\"ImageObject\",\"inLanguage\":\"fr-FR\",\"@id\":\"https:\/\/trevotech.com\/fr\/produto\/mazda-cx-3\/#primaryimage\",\"url\":\"https:\/\/trevotech.com\/wp-content\/uploads\/2024\/11\/mazda-02.webp\",\"contentUrl\":\"https:\/\/trevotech.com\/wp-content\/uploads\/2024\/11\/mazda-02.webp\",\"width\":1000,\"height\":1000,\"caption\":\"Mazda CX-3\"},{\"@type\":\"BreadcrumbList\",\"@id\":\"https:\/\/trevotech.com\/fr\/produto\/mazda-cx-3\/#breadcrumb\",\"itemListElement\":[{\"@type\":\"ListItem\",\"position\":1,\"name\":\"In\u00edcio\",\"item\":\"https:\/\/trevotech.com\/fr\/\"},{\"@type\":\"ListItem\",\"position\":2,\"name\":\"Produits\",\"item\":\"https:\/\/trevotech.com\/fr\/shop\/\"},{\"@type\":\"ListItem\",\"position\":3,\"name\":\"Mazda CX-3\"}]},{\"@type\":\"WebSite\",\"@id\":\"https:\/\/trevotech.com\/fr\/#website\",\"url\":\"https:\/\/trevotech.com\/fr\/\",\"name\":\"Trevotech Group\",\"description\":\"\",\"potentialAction\":[{\"@type\":\"SearchAction\",\"target\":{\"@type\":\"EntryPoint\",\"urlTemplate\":\"https:\/\/trevotech.com\/fr\/?s={search_term_string}\"},\"query-input\":{\"@type\":\"PropertyValueSpecification\",\"valueRequired\":true,\"valueName\":\"search_term_string\"}}],\"inLanguage\":\"fr-FR\"}]}<\/script>\n<!-- \/ Yoast SEO plugin. -->","yoast_head_json":{"title":"Mazda CX-3 - Trevotech Group","description":"Mazda CX-3 est une marque automobile japonaise qui se distingue par son design innovant, son excellence en ing\u00e9nierie et son...","robots":{"index":"index","follow":"follow","max-snippet":"max-snippet:-1","max-image-preview":"max-image-preview:large","max-video-preview":"max-video-preview:-1"},"canonical":"https:\/\/trevotech.com\/fr\/produto\/mazda-cx-3\/","og_locale":"fr_FR","og_type":"article","og_title":"Mazda CX-3 - Trevotech Group","og_description":"Mazda CX-3 est une marque automobile japonaise qui se distingue par son design innovant, son excellence en ing\u00e9nierie et son...","og_url":"https:\/\/trevotech.com\/fr\/produto\/mazda-cx-3\/","og_site_name":"Trevotech Group","article_modified_time":"2025-08-05T14:54:49+00:00","og_image":[{"width":1000,"height":1000,"url":"https:\/\/trevotech.com\/wp-content\/uploads\/2024\/11\/mazda-02.webp","type":"image\/webp"}],"twitter_card":"summary_large_image","twitter_misc":{"Dur\u00e9e de lecture estim\u00e9e":"2 minutes"},"schema":{"@context":"https:\/\/schema.org","@graph":[{"@type":"WebPage","@id":"https:\/\/trevotech.com\/fr\/produto\/mazda-cx-3\/","url":"https:\/\/trevotech.com\/fr\/produto\/mazda-cx-3\/","name":"Mazda CX-3 - Trevotech Group","isPartOf":{"@id":"https:\/\/trevotech.com\/fr\/#website"},"primaryImageOfPage":{"@id":"https:\/\/trevotech.com\/fr\/produto\/mazda-cx-3\/#primaryimage"},"image":{"@id":"https:\/\/trevotech.com\/fr\/produto\/mazda-cx-3\/#primaryimage"},"thumbnailUrl":"https:\/\/trevotech.com\/wp-content\/uploads\/2024\/11\/mazda-02.webp","datePublished":"2024-11-08T09:58:19+00:00","dateModified":"2025-08-05T14:54:49+00:00","description":"Mazda CX-3 est une marque automobile japonaise qui se distingue par son design innovant, son excellence en ing\u00e9nierie et son...","breadcrumb":{"@id":"https:\/\/trevotech.com\/fr\/produto\/mazda-cx-3\/#breadcrumb"},"inLanguage":"fr-FR","potentialAction":[{"@type":"ReadAction","target":["https:\/\/trevotech.com\/fr\/produto\/mazda-cx-3\/"]}]},{"@type":"ImageObject","inLanguage":"fr-FR","@id":"https:\/\/trevotech.com\/fr\/produto\/mazda-cx-3\/#primaryimage","url":"https:\/\/trevotech.com\/wp-content\/uploads\/2024\/11\/mazda-02.webp","contentUrl":"https:\/\/trevotech.com\/wp-content\/uploads\/2024\/11\/mazda-02.webp","width":1000,"height":1000,"caption":"Mazda CX-3"},{"@type":"BreadcrumbList","@id":"https:\/\/trevotech.com\/fr\/produto\/mazda-cx-3\/#breadcrumb","itemListElement":[{"@type":"ListItem","position":1,"name":"In\u00edcio","item":"https:\/\/trevotech.com\/fr\/"},{"@type":"ListItem","position":2,"name":"Produits","item":"https:\/\/trevotech.com\/fr\/shop\/"},{"@type":"ListItem","position":3,"name":"Mazda CX-3"}]},{"@type":"WebSite","@id":"https:\/\/trevotech.com\/fr\/#website","url":"https:\/\/trevotech.com\/fr\/","name":"Trevotech Group","description":"","potentialAction":[{"@type":"SearchAction","target":{"@type":"EntryPoint","urlTemplate":"https:\/\/trevotech.com\/fr\/?s={search_term_string}"},"query-input":{"@type":"PropertyValueSpecification","valueRequired":true,"valueName":"search_term_string"}}],"inLanguage":"fr-FR"}]}},"_links":{"self":[{"href":"https:\/\/trevotech.com\/fr\/wp-json\/wp\/v2\/product\/4054","targetHints":{"allow":["GET"]}}],"collection":[{"href":"https:\/\/trevotech.com\/fr\/wp-json\/wp\/v2\/product"}],"about":[{"href":"https:\/\/trevotech.com\/fr\/wp-json\/wp\/v2\/types\/product"}],"replies":[{"embeddable":true,"href":"https:\/\/trevotech.com\/fr\/wp-json\/wp\/v2\/comments?post=4054"}],"wp:featuredmedia":[{"embeddable":true,"href":"https:\/\/trevotech.com\/fr\/wp-json\/wp\/v2\/media\/4055"}],"wp:attachment":[{"href":"https:\/\/trevotech.com\/fr\/wp-json\/wp\/v2\/media?parent=4054"}],"wp:term":[{"taxonomy":"product_brand","embeddable":true,"href":"https:\/\/trevotech.com\/fr\/wp-json\/wp\/v2\/product_brand?post=4054"},{"taxonomy":"product_cat","embeddable":true,"href":"https:\/\/trevotech.com\/fr\/wp-json\/wp\/v2\/product_cat?post=4054"},{"taxonomy":"product_tag","embeddable":true,"href":"https:\/\/trevotech.com\/fr\/wp-json\/wp\/v2\/product_tag?post=4054"}],"curies":[{"name":"wp","href":"https:\/\/api.w.org\/{rel}","templated":true}]}}