{"id":4057,"date":"2024-11-08T09:55:31","date_gmt":"2024-11-08T09:55:31","guid":{"rendered":"https:\/\/trevotech.com\/produto\/mazda-bt-50\/"},"modified":"2025-08-05T14:58:54","modified_gmt":"2025-08-05T14:58:54","slug":"mazda-bt-50","status":"publish","type":"product","link":"https:\/\/trevotech.com\/fr\/produto\/mazda-bt-50\/","title":{"rendered":"Mazda BT-50"},"content":{"rendered":"<p><span style=\"font-weight: 400;\">Mazda BT-50 est une marque automobile japonaise reconnue pour son innovation, son design \u00e9l\u00e9gant et son engagement envers une exp\u00e9rience de conduite exceptionnelle. Fond\u00e9e en 1920, Mazda allie ing\u00e9nierie de pr\u00e9cision et philosophie \u00ab\u00a0Jinba Ittai\u00a0\u00bb, visant \u00e0 cr\u00e9er une parfaite harmonie entre le conducteur et le v\u00e9hicule.<\/span><span style=\"font-weight: 400;\"><br \/>\n<\/span><span style=\"font-weight: 400;\">Parmi les mod\u00e8les phares de la marque, on retrouve le Mazda BT-50 : un pick-up robuste qui associe performance fiable et polyvalence au style sophistiqu\u00e9 propre \u00e0 Mazda. Id\u00e9al pour affronter les terrains difficiles ou pour une utilisation quotidienne, le BT-50 offre une technologie moderne, un int\u00e9rieur confortable et une capacit\u00e9 de remorquage impressionnante, faisant de lui un choix parfait pour ceux qui recherchent la fonctionnalit\u00e9 sans compromis sur le design et l\u2019innovation.<\/span><\/p>\n<p><span style=\"font-weight: 400;\"><a href=\"https:\/\/trevotech.com\/fr\/marques\/mazda-fr\/\">Mazda<\/a> BT-50 est une marque automobile japonaise reconnue pour son innovation, son design \u00e9l\u00e9gant et son engagement envers une exp\u00e9rience de conduite exceptionnelle. Fond\u00e9e en 1920, Mazda allie ing\u00e9nierie de pr\u00e9cision et philosophie \u00ab\u00a0Jinba Ittai\u00a0\u00bb, visant \u00e0 cr\u00e9er une parfaite harmonie entre le conducteur et le v\u00e9hicule.<\/span><span style=\"font-weight: 400;\"><br \/>\n<\/span><span style=\"font-weight: 400;\">Parmi les mod\u00e8les phares de la marque, on retrouve le Mazda BT-50 : un pick-up robuste qui associe performance fiable et polyvalence au style sophistiqu\u00e9 propre \u00e0 Mazda. Id\u00e9al pour affronter les terrains difficiles ou pour une utilisation quotidienne, le BT-50 offre une technologie moderne, un int\u00e9rieur confortable et une capacit\u00e9 de remorquage impressionnante, faisant de lui un choix parfait pour ceux qui recherchent la fonctionnalit\u00e9 sans compromis sur le design et l\u2019innovation.<\/span><\/p>\n","protected":false},"excerpt":{"rendered":"<p><span style=\"font-weight: 400;\">Mazda BT-50 est une marque automobile japonaise reconnue pour son innovation, son design \u00e9l\u00e9gant et son engagement envers une exp\u00e9rience de conduite exceptionnelle. Fond\u00e9e en 1920, Mazda allie ing\u00e9nierie de pr\u00e9cision et philosophie \u00ab\u00a0Jinba Ittai\u00a0\u00bb, visant \u00e0 cr\u00e9er une parfaite harmonie entre le conducteur et le v\u00e9hicule.<\/span><span style=\"font-weight: 400;\"><br \/>\n<\/span><span style=\"font-weight: 400;\">Parmi les mod\u00e8les phares de la marque, on retrouve le Mazda BT-50 : un pick-up robuste qui associe performance fiable et polyvalence au style sophistiqu\u00e9 propre \u00e0 Mazda. Id\u00e9al pour affronter les terrains difficiles ou pour une utilisation quotidienne, le BT-50 offre une technologie moderne, un int\u00e9rieur confortable et une capacit\u00e9 de remorquage impressionnante, faisant de lui un choix parfait pour ceux qui recherchent la fonctionnalit\u00e9 sans compromis sur le design et l\u2019innovation.<\/span><\/p>\n","protected":false},"featured_media":4058,"comment_status":"open","ping_status":"closed","template":"","meta":{"_acf_changed":false},"product_brand":[],"product_cat":[458],"product_tag":[],"class_list":{"0":"post-4057","1":"product","2":"type-product","3":"status-publish","4":"has-post-thumbnail","6":"product_cat-sem-categoria-fr","7":"setores-automobile","8":"setores-transport-et-logistique","9":"marcas-mazda","10":"tipo_produto-mazda-bt-50-fr","12":"first","13":"instock","14":"shipping-taxable","15":"product-type-simple"},"acf":[],"yoast_head":"<!-- This site is optimized with the Yoast SEO plugin v25.2 - https:\/\/yoast.com\/wordpress\/plugins\/seo\/ -->\n<title>Mazda BT-50 - Trevotech Group<\/title>\n<meta name=\"description\" content=\"Mazda BT-50 est une marque automobile japonaise reconnue pour son innovation, son design \u00e9l\u00e9gant et son engagement envers une exp\u00e9rience...\" \/>\n<meta name=\"robots\" content=\"index, follow, max-snippet:-1, max-image-preview:large, max-video-preview:-1\" \/>\n<link rel=\"canonical\" href=\"https:\/\/trevotech.com\/fr\/produto\/mazda-bt-50\/\" \/>\n<meta property=\"og:locale\" content=\"fr_FR\" \/>\n<meta property=\"og:type\" content=\"article\" \/>\n<meta property=\"og:title\" content=\"Mazda BT-50 - Trevotech Group\" \/>\n<meta property=\"og:description\" content=\"Mazda BT-50 est une marque automobile japonaise reconnue pour son innovation, son design \u00e9l\u00e9gant et son engagement envers une exp\u00e9rience...\" \/>\n<meta property=\"og:url\" content=\"https:\/\/trevotech.com\/fr\/produto\/mazda-bt-50\/\" \/>\n<meta property=\"og:site_name\" content=\"Trevotech Group\" \/>\n<meta property=\"article:modified_time\" content=\"2025-08-05T14:58:54+00:00\" \/>\n<meta property=\"og:image\" content=\"https:\/\/trevotech.com\/wp-content\/uploads\/2024\/11\/Toyota_10-1.webp\" \/>\n\t<meta property=\"og:image:width\" content=\"1000\" \/>\n\t<meta property=\"og:image:height\" content=\"1000\" \/>\n\t<meta property=\"og:image:type\" content=\"image\/webp\" \/>\n<meta name=\"twitter:card\" content=\"summary_large_image\" \/>\n<meta name=\"twitter:label1\" content=\"Dur\u00e9e de lecture estim\u00e9e\" \/>\n\t<meta name=\"twitter:data1\" content=\"2 minutes\" \/>\n<script type=\"application\/ld+json\" class=\"yoast-schema-graph\">{\"@context\":\"https:\/\/schema.org\",\"@graph\":[{\"@type\":\"WebPage\",\"@id\":\"https:\/\/trevotech.com\/fr\/produto\/mazda-bt-50\/\",\"url\":\"https:\/\/trevotech.com\/fr\/produto\/mazda-bt-50\/\",\"name\":\"Mazda BT-50 - Trevotech Group\",\"isPartOf\":{\"@id\":\"https:\/\/trevotech.com\/fr\/#website\"},\"primaryImageOfPage\":{\"@id\":\"https:\/\/trevotech.com\/fr\/produto\/mazda-bt-50\/#primaryimage\"},\"image\":{\"@id\":\"https:\/\/trevotech.com\/fr\/produto\/mazda-bt-50\/#primaryimage\"},\"thumbnailUrl\":\"https:\/\/trevotech.com\/wp-content\/uploads\/2024\/11\/Toyota_10-1.webp\",\"datePublished\":\"2024-11-08T09:55:31+00:00\",\"dateModified\":\"2025-08-05T14:58:54+00:00\",\"description\":\"Mazda BT-50 est une marque automobile japonaise reconnue pour son innovation, son design \u00e9l\u00e9gant et son engagement envers une exp\u00e9rience...\",\"breadcrumb\":{\"@id\":\"https:\/\/trevotech.com\/fr\/produto\/mazda-bt-50\/#breadcrumb\"},\"inLanguage\":\"fr-FR\",\"potentialAction\":[{\"@type\":\"ReadAction\",\"target\":[\"https:\/\/trevotech.com\/fr\/produto\/mazda-bt-50\/\"]}]},{\"@type\":\"ImageObject\",\"inLanguage\":\"fr-FR\",\"@id\":\"https:\/\/trevotech.com\/fr\/produto\/mazda-bt-50\/#primaryimage\",\"url\":\"https:\/\/trevotech.com\/wp-content\/uploads\/2024\/11\/Toyota_10-1.webp\",\"contentUrl\":\"https:\/\/trevotech.com\/wp-content\/uploads\/2024\/11\/Toyota_10-1.webp\",\"width\":1000,\"height\":1000,\"caption\":\"Mazda BT-50\"},{\"@type\":\"BreadcrumbList\",\"@id\":\"https:\/\/trevotech.com\/fr\/produto\/mazda-bt-50\/#breadcrumb\",\"itemListElement\":[{\"@type\":\"ListItem\",\"position\":1,\"name\":\"In\u00edcio\",\"item\":\"https:\/\/trevotech.com\/fr\/\"},{\"@type\":\"ListItem\",\"position\":2,\"name\":\"Produits\",\"item\":\"https:\/\/trevotech.com\/fr\/shop\/\"},{\"@type\":\"ListItem\",\"position\":3,\"name\":\"Mazda BT-50\"}]},{\"@type\":\"WebSite\",\"@id\":\"https:\/\/trevotech.com\/fr\/#website\",\"url\":\"https:\/\/trevotech.com\/fr\/\",\"name\":\"Trevotech Group\",\"description\":\"\",\"potentialAction\":[{\"@type\":\"SearchAction\",\"target\":{\"@type\":\"EntryPoint\",\"urlTemplate\":\"https:\/\/trevotech.com\/fr\/?s={search_term_string}\"},\"query-input\":{\"@type\":\"PropertyValueSpecification\",\"valueRequired\":true,\"valueName\":\"search_term_string\"}}],\"inLanguage\":\"fr-FR\"}]}<\/script>\n<!-- \/ Yoast SEO plugin. -->","yoast_head_json":{"title":"Mazda BT-50 - Trevotech Group","description":"Mazda BT-50 est une marque automobile japonaise reconnue pour son innovation, son design \u00e9l\u00e9gant et son engagement envers une exp\u00e9rience...","robots":{"index":"index","follow":"follow","max-snippet":"max-snippet:-1","max-image-preview":"max-image-preview:large","max-video-preview":"max-video-preview:-1"},"canonical":"https:\/\/trevotech.com\/fr\/produto\/mazda-bt-50\/","og_locale":"fr_FR","og_type":"article","og_title":"Mazda BT-50 - Trevotech Group","og_description":"Mazda BT-50 est une marque automobile japonaise reconnue pour son innovation, son design \u00e9l\u00e9gant et son engagement envers une exp\u00e9rience...","og_url":"https:\/\/trevotech.com\/fr\/produto\/mazda-bt-50\/","og_site_name":"Trevotech Group","article_modified_time":"2025-08-05T14:58:54+00:00","og_image":[{"width":1000,"height":1000,"url":"https:\/\/trevotech.com\/wp-content\/uploads\/2024\/11\/Toyota_10-1.webp","type":"image\/webp"}],"twitter_card":"summary_large_image","twitter_misc":{"Dur\u00e9e de lecture estim\u00e9e":"2 minutes"},"schema":{"@context":"https:\/\/schema.org","@graph":[{"@type":"WebPage","@id":"https:\/\/trevotech.com\/fr\/produto\/mazda-bt-50\/","url":"https:\/\/trevotech.com\/fr\/produto\/mazda-bt-50\/","name":"Mazda BT-50 - Trevotech Group","isPartOf":{"@id":"https:\/\/trevotech.com\/fr\/#website"},"primaryImageOfPage":{"@id":"https:\/\/trevotech.com\/fr\/produto\/mazda-bt-50\/#primaryimage"},"image":{"@id":"https:\/\/trevotech.com\/fr\/produto\/mazda-bt-50\/#primaryimage"},"thumbnailUrl":"https:\/\/trevotech.com\/wp-content\/uploads\/2024\/11\/Toyota_10-1.webp","datePublished":"2024-11-08T09:55:31+00:00","dateModified":"2025-08-05T14:58:54+00:00","description":"Mazda BT-50 est une marque automobile japonaise reconnue pour son innovation, son design \u00e9l\u00e9gant et son engagement envers une exp\u00e9rience...","breadcrumb":{"@id":"https:\/\/trevotech.com\/fr\/produto\/mazda-bt-50\/#breadcrumb"},"inLanguage":"fr-FR","potentialAction":[{"@type":"ReadAction","target":["https:\/\/trevotech.com\/fr\/produto\/mazda-bt-50\/"]}]},{"@type":"ImageObject","inLanguage":"fr-FR","@id":"https:\/\/trevotech.com\/fr\/produto\/mazda-bt-50\/#primaryimage","url":"https:\/\/trevotech.com\/wp-content\/uploads\/2024\/11\/Toyota_10-1.webp","contentUrl":"https:\/\/trevotech.com\/wp-content\/uploads\/2024\/11\/Toyota_10-1.webp","width":1000,"height":1000,"caption":"Mazda BT-50"},{"@type":"BreadcrumbList","@id":"https:\/\/trevotech.com\/fr\/produto\/mazda-bt-50\/#breadcrumb","itemListElement":[{"@type":"ListItem","position":1,"name":"In\u00edcio","item":"https:\/\/trevotech.com\/fr\/"},{"@type":"ListItem","position":2,"name":"Produits","item":"https:\/\/trevotech.com\/fr\/shop\/"},{"@type":"ListItem","position":3,"name":"Mazda BT-50"}]},{"@type":"WebSite","@id":"https:\/\/trevotech.com\/fr\/#website","url":"https:\/\/trevotech.com\/fr\/","name":"Trevotech Group","description":"","potentialAction":[{"@type":"SearchAction","target":{"@type":"EntryPoint","urlTemplate":"https:\/\/trevotech.com\/fr\/?s={search_term_string}"},"query-input":{"@type":"PropertyValueSpecification","valueRequired":true,"valueName":"search_term_string"}}],"inLanguage":"fr-FR"}]}},"_links":{"self":[{"href":"https:\/\/trevotech.com\/fr\/wp-json\/wp\/v2\/product\/4057","targetHints":{"allow":["GET"]}}],"collection":[{"href":"https:\/\/trevotech.com\/fr\/wp-json\/wp\/v2\/product"}],"about":[{"href":"https:\/\/trevotech.com\/fr\/wp-json\/wp\/v2\/types\/product"}],"replies":[{"embeddable":true,"href":"https:\/\/trevotech.com\/fr\/wp-json\/wp\/v2\/comments?post=4057"}],"wp:featuredmedia":[{"embeddable":true,"href":"https:\/\/trevotech.com\/fr\/wp-json\/wp\/v2\/media\/4058"}],"wp:attachment":[{"href":"https:\/\/trevotech.com\/fr\/wp-json\/wp\/v2\/media?parent=4057"}],"wp:term":[{"taxonomy":"product_brand","embeddable":true,"href":"https:\/\/trevotech.com\/fr\/wp-json\/wp\/v2\/product_brand?post=4057"},{"taxonomy":"product_cat","embeddable":true,"href":"https:\/\/trevotech.com\/fr\/wp-json\/wp\/v2\/product_cat?post=4057"},{"taxonomy":"product_tag","embeddable":true,"href":"https:\/\/trevotech.com\/fr\/wp-json\/wp\/v2\/product_tag?post=4057"}],"curies":[{"name":"wp","href":"https:\/\/api.w.org\/{rel}","templated":true}]}}