{"id":4061,"date":"2024-11-08T10:32:42","date_gmt":"2024-11-08T10:32:42","guid":{"rendered":"https:\/\/trevotech.com\/produto\/polaris-off-road\/"},"modified":"2025-08-05T15:03:45","modified_gmt":"2025-08-05T15:03:45","slug":"polaris-tout-terrain","status":"publish","type":"product","link":"https:\/\/trevotech.com\/fr\/produto\/polaris-tout-terrain\/","title":{"rendered":"Polaris Tout-terrain"},"content":{"rendered":"<p><span style=\"font-weight: 400;\">Polaris propose une large gamme de v\u00e9hicules tout-terrain con\u00e7us pour affronter tous types de terrains avec puissance et fiabilit\u00e9. Sa gamme de SSV, dont les Polaris RZR et Polaris Ranger, est parfaite pour les amateurs d\u2019aventure et de performance, alliant agilit\u00e9 et robustesse pour conqu\u00e9rir les sentiers les plus difficiles. Le Polaris Sportsman, un quad polyvalent, est id\u00e9al pour le loisir comme pour les travaux intensifs, offrant confort et contr\u00f4le sur les terrains accident\u00e9s. Pour une exp\u00e9rience de conduite in\u00e9dite, le Polaris Slingshot procure des sensations fortes avec ses trois roues, combinant la libert\u00e9 de conduite en plein air \u00e0 la performance d\u2019un v\u00e9hicule sportif. Qu\u2019il s\u2019agisse de travail ou de loisir, les v\u00e9hicules tout-terrain Polaris offrent des performances de haut niveau dans tous les environnements.<\/span><\/p>\n<p><span style=\"font-weight: 400;\">Polaris propose une large gamme de v\u00e9hicules tout-terrain con\u00e7us pour affronter tous types de terrains avec puissance et fiabilit\u00e9. Sa gamme de SSV, dont les Polaris RZR et Polaris Ranger, est parfaite pour les amateurs d\u2019aventure et de performance, alliant agilit\u00e9 et robustesse pour conqu\u00e9rir les sentiers les plus difficiles. Le Polaris Sportsman, un quad polyvalent, est id\u00e9al pour le loisir comme pour les travaux intensifs, offrant confort et contr\u00f4le sur les terrains accident\u00e9s. Pour une exp\u00e9rience de conduite in\u00e9dite, le Polaris Slingshot procure des sensations fortes avec ses trois roues, combinant la libert\u00e9 de conduite en plein air \u00e0 la performance d\u2019un v\u00e9hicule sportif. Qu\u2019il s\u2019agisse de travail ou de loisir, les v\u00e9hicules tout-terrain Polaris offrent des performances de haut niveau dans tous les environnements.<\/span><\/p>\n","protected":false},"excerpt":{"rendered":"<p><span style=\"font-weight: 400;\">Polaris propose une large gamme de v\u00e9hicules tout-terrain con\u00e7us pour affronter tous types de terrains avec puissance et fiabilit\u00e9. Sa gamme de SSV, dont les Polaris RZR et Polaris Ranger, est parfaite pour les amateurs d\u2019aventure et de performance, alliant agilit\u00e9 et robustesse pour conqu\u00e9rir les sentiers les plus difficiles. Le Polaris Sportsman, un quad polyvalent, est id\u00e9al pour le loisir comme pour les travaux intensifs, offrant confort et contr\u00f4le sur les terrains accident\u00e9s. Pour une exp\u00e9rience de conduite in\u00e9dite, le Polaris Slingshot procure des sensations fortes avec ses trois roues, combinant la libert\u00e9 de conduite en plein air \u00e0 la performance d\u2019un v\u00e9hicule sportif. Qu\u2019il s\u2019agisse de travail ou de loisir, les v\u00e9hicules tout-terrain Polaris offrent des performances de haut niveau dans tous les environnements.<\/span><\/p>\n","protected":false},"featured_media":4062,"comment_status":"open","ping_status":"closed","template":"","meta":{"_acf_changed":false},"product_brand":[],"product_cat":[458],"product_tag":[],"class_list":{"0":"post-4061","1":"product","2":"type-product","3":"status-publish","4":"has-post-thumbnail","6":"product_cat-sem-categoria-fr","7":"setores-automobile","8":"setores-transport-et-logistique","9":"marcas-polaris","10":"tipo_produto-polaris-tout-terrain","12":"first","13":"instock","14":"shipping-taxable","15":"product-type-simple"},"acf":[],"yoast_head":"<!-- This site is optimized with the Yoast SEO plugin v25.2 - https:\/\/yoast.com\/wordpress\/plugins\/seo\/ -->\n<title>Polaris Tout-terrain - Trevotech Group<\/title>\n<meta name=\"description\" content=\"Polaris propose une large gamme de v\u00e9hicules tout-terrain con\u00e7us pour affronter tous types de terrains avec puissance et fiabilit\u00e9. Sa gamme...\" \/>\n<meta name=\"robots\" content=\"index, follow, max-snippet:-1, max-image-preview:large, max-video-preview:-1\" \/>\n<link rel=\"canonical\" href=\"https:\/\/trevotech.com\/fr\/produto\/polaris-tout-terrain\/\" \/>\n<meta property=\"og:locale\" content=\"fr_FR\" \/>\n<meta property=\"og:type\" content=\"article\" \/>\n<meta property=\"og:title\" content=\"Polaris Tout-terrain - Trevotech Group\" \/>\n<meta property=\"og:description\" content=\"Polaris propose une large gamme de v\u00e9hicules tout-terrain con\u00e7us pour affronter tous types de terrains avec puissance et fiabilit\u00e9. Sa gamme...\" \/>\n<meta property=\"og:url\" content=\"https:\/\/trevotech.com\/fr\/produto\/polaris-tout-terrain\/\" \/>\n<meta property=\"og:site_name\" content=\"Trevotech Group\" \/>\n<meta property=\"article:modified_time\" content=\"2025-08-05T15:03:45+00:00\" \/>\n<meta property=\"og:image\" content=\"https:\/\/trevotech.com\/wp-content\/uploads\/2024\/11\/Polaris-01.webp\" \/>\n\t<meta property=\"og:image:width\" content=\"1000\" \/>\n\t<meta property=\"og:image:height\" content=\"1000\" \/>\n\t<meta property=\"og:image:type\" content=\"image\/webp\" \/>\n<meta name=\"twitter:card\" content=\"summary_large_image\" \/>\n<meta name=\"twitter:label1\" content=\"Dur\u00e9e de lecture estim\u00e9e\" \/>\n\t<meta name=\"twitter:data1\" content=\"2 minutes\" \/>\n<script type=\"application\/ld+json\" class=\"yoast-schema-graph\">{\"@context\":\"https:\/\/schema.org\",\"@graph\":[{\"@type\":\"WebPage\",\"@id\":\"https:\/\/trevotech.com\/fr\/produto\/polaris-tout-terrain\/\",\"url\":\"https:\/\/trevotech.com\/fr\/produto\/polaris-tout-terrain\/\",\"name\":\"Polaris Tout-terrain - Trevotech Group\",\"isPartOf\":{\"@id\":\"https:\/\/trevotech.com\/fr\/#website\"},\"primaryImageOfPage\":{\"@id\":\"https:\/\/trevotech.com\/fr\/produto\/polaris-tout-terrain\/#primaryimage\"},\"image\":{\"@id\":\"https:\/\/trevotech.com\/fr\/produto\/polaris-tout-terrain\/#primaryimage\"},\"thumbnailUrl\":\"https:\/\/trevotech.com\/wp-content\/uploads\/2024\/11\/Polaris-01.webp\",\"datePublished\":\"2024-11-08T10:32:42+00:00\",\"dateModified\":\"2025-08-05T15:03:45+00:00\",\"description\":\"Polaris propose une large gamme de v\u00e9hicules tout-terrain con\u00e7us pour affronter tous types de terrains avec puissance et fiabilit\u00e9. Sa gamme...\",\"breadcrumb\":{\"@id\":\"https:\/\/trevotech.com\/fr\/produto\/polaris-tout-terrain\/#breadcrumb\"},\"inLanguage\":\"fr-FR\",\"potentialAction\":[{\"@type\":\"ReadAction\",\"target\":[\"https:\/\/trevotech.com\/fr\/produto\/polaris-tout-terrain\/\"]}]},{\"@type\":\"ImageObject\",\"inLanguage\":\"fr-FR\",\"@id\":\"https:\/\/trevotech.com\/fr\/produto\/polaris-tout-terrain\/#primaryimage\",\"url\":\"https:\/\/trevotech.com\/wp-content\/uploads\/2024\/11\/Polaris-01.webp\",\"contentUrl\":\"https:\/\/trevotech.com\/wp-content\/uploads\/2024\/11\/Polaris-01.webp\",\"width\":1000,\"height\":1000,\"caption\":\"Polaris Off Road\"},{\"@type\":\"BreadcrumbList\",\"@id\":\"https:\/\/trevotech.com\/fr\/produto\/polaris-tout-terrain\/#breadcrumb\",\"itemListElement\":[{\"@type\":\"ListItem\",\"position\":1,\"name\":\"In\u00edcio\",\"item\":\"https:\/\/trevotech.com\/fr\/\"},{\"@type\":\"ListItem\",\"position\":2,\"name\":\"Produits\",\"item\":\"https:\/\/trevotech.com\/fr\/shop\/\"},{\"@type\":\"ListItem\",\"position\":3,\"name\":\"Polaris Tout-terrain\"}]},{\"@type\":\"WebSite\",\"@id\":\"https:\/\/trevotech.com\/fr\/#website\",\"url\":\"https:\/\/trevotech.com\/fr\/\",\"name\":\"Trevotech Group\",\"description\":\"\",\"potentialAction\":[{\"@type\":\"SearchAction\",\"target\":{\"@type\":\"EntryPoint\",\"urlTemplate\":\"https:\/\/trevotech.com\/fr\/?s={search_term_string}\"},\"query-input\":{\"@type\":\"PropertyValueSpecification\",\"valueRequired\":true,\"valueName\":\"search_term_string\"}}],\"inLanguage\":\"fr-FR\"}]}<\/script>\n<!-- \/ Yoast SEO plugin. -->","yoast_head_json":{"title":"Polaris Tout-terrain - Trevotech Group","description":"Polaris propose une large gamme de v\u00e9hicules tout-terrain con\u00e7us pour affronter tous types de terrains avec puissance et fiabilit\u00e9. Sa gamme...","robots":{"index":"index","follow":"follow","max-snippet":"max-snippet:-1","max-image-preview":"max-image-preview:large","max-video-preview":"max-video-preview:-1"},"canonical":"https:\/\/trevotech.com\/fr\/produto\/polaris-tout-terrain\/","og_locale":"fr_FR","og_type":"article","og_title":"Polaris Tout-terrain - Trevotech Group","og_description":"Polaris propose une large gamme de v\u00e9hicules tout-terrain con\u00e7us pour affronter tous types de terrains avec puissance et fiabilit\u00e9. Sa gamme...","og_url":"https:\/\/trevotech.com\/fr\/produto\/polaris-tout-terrain\/","og_site_name":"Trevotech Group","article_modified_time":"2025-08-05T15:03:45+00:00","og_image":[{"width":1000,"height":1000,"url":"https:\/\/trevotech.com\/wp-content\/uploads\/2024\/11\/Polaris-01.webp","type":"image\/webp"}],"twitter_card":"summary_large_image","twitter_misc":{"Dur\u00e9e de lecture estim\u00e9e":"2 minutes"},"schema":{"@context":"https:\/\/schema.org","@graph":[{"@type":"WebPage","@id":"https:\/\/trevotech.com\/fr\/produto\/polaris-tout-terrain\/","url":"https:\/\/trevotech.com\/fr\/produto\/polaris-tout-terrain\/","name":"Polaris Tout-terrain - Trevotech Group","isPartOf":{"@id":"https:\/\/trevotech.com\/fr\/#website"},"primaryImageOfPage":{"@id":"https:\/\/trevotech.com\/fr\/produto\/polaris-tout-terrain\/#primaryimage"},"image":{"@id":"https:\/\/trevotech.com\/fr\/produto\/polaris-tout-terrain\/#primaryimage"},"thumbnailUrl":"https:\/\/trevotech.com\/wp-content\/uploads\/2024\/11\/Polaris-01.webp","datePublished":"2024-11-08T10:32:42+00:00","dateModified":"2025-08-05T15:03:45+00:00","description":"Polaris propose une large gamme de v\u00e9hicules tout-terrain con\u00e7us pour affronter tous types de terrains avec puissance et fiabilit\u00e9. Sa gamme...","breadcrumb":{"@id":"https:\/\/trevotech.com\/fr\/produto\/polaris-tout-terrain\/#breadcrumb"},"inLanguage":"fr-FR","potentialAction":[{"@type":"ReadAction","target":["https:\/\/trevotech.com\/fr\/produto\/polaris-tout-terrain\/"]}]},{"@type":"ImageObject","inLanguage":"fr-FR","@id":"https:\/\/trevotech.com\/fr\/produto\/polaris-tout-terrain\/#primaryimage","url":"https:\/\/trevotech.com\/wp-content\/uploads\/2024\/11\/Polaris-01.webp","contentUrl":"https:\/\/trevotech.com\/wp-content\/uploads\/2024\/11\/Polaris-01.webp","width":1000,"height":1000,"caption":"Polaris Off Road"},{"@type":"BreadcrumbList","@id":"https:\/\/trevotech.com\/fr\/produto\/polaris-tout-terrain\/#breadcrumb","itemListElement":[{"@type":"ListItem","position":1,"name":"In\u00edcio","item":"https:\/\/trevotech.com\/fr\/"},{"@type":"ListItem","position":2,"name":"Produits","item":"https:\/\/trevotech.com\/fr\/shop\/"},{"@type":"ListItem","position":3,"name":"Polaris Tout-terrain"}]},{"@type":"WebSite","@id":"https:\/\/trevotech.com\/fr\/#website","url":"https:\/\/trevotech.com\/fr\/","name":"Trevotech Group","description":"","potentialAction":[{"@type":"SearchAction","target":{"@type":"EntryPoint","urlTemplate":"https:\/\/trevotech.com\/fr\/?s={search_term_string}"},"query-input":{"@type":"PropertyValueSpecification","valueRequired":true,"valueName":"search_term_string"}}],"inLanguage":"fr-FR"}]}},"_links":{"self":[{"href":"https:\/\/trevotech.com\/fr\/wp-json\/wp\/v2\/product\/4061","targetHints":{"allow":["GET"]}}],"collection":[{"href":"https:\/\/trevotech.com\/fr\/wp-json\/wp\/v2\/product"}],"about":[{"href":"https:\/\/trevotech.com\/fr\/wp-json\/wp\/v2\/types\/product"}],"replies":[{"embeddable":true,"href":"https:\/\/trevotech.com\/fr\/wp-json\/wp\/v2\/comments?post=4061"}],"wp:featuredmedia":[{"embeddable":true,"href":"https:\/\/trevotech.com\/fr\/wp-json\/wp\/v2\/media\/4062"}],"wp:attachment":[{"href":"https:\/\/trevotech.com\/fr\/wp-json\/wp\/v2\/media?parent=4061"}],"wp:term":[{"taxonomy":"product_brand","embeddable":true,"href":"https:\/\/trevotech.com\/fr\/wp-json\/wp\/v2\/product_brand?post=4061"},{"taxonomy":"product_cat","embeddable":true,"href":"https:\/\/trevotech.com\/fr\/wp-json\/wp\/v2\/product_cat?post=4061"},{"taxonomy":"product_tag","embeddable":true,"href":"https:\/\/trevotech.com\/fr\/wp-json\/wp\/v2\/product_tag?post=4061"}],"curies":[{"name":"wp","href":"https:\/\/api.w.org\/{rel}","templated":true}]}}