{"id":4064,"date":"2024-11-08T10:27:08","date_gmt":"2024-11-08T10:27:08","guid":{"rendered":"https:\/\/trevotech.com\/produto\/polaris-on-road\/"},"modified":"2025-08-05T15:04:01","modified_gmt":"2025-08-05T15:04:01","slug":"polaris-sur-route","status":"publish","type":"product","link":"https:\/\/trevotech.com\/fr\/produto\/polaris-sur-route\/","title":{"rendered":"Polaris Sur Route"},"content":{"rendered":"<p><span style=\"font-weight: 400;\">Polaris Sur Route propose \u00e9galement des options pour la route, con\u00e7ues pour la performance et les sensations. Le Polaris Slingshot, un roadster \u00e0 trois roues, se d\u00e9marque comme une alternative unique et palpitante aux v\u00e9hicules traditionnels. Avec son design ouvert, son moteur puissant et une maniabilit\u00e9 proche de celle d\u2019une moto, le Slingshot offre une exp\u00e9rience de conduite \u00e9lectrisante, id\u00e9ale pour les amateurs d\u2019aventure sur route. Que ce soit sur autoroute ou sur routes sinueuses, le Slingshot combine la libert\u00e9 d\u2019une moto au confort et \u00e0 la stabilit\u00e9 d\u2019une voiture, en faisant un choix de pr\u00e9dilection pour ceux qui recherchent une conduite hors du commun.<\/span><\/p>\n<p><span style=\"font-weight: 400;\">Polaris Sur Route propose \u00e9galement des options pour la route, con\u00e7ues pour la performance et les sensations. Le Polaris Slingshot, un roadster \u00e0 trois roues, se d\u00e9marque comme une alternative unique et palpitante aux v\u00e9hicules traditionnels. Avec son design ouvert, son moteur puissant et une maniabilit\u00e9 proche de celle d\u2019une moto, le Slingshot offre une exp\u00e9rience de conduite \u00e9lectrisante, id\u00e9ale pour les amateurs d\u2019aventure sur route. Que ce soit sur autoroute ou sur routes sinueuses, le Slingshot combine la libert\u00e9 d\u2019une moto au confort et \u00e0 la stabilit\u00e9 d\u2019une voiture, en faisant un choix de pr\u00e9dilection pour ceux qui recherchent une conduite hors du commun.<\/span><\/p>\n","protected":false},"excerpt":{"rendered":"<p><span style=\"font-weight: 400;\">Polaris propose \u00e9galement des options pour la route, con\u00e7ues pour la performance et les sensations. Le Polaris Slingshot, un roadster \u00e0 trois roues, se d\u00e9marque comme une alternative unique et palpitante aux v\u00e9hicules traditionnels. Avec son design ouvert, son moteur puissant et une maniabilit\u00e9 proche de celle d\u2019une moto, le Slingshot offre une exp\u00e9rience de conduite \u00e9lectrisante, id\u00e9ale pour les amateurs d\u2019aventure sur route. Que ce soit sur autoroute ou sur routes sinueuses, le Slingshot combine la libert\u00e9 d\u2019une moto au confort et \u00e0 la stabilit\u00e9 d\u2019une voiture, en faisant un choix de pr\u00e9dilection pour ceux qui recherchent une conduite hors du commun.<\/span><\/p>\n","protected":false},"featured_media":4065,"comment_status":"open","ping_status":"closed","template":"","meta":{"_acf_changed":false},"product_brand":[],"product_cat":[458],"product_tag":[],"class_list":{"0":"post-4064","1":"product","2":"type-product","3":"status-publish","4":"has-post-thumbnail","6":"product_cat-sem-categoria-fr","7":"setores-automobile","8":"setores-transport-et-logistique","9":"marcas-polaris","10":"tipo_produto-polaris-sur-route","12":"first","13":"instock","14":"shipping-taxable","15":"product-type-simple"},"acf":[],"yoast_head":"<!-- This site is optimized with the Yoast SEO plugin v25.2 - https:\/\/yoast.com\/wordpress\/plugins\/seo\/ -->\n<title>Polaris Sur Route - Trevotech Group<\/title>\n<meta name=\"description\" content=\"Polaris Sur Route propose \u00e9galement des options pour la route, con\u00e7ues pour la performance et les sensations. Le Polaris Slingshot, un roadster \u00e0 trois...\" \/>\n<meta name=\"robots\" content=\"index, follow, max-snippet:-1, max-image-preview:large, max-video-preview:-1\" \/>\n<link rel=\"canonical\" href=\"https:\/\/trevotech.com\/fr\/produto\/polaris-sur-route\/\" \/>\n<meta property=\"og:locale\" content=\"fr_FR\" \/>\n<meta property=\"og:type\" content=\"article\" \/>\n<meta property=\"og:title\" content=\"Polaris Sur Route - Trevotech Group\" \/>\n<meta property=\"og:description\" content=\"Polaris Sur Route propose \u00e9galement des options pour la route, con\u00e7ues pour la performance et les sensations. Le Polaris Slingshot, un roadster \u00e0 trois...\" \/>\n<meta property=\"og:url\" content=\"https:\/\/trevotech.com\/fr\/produto\/polaris-sur-route\/\" \/>\n<meta property=\"og:site_name\" content=\"Trevotech Group\" \/>\n<meta property=\"article:modified_time\" content=\"2025-08-05T15:04:01+00:00\" \/>\n<meta property=\"og:image\" content=\"https:\/\/trevotech.com\/wp-content\/uploads\/2024\/11\/Polaris-02.webp\" \/>\n\t<meta property=\"og:image:width\" content=\"1000\" \/>\n\t<meta property=\"og:image:height\" content=\"1000\" \/>\n\t<meta property=\"og:image:type\" content=\"image\/webp\" \/>\n<meta name=\"twitter:card\" content=\"summary_large_image\" \/>\n<meta name=\"twitter:label1\" content=\"Dur\u00e9e de lecture estim\u00e9e\" \/>\n\t<meta name=\"twitter:data1\" content=\"2 minutes\" \/>\n<script type=\"application\/ld+json\" class=\"yoast-schema-graph\">{\"@context\":\"https:\/\/schema.org\",\"@graph\":[{\"@type\":\"WebPage\",\"@id\":\"https:\/\/trevotech.com\/fr\/produto\/polaris-sur-route\/\",\"url\":\"https:\/\/trevotech.com\/fr\/produto\/polaris-sur-route\/\",\"name\":\"Polaris Sur Route - Trevotech Group\",\"isPartOf\":{\"@id\":\"https:\/\/trevotech.com\/fr\/#website\"},\"primaryImageOfPage\":{\"@id\":\"https:\/\/trevotech.com\/fr\/produto\/polaris-sur-route\/#primaryimage\"},\"image\":{\"@id\":\"https:\/\/trevotech.com\/fr\/produto\/polaris-sur-route\/#primaryimage\"},\"thumbnailUrl\":\"https:\/\/trevotech.com\/wp-content\/uploads\/2024\/11\/Polaris-02.webp\",\"datePublished\":\"2024-11-08T10:27:08+00:00\",\"dateModified\":\"2025-08-05T15:04:01+00:00\",\"description\":\"Polaris Sur Route propose \u00e9galement des options pour la route, con\u00e7ues pour la performance et les sensations. Le Polaris Slingshot, un roadster \u00e0 trois...\",\"breadcrumb\":{\"@id\":\"https:\/\/trevotech.com\/fr\/produto\/polaris-sur-route\/#breadcrumb\"},\"inLanguage\":\"fr-FR\",\"potentialAction\":[{\"@type\":\"ReadAction\",\"target\":[\"https:\/\/trevotech.com\/fr\/produto\/polaris-sur-route\/\"]}]},{\"@type\":\"ImageObject\",\"inLanguage\":\"fr-FR\",\"@id\":\"https:\/\/trevotech.com\/fr\/produto\/polaris-sur-route\/#primaryimage\",\"url\":\"https:\/\/trevotech.com\/wp-content\/uploads\/2024\/11\/Polaris-02.webp\",\"contentUrl\":\"https:\/\/trevotech.com\/wp-content\/uploads\/2024\/11\/Polaris-02.webp\",\"width\":1000,\"height\":1000,\"caption\":\"Polaris On Road\"},{\"@type\":\"BreadcrumbList\",\"@id\":\"https:\/\/trevotech.com\/fr\/produto\/polaris-sur-route\/#breadcrumb\",\"itemListElement\":[{\"@type\":\"ListItem\",\"position\":1,\"name\":\"In\u00edcio\",\"item\":\"https:\/\/trevotech.com\/fr\/\"},{\"@type\":\"ListItem\",\"position\":2,\"name\":\"Produits\",\"item\":\"https:\/\/trevotech.com\/fr\/shop\/\"},{\"@type\":\"ListItem\",\"position\":3,\"name\":\"Polaris Sur Route\"}]},{\"@type\":\"WebSite\",\"@id\":\"https:\/\/trevotech.com\/fr\/#website\",\"url\":\"https:\/\/trevotech.com\/fr\/\",\"name\":\"Trevotech Group\",\"description\":\"\",\"potentialAction\":[{\"@type\":\"SearchAction\",\"target\":{\"@type\":\"EntryPoint\",\"urlTemplate\":\"https:\/\/trevotech.com\/fr\/?s={search_term_string}\"},\"query-input\":{\"@type\":\"PropertyValueSpecification\",\"valueRequired\":true,\"valueName\":\"search_term_string\"}}],\"inLanguage\":\"fr-FR\"}]}<\/script>\n<!-- \/ Yoast SEO plugin. -->","yoast_head_json":{"title":"Polaris Sur Route - Trevotech Group","description":"Polaris Sur Route propose \u00e9galement des options pour la route, con\u00e7ues pour la performance et les sensations. Le Polaris Slingshot, un roadster \u00e0 trois...","robots":{"index":"index","follow":"follow","max-snippet":"max-snippet:-1","max-image-preview":"max-image-preview:large","max-video-preview":"max-video-preview:-1"},"canonical":"https:\/\/trevotech.com\/fr\/produto\/polaris-sur-route\/","og_locale":"fr_FR","og_type":"article","og_title":"Polaris Sur Route - Trevotech Group","og_description":"Polaris Sur Route propose \u00e9galement des options pour la route, con\u00e7ues pour la performance et les sensations. Le Polaris Slingshot, un roadster \u00e0 trois...","og_url":"https:\/\/trevotech.com\/fr\/produto\/polaris-sur-route\/","og_site_name":"Trevotech Group","article_modified_time":"2025-08-05T15:04:01+00:00","og_image":[{"width":1000,"height":1000,"url":"https:\/\/trevotech.com\/wp-content\/uploads\/2024\/11\/Polaris-02.webp","type":"image\/webp"}],"twitter_card":"summary_large_image","twitter_misc":{"Dur\u00e9e de lecture estim\u00e9e":"2 minutes"},"schema":{"@context":"https:\/\/schema.org","@graph":[{"@type":"WebPage","@id":"https:\/\/trevotech.com\/fr\/produto\/polaris-sur-route\/","url":"https:\/\/trevotech.com\/fr\/produto\/polaris-sur-route\/","name":"Polaris Sur Route - Trevotech Group","isPartOf":{"@id":"https:\/\/trevotech.com\/fr\/#website"},"primaryImageOfPage":{"@id":"https:\/\/trevotech.com\/fr\/produto\/polaris-sur-route\/#primaryimage"},"image":{"@id":"https:\/\/trevotech.com\/fr\/produto\/polaris-sur-route\/#primaryimage"},"thumbnailUrl":"https:\/\/trevotech.com\/wp-content\/uploads\/2024\/11\/Polaris-02.webp","datePublished":"2024-11-08T10:27:08+00:00","dateModified":"2025-08-05T15:04:01+00:00","description":"Polaris Sur Route propose \u00e9galement des options pour la route, con\u00e7ues pour la performance et les sensations. Le Polaris Slingshot, un roadster \u00e0 trois...","breadcrumb":{"@id":"https:\/\/trevotech.com\/fr\/produto\/polaris-sur-route\/#breadcrumb"},"inLanguage":"fr-FR","potentialAction":[{"@type":"ReadAction","target":["https:\/\/trevotech.com\/fr\/produto\/polaris-sur-route\/"]}]},{"@type":"ImageObject","inLanguage":"fr-FR","@id":"https:\/\/trevotech.com\/fr\/produto\/polaris-sur-route\/#primaryimage","url":"https:\/\/trevotech.com\/wp-content\/uploads\/2024\/11\/Polaris-02.webp","contentUrl":"https:\/\/trevotech.com\/wp-content\/uploads\/2024\/11\/Polaris-02.webp","width":1000,"height":1000,"caption":"Polaris On Road"},{"@type":"BreadcrumbList","@id":"https:\/\/trevotech.com\/fr\/produto\/polaris-sur-route\/#breadcrumb","itemListElement":[{"@type":"ListItem","position":1,"name":"In\u00edcio","item":"https:\/\/trevotech.com\/fr\/"},{"@type":"ListItem","position":2,"name":"Produits","item":"https:\/\/trevotech.com\/fr\/shop\/"},{"@type":"ListItem","position":3,"name":"Polaris Sur Route"}]},{"@type":"WebSite","@id":"https:\/\/trevotech.com\/fr\/#website","url":"https:\/\/trevotech.com\/fr\/","name":"Trevotech Group","description":"","potentialAction":[{"@type":"SearchAction","target":{"@type":"EntryPoint","urlTemplate":"https:\/\/trevotech.com\/fr\/?s={search_term_string}"},"query-input":{"@type":"PropertyValueSpecification","valueRequired":true,"valueName":"search_term_string"}}],"inLanguage":"fr-FR"}]}},"_links":{"self":[{"href":"https:\/\/trevotech.com\/fr\/wp-json\/wp\/v2\/product\/4064","targetHints":{"allow":["GET"]}}],"collection":[{"href":"https:\/\/trevotech.com\/fr\/wp-json\/wp\/v2\/product"}],"about":[{"href":"https:\/\/trevotech.com\/fr\/wp-json\/wp\/v2\/types\/product"}],"replies":[{"embeddable":true,"href":"https:\/\/trevotech.com\/fr\/wp-json\/wp\/v2\/comments?post=4064"}],"wp:featuredmedia":[{"embeddable":true,"href":"https:\/\/trevotech.com\/fr\/wp-json\/wp\/v2\/media\/4065"}],"wp:attachment":[{"href":"https:\/\/trevotech.com\/fr\/wp-json\/wp\/v2\/media?parent=4064"}],"wp:term":[{"taxonomy":"product_brand","embeddable":true,"href":"https:\/\/trevotech.com\/fr\/wp-json\/wp\/v2\/product_brand?post=4064"},{"taxonomy":"product_cat","embeddable":true,"href":"https:\/\/trevotech.com\/fr\/wp-json\/wp\/v2\/product_cat?post=4064"},{"taxonomy":"product_tag","embeddable":true,"href":"https:\/\/trevotech.com\/fr\/wp-json\/wp\/v2\/product_tag?post=4064"}],"curies":[{"name":"wp","href":"https:\/\/api.w.org\/{rel}","templated":true}]}}