{"id":4067,"date":"2024-11-08T10:25:45","date_gmt":"2024-11-08T10:25:45","guid":{"rendered":"https:\/\/trevotech.com\/produto\/polaris-commercial\/"},"modified":"2025-08-05T15:08:28","modified_gmt":"2025-08-05T15:08:28","slug":"polaris-commercial","status":"publish","type":"product","link":"https:\/\/trevotech.com\/fr\/produto\/polaris-commercial\/","title":{"rendered":"Polaris Commercial"},"content":{"rendered":"<p><span style=\"font-weight: 400;\">Polaris Commercial propose une gamme robuste de v\u00e9hicules con\u00e7us pour r\u00e9pondre aux besoins des professionnels qui exigent durabilit\u00e9, performance et polyvalence dans des environnements exigeants. Du Polaris Ranger au Polaris General, en passant par le Polaris Brutus, ces SSV sont con\u00e7us pour accomplir des t\u00e2ches lourdes dans les secteurs de l\u2019agriculture, de la construction, de l\u2019am\u00e9nagement paysager et bien d\u2019autres. Avec une grande capacit\u00e9 de chargement, des aptitudes tout-terrain \u00e9prouv\u00e9es et de nombreuses options de personnalisation, les v\u00e9hicules utilitaires Polaris offrent des solutions fiables pour les travaux en zones recul\u00e9es ou difficiles. Pens\u00e9s pour am\u00e9liorer la productivit\u00e9 et l\u2019efficacit\u00e9, ils allient puissance, utilit\u00e9 et fiabilit\u00e9 \u2014 un choix strat\u00e9gique pour les professionnels de divers secteurs.<\/span><\/p>\n<p><span style=\"font-weight: 400;\">Polaris Commercial propose une gamme robuste de v\u00e9hicules con\u00e7us pour r\u00e9pondre aux besoins des professionnels qui exigent durabilit\u00e9, performance et polyvalence dans des environnements exigeants. Du Polaris Ranger au Polaris General, en passant par le Polaris Brutus, ces SSV sont con\u00e7us pour accomplir des t\u00e2ches lourdes dans les secteurs de l\u2019agriculture, de la construction, de l\u2019am\u00e9nagement paysager et bien d\u2019autres. Avec une grande capacit\u00e9 de chargement, des aptitudes tout-terrain \u00e9prouv\u00e9es et de nombreuses options de personnalisation, les v\u00e9hicules utilitaires Polaris offrent des solutions fiables pour les travaux en zones recul\u00e9es ou difficiles. Pens\u00e9s pour am\u00e9liorer la productivit\u00e9 et l\u2019efficacit\u00e9, ils allient puissance, utilit\u00e9 et fiabilit\u00e9 \u2014 un choix strat\u00e9gique pour les professionnels de divers secteurs.<\/span><\/p>\n","protected":false},"excerpt":{"rendered":"<p><span style=\"font-weight: 400;\">Polaris Commercial propose une gamme robuste de v\u00e9hicules con\u00e7us pour r\u00e9pondre aux besoins des professionnels qui exigent durabilit\u00e9, performance et polyvalence dans des environnements exigeants. Du Polaris Ranger au Polaris General, en passant par le Polaris Brutus, ces SSV sont con\u00e7us pour accomplir des t\u00e2ches lourdes dans les secteurs de l\u2019agriculture, de la construction, de l\u2019am\u00e9nagement paysager et bien d\u2019autres. Avec une grande capacit\u00e9 de chargement, des aptitudes tout-terrain \u00e9prouv\u00e9es et de nombreuses options de personnalisation, les v\u00e9hicules utilitaires Polaris offrent des solutions fiables pour les travaux en zones recul\u00e9es ou difficiles. Pens\u00e9s pour am\u00e9liorer la productivit\u00e9 et l\u2019efficacit\u00e9, ils allient puissance, utilit\u00e9 et fiabilit\u00e9 \u2014 un choix strat\u00e9gique pour les professionnels de divers secteurs.<\/span><\/p>\n","protected":false},"featured_media":3853,"comment_status":"open","ping_status":"closed","template":"","meta":{"_acf_changed":false},"product_brand":[],"product_cat":[458],"product_tag":[],"class_list":{"0":"post-4067","1":"product","2":"type-product","3":"status-publish","4":"has-post-thumbnail","6":"product_cat-sem-categoria-fr","7":"setores-automobile","8":"setores-transport-et-logistique","9":"marcas-polaris","10":"tipo_produto-polaris-commercial-fr","12":"first","13":"instock","14":"shipping-taxable","15":"product-type-simple"},"acf":[],"yoast_head":"<!-- This site is optimized with the Yoast SEO plugin v25.2 - https:\/\/yoast.com\/wordpress\/plugins\/seo\/ -->\n<title>Polaris Commercial - Trevotech Group<\/title>\n<meta name=\"description\" content=\"Polaris Commercial propose une gamme robuste de v\u00e9hicules con\u00e7us pour r\u00e9pondre aux besoins des professionnels qui exigent durabilit\u00e9, performance...\" \/>\n<meta name=\"robots\" content=\"index, follow, max-snippet:-1, max-image-preview:large, max-video-preview:-1\" \/>\n<link rel=\"canonical\" href=\"https:\/\/trevotech.com\/fr\/produto\/polaris-commercial\/\" \/>\n<meta property=\"og:locale\" content=\"fr_FR\" \/>\n<meta property=\"og:type\" content=\"article\" \/>\n<meta property=\"og:title\" content=\"Polaris Commercial - Trevotech Group\" \/>\n<meta property=\"og:description\" content=\"Polaris Commercial propose une gamme robuste de v\u00e9hicules con\u00e7us pour r\u00e9pondre aux besoins des professionnels qui exigent durabilit\u00e9, performance...\" \/>\n<meta property=\"og:url\" content=\"https:\/\/trevotech.com\/fr\/produto\/polaris-commercial\/\" \/>\n<meta property=\"og:site_name\" content=\"Trevotech Group\" \/>\n<meta property=\"article:modified_time\" content=\"2025-08-05T15:08:28+00:00\" \/>\n<meta property=\"og:image\" content=\"https:\/\/trevotech.com\/wp-content\/uploads\/2024\/11\/Polaris-03.webp\" \/>\n\t<meta property=\"og:image:width\" content=\"1000\" \/>\n\t<meta property=\"og:image:height\" content=\"1000\" \/>\n\t<meta property=\"og:image:type\" content=\"image\/webp\" \/>\n<meta name=\"twitter:card\" content=\"summary_large_image\" \/>\n<meta name=\"twitter:label1\" content=\"Dur\u00e9e de lecture estim\u00e9e\" \/>\n\t<meta name=\"twitter:data1\" content=\"2 minutes\" \/>\n<script type=\"application\/ld+json\" class=\"yoast-schema-graph\">{\"@context\":\"https:\/\/schema.org\",\"@graph\":[{\"@type\":\"WebPage\",\"@id\":\"https:\/\/trevotech.com\/fr\/produto\/polaris-commercial\/\",\"url\":\"https:\/\/trevotech.com\/fr\/produto\/polaris-commercial\/\",\"name\":\"Polaris Commercial - Trevotech Group\",\"isPartOf\":{\"@id\":\"https:\/\/trevotech.com\/fr\/#website\"},\"primaryImageOfPage\":{\"@id\":\"https:\/\/trevotech.com\/fr\/produto\/polaris-commercial\/#primaryimage\"},\"image\":{\"@id\":\"https:\/\/trevotech.com\/fr\/produto\/polaris-commercial\/#primaryimage\"},\"thumbnailUrl\":\"https:\/\/trevotech.com\/wp-content\/uploads\/2024\/11\/Polaris-03.webp\",\"datePublished\":\"2024-11-08T10:25:45+00:00\",\"dateModified\":\"2025-08-05T15:08:28+00:00\",\"description\":\"Polaris Commercial propose une gamme robuste de v\u00e9hicules con\u00e7us pour r\u00e9pondre aux besoins des professionnels qui exigent durabilit\u00e9, performance...\",\"breadcrumb\":{\"@id\":\"https:\/\/trevotech.com\/fr\/produto\/polaris-commercial\/#breadcrumb\"},\"inLanguage\":\"fr-FR\",\"potentialAction\":[{\"@type\":\"ReadAction\",\"target\":[\"https:\/\/trevotech.com\/fr\/produto\/polaris-commercial\/\"]}]},{\"@type\":\"ImageObject\",\"inLanguage\":\"fr-FR\",\"@id\":\"https:\/\/trevotech.com\/fr\/produto\/polaris-commercial\/#primaryimage\",\"url\":\"https:\/\/trevotech.com\/wp-content\/uploads\/2024\/11\/Polaris-03.webp\",\"contentUrl\":\"https:\/\/trevotech.com\/wp-content\/uploads\/2024\/11\/Polaris-03.webp\",\"width\":1000,\"height\":1000,\"caption\":\"Polaris Commercial\"},{\"@type\":\"BreadcrumbList\",\"@id\":\"https:\/\/trevotech.com\/fr\/produto\/polaris-commercial\/#breadcrumb\",\"itemListElement\":[{\"@type\":\"ListItem\",\"position\":1,\"name\":\"In\u00edcio\",\"item\":\"https:\/\/trevotech.com\/fr\/\"},{\"@type\":\"ListItem\",\"position\":2,\"name\":\"Produits\",\"item\":\"https:\/\/trevotech.com\/fr\/shop\/\"},{\"@type\":\"ListItem\",\"position\":3,\"name\":\"Polaris Commercial\"}]},{\"@type\":\"WebSite\",\"@id\":\"https:\/\/trevotech.com\/fr\/#website\",\"url\":\"https:\/\/trevotech.com\/fr\/\",\"name\":\"Trevotech Group\",\"description\":\"\",\"potentialAction\":[{\"@type\":\"SearchAction\",\"target\":{\"@type\":\"EntryPoint\",\"urlTemplate\":\"https:\/\/trevotech.com\/fr\/?s={search_term_string}\"},\"query-input\":{\"@type\":\"PropertyValueSpecification\",\"valueRequired\":true,\"valueName\":\"search_term_string\"}}],\"inLanguage\":\"fr-FR\"}]}<\/script>\n<!-- \/ Yoast SEO plugin. -->","yoast_head_json":{"title":"Polaris Commercial - Trevotech Group","description":"Polaris Commercial propose une gamme robuste de v\u00e9hicules con\u00e7us pour r\u00e9pondre aux besoins des professionnels qui exigent durabilit\u00e9, performance...","robots":{"index":"index","follow":"follow","max-snippet":"max-snippet:-1","max-image-preview":"max-image-preview:large","max-video-preview":"max-video-preview:-1"},"canonical":"https:\/\/trevotech.com\/fr\/produto\/polaris-commercial\/","og_locale":"fr_FR","og_type":"article","og_title":"Polaris Commercial - Trevotech Group","og_description":"Polaris Commercial propose une gamme robuste de v\u00e9hicules con\u00e7us pour r\u00e9pondre aux besoins des professionnels qui exigent durabilit\u00e9, performance...","og_url":"https:\/\/trevotech.com\/fr\/produto\/polaris-commercial\/","og_site_name":"Trevotech Group","article_modified_time":"2025-08-05T15:08:28+00:00","og_image":[{"width":1000,"height":1000,"url":"https:\/\/trevotech.com\/wp-content\/uploads\/2024\/11\/Polaris-03.webp","type":"image\/webp"}],"twitter_card":"summary_large_image","twitter_misc":{"Dur\u00e9e de lecture estim\u00e9e":"2 minutes"},"schema":{"@context":"https:\/\/schema.org","@graph":[{"@type":"WebPage","@id":"https:\/\/trevotech.com\/fr\/produto\/polaris-commercial\/","url":"https:\/\/trevotech.com\/fr\/produto\/polaris-commercial\/","name":"Polaris Commercial - Trevotech Group","isPartOf":{"@id":"https:\/\/trevotech.com\/fr\/#website"},"primaryImageOfPage":{"@id":"https:\/\/trevotech.com\/fr\/produto\/polaris-commercial\/#primaryimage"},"image":{"@id":"https:\/\/trevotech.com\/fr\/produto\/polaris-commercial\/#primaryimage"},"thumbnailUrl":"https:\/\/trevotech.com\/wp-content\/uploads\/2024\/11\/Polaris-03.webp","datePublished":"2024-11-08T10:25:45+00:00","dateModified":"2025-08-05T15:08:28+00:00","description":"Polaris Commercial propose une gamme robuste de v\u00e9hicules con\u00e7us pour r\u00e9pondre aux besoins des professionnels qui exigent durabilit\u00e9, performance...","breadcrumb":{"@id":"https:\/\/trevotech.com\/fr\/produto\/polaris-commercial\/#breadcrumb"},"inLanguage":"fr-FR","potentialAction":[{"@type":"ReadAction","target":["https:\/\/trevotech.com\/fr\/produto\/polaris-commercial\/"]}]},{"@type":"ImageObject","inLanguage":"fr-FR","@id":"https:\/\/trevotech.com\/fr\/produto\/polaris-commercial\/#primaryimage","url":"https:\/\/trevotech.com\/wp-content\/uploads\/2024\/11\/Polaris-03.webp","contentUrl":"https:\/\/trevotech.com\/wp-content\/uploads\/2024\/11\/Polaris-03.webp","width":1000,"height":1000,"caption":"Polaris Commercial"},{"@type":"BreadcrumbList","@id":"https:\/\/trevotech.com\/fr\/produto\/polaris-commercial\/#breadcrumb","itemListElement":[{"@type":"ListItem","position":1,"name":"In\u00edcio","item":"https:\/\/trevotech.com\/fr\/"},{"@type":"ListItem","position":2,"name":"Produits","item":"https:\/\/trevotech.com\/fr\/shop\/"},{"@type":"ListItem","position":3,"name":"Polaris Commercial"}]},{"@type":"WebSite","@id":"https:\/\/trevotech.com\/fr\/#website","url":"https:\/\/trevotech.com\/fr\/","name":"Trevotech Group","description":"","potentialAction":[{"@type":"SearchAction","target":{"@type":"EntryPoint","urlTemplate":"https:\/\/trevotech.com\/fr\/?s={search_term_string}"},"query-input":{"@type":"PropertyValueSpecification","valueRequired":true,"valueName":"search_term_string"}}],"inLanguage":"fr-FR"}]}},"_links":{"self":[{"href":"https:\/\/trevotech.com\/fr\/wp-json\/wp\/v2\/product\/4067","targetHints":{"allow":["GET"]}}],"collection":[{"href":"https:\/\/trevotech.com\/fr\/wp-json\/wp\/v2\/product"}],"about":[{"href":"https:\/\/trevotech.com\/fr\/wp-json\/wp\/v2\/types\/product"}],"replies":[{"embeddable":true,"href":"https:\/\/trevotech.com\/fr\/wp-json\/wp\/v2\/comments?post=4067"}],"wp:featuredmedia":[{"embeddable":true,"href":"https:\/\/trevotech.com\/fr\/wp-json\/wp\/v2\/media\/3853"}],"wp:attachment":[{"href":"https:\/\/trevotech.com\/fr\/wp-json\/wp\/v2\/media?parent=4067"}],"wp:term":[{"taxonomy":"product_brand","embeddable":true,"href":"https:\/\/trevotech.com\/fr\/wp-json\/wp\/v2\/product_brand?post=4067"},{"taxonomy":"product_cat","embeddable":true,"href":"https:\/\/trevotech.com\/fr\/wp-json\/wp\/v2\/product_cat?post=4067"},{"taxonomy":"product_tag","embeddable":true,"href":"https:\/\/trevotech.com\/fr\/wp-json\/wp\/v2\/product_tag?post=4067"}],"curies":[{"name":"wp","href":"https:\/\/api.w.org\/{rel}","templated":true}]}}