{"id":4069,"date":"2024-11-08T10:23:46","date_gmt":"2024-11-08T10:23:46","guid":{"rendered":"https:\/\/trevotech.com\/produto\/polaris-defense-military\/"},"modified":"2025-08-05T15:08:16","modified_gmt":"2025-08-05T15:08:16","slug":"polaris-defense-militaire","status":"publish","type":"product","link":"https:\/\/trevotech.com\/fr\/produto\/polaris-defense-militaire\/","title":{"rendered":"Polaris D\u00e9fense Militaire"},"content":{"rendered":"<p><span style=\"font-weight: 400;\">Polaris D\u00e9fense Militaire d\u00e9veloppe des v\u00e9hicules tout-terrain sp\u00e9cialis\u00e9s, con\u00e7us pour r\u00e9pondre aux exigences strictes des missions militaires et de d\u00e9fense. La s\u00e9rie MRZR, r\u00e9put\u00e9e pour son design l\u00e9ger et sa grande mobilit\u00e9, assure une maniabilit\u00e9 exceptionnelle sur terrains difficiles, id\u00e9ale pour les d\u00e9ploiements rapides et les missions tactiques.<\/span><\/p>\n<p><span style=\"font-weight: 400;\">Les v\u00e9hicules Polaris sont utilis\u00e9s par des forces arm\u00e9es dans le monde entier pour des op\u00e9rations de reconnaissance, de transport et de soutien logistique, gr\u00e2ce \u00e0 leur durabilit\u00e9, leur polyvalence et leur aptitude \u00e0 \u00e9voluer dans des conditions extr\u00eames. Dot\u00e9s d\u2019options de personnalisation, de fonctionnalit\u00e9s de s\u00e9curit\u00e9 avanc\u00e9es et capables d\u2019op\u00e9rer aussi bien en milieu urbain qu\u2019en zone hors route, les v\u00e9hicules Polaris Defense garantissent aux militaires l\u2019\u00e9quipement fiable n\u00e9cessaire pour accomplir leurs missions en toute efficacit\u00e9 et s\u00e9curit\u00e9.<\/span><\/p>\n<p><span style=\"font-weight: 400;\">Polaris D\u00e9fense Militaire d\u00e9veloppe des v\u00e9hicules tout-terrain sp\u00e9cialis\u00e9s, con\u00e7us pour r\u00e9pondre aux exigences strictes des missions militaires et de d\u00e9fense. La s\u00e9rie MRZR, r\u00e9put\u00e9e pour son design l\u00e9ger et sa grande mobilit\u00e9, assure une maniabilit\u00e9 exceptionnelle sur terrains difficiles, id\u00e9ale pour les d\u00e9ploiements rapides et les missions tactiques.<\/span><\/p>\n<p><span style=\"font-weight: 400;\">Les v\u00e9hicules Polaris sont utilis\u00e9s par des forces arm\u00e9es dans le monde entier pour des op\u00e9rations de reconnaissance, de transport et de soutien logistique, gr\u00e2ce \u00e0 leur durabilit\u00e9, leur polyvalence et leur aptitude \u00e0 \u00e9voluer dans des conditions extr\u00eames. Dot\u00e9s d\u2019options de personnalisation, de fonctionnalit\u00e9s de s\u00e9curit\u00e9 avanc\u00e9es et capables d\u2019op\u00e9rer aussi bien en milieu urbain qu\u2019en zone hors route, les v\u00e9hicules Polaris Defense garantissent aux militaires l\u2019\u00e9quipement fiable n\u00e9cessaire pour accomplir leurs missions en toute efficacit\u00e9 et s\u00e9curit\u00e9.<\/span><\/p>\n","protected":false},"excerpt":{"rendered":"<p><span style=\"font-weight: 400;\">Polaris Defense &amp; Military d\u00e9veloppe des v\u00e9hicules tout-terrain sp\u00e9cialis\u00e9s, con\u00e7us pour r\u00e9pondre aux exigences strictes des missions militaires et de d\u00e9fense. La s\u00e9rie MRZR, r\u00e9put\u00e9e pour son design l\u00e9ger et sa grande mobilit\u00e9, assure une maniabilit\u00e9 exceptionnelle sur terrains difficiles, id\u00e9ale pour les d\u00e9ploiements rapides et les missions tactiques.<\/span><\/p>\n<p><span style=\"font-weight: 400;\">Les v\u00e9hicules Polaris sont utilis\u00e9s par des forces arm\u00e9es dans le monde entier pour des op\u00e9rations de reconnaissance, de transport et de soutien logistique, gr\u00e2ce \u00e0 leur durabilit\u00e9, leur polyvalence et leur aptitude \u00e0 \u00e9voluer dans des conditions extr\u00eames. Dot\u00e9s d\u2019options de personnalisation, de fonctionnalit\u00e9s de s\u00e9curit\u00e9 avanc\u00e9es et capables d\u2019op\u00e9rer aussi bien en milieu urbain qu\u2019en zone hors route, les v\u00e9hicules Polaris Defense garantissent aux militaires l\u2019\u00e9quipement fiable n\u00e9cessaire pour accomplir leurs missions en toute efficacit\u00e9 et s\u00e9curit\u00e9.<\/span><\/p>\n","protected":false},"featured_media":3854,"comment_status":"open","ping_status":"closed","template":"","meta":{"_acf_changed":false},"product_brand":[],"product_cat":[458],"product_tag":[],"class_list":{"0":"post-4069","1":"product","2":"type-product","3":"status-publish","4":"has-post-thumbnail","6":"product_cat-sem-categoria-fr","7":"setores-automobile","8":"setores-transport-et-logistique","9":"marcas-polaris","10":"tipo_produto-polaris-defense-militaire","12":"first","13":"instock","14":"shipping-taxable","15":"product-type-simple"},"acf":[],"yoast_head":"<!-- This site is optimized with the Yoast SEO plugin v25.2 - https:\/\/yoast.com\/wordpress\/plugins\/seo\/ -->\n<title>Polaris D\u00e9fense Militaire - Trevotech Group<\/title>\n<meta name=\"description\" content=\"Polaris D\u00e9fense Militaire d\u00e9veloppe des v\u00e9hicules tout-terrain sp\u00e9cialis\u00e9s, con\u00e7us pour r\u00e9pondre aux exigences strictes des missions militaires....\" \/>\n<meta name=\"robots\" content=\"index, follow, max-snippet:-1, max-image-preview:large, max-video-preview:-1\" \/>\n<link rel=\"canonical\" href=\"https:\/\/trevotech.com\/fr\/produto\/polaris-defense-militaire\/\" \/>\n<meta property=\"og:locale\" content=\"fr_FR\" \/>\n<meta property=\"og:type\" content=\"article\" \/>\n<meta property=\"og:title\" content=\"Polaris D\u00e9fense Militaire - Trevotech Group\" \/>\n<meta property=\"og:description\" content=\"Polaris D\u00e9fense Militaire d\u00e9veloppe des v\u00e9hicules tout-terrain sp\u00e9cialis\u00e9s, con\u00e7us pour r\u00e9pondre aux exigences strictes des missions militaires....\" \/>\n<meta property=\"og:url\" content=\"https:\/\/trevotech.com\/fr\/produto\/polaris-defense-militaire\/\" \/>\n<meta property=\"og:site_name\" content=\"Trevotech Group\" \/>\n<meta property=\"article:modified_time\" content=\"2025-08-05T15:08:16+00:00\" \/>\n<meta property=\"og:image\" content=\"https:\/\/trevotech.com\/wp-content\/uploads\/2024\/11\/Polaris-04.webp\" \/>\n\t<meta property=\"og:image:width\" content=\"1000\" \/>\n\t<meta property=\"og:image:height\" content=\"1000\" \/>\n\t<meta property=\"og:image:type\" content=\"image\/webp\" \/>\n<meta name=\"twitter:card\" content=\"summary_large_image\" \/>\n<meta name=\"twitter:label1\" content=\"Dur\u00e9e de lecture estim\u00e9e\" \/>\n\t<meta name=\"twitter:data1\" content=\"2 minutes\" \/>\n<script type=\"application\/ld+json\" class=\"yoast-schema-graph\">{\"@context\":\"https:\/\/schema.org\",\"@graph\":[{\"@type\":\"WebPage\",\"@id\":\"https:\/\/trevotech.com\/fr\/produto\/polaris-defense-militaire\/\",\"url\":\"https:\/\/trevotech.com\/fr\/produto\/polaris-defense-militaire\/\",\"name\":\"Polaris D\u00e9fense Militaire - Trevotech Group\",\"isPartOf\":{\"@id\":\"https:\/\/trevotech.com\/fr\/#website\"},\"primaryImageOfPage\":{\"@id\":\"https:\/\/trevotech.com\/fr\/produto\/polaris-defense-militaire\/#primaryimage\"},\"image\":{\"@id\":\"https:\/\/trevotech.com\/fr\/produto\/polaris-defense-militaire\/#primaryimage\"},\"thumbnailUrl\":\"https:\/\/trevotech.com\/wp-content\/uploads\/2024\/11\/Polaris-04.webp\",\"datePublished\":\"2024-11-08T10:23:46+00:00\",\"dateModified\":\"2025-08-05T15:08:16+00:00\",\"description\":\"Polaris D\u00e9fense Militaire d\u00e9veloppe des v\u00e9hicules tout-terrain sp\u00e9cialis\u00e9s, con\u00e7us pour r\u00e9pondre aux exigences strictes des missions militaires....\",\"breadcrumb\":{\"@id\":\"https:\/\/trevotech.com\/fr\/produto\/polaris-defense-militaire\/#breadcrumb\"},\"inLanguage\":\"fr-FR\",\"potentialAction\":[{\"@type\":\"ReadAction\",\"target\":[\"https:\/\/trevotech.com\/fr\/produto\/polaris-defense-militaire\/\"]}]},{\"@type\":\"ImageObject\",\"inLanguage\":\"fr-FR\",\"@id\":\"https:\/\/trevotech.com\/fr\/produto\/polaris-defense-militaire\/#primaryimage\",\"url\":\"https:\/\/trevotech.com\/wp-content\/uploads\/2024\/11\/Polaris-04.webp\",\"contentUrl\":\"https:\/\/trevotech.com\/wp-content\/uploads\/2024\/11\/Polaris-04.webp\",\"width\":1000,\"height\":1000,\"caption\":\"Polaris Defense & Military\"},{\"@type\":\"BreadcrumbList\",\"@id\":\"https:\/\/trevotech.com\/fr\/produto\/polaris-defense-militaire\/#breadcrumb\",\"itemListElement\":[{\"@type\":\"ListItem\",\"position\":1,\"name\":\"In\u00edcio\",\"item\":\"https:\/\/trevotech.com\/fr\/\"},{\"@type\":\"ListItem\",\"position\":2,\"name\":\"Produits\",\"item\":\"https:\/\/trevotech.com\/fr\/shop\/\"},{\"@type\":\"ListItem\",\"position\":3,\"name\":\"Polaris D\u00e9fense Militaire\"}]},{\"@type\":\"WebSite\",\"@id\":\"https:\/\/trevotech.com\/fr\/#website\",\"url\":\"https:\/\/trevotech.com\/fr\/\",\"name\":\"Trevotech Group\",\"description\":\"\",\"potentialAction\":[{\"@type\":\"SearchAction\",\"target\":{\"@type\":\"EntryPoint\",\"urlTemplate\":\"https:\/\/trevotech.com\/fr\/?s={search_term_string}\"},\"query-input\":{\"@type\":\"PropertyValueSpecification\",\"valueRequired\":true,\"valueName\":\"search_term_string\"}}],\"inLanguage\":\"fr-FR\"}]}<\/script>\n<!-- \/ Yoast SEO plugin. -->","yoast_head_json":{"title":"Polaris D\u00e9fense Militaire - Trevotech Group","description":"Polaris D\u00e9fense Militaire d\u00e9veloppe des v\u00e9hicules tout-terrain sp\u00e9cialis\u00e9s, con\u00e7us pour r\u00e9pondre aux exigences strictes des missions militaires....","robots":{"index":"index","follow":"follow","max-snippet":"max-snippet:-1","max-image-preview":"max-image-preview:large","max-video-preview":"max-video-preview:-1"},"canonical":"https:\/\/trevotech.com\/fr\/produto\/polaris-defense-militaire\/","og_locale":"fr_FR","og_type":"article","og_title":"Polaris D\u00e9fense Militaire - Trevotech Group","og_description":"Polaris D\u00e9fense Militaire d\u00e9veloppe des v\u00e9hicules tout-terrain sp\u00e9cialis\u00e9s, con\u00e7us pour r\u00e9pondre aux exigences strictes des missions militaires....","og_url":"https:\/\/trevotech.com\/fr\/produto\/polaris-defense-militaire\/","og_site_name":"Trevotech Group","article_modified_time":"2025-08-05T15:08:16+00:00","og_image":[{"width":1000,"height":1000,"url":"https:\/\/trevotech.com\/wp-content\/uploads\/2024\/11\/Polaris-04.webp","type":"image\/webp"}],"twitter_card":"summary_large_image","twitter_misc":{"Dur\u00e9e de lecture estim\u00e9e":"2 minutes"},"schema":{"@context":"https:\/\/schema.org","@graph":[{"@type":"WebPage","@id":"https:\/\/trevotech.com\/fr\/produto\/polaris-defense-militaire\/","url":"https:\/\/trevotech.com\/fr\/produto\/polaris-defense-militaire\/","name":"Polaris D\u00e9fense Militaire - Trevotech Group","isPartOf":{"@id":"https:\/\/trevotech.com\/fr\/#website"},"primaryImageOfPage":{"@id":"https:\/\/trevotech.com\/fr\/produto\/polaris-defense-militaire\/#primaryimage"},"image":{"@id":"https:\/\/trevotech.com\/fr\/produto\/polaris-defense-militaire\/#primaryimage"},"thumbnailUrl":"https:\/\/trevotech.com\/wp-content\/uploads\/2024\/11\/Polaris-04.webp","datePublished":"2024-11-08T10:23:46+00:00","dateModified":"2025-08-05T15:08:16+00:00","description":"Polaris D\u00e9fense Militaire d\u00e9veloppe des v\u00e9hicules tout-terrain sp\u00e9cialis\u00e9s, con\u00e7us pour r\u00e9pondre aux exigences strictes des missions militaires....","breadcrumb":{"@id":"https:\/\/trevotech.com\/fr\/produto\/polaris-defense-militaire\/#breadcrumb"},"inLanguage":"fr-FR","potentialAction":[{"@type":"ReadAction","target":["https:\/\/trevotech.com\/fr\/produto\/polaris-defense-militaire\/"]}]},{"@type":"ImageObject","inLanguage":"fr-FR","@id":"https:\/\/trevotech.com\/fr\/produto\/polaris-defense-militaire\/#primaryimage","url":"https:\/\/trevotech.com\/wp-content\/uploads\/2024\/11\/Polaris-04.webp","contentUrl":"https:\/\/trevotech.com\/wp-content\/uploads\/2024\/11\/Polaris-04.webp","width":1000,"height":1000,"caption":"Polaris Defense & Military"},{"@type":"BreadcrumbList","@id":"https:\/\/trevotech.com\/fr\/produto\/polaris-defense-militaire\/#breadcrumb","itemListElement":[{"@type":"ListItem","position":1,"name":"In\u00edcio","item":"https:\/\/trevotech.com\/fr\/"},{"@type":"ListItem","position":2,"name":"Produits","item":"https:\/\/trevotech.com\/fr\/shop\/"},{"@type":"ListItem","position":3,"name":"Polaris D\u00e9fense Militaire"}]},{"@type":"WebSite","@id":"https:\/\/trevotech.com\/fr\/#website","url":"https:\/\/trevotech.com\/fr\/","name":"Trevotech Group","description":"","potentialAction":[{"@type":"SearchAction","target":{"@type":"EntryPoint","urlTemplate":"https:\/\/trevotech.com\/fr\/?s={search_term_string}"},"query-input":{"@type":"PropertyValueSpecification","valueRequired":true,"valueName":"search_term_string"}}],"inLanguage":"fr-FR"}]}},"_links":{"self":[{"href":"https:\/\/trevotech.com\/fr\/wp-json\/wp\/v2\/product\/4069","targetHints":{"allow":["GET"]}}],"collection":[{"href":"https:\/\/trevotech.com\/fr\/wp-json\/wp\/v2\/product"}],"about":[{"href":"https:\/\/trevotech.com\/fr\/wp-json\/wp\/v2\/types\/product"}],"replies":[{"embeddable":true,"href":"https:\/\/trevotech.com\/fr\/wp-json\/wp\/v2\/comments?post=4069"}],"wp:featuredmedia":[{"embeddable":true,"href":"https:\/\/trevotech.com\/fr\/wp-json\/wp\/v2\/media\/3854"}],"wp:attachment":[{"href":"https:\/\/trevotech.com\/fr\/wp-json\/wp\/v2\/media?parent=4069"}],"wp:term":[{"taxonomy":"product_brand","embeddable":true,"href":"https:\/\/trevotech.com\/fr\/wp-json\/wp\/v2\/product_brand?post=4069"},{"taxonomy":"product_cat","embeddable":true,"href":"https:\/\/trevotech.com\/fr\/wp-json\/wp\/v2\/product_cat?post=4069"},{"taxonomy":"product_tag","embeddable":true,"href":"https:\/\/trevotech.com\/fr\/wp-json\/wp\/v2\/product_tag?post=4069"}],"curies":[{"name":"wp","href":"https:\/\/api.w.org\/{rel}","templated":true}]}}