{"id":4075,"date":"2026-03-24T10:48:16","date_gmt":"2026-03-24T10:48:16","guid":{"rendered":"https:\/\/trevotech.com\/produto\/toyota-rav4\/"},"modified":"2026-03-24T11:19:48","modified_gmt":"2026-03-24T11:19:48","slug":"rav4","status":"publish","type":"product","link":"https:\/\/trevotech.com\/fr\/produto\/rav4\/","title":{"rendered":"RAV4"},"content":{"rendered":"<p><span style=\"font-weight: 400;\">Le <a href=\"https:\/\/trevotech.com\/fr\/marques\/toyota-fr\/\">Toyota<\/a> RAV4 est le SUV compact qui combine la robustesse d&rsquo;un v\u00e9hicule 4&#215;4 avec le confort et l&rsquo;efficacit\u00e9 d&rsquo;un mod\u00e8le urbain. Id\u00e9al pour ceux qui recherchent une voiture polyvalente, le RAV4 offre des performances exceptionnelles tant sur route qu&rsquo;en dehors, avec l&rsquo;option de transmission int\u00e9grale sur certaines versions, garantissant une stabilit\u00e9 et une s\u00e9curit\u00e9 accrues dans toutes les conditions de conduite. \u00c9quip\u00e9 des technologies les plus avanc\u00e9es, le RAV4 dispose du syst\u00e8me de s\u00e9curit\u00e9 Toyota Safety Sense, ainsi que de fonctionnalit\u00e9s de connectivit\u00e9 de derni\u00e8re g\u00e9n\u00e9ration telles que Apple CarPlay et Android Auto. Que ce soit pour des aventures en plein air ou pour le quotidien, le Toyota RAV4 est le choix parfait pour ceux qui veulent un SUV fiable, innovant et \u00e9l\u00e9gant.<\/span><\/p>\n<p><span style=\"font-weight: 400;\">Le Toyota RAV4 est le SUV compact qui combine la robustesse d&rsquo;un v\u00e9hicule 4&#215;4 avec le confort et l&rsquo;efficacit\u00e9 d&rsquo;un mod\u00e8le urbain. Id\u00e9al pour ceux qui recherchent une voiture polyvalente, le RAV4 offre des performances exceptionnelles tant sur route qu&rsquo;en dehors, avec l&rsquo;option de transmission int\u00e9grale sur certaines versions, garantissant une stabilit\u00e9 et une s\u00e9curit\u00e9 accrues dans toutes les conditions de conduite. \u00c9quip\u00e9 des technologies les plus avanc\u00e9es, le RAV4 dispose du syst\u00e8me de s\u00e9curit\u00e9 Toyota Safety Sense, ainsi que de fonctionnalit\u00e9s de connectivit\u00e9 de derni\u00e8re g\u00e9n\u00e9ration telles que Apple CarPlay et Android Auto. Que ce soit pour des aventures en plein air ou pour le quotidien, le Toyota RAV4 est le choix parfait pour ceux qui veulent un SUV fiable, innovant et \u00e9l\u00e9gant.<\/span><\/p>\n<p><span style=\"font-weight: 400;\">Le est le SUV compact qui combine la robustesse d&rsquo;un v\u00e9hicule 4&#215;4 avec le confort et l&rsquo;efficacit\u00e9 d&rsquo;un mod\u00e8le urbain. Id\u00e9al pour ceux qui recherchent une voiture polyvalente, le RAV4 offre des performances exceptionnelles tant sur route qu&rsquo;en dehors, avec l&rsquo;option de transmission int\u00e9grale sur certaines versions, garantissant une stabilit\u00e9 et une s\u00e9curit\u00e9 accrues dans toutes les conditions de conduite. \u00c9quip\u00e9 des technologies les plus avanc\u00e9es, le RAV4 dispose du syst\u00e8me de s\u00e9curit\u00e9 Toyota Safety Sense, ainsi que de fonctionnalit\u00e9s de connectivit\u00e9 de derni\u00e8re g\u00e9n\u00e9ration telles que Apple CarPlay et Android Auto. Que ce soit pour des aventures en plein air ou pour le quotidien, le est le choix parfait pour ceux qui veulent un SUV fiable, innovant et \u00e9l\u00e9gant.<\/span><\/p>\n","protected":false},"excerpt":{"rendered":"<p><span style=\"font-weight: 400;\">Le Toyota RAV4 est le SUV compact qui combine la robustesse d&rsquo;un v\u00e9hicule 4&#215;4 avec le confort et l&rsquo;efficacit\u00e9 d&rsquo;un mod\u00e8le urbain. Id\u00e9al pour ceux qui recherchent une voiture polyvalente, le RAV4 offre des performances exceptionnelles tant sur route qu&rsquo;en dehors, avec l&rsquo;option de transmission int\u00e9grale sur certaines versions, garantissant une stabilit\u00e9 et une s\u00e9curit\u00e9 accrues dans toutes les conditions de conduite. \u00c9quip\u00e9 des technologies les plus avanc\u00e9es, le RAV4 dispose du syst\u00e8me de s\u00e9curit\u00e9 Toyota Safety Sense, ainsi que de fonctionnalit\u00e9s de connectivit\u00e9 de derni\u00e8re g\u00e9n\u00e9ration telles que Apple CarPlay et Android Auto. Que ce soit pour des aventures en plein air ou pour le quotidien, le Toyota RAV4 est le choix parfait pour ceux qui veulent un SUV fiable, innovant et \u00e9l\u00e9gant.<\/span><\/p>\n","protected":false},"featured_media":4866,"comment_status":"open","ping_status":"closed","template":"","meta":{"_acf_changed":false},"product_brand":[],"product_cat":[458],"product_tag":[],"class_list":{"0":"post-4075","1":"product","2":"type-product","3":"status-publish","4":"has-post-thumbnail","6":"product_cat-sem-categoria-fr","7":"setores-automobile","8":"marcas-toyota","9":"tipo_produto-rav4-fr","11":"first","12":"instock","13":"shipping-taxable","14":"product-type-simple"},"acf":[],"yoast_head":"<!-- This site is optimized with the Yoast SEO plugin v25.2 - https:\/\/yoast.com\/wordpress\/plugins\/seo\/ -->\n<title>RAV4 Toyota - Trevotech Group<\/title>\n<meta name=\"description\" content=\"Le Toyota RAV4 est le SUV compact qui combine la robustesse d&#039;un v\u00e9hicule 4x4 avec le confort et l&#039;efficacit\u00e9 d&#039;un mod\u00e8le urbain. Id\u00e9al pour ceux qui...\" \/>\n<meta name=\"robots\" content=\"index, follow, max-snippet:-1, max-image-preview:large, max-video-preview:-1\" \/>\n<link rel=\"canonical\" href=\"https:\/\/trevotech.com\/fr\/produto\/rav4\/\" \/>\n<meta property=\"og:locale\" content=\"fr_FR\" \/>\n<meta property=\"og:type\" content=\"article\" \/>\n<meta property=\"og:title\" content=\"RAV4 Toyota - Trevotech Group\" \/>\n<meta property=\"og:description\" content=\"Le Toyota RAV4 est le SUV compact qui combine la robustesse d&#039;un v\u00e9hicule 4x4 avec le confort et l&#039;efficacit\u00e9 d&#039;un mod\u00e8le urbain. Id\u00e9al pour ceux qui...\" \/>\n<meta property=\"og:url\" content=\"https:\/\/trevotech.com\/fr\/produto\/rav4\/\" \/>\n<meta property=\"og:site_name\" content=\"Trevotech Group\" \/>\n<meta property=\"article:modified_time\" content=\"2026-03-24T11:19:48+00:00\" \/>\n<meta property=\"og:image\" content=\"https:\/\/trevotech.com\/wp-content\/uploads\/2024\/11\/RAV4-scaled.webp\" \/>\n\t<meta property=\"og:image:width\" content=\"2560\" \/>\n\t<meta property=\"og:image:height\" content=\"2560\" \/>\n\t<meta property=\"og:image:type\" content=\"image\/webp\" \/>\n<meta name=\"twitter:card\" content=\"summary_large_image\" \/>\n<meta name=\"twitter:label1\" content=\"Dur\u00e9e de lecture estim\u00e9e\" \/>\n\t<meta name=\"twitter:data1\" content=\"3 minutes\" \/>\n<script type=\"application\/ld+json\" class=\"yoast-schema-graph\">{\"@context\":\"https:\/\/schema.org\",\"@graph\":[{\"@type\":\"WebPage\",\"@id\":\"https:\/\/trevotech.com\/fr\/produto\/rav4\/\",\"url\":\"https:\/\/trevotech.com\/fr\/produto\/rav4\/\",\"name\":\"RAV4 Toyota - Trevotech Group\",\"isPartOf\":{\"@id\":\"https:\/\/trevotech.com\/fr\/#website\"},\"primaryImageOfPage\":{\"@id\":\"https:\/\/trevotech.com\/fr\/produto\/rav4\/#primaryimage\"},\"image\":{\"@id\":\"https:\/\/trevotech.com\/fr\/produto\/rav4\/#primaryimage\"},\"thumbnailUrl\":\"https:\/\/trevotech.com\/wp-content\/uploads\/2024\/11\/RAV4-scaled.webp\",\"datePublished\":\"2026-03-24T10:48:16+00:00\",\"dateModified\":\"2026-03-24T11:19:48+00:00\",\"description\":\"Le Toyota RAV4 est le SUV compact qui combine la robustesse d'un v\u00e9hicule 4x4 avec le confort et l'efficacit\u00e9 d'un mod\u00e8le urbain. Id\u00e9al pour ceux qui...\",\"breadcrumb\":{\"@id\":\"https:\/\/trevotech.com\/fr\/produto\/rav4\/#breadcrumb\"},\"inLanguage\":\"fr-FR\",\"potentialAction\":[{\"@type\":\"ReadAction\",\"target\":[\"https:\/\/trevotech.com\/fr\/produto\/rav4\/\"]}]},{\"@type\":\"ImageObject\",\"inLanguage\":\"fr-FR\",\"@id\":\"https:\/\/trevotech.com\/fr\/produto\/rav4\/#primaryimage\",\"url\":\"https:\/\/trevotech.com\/wp-content\/uploads\/2024\/11\/RAV4-scaled.webp\",\"contentUrl\":\"https:\/\/trevotech.com\/wp-content\/uploads\/2024\/11\/RAV4-scaled.webp\",\"width\":2560,\"height\":2560,\"caption\":\"RAV4\"},{\"@type\":\"BreadcrumbList\",\"@id\":\"https:\/\/trevotech.com\/fr\/produto\/rav4\/#breadcrumb\",\"itemListElement\":[{\"@type\":\"ListItem\",\"position\":1,\"name\":\"In\u00edcio\",\"item\":\"https:\/\/trevotech.com\/fr\/\"},{\"@type\":\"ListItem\",\"position\":2,\"name\":\"Produits\",\"item\":\"https:\/\/trevotech.com\/fr\/shop\/\"},{\"@type\":\"ListItem\",\"position\":3,\"name\":\"RAV4\"}]},{\"@type\":\"WebSite\",\"@id\":\"https:\/\/trevotech.com\/fr\/#website\",\"url\":\"https:\/\/trevotech.com\/fr\/\",\"name\":\"Trevotech Group\",\"description\":\"\",\"potentialAction\":[{\"@type\":\"SearchAction\",\"target\":{\"@type\":\"EntryPoint\",\"urlTemplate\":\"https:\/\/trevotech.com\/fr\/?s={search_term_string}\"},\"query-input\":{\"@type\":\"PropertyValueSpecification\",\"valueRequired\":true,\"valueName\":\"search_term_string\"}}],\"inLanguage\":\"fr-FR\"}]}<\/script>\n<!-- \/ Yoast SEO plugin. -->","yoast_head_json":{"title":"RAV4 Toyota - Trevotech Group","description":"Le Toyota RAV4 est le SUV compact qui combine la robustesse d'un v\u00e9hicule 4x4 avec le confort et l'efficacit\u00e9 d'un mod\u00e8le urbain. Id\u00e9al pour ceux qui...","robots":{"index":"index","follow":"follow","max-snippet":"max-snippet:-1","max-image-preview":"max-image-preview:large","max-video-preview":"max-video-preview:-1"},"canonical":"https:\/\/trevotech.com\/fr\/produto\/rav4\/","og_locale":"fr_FR","og_type":"article","og_title":"RAV4 Toyota - Trevotech Group","og_description":"Le Toyota RAV4 est le SUV compact qui combine la robustesse d'un v\u00e9hicule 4x4 avec le confort et l'efficacit\u00e9 d'un mod\u00e8le urbain. Id\u00e9al pour ceux qui...","og_url":"https:\/\/trevotech.com\/fr\/produto\/rav4\/","og_site_name":"Trevotech Group","article_modified_time":"2026-03-24T11:19:48+00:00","og_image":[{"width":2560,"height":2560,"url":"https:\/\/trevotech.com\/wp-content\/uploads\/2024\/11\/RAV4-scaled.webp","type":"image\/webp"}],"twitter_card":"summary_large_image","twitter_misc":{"Dur\u00e9e de lecture estim\u00e9e":"3 minutes"},"schema":{"@context":"https:\/\/schema.org","@graph":[{"@type":"WebPage","@id":"https:\/\/trevotech.com\/fr\/produto\/rav4\/","url":"https:\/\/trevotech.com\/fr\/produto\/rav4\/","name":"RAV4 Toyota - Trevotech Group","isPartOf":{"@id":"https:\/\/trevotech.com\/fr\/#website"},"primaryImageOfPage":{"@id":"https:\/\/trevotech.com\/fr\/produto\/rav4\/#primaryimage"},"image":{"@id":"https:\/\/trevotech.com\/fr\/produto\/rav4\/#primaryimage"},"thumbnailUrl":"https:\/\/trevotech.com\/wp-content\/uploads\/2024\/11\/RAV4-scaled.webp","datePublished":"2026-03-24T10:48:16+00:00","dateModified":"2026-03-24T11:19:48+00:00","description":"Le Toyota RAV4 est le SUV compact qui combine la robustesse d'un v\u00e9hicule 4x4 avec le confort et l'efficacit\u00e9 d'un mod\u00e8le urbain. Id\u00e9al pour ceux qui...","breadcrumb":{"@id":"https:\/\/trevotech.com\/fr\/produto\/rav4\/#breadcrumb"},"inLanguage":"fr-FR","potentialAction":[{"@type":"ReadAction","target":["https:\/\/trevotech.com\/fr\/produto\/rav4\/"]}]},{"@type":"ImageObject","inLanguage":"fr-FR","@id":"https:\/\/trevotech.com\/fr\/produto\/rav4\/#primaryimage","url":"https:\/\/trevotech.com\/wp-content\/uploads\/2024\/11\/RAV4-scaled.webp","contentUrl":"https:\/\/trevotech.com\/wp-content\/uploads\/2024\/11\/RAV4-scaled.webp","width":2560,"height":2560,"caption":"RAV4"},{"@type":"BreadcrumbList","@id":"https:\/\/trevotech.com\/fr\/produto\/rav4\/#breadcrumb","itemListElement":[{"@type":"ListItem","position":1,"name":"In\u00edcio","item":"https:\/\/trevotech.com\/fr\/"},{"@type":"ListItem","position":2,"name":"Produits","item":"https:\/\/trevotech.com\/fr\/shop\/"},{"@type":"ListItem","position":3,"name":"RAV4"}]},{"@type":"WebSite","@id":"https:\/\/trevotech.com\/fr\/#website","url":"https:\/\/trevotech.com\/fr\/","name":"Trevotech Group","description":"","potentialAction":[{"@type":"SearchAction","target":{"@type":"EntryPoint","urlTemplate":"https:\/\/trevotech.com\/fr\/?s={search_term_string}"},"query-input":{"@type":"PropertyValueSpecification","valueRequired":true,"valueName":"search_term_string"}}],"inLanguage":"fr-FR"}]}},"_links":{"self":[{"href":"https:\/\/trevotech.com\/fr\/wp-json\/wp\/v2\/product\/4075","targetHints":{"allow":["GET"]}}],"collection":[{"href":"https:\/\/trevotech.com\/fr\/wp-json\/wp\/v2\/product"}],"about":[{"href":"https:\/\/trevotech.com\/fr\/wp-json\/wp\/v2\/types\/product"}],"replies":[{"embeddable":true,"href":"https:\/\/trevotech.com\/fr\/wp-json\/wp\/v2\/comments?post=4075"}],"wp:featuredmedia":[{"embeddable":true,"href":"https:\/\/trevotech.com\/fr\/wp-json\/wp\/v2\/media\/4866"}],"wp:attachment":[{"href":"https:\/\/trevotech.com\/fr\/wp-json\/wp\/v2\/media?parent=4075"}],"wp:term":[{"taxonomy":"product_brand","embeddable":true,"href":"https:\/\/trevotech.com\/fr\/wp-json\/wp\/v2\/product_brand?post=4075"},{"taxonomy":"product_cat","embeddable":true,"href":"https:\/\/trevotech.com\/fr\/wp-json\/wp\/v2\/product_cat?post=4075"},{"taxonomy":"product_tag","embeddable":true,"href":"https:\/\/trevotech.com\/fr\/wp-json\/wp\/v2\/product_tag?post=4075"}],"curies":[{"name":"wp","href":"https:\/\/api.w.org\/{rel}","templated":true}]}}