{"id":4083,"date":"2024-11-11T11:39:09","date_gmt":"2024-11-11T11:39:09","guid":{"rendered":"https:\/\/trevotech.com\/produto\/pallet-stackers\/"},"modified":"2025-08-05T14:40:09","modified_gmt":"2025-08-05T14:40:09","slug":"transpalettes","status":"publish","type":"product","link":"https:\/\/trevotech.com\/fr\/produto\/transpalettes\/","title":{"rendered":"Transpalettes"},"content":{"rendered":"<p><span style=\"font-weight: 400;\">Les transpalettes de Linde Material Handling sont con\u00e7us pour offrir efficacit\u00e9 et pr\u00e9cision dans la manutention horizontale des charges dans les entrep\u00f4ts, centres logistiques et sites industriels. Avec une capacit\u00e9 de charge allant jusqu\u2019\u00e0 3,3 tonnes, ils sont id\u00e9aux pour le transport rapide et s\u00e9curis\u00e9 des palettes sur de courtes et moyennes distances. Certains mod\u00e8les permettent des lev\u00e9es jusqu\u2019\u00e0 200 mm, facilitant les op\u00e9rations de chargement et de d\u00e9chargement.<\/span><span style=\"font-weight: 400;\"><br \/>\n<\/span><span style=\"font-weight: 400;\">Disponibles en versions manuelles et \u00e9lectriques, ils se distinguent par leur design compact qui garantit une excellente man\u0153uvrabilit\u00e9 m\u00eame dans des all\u00e9es \u00e9troites. Les mod\u00e8les \u00e9lectriques disposent de moteurs puissants et de syst\u00e8mes de freinage r\u00e9g\u00e9n\u00e9ratif, assurant des performances efficaces et une \u00e9conomie d\u2019\u00e9nergie. De plus, les transpalettes Linde sont dot\u00e9s de poign\u00e9es ergonomiques et de commandes intuitives, r\u00e9duisant l\u2019effort de l\u2019op\u00e9rateur et augmentant la productivit\u00e9. Avec des composants n\u00e9cessitant peu d\u2019entretien et une construction robuste, ils constituent une solution fiable et \u00e9conomique pour optimiser les flux de travail.<\/span><\/p>\n<p><span style=\"font-weight: 400;\">Les transpalettes de Linde Material Handling sont con\u00e7us pour offrir efficacit\u00e9 et pr\u00e9cision dans la manutention horizontale des charges dans les entrep\u00f4ts, centres logistiques et sites industriels. Avec une capacit\u00e9 de charge allant jusqu\u2019\u00e0 3,3 tonnes, ils sont id\u00e9aux pour le transport rapide et s\u00e9curis\u00e9 des palettes sur de courtes et moyennes distances. Certains mod\u00e8les permettent des lev\u00e9es jusqu\u2019\u00e0 200 mm, facilitant les op\u00e9rations de chargement et de d\u00e9chargement.<\/span><span style=\"font-weight: 400;\"><br \/>\n<\/span><span style=\"font-weight: 400;\">Disponibles en versions manuelles et \u00e9lectriques, ils se distinguent par leur design compact qui garantit une excellente man\u0153uvrabilit\u00e9 m\u00eame dans des all\u00e9es \u00e9troites. Les mod\u00e8les \u00e9lectriques disposent de moteurs puissants et de syst\u00e8mes de freinage r\u00e9g\u00e9n\u00e9ratif, assurant des performances efficaces et une \u00e9conomie d\u2019\u00e9nergie. De plus, les transpalettes Linde sont dot\u00e9s de poign\u00e9es ergonomiques et de commandes intuitives, r\u00e9duisant l\u2019effort de l\u2019op\u00e9rateur et augmentant la productivit\u00e9. Avec des composants n\u00e9cessitant peu d\u2019entretien et une construction robuste, ils constituent une solution fiable et \u00e9conomique pour optimiser les flux de travail.<\/span><\/p>\n","protected":false},"excerpt":{"rendered":"<p><span style=\"font-weight: 400;\">Les transpalettes de Linde Material Handling sont con\u00e7us pour offrir efficacit\u00e9 et pr\u00e9cision dans la manutention horizontale des charges dans les entrep\u00f4ts, centres logistiques et sites industriels. Avec une capacit\u00e9 de charge allant jusqu\u2019\u00e0 3,3 tonnes, ils sont id\u00e9aux pour le transport rapide et s\u00e9curis\u00e9 des palettes sur de courtes et moyennes distances. Certains mod\u00e8les permettent des lev\u00e9es jusqu\u2019\u00e0 200 mm, facilitant les op\u00e9rations de chargement et de d\u00e9chargement.<\/span><span style=\"font-weight: 400;\"><br \/>\n<\/span><span style=\"font-weight: 400;\">Disponibles en versions manuelles et \u00e9lectriques, ils se distinguent par leur design compact qui garantit une excellente man\u0153uvrabilit\u00e9 m\u00eame dans des all\u00e9es \u00e9troites. Les mod\u00e8les \u00e9lectriques disposent de moteurs puissants et de syst\u00e8mes de freinage r\u00e9g\u00e9n\u00e9ratif, assurant des performances efficaces et une \u00e9conomie d\u2019\u00e9nergie. De plus, les transpalettes Linde sont dot\u00e9s de poign\u00e9es ergonomiques et de commandes intuitives, r\u00e9duisant l\u2019effort de l\u2019op\u00e9rateur et augmentant la productivit\u00e9. Avec des composants n\u00e9cessitant peu d\u2019entretien et une construction robuste, ils constituent une solution fiable et \u00e9conomique pour optimiser les flux de travail.<\/span><\/p>\n","protected":false},"featured_media":3812,"comment_status":"open","ping_status":"closed","template":"","meta":{"_acf_changed":false},"product_brand":[],"product_cat":[458],"product_tag":[],"class_list":{"0":"post-4083","1":"product","2":"type-product","3":"status-publish","4":"has-post-thumbnail","6":"product_cat-sem-categoria-fr","7":"setores-manutention","8":"setores-petrole-et-gaz","9":"marcas-linde","10":"tipo_produto-transpalettes","12":"first","13":"instock","14":"shipping-taxable","15":"product-type-simple"},"acf":[],"yoast_head":"<!-- This site is optimized with the Yoast SEO plugin v25.2 - https:\/\/yoast.com\/wordpress\/plugins\/seo\/ -->\n<title>Transpalettes Linde - Trevotech Group<\/title>\n<meta name=\"description\" content=\"Les transpalettes de Linde Material Handling sont con\u00e7us pour offrir efficacit\u00e9 et pr\u00e9cision dans la manutention horizontale des charges dans...\" \/>\n<meta name=\"robots\" content=\"index, follow, max-snippet:-1, max-image-preview:large, max-video-preview:-1\" \/>\n<link rel=\"canonical\" href=\"https:\/\/trevotech.com\/fr\/produto\/transpalettes\/\" \/>\n<meta property=\"og:locale\" content=\"fr_FR\" \/>\n<meta property=\"og:type\" content=\"article\" \/>\n<meta property=\"og:title\" content=\"Transpalettes Linde - Trevotech Group\" \/>\n<meta property=\"og:description\" content=\"Les transpalettes de Linde Material Handling sont con\u00e7us pour offrir efficacit\u00e9 et pr\u00e9cision dans la manutention horizontale des charges dans...\" \/>\n<meta property=\"og:url\" content=\"https:\/\/trevotech.com\/fr\/produto\/transpalettes\/\" \/>\n<meta property=\"og:site_name\" content=\"Trevotech Group\" \/>\n<meta property=\"article:modified_time\" content=\"2025-08-05T14:40:09+00:00\" \/>\n<meta property=\"og:image\" content=\"https:\/\/trevotech.com\/wp-content\/uploads\/2024\/10\/Linde_Porta-Paletes.webp\" \/>\n\t<meta property=\"og:image:width\" content=\"1000\" \/>\n\t<meta property=\"og:image:height\" content=\"1000\" \/>\n\t<meta property=\"og:image:type\" content=\"image\/webp\" \/>\n<meta name=\"twitter:card\" content=\"summary_large_image\" \/>\n<meta name=\"twitter:label1\" content=\"Dur\u00e9e de lecture estim\u00e9e\" \/>\n\t<meta name=\"twitter:data1\" content=\"2 minutes\" \/>\n<script type=\"application\/ld+json\" class=\"yoast-schema-graph\">{\"@context\":\"https:\/\/schema.org\",\"@graph\":[{\"@type\":\"WebPage\",\"@id\":\"https:\/\/trevotech.com\/fr\/produto\/transpalettes\/\",\"url\":\"https:\/\/trevotech.com\/fr\/produto\/transpalettes\/\",\"name\":\"Transpalettes Linde - Trevotech Group\",\"isPartOf\":{\"@id\":\"https:\/\/trevotech.com\/fr\/#website\"},\"primaryImageOfPage\":{\"@id\":\"https:\/\/trevotech.com\/fr\/produto\/transpalettes\/#primaryimage\"},\"image\":{\"@id\":\"https:\/\/trevotech.com\/fr\/produto\/transpalettes\/#primaryimage\"},\"thumbnailUrl\":\"https:\/\/trevotech.com\/wp-content\/uploads\/2024\/10\/Linde_Porta-Paletes.webp\",\"datePublished\":\"2024-11-11T11:39:09+00:00\",\"dateModified\":\"2025-08-05T14:40:09+00:00\",\"description\":\"Les transpalettes de Linde Material Handling sont con\u00e7us pour offrir efficacit\u00e9 et pr\u00e9cision dans la manutention horizontale des charges dans...\",\"breadcrumb\":{\"@id\":\"https:\/\/trevotech.com\/fr\/produto\/transpalettes\/#breadcrumb\"},\"inLanguage\":\"fr-FR\",\"potentialAction\":[{\"@type\":\"ReadAction\",\"target\":[\"https:\/\/trevotech.com\/fr\/produto\/transpalettes\/\"]}]},{\"@type\":\"ImageObject\",\"inLanguage\":\"fr-FR\",\"@id\":\"https:\/\/trevotech.com\/fr\/produto\/transpalettes\/#primaryimage\",\"url\":\"https:\/\/trevotech.com\/wp-content\/uploads\/2024\/10\/Linde_Porta-Paletes.webp\",\"contentUrl\":\"https:\/\/trevotech.com\/wp-content\/uploads\/2024\/10\/Linde_Porta-Paletes.webp\",\"width\":1000,\"height\":1000,\"caption\":\"Porta Paletes\"},{\"@type\":\"BreadcrumbList\",\"@id\":\"https:\/\/trevotech.com\/fr\/produto\/transpalettes\/#breadcrumb\",\"itemListElement\":[{\"@type\":\"ListItem\",\"position\":1,\"name\":\"In\u00edcio\",\"item\":\"https:\/\/trevotech.com\/fr\/\"},{\"@type\":\"ListItem\",\"position\":2,\"name\":\"Produits\",\"item\":\"https:\/\/trevotech.com\/fr\/shop\/\"},{\"@type\":\"ListItem\",\"position\":3,\"name\":\"Transpalettes\"}]},{\"@type\":\"WebSite\",\"@id\":\"https:\/\/trevotech.com\/fr\/#website\",\"url\":\"https:\/\/trevotech.com\/fr\/\",\"name\":\"Trevotech Group\",\"description\":\"\",\"potentialAction\":[{\"@type\":\"SearchAction\",\"target\":{\"@type\":\"EntryPoint\",\"urlTemplate\":\"https:\/\/trevotech.com\/fr\/?s={search_term_string}\"},\"query-input\":{\"@type\":\"PropertyValueSpecification\",\"valueRequired\":true,\"valueName\":\"search_term_string\"}}],\"inLanguage\":\"fr-FR\"}]}<\/script>\n<!-- \/ Yoast SEO plugin. -->","yoast_head_json":{"title":"Transpalettes Linde - Trevotech Group","description":"Les transpalettes de Linde Material Handling sont con\u00e7us pour offrir efficacit\u00e9 et pr\u00e9cision dans la manutention horizontale des charges dans...","robots":{"index":"index","follow":"follow","max-snippet":"max-snippet:-1","max-image-preview":"max-image-preview:large","max-video-preview":"max-video-preview:-1"},"canonical":"https:\/\/trevotech.com\/fr\/produto\/transpalettes\/","og_locale":"fr_FR","og_type":"article","og_title":"Transpalettes Linde - Trevotech Group","og_description":"Les transpalettes de Linde Material Handling sont con\u00e7us pour offrir efficacit\u00e9 et pr\u00e9cision dans la manutention horizontale des charges dans...","og_url":"https:\/\/trevotech.com\/fr\/produto\/transpalettes\/","og_site_name":"Trevotech Group","article_modified_time":"2025-08-05T14:40:09+00:00","og_image":[{"width":1000,"height":1000,"url":"https:\/\/trevotech.com\/wp-content\/uploads\/2024\/10\/Linde_Porta-Paletes.webp","type":"image\/webp"}],"twitter_card":"summary_large_image","twitter_misc":{"Dur\u00e9e de lecture estim\u00e9e":"2 minutes"},"schema":{"@context":"https:\/\/schema.org","@graph":[{"@type":"WebPage","@id":"https:\/\/trevotech.com\/fr\/produto\/transpalettes\/","url":"https:\/\/trevotech.com\/fr\/produto\/transpalettes\/","name":"Transpalettes Linde - Trevotech Group","isPartOf":{"@id":"https:\/\/trevotech.com\/fr\/#website"},"primaryImageOfPage":{"@id":"https:\/\/trevotech.com\/fr\/produto\/transpalettes\/#primaryimage"},"image":{"@id":"https:\/\/trevotech.com\/fr\/produto\/transpalettes\/#primaryimage"},"thumbnailUrl":"https:\/\/trevotech.com\/wp-content\/uploads\/2024\/10\/Linde_Porta-Paletes.webp","datePublished":"2024-11-11T11:39:09+00:00","dateModified":"2025-08-05T14:40:09+00:00","description":"Les transpalettes de Linde Material Handling sont con\u00e7us pour offrir efficacit\u00e9 et pr\u00e9cision dans la manutention horizontale des charges dans...","breadcrumb":{"@id":"https:\/\/trevotech.com\/fr\/produto\/transpalettes\/#breadcrumb"},"inLanguage":"fr-FR","potentialAction":[{"@type":"ReadAction","target":["https:\/\/trevotech.com\/fr\/produto\/transpalettes\/"]}]},{"@type":"ImageObject","inLanguage":"fr-FR","@id":"https:\/\/trevotech.com\/fr\/produto\/transpalettes\/#primaryimage","url":"https:\/\/trevotech.com\/wp-content\/uploads\/2024\/10\/Linde_Porta-Paletes.webp","contentUrl":"https:\/\/trevotech.com\/wp-content\/uploads\/2024\/10\/Linde_Porta-Paletes.webp","width":1000,"height":1000,"caption":"Porta Paletes"},{"@type":"BreadcrumbList","@id":"https:\/\/trevotech.com\/fr\/produto\/transpalettes\/#breadcrumb","itemListElement":[{"@type":"ListItem","position":1,"name":"In\u00edcio","item":"https:\/\/trevotech.com\/fr\/"},{"@type":"ListItem","position":2,"name":"Produits","item":"https:\/\/trevotech.com\/fr\/shop\/"},{"@type":"ListItem","position":3,"name":"Transpalettes"}]},{"@type":"WebSite","@id":"https:\/\/trevotech.com\/fr\/#website","url":"https:\/\/trevotech.com\/fr\/","name":"Trevotech Group","description":"","potentialAction":[{"@type":"SearchAction","target":{"@type":"EntryPoint","urlTemplate":"https:\/\/trevotech.com\/fr\/?s={search_term_string}"},"query-input":{"@type":"PropertyValueSpecification","valueRequired":true,"valueName":"search_term_string"}}],"inLanguage":"fr-FR"}]}},"_links":{"self":[{"href":"https:\/\/trevotech.com\/fr\/wp-json\/wp\/v2\/product\/4083","targetHints":{"allow":["GET"]}}],"collection":[{"href":"https:\/\/trevotech.com\/fr\/wp-json\/wp\/v2\/product"}],"about":[{"href":"https:\/\/trevotech.com\/fr\/wp-json\/wp\/v2\/types\/product"}],"replies":[{"embeddable":true,"href":"https:\/\/trevotech.com\/fr\/wp-json\/wp\/v2\/comments?post=4083"}],"wp:featuredmedia":[{"embeddable":true,"href":"https:\/\/trevotech.com\/fr\/wp-json\/wp\/v2\/media\/3812"}],"wp:attachment":[{"href":"https:\/\/trevotech.com\/fr\/wp-json\/wp\/v2\/media?parent=4083"}],"wp:term":[{"taxonomy":"product_brand","embeddable":true,"href":"https:\/\/trevotech.com\/fr\/wp-json\/wp\/v2\/product_brand?post=4083"},{"taxonomy":"product_cat","embeddable":true,"href":"https:\/\/trevotech.com\/fr\/wp-json\/wp\/v2\/product_cat?post=4083"},{"taxonomy":"product_tag","embeddable":true,"href":"https:\/\/trevotech.com\/fr\/wp-json\/wp\/v2\/product_tag?post=4083"}],"curies":[{"name":"wp","href":"https:\/\/api.w.org\/{rel}","templated":true}]}}