{"id":4084,"date":"2024-11-11T11:35:49","date_gmt":"2024-11-11T11:35:49","guid":{"rendered":"https:\/\/trevotech.com\/produto\/very-narrow-aisle-truck\/"},"modified":"2025-08-05T14:43:21","modified_gmt":"2025-08-05T14:43:21","slug":"chariots-pour-allees-tres-etroites","status":"publish","type":"product","link":"https:\/\/trevotech.com\/fr\/produto\/chariots-pour-allees-tres-etroites\/","title":{"rendered":"Chariots Pour All\u00e9es Tr\u00e8s \u00c9troites"},"content":{"rendered":"<p><span style=\"font-weight: 400;\">Les chariots pour all\u00e9es tr\u00e8s \u00e9troites (VNA) de Linde Material Handling sont con\u00e7us pour optimiser l\u2019utilisation de l\u2019espace et l\u2019efficacit\u00e9 dans les entrep\u00f4ts \u00e0 haute densit\u00e9 avec des all\u00e9es \u00e9troites. Avec des capacit\u00e9s de levage allant jusqu\u2019\u00e0 1,5 tonne et des m\u00e2ts atteignant 18 m\u00e8tres de hauteur, ces \u00e9quipements sont id\u00e9aux pour maximiser le stockage vertical, m\u00eame dans les espaces les plus confin\u00e9s.<\/span><span style=\"font-weight: 400;\"><br \/>\n<\/span><span style=\"font-weight: 400;\">\u00c9quip\u00e9s de syst\u00e8mes de guidage avanc\u00e9s, comme le guidage par rail ou par fil, ils assurent une navigation pr\u00e9cise et s\u00e9curis\u00e9e dans les all\u00e9es \u00e9troites, r\u00e9duisant ainsi le risque de dommages aux marchandises et aux infrastructures. Les cabines ergonomiques offrent un grand confort \u00e0 l\u2019op\u00e9rateur, avec des commandes intuitives et une excellente visibilit\u00e9 pour un fonctionnement fluide. Dot\u00e9s de moteurs \u00e9lectriques \u00e9conomes en \u00e9nergie et de syst\u00e8mes intelligents de gestion de charge, les chariots VNA de Linde offrent des performances fiables, des temps d\u2019arr\u00eat r\u00e9duits et des co\u00fbts d\u2019exploitation plus bas \u2013 la solution id\u00e9ale pour les environnements logistiques modernes soucieux de l\u2019espace.<\/span><\/p>\n<p><span style=\"font-weight: 400;\">Les chariots pour all\u00e9es tr\u00e8s \u00e9troites (VNA) de Linde Material Handling sont con\u00e7us pour optimiser l\u2019utilisation de l\u2019espace et l\u2019efficacit\u00e9 dans les entrep\u00f4ts \u00e0 haute densit\u00e9 avec des all\u00e9es \u00e9troites. Avec des capacit\u00e9s de levage allant jusqu\u2019\u00e0 1,5 tonne et des m\u00e2ts atteignant 18 m\u00e8tres de hauteur, ces \u00e9quipements sont id\u00e9aux pour maximiser le stockage vertical, m\u00eame dans les espaces les plus confin\u00e9s.<\/span><span style=\"font-weight: 400;\"><br \/>\n<\/span><span style=\"font-weight: 400;\">\u00c9quip\u00e9s de syst\u00e8mes de guidage avanc\u00e9s, comme le guidage par rail ou par fil, ils assurent une navigation pr\u00e9cise et s\u00e9curis\u00e9e dans les all\u00e9es \u00e9troites, r\u00e9duisant ainsi le risque de dommages aux marchandises et aux infrastructures. Les cabines ergonomiques offrent un grand confort \u00e0 l\u2019op\u00e9rateur, avec des commandes intuitives et une excellente visibilit\u00e9 pour un fonctionnement fluide. Dot\u00e9s de moteurs \u00e9lectriques \u00e9conomes en \u00e9nergie et de syst\u00e8mes intelligents de gestion de charge, les chariots VNA de Linde offrent des performances fiables, des temps d\u2019arr\u00eat r\u00e9duits et des co\u00fbts d\u2019exploitation plus bas \u2013 la solution id\u00e9ale pour les environnements logistiques modernes soucieux de l\u2019espace.<\/span><\/p>\n","protected":false},"excerpt":{"rendered":"<p><span style=\"font-weight: 400;\">Les chariots pour all\u00e9es tr\u00e8s \u00e9troites (VNA) de Linde Material Handling sont con\u00e7us pour optimiser l\u2019utilisation de l\u2019espace et l\u2019efficacit\u00e9 dans les entrep\u00f4ts \u00e0 haute densit\u00e9 avec des all\u00e9es \u00e9troites. Avec des capacit\u00e9s de levage allant jusqu\u2019\u00e0 1,5 tonne et des m\u00e2ts atteignant 18 m\u00e8tres de hauteur, ces \u00e9quipements sont id\u00e9aux pour maximiser le stockage vertical, m\u00eame dans les espaces les plus confin\u00e9s.<\/span><span style=\"font-weight: 400;\"><br \/>\n<\/span><span style=\"font-weight: 400;\">\u00c9quip\u00e9s de syst\u00e8mes de guidage avanc\u00e9s, comme le guidage par rail ou par fil, ils assurent une navigation pr\u00e9cise et s\u00e9curis\u00e9e dans les all\u00e9es \u00e9troites, r\u00e9duisant ainsi le risque de dommages aux marchandises et aux infrastructures. Les cabines ergonomiques offrent un grand confort \u00e0 l\u2019op\u00e9rateur, avec des commandes intuitives et une excellente visibilit\u00e9 pour un fonctionnement fluide. Dot\u00e9s de moteurs \u00e9lectriques \u00e9conomes en \u00e9nergie et de syst\u00e8mes intelligents de gestion de charge, les chariots VNA de Linde offrent des performances fiables, des temps d\u2019arr\u00eat r\u00e9duits et des co\u00fbts d\u2019exploitation plus bas \u2013 la solution id\u00e9ale pour les environnements logistiques modernes soucieux de l\u2019espace.<\/span><\/p>\n","protected":false},"featured_media":3814,"comment_status":"open","ping_status":"closed","template":"","meta":{"_acf_changed":false},"product_brand":[],"product_cat":[458],"product_tag":[],"class_list":{"0":"post-4084","1":"product","2":"type-product","3":"status-publish","4":"has-post-thumbnail","6":"product_cat-sem-categoria-fr","7":"setores-manutention","8":"setores-petrole-et-gaz","9":"marcas-linde","10":"tipo_produto-chariots-pour-allees-tres-etroites","12":"first","13":"instock","14":"shipping-taxable","15":"product-type-simple"},"acf":[],"yoast_head":"<!-- This site is optimized with the Yoast SEO plugin v25.2 - https:\/\/yoast.com\/wordpress\/plugins\/seo\/ -->\n<title>Chariots Pour All\u00e9es Tr\u00e8s \u00c9troites Linde - Trevotech Group<\/title>\n<meta name=\"description\" content=\"Les chariots pour all\u00e9es tr\u00e8s \u00e9troites (VNA) de Linde Material Handling sont con\u00e7us pour optimiser l\u2019utilisation de l\u2019espace et l\u2019efficacit\u00e9 dans...\" \/>\n<meta name=\"robots\" content=\"index, follow, max-snippet:-1, max-image-preview:large, max-video-preview:-1\" \/>\n<link rel=\"canonical\" href=\"https:\/\/trevotech.com\/fr\/produto\/chariots-pour-allees-tres-etroites\/\" \/>\n<meta property=\"og:locale\" content=\"fr_FR\" \/>\n<meta property=\"og:type\" content=\"article\" \/>\n<meta property=\"og:title\" content=\"Chariots Pour All\u00e9es Tr\u00e8s \u00c9troites Linde - Trevotech Group\" \/>\n<meta property=\"og:description\" content=\"Les chariots pour all\u00e9es tr\u00e8s \u00e9troites (VNA) de Linde Material Handling sont con\u00e7us pour optimiser l\u2019utilisation de l\u2019espace et l\u2019efficacit\u00e9 dans...\" \/>\n<meta property=\"og:url\" content=\"https:\/\/trevotech.com\/fr\/produto\/chariots-pour-allees-tres-etroites\/\" \/>\n<meta property=\"og:site_name\" content=\"Trevotech Group\" \/>\n<meta property=\"article:modified_time\" content=\"2025-08-05T14:43:21+00:00\" \/>\n<meta property=\"og:image\" content=\"https:\/\/trevotech.com\/wp-content\/uploads\/2024\/10\/Linde_Plataformas-de-Grande-Elevacao.webp\" \/>\n\t<meta property=\"og:image:width\" content=\"1000\" \/>\n\t<meta property=\"og:image:height\" content=\"1000\" \/>\n\t<meta property=\"og:image:type\" content=\"image\/webp\" \/>\n<meta name=\"twitter:card\" content=\"summary_large_image\" \/>\n<meta name=\"twitter:label1\" content=\"Dur\u00e9e de lecture estim\u00e9e\" \/>\n\t<meta name=\"twitter:data1\" content=\"3 minutes\" \/>\n<script type=\"application\/ld+json\" class=\"yoast-schema-graph\">{\"@context\":\"https:\/\/schema.org\",\"@graph\":[{\"@type\":\"WebPage\",\"@id\":\"https:\/\/trevotech.com\/fr\/produto\/chariots-pour-allees-tres-etroites\/\",\"url\":\"https:\/\/trevotech.com\/fr\/produto\/chariots-pour-allees-tres-etroites\/\",\"name\":\"Chariots Pour All\u00e9es Tr\u00e8s \u00c9troites Linde - Trevotech Group\",\"isPartOf\":{\"@id\":\"https:\/\/trevotech.com\/fr\/#website\"},\"primaryImageOfPage\":{\"@id\":\"https:\/\/trevotech.com\/fr\/produto\/chariots-pour-allees-tres-etroites\/#primaryimage\"},\"image\":{\"@id\":\"https:\/\/trevotech.com\/fr\/produto\/chariots-pour-allees-tres-etroites\/#primaryimage\"},\"thumbnailUrl\":\"https:\/\/trevotech.com\/wp-content\/uploads\/2024\/10\/Linde_Plataformas-de-Grande-Elevacao.webp\",\"datePublished\":\"2024-11-11T11:35:49+00:00\",\"dateModified\":\"2025-08-05T14:43:21+00:00\",\"description\":\"Les chariots pour all\u00e9es tr\u00e8s \u00e9troites (VNA) de Linde Material Handling sont con\u00e7us pour optimiser l\u2019utilisation de l\u2019espace et l\u2019efficacit\u00e9 dans...\",\"breadcrumb\":{\"@id\":\"https:\/\/trevotech.com\/fr\/produto\/chariots-pour-allees-tres-etroites\/#breadcrumb\"},\"inLanguage\":\"fr-FR\",\"potentialAction\":[{\"@type\":\"ReadAction\",\"target\":[\"https:\/\/trevotech.com\/fr\/produto\/chariots-pour-allees-tres-etroites\/\"]}]},{\"@type\":\"ImageObject\",\"inLanguage\":\"fr-FR\",\"@id\":\"https:\/\/trevotech.com\/fr\/produto\/chariots-pour-allees-tres-etroites\/#primaryimage\",\"url\":\"https:\/\/trevotech.com\/wp-content\/uploads\/2024\/10\/Linde_Plataformas-de-Grande-Elevacao.webp\",\"contentUrl\":\"https:\/\/trevotech.com\/wp-content\/uploads\/2024\/10\/Linde_Plataformas-de-Grande-Elevacao.webp\",\"width\":1000,\"height\":1000,\"caption\":\"Plataformas de Grande Eleva\u00e7\u00e3o\"},{\"@type\":\"BreadcrumbList\",\"@id\":\"https:\/\/trevotech.com\/fr\/produto\/chariots-pour-allees-tres-etroites\/#breadcrumb\",\"itemListElement\":[{\"@type\":\"ListItem\",\"position\":1,\"name\":\"In\u00edcio\",\"item\":\"https:\/\/trevotech.com\/fr\/\"},{\"@type\":\"ListItem\",\"position\":2,\"name\":\"Produits\",\"item\":\"https:\/\/trevotech.com\/fr\/shop\/\"},{\"@type\":\"ListItem\",\"position\":3,\"name\":\"Chariots Pour All\u00e9es Tr\u00e8s \u00c9troites\"}]},{\"@type\":\"WebSite\",\"@id\":\"https:\/\/trevotech.com\/fr\/#website\",\"url\":\"https:\/\/trevotech.com\/fr\/\",\"name\":\"Trevotech Group\",\"description\":\"\",\"potentialAction\":[{\"@type\":\"SearchAction\",\"target\":{\"@type\":\"EntryPoint\",\"urlTemplate\":\"https:\/\/trevotech.com\/fr\/?s={search_term_string}\"},\"query-input\":{\"@type\":\"PropertyValueSpecification\",\"valueRequired\":true,\"valueName\":\"search_term_string\"}}],\"inLanguage\":\"fr-FR\"}]}<\/script>\n<!-- \/ Yoast SEO plugin. -->","yoast_head_json":{"title":"Chariots Pour All\u00e9es Tr\u00e8s \u00c9troites Linde - Trevotech Group","description":"Les chariots pour all\u00e9es tr\u00e8s \u00e9troites (VNA) de Linde Material Handling sont con\u00e7us pour optimiser l\u2019utilisation de l\u2019espace et l\u2019efficacit\u00e9 dans...","robots":{"index":"index","follow":"follow","max-snippet":"max-snippet:-1","max-image-preview":"max-image-preview:large","max-video-preview":"max-video-preview:-1"},"canonical":"https:\/\/trevotech.com\/fr\/produto\/chariots-pour-allees-tres-etroites\/","og_locale":"fr_FR","og_type":"article","og_title":"Chariots Pour All\u00e9es Tr\u00e8s \u00c9troites Linde - Trevotech Group","og_description":"Les chariots pour all\u00e9es tr\u00e8s \u00e9troites (VNA) de Linde Material Handling sont con\u00e7us pour optimiser l\u2019utilisation de l\u2019espace et l\u2019efficacit\u00e9 dans...","og_url":"https:\/\/trevotech.com\/fr\/produto\/chariots-pour-allees-tres-etroites\/","og_site_name":"Trevotech Group","article_modified_time":"2025-08-05T14:43:21+00:00","og_image":[{"width":1000,"height":1000,"url":"https:\/\/trevotech.com\/wp-content\/uploads\/2024\/10\/Linde_Plataformas-de-Grande-Elevacao.webp","type":"image\/webp"}],"twitter_card":"summary_large_image","twitter_misc":{"Dur\u00e9e de lecture estim\u00e9e":"3 minutes"},"schema":{"@context":"https:\/\/schema.org","@graph":[{"@type":"WebPage","@id":"https:\/\/trevotech.com\/fr\/produto\/chariots-pour-allees-tres-etroites\/","url":"https:\/\/trevotech.com\/fr\/produto\/chariots-pour-allees-tres-etroites\/","name":"Chariots Pour All\u00e9es Tr\u00e8s \u00c9troites Linde - Trevotech Group","isPartOf":{"@id":"https:\/\/trevotech.com\/fr\/#website"},"primaryImageOfPage":{"@id":"https:\/\/trevotech.com\/fr\/produto\/chariots-pour-allees-tres-etroites\/#primaryimage"},"image":{"@id":"https:\/\/trevotech.com\/fr\/produto\/chariots-pour-allees-tres-etroites\/#primaryimage"},"thumbnailUrl":"https:\/\/trevotech.com\/wp-content\/uploads\/2024\/10\/Linde_Plataformas-de-Grande-Elevacao.webp","datePublished":"2024-11-11T11:35:49+00:00","dateModified":"2025-08-05T14:43:21+00:00","description":"Les chariots pour all\u00e9es tr\u00e8s \u00e9troites (VNA) de Linde Material Handling sont con\u00e7us pour optimiser l\u2019utilisation de l\u2019espace et l\u2019efficacit\u00e9 dans...","breadcrumb":{"@id":"https:\/\/trevotech.com\/fr\/produto\/chariots-pour-allees-tres-etroites\/#breadcrumb"},"inLanguage":"fr-FR","potentialAction":[{"@type":"ReadAction","target":["https:\/\/trevotech.com\/fr\/produto\/chariots-pour-allees-tres-etroites\/"]}]},{"@type":"ImageObject","inLanguage":"fr-FR","@id":"https:\/\/trevotech.com\/fr\/produto\/chariots-pour-allees-tres-etroites\/#primaryimage","url":"https:\/\/trevotech.com\/wp-content\/uploads\/2024\/10\/Linde_Plataformas-de-Grande-Elevacao.webp","contentUrl":"https:\/\/trevotech.com\/wp-content\/uploads\/2024\/10\/Linde_Plataformas-de-Grande-Elevacao.webp","width":1000,"height":1000,"caption":"Plataformas de Grande Eleva\u00e7\u00e3o"},{"@type":"BreadcrumbList","@id":"https:\/\/trevotech.com\/fr\/produto\/chariots-pour-allees-tres-etroites\/#breadcrumb","itemListElement":[{"@type":"ListItem","position":1,"name":"In\u00edcio","item":"https:\/\/trevotech.com\/fr\/"},{"@type":"ListItem","position":2,"name":"Produits","item":"https:\/\/trevotech.com\/fr\/shop\/"},{"@type":"ListItem","position":3,"name":"Chariots Pour All\u00e9es Tr\u00e8s \u00c9troites"}]},{"@type":"WebSite","@id":"https:\/\/trevotech.com\/fr\/#website","url":"https:\/\/trevotech.com\/fr\/","name":"Trevotech Group","description":"","potentialAction":[{"@type":"SearchAction","target":{"@type":"EntryPoint","urlTemplate":"https:\/\/trevotech.com\/fr\/?s={search_term_string}"},"query-input":{"@type":"PropertyValueSpecification","valueRequired":true,"valueName":"search_term_string"}}],"inLanguage":"fr-FR"}]}},"_links":{"self":[{"href":"https:\/\/trevotech.com\/fr\/wp-json\/wp\/v2\/product\/4084","targetHints":{"allow":["GET"]}}],"collection":[{"href":"https:\/\/trevotech.com\/fr\/wp-json\/wp\/v2\/product"}],"about":[{"href":"https:\/\/trevotech.com\/fr\/wp-json\/wp\/v2\/types\/product"}],"replies":[{"embeddable":true,"href":"https:\/\/trevotech.com\/fr\/wp-json\/wp\/v2\/comments?post=4084"}],"wp:featuredmedia":[{"embeddable":true,"href":"https:\/\/trevotech.com\/fr\/wp-json\/wp\/v2\/media\/3814"}],"wp:attachment":[{"href":"https:\/\/trevotech.com\/fr\/wp-json\/wp\/v2\/media?parent=4084"}],"wp:term":[{"taxonomy":"product_brand","embeddable":true,"href":"https:\/\/trevotech.com\/fr\/wp-json\/wp\/v2\/product_brand?post=4084"},{"taxonomy":"product_cat","embeddable":true,"href":"https:\/\/trevotech.com\/fr\/wp-json\/wp\/v2\/product_cat?post=4084"},{"taxonomy":"product_tag","embeddable":true,"href":"https:\/\/trevotech.com\/fr\/wp-json\/wp\/v2\/product_tag?post=4084"}],"curies":[{"name":"wp","href":"https:\/\/api.w.org\/{rel}","templated":true}]}}